{"id":17459,"date":"2024-10-23T14:05:19","date_gmt":"2024-10-23T12:05:19","guid":{"rendered":"https:\/\/emasweden.com\/produkt\/spand-til-kernekabel-300-mm-s40\/"},"modified":"2025-12-05T14:25:27","modified_gmt":"2025-12-05T13:25:27","slug":"spand-til-kernekabel-300-mm-s40","status":"publish","type":"product","link":"https:\/\/emasweden.com\/da\/produkt\/spand-til-kernekabel-300-mm-s40\/","title":{"rendered":"Kabelskovl &#8211; 300 mm &#8211; S40"},"content":{"rendered":"<p><sup>Kabelskovl 300 mm &#8211; S40<\/sup><br \/>\n&#8211; Optimalt design for effektivt materialeflow<br \/>\n&#8211; Designet til at forenkle arbejdet omkring og under kabler.<br \/>\n&#8211; Varieret sortiment med mange forskellige bredde- og designmuligheder<br \/>\n&#8211; Sk\u00e6rer i HB 500-materiale = Lang levetid<br \/>\n&#8211; Feje-, bund- og slidbeskyttelse i HB450-materiale<br \/>\n= Lang levetid<\/p>\n<p>LANGLEVIGHED MED DET RIGTIGE MATERIALE<br \/>\nProdukternes slidstyrke er en vigtig n\u00f8glefaktor for opl\u00f8seligheden. Derfor er EMA<br \/>\nCore bygget i materialer med en Brinell-h\u00e5rdhed p\u00e5 HB450.<\/p>\n<p>THE DISCOVERY DIFFERENCE<br \/>\nOplev forskellen med EMA Core kabelskovlen, der er designet til at forenkle dine opgaver og \u00f8ge produktiviteten. Med fokus p\u00e5 smidighed og ydeevne skiller EMA Core sig ud som det ultimative valg til at str\u00f8mline din hverdag og reducere driftsomkostningerne.<\/p>\n","protected":false},"excerpt":{"rendered":"<p>Kabelskovl 300 mm &#8211; S40 &#8211; Optimalt design for effektivt materialeflow &#8211; Designet til at forenkle arbejdet omkring og under kabler. &#8211; Varieret sortiment med mange forskellige bredde- og designmuligheder &#8211; Sk\u00e6rer i HB 500-materiale = Lang levetid &#8211; Feje-, bund- og slidbeskyttelse i HB450-materiale = Lang levetid LANGLEVIGHED MED DET RIGTIGE MATERIALE Produkternes slidstyrke [&hellip;]<\/p>\n","protected":false},"featured_media":17429,"template":"","meta":{"_monsterinsights_skip_tracking":false,"_monsterinsights_sitenote_active":false,"_monsterinsights_sitenote_note":"","_monsterinsights_sitenote_category":0},"product_brand":[],"product_cat":[3433],"product_tag":[3323],"faste-y":[],"class_list":{"0":"post-17459","1":"product","2":"type-product","3":"status-publish","4":"has-post-thumbnail","6":"product_cat-kabelskovl","7":"product_tag-kerne","8":"pa_max-bredd-300mm","9":"pa_vikt-69-kg","11":"first","12":"instock","13":"purchasable","14":"product-type-simple"},"yoast_head":"<!-- This site is optimized with the Yoast SEO plugin v27.3 - https:\/\/yoast.com\/product\/yoast-seo-wordpress\/ -->\n<title>Kabelskovl - 300 mm - S40 - EMA Sverige<\/title>\n<meta name=\"robots\" content=\"index, follow, max-snippet:-1, max-image-preview:large, max-video-preview:-1\" \/>\n<link rel=\"canonical\" href=\"https:\/\/emasweden.com\/da\/produkt\/spand-til-kernekabel-300-mm-s40\/\" \/>\n<meta property=\"og:locale\" content=\"da_DK\" \/>\n<meta property=\"og:type\" content=\"article\" \/>\n<meta property=\"og:title\" content=\"Kabelskovl - 300 mm - S40 - EMA Sverige\" \/>\n<meta property=\"og:description\" content=\"Kabelskovl 300 mm &#8211; S40 &#8211; Optimalt design for effektivt materialeflow &#8211; Designet til at forenkle arbejdet omkring og under kabler. &#8211; Varieret sortiment med mange forskellige bredde- og designmuligheder &#8211; Sk\u00e6rer i HB 500-materiale = Lang levetid &#8211; Feje-, bund- og slidbeskyttelse i HB450-materiale = Lang levetid LANGLEVIGHED MED DET RIGTIGE MATERIALE Produkternes slidstyrke [&hellip;]\" \/>\n<meta property=\"og:url\" content=\"https:\/\/emasweden.com\/da\/produkt\/spand-til-kernekabel-300-mm-s40\/\" \/>\n<meta property=\"og:site_name\" content=\"EMA Sverige\" \/>\n<meta property=\"article:modified_time\" content=\"2025-12-05T13:25:27+00:00\" \/>\n<meta property=\"og:image\" content=\"https:\/\/emasweden.com\/wp-content\/uploads\/2024\/10\/CABLE-BUCKET.54.jpg\" \/>\n\t<meta property=\"og:image:width\" content=\"1920\" \/>\n\t<meta property=\"og:image:height\" content=\"1470\" \/>\n\t<meta property=\"og:image:type\" content=\"image\/jpeg\" \/>\n<meta name=\"twitter:card\" content=\"summary_large_image\" \/>\n<meta name=\"twitter:label1\" content=\"Estimeret l\u00e6setid\" \/>\n\t<meta name=\"twitter:data1\" content=\"1 minut\" \/>\n<script type=\"application\/ld+json\" class=\"yoast-schema-graph\">{\"@context\":\"https:\\\/\\\/schema.org\",\"@graph\":[{\"@type\":\"WebPage\",\"@id\":\"https:\\\/\\\/emasweden.com\\\/da\\\/produkt\\\/spand-til-kernekabel-300-mm-s40\\\/\",\"url\":\"https:\\\/\\\/emasweden.com\\\/da\\\/produkt\\\/spand-til-kernekabel-300-mm-s40\\\/\",\"name\":\"Kabelskovl - 300 mm - S40 - EMA Sverige\",\"isPartOf\":{\"@id\":\"https:\\\/\\\/emasweden.com\\\/da\\\/#website\"},\"primaryImageOfPage\":{\"@id\":\"https:\\\/\\\/emasweden.com\\\/da\\\/produkt\\\/spand-til-kernekabel-300-mm-s40\\\/#primaryimage\"},\"image\":{\"@id\":\"https:\\\/\\\/emasweden.com\\\/da\\\/produkt\\\/spand-til-kernekabel-300-mm-s40\\\/#primaryimage\"},\"thumbnailUrl\":\"https:\\\/\\\/emasweden.com\\\/wp-content\\\/uploads\\\/2024\\\/10\\\/CABLE-BUCKET.54.jpg\",\"datePublished\":\"2024-10-23T12:05:19+00:00\",\"dateModified\":\"2025-12-05T13:25:27+00:00\",\"breadcrumb\":{\"@id\":\"https:\\\/\\\/emasweden.com\\\/da\\\/produkt\\\/spand-til-kernekabel-300-mm-s40\\\/#breadcrumb\"},\"inLanguage\":\"da-DK\",\"potentialAction\":[{\"@type\":\"ReadAction\",\"target\":[\"https:\\\/\\\/emasweden.com\\\/da\\\/produkt\\\/spand-til-kernekabel-300-mm-s40\\\/\"]}]},{\"@type\":\"ImageObject\",\"inLanguage\":\"da-DK\",\"@id\":\"https:\\\/\\\/emasweden.com\\\/da\\\/produkt\\\/spand-til-kernekabel-300-mm-s40\\\/#primaryimage\",\"url\":\"https:\\\/\\\/emasweden.com\\\/wp-content\\\/uploads\\\/2024\\\/10\\\/CABLE-BUCKET.54.jpg\",\"contentUrl\":\"https:\\\/\\\/emasweden.com\\\/wp-content\\\/uploads\\\/2024\\\/10\\\/CABLE-BUCKET.54.jpg\",\"width\":1920,\"height\":1470},{\"@type\":\"BreadcrumbList\",\"@id\":\"https:\\\/\\\/emasweden.com\\\/da\\\/produkt\\\/spand-til-kernekabel-300-mm-s40\\\/#breadcrumb\",\"itemListElement\":[{\"@type\":\"ListItem\",\"position\":1,\"name\":\"Hem\",\"item\":\"https:\\\/\\\/emasweden.com\\\/da\\\/\"},{\"@type\":\"ListItem\",\"position\":2,\"name\":\"Produktsortiment\",\"item\":\"https:\\\/\\\/emasweden.com\\\/da\\\/produktsortiment-2\\\/\"},{\"@type\":\"ListItem\",\"position\":3,\"name\":\"Kabelskovl &#8211; 300 mm &#8211; S40\"}]},{\"@type\":\"WebSite\",\"@id\":\"https:\\\/\\\/emasweden.com\\\/da\\\/#website\",\"url\":\"https:\\\/\\\/emasweden.com\\\/da\\\/\",\"name\":\"EMA Sverige\",\"description\":\"\",\"potentialAction\":[{\"@type\":\"SearchAction\",\"target\":{\"@type\":\"EntryPoint\",\"urlTemplate\":\"https:\\\/\\\/emasweden.com\\\/da\\\/?s={search_term_string}\"},\"query-input\":{\"@type\":\"PropertyValueSpecification\",\"valueRequired\":true,\"valueName\":\"search_term_string\"}}],\"inLanguage\":\"da-DK\"}]}<\/script>\n<!-- \/ Yoast SEO plugin. -->","yoast_head_json":{"title":"Kabelskovl - 300 mm - S40 - EMA Sverige","robots":{"index":"index","follow":"follow","max-snippet":"max-snippet:-1","max-image-preview":"max-image-preview:large","max-video-preview":"max-video-preview:-1"},"canonical":"https:\/\/emasweden.com\/da\/produkt\/spand-til-kernekabel-300-mm-s40\/","og_locale":"da_DK","og_type":"article","og_title":"Kabelskovl - 300 mm - S40 - EMA Sverige","og_description":"Kabelskovl 300 mm &#8211; S40 &#8211; Optimalt design for effektivt materialeflow &#8211; Designet til at forenkle arbejdet omkring og under kabler. &#8211; Varieret sortiment med mange forskellige bredde- og designmuligheder &#8211; Sk\u00e6rer i HB 500-materiale = Lang levetid &#8211; Feje-, bund- og slidbeskyttelse i HB450-materiale = Lang levetid LANGLEVIGHED MED DET RIGTIGE MATERIALE Produkternes slidstyrke [&hellip;]","og_url":"https:\/\/emasweden.com\/da\/produkt\/spand-til-kernekabel-300-mm-s40\/","og_site_name":"EMA Sverige","article_modified_time":"2025-12-05T13:25:27+00:00","og_image":[{"width":1920,"height":1470,"url":"https:\/\/emasweden.com\/wp-content\/uploads\/2024\/10\/CABLE-BUCKET.54.jpg","type":"image\/jpeg"}],"twitter_card":"summary_large_image","twitter_misc":{"Estimeret l\u00e6setid":"1 minut"},"schema":{"@context":"https:\/\/schema.org","@graph":[{"@type":"WebPage","@id":"https:\/\/emasweden.com\/da\/produkt\/spand-til-kernekabel-300-mm-s40\/","url":"https:\/\/emasweden.com\/da\/produkt\/spand-til-kernekabel-300-mm-s40\/","name":"Kabelskovl - 300 mm - S40 - EMA Sverige","isPartOf":{"@id":"https:\/\/emasweden.com\/da\/#website"},"primaryImageOfPage":{"@id":"https:\/\/emasweden.com\/da\/produkt\/spand-til-kernekabel-300-mm-s40\/#primaryimage"},"image":{"@id":"https:\/\/emasweden.com\/da\/produkt\/spand-til-kernekabel-300-mm-s40\/#primaryimage"},"thumbnailUrl":"https:\/\/emasweden.com\/wp-content\/uploads\/2024\/10\/CABLE-BUCKET.54.jpg","datePublished":"2024-10-23T12:05:19+00:00","dateModified":"2025-12-05T13:25:27+00:00","breadcrumb":{"@id":"https:\/\/emasweden.com\/da\/produkt\/spand-til-kernekabel-300-mm-s40\/#breadcrumb"},"inLanguage":"da-DK","potentialAction":[{"@type":"ReadAction","target":["https:\/\/emasweden.com\/da\/produkt\/spand-til-kernekabel-300-mm-s40\/"]}]},{"@type":"ImageObject","inLanguage":"da-DK","@id":"https:\/\/emasweden.com\/da\/produkt\/spand-til-kernekabel-300-mm-s40\/#primaryimage","url":"https:\/\/emasweden.com\/wp-content\/uploads\/2024\/10\/CABLE-BUCKET.54.jpg","contentUrl":"https:\/\/emasweden.com\/wp-content\/uploads\/2024\/10\/CABLE-BUCKET.54.jpg","width":1920,"height":1470},{"@type":"BreadcrumbList","@id":"https:\/\/emasweden.com\/da\/produkt\/spand-til-kernekabel-300-mm-s40\/#breadcrumb","itemListElement":[{"@type":"ListItem","position":1,"name":"Hem","item":"https:\/\/emasweden.com\/da\/"},{"@type":"ListItem","position":2,"name":"Produktsortiment","item":"https:\/\/emasweden.com\/da\/produktsortiment-2\/"},{"@type":"ListItem","position":3,"name":"Kabelskovl &#8211; 300 mm &#8211; S40"}]},{"@type":"WebSite","@id":"https:\/\/emasweden.com\/da\/#website","url":"https:\/\/emasweden.com\/da\/","name":"EMA Sverige","description":"","potentialAction":[{"@type":"SearchAction","target":{"@type":"EntryPoint","urlTemplate":"https:\/\/emasweden.com\/da\/?s={search_term_string}"},"query-input":{"@type":"PropertyValueSpecification","valueRequired":true,"valueName":"search_term_string"}}],"inLanguage":"da-DK"}]}},"_links":{"self":[{"href":"https:\/\/emasweden.com\/da\/wp-json\/wp\/v2\/product\/17459","targetHints":{"allow":["GET"]}}],"collection":[{"href":"https:\/\/emasweden.com\/da\/wp-json\/wp\/v2\/product"}],"about":[{"href":"https:\/\/emasweden.com\/da\/wp-json\/wp\/v2\/types\/product"}],"wp:featuredmedia":[{"embeddable":true,"href":"https:\/\/emasweden.com\/da\/wp-json\/wp\/v2\/media\/17429"}],"wp:attachment":[{"href":"https:\/\/emasweden.com\/da\/wp-json\/wp\/v2\/media?parent=17459"}],"wp:term":[{"taxonomy":"product_brand","embeddable":true,"href":"https:\/\/emasweden.com\/da\/wp-json\/wp\/v2\/product_brand?post=17459"},{"taxonomy":"product_cat","embeddable":true,"href":"https:\/\/emasweden.com\/da\/wp-json\/wp\/v2\/product_cat?post=17459"},{"taxonomy":"product_tag","embeddable":true,"href":"https:\/\/emasweden.com\/da\/wp-json\/wp\/v2\/product_tag?post=17459"},{"taxonomy":"faste-y","embeddable":true,"href":"https:\/\/emasweden.com\/da\/wp-json\/wp\/v2\/faste-y?post=17459"}],"curies":[{"name":"wp","href":"https:\/\/api.w.org\/{rel}","templated":true}]}}