{"id":17810,"date":"2021-03-16T11:15:32","date_gmt":"2021-03-16T10:15:32","guid":{"rendered":"https:\/\/emasweden.com\/produkt\/hd-va-skopa-850l-830mm-s80\/"},"modified":"2025-10-01T13:03:20","modified_gmt":"2025-10-01T11:03:20","slug":"hd-va-skopa-850l-830mm-s80","status":"publish","type":"product","link":"https:\/\/emasweden.com\/da\/produkt\/hd-va-skopa-850l-830mm-s80\/","title":{"rendered":"HD VA-Skopa 850L &#8211; 830mm &#8211; S80"},"content":{"rendered":"<p><sup>HD VA-Skopa 850L &#8211; 830mm &#8211; S80<\/sup><br \/>&#8211; Heavy duty (HD) er kraftv\u00e6rket i vores produktsortiment. Her er der ikke sparet p\u00e5<br \/>\nnoget som helst, n\u00e5r det g\u00e6lder materialer.  Dette kraftv\u00e6rk bruges mest af brugere, der<br \/>\nstiller meget h\u00f8je krav til deres produkter, og hvor de ofte arbejder i materialer og<br \/>\nmilj\u00f8er, der kr\u00e6ver det lille ekstra, n\u00e5r det g\u00e6lder holdbarhed.  <\/p>\n<p>&#8211; Robust design<br \/>\n<br \/>&#8211; Designet til kontinuerligt og kr\u00e6vende arbejde<br \/>\n<br \/>&#8211; Hardox\u00ae 450 i alle slidflader<br \/>\n<br \/>&#8211; CAT-dentalsystem<br \/>\n<br \/>&#8211; Bred ryg for nem og sikker afmontering &#8211; den brede ryg giver ogs\u00e5 bedre fastholdelse<\/p>\n","protected":false},"excerpt":{"rendered":"<p>HD VA-Skopa 850L &#8211; 830mm &#8211; S80&#8211; Heavy duty (HD) er kraftv\u00e6rket i vores produktsortiment. Her er der ikke sparet p\u00e5 noget som helst, n\u00e5r det g\u00e6lder materialer. Dette kraftv\u00e6rk bruges mest af brugere, der stiller meget h\u00f8je krav til deres produkter, og hvor de ofte arbejder i materialer og milj\u00f8er, der kr\u00e6ver det lille [&hellip;]<\/p>\n","protected":false},"featured_media":22716,"template":"","meta":{"_monsterinsights_skip_tracking":false,"_monsterinsights_sitenote_active":false,"_monsterinsights_sitenote_note":"","_monsterinsights_sitenote_category":0},"product_brand":[],"product_cat":[3599],"product_tag":[],"faste-y":[],"class_list":{"0":"post-17810","1":"product","2":"type-product","3":"status-publish","4":"has-post-thumbnail","6":"product_cat-va-skovl","7":"pa_max-bredd-830mm","8":"pa_skar-40x300mm","9":"pa_vikt-725-kg","11":"first","12":"instock","13":"purchasable","14":"product-type-simple"},"yoast_head":"<!-- This site is optimized with the Yoast SEO plugin v27.4 - https:\/\/yoast.com\/product\/yoast-seo-wordpress\/ -->\n<title>HD VA-Skopa 850L - 830mm - S80 - EMA Sverige<\/title>\n<meta name=\"description\" content=\"HD VA-Skopa 850L - 830mm - S80. Hardox\u00ae 450 i alle slidflader, designet til kontinuerligt og kr\u00e6vende arbejde.\" \/>\n<meta name=\"robots\" content=\"index, follow, max-snippet:-1, max-image-preview:large, max-video-preview:-1\" \/>\n<link rel=\"canonical\" href=\"https:\/\/emasweden.com\/da\/produkt\/hd-va-skopa-850l-830mm-s80\/\" \/>\n<meta property=\"og:locale\" content=\"da_DK\" \/>\n<meta property=\"og:type\" content=\"article\" \/>\n<meta property=\"og:title\" content=\"HD VA-Skopa 850L - 830mm - S80 - EMA Sverige\" \/>\n<meta property=\"og:description\" content=\"HD VA-Skopa 850L - 830mm - S80. Hardox\u00ae 450 i alle slidflader, designet til kontinuerligt og kr\u00e6vende arbejde.\" \/>\n<meta property=\"og:url\" content=\"https:\/\/emasweden.com\/da\/produkt\/hd-va-skopa-850l-830mm-s80\/\" \/>\n<meta property=\"og:site_name\" content=\"EMA Sverige\" \/>\n<meta property=\"article:modified_time\" content=\"2025-10-01T11:03:20+00:00\" \/>\n<meta property=\"og:image\" content=\"https:\/\/emasweden.com\/wp-content\/uploads\/2021\/03\/7298012_1.jpg\" \/>\n\t<meta property=\"og:image:width\" content=\"1000\" \/>\n\t<meta property=\"og:image:height\" content=\"750\" \/>\n\t<meta property=\"og:image:type\" content=\"image\/jpeg\" \/>\n<meta name=\"twitter:card\" content=\"summary_large_image\" \/>\n<meta name=\"twitter:label1\" content=\"Estimeret l\u00e6setid\" \/>\n\t<meta name=\"twitter:data1\" content=\"1 minut\" \/>\n<script type=\"application\/ld+json\" class=\"yoast-schema-graph\">{\"@context\":\"https:\\\/\\\/schema.org\",\"@graph\":[{\"@type\":\"WebPage\",\"@id\":\"https:\\\/\\\/emasweden.com\\\/da\\\/produkt\\\/hd-va-skopa-850l-830mm-s80\\\/\",\"url\":\"https:\\\/\\\/emasweden.com\\\/da\\\/produkt\\\/hd-va-skopa-850l-830mm-s80\\\/\",\"name\":\"HD VA-Skopa 850L - 830mm - S80 - EMA Sverige\",\"isPartOf\":{\"@id\":\"https:\\\/\\\/emasweden.com\\\/da\\\/#website\"},\"primaryImageOfPage\":{\"@id\":\"https:\\\/\\\/emasweden.com\\\/da\\\/produkt\\\/hd-va-skopa-850l-830mm-s80\\\/#primaryimage\"},\"image\":{\"@id\":\"https:\\\/\\\/emasweden.com\\\/da\\\/produkt\\\/hd-va-skopa-850l-830mm-s80\\\/#primaryimage\"},\"thumbnailUrl\":\"https:\\\/\\\/emasweden.com\\\/wp-content\\\/uploads\\\/2021\\\/03\\\/7298012_1.jpg\",\"datePublished\":\"2021-03-16T10:15:32+00:00\",\"dateModified\":\"2025-10-01T11:03:20+00:00\",\"description\":\"HD VA-Skopa 850L - 830mm - S80. Hardox\u00ae 450 i alle slidflader, designet til kontinuerligt og kr\u00e6vende arbejde.\",\"breadcrumb\":{\"@id\":\"https:\\\/\\\/emasweden.com\\\/da\\\/produkt\\\/hd-va-skopa-850l-830mm-s80\\\/#breadcrumb\"},\"inLanguage\":\"da-DK\",\"potentialAction\":[{\"@type\":\"ReadAction\",\"target\":[\"https:\\\/\\\/emasweden.com\\\/da\\\/produkt\\\/hd-va-skopa-850l-830mm-s80\\\/\"]}]},{\"@type\":\"ImageObject\",\"inLanguage\":\"da-DK\",\"@id\":\"https:\\\/\\\/emasweden.com\\\/da\\\/produkt\\\/hd-va-skopa-850l-830mm-s80\\\/#primaryimage\",\"url\":\"https:\\\/\\\/emasweden.com\\\/wp-content\\\/uploads\\\/2021\\\/03\\\/7298012_1.jpg\",\"contentUrl\":\"https:\\\/\\\/emasweden.com\\\/wp-content\\\/uploads\\\/2021\\\/03\\\/7298012_1.jpg\",\"width\":1000,\"height\":750,\"caption\":\"EMA HD VA-Skopa\"},{\"@type\":\"BreadcrumbList\",\"@id\":\"https:\\\/\\\/emasweden.com\\\/da\\\/produkt\\\/hd-va-skopa-850l-830mm-s80\\\/#breadcrumb\",\"itemListElement\":[{\"@type\":\"ListItem\",\"position\":1,\"name\":\"Hem\",\"item\":\"https:\\\/\\\/emasweden.com\\\/da\\\/\"},{\"@type\":\"ListItem\",\"position\":2,\"name\":\"Produktsortiment\",\"item\":\"https:\\\/\\\/emasweden.com\\\/da\\\/produktsortiment-2\\\/\"},{\"@type\":\"ListItem\",\"position\":3,\"name\":\"HD VA-Skopa 850L &#8211; 830mm &#8211; S80\"}]},{\"@type\":\"WebSite\",\"@id\":\"https:\\\/\\\/emasweden.com\\\/da\\\/#website\",\"url\":\"https:\\\/\\\/emasweden.com\\\/da\\\/\",\"name\":\"EMA Sverige\",\"description\":\"\",\"potentialAction\":[{\"@type\":\"SearchAction\",\"target\":{\"@type\":\"EntryPoint\",\"urlTemplate\":\"https:\\\/\\\/emasweden.com\\\/da\\\/?s={search_term_string}\"},\"query-input\":{\"@type\":\"PropertyValueSpecification\",\"valueRequired\":true,\"valueName\":\"search_term_string\"}}],\"inLanguage\":\"da-DK\"}]}<\/script>\n<!-- \/ Yoast SEO plugin. -->","yoast_head_json":{"title":"HD VA-Skopa 850L - 830mm - S80 - EMA Sverige","description":"HD VA-Skopa 850L - 830mm - S80. Hardox\u00ae 450 i alle slidflader, designet til kontinuerligt og kr\u00e6vende arbejde.","robots":{"index":"index","follow":"follow","max-snippet":"max-snippet:-1","max-image-preview":"max-image-preview:large","max-video-preview":"max-video-preview:-1"},"canonical":"https:\/\/emasweden.com\/da\/produkt\/hd-va-skopa-850l-830mm-s80\/","og_locale":"da_DK","og_type":"article","og_title":"HD VA-Skopa 850L - 830mm - S80 - EMA Sverige","og_description":"HD VA-Skopa 850L - 830mm - S80. Hardox\u00ae 450 i alle slidflader, designet til kontinuerligt og kr\u00e6vende arbejde.","og_url":"https:\/\/emasweden.com\/da\/produkt\/hd-va-skopa-850l-830mm-s80\/","og_site_name":"EMA Sverige","article_modified_time":"2025-10-01T11:03:20+00:00","og_image":[{"width":1000,"height":750,"url":"https:\/\/emasweden.com\/wp-content\/uploads\/2021\/03\/7298012_1.jpg","type":"image\/jpeg"}],"twitter_card":"summary_large_image","twitter_misc":{"Estimeret l\u00e6setid":"1 minut"},"schema":{"@context":"https:\/\/schema.org","@graph":[{"@type":"WebPage","@id":"https:\/\/emasweden.com\/da\/produkt\/hd-va-skopa-850l-830mm-s80\/","url":"https:\/\/emasweden.com\/da\/produkt\/hd-va-skopa-850l-830mm-s80\/","name":"HD VA-Skopa 850L - 830mm - S80 - EMA Sverige","isPartOf":{"@id":"https:\/\/emasweden.com\/da\/#website"},"primaryImageOfPage":{"@id":"https:\/\/emasweden.com\/da\/produkt\/hd-va-skopa-850l-830mm-s80\/#primaryimage"},"image":{"@id":"https:\/\/emasweden.com\/da\/produkt\/hd-va-skopa-850l-830mm-s80\/#primaryimage"},"thumbnailUrl":"https:\/\/emasweden.com\/wp-content\/uploads\/2021\/03\/7298012_1.jpg","datePublished":"2021-03-16T10:15:32+00:00","dateModified":"2025-10-01T11:03:20+00:00","description":"HD VA-Skopa 850L - 830mm - S80. Hardox\u00ae 450 i alle slidflader, designet til kontinuerligt og kr\u00e6vende arbejde.","breadcrumb":{"@id":"https:\/\/emasweden.com\/da\/produkt\/hd-va-skopa-850l-830mm-s80\/#breadcrumb"},"inLanguage":"da-DK","potentialAction":[{"@type":"ReadAction","target":["https:\/\/emasweden.com\/da\/produkt\/hd-va-skopa-850l-830mm-s80\/"]}]},{"@type":"ImageObject","inLanguage":"da-DK","@id":"https:\/\/emasweden.com\/da\/produkt\/hd-va-skopa-850l-830mm-s80\/#primaryimage","url":"https:\/\/emasweden.com\/wp-content\/uploads\/2021\/03\/7298012_1.jpg","contentUrl":"https:\/\/emasweden.com\/wp-content\/uploads\/2021\/03\/7298012_1.jpg","width":1000,"height":750,"caption":"EMA HD VA-Skopa"},{"@type":"BreadcrumbList","@id":"https:\/\/emasweden.com\/da\/produkt\/hd-va-skopa-850l-830mm-s80\/#breadcrumb","itemListElement":[{"@type":"ListItem","position":1,"name":"Hem","item":"https:\/\/emasweden.com\/da\/"},{"@type":"ListItem","position":2,"name":"Produktsortiment","item":"https:\/\/emasweden.com\/da\/produktsortiment-2\/"},{"@type":"ListItem","position":3,"name":"HD VA-Skopa 850L &#8211; 830mm &#8211; S80"}]},{"@type":"WebSite","@id":"https:\/\/emasweden.com\/da\/#website","url":"https:\/\/emasweden.com\/da\/","name":"EMA Sverige","description":"","potentialAction":[{"@type":"SearchAction","target":{"@type":"EntryPoint","urlTemplate":"https:\/\/emasweden.com\/da\/?s={search_term_string}"},"query-input":{"@type":"PropertyValueSpecification","valueRequired":true,"valueName":"search_term_string"}}],"inLanguage":"da-DK"}]}},"_links":{"self":[{"href":"https:\/\/emasweden.com\/da\/wp-json\/wp\/v2\/product\/17810","targetHints":{"allow":["GET"]}}],"collection":[{"href":"https:\/\/emasweden.com\/da\/wp-json\/wp\/v2\/product"}],"about":[{"href":"https:\/\/emasweden.com\/da\/wp-json\/wp\/v2\/types\/product"}],"wp:featuredmedia":[{"embeddable":true,"href":"https:\/\/emasweden.com\/da\/wp-json\/wp\/v2\/media\/22716"}],"wp:attachment":[{"href":"https:\/\/emasweden.com\/da\/wp-json\/wp\/v2\/media?parent=17810"}],"wp:term":[{"taxonomy":"product_brand","embeddable":true,"href":"https:\/\/emasweden.com\/da\/wp-json\/wp\/v2\/product_brand?post=17810"},{"taxonomy":"product_cat","embeddable":true,"href":"https:\/\/emasweden.com\/da\/wp-json\/wp\/v2\/product_cat?post=17810"},{"taxonomy":"product_tag","embeddable":true,"href":"https:\/\/emasweden.com\/da\/wp-json\/wp\/v2\/product_tag?post=17810"},{"taxonomy":"faste-y","embeddable":true,"href":"https:\/\/emasweden.com\/da\/wp-json\/wp\/v2\/faste-y?post=17810"}],"curies":[{"name":"wp","href":"https:\/\/api.w.org\/{rel}","templated":true}]}}