{"id":17894,"date":"2021-03-16T11:17:28","date_gmt":"2021-03-16T10:17:28","guid":{"rendered":"https:\/\/emasweden.com\/produkt\/dumper-mini-atv-mw-100-med-tippelad\/"},"modified":"2025-10-01T13:04:57","modified_gmt":"2025-10-01T11:04:57","slug":"dumper-mini-atv-mw-100-med-tippelad","status":"publish","type":"product","link":"https:\/\/emasweden.com\/da\/produkt\/dumper-mini-atv-mw-100-med-tippelad\/","title":{"rendered":"Dumper mini ATV MW-100 med tippelad"},"content":{"rendered":"<p><sup>Dumperanh\u00e6nger mini ATV MV-100 med tip<\/sup><\/p>\n<p>&#8211; Den fedeste ATV-anh\u00e6nger p\u00e5 markedet!<br \/>\nMeget robust konstruktion, kraftig boogie-affjedring, designet til h\u00e5rde<br \/>\nforhold.<\/p>\n<p>&#8211; Hydraulisk tip med dobbeltvirkende pumpe<\/p>\n<p>&#8211; Leddelt kuglekobling<\/p>\n<p>&#8211; H\u00f8j tipvinkel &#8211; MW100 53 grader MW120 48 grader<\/p>\n","protected":false},"excerpt":{"rendered":"<p>Dumperanh\u00e6nger mini ATV MV-100 med tip &#8211; Den fedeste ATV-anh\u00e6nger p\u00e5 markedet! Meget robust konstruktion, kraftig boogie-affjedring, designet til h\u00e5rde forhold. &#8211; Hydraulisk tip med dobbeltvirkende pumpe &#8211; Leddelt kuglekobling &#8211; H\u00f8j tipvinkel &#8211; MW100 53 grader MW120 48 grader<\/p>\n","protected":false},"featured_media":22888,"template":"","meta":{"_monsterinsights_skip_tracking":false,"_monsterinsights_sitenote_active":false,"_monsterinsights_sitenote_note":"","_monsterinsights_sitenote_category":0},"product_brand":[],"product_cat":[3597],"product_tag":[],"faste-y":[],"class_list":{"0":"post-17894","1":"product","2":"type-product","3":"status-publish","4":"has-post-thumbnail","6":"product_cat-trailer-hjulgraver","7":"pa_vikt-210-kg","9":"first","10":"instock","11":"taxable","12":"shipping-taxable","13":"purchasable","14":"product-type-simple"},"yoast_head":"<!-- This site is optimized with the Yoast SEO plugin v27.5 - https:\/\/yoast.com\/product\/yoast-seo-wordpress\/ -->\n<title>Dumper mini ATV MW-100 med tippelad - EMA Sverige<\/title>\n<meta name=\"description\" content=\"Dumper mini ATV med tippelad Hydraulisk tippelad med dobbeltvirkende pumpe, leddelt kuglekobling. - H\u00f8j tippevinkel - MW100 53 grader MW120 48 grader\" \/>\n<meta name=\"robots\" content=\"index, follow, max-snippet:-1, max-image-preview:large, max-video-preview:-1\" \/>\n<link rel=\"canonical\" href=\"https:\/\/emasweden.com\/da\/produkt\/dumper-mini-atv-mw-100-med-tippelad\/\" \/>\n<meta property=\"og:locale\" content=\"da_DK\" \/>\n<meta property=\"og:type\" content=\"article\" \/>\n<meta property=\"og:title\" content=\"Dumper mini ATV MW-100 med tippelad - EMA Sverige\" \/>\n<meta property=\"og:description\" content=\"Dumper mini ATV med tippelad Hydraulisk tippelad med dobbeltvirkende pumpe, leddelt kuglekobling. - H\u00f8j tippevinkel - MW100 53 grader MW120 48 grader\" \/>\n<meta property=\"og:url\" content=\"https:\/\/emasweden.com\/da\/produkt\/dumper-mini-atv-mw-100-med-tippelad\/\" \/>\n<meta property=\"og:site_name\" content=\"EMA Sverige\" \/>\n<meta property=\"article:modified_time\" content=\"2025-10-01T11:04:57+00:00\" \/>\n<meta property=\"og:image\" content=\"https:\/\/emasweden.com\/wp-content\/uploads\/2021\/03\/ATW-Trailer_a.jpg\" \/>\n\t<meta property=\"og:image:width\" content=\"1000\" \/>\n\t<meta property=\"og:image:height\" content=\"750\" \/>\n\t<meta property=\"og:image:type\" content=\"image\/jpeg\" \/>\n<meta name=\"twitter:card\" content=\"summary_large_image\" \/>\n<script type=\"application\/ld+json\" class=\"yoast-schema-graph\">{\"@context\":\"https:\\\/\\\/schema.org\",\"@graph\":[{\"@type\":\"WebPage\",\"@id\":\"https:\\\/\\\/emasweden.com\\\/da\\\/produkt\\\/dumper-mini-atv-mw-100-med-tippelad\\\/\",\"url\":\"https:\\\/\\\/emasweden.com\\\/da\\\/produkt\\\/dumper-mini-atv-mw-100-med-tippelad\\\/\",\"name\":\"Dumper mini ATV MW-100 med tippelad - EMA Sverige\",\"isPartOf\":{\"@id\":\"https:\\\/\\\/emasweden.com\\\/da\\\/#website\"},\"primaryImageOfPage\":{\"@id\":\"https:\\\/\\\/emasweden.com\\\/da\\\/produkt\\\/dumper-mini-atv-mw-100-med-tippelad\\\/#primaryimage\"},\"image\":{\"@id\":\"https:\\\/\\\/emasweden.com\\\/da\\\/produkt\\\/dumper-mini-atv-mw-100-med-tippelad\\\/#primaryimage\"},\"thumbnailUrl\":\"https:\\\/\\\/emasweden.com\\\/wp-content\\\/uploads\\\/2021\\\/03\\\/ATW-Trailer_a.jpg\",\"datePublished\":\"2021-03-16T10:17:28+00:00\",\"dateModified\":\"2025-10-01T11:04:57+00:00\",\"description\":\"Dumper mini ATV med tippelad Hydraulisk tippelad med dobbeltvirkende pumpe, leddelt kuglekobling. - H\u00f8j tippevinkel - MW100 53 grader MW120 48 grader\",\"breadcrumb\":{\"@id\":\"https:\\\/\\\/emasweden.com\\\/da\\\/produkt\\\/dumper-mini-atv-mw-100-med-tippelad\\\/#breadcrumb\"},\"inLanguage\":\"da-DK\",\"potentialAction\":[{\"@type\":\"ReadAction\",\"target\":[\"https:\\\/\\\/emasweden.com\\\/da\\\/produkt\\\/dumper-mini-atv-mw-100-med-tippelad\\\/\"]}]},{\"@type\":\"ImageObject\",\"inLanguage\":\"da-DK\",\"@id\":\"https:\\\/\\\/emasweden.com\\\/da\\\/produkt\\\/dumper-mini-atv-mw-100-med-tippelad\\\/#primaryimage\",\"url\":\"https:\\\/\\\/emasweden.com\\\/wp-content\\\/uploads\\\/2021\\\/03\\\/ATW-Trailer_a.jpg\",\"contentUrl\":\"https:\\\/\\\/emasweden.com\\\/wp-content\\\/uploads\\\/2021\\\/03\\\/ATW-Trailer_a.jpg\",\"width\":1000,\"height\":750,\"caption\":\"Dumperk\u00e4rra mini MW-100 ATV Med Tipp\"},{\"@type\":\"BreadcrumbList\",\"@id\":\"https:\\\/\\\/emasweden.com\\\/da\\\/produkt\\\/dumper-mini-atv-mw-100-med-tippelad\\\/#breadcrumb\",\"itemListElement\":[{\"@type\":\"ListItem\",\"position\":1,\"name\":\"Hem\",\"item\":\"https:\\\/\\\/emasweden.com\\\/da\\\/\"},{\"@type\":\"ListItem\",\"position\":2,\"name\":\"Produktsortiment\",\"item\":\"https:\\\/\\\/emasweden.com\\\/da\\\/produktsortiment-2\\\/\"},{\"@type\":\"ListItem\",\"position\":3,\"name\":\"Dumper mini ATV MW-100 med tippelad\"}]},{\"@type\":\"WebSite\",\"@id\":\"https:\\\/\\\/emasweden.com\\\/da\\\/#website\",\"url\":\"https:\\\/\\\/emasweden.com\\\/da\\\/\",\"name\":\"EMA Sverige\",\"description\":\"\",\"potentialAction\":[{\"@type\":\"SearchAction\",\"target\":{\"@type\":\"EntryPoint\",\"urlTemplate\":\"https:\\\/\\\/emasweden.com\\\/da\\\/?s={search_term_string}\"},\"query-input\":{\"@type\":\"PropertyValueSpecification\",\"valueRequired\":true,\"valueName\":\"search_term_string\"}}],\"inLanguage\":\"da-DK\"}]}<\/script>\n<!-- \/ Yoast SEO plugin. -->","yoast_head_json":{"title":"Dumper mini ATV MW-100 med tippelad - EMA Sverige","description":"Dumper mini ATV med tippelad Hydraulisk tippelad med dobbeltvirkende pumpe, leddelt kuglekobling. - H\u00f8j tippevinkel - MW100 53 grader MW120 48 grader","robots":{"index":"index","follow":"follow","max-snippet":"max-snippet:-1","max-image-preview":"max-image-preview:large","max-video-preview":"max-video-preview:-1"},"canonical":"https:\/\/emasweden.com\/da\/produkt\/dumper-mini-atv-mw-100-med-tippelad\/","og_locale":"da_DK","og_type":"article","og_title":"Dumper mini ATV MW-100 med tippelad - EMA Sverige","og_description":"Dumper mini ATV med tippelad Hydraulisk tippelad med dobbeltvirkende pumpe, leddelt kuglekobling. - H\u00f8j tippevinkel - MW100 53 grader MW120 48 grader","og_url":"https:\/\/emasweden.com\/da\/produkt\/dumper-mini-atv-mw-100-med-tippelad\/","og_site_name":"EMA Sverige","article_modified_time":"2025-10-01T11:04:57+00:00","og_image":[{"width":1000,"height":750,"url":"https:\/\/emasweden.com\/wp-content\/uploads\/2021\/03\/ATW-Trailer_a.jpg","type":"image\/jpeg"}],"twitter_card":"summary_large_image","schema":{"@context":"https:\/\/schema.org","@graph":[{"@type":"WebPage","@id":"https:\/\/emasweden.com\/da\/produkt\/dumper-mini-atv-mw-100-med-tippelad\/","url":"https:\/\/emasweden.com\/da\/produkt\/dumper-mini-atv-mw-100-med-tippelad\/","name":"Dumper mini ATV MW-100 med tippelad - EMA Sverige","isPartOf":{"@id":"https:\/\/emasweden.com\/da\/#website"},"primaryImageOfPage":{"@id":"https:\/\/emasweden.com\/da\/produkt\/dumper-mini-atv-mw-100-med-tippelad\/#primaryimage"},"image":{"@id":"https:\/\/emasweden.com\/da\/produkt\/dumper-mini-atv-mw-100-med-tippelad\/#primaryimage"},"thumbnailUrl":"https:\/\/emasweden.com\/wp-content\/uploads\/2021\/03\/ATW-Trailer_a.jpg","datePublished":"2021-03-16T10:17:28+00:00","dateModified":"2025-10-01T11:04:57+00:00","description":"Dumper mini ATV med tippelad Hydraulisk tippelad med dobbeltvirkende pumpe, leddelt kuglekobling. - H\u00f8j tippevinkel - MW100 53 grader MW120 48 grader","breadcrumb":{"@id":"https:\/\/emasweden.com\/da\/produkt\/dumper-mini-atv-mw-100-med-tippelad\/#breadcrumb"},"inLanguage":"da-DK","potentialAction":[{"@type":"ReadAction","target":["https:\/\/emasweden.com\/da\/produkt\/dumper-mini-atv-mw-100-med-tippelad\/"]}]},{"@type":"ImageObject","inLanguage":"da-DK","@id":"https:\/\/emasweden.com\/da\/produkt\/dumper-mini-atv-mw-100-med-tippelad\/#primaryimage","url":"https:\/\/emasweden.com\/wp-content\/uploads\/2021\/03\/ATW-Trailer_a.jpg","contentUrl":"https:\/\/emasweden.com\/wp-content\/uploads\/2021\/03\/ATW-Trailer_a.jpg","width":1000,"height":750,"caption":"Dumperk\u00e4rra mini MW-100 ATV Med Tipp"},{"@type":"BreadcrumbList","@id":"https:\/\/emasweden.com\/da\/produkt\/dumper-mini-atv-mw-100-med-tippelad\/#breadcrumb","itemListElement":[{"@type":"ListItem","position":1,"name":"Hem","item":"https:\/\/emasweden.com\/da\/"},{"@type":"ListItem","position":2,"name":"Produktsortiment","item":"https:\/\/emasweden.com\/da\/produktsortiment-2\/"},{"@type":"ListItem","position":3,"name":"Dumper mini ATV MW-100 med tippelad"}]},{"@type":"WebSite","@id":"https:\/\/emasweden.com\/da\/#website","url":"https:\/\/emasweden.com\/da\/","name":"EMA Sverige","description":"","potentialAction":[{"@type":"SearchAction","target":{"@type":"EntryPoint","urlTemplate":"https:\/\/emasweden.com\/da\/?s={search_term_string}"},"query-input":{"@type":"PropertyValueSpecification","valueRequired":true,"valueName":"search_term_string"}}],"inLanguage":"da-DK"}]}},"_links":{"self":[{"href":"https:\/\/emasweden.com\/da\/wp-json\/wp\/v2\/product\/17894","targetHints":{"allow":["GET"]}}],"collection":[{"href":"https:\/\/emasweden.com\/da\/wp-json\/wp\/v2\/product"}],"about":[{"href":"https:\/\/emasweden.com\/da\/wp-json\/wp\/v2\/types\/product"}],"wp:featuredmedia":[{"embeddable":true,"href":"https:\/\/emasweden.com\/da\/wp-json\/wp\/v2\/media\/22888"}],"wp:attachment":[{"href":"https:\/\/emasweden.com\/da\/wp-json\/wp\/v2\/media?parent=17894"}],"wp:term":[{"taxonomy":"product_brand","embeddable":true,"href":"https:\/\/emasweden.com\/da\/wp-json\/wp\/v2\/product_brand?post=17894"},{"taxonomy":"product_cat","embeddable":true,"href":"https:\/\/emasweden.com\/da\/wp-json\/wp\/v2\/product_cat?post=17894"},{"taxonomy":"product_tag","embeddable":true,"href":"https:\/\/emasweden.com\/da\/wp-json\/wp\/v2\/product_tag?post=17894"},{"taxonomy":"faste-y","embeddable":true,"href":"https:\/\/emasweden.com\/da\/wp-json\/wp\/v2\/faste-y?post=17894"}],"curies":[{"name":"wp","href":"https:\/\/api.w.org\/{rel}","templated":true}]}}