{"id":17906,"date":"2021-11-12T15:43:36","date_gmt":"2021-11-12T14:43:36","guid":{"rendered":"https:\/\/emasweden.com\/produkt\/ema-kost-1200-mm-uden-skaft\/"},"modified":"2025-11-11T14:08:14","modified_gmt":"2025-11-11T13:08:14","slug":"ema-kost-1200-mm-uden-ophaeng","status":"publish","type":"product","link":"https:\/\/emasweden.com\/da\/produkt\/ema-kost-1200-mm-uden-ophaeng\/","title":{"rendered":"Ema-kost 1200 mm uden oph\u00e6ng"},"content":{"rendered":"<p><strong>Ema-kost 1200 mm uden oph\u00e6ng<\/strong><\/p>\n<p>&#8211; EMA-b\u00f8rsten er udstyret med ekstra forst\u00e6rkninger i s\u00e5rbare omr\u00e5der og er sandsynligvis<br \/>\nden bedste gravemaskineb\u00f8rste p\u00e5 markedet!<br \/>\nAlle st\u00f8rrelser har 11 udskiftelige r\u00e6kker af b\u00f8rsteh\u00e5r, der er meget nemme at skifte.<br \/>\nKraftige b\u00f8rsteh\u00e5r, der eliminerer behovet for enten et stativ eller en ekstra r\u00e6kke af<br \/>\ngummilister.<\/p>\n<p><strong>Ema-kost 1200 mm uden skaft &#8211; EMA Sverige<\/strong><\/p>\n<p>&#8211; 11 udskiftelige b\u00f8rster<\/p>\n<p>&#8211; St\u00e6rke b\u00f8rsteh\u00e5r giver fasthed uden stilladser<\/p>\n<p>&#8211; Ekstra forst\u00e6rket<\/p>\n<p>F\u00f8lgende redskaber passer til denne kost:<\/p>\n<p><a href=\"https:\/\/emasweden.com\/da\/produkt\/ema-tilbehoer-til-kost-s40\/\" target=\"_blank\" rel=\"noopener\">7273019 Beslag S40<\/a><\/p>\n<p><a href=\"https:\/\/emasweden.com\/da\/produkt\/ema-tilbehoer-til-kost-s45\/\" target=\"_blank\" rel=\"noopener\">7273020 Beslag S45<\/a><\/p>\n<p><a href=\"https:\/\/emasweden.com\/da\/produkt\/ema-tilbehoer-til-kost-s60\/\" target=\"_blank\" rel=\"noopener\">7273022 Beslag S60<\/a><\/p>\n","protected":false},"excerpt":{"rendered":"<p>Ema-kost 1200 mm uden oph\u00e6ng &#8211; EMA-b\u00f8rsten er udstyret med ekstra forst\u00e6rkninger i s\u00e5rbare omr\u00e5der og er sandsynligvis den bedste gravemaskineb\u00f8rste p\u00e5 markedet! Alle st\u00f8rrelser har 11 udskiftelige r\u00e6kker af b\u00f8rsteh\u00e5r, der er meget nemme at skifte. Kraftige b\u00f8rsteh\u00e5r, der eliminerer behovet for enten et stativ eller en ekstra r\u00e6kke af gummilister. Ema-kost 1200 mm [&hellip;]<\/p>\n","protected":false},"featured_media":17908,"template":"","meta":{"_monsterinsights_skip_tracking":false,"_monsterinsights_sitenote_active":false,"_monsterinsights_sitenote_note":"","_monsterinsights_sitenote_category":0},"product_brand":[],"product_cat":[3617],"product_tag":[],"faste-y":[],"class_list":{"0":"post-17906","1":"product","2":"type-product","3":"status-publish","4":"has-post-thumbnail","6":"product_cat-kost-gravemaskine","7":"pa_max-bredd-1200mm","8":"pa_vikt-120-kg","10":"first","11":"instock","12":"taxable","13":"shipping-taxable","14":"purchasable","15":"product-type-simple"},"yoast_head":"<!-- This site is optimized with the Yoast SEO plugin v27.3 - https:\/\/yoast.com\/product\/yoast-seo-wordpress\/ -->\n<title>Ema-kost 1200 mm uden oph\u00e6ng - EMA Sverige<\/title>\n<meta name=\"description\" content=\"Ema-kost 1200 mm uden oph\u00e6ng . 11 udskiftelige b\u00f8rster\u00e6kker, kraftige b\u00f8rster til stabilitet uden stillads, ekstra forst\u00e6rket. - V\u00e6lg mellem flere udskiftelige redskaber.\" \/>\n<meta name=\"robots\" content=\"index, follow, max-snippet:-1, max-image-preview:large, max-video-preview:-1\" \/>\n<link rel=\"canonical\" href=\"https:\/\/emasweden.com\/da\/produkt\/ema-kost-1200-mm-uden-ophaeng\/\" \/>\n<meta property=\"og:locale\" content=\"da_DK\" \/>\n<meta property=\"og:type\" content=\"article\" \/>\n<meta property=\"og:title\" content=\"Ema-kost 1200 mm uden oph\u00e6ng - EMA Sverige\" \/>\n<meta property=\"og:description\" content=\"Ema-kost 1200 mm uden oph\u00e6ng . 11 udskiftelige b\u00f8rster\u00e6kker, kraftige b\u00f8rster til stabilitet uden stillads, ekstra forst\u00e6rket. - V\u00e6lg mellem flere udskiftelige redskaber.\" \/>\n<meta property=\"og:url\" content=\"https:\/\/emasweden.com\/da\/produkt\/ema-kost-1200-mm-uden-ophaeng\/\" \/>\n<meta property=\"og:site_name\" content=\"EMA Sverige\" \/>\n<meta property=\"article:modified_time\" content=\"2025-11-11T13:08:14+00:00\" \/>\n<meta property=\"og:image\" content=\"https:\/\/emasweden.com\/wp-content\/uploads\/2021\/11\/EMA-Modulborste-1.png\" \/>\n\t<meta property=\"og:image:width\" content=\"2560\" \/>\n\t<meta property=\"og:image:height\" content=\"1929\" \/>\n\t<meta property=\"og:image:type\" content=\"image\/png\" \/>\n<meta name=\"twitter:card\" content=\"summary_large_image\" \/>\n<meta name=\"twitter:label1\" content=\"Estimeret l\u00e6setid\" \/>\n\t<meta name=\"twitter:data1\" content=\"1 minut\" \/>\n<script type=\"application\/ld+json\" class=\"yoast-schema-graph\">{\"@context\":\"https:\\\/\\\/schema.org\",\"@graph\":[{\"@type\":\"WebPage\",\"@id\":\"https:\\\/\\\/emasweden.com\\\/da\\\/produkt\\\/ema-kost-1200-mm-uden-ophaeng\\\/\",\"url\":\"https:\\\/\\\/emasweden.com\\\/da\\\/produkt\\\/ema-kost-1200-mm-uden-ophaeng\\\/\",\"name\":\"Ema-kost 1200 mm uden oph\u00e6ng - EMA Sverige\",\"isPartOf\":{\"@id\":\"https:\\\/\\\/emasweden.com\\\/da\\\/#website\"},\"primaryImageOfPage\":{\"@id\":\"https:\\\/\\\/emasweden.com\\\/da\\\/produkt\\\/ema-kost-1200-mm-uden-ophaeng\\\/#primaryimage\"},\"image\":{\"@id\":\"https:\\\/\\\/emasweden.com\\\/da\\\/produkt\\\/ema-kost-1200-mm-uden-ophaeng\\\/#primaryimage\"},\"thumbnailUrl\":\"https:\\\/\\\/emasweden.com\\\/wp-content\\\/uploads\\\/2021\\\/11\\\/EMA-Modulborste-1.png\",\"datePublished\":\"2021-11-12T14:43:36+00:00\",\"dateModified\":\"2025-11-11T13:08:14+00:00\",\"description\":\"Ema-kost 1200 mm uden oph\u00e6ng . 11 udskiftelige b\u00f8rster\u00e6kker, kraftige b\u00f8rster til stabilitet uden stillads, ekstra forst\u00e6rket. - V\u00e6lg mellem flere udskiftelige redskaber.\",\"breadcrumb\":{\"@id\":\"https:\\\/\\\/emasweden.com\\\/da\\\/produkt\\\/ema-kost-1200-mm-uden-ophaeng\\\/#breadcrumb\"},\"inLanguage\":\"da-DK\",\"potentialAction\":[{\"@type\":\"ReadAction\",\"target\":[\"https:\\\/\\\/emasweden.com\\\/da\\\/produkt\\\/ema-kost-1200-mm-uden-ophaeng\\\/\"]}]},{\"@type\":\"ImageObject\",\"inLanguage\":\"da-DK\",\"@id\":\"https:\\\/\\\/emasweden.com\\\/da\\\/produkt\\\/ema-kost-1200-mm-uden-ophaeng\\\/#primaryimage\",\"url\":\"https:\\\/\\\/emasweden.com\\\/wp-content\\\/uploads\\\/2021\\\/11\\\/EMA-Modulborste-1.png\",\"contentUrl\":\"https:\\\/\\\/emasweden.com\\\/wp-content\\\/uploads\\\/2021\\\/11\\\/EMA-Modulborste-1.png\",\"width\":2560,\"height\":1929,\"caption\":\"07260021\"},{\"@type\":\"BreadcrumbList\",\"@id\":\"https:\\\/\\\/emasweden.com\\\/da\\\/produkt\\\/ema-kost-1200-mm-uden-ophaeng\\\/#breadcrumb\",\"itemListElement\":[{\"@type\":\"ListItem\",\"position\":1,\"name\":\"Hem\",\"item\":\"https:\\\/\\\/emasweden.com\\\/da\\\/\"},{\"@type\":\"ListItem\",\"position\":2,\"name\":\"Produktsortiment\",\"item\":\"https:\\\/\\\/emasweden.com\\\/da\\\/produktsortiment-2\\\/\"},{\"@type\":\"ListItem\",\"position\":3,\"name\":\"Ema-kost 1200 mm uden oph\u00e6ng\"}]},{\"@type\":\"WebSite\",\"@id\":\"https:\\\/\\\/emasweden.com\\\/da\\\/#website\",\"url\":\"https:\\\/\\\/emasweden.com\\\/da\\\/\",\"name\":\"EMA Sverige\",\"description\":\"\",\"potentialAction\":[{\"@type\":\"SearchAction\",\"target\":{\"@type\":\"EntryPoint\",\"urlTemplate\":\"https:\\\/\\\/emasweden.com\\\/da\\\/?s={search_term_string}\"},\"query-input\":{\"@type\":\"PropertyValueSpecification\",\"valueRequired\":true,\"valueName\":\"search_term_string\"}}],\"inLanguage\":\"da-DK\"}]}<\/script>\n<!-- \/ Yoast SEO plugin. -->","yoast_head_json":{"title":"Ema-kost 1200 mm uden oph\u00e6ng - EMA Sverige","description":"Ema-kost 1200 mm uden oph\u00e6ng . 11 udskiftelige b\u00f8rster\u00e6kker, kraftige b\u00f8rster til stabilitet uden stillads, ekstra forst\u00e6rket. - V\u00e6lg mellem flere udskiftelige redskaber.","robots":{"index":"index","follow":"follow","max-snippet":"max-snippet:-1","max-image-preview":"max-image-preview:large","max-video-preview":"max-video-preview:-1"},"canonical":"https:\/\/emasweden.com\/da\/produkt\/ema-kost-1200-mm-uden-ophaeng\/","og_locale":"da_DK","og_type":"article","og_title":"Ema-kost 1200 mm uden oph\u00e6ng - EMA Sverige","og_description":"Ema-kost 1200 mm uden oph\u00e6ng . 11 udskiftelige b\u00f8rster\u00e6kker, kraftige b\u00f8rster til stabilitet uden stillads, ekstra forst\u00e6rket. - V\u00e6lg mellem flere udskiftelige redskaber.","og_url":"https:\/\/emasweden.com\/da\/produkt\/ema-kost-1200-mm-uden-ophaeng\/","og_site_name":"EMA Sverige","article_modified_time":"2025-11-11T13:08:14+00:00","og_image":[{"width":2560,"height":1929,"url":"https:\/\/emasweden.com\/wp-content\/uploads\/2021\/11\/EMA-Modulborste-1.png","type":"image\/png"}],"twitter_card":"summary_large_image","twitter_misc":{"Estimeret l\u00e6setid":"1 minut"},"schema":{"@context":"https:\/\/schema.org","@graph":[{"@type":"WebPage","@id":"https:\/\/emasweden.com\/da\/produkt\/ema-kost-1200-mm-uden-ophaeng\/","url":"https:\/\/emasweden.com\/da\/produkt\/ema-kost-1200-mm-uden-ophaeng\/","name":"Ema-kost 1200 mm uden oph\u00e6ng - EMA Sverige","isPartOf":{"@id":"https:\/\/emasweden.com\/da\/#website"},"primaryImageOfPage":{"@id":"https:\/\/emasweden.com\/da\/produkt\/ema-kost-1200-mm-uden-ophaeng\/#primaryimage"},"image":{"@id":"https:\/\/emasweden.com\/da\/produkt\/ema-kost-1200-mm-uden-ophaeng\/#primaryimage"},"thumbnailUrl":"https:\/\/emasweden.com\/wp-content\/uploads\/2021\/11\/EMA-Modulborste-1.png","datePublished":"2021-11-12T14:43:36+00:00","dateModified":"2025-11-11T13:08:14+00:00","description":"Ema-kost 1200 mm uden oph\u00e6ng . 11 udskiftelige b\u00f8rster\u00e6kker, kraftige b\u00f8rster til stabilitet uden stillads, ekstra forst\u00e6rket. - V\u00e6lg mellem flere udskiftelige redskaber.","breadcrumb":{"@id":"https:\/\/emasweden.com\/da\/produkt\/ema-kost-1200-mm-uden-ophaeng\/#breadcrumb"},"inLanguage":"da-DK","potentialAction":[{"@type":"ReadAction","target":["https:\/\/emasweden.com\/da\/produkt\/ema-kost-1200-mm-uden-ophaeng\/"]}]},{"@type":"ImageObject","inLanguage":"da-DK","@id":"https:\/\/emasweden.com\/da\/produkt\/ema-kost-1200-mm-uden-ophaeng\/#primaryimage","url":"https:\/\/emasweden.com\/wp-content\/uploads\/2021\/11\/EMA-Modulborste-1.png","contentUrl":"https:\/\/emasweden.com\/wp-content\/uploads\/2021\/11\/EMA-Modulborste-1.png","width":2560,"height":1929,"caption":"07260021"},{"@type":"BreadcrumbList","@id":"https:\/\/emasweden.com\/da\/produkt\/ema-kost-1200-mm-uden-ophaeng\/#breadcrumb","itemListElement":[{"@type":"ListItem","position":1,"name":"Hem","item":"https:\/\/emasweden.com\/da\/"},{"@type":"ListItem","position":2,"name":"Produktsortiment","item":"https:\/\/emasweden.com\/da\/produktsortiment-2\/"},{"@type":"ListItem","position":3,"name":"Ema-kost 1200 mm uden oph\u00e6ng"}]},{"@type":"WebSite","@id":"https:\/\/emasweden.com\/da\/#website","url":"https:\/\/emasweden.com\/da\/","name":"EMA Sverige","description":"","potentialAction":[{"@type":"SearchAction","target":{"@type":"EntryPoint","urlTemplate":"https:\/\/emasweden.com\/da\/?s={search_term_string}"},"query-input":{"@type":"PropertyValueSpecification","valueRequired":true,"valueName":"search_term_string"}}],"inLanguage":"da-DK"}]}},"_links":{"self":[{"href":"https:\/\/emasweden.com\/da\/wp-json\/wp\/v2\/product\/17906","targetHints":{"allow":["GET"]}}],"collection":[{"href":"https:\/\/emasweden.com\/da\/wp-json\/wp\/v2\/product"}],"about":[{"href":"https:\/\/emasweden.com\/da\/wp-json\/wp\/v2\/types\/product"}],"wp:featuredmedia":[{"embeddable":true,"href":"https:\/\/emasweden.com\/da\/wp-json\/wp\/v2\/media\/17908"}],"wp:attachment":[{"href":"https:\/\/emasweden.com\/da\/wp-json\/wp\/v2\/media?parent=17906"}],"wp:term":[{"taxonomy":"product_brand","embeddable":true,"href":"https:\/\/emasweden.com\/da\/wp-json\/wp\/v2\/product_brand?post=17906"},{"taxonomy":"product_cat","embeddable":true,"href":"https:\/\/emasweden.com\/da\/wp-json\/wp\/v2\/product_cat?post=17906"},{"taxonomy":"product_tag","embeddable":true,"href":"https:\/\/emasweden.com\/da\/wp-json\/wp\/v2\/product_tag?post=17906"},{"taxonomy":"faste-y","embeddable":true,"href":"https:\/\/emasweden.com\/da\/wp-json\/wp\/v2\/faste-y?post=17906"}],"curies":[{"name":"wp","href":"https:\/\/api.w.org\/{rel}","templated":true}]}}