{"id":17954,"date":"2023-02-13T17:46:44","date_gmt":"2023-02-13T16:46:44","guid":{"rendered":"https:\/\/emasweden.com\/produkt\/ema-tilbehoer-til-kost-s50\/"},"modified":"2025-10-01T13:05:23","modified_gmt":"2025-10-01T11:05:23","slug":"ema-tilbehoer-til-kost-s50","status":"publish","type":"product","link":"https:\/\/emasweden.com\/da\/produkt\/ema-tilbehoer-til-kost-s50\/","title":{"rendered":"Ema-tilbeh\u00f8r til kost &#8211; S50"},"content":{"rendered":"<p>EMA-tilbeh\u00f8r til kost &#8211; S50<\/p>\n<p>&nbsp;<\/p>\n<p>Beslaget passer p\u00e5 alle EMA-koste;<\/p>\n<p>&nbsp;<\/p>\n<ul>\n<li><strong><a href=\"https:\/\/emasweden.com\/da\/produkt\/ema-kost-1200-mm-uden-skaft\/\">Ema-kost 1200 mm uden skaft<\/a><\/strong><\/li>\n<li><strong><a href=\"https:\/\/emasweden.com\/da\/produkt\/ema-kost-1500-mm-uden-skaft\/\">Ema-kost 1500 mm uden skaft<\/a><\/strong><\/li>\n<li><strong><a href=\"https:\/\/emasweden.com\/da\/produkt\/ema-kost-1800-mm-uden-haandtag\/\">Ema-kost 1800 mm uden h\u00e5ndtag<\/a><\/strong><\/li>\n<li><strong><a href=\"https:\/\/emasweden.com\/da\/produkt\/ema-kost-2100-mm-uden-skaft\/\">Ema-kost 2100 mm uden skaft<\/a><\/strong><\/li>\n<\/ul>\n<p>&nbsp;<\/p>\n<p>Kontakt os for r\u00e5dgivning!<\/p>\n","protected":false},"excerpt":{"rendered":"<p>EMA-tilbeh\u00f8r til kost &#8211; S50 &nbsp; Beslaget passer p\u00e5 alle EMA-koste; &nbsp; Ema-kost 1200 mm uden skaft Ema-kost 1500 mm uden skaft Ema-kost 1800 mm uden h\u00e5ndtag Ema-kost 2100 mm uden skaft &nbsp; Kontakt os for r\u00e5dgivning!<\/p>\n","protected":false},"featured_media":17956,"template":"","meta":{"_monsterinsights_skip_tracking":false,"_monsterinsights_sitenote_active":false,"_monsterinsights_sitenote_note":"","_monsterinsights_sitenote_category":0},"product_brand":[],"product_cat":[3623],"product_tag":[],"faste-y":[],"class_list":{"0":"post-17954","1":"product","2":"type-product","3":"status-publish","4":"has-post-thumbnail","6":"product_cat-ophaengsplade-kost","8":"first","9":"instock","10":"purchasable","11":"product-type-simple"},"yoast_head":"<!-- This site is optimized with the Yoast SEO plugin v27.3 - https:\/\/yoast.com\/product\/yoast-seo-wordpress\/ -->\n<title>Ema-tilbeh\u00f8r til kost - S50 - EMA Sverige<\/title>\n<meta name=\"description\" content=\"EMA-tilbeh\u00f8r til kost - S50, - Tilbeh\u00f8ret passer til alle EMA&#039;s koste; 1200 mm, 1500 mm, 1800 mm, 2100 mm. Kontakt os for r\u00e5dgivning!\" \/>\n<meta name=\"robots\" content=\"index, follow, max-snippet:-1, max-image-preview:large, max-video-preview:-1\" \/>\n<link rel=\"canonical\" href=\"https:\/\/emasweden.com\/da\/produkt\/ema-tilbehoer-til-kost-s50\/\" \/>\n<meta property=\"og:locale\" content=\"da_DK\" \/>\n<meta property=\"og:type\" content=\"article\" \/>\n<meta property=\"og:title\" content=\"Ema-tilbeh\u00f8r til kost - S50 - EMA Sverige\" \/>\n<meta property=\"og:description\" content=\"EMA-tilbeh\u00f8r til kost - S50, - Tilbeh\u00f8ret passer til alle EMA&#039;s koste; 1200 mm, 1500 mm, 1800 mm, 2100 mm. Kontakt os for r\u00e5dgivning!\" \/>\n<meta property=\"og:url\" content=\"https:\/\/emasweden.com\/da\/produkt\/ema-tilbehoer-til-kost-s50\/\" \/>\n<meta property=\"og:site_name\" content=\"EMA Sverige\" \/>\n<meta property=\"article:modified_time\" content=\"2025-10-01T11:05:23+00:00\" \/>\n<meta property=\"og:image\" content=\"https:\/\/emasweden.com\/wp-content\/uploads\/2021\/01\/S45-ATTACHMENT.png\" \/>\n\t<meta property=\"og:image:width\" content=\"2351\" \/>\n\t<meta property=\"og:image:height\" content=\"1538\" \/>\n\t<meta property=\"og:image:type\" content=\"image\/png\" \/>\n<meta name=\"twitter:card\" content=\"summary_large_image\" \/>\n<script type=\"application\/ld+json\" class=\"yoast-schema-graph\">{\"@context\":\"https:\\\/\\\/schema.org\",\"@graph\":[{\"@type\":\"WebPage\",\"@id\":\"https:\\\/\\\/emasweden.com\\\/da\\\/produkt\\\/ema-tilbehoer-til-kost-s50\\\/\",\"url\":\"https:\\\/\\\/emasweden.com\\\/da\\\/produkt\\\/ema-tilbehoer-til-kost-s50\\\/\",\"name\":\"Ema-tilbeh\u00f8r til kost - S50 - EMA Sverige\",\"isPartOf\":{\"@id\":\"https:\\\/\\\/emasweden.com\\\/da\\\/#website\"},\"primaryImageOfPage\":{\"@id\":\"https:\\\/\\\/emasweden.com\\\/da\\\/produkt\\\/ema-tilbehoer-til-kost-s50\\\/#primaryimage\"},\"image\":{\"@id\":\"https:\\\/\\\/emasweden.com\\\/da\\\/produkt\\\/ema-tilbehoer-til-kost-s50\\\/#primaryimage\"},\"thumbnailUrl\":\"https:\\\/\\\/emasweden.com\\\/wp-content\\\/uploads\\\/2021\\\/01\\\/S45-ATTACHMENT.png\",\"datePublished\":\"2023-02-13T16:46:44+00:00\",\"dateModified\":\"2025-10-01T11:05:23+00:00\",\"description\":\"EMA-tilbeh\u00f8r til kost - S50, - Tilbeh\u00f8ret passer til alle EMA's koste; 1200 mm, 1500 mm, 1800 mm, 2100 mm. Kontakt os for r\u00e5dgivning!\",\"breadcrumb\":{\"@id\":\"https:\\\/\\\/emasweden.com\\\/da\\\/produkt\\\/ema-tilbehoer-til-kost-s50\\\/#breadcrumb\"},\"inLanguage\":\"da-DK\",\"potentialAction\":[{\"@type\":\"ReadAction\",\"target\":[\"https:\\\/\\\/emasweden.com\\\/da\\\/produkt\\\/ema-tilbehoer-til-kost-s50\\\/\"]}]},{\"@type\":\"ImageObject\",\"inLanguage\":\"da-DK\",\"@id\":\"https:\\\/\\\/emasweden.com\\\/da\\\/produkt\\\/ema-tilbehoer-til-kost-s50\\\/#primaryimage\",\"url\":\"https:\\\/\\\/emasweden.com\\\/wp-content\\\/uploads\\\/2021\\\/01\\\/S45-ATTACHMENT.png\",\"contentUrl\":\"https:\\\/\\\/emasweden.com\\\/wp-content\\\/uploads\\\/2021\\\/01\\\/S45-ATTACHMENT.png\",\"width\":2351,\"height\":1538,\"caption\":\"F\u00e4ste sopborste\"},{\"@type\":\"BreadcrumbList\",\"@id\":\"https:\\\/\\\/emasweden.com\\\/da\\\/produkt\\\/ema-tilbehoer-til-kost-s50\\\/#breadcrumb\",\"itemListElement\":[{\"@type\":\"ListItem\",\"position\":1,\"name\":\"Hem\",\"item\":\"https:\\\/\\\/emasweden.com\\\/da\\\/\"},{\"@type\":\"ListItem\",\"position\":2,\"name\":\"Produktsortiment\",\"item\":\"https:\\\/\\\/emasweden.com\\\/da\\\/produktsortiment-2\\\/\"},{\"@type\":\"ListItem\",\"position\":3,\"name\":\"Ema-tilbeh\u00f8r til kost &#8211; S50\"}]},{\"@type\":\"WebSite\",\"@id\":\"https:\\\/\\\/emasweden.com\\\/da\\\/#website\",\"url\":\"https:\\\/\\\/emasweden.com\\\/da\\\/\",\"name\":\"EMA Sverige\",\"description\":\"\",\"potentialAction\":[{\"@type\":\"SearchAction\",\"target\":{\"@type\":\"EntryPoint\",\"urlTemplate\":\"https:\\\/\\\/emasweden.com\\\/da\\\/?s={search_term_string}\"},\"query-input\":{\"@type\":\"PropertyValueSpecification\",\"valueRequired\":true,\"valueName\":\"search_term_string\"}}],\"inLanguage\":\"da-DK\"}]}<\/script>\n<!-- \/ Yoast SEO plugin. -->","yoast_head_json":{"title":"Ema-tilbeh\u00f8r til kost - S50 - EMA Sverige","description":"EMA-tilbeh\u00f8r til kost - S50, - Tilbeh\u00f8ret passer til alle EMA's koste; 1200 mm, 1500 mm, 1800 mm, 2100 mm. Kontakt os for r\u00e5dgivning!","robots":{"index":"index","follow":"follow","max-snippet":"max-snippet:-1","max-image-preview":"max-image-preview:large","max-video-preview":"max-video-preview:-1"},"canonical":"https:\/\/emasweden.com\/da\/produkt\/ema-tilbehoer-til-kost-s50\/","og_locale":"da_DK","og_type":"article","og_title":"Ema-tilbeh\u00f8r til kost - S50 - EMA Sverige","og_description":"EMA-tilbeh\u00f8r til kost - S50, - Tilbeh\u00f8ret passer til alle EMA's koste; 1200 mm, 1500 mm, 1800 mm, 2100 mm. Kontakt os for r\u00e5dgivning!","og_url":"https:\/\/emasweden.com\/da\/produkt\/ema-tilbehoer-til-kost-s50\/","og_site_name":"EMA Sverige","article_modified_time":"2025-10-01T11:05:23+00:00","og_image":[{"width":2351,"height":1538,"url":"https:\/\/emasweden.com\/wp-content\/uploads\/2021\/01\/S45-ATTACHMENT.png","type":"image\/png"}],"twitter_card":"summary_large_image","schema":{"@context":"https:\/\/schema.org","@graph":[{"@type":"WebPage","@id":"https:\/\/emasweden.com\/da\/produkt\/ema-tilbehoer-til-kost-s50\/","url":"https:\/\/emasweden.com\/da\/produkt\/ema-tilbehoer-til-kost-s50\/","name":"Ema-tilbeh\u00f8r til kost - S50 - EMA Sverige","isPartOf":{"@id":"https:\/\/emasweden.com\/da\/#website"},"primaryImageOfPage":{"@id":"https:\/\/emasweden.com\/da\/produkt\/ema-tilbehoer-til-kost-s50\/#primaryimage"},"image":{"@id":"https:\/\/emasweden.com\/da\/produkt\/ema-tilbehoer-til-kost-s50\/#primaryimage"},"thumbnailUrl":"https:\/\/emasweden.com\/wp-content\/uploads\/2021\/01\/S45-ATTACHMENT.png","datePublished":"2023-02-13T16:46:44+00:00","dateModified":"2025-10-01T11:05:23+00:00","description":"EMA-tilbeh\u00f8r til kost - S50, - Tilbeh\u00f8ret passer til alle EMA's koste; 1200 mm, 1500 mm, 1800 mm, 2100 mm. Kontakt os for r\u00e5dgivning!","breadcrumb":{"@id":"https:\/\/emasweden.com\/da\/produkt\/ema-tilbehoer-til-kost-s50\/#breadcrumb"},"inLanguage":"da-DK","potentialAction":[{"@type":"ReadAction","target":["https:\/\/emasweden.com\/da\/produkt\/ema-tilbehoer-til-kost-s50\/"]}]},{"@type":"ImageObject","inLanguage":"da-DK","@id":"https:\/\/emasweden.com\/da\/produkt\/ema-tilbehoer-til-kost-s50\/#primaryimage","url":"https:\/\/emasweden.com\/wp-content\/uploads\/2021\/01\/S45-ATTACHMENT.png","contentUrl":"https:\/\/emasweden.com\/wp-content\/uploads\/2021\/01\/S45-ATTACHMENT.png","width":2351,"height":1538,"caption":"F\u00e4ste sopborste"},{"@type":"BreadcrumbList","@id":"https:\/\/emasweden.com\/da\/produkt\/ema-tilbehoer-til-kost-s50\/#breadcrumb","itemListElement":[{"@type":"ListItem","position":1,"name":"Hem","item":"https:\/\/emasweden.com\/da\/"},{"@type":"ListItem","position":2,"name":"Produktsortiment","item":"https:\/\/emasweden.com\/da\/produktsortiment-2\/"},{"@type":"ListItem","position":3,"name":"Ema-tilbeh\u00f8r til kost &#8211; S50"}]},{"@type":"WebSite","@id":"https:\/\/emasweden.com\/da\/#website","url":"https:\/\/emasweden.com\/da\/","name":"EMA Sverige","description":"","potentialAction":[{"@type":"SearchAction","target":{"@type":"EntryPoint","urlTemplate":"https:\/\/emasweden.com\/da\/?s={search_term_string}"},"query-input":{"@type":"PropertyValueSpecification","valueRequired":true,"valueName":"search_term_string"}}],"inLanguage":"da-DK"}]}},"_links":{"self":[{"href":"https:\/\/emasweden.com\/da\/wp-json\/wp\/v2\/product\/17954","targetHints":{"allow":["GET"]}}],"collection":[{"href":"https:\/\/emasweden.com\/da\/wp-json\/wp\/v2\/product"}],"about":[{"href":"https:\/\/emasweden.com\/da\/wp-json\/wp\/v2\/types\/product"}],"wp:featuredmedia":[{"embeddable":true,"href":"https:\/\/emasweden.com\/da\/wp-json\/wp\/v2\/media\/17956"}],"wp:attachment":[{"href":"https:\/\/emasweden.com\/da\/wp-json\/wp\/v2\/media?parent=17954"}],"wp:term":[{"taxonomy":"product_brand","embeddable":true,"href":"https:\/\/emasweden.com\/da\/wp-json\/wp\/v2\/product_brand?post=17954"},{"taxonomy":"product_cat","embeddable":true,"href":"https:\/\/emasweden.com\/da\/wp-json\/wp\/v2\/product_cat?post=17954"},{"taxonomy":"product_tag","embeddable":true,"href":"https:\/\/emasweden.com\/da\/wp-json\/wp\/v2\/product_tag?post=17954"},{"taxonomy":"faste-y","embeddable":true,"href":"https:\/\/emasweden.com\/da\/wp-json\/wp\/v2\/faste-y?post=17954"}],"curies":[{"name":"wp","href":"https:\/\/api.w.org\/{rel}","templated":true}]}}