{"id":17978,"date":"2023-03-30T14:58:56","date_gmt":"2023-03-30T12:58:56","guid":{"rendered":"https:\/\/emasweden.com\/produkt\/hd-nivelleringsbjaelke-med-skovl-2300-mm-uden-beslag\/"},"modified":"2025-10-01T13:05:32","modified_gmt":"2025-10-01T11:05:32","slug":"hd-nivelleringsbjaelke-med-skovl-2300-mm-uden-beslag","status":"publish","type":"product","link":"https:\/\/emasweden.com\/da\/produkt\/hd-nivelleringsbjaelke-med-skovl-2300-mm-uden-beslag\/","title":{"rendered":"HD Nivelleringsbj\u00e6lke med skovl &#8211; 2300 mm &#8211; Uden beslag"},"content":{"rendered":"<p><sup>HD Nivelleringsbj\u00e6lke med skovl &#8211; 2300 mm &#8211; Uden beslag<\/sup><br \/>\n&#8211; Fleksibelt produkt til justering og nivellering af materialer.<\/p>\n<p>Forh\u00f8jede sektioner bag og foran g\u00f8r det muligt at bruge bj\u00e6lken p\u00e5 den bedst mulige m\u00e5de til opsamling og udj\u00e6vning af materiale.<\/p>\n<p>Nivelleringsbj\u00e6lken har en st\u00f8rre skovl for et bedre opsamlingsomr\u00e5de foran, hvilket betyder, at n\u00e5r du arbejder med bj\u00e6lken, har du altid<br \/>\nmasser af materiale med dig til at udfylde uj\u00e6vnheder i jorden.<\/p>\n<p><sup>HD Nivelleringsbj\u00e6lke med skovl &#8211; 2300 mm &#8211; Uden beslag<\/sup><\/p>\n<ul>\n<li><strong><br \/>\n  <a href=\"https:\/\/www.ssab.com\/sv-se\/varumarken-och-produkter\/hardox\/produktprogram\/450\">Hardox 450<\/a><br \/>\n<\/strong> p\u00e5 udsatte sliddele<\/li>\n<li><a href=\"https:\/\/emasweden.com\/da\/produkt-kategori\/gravemaskine\/beslag\/beslag-kabelplov-nivelleringsbjaelke\/\"><br \/>\n  <strong>Beslag med bolte<\/strong><br \/>\n<\/a> til mulig justering og udskiftning af beslaget <\/li>\n<li>Det dybe design betyder, at den ikke dykker ned i<br \/>\nmaterialet, men forbliver flad<\/li>\n<li>Stor skovlsektion og h\u00e6vet bagkant for nem<br \/>\nadgang til materialer<\/li>\n<\/ul>\n<p><strong><a href=\"https:\/\/emasweden.com\/da\/produkt-kategori\/gravemaskine\/beslag\/beslag-kabelplov-nivelleringsbjaelke\/\">Se de forskellige konsoller her!<\/a><\/strong><\/p>\n","protected":false},"excerpt":{"rendered":"<p>HD Nivelleringsbj\u00e6lke med skovl &#8211; 2300 mm &#8211; Uden beslag &#8211; Fleksibelt produkt til justering og nivellering af materialer. Forh\u00f8jede sektioner bag og foran g\u00f8r det muligt at bruge bj\u00e6lken p\u00e5 den bedst mulige m\u00e5de til opsamling og udj\u00e6vning af materiale. Nivelleringsbj\u00e6lken har en st\u00f8rre skovl for et bedre opsamlingsomr\u00e5de foran, hvilket betyder, at n\u00e5r [&hellip;]<\/p>\n","protected":false},"featured_media":0,"template":"","meta":{"_monsterinsights_skip_tracking":false,"_monsterinsights_sitenote_active":false,"_monsterinsights_sitenote_note":"","_monsterinsights_sitenote_category":0},"product_brand":[],"product_cat":[3968,3605],"product_tag":[],"faste-y":[],"class_list":{"0":"post-17978","1":"product","2":"type-product","3":"status-publish","5":"product_cat-nivelleringsbjaelke-med-skovl","6":"product_cat-nivelleringsbjaelke-planlaegningsbjaelke","7":"pa_max-bredd-2500mm","8":"pa_skar-20x200mm","9":"pa_vikt-700-kg","11":"first","12":"instock","13":"taxable","14":"shipping-taxable","15":"purchasable","16":"product-type-simple"},"yoast_head":"<!-- This site is optimized with the Yoast SEO plugin v27.3 - https:\/\/yoast.com\/product\/yoast-seo-wordpress\/ -->\n<title>HD Nivelleringsbj\u00e6lke med skovl - 2300 mm - Uden beslag<\/title>\n<meta name=\"description\" content=\"HD Nivelleringsbj\u00e6lke med skovl - 2300 mm - Uden beslag - Uden fastg\u00f8relse. Hardox 450 p\u00e5 udsatte sliddele. Stor skovlsektion og h\u00e6vet bagkant. Boltet fastg\u00f8relse.\" \/>\n<meta name=\"robots\" content=\"index, follow, max-snippet:-1, max-image-preview:large, max-video-preview:-1\" \/>\n<link rel=\"canonical\" href=\"https:\/\/emasweden.com\/da\/produkt\/hd-nivelleringsbjaelke-med-skovl-2300-mm-uden-beslag\/\" \/>\n<meta property=\"og:locale\" content=\"da_DK\" \/>\n<meta property=\"og:type\" content=\"article\" \/>\n<meta property=\"og:title\" content=\"HD Nivelleringsbj\u00e6lke med skovl - 2300 mm - Uden beslag\" \/>\n<meta property=\"og:description\" content=\"HD Nivelleringsbj\u00e6lke med skovl - 2300 mm - Uden beslag - Uden fastg\u00f8relse. Hardox 450 p\u00e5 udsatte sliddele. Stor skovlsektion og h\u00e6vet bagkant. Boltet fastg\u00f8relse.\" \/>\n<meta property=\"og:url\" content=\"https:\/\/emasweden.com\/da\/produkt\/hd-nivelleringsbjaelke-med-skovl-2300-mm-uden-beslag\/\" \/>\n<meta property=\"og:site_name\" content=\"EMA Sverige\" \/>\n<meta property=\"article:modified_time\" content=\"2025-10-01T11:05:32+00:00\" \/>\n<meta name=\"twitter:card\" content=\"summary_large_image\" \/>\n<meta name=\"twitter:label1\" content=\"Estimeret l\u00e6setid\" \/>\n\t<meta name=\"twitter:data1\" content=\"1 minut\" \/>\n<script type=\"application\/ld+json\" class=\"yoast-schema-graph\">{\"@context\":\"https:\\\/\\\/schema.org\",\"@graph\":[{\"@type\":\"WebPage\",\"@id\":\"https:\\\/\\\/emasweden.com\\\/da\\\/produkt\\\/hd-nivelleringsbjaelke-med-skovl-2300-mm-uden-beslag\\\/\",\"url\":\"https:\\\/\\\/emasweden.com\\\/da\\\/produkt\\\/hd-nivelleringsbjaelke-med-skovl-2300-mm-uden-beslag\\\/\",\"name\":\"HD Nivelleringsbj\u00e6lke med skovl - 2300 mm - Uden beslag\",\"isPartOf\":{\"@id\":\"https:\\\/\\\/emasweden.com\\\/da\\\/#website\"},\"datePublished\":\"2023-03-30T12:58:56+00:00\",\"dateModified\":\"2025-10-01T11:05:32+00:00\",\"description\":\"HD Nivelleringsbj\u00e6lke med skovl - 2300 mm - Uden beslag - Uden fastg\u00f8relse. Hardox 450 p\u00e5 udsatte sliddele. Stor skovlsektion og h\u00e6vet bagkant. Boltet fastg\u00f8relse.\",\"breadcrumb\":{\"@id\":\"https:\\\/\\\/emasweden.com\\\/da\\\/produkt\\\/hd-nivelleringsbjaelke-med-skovl-2300-mm-uden-beslag\\\/#breadcrumb\"},\"inLanguage\":\"da-DK\",\"potentialAction\":[{\"@type\":\"ReadAction\",\"target\":[\"https:\\\/\\\/emasweden.com\\\/da\\\/produkt\\\/hd-nivelleringsbjaelke-med-skovl-2300-mm-uden-beslag\\\/\"]}]},{\"@type\":\"BreadcrumbList\",\"@id\":\"https:\\\/\\\/emasweden.com\\\/da\\\/produkt\\\/hd-nivelleringsbjaelke-med-skovl-2300-mm-uden-beslag\\\/#breadcrumb\",\"itemListElement\":[{\"@type\":\"ListItem\",\"position\":1,\"name\":\"Hem\",\"item\":\"https:\\\/\\\/emasweden.com\\\/da\\\/\"},{\"@type\":\"ListItem\",\"position\":2,\"name\":\"Produktsortiment\",\"item\":\"https:\\\/\\\/emasweden.com\\\/da\\\/produktsortiment-2\\\/\"},{\"@type\":\"ListItem\",\"position\":3,\"name\":\"HD Nivelleringsbj\u00e6lke med skovl &#8211; 2300 mm &#8211; Uden beslag\"}]},{\"@type\":\"WebSite\",\"@id\":\"https:\\\/\\\/emasweden.com\\\/da\\\/#website\",\"url\":\"https:\\\/\\\/emasweden.com\\\/da\\\/\",\"name\":\"EMA Sverige\",\"description\":\"\",\"potentialAction\":[{\"@type\":\"SearchAction\",\"target\":{\"@type\":\"EntryPoint\",\"urlTemplate\":\"https:\\\/\\\/emasweden.com\\\/da\\\/?s={search_term_string}\"},\"query-input\":{\"@type\":\"PropertyValueSpecification\",\"valueRequired\":true,\"valueName\":\"search_term_string\"}}],\"inLanguage\":\"da-DK\"}]}<\/script>\n<!-- \/ Yoast SEO plugin. -->","yoast_head_json":{"title":"HD Nivelleringsbj\u00e6lke med skovl - 2300 mm - Uden beslag","description":"HD Nivelleringsbj\u00e6lke med skovl - 2300 mm - Uden beslag - Uden fastg\u00f8relse. Hardox 450 p\u00e5 udsatte sliddele. Stor skovlsektion og h\u00e6vet bagkant. Boltet fastg\u00f8relse.","robots":{"index":"index","follow":"follow","max-snippet":"max-snippet:-1","max-image-preview":"max-image-preview:large","max-video-preview":"max-video-preview:-1"},"canonical":"https:\/\/emasweden.com\/da\/produkt\/hd-nivelleringsbjaelke-med-skovl-2300-mm-uden-beslag\/","og_locale":"da_DK","og_type":"article","og_title":"HD Nivelleringsbj\u00e6lke med skovl - 2300 mm - Uden beslag","og_description":"HD Nivelleringsbj\u00e6lke med skovl - 2300 mm - Uden beslag - Uden fastg\u00f8relse. Hardox 450 p\u00e5 udsatte sliddele. Stor skovlsektion og h\u00e6vet bagkant. Boltet fastg\u00f8relse.","og_url":"https:\/\/emasweden.com\/da\/produkt\/hd-nivelleringsbjaelke-med-skovl-2300-mm-uden-beslag\/","og_site_name":"EMA Sverige","article_modified_time":"2025-10-01T11:05:32+00:00","twitter_card":"summary_large_image","twitter_misc":{"Estimeret l\u00e6setid":"1 minut"},"schema":{"@context":"https:\/\/schema.org","@graph":[{"@type":"WebPage","@id":"https:\/\/emasweden.com\/da\/produkt\/hd-nivelleringsbjaelke-med-skovl-2300-mm-uden-beslag\/","url":"https:\/\/emasweden.com\/da\/produkt\/hd-nivelleringsbjaelke-med-skovl-2300-mm-uden-beslag\/","name":"HD Nivelleringsbj\u00e6lke med skovl - 2300 mm - Uden beslag","isPartOf":{"@id":"https:\/\/emasweden.com\/da\/#website"},"datePublished":"2023-03-30T12:58:56+00:00","dateModified":"2025-10-01T11:05:32+00:00","description":"HD Nivelleringsbj\u00e6lke med skovl - 2300 mm - Uden beslag - Uden fastg\u00f8relse. Hardox 450 p\u00e5 udsatte sliddele. Stor skovlsektion og h\u00e6vet bagkant. Boltet fastg\u00f8relse.","breadcrumb":{"@id":"https:\/\/emasweden.com\/da\/produkt\/hd-nivelleringsbjaelke-med-skovl-2300-mm-uden-beslag\/#breadcrumb"},"inLanguage":"da-DK","potentialAction":[{"@type":"ReadAction","target":["https:\/\/emasweden.com\/da\/produkt\/hd-nivelleringsbjaelke-med-skovl-2300-mm-uden-beslag\/"]}]},{"@type":"BreadcrumbList","@id":"https:\/\/emasweden.com\/da\/produkt\/hd-nivelleringsbjaelke-med-skovl-2300-mm-uden-beslag\/#breadcrumb","itemListElement":[{"@type":"ListItem","position":1,"name":"Hem","item":"https:\/\/emasweden.com\/da\/"},{"@type":"ListItem","position":2,"name":"Produktsortiment","item":"https:\/\/emasweden.com\/da\/produktsortiment-2\/"},{"@type":"ListItem","position":3,"name":"HD Nivelleringsbj\u00e6lke med skovl &#8211; 2300 mm &#8211; Uden beslag"}]},{"@type":"WebSite","@id":"https:\/\/emasweden.com\/da\/#website","url":"https:\/\/emasweden.com\/da\/","name":"EMA Sverige","description":"","potentialAction":[{"@type":"SearchAction","target":{"@type":"EntryPoint","urlTemplate":"https:\/\/emasweden.com\/da\/?s={search_term_string}"},"query-input":{"@type":"PropertyValueSpecification","valueRequired":true,"valueName":"search_term_string"}}],"inLanguage":"da-DK"}]}},"_links":{"self":[{"href":"https:\/\/emasweden.com\/da\/wp-json\/wp\/v2\/product\/17978","targetHints":{"allow":["GET"]}}],"collection":[{"href":"https:\/\/emasweden.com\/da\/wp-json\/wp\/v2\/product"}],"about":[{"href":"https:\/\/emasweden.com\/da\/wp-json\/wp\/v2\/types\/product"}],"wp:attachment":[{"href":"https:\/\/emasweden.com\/da\/wp-json\/wp\/v2\/media?parent=17978"}],"wp:term":[{"taxonomy":"product_brand","embeddable":true,"href":"https:\/\/emasweden.com\/da\/wp-json\/wp\/v2\/product_brand?post=17978"},{"taxonomy":"product_cat","embeddable":true,"href":"https:\/\/emasweden.com\/da\/wp-json\/wp\/v2\/product_cat?post=17978"},{"taxonomy":"product_tag","embeddable":true,"href":"https:\/\/emasweden.com\/da\/wp-json\/wp\/v2\/product_tag?post=17978"},{"taxonomy":"faste-y","embeddable":true,"href":"https:\/\/emasweden.com\/da\/wp-json\/wp\/v2\/faste-y?post=17978"}],"curies":[{"name":"wp","href":"https:\/\/api.w.org\/{rel}","templated":true}]}}