{"id":17991,"date":"2024-10-23T14:03:57","date_gmt":"2024-10-23T12:03:57","guid":{"rendered":"https:\/\/emasweden.com\/produkt\/kerne-va-spand-650l-800mm-s60\/"},"modified":"2025-10-01T13:05:43","modified_gmt":"2025-10-01T11:05:43","slug":"kerne-va-spand-650l-800mm-s60","status":"publish","type":"product","link":"https:\/\/emasweden.com\/da\/produkt\/kerne-va-spand-650l-800mm-s60\/","title":{"rendered":"Kerne VA-spand &#8211; 650L &#8211; 800mm &#8211; S60"},"content":{"rendered":"<p><sup>Core VA-skovl 800 mm &#8211; S60<\/sup><br \/>&#8211; Optimalt design for effektivt materialeflow<br \/>\n&#8211; Designet til at forenkle arbejdet omkring, under kabler og<br \/>\nvandr\u00f8r &#8211; Varieret sortiment med mange forskellige breddeindstillinger<br \/>\n&#8211; Sk\u00e5ret i HB 500-materiale = Lang levetid.<br \/>\n&#8211; Feje-, bund- og slidbeskyttelse i HB450-materiale<br \/>\n= Lang levetid  <\/p>\n<p>LANGVARIGHED MED DET RIGTIGE MATERIALE<br \/>\nProduktets holdbarhed er en vigtig n\u00f8glefaktor for rentabiliteten. Derfor fremstilles EMA Core i materialer med en Brinell-h\u00e5rdhed p\u00e5 HB450.   <\/p>\n<p>OPLEV FORSKELLEN<br \/>\nOplev ogs\u00e5 forskellen med EMA Core VA-skovlen, en skovl, der er designet til at g\u00f8re din hverdag lettere. Tunneldrivning, gravning, justering, flytning &#8211; det er kun fantasien, der s\u00e6tter gr\u00e6nser! EMA&#8217;s produkter er designet til at g\u00f8re din hverdag lettere og mere effektiv.   Med fokus p\u00e5 smidighed og ydeevne er EMA Core det ultimative valg til at str\u00f8mline din drift og reducere driftsomkostningerne.  <\/p>\n","protected":false},"excerpt":{"rendered":"<p>Core VA-skovl 800 mm &#8211; S60&#8211; Optimalt design for effektivt materialeflow &#8211; Designet til at forenkle arbejdet omkring, under kabler og vandr\u00f8r &#8211; Varieret sortiment med mange forskellige breddeindstillinger &#8211; Sk\u00e5ret i HB 500-materiale = Lang levetid. &#8211; Feje-, bund- og slidbeskyttelse i HB450-materiale = Lang levetid LANGVARIGHED MED DET RIGTIGE MATERIALE Produktets holdbarhed er [&hellip;]<\/p>\n","protected":false},"featured_media":17975,"template":"","meta":{"_monsterinsights_skip_tracking":false,"_monsterinsights_sitenote_active":false,"_monsterinsights_sitenote_note":"","_monsterinsights_sitenote_category":0},"product_brand":[],"product_cat":[3599],"product_tag":[3323],"faste-y":[],"class_list":{"0":"post-17991","1":"product","2":"type-product","3":"status-publish","4":"has-post-thumbnail","6":"product_cat-va-skovl","7":"product_tag-kerne","8":"pa_max-bredd-800mm","9":"pa_skar-30x300mm","10":"pa_vikt-400-kg","12":"first","13":"instock","14":"purchasable","15":"product-type-simple"},"yoast_head":"<!-- This site is optimized with the Yoast SEO plugin v27.3 - https:\/\/yoast.com\/product\/yoast-seo-wordpress\/ -->\n<title>Kerne VA-spand - 650L - 800mm - S60 - EMA Sverige<\/title>\n<meta name=\"robots\" content=\"index, follow, max-snippet:-1, max-image-preview:large, max-video-preview:-1\" \/>\n<link rel=\"canonical\" href=\"https:\/\/emasweden.com\/da\/produkt\/kerne-va-spand-650l-800mm-s60\/\" \/>\n<meta property=\"og:locale\" content=\"da_DK\" \/>\n<meta property=\"og:type\" content=\"article\" \/>\n<meta property=\"og:title\" content=\"Kerne VA-spand - 650L - 800mm - S60 - EMA Sverige\" \/>\n<meta property=\"og:description\" content=\"Core VA-skovl 800 mm &#8211; S60&#8211; Optimalt design for effektivt materialeflow &#8211; Designet til at forenkle arbejdet omkring, under kabler og vandr\u00f8r &#8211; Varieret sortiment med mange forskellige breddeindstillinger &#8211; Sk\u00e5ret i HB 500-materiale = Lang levetid. &#8211; Feje-, bund- og slidbeskyttelse i HB450-materiale = Lang levetid LANGVARIGHED MED DET RIGTIGE MATERIALE Produktets holdbarhed er [&hellip;]\" \/>\n<meta property=\"og:url\" content=\"https:\/\/emasweden.com\/da\/produkt\/kerne-va-spand-650l-800mm-s60\/\" \/>\n<meta property=\"og:site_name\" content=\"EMA Sverige\" \/>\n<meta property=\"article:modified_time\" content=\"2025-10-01T11:05:43+00:00\" \/>\n<meta property=\"og:image\" content=\"https:\/\/emasweden.com\/wp-content\/uploads\/2024\/10\/UTILITY-BUCKET.66.jpg\" \/>\n\t<meta property=\"og:image:width\" content=\"1920\" \/>\n\t<meta property=\"og:image:height\" content=\"1470\" \/>\n\t<meta property=\"og:image:type\" content=\"image\/jpeg\" \/>\n<meta name=\"twitter:card\" content=\"summary_large_image\" \/>\n<meta name=\"twitter:label1\" content=\"Estimeret l\u00e6setid\" \/>\n\t<meta name=\"twitter:data1\" content=\"1 minut\" \/>\n<script type=\"application\/ld+json\" class=\"yoast-schema-graph\">{\"@context\":\"https:\\\/\\\/schema.org\",\"@graph\":[{\"@type\":\"WebPage\",\"@id\":\"https:\\\/\\\/emasweden.com\\\/da\\\/produkt\\\/kerne-va-spand-650l-800mm-s60\\\/\",\"url\":\"https:\\\/\\\/emasweden.com\\\/da\\\/produkt\\\/kerne-va-spand-650l-800mm-s60\\\/\",\"name\":\"Kerne VA-spand - 650L - 800mm - S60 - EMA Sverige\",\"isPartOf\":{\"@id\":\"https:\\\/\\\/emasweden.com\\\/da\\\/#website\"},\"primaryImageOfPage\":{\"@id\":\"https:\\\/\\\/emasweden.com\\\/da\\\/produkt\\\/kerne-va-spand-650l-800mm-s60\\\/#primaryimage\"},\"image\":{\"@id\":\"https:\\\/\\\/emasweden.com\\\/da\\\/produkt\\\/kerne-va-spand-650l-800mm-s60\\\/#primaryimage\"},\"thumbnailUrl\":\"https:\\\/\\\/emasweden.com\\\/wp-content\\\/uploads\\\/2024\\\/10\\\/UTILITY-BUCKET.66.jpg\",\"datePublished\":\"2024-10-23T12:03:57+00:00\",\"dateModified\":\"2025-10-01T11:05:43+00:00\",\"breadcrumb\":{\"@id\":\"https:\\\/\\\/emasweden.com\\\/da\\\/produkt\\\/kerne-va-spand-650l-800mm-s60\\\/#breadcrumb\"},\"inLanguage\":\"da-DK\",\"potentialAction\":[{\"@type\":\"ReadAction\",\"target\":[\"https:\\\/\\\/emasweden.com\\\/da\\\/produkt\\\/kerne-va-spand-650l-800mm-s60\\\/\"]}]},{\"@type\":\"ImageObject\",\"inLanguage\":\"da-DK\",\"@id\":\"https:\\\/\\\/emasweden.com\\\/da\\\/produkt\\\/kerne-va-spand-650l-800mm-s60\\\/#primaryimage\",\"url\":\"https:\\\/\\\/emasweden.com\\\/wp-content\\\/uploads\\\/2024\\\/10\\\/UTILITY-BUCKET.66.jpg\",\"contentUrl\":\"https:\\\/\\\/emasweden.com\\\/wp-content\\\/uploads\\\/2024\\\/10\\\/UTILITY-BUCKET.66.jpg\",\"width\":1920,\"height\":1470},{\"@type\":\"BreadcrumbList\",\"@id\":\"https:\\\/\\\/emasweden.com\\\/da\\\/produkt\\\/kerne-va-spand-650l-800mm-s60\\\/#breadcrumb\",\"itemListElement\":[{\"@type\":\"ListItem\",\"position\":1,\"name\":\"Hem\",\"item\":\"https:\\\/\\\/emasweden.com\\\/da\\\/\"},{\"@type\":\"ListItem\",\"position\":2,\"name\":\"Produktsortiment\",\"item\":\"https:\\\/\\\/emasweden.com\\\/da\\\/produktsortiment-2\\\/\"},{\"@type\":\"ListItem\",\"position\":3,\"name\":\"Kerne VA-spand &#8211; 650L &#8211; 800mm &#8211; S60\"}]},{\"@type\":\"WebSite\",\"@id\":\"https:\\\/\\\/emasweden.com\\\/da\\\/#website\",\"url\":\"https:\\\/\\\/emasweden.com\\\/da\\\/\",\"name\":\"EMA Sverige\",\"description\":\"\",\"potentialAction\":[{\"@type\":\"SearchAction\",\"target\":{\"@type\":\"EntryPoint\",\"urlTemplate\":\"https:\\\/\\\/emasweden.com\\\/da\\\/?s={search_term_string}\"},\"query-input\":{\"@type\":\"PropertyValueSpecification\",\"valueRequired\":true,\"valueName\":\"search_term_string\"}}],\"inLanguage\":\"da-DK\"}]}<\/script>\n<!-- \/ Yoast SEO plugin. -->","yoast_head_json":{"title":"Kerne VA-spand - 650L - 800mm - S60 - EMA Sverige","robots":{"index":"index","follow":"follow","max-snippet":"max-snippet:-1","max-image-preview":"max-image-preview:large","max-video-preview":"max-video-preview:-1"},"canonical":"https:\/\/emasweden.com\/da\/produkt\/kerne-va-spand-650l-800mm-s60\/","og_locale":"da_DK","og_type":"article","og_title":"Kerne VA-spand - 650L - 800mm - S60 - EMA Sverige","og_description":"Core VA-skovl 800 mm &#8211; S60&#8211; Optimalt design for effektivt materialeflow &#8211; Designet til at forenkle arbejdet omkring, under kabler og vandr\u00f8r &#8211; Varieret sortiment med mange forskellige breddeindstillinger &#8211; Sk\u00e5ret i HB 500-materiale = Lang levetid. &#8211; Feje-, bund- og slidbeskyttelse i HB450-materiale = Lang levetid LANGVARIGHED MED DET RIGTIGE MATERIALE Produktets holdbarhed er [&hellip;]","og_url":"https:\/\/emasweden.com\/da\/produkt\/kerne-va-spand-650l-800mm-s60\/","og_site_name":"EMA Sverige","article_modified_time":"2025-10-01T11:05:43+00:00","og_image":[{"width":1920,"height":1470,"url":"https:\/\/emasweden.com\/wp-content\/uploads\/2024\/10\/UTILITY-BUCKET.66.jpg","type":"image\/jpeg"}],"twitter_card":"summary_large_image","twitter_misc":{"Estimeret l\u00e6setid":"1 minut"},"schema":{"@context":"https:\/\/schema.org","@graph":[{"@type":"WebPage","@id":"https:\/\/emasweden.com\/da\/produkt\/kerne-va-spand-650l-800mm-s60\/","url":"https:\/\/emasweden.com\/da\/produkt\/kerne-va-spand-650l-800mm-s60\/","name":"Kerne VA-spand - 650L - 800mm - S60 - EMA Sverige","isPartOf":{"@id":"https:\/\/emasweden.com\/da\/#website"},"primaryImageOfPage":{"@id":"https:\/\/emasweden.com\/da\/produkt\/kerne-va-spand-650l-800mm-s60\/#primaryimage"},"image":{"@id":"https:\/\/emasweden.com\/da\/produkt\/kerne-va-spand-650l-800mm-s60\/#primaryimage"},"thumbnailUrl":"https:\/\/emasweden.com\/wp-content\/uploads\/2024\/10\/UTILITY-BUCKET.66.jpg","datePublished":"2024-10-23T12:03:57+00:00","dateModified":"2025-10-01T11:05:43+00:00","breadcrumb":{"@id":"https:\/\/emasweden.com\/da\/produkt\/kerne-va-spand-650l-800mm-s60\/#breadcrumb"},"inLanguage":"da-DK","potentialAction":[{"@type":"ReadAction","target":["https:\/\/emasweden.com\/da\/produkt\/kerne-va-spand-650l-800mm-s60\/"]}]},{"@type":"ImageObject","inLanguage":"da-DK","@id":"https:\/\/emasweden.com\/da\/produkt\/kerne-va-spand-650l-800mm-s60\/#primaryimage","url":"https:\/\/emasweden.com\/wp-content\/uploads\/2024\/10\/UTILITY-BUCKET.66.jpg","contentUrl":"https:\/\/emasweden.com\/wp-content\/uploads\/2024\/10\/UTILITY-BUCKET.66.jpg","width":1920,"height":1470},{"@type":"BreadcrumbList","@id":"https:\/\/emasweden.com\/da\/produkt\/kerne-va-spand-650l-800mm-s60\/#breadcrumb","itemListElement":[{"@type":"ListItem","position":1,"name":"Hem","item":"https:\/\/emasweden.com\/da\/"},{"@type":"ListItem","position":2,"name":"Produktsortiment","item":"https:\/\/emasweden.com\/da\/produktsortiment-2\/"},{"@type":"ListItem","position":3,"name":"Kerne VA-spand &#8211; 650L &#8211; 800mm &#8211; S60"}]},{"@type":"WebSite","@id":"https:\/\/emasweden.com\/da\/#website","url":"https:\/\/emasweden.com\/da\/","name":"EMA Sverige","description":"","potentialAction":[{"@type":"SearchAction","target":{"@type":"EntryPoint","urlTemplate":"https:\/\/emasweden.com\/da\/?s={search_term_string}"},"query-input":{"@type":"PropertyValueSpecification","valueRequired":true,"valueName":"search_term_string"}}],"inLanguage":"da-DK"}]}},"_links":{"self":[{"href":"https:\/\/emasweden.com\/da\/wp-json\/wp\/v2\/product\/17991","targetHints":{"allow":["GET"]}}],"collection":[{"href":"https:\/\/emasweden.com\/da\/wp-json\/wp\/v2\/product"}],"about":[{"href":"https:\/\/emasweden.com\/da\/wp-json\/wp\/v2\/types\/product"}],"wp:featuredmedia":[{"embeddable":true,"href":"https:\/\/emasweden.com\/da\/wp-json\/wp\/v2\/media\/17975"}],"wp:attachment":[{"href":"https:\/\/emasweden.com\/da\/wp-json\/wp\/v2\/media?parent=17991"}],"wp:term":[{"taxonomy":"product_brand","embeddable":true,"href":"https:\/\/emasweden.com\/da\/wp-json\/wp\/v2\/product_brand?post=17991"},{"taxonomy":"product_cat","embeddable":true,"href":"https:\/\/emasweden.com\/da\/wp-json\/wp\/v2\/product_cat?post=17991"},{"taxonomy":"product_tag","embeddable":true,"href":"https:\/\/emasweden.com\/da\/wp-json\/wp\/v2\/product_tag?post=17991"},{"taxonomy":"faste-y","embeddable":true,"href":"https:\/\/emasweden.com\/da\/wp-json\/wp\/v2\/faste-y?post=17991"}],"curies":[{"name":"wp","href":"https:\/\/api.w.org\/{rel}","templated":true}]}}