{"id":18103,"date":"2024-10-23T14:04:31","date_gmt":"2024-10-23T12:04:31","guid":{"rendered":"https:\/\/emasweden.com\/produkt\/kerneudjaevningsspand-150l-900mm-s40\/"},"modified":"2025-10-01T13:07:40","modified_gmt":"2025-10-01T11:07:40","slug":"kerneudjaevningsspand-150l-900mm-s40","status":"publish","type":"product","link":"https:\/\/emasweden.com\/da\/produkt\/kerneudjaevningsspand-150l-900mm-s40\/","title":{"rendered":"Kerneudj\u00e6vningsspand &#8211; 150L &#8211; 900mm &#8211; S40"},"content":{"rendered":"<p><sup>Kerneudj\u00e6vningsskovl 900 mm &#8211; S40<\/sup><br \/>&#8211; Optimalt design for effektivt materialeflow<br \/>\n&#8211; Let og nem at arbejde med.<br \/>\n&#8211; Lang bund for \u00f8get st\u00f8tte ved udj\u00e6vning af materiale.<br \/>\n&#8211; Beskyttelsesh\u00e6tte til beskyttelse mod skader p\u00e5 tilt-rotatoren.<br \/>\n&#8211; Varieret sortiment med mange forskellige bredder<br \/>\n&#8211; Forl\u00e6nget sk\u00e6r i HB 500-materiale = Lang levetid<br \/>\n&#8211; Feje-, bund- og slidbeskyttelse i HB450-materiale = Lang levetid<\/p>\n<p>LANGVARIGHED MED DET RIGTIGE MATERIALE<br \/>\nProduktets holdbarhed er en vigtig n\u00f8glefaktor for rentabiliteten. Derfor fremstilles EMA Core i materialer med en Brinell-h\u00e5rdhed p\u00e5 HB450.   <\/p>\n<p>DESIGN DER ST\u00c5R UD<br \/>\nKan 1 + 1 blive til 3? JA, med EMA Core nivelleringsskovl! Oplev forskellen med nivelleringsskovlen fra EMA Core. Med standardudstyr som lang bund, h\u00e6tte og forl\u00e6nget blad er dette et design, der skiller sig ud i forhold til andre muligheder. Sammen med en tilt-rotator bliver EMA Core-nivelleringsskovlen et uundv\u00e6rligt v\u00e6rkt\u00f8j i dit v\u00e6rkt\u00f8jsarsenal.    <\/p>\n","protected":false},"excerpt":{"rendered":"<p>Kerneudj\u00e6vningsskovl 900 mm &#8211; S40&#8211; Optimalt design for effektivt materialeflow &#8211; Let og nem at arbejde med. &#8211; Lang bund for \u00f8get st\u00f8tte ved udj\u00e6vning af materiale. &#8211; Beskyttelsesh\u00e6tte til beskyttelse mod skader p\u00e5 tilt-rotatoren. &#8211; Varieret sortiment med mange forskellige bredder &#8211; Forl\u00e6nget sk\u00e6r i HB 500-materiale = Lang levetid &#8211; Feje-, bund- og [&hellip;]<\/p>\n","protected":false},"featured_media":19728,"template":"","meta":{"_monsterinsights_skip_tracking":false,"_monsterinsights_sitenote_active":false,"_monsterinsights_sitenote_note":"","_monsterinsights_sitenote_category":0},"product_brand":[],"product_cat":[3596],"product_tag":[3323],"faste-y":[],"class_list":{"0":"post-18103","1":"product","2":"type-product","3":"status-publish","4":"has-post-thumbnail","6":"product_cat-planerskovl","7":"product_tag-kerne","8":"pa_max-bredd-900mm","9":"pa_skar-16x150mm","10":"pa_vikt-98-kg","12":"first","13":"instock","14":"purchasable","15":"product-type-simple"},"yoast_head":"<!-- This site is optimized with the Yoast SEO plugin v27.3 - https:\/\/yoast.com\/product\/yoast-seo-wordpress\/ -->\n<title>Kerneudj\u00e6vningsspand - 150L - 900mm - S40 - EMA Sverige<\/title>\n<meta name=\"robots\" content=\"index, follow, max-snippet:-1, max-image-preview:large, max-video-preview:-1\" \/>\n<link rel=\"canonical\" href=\"https:\/\/emasweden.com\/da\/produkt\/kerneudjaevningsspand-150l-900mm-s40\/\" \/>\n<meta property=\"og:locale\" content=\"da_DK\" \/>\n<meta property=\"og:type\" content=\"article\" \/>\n<meta property=\"og:title\" content=\"Kerneudj\u00e6vningsspand - 150L - 900mm - S40 - EMA Sverige\" \/>\n<meta property=\"og:description\" content=\"Kerneudj\u00e6vningsskovl 900 mm &#8211; S40&#8211; Optimalt design for effektivt materialeflow &#8211; Let og nem at arbejde med. &#8211; Lang bund for \u00f8get st\u00f8tte ved udj\u00e6vning af materiale. &#8211; Beskyttelsesh\u00e6tte til beskyttelse mod skader p\u00e5 tilt-rotatoren. &#8211; Varieret sortiment med mange forskellige bredder &#8211; Forl\u00e6nget sk\u00e6r i HB 500-materiale = Lang levetid &#8211; Feje-, bund- og [&hellip;]\" \/>\n<meta property=\"og:url\" content=\"https:\/\/emasweden.com\/da\/produkt\/kerneudjaevningsspand-150l-900mm-s40\/\" \/>\n<meta property=\"og:site_name\" content=\"EMA Sverige\" \/>\n<meta property=\"article:modified_time\" content=\"2025-10-01T11:07:40+00:00\" \/>\n<meta property=\"og:image\" content=\"https:\/\/emasweden.com\/wp-content\/uploads\/2021\/01\/placeholder-bild-ema.jpg\" \/>\n\t<meta property=\"og:image:width\" content=\"1000\" \/>\n\t<meta property=\"og:image:height\" content=\"750\" \/>\n\t<meta property=\"og:image:type\" content=\"image\/jpeg\" \/>\n<meta name=\"twitter:card\" content=\"summary_large_image\" \/>\n<meta name=\"twitter:label1\" content=\"Estimeret l\u00e6setid\" \/>\n\t<meta name=\"twitter:data1\" content=\"1 minut\" \/>\n<script type=\"application\/ld+json\" class=\"yoast-schema-graph\">{\"@context\":\"https:\\\/\\\/schema.org\",\"@graph\":[{\"@type\":\"WebPage\",\"@id\":\"https:\\\/\\\/emasweden.com\\\/da\\\/produkt\\\/kerneudjaevningsspand-150l-900mm-s40\\\/\",\"url\":\"https:\\\/\\\/emasweden.com\\\/da\\\/produkt\\\/kerneudjaevningsspand-150l-900mm-s40\\\/\",\"name\":\"Kerneudj\u00e6vningsspand - 150L - 900mm - S40 - EMA Sverige\",\"isPartOf\":{\"@id\":\"https:\\\/\\\/emasweden.com\\\/da\\\/#website\"},\"primaryImageOfPage\":{\"@id\":\"https:\\\/\\\/emasweden.com\\\/da\\\/produkt\\\/kerneudjaevningsspand-150l-900mm-s40\\\/#primaryimage\"},\"image\":{\"@id\":\"https:\\\/\\\/emasweden.com\\\/da\\\/produkt\\\/kerneudjaevningsspand-150l-900mm-s40\\\/#primaryimage\"},\"thumbnailUrl\":\"https:\\\/\\\/emasweden.com\\\/wp-content\\\/uploads\\\/2021\\\/01\\\/placeholder-bild-ema.jpg\",\"datePublished\":\"2024-10-23T12:04:31+00:00\",\"dateModified\":\"2025-10-01T11:07:40+00:00\",\"breadcrumb\":{\"@id\":\"https:\\\/\\\/emasweden.com\\\/da\\\/produkt\\\/kerneudjaevningsspand-150l-900mm-s40\\\/#breadcrumb\"},\"inLanguage\":\"da-DK\",\"potentialAction\":[{\"@type\":\"ReadAction\",\"target\":[\"https:\\\/\\\/emasweden.com\\\/da\\\/produkt\\\/kerneudjaevningsspand-150l-900mm-s40\\\/\"]}]},{\"@type\":\"ImageObject\",\"inLanguage\":\"da-DK\",\"@id\":\"https:\\\/\\\/emasweden.com\\\/da\\\/produkt\\\/kerneudjaevningsspand-150l-900mm-s40\\\/#primaryimage\",\"url\":\"https:\\\/\\\/emasweden.com\\\/wp-content\\\/uploads\\\/2021\\\/01\\\/placeholder-bild-ema.jpg\",\"contentUrl\":\"https:\\\/\\\/emasweden.com\\\/wp-content\\\/uploads\\\/2021\\\/01\\\/placeholder-bild-ema.jpg\",\"width\":1000,\"height\":750},{\"@type\":\"BreadcrumbList\",\"@id\":\"https:\\\/\\\/emasweden.com\\\/da\\\/produkt\\\/kerneudjaevningsspand-150l-900mm-s40\\\/#breadcrumb\",\"itemListElement\":[{\"@type\":\"ListItem\",\"position\":1,\"name\":\"Hem\",\"item\":\"https:\\\/\\\/emasweden.com\\\/da\\\/\"},{\"@type\":\"ListItem\",\"position\":2,\"name\":\"Produktsortiment\",\"item\":\"https:\\\/\\\/emasweden.com\\\/da\\\/produktsortiment-2\\\/\"},{\"@type\":\"ListItem\",\"position\":3,\"name\":\"Kerneudj\u00e6vningsspand &#8211; 150L &#8211; 900mm &#8211; S40\"}]},{\"@type\":\"WebSite\",\"@id\":\"https:\\\/\\\/emasweden.com\\\/da\\\/#website\",\"url\":\"https:\\\/\\\/emasweden.com\\\/da\\\/\",\"name\":\"EMA Sverige\",\"description\":\"\",\"potentialAction\":[{\"@type\":\"SearchAction\",\"target\":{\"@type\":\"EntryPoint\",\"urlTemplate\":\"https:\\\/\\\/emasweden.com\\\/da\\\/?s={search_term_string}\"},\"query-input\":{\"@type\":\"PropertyValueSpecification\",\"valueRequired\":true,\"valueName\":\"search_term_string\"}}],\"inLanguage\":\"da-DK\"}]}<\/script>\n<!-- \/ Yoast SEO plugin. -->","yoast_head_json":{"title":"Kerneudj\u00e6vningsspand - 150L - 900mm - S40 - EMA Sverige","robots":{"index":"index","follow":"follow","max-snippet":"max-snippet:-1","max-image-preview":"max-image-preview:large","max-video-preview":"max-video-preview:-1"},"canonical":"https:\/\/emasweden.com\/da\/produkt\/kerneudjaevningsspand-150l-900mm-s40\/","og_locale":"da_DK","og_type":"article","og_title":"Kerneudj\u00e6vningsspand - 150L - 900mm - S40 - EMA Sverige","og_description":"Kerneudj\u00e6vningsskovl 900 mm &#8211; S40&#8211; Optimalt design for effektivt materialeflow &#8211; Let og nem at arbejde med. &#8211; Lang bund for \u00f8get st\u00f8tte ved udj\u00e6vning af materiale. &#8211; Beskyttelsesh\u00e6tte til beskyttelse mod skader p\u00e5 tilt-rotatoren. &#8211; Varieret sortiment med mange forskellige bredder &#8211; Forl\u00e6nget sk\u00e6r i HB 500-materiale = Lang levetid &#8211; Feje-, bund- og [&hellip;]","og_url":"https:\/\/emasweden.com\/da\/produkt\/kerneudjaevningsspand-150l-900mm-s40\/","og_site_name":"EMA Sverige","article_modified_time":"2025-10-01T11:07:40+00:00","og_image":[{"width":1000,"height":750,"url":"https:\/\/emasweden.com\/wp-content\/uploads\/2021\/01\/placeholder-bild-ema.jpg","type":"image\/jpeg"}],"twitter_card":"summary_large_image","twitter_misc":{"Estimeret l\u00e6setid":"1 minut"},"schema":{"@context":"https:\/\/schema.org","@graph":[{"@type":"WebPage","@id":"https:\/\/emasweden.com\/da\/produkt\/kerneudjaevningsspand-150l-900mm-s40\/","url":"https:\/\/emasweden.com\/da\/produkt\/kerneudjaevningsspand-150l-900mm-s40\/","name":"Kerneudj\u00e6vningsspand - 150L - 900mm - S40 - EMA Sverige","isPartOf":{"@id":"https:\/\/emasweden.com\/da\/#website"},"primaryImageOfPage":{"@id":"https:\/\/emasweden.com\/da\/produkt\/kerneudjaevningsspand-150l-900mm-s40\/#primaryimage"},"image":{"@id":"https:\/\/emasweden.com\/da\/produkt\/kerneudjaevningsspand-150l-900mm-s40\/#primaryimage"},"thumbnailUrl":"https:\/\/emasweden.com\/wp-content\/uploads\/2021\/01\/placeholder-bild-ema.jpg","datePublished":"2024-10-23T12:04:31+00:00","dateModified":"2025-10-01T11:07:40+00:00","breadcrumb":{"@id":"https:\/\/emasweden.com\/da\/produkt\/kerneudjaevningsspand-150l-900mm-s40\/#breadcrumb"},"inLanguage":"da-DK","potentialAction":[{"@type":"ReadAction","target":["https:\/\/emasweden.com\/da\/produkt\/kerneudjaevningsspand-150l-900mm-s40\/"]}]},{"@type":"ImageObject","inLanguage":"da-DK","@id":"https:\/\/emasweden.com\/da\/produkt\/kerneudjaevningsspand-150l-900mm-s40\/#primaryimage","url":"https:\/\/emasweden.com\/wp-content\/uploads\/2021\/01\/placeholder-bild-ema.jpg","contentUrl":"https:\/\/emasweden.com\/wp-content\/uploads\/2021\/01\/placeholder-bild-ema.jpg","width":1000,"height":750},{"@type":"BreadcrumbList","@id":"https:\/\/emasweden.com\/da\/produkt\/kerneudjaevningsspand-150l-900mm-s40\/#breadcrumb","itemListElement":[{"@type":"ListItem","position":1,"name":"Hem","item":"https:\/\/emasweden.com\/da\/"},{"@type":"ListItem","position":2,"name":"Produktsortiment","item":"https:\/\/emasweden.com\/da\/produktsortiment-2\/"},{"@type":"ListItem","position":3,"name":"Kerneudj\u00e6vningsspand &#8211; 150L &#8211; 900mm &#8211; S40"}]},{"@type":"WebSite","@id":"https:\/\/emasweden.com\/da\/#website","url":"https:\/\/emasweden.com\/da\/","name":"EMA Sverige","description":"","potentialAction":[{"@type":"SearchAction","target":{"@type":"EntryPoint","urlTemplate":"https:\/\/emasweden.com\/da\/?s={search_term_string}"},"query-input":{"@type":"PropertyValueSpecification","valueRequired":true,"valueName":"search_term_string"}}],"inLanguage":"da-DK"}]}},"_links":{"self":[{"href":"https:\/\/emasweden.com\/da\/wp-json\/wp\/v2\/product\/18103","targetHints":{"allow":["GET"]}}],"collection":[{"href":"https:\/\/emasweden.com\/da\/wp-json\/wp\/v2\/product"}],"about":[{"href":"https:\/\/emasweden.com\/da\/wp-json\/wp\/v2\/types\/product"}],"wp:featuredmedia":[{"embeddable":true,"href":"https:\/\/emasweden.com\/da\/wp-json\/wp\/v2\/media\/19728"}],"wp:attachment":[{"href":"https:\/\/emasweden.com\/da\/wp-json\/wp\/v2\/media?parent=18103"}],"wp:term":[{"taxonomy":"product_brand","embeddable":true,"href":"https:\/\/emasweden.com\/da\/wp-json\/wp\/v2\/product_brand?post=18103"},{"taxonomy":"product_cat","embeddable":true,"href":"https:\/\/emasweden.com\/da\/wp-json\/wp\/v2\/product_cat?post=18103"},{"taxonomy":"product_tag","embeddable":true,"href":"https:\/\/emasweden.com\/da\/wp-json\/wp\/v2\/product_tag?post=18103"},{"taxonomy":"faste-y","embeddable":true,"href":"https:\/\/emasweden.com\/da\/wp-json\/wp\/v2\/faste-y?post=18103"}],"curies":[{"name":"wp","href":"https:\/\/api.w.org\/{rel}","templated":true}]}}