{"id":18155,"date":"2024-10-23T14:04:48","date_gmt":"2024-10-23T12:04:48","guid":{"rendered":"https:\/\/emasweden.com\/produkt\/dyb-kerneskovl-475l-900mm-s45\/"},"modified":"2025-11-11T12:54:18","modified_gmt":"2025-11-11T11:54:18","slug":"graveskovl-475l-900mm-s45","status":"publish","type":"product","link":"https:\/\/emasweden.com\/da\/produkt\/graveskovl-475l-900mm-s45\/","title":{"rendered":"Graveskovl &#8211; 475L &#8211; 900mm &#8211; S45"},"content":{"rendered":"<p><sup>Graveskovl 900 mm &#8211; S45<\/sup><br \/>\n&#8211; Optimalt design for effektivt materialeflow<br \/>\n&#8211; Varieret sortiment med mange forskellige bredde- og designmuligheder.<br \/>\n&#8211; Sk\u00e6rer i HB 500-materiale = Lang levetid<br \/>\n&#8211; Feje-, bund- og slidbeskyttelse i HB450-materiale = Lang levetid<br \/>\n&#8211; CAT J-type tandsystem<\/p>\n<p>LANGVARIGHED MED DET RIGTIGE MATERIALE<br \/>\nProduktets holdbarhed er en vigtig n\u00f8glefaktor for rentabiliteten. Derfor fremstilles EMA Core i materialer med en Brinell-h\u00e5rdhed p\u00e5 HB450.<\/p>\n<p>FLEKSIBILITET OG YDELSE<br \/>\nEMA Core-graveskovlen er et skridt fremad i EMA&#8217;s udvikling af entrepren\u00f8rmateriel. Ved at v\u00e6lge EMA Core f\u00e5r du ikke kun adgang til p\u00e5lidelige og omkostningseffektive produkter, men ogs\u00e5 v\u00e6rkt\u00f8jer, der er designet til at g\u00f8re din hverdag lettere og mere effektiv. Med fokus p\u00e5 smidighed og ydeevne er EMA Core det ultimative valg til at str\u00f8mline din drift og reducere driftsomkostningerne.<\/p>\n","protected":false},"excerpt":{"rendered":"<p>Graveskovl 900 mm &#8211; S45 &#8211; Optimalt design for effektivt materialeflow &#8211; Varieret sortiment med mange forskellige bredde- og designmuligheder. &#8211; Sk\u00e6rer i HB 500-materiale = Lang levetid &#8211; Feje-, bund- og slidbeskyttelse i HB450-materiale = Lang levetid &#8211; CAT J-type tandsystem LANGVARIGHED MED DET RIGTIGE MATERIALE Produktets holdbarhed er en vigtig n\u00f8glefaktor for rentabiliteten. [&hellip;]<\/p>\n","protected":false},"featured_media":17347,"template":"","meta":{"_monsterinsights_skip_tracking":false,"_monsterinsights_sitenote_active":false,"_monsterinsights_sitenote_note":"","_monsterinsights_sitenote_category":0},"product_brand":[],"product_cat":[3320],"product_tag":[3323],"faste-y":[],"class_list":{"0":"post-18155","1":"product","2":"type-product","3":"status-publish","4":"has-post-thumbnail","6":"product_cat-graveskovl","7":"product_tag-kerne","8":"pa_antal-tander-4-stk","9":"pa_max-bredd-900mm","10":"pa_tand-j250","11":"pa_vikt-273-kg","13":"first","14":"instock","15":"purchasable","16":"product-type-simple"},"yoast_head":"<!-- This site is optimized with the Yoast SEO plugin v27.3 - https:\/\/yoast.com\/product\/yoast-seo-wordpress\/ -->\n<title>Graveskovl - 475L - 900mm - S45 - EMA Sverige<\/title>\n<meta name=\"robots\" content=\"index, follow, max-snippet:-1, max-image-preview:large, max-video-preview:-1\" \/>\n<link rel=\"canonical\" href=\"https:\/\/emasweden.com\/da\/produkt\/graveskovl-475l-900mm-s45\/\" \/>\n<meta property=\"og:locale\" content=\"da_DK\" \/>\n<meta property=\"og:type\" content=\"article\" \/>\n<meta property=\"og:title\" content=\"Graveskovl - 475L - 900mm - S45 - EMA Sverige\" \/>\n<meta property=\"og:description\" content=\"Graveskovl 900 mm &#8211; S45 &#8211; Optimalt design for effektivt materialeflow &#8211; Varieret sortiment med mange forskellige bredde- og designmuligheder. &#8211; Sk\u00e6rer i HB 500-materiale = Lang levetid &#8211; Feje-, bund- og slidbeskyttelse i HB450-materiale = Lang levetid &#8211; CAT J-type tandsystem LANGVARIGHED MED DET RIGTIGE MATERIALE Produktets holdbarhed er en vigtig n\u00f8glefaktor for rentabiliteten. [&hellip;]\" \/>\n<meta property=\"og:url\" content=\"https:\/\/emasweden.com\/da\/produkt\/graveskovl-475l-900mm-s45\/\" \/>\n<meta property=\"og:site_name\" content=\"EMA Sverige\" \/>\n<meta property=\"article:modified_time\" content=\"2025-11-11T11:54:18+00:00\" \/>\n<meta property=\"og:image\" content=\"https:\/\/emasweden.com\/wp-content\/uploads\/2024\/10\/DIGGING-BUCKET.57.jpg\" \/>\n\t<meta property=\"og:image:width\" content=\"1920\" \/>\n\t<meta property=\"og:image:height\" content=\"1470\" \/>\n\t<meta property=\"og:image:type\" content=\"image\/jpeg\" \/>\n<meta name=\"twitter:card\" content=\"summary_large_image\" \/>\n<meta name=\"twitter:label1\" content=\"Estimeret l\u00e6setid\" \/>\n\t<meta name=\"twitter:data1\" content=\"1 minut\" \/>\n<script type=\"application\/ld+json\" class=\"yoast-schema-graph\">{\"@context\":\"https:\\\/\\\/schema.org\",\"@graph\":[{\"@type\":\"WebPage\",\"@id\":\"https:\\\/\\\/emasweden.com\\\/da\\\/produkt\\\/graveskovl-475l-900mm-s45\\\/\",\"url\":\"https:\\\/\\\/emasweden.com\\\/da\\\/produkt\\\/graveskovl-475l-900mm-s45\\\/\",\"name\":\"Graveskovl - 475L - 900mm - S45 - EMA Sverige\",\"isPartOf\":{\"@id\":\"https:\\\/\\\/emasweden.com\\\/da\\\/#website\"},\"primaryImageOfPage\":{\"@id\":\"https:\\\/\\\/emasweden.com\\\/da\\\/produkt\\\/graveskovl-475l-900mm-s45\\\/#primaryimage\"},\"image\":{\"@id\":\"https:\\\/\\\/emasweden.com\\\/da\\\/produkt\\\/graveskovl-475l-900mm-s45\\\/#primaryimage\"},\"thumbnailUrl\":\"https:\\\/\\\/emasweden.com\\\/wp-content\\\/uploads\\\/2024\\\/10\\\/DIGGING-BUCKET.57.jpg\",\"datePublished\":\"2024-10-23T12:04:48+00:00\",\"dateModified\":\"2025-11-11T11:54:18+00:00\",\"breadcrumb\":{\"@id\":\"https:\\\/\\\/emasweden.com\\\/da\\\/produkt\\\/graveskovl-475l-900mm-s45\\\/#breadcrumb\"},\"inLanguage\":\"da-DK\",\"potentialAction\":[{\"@type\":\"ReadAction\",\"target\":[\"https:\\\/\\\/emasweden.com\\\/da\\\/produkt\\\/graveskovl-475l-900mm-s45\\\/\"]}]},{\"@type\":\"ImageObject\",\"inLanguage\":\"da-DK\",\"@id\":\"https:\\\/\\\/emasweden.com\\\/da\\\/produkt\\\/graveskovl-475l-900mm-s45\\\/#primaryimage\",\"url\":\"https:\\\/\\\/emasweden.com\\\/wp-content\\\/uploads\\\/2024\\\/10\\\/DIGGING-BUCKET.57.jpg\",\"contentUrl\":\"https:\\\/\\\/emasweden.com\\\/wp-content\\\/uploads\\\/2024\\\/10\\\/DIGGING-BUCKET.57.jpg\",\"width\":1920,\"height\":1470},{\"@type\":\"BreadcrumbList\",\"@id\":\"https:\\\/\\\/emasweden.com\\\/da\\\/produkt\\\/graveskovl-475l-900mm-s45\\\/#breadcrumb\",\"itemListElement\":[{\"@type\":\"ListItem\",\"position\":1,\"name\":\"Hem\",\"item\":\"https:\\\/\\\/emasweden.com\\\/da\\\/\"},{\"@type\":\"ListItem\",\"position\":2,\"name\":\"Produktsortiment\",\"item\":\"https:\\\/\\\/emasweden.com\\\/da\\\/produktsortiment-2\\\/\"},{\"@type\":\"ListItem\",\"position\":3,\"name\":\"Graveskovl &#8211; 475L &#8211; 900mm &#8211; S45\"}]},{\"@type\":\"WebSite\",\"@id\":\"https:\\\/\\\/emasweden.com\\\/da\\\/#website\",\"url\":\"https:\\\/\\\/emasweden.com\\\/da\\\/\",\"name\":\"EMA Sverige\",\"description\":\"\",\"potentialAction\":[{\"@type\":\"SearchAction\",\"target\":{\"@type\":\"EntryPoint\",\"urlTemplate\":\"https:\\\/\\\/emasweden.com\\\/da\\\/?s={search_term_string}\"},\"query-input\":{\"@type\":\"PropertyValueSpecification\",\"valueRequired\":true,\"valueName\":\"search_term_string\"}}],\"inLanguage\":\"da-DK\"}]}<\/script>\n<!-- \/ Yoast SEO plugin. -->","yoast_head_json":{"title":"Graveskovl - 475L - 900mm - S45 - EMA Sverige","robots":{"index":"index","follow":"follow","max-snippet":"max-snippet:-1","max-image-preview":"max-image-preview:large","max-video-preview":"max-video-preview:-1"},"canonical":"https:\/\/emasweden.com\/da\/produkt\/graveskovl-475l-900mm-s45\/","og_locale":"da_DK","og_type":"article","og_title":"Graveskovl - 475L - 900mm - S45 - EMA Sverige","og_description":"Graveskovl 900 mm &#8211; S45 &#8211; Optimalt design for effektivt materialeflow &#8211; Varieret sortiment med mange forskellige bredde- og designmuligheder. &#8211; Sk\u00e6rer i HB 500-materiale = Lang levetid &#8211; Feje-, bund- og slidbeskyttelse i HB450-materiale = Lang levetid &#8211; CAT J-type tandsystem LANGVARIGHED MED DET RIGTIGE MATERIALE Produktets holdbarhed er en vigtig n\u00f8glefaktor for rentabiliteten. [&hellip;]","og_url":"https:\/\/emasweden.com\/da\/produkt\/graveskovl-475l-900mm-s45\/","og_site_name":"EMA Sverige","article_modified_time":"2025-11-11T11:54:18+00:00","og_image":[{"width":1920,"height":1470,"url":"https:\/\/emasweden.com\/wp-content\/uploads\/2024\/10\/DIGGING-BUCKET.57.jpg","type":"image\/jpeg"}],"twitter_card":"summary_large_image","twitter_misc":{"Estimeret l\u00e6setid":"1 minut"},"schema":{"@context":"https:\/\/schema.org","@graph":[{"@type":"WebPage","@id":"https:\/\/emasweden.com\/da\/produkt\/graveskovl-475l-900mm-s45\/","url":"https:\/\/emasweden.com\/da\/produkt\/graveskovl-475l-900mm-s45\/","name":"Graveskovl - 475L - 900mm - S45 - EMA Sverige","isPartOf":{"@id":"https:\/\/emasweden.com\/da\/#website"},"primaryImageOfPage":{"@id":"https:\/\/emasweden.com\/da\/produkt\/graveskovl-475l-900mm-s45\/#primaryimage"},"image":{"@id":"https:\/\/emasweden.com\/da\/produkt\/graveskovl-475l-900mm-s45\/#primaryimage"},"thumbnailUrl":"https:\/\/emasweden.com\/wp-content\/uploads\/2024\/10\/DIGGING-BUCKET.57.jpg","datePublished":"2024-10-23T12:04:48+00:00","dateModified":"2025-11-11T11:54:18+00:00","breadcrumb":{"@id":"https:\/\/emasweden.com\/da\/produkt\/graveskovl-475l-900mm-s45\/#breadcrumb"},"inLanguage":"da-DK","potentialAction":[{"@type":"ReadAction","target":["https:\/\/emasweden.com\/da\/produkt\/graveskovl-475l-900mm-s45\/"]}]},{"@type":"ImageObject","inLanguage":"da-DK","@id":"https:\/\/emasweden.com\/da\/produkt\/graveskovl-475l-900mm-s45\/#primaryimage","url":"https:\/\/emasweden.com\/wp-content\/uploads\/2024\/10\/DIGGING-BUCKET.57.jpg","contentUrl":"https:\/\/emasweden.com\/wp-content\/uploads\/2024\/10\/DIGGING-BUCKET.57.jpg","width":1920,"height":1470},{"@type":"BreadcrumbList","@id":"https:\/\/emasweden.com\/da\/produkt\/graveskovl-475l-900mm-s45\/#breadcrumb","itemListElement":[{"@type":"ListItem","position":1,"name":"Hem","item":"https:\/\/emasweden.com\/da\/"},{"@type":"ListItem","position":2,"name":"Produktsortiment","item":"https:\/\/emasweden.com\/da\/produktsortiment-2\/"},{"@type":"ListItem","position":3,"name":"Graveskovl &#8211; 475L &#8211; 900mm &#8211; S45"}]},{"@type":"WebSite","@id":"https:\/\/emasweden.com\/da\/#website","url":"https:\/\/emasweden.com\/da\/","name":"EMA Sverige","description":"","potentialAction":[{"@type":"SearchAction","target":{"@type":"EntryPoint","urlTemplate":"https:\/\/emasweden.com\/da\/?s={search_term_string}"},"query-input":{"@type":"PropertyValueSpecification","valueRequired":true,"valueName":"search_term_string"}}],"inLanguage":"da-DK"}]}},"_links":{"self":[{"href":"https:\/\/emasweden.com\/da\/wp-json\/wp\/v2\/product\/18155","targetHints":{"allow":["GET"]}}],"collection":[{"href":"https:\/\/emasweden.com\/da\/wp-json\/wp\/v2\/product"}],"about":[{"href":"https:\/\/emasweden.com\/da\/wp-json\/wp\/v2\/types\/product"}],"wp:featuredmedia":[{"embeddable":true,"href":"https:\/\/emasweden.com\/da\/wp-json\/wp\/v2\/media\/17347"}],"wp:attachment":[{"href":"https:\/\/emasweden.com\/da\/wp-json\/wp\/v2\/media?parent=18155"}],"wp:term":[{"taxonomy":"product_brand","embeddable":true,"href":"https:\/\/emasweden.com\/da\/wp-json\/wp\/v2\/product_brand?post=18155"},{"taxonomy":"product_cat","embeddable":true,"href":"https:\/\/emasweden.com\/da\/wp-json\/wp\/v2\/product_cat?post=18155"},{"taxonomy":"product_tag","embeddable":true,"href":"https:\/\/emasweden.com\/da\/wp-json\/wp\/v2\/product_tag?post=18155"},{"taxonomy":"faste-y","embeddable":true,"href":"https:\/\/emasweden.com\/da\/wp-json\/wp\/v2\/faste-y?post=18155"}],"curies":[{"name":"wp","href":"https:\/\/api.w.org\/{rel}","templated":true}]}}