{"id":18177,"date":"2021-03-16T11:09:29","date_gmt":"2021-03-16T10:09:29","guid":{"rendered":"https:\/\/emasweden.com\/produkt\/hd-kabelskovl-konisk-600l-600-850mm-s70\/"},"modified":"2025-10-01T13:09:06","modified_gmt":"2025-10-01T11:09:06","slug":"hd-kabelskovl-konisk-600l-600-850mm-s70","status":"publish","type":"product","link":"https:\/\/emasweden.com\/da\/produkt\/hd-kabelskovl-konisk-600l-600-850mm-s70\/","title":{"rendered":"HD kabelskovl konisk 600L &#8211; 600\/850mm &#8211; S70"},"content":{"rendered":"<p><sup>HD Kabelskovl konisk 600L &#8211; 600\/850mm &#8211; S70<\/sup><br \/>Kabelskovl heavy duty<br \/>\n<br \/>&#8211; Heavy duty (HD) er kraftcentret i vores produktsortiment. Her vender vi hver en sten, n\u00e5r det g\u00e6lder materialer. Produkterne er udstyret med slidribber i bunden, og produkterne har ofte st\u00f8rre dimensioner.   Dette kraftv\u00e6rk bruges mest af brugere, der stiller meget h\u00f8je krav til deres produkter, og hvor de ofte arbejder i materialer og milj\u00f8er, der kr\u00e6ver det lille ekstra, n\u00e5r det g\u00e6lder holdbarhed. Denne kategori af spande er ofte tungere p\u00e5 grund af brugen af ekstra st\u00e5l, men det resulterer i en meget holdbar spand.<\/p>\n<p>&#8211; Sk\u00e5ret i 500 Brinell <a href=\"https:\/\/www.borox.se\/produkter\/skopst%C3%A5l\" target=\"_blank\" rel=\"noopener\">BOROX<\/a><br \/>\n<br \/>&#8211; Slidbeskyttelse p\u00e5 siderne, forenden, bunden og slidribberne i <a href=\"https:\/\/www.ssab.com\/products\/brands\/hardox\/products\/hardox-450\" target=\"_blank\" rel=\"noopener\">HARDOX 450<\/a><br \/>\n<br \/>&#8211; Skovlen er udviklet sammen med maskinf\u00f8rere<br \/>\n<br \/>&#8211; Moderne design med lang bund<br \/>\n<br \/>&#8211; En konisk kabelskovl betyder, at materialet ikke s\u00e5 let s\u00e6tter sig fast i skovlen. Det giver ogs\u00e5 en bredere og mere stabil aksel. <\/p>\n","protected":false},"excerpt":{"rendered":"<p>HD Kabelskovl konisk 600L &#8211; 600\/850mm &#8211; S70Kabelskovl heavy duty &#8211; Heavy duty (HD) er kraftcentret i vores produktsortiment. Her vender vi hver en sten, n\u00e5r det g\u00e6lder materialer. Produkterne er udstyret med slidribber i bunden, og produkterne har ofte st\u00f8rre dimensioner. Dette kraftv\u00e6rk bruges mest af brugere, der stiller meget h\u00f8je krav til deres [&hellip;]<\/p>\n","protected":false},"featured_media":22538,"template":"","meta":{"_monsterinsights_skip_tracking":false,"_monsterinsights_sitenote_active":false,"_monsterinsights_sitenote_note":"","_monsterinsights_sitenote_category":0},"product_brand":[],"product_cat":[3433],"product_tag":[],"faste-y":[],"class_list":{"0":"post-18177","1":"product","2":"type-product","3":"status-publish","4":"has-post-thumbnail","6":"product_cat-kabelskovl","7":"pa_max-bredd-850mm","8":"pa_min-bredd-600mm","9":"pa_skar-40x300mm","10":"pa_vikt-680-kg","12":"first","13":"instock","14":"purchasable","15":"product-type-simple"},"yoast_head":"<!-- This site is optimized with the Yoast SEO plugin v27.3 - https:\/\/yoast.com\/product\/yoast-seo-wordpress\/ -->\n<title>HD kabelskovl konisk 600L - 600\/850mm - S70 - EMA Sverige<\/title>\n<meta name=\"description\" content=\"HD Kabelskovl Konisk 600L - 600\/850mm - S70 Sk\u00e5ret i 500 Brinell BOROX. Slidbeskyttelse p\u00e5 siderne, forenden, bunden og slidribber i HARDOX 450\" \/>\n<meta name=\"robots\" content=\"index, follow, max-snippet:-1, max-image-preview:large, max-video-preview:-1\" \/>\n<link rel=\"canonical\" href=\"https:\/\/emasweden.com\/da\/produkt\/hd-kabelskovl-konisk-600l-600-850mm-s70\/\" \/>\n<meta property=\"og:locale\" content=\"da_DK\" \/>\n<meta property=\"og:type\" content=\"article\" \/>\n<meta property=\"og:title\" content=\"HD kabelskovl konisk 600L - 600\/850mm - S70 - EMA Sverige\" \/>\n<meta property=\"og:description\" content=\"HD Kabelskovl Konisk 600L - 600\/850mm - S70 Sk\u00e5ret i 500 Brinell BOROX. Slidbeskyttelse p\u00e5 siderne, forenden, bunden og slidribber i HARDOX 450\" \/>\n<meta property=\"og:url\" content=\"https:\/\/emasweden.com\/da\/produkt\/hd-kabelskovl-konisk-600l-600-850mm-s70\/\" \/>\n<meta property=\"og:site_name\" content=\"EMA Sverige\" \/>\n<meta property=\"article:modified_time\" content=\"2025-10-01T11:09:06+00:00\" \/>\n<meta property=\"og:image\" content=\"https:\/\/emasweden.com\/wp-content\/uploads\/2021\/01\/7293176_1.jpg\" \/>\n\t<meta property=\"og:image:width\" content=\"1000\" \/>\n\t<meta property=\"og:image:height\" content=\"750\" \/>\n\t<meta property=\"og:image:type\" content=\"image\/jpeg\" \/>\n<meta name=\"twitter:card\" content=\"summary_large_image\" \/>\n<meta name=\"twitter:label1\" content=\"Estimeret l\u00e6setid\" \/>\n\t<meta name=\"twitter:data1\" content=\"1 minut\" \/>\n<script type=\"application\/ld+json\" class=\"yoast-schema-graph\">{\"@context\":\"https:\\\/\\\/schema.org\",\"@graph\":[{\"@type\":\"WebPage\",\"@id\":\"https:\\\/\\\/emasweden.com\\\/da\\\/produkt\\\/hd-kabelskovl-konisk-600l-600-850mm-s70\\\/\",\"url\":\"https:\\\/\\\/emasweden.com\\\/da\\\/produkt\\\/hd-kabelskovl-konisk-600l-600-850mm-s70\\\/\",\"name\":\"HD kabelskovl konisk 600L - 600\\\/850mm - S70 - EMA Sverige\",\"isPartOf\":{\"@id\":\"https:\\\/\\\/emasweden.com\\\/da\\\/#website\"},\"primaryImageOfPage\":{\"@id\":\"https:\\\/\\\/emasweden.com\\\/da\\\/produkt\\\/hd-kabelskovl-konisk-600l-600-850mm-s70\\\/#primaryimage\"},\"image\":{\"@id\":\"https:\\\/\\\/emasweden.com\\\/da\\\/produkt\\\/hd-kabelskovl-konisk-600l-600-850mm-s70\\\/#primaryimage\"},\"thumbnailUrl\":\"https:\\\/\\\/emasweden.com\\\/wp-content\\\/uploads\\\/2021\\\/01\\\/7293176_1.jpg\",\"datePublished\":\"2021-03-16T10:09:29+00:00\",\"dateModified\":\"2025-10-01T11:09:06+00:00\",\"description\":\"HD Kabelskovl Konisk 600L - 600\\\/850mm - S70 Sk\u00e5ret i 500 Brinell BOROX. Slidbeskyttelse p\u00e5 siderne, forenden, bunden og slidribber i HARDOX 450\",\"breadcrumb\":{\"@id\":\"https:\\\/\\\/emasweden.com\\\/da\\\/produkt\\\/hd-kabelskovl-konisk-600l-600-850mm-s70\\\/#breadcrumb\"},\"inLanguage\":\"da-DK\",\"potentialAction\":[{\"@type\":\"ReadAction\",\"target\":[\"https:\\\/\\\/emasweden.com\\\/da\\\/produkt\\\/hd-kabelskovl-konisk-600l-600-850mm-s70\\\/\"]}]},{\"@type\":\"ImageObject\",\"inLanguage\":\"da-DK\",\"@id\":\"https:\\\/\\\/emasweden.com\\\/da\\\/produkt\\\/hd-kabelskovl-konisk-600l-600-850mm-s70\\\/#primaryimage\",\"url\":\"https:\\\/\\\/emasweden.com\\\/wp-content\\\/uploads\\\/2021\\\/01\\\/7293176_1.jpg\",\"contentUrl\":\"https:\\\/\\\/emasweden.com\\\/wp-content\\\/uploads\\\/2021\\\/01\\\/7293176_1.jpg\",\"width\":1000,\"height\":750,\"caption\":\"HD Kabelskopa Konisk 600L - 600\\\/850mm - S2\"},{\"@type\":\"BreadcrumbList\",\"@id\":\"https:\\\/\\\/emasweden.com\\\/da\\\/produkt\\\/hd-kabelskovl-konisk-600l-600-850mm-s70\\\/#breadcrumb\",\"itemListElement\":[{\"@type\":\"ListItem\",\"position\":1,\"name\":\"Hem\",\"item\":\"https:\\\/\\\/emasweden.com\\\/da\\\/\"},{\"@type\":\"ListItem\",\"position\":2,\"name\":\"Produktsortiment\",\"item\":\"https:\\\/\\\/emasweden.com\\\/da\\\/produktsortiment-2\\\/\"},{\"@type\":\"ListItem\",\"position\":3,\"name\":\"HD kabelskovl konisk 600L &#8211; 600\\\/850mm &#8211; S70\"}]},{\"@type\":\"WebSite\",\"@id\":\"https:\\\/\\\/emasweden.com\\\/da\\\/#website\",\"url\":\"https:\\\/\\\/emasweden.com\\\/da\\\/\",\"name\":\"EMA Sverige\",\"description\":\"\",\"potentialAction\":[{\"@type\":\"SearchAction\",\"target\":{\"@type\":\"EntryPoint\",\"urlTemplate\":\"https:\\\/\\\/emasweden.com\\\/da\\\/?s={search_term_string}\"},\"query-input\":{\"@type\":\"PropertyValueSpecification\",\"valueRequired\":true,\"valueName\":\"search_term_string\"}}],\"inLanguage\":\"da-DK\"}]}<\/script>\n<!-- \/ Yoast SEO plugin. -->","yoast_head_json":{"title":"HD kabelskovl konisk 600L - 600\/850mm - S70 - EMA Sverige","description":"HD Kabelskovl Konisk 600L - 600\/850mm - S70 Sk\u00e5ret i 500 Brinell BOROX. Slidbeskyttelse p\u00e5 siderne, forenden, bunden og slidribber i HARDOX 450","robots":{"index":"index","follow":"follow","max-snippet":"max-snippet:-1","max-image-preview":"max-image-preview:large","max-video-preview":"max-video-preview:-1"},"canonical":"https:\/\/emasweden.com\/da\/produkt\/hd-kabelskovl-konisk-600l-600-850mm-s70\/","og_locale":"da_DK","og_type":"article","og_title":"HD kabelskovl konisk 600L - 600\/850mm - S70 - EMA Sverige","og_description":"HD Kabelskovl Konisk 600L - 600\/850mm - S70 Sk\u00e5ret i 500 Brinell BOROX. Slidbeskyttelse p\u00e5 siderne, forenden, bunden og slidribber i HARDOX 450","og_url":"https:\/\/emasweden.com\/da\/produkt\/hd-kabelskovl-konisk-600l-600-850mm-s70\/","og_site_name":"EMA Sverige","article_modified_time":"2025-10-01T11:09:06+00:00","og_image":[{"width":1000,"height":750,"url":"https:\/\/emasweden.com\/wp-content\/uploads\/2021\/01\/7293176_1.jpg","type":"image\/jpeg"}],"twitter_card":"summary_large_image","twitter_misc":{"Estimeret l\u00e6setid":"1 minut"},"schema":{"@context":"https:\/\/schema.org","@graph":[{"@type":"WebPage","@id":"https:\/\/emasweden.com\/da\/produkt\/hd-kabelskovl-konisk-600l-600-850mm-s70\/","url":"https:\/\/emasweden.com\/da\/produkt\/hd-kabelskovl-konisk-600l-600-850mm-s70\/","name":"HD kabelskovl konisk 600L - 600\/850mm - S70 - EMA Sverige","isPartOf":{"@id":"https:\/\/emasweden.com\/da\/#website"},"primaryImageOfPage":{"@id":"https:\/\/emasweden.com\/da\/produkt\/hd-kabelskovl-konisk-600l-600-850mm-s70\/#primaryimage"},"image":{"@id":"https:\/\/emasweden.com\/da\/produkt\/hd-kabelskovl-konisk-600l-600-850mm-s70\/#primaryimage"},"thumbnailUrl":"https:\/\/emasweden.com\/wp-content\/uploads\/2021\/01\/7293176_1.jpg","datePublished":"2021-03-16T10:09:29+00:00","dateModified":"2025-10-01T11:09:06+00:00","description":"HD Kabelskovl Konisk 600L - 600\/850mm - S70 Sk\u00e5ret i 500 Brinell BOROX. Slidbeskyttelse p\u00e5 siderne, forenden, bunden og slidribber i HARDOX 450","breadcrumb":{"@id":"https:\/\/emasweden.com\/da\/produkt\/hd-kabelskovl-konisk-600l-600-850mm-s70\/#breadcrumb"},"inLanguage":"da-DK","potentialAction":[{"@type":"ReadAction","target":["https:\/\/emasweden.com\/da\/produkt\/hd-kabelskovl-konisk-600l-600-850mm-s70\/"]}]},{"@type":"ImageObject","inLanguage":"da-DK","@id":"https:\/\/emasweden.com\/da\/produkt\/hd-kabelskovl-konisk-600l-600-850mm-s70\/#primaryimage","url":"https:\/\/emasweden.com\/wp-content\/uploads\/2021\/01\/7293176_1.jpg","contentUrl":"https:\/\/emasweden.com\/wp-content\/uploads\/2021\/01\/7293176_1.jpg","width":1000,"height":750,"caption":"HD Kabelskopa Konisk 600L - 600\/850mm - S2"},{"@type":"BreadcrumbList","@id":"https:\/\/emasweden.com\/da\/produkt\/hd-kabelskovl-konisk-600l-600-850mm-s70\/#breadcrumb","itemListElement":[{"@type":"ListItem","position":1,"name":"Hem","item":"https:\/\/emasweden.com\/da\/"},{"@type":"ListItem","position":2,"name":"Produktsortiment","item":"https:\/\/emasweden.com\/da\/produktsortiment-2\/"},{"@type":"ListItem","position":3,"name":"HD kabelskovl konisk 600L &#8211; 600\/850mm &#8211; S70"}]},{"@type":"WebSite","@id":"https:\/\/emasweden.com\/da\/#website","url":"https:\/\/emasweden.com\/da\/","name":"EMA Sverige","description":"","potentialAction":[{"@type":"SearchAction","target":{"@type":"EntryPoint","urlTemplate":"https:\/\/emasweden.com\/da\/?s={search_term_string}"},"query-input":{"@type":"PropertyValueSpecification","valueRequired":true,"valueName":"search_term_string"}}],"inLanguage":"da-DK"}]}},"_links":{"self":[{"href":"https:\/\/emasweden.com\/da\/wp-json\/wp\/v2\/product\/18177","targetHints":{"allow":["GET"]}}],"collection":[{"href":"https:\/\/emasweden.com\/da\/wp-json\/wp\/v2\/product"}],"about":[{"href":"https:\/\/emasweden.com\/da\/wp-json\/wp\/v2\/types\/product"}],"wp:featuredmedia":[{"embeddable":true,"href":"https:\/\/emasweden.com\/da\/wp-json\/wp\/v2\/media\/22538"}],"wp:attachment":[{"href":"https:\/\/emasweden.com\/da\/wp-json\/wp\/v2\/media?parent=18177"}],"wp:term":[{"taxonomy":"product_brand","embeddable":true,"href":"https:\/\/emasweden.com\/da\/wp-json\/wp\/v2\/product_brand?post=18177"},{"taxonomy":"product_cat","embeddable":true,"href":"https:\/\/emasweden.com\/da\/wp-json\/wp\/v2\/product_cat?post=18177"},{"taxonomy":"product_tag","embeddable":true,"href":"https:\/\/emasweden.com\/da\/wp-json\/wp\/v2\/product_tag?post=18177"},{"taxonomy":"faste-y","embeddable":true,"href":"https:\/\/emasweden.com\/da\/wp-json\/wp\/v2\/faste-y?post=18177"}],"curies":[{"name":"wp","href":"https:\/\/api.w.org\/{rel}","templated":true}]}}