{"id":18198,"date":"2021-03-16T11:12:13","date_gmt":"2021-03-16T10:12:13","guid":{"rendered":"https:\/\/emasweden.com\/produkt\/hd-hyd-nivelleringsskovl-750l-1600mm-s60\/"},"modified":"2025-10-01T13:09:29","modified_gmt":"2025-10-01T11:09:29","slug":"hd-hyd-nivelleringsskovl-750l-1600mm-s60","status":"publish","type":"product","link":"https:\/\/emasweden.com\/da\/produkt\/hd-hyd-nivelleringsskovl-750l-1600mm-s60\/","title":{"rendered":"HD Hyd Nivelleringsskovl 750L &#8211; 1600mm &#8211; S60"},"content":{"rendered":"<p>Hydrauliske nivelleringsskovle til tunge opgaver. Heavy duty (HD) er kraftv\u00e6rket i vores produktsortiment.  Der er ikke sparet p\u00e5 noget, n\u00e5r det g\u00e6lder materialer. Produkterne er udstyret med slidribber i bunden, og produkterne har ofte st\u00f8rre dimensioner.  Dette kraftv\u00e6rk bruges mest af brugere, der stiller meget h\u00f8je krav til deres produkter, og hvor de ofte arbejder i materialer og milj\u00f8er, der kr\u00e6ver det lille ekstra, n\u00e5r det g\u00e6lder holdbarhed. Denne kategori af spande er ofte tungere p\u00e5 grund af brugen af ekstra st\u00e5l, men det resulterer i en meget holdbar spand. Sk\u00e6res i 500 Brinell BOROX. Slidbeskyttelse p\u00e5 siderne, forenden, bunden og slidribberne i 450 HARDOX. St\u00e6rk og velsiddende talje. Let tilg\u00e6ngelige sm\u00f8repunkter. Anti-roll bars som standard for at beskytte stemplerne. 150 &amp; 230 liter 1 vandret stempel. 300 til 750 liter 2 vandrette, derover 2 lodrette kolber. Beskyttelsesh\u00e6tte foran skovlf\u00e6stet for at forhindre materiale i at tr\u00e6nge ind i netf\u00e6stet (alle over 1200 liter). Skovlen er udviklet sammen med maskinf\u00f8rere.<\/p>\n","protected":false},"excerpt":{"rendered":"<p>Hydrauliske nivelleringsskovle til tunge opgaver. Heavy duty (HD) er kraftv\u00e6rket i vores produktsortiment. Der er ikke sparet p\u00e5 noget, n\u00e5r det g\u00e6lder materialer. Produkterne er udstyret med slidribber i bunden, og produkterne har ofte st\u00f8rre dimensioner. Dette kraftv\u00e6rk bruges mest af brugere, der stiller meget h\u00f8je krav til deres produkter, og hvor de ofte arbejder [&hellip;]<\/p>\n","protected":false},"featured_media":22570,"template":"","meta":{"_monsterinsights_skip_tracking":false,"_monsterinsights_sitenote_active":false,"_monsterinsights_sitenote_note":"","_monsterinsights_sitenote_category":0},"product_brand":[],"product_cat":[3590],"product_tag":[],"faste-y":[],"class_list":{"0":"post-18198","1":"product","2":"type-product","3":"status-publish","4":"has-post-thumbnail","6":"product_cat-hydraulisk-planerskovl","7":"pa_max-bredd-1600mm","8":"pa_vikt-770-kg","10":"first","11":"instock","12":"purchasable","13":"product-type-simple"},"yoast_head":"<!-- This site is optimized with the Yoast SEO plugin v27.3 - https:\/\/yoast.com\/product\/yoast-seo-wordpress\/ -->\n<title>HD Hyd Nivelleringsskovl 750L - 1600mm - S60 - EMA Sverige<\/title>\n<meta name=\"robots\" content=\"index, follow, max-snippet:-1, max-image-preview:large, max-video-preview:-1\" \/>\n<link rel=\"canonical\" href=\"https:\/\/emasweden.com\/da\/produkt\/hd-hyd-nivelleringsskovl-750l-1600mm-s60\/\" \/>\n<meta property=\"og:locale\" content=\"da_DK\" \/>\n<meta property=\"og:type\" content=\"article\" \/>\n<meta property=\"og:title\" content=\"HD Hyd Nivelleringsskovl 750L - 1600mm - S60 - EMA Sverige\" \/>\n<meta property=\"og:description\" content=\"Hydrauliske nivelleringsskovle til tunge opgaver. Heavy duty (HD) er kraftv\u00e6rket i vores produktsortiment. Der er ikke sparet p\u00e5 noget, n\u00e5r det g\u00e6lder materialer. Produkterne er udstyret med slidribber i bunden, og produkterne har ofte st\u00f8rre dimensioner. Dette kraftv\u00e6rk bruges mest af brugere, der stiller meget h\u00f8je krav til deres produkter, og hvor de ofte arbejder [&hellip;]\" \/>\n<meta property=\"og:url\" content=\"https:\/\/emasweden.com\/da\/produkt\/hd-hyd-nivelleringsskovl-750l-1600mm-s60\/\" \/>\n<meta property=\"og:site_name\" content=\"EMA Sverige\" \/>\n<meta property=\"article:modified_time\" content=\"2025-10-01T11:09:29+00:00\" \/>\n<meta property=\"og:image\" content=\"https:\/\/emasweden.com\/wp-content\/uploads\/2021\/03\/7295021_1.jpg\" \/>\n\t<meta property=\"og:image:width\" content=\"1000\" \/>\n\t<meta property=\"og:image:height\" content=\"750\" \/>\n\t<meta property=\"og:image:type\" content=\"image\/jpeg\" \/>\n<meta name=\"twitter:card\" content=\"summary_large_image\" \/>\n<meta name=\"twitter:label1\" content=\"Estimeret l\u00e6setid\" \/>\n\t<meta name=\"twitter:data1\" content=\"1 minut\" \/>\n<script type=\"application\/ld+json\" class=\"yoast-schema-graph\">{\"@context\":\"https:\\\/\\\/schema.org\",\"@graph\":[{\"@type\":\"WebPage\",\"@id\":\"https:\\\/\\\/emasweden.com\\\/da\\\/produkt\\\/hd-hyd-nivelleringsskovl-750l-1600mm-s60\\\/\",\"url\":\"https:\\\/\\\/emasweden.com\\\/da\\\/produkt\\\/hd-hyd-nivelleringsskovl-750l-1600mm-s60\\\/\",\"name\":\"HD Hyd Nivelleringsskovl 750L - 1600mm - S60 - EMA Sverige\",\"isPartOf\":{\"@id\":\"https:\\\/\\\/emasweden.com\\\/da\\\/#website\"},\"primaryImageOfPage\":{\"@id\":\"https:\\\/\\\/emasweden.com\\\/da\\\/produkt\\\/hd-hyd-nivelleringsskovl-750l-1600mm-s60\\\/#primaryimage\"},\"image\":{\"@id\":\"https:\\\/\\\/emasweden.com\\\/da\\\/produkt\\\/hd-hyd-nivelleringsskovl-750l-1600mm-s60\\\/#primaryimage\"},\"thumbnailUrl\":\"https:\\\/\\\/emasweden.com\\\/wp-content\\\/uploads\\\/2021\\\/03\\\/7295021_1.jpg\",\"datePublished\":\"2021-03-16T10:12:13+00:00\",\"dateModified\":\"2025-10-01T11:09:29+00:00\",\"breadcrumb\":{\"@id\":\"https:\\\/\\\/emasweden.com\\\/da\\\/produkt\\\/hd-hyd-nivelleringsskovl-750l-1600mm-s60\\\/#breadcrumb\"},\"inLanguage\":\"da-DK\",\"potentialAction\":[{\"@type\":\"ReadAction\",\"target\":[\"https:\\\/\\\/emasweden.com\\\/da\\\/produkt\\\/hd-hyd-nivelleringsskovl-750l-1600mm-s60\\\/\"]}]},{\"@type\":\"ImageObject\",\"inLanguage\":\"da-DK\",\"@id\":\"https:\\\/\\\/emasweden.com\\\/da\\\/produkt\\\/hd-hyd-nivelleringsskovl-750l-1600mm-s60\\\/#primaryimage\",\"url\":\"https:\\\/\\\/emasweden.com\\\/wp-content\\\/uploads\\\/2021\\\/03\\\/7295021_1.jpg\",\"contentUrl\":\"https:\\\/\\\/emasweden.com\\\/wp-content\\\/uploads\\\/2021\\\/03\\\/7295021_1.jpg\",\"width\":1000,\"height\":750},{\"@type\":\"BreadcrumbList\",\"@id\":\"https:\\\/\\\/emasweden.com\\\/da\\\/produkt\\\/hd-hyd-nivelleringsskovl-750l-1600mm-s60\\\/#breadcrumb\",\"itemListElement\":[{\"@type\":\"ListItem\",\"position\":1,\"name\":\"Hem\",\"item\":\"https:\\\/\\\/emasweden.com\\\/da\\\/\"},{\"@type\":\"ListItem\",\"position\":2,\"name\":\"Produktsortiment\",\"item\":\"https:\\\/\\\/emasweden.com\\\/da\\\/produktsortiment-2\\\/\"},{\"@type\":\"ListItem\",\"position\":3,\"name\":\"HD Hyd Nivelleringsskovl 750L &#8211; 1600mm &#8211; S60\"}]},{\"@type\":\"WebSite\",\"@id\":\"https:\\\/\\\/emasweden.com\\\/da\\\/#website\",\"url\":\"https:\\\/\\\/emasweden.com\\\/da\\\/\",\"name\":\"EMA Sverige\",\"description\":\"\",\"potentialAction\":[{\"@type\":\"SearchAction\",\"target\":{\"@type\":\"EntryPoint\",\"urlTemplate\":\"https:\\\/\\\/emasweden.com\\\/da\\\/?s={search_term_string}\"},\"query-input\":{\"@type\":\"PropertyValueSpecification\",\"valueRequired\":true,\"valueName\":\"search_term_string\"}}],\"inLanguage\":\"da-DK\"}]}<\/script>\n<!-- \/ Yoast SEO plugin. -->","yoast_head_json":{"title":"HD Hyd Nivelleringsskovl 750L - 1600mm - S60 - EMA Sverige","robots":{"index":"index","follow":"follow","max-snippet":"max-snippet:-1","max-image-preview":"max-image-preview:large","max-video-preview":"max-video-preview:-1"},"canonical":"https:\/\/emasweden.com\/da\/produkt\/hd-hyd-nivelleringsskovl-750l-1600mm-s60\/","og_locale":"da_DK","og_type":"article","og_title":"HD Hyd Nivelleringsskovl 750L - 1600mm - S60 - EMA Sverige","og_description":"Hydrauliske nivelleringsskovle til tunge opgaver. Heavy duty (HD) er kraftv\u00e6rket i vores produktsortiment. Der er ikke sparet p\u00e5 noget, n\u00e5r det g\u00e6lder materialer. Produkterne er udstyret med slidribber i bunden, og produkterne har ofte st\u00f8rre dimensioner. Dette kraftv\u00e6rk bruges mest af brugere, der stiller meget h\u00f8je krav til deres produkter, og hvor de ofte arbejder [&hellip;]","og_url":"https:\/\/emasweden.com\/da\/produkt\/hd-hyd-nivelleringsskovl-750l-1600mm-s60\/","og_site_name":"EMA Sverige","article_modified_time":"2025-10-01T11:09:29+00:00","og_image":[{"width":1000,"height":750,"url":"https:\/\/emasweden.com\/wp-content\/uploads\/2021\/03\/7295021_1.jpg","type":"image\/jpeg"}],"twitter_card":"summary_large_image","twitter_misc":{"Estimeret l\u00e6setid":"1 minut"},"schema":{"@context":"https:\/\/schema.org","@graph":[{"@type":"WebPage","@id":"https:\/\/emasweden.com\/da\/produkt\/hd-hyd-nivelleringsskovl-750l-1600mm-s60\/","url":"https:\/\/emasweden.com\/da\/produkt\/hd-hyd-nivelleringsskovl-750l-1600mm-s60\/","name":"HD Hyd Nivelleringsskovl 750L - 1600mm - S60 - EMA Sverige","isPartOf":{"@id":"https:\/\/emasweden.com\/da\/#website"},"primaryImageOfPage":{"@id":"https:\/\/emasweden.com\/da\/produkt\/hd-hyd-nivelleringsskovl-750l-1600mm-s60\/#primaryimage"},"image":{"@id":"https:\/\/emasweden.com\/da\/produkt\/hd-hyd-nivelleringsskovl-750l-1600mm-s60\/#primaryimage"},"thumbnailUrl":"https:\/\/emasweden.com\/wp-content\/uploads\/2021\/03\/7295021_1.jpg","datePublished":"2021-03-16T10:12:13+00:00","dateModified":"2025-10-01T11:09:29+00:00","breadcrumb":{"@id":"https:\/\/emasweden.com\/da\/produkt\/hd-hyd-nivelleringsskovl-750l-1600mm-s60\/#breadcrumb"},"inLanguage":"da-DK","potentialAction":[{"@type":"ReadAction","target":["https:\/\/emasweden.com\/da\/produkt\/hd-hyd-nivelleringsskovl-750l-1600mm-s60\/"]}]},{"@type":"ImageObject","inLanguage":"da-DK","@id":"https:\/\/emasweden.com\/da\/produkt\/hd-hyd-nivelleringsskovl-750l-1600mm-s60\/#primaryimage","url":"https:\/\/emasweden.com\/wp-content\/uploads\/2021\/03\/7295021_1.jpg","contentUrl":"https:\/\/emasweden.com\/wp-content\/uploads\/2021\/03\/7295021_1.jpg","width":1000,"height":750},{"@type":"BreadcrumbList","@id":"https:\/\/emasweden.com\/da\/produkt\/hd-hyd-nivelleringsskovl-750l-1600mm-s60\/#breadcrumb","itemListElement":[{"@type":"ListItem","position":1,"name":"Hem","item":"https:\/\/emasweden.com\/da\/"},{"@type":"ListItem","position":2,"name":"Produktsortiment","item":"https:\/\/emasweden.com\/da\/produktsortiment-2\/"},{"@type":"ListItem","position":3,"name":"HD Hyd Nivelleringsskovl 750L &#8211; 1600mm &#8211; S60"}]},{"@type":"WebSite","@id":"https:\/\/emasweden.com\/da\/#website","url":"https:\/\/emasweden.com\/da\/","name":"EMA Sverige","description":"","potentialAction":[{"@type":"SearchAction","target":{"@type":"EntryPoint","urlTemplate":"https:\/\/emasweden.com\/da\/?s={search_term_string}"},"query-input":{"@type":"PropertyValueSpecification","valueRequired":true,"valueName":"search_term_string"}}],"inLanguage":"da-DK"}]}},"_links":{"self":[{"href":"https:\/\/emasweden.com\/da\/wp-json\/wp\/v2\/product\/18198","targetHints":{"allow":["GET"]}}],"collection":[{"href":"https:\/\/emasweden.com\/da\/wp-json\/wp\/v2\/product"}],"about":[{"href":"https:\/\/emasweden.com\/da\/wp-json\/wp\/v2\/types\/product"}],"wp:featuredmedia":[{"embeddable":true,"href":"https:\/\/emasweden.com\/da\/wp-json\/wp\/v2\/media\/22570"}],"wp:attachment":[{"href":"https:\/\/emasweden.com\/da\/wp-json\/wp\/v2\/media?parent=18198"}],"wp:term":[{"taxonomy":"product_brand","embeddable":true,"href":"https:\/\/emasweden.com\/da\/wp-json\/wp\/v2\/product_brand?post=18198"},{"taxonomy":"product_cat","embeddable":true,"href":"https:\/\/emasweden.com\/da\/wp-json\/wp\/v2\/product_cat?post=18198"},{"taxonomy":"product_tag","embeddable":true,"href":"https:\/\/emasweden.com\/da\/wp-json\/wp\/v2\/product_tag?post=18198"},{"taxonomy":"faste-y","embeddable":true,"href":"https:\/\/emasweden.com\/da\/wp-json\/wp\/v2\/faste-y?post=18198"}],"curies":[{"name":"wp","href":"https:\/\/api.w.org\/{rel}","templated":true}]}}