{"id":18244,"date":"2021-03-16T11:13:07","date_gmt":"2021-03-16T10:13:07","guid":{"rendered":"https:\/\/emasweden.com\/produkt\/std-hydraulisk-nivelleringsskovl-200l-1200mm-s40\/"},"modified":"2025-10-01T13:10:18","modified_gmt":"2025-10-01T11:10:18","slug":"std-hydraulisk-nivelleringsskovl-200l-1200mm-s40","status":"publish","type":"product","link":"https:\/\/emasweden.com\/da\/produkt\/std-hydraulisk-nivelleringsskovl-200l-1200mm-s40\/","title":{"rendered":"Std hydraulisk nivelleringsskovl 200L &#8211; 1200mm &#8211; S40"},"content":{"rendered":"<p>Hyd nivelleringsskovle standard duty.<br \/>\nStandard duty (STD) er vores meget prisvenlige del af vores sortiment uden at g\u00e5 p\u00e5 kompromis med kvaliteten. HARDOX bruges p\u00e5 de overflader, hvor der er stor belastning p\u00e5 materialet, hvilket resulterer i et produkt med lang levetid.  Dette produkt henvender sig til vores brugere, som stiller h\u00f8je krav til deres produkter, hvor h\u00f8j ydeevne v\u00e6rds\u00e6ttes, og som i det lange l\u00f8b bidrager til en bedre total\u00f8konomi. Sk\u00e6res i 500 Brinell BOROX. Beskyttelse mod slitage p\u00e5 sweep, side og bund i 450 HARDOX. St\u00e6rk og velsiddende talje. Let tilg\u00e6ngelige sm\u00f8repunkter. Anti-roll bars som standard for at beskytte stemplerne. Op til 150 liter 1 vandret kolbe, derefter 2 vandrette kolber. Skovlen er udviklet sammen med maskinf\u00f8rere.<\/p>\n","protected":false},"excerpt":{"rendered":"<p>Hyd nivelleringsskovle standard duty. Standard duty (STD) er vores meget prisvenlige del af vores sortiment uden at g\u00e5 p\u00e5 kompromis med kvaliteten. HARDOX bruges p\u00e5 de overflader, hvor der er stor belastning p\u00e5 materialet, hvilket resulterer i et produkt med lang levetid. Dette produkt henvender sig til vores brugere, som stiller h\u00f8je krav til deres [&hellip;]<\/p>\n","protected":false},"featured_media":22554,"template":"","meta":{"_monsterinsights_skip_tracking":false,"_monsterinsights_sitenote_active":false,"_monsterinsights_sitenote_note":"","_monsterinsights_sitenote_category":0},"product_brand":[],"product_cat":[3590],"product_tag":[],"faste-y":[],"class_list":{"0":"post-18244","1":"product","2":"type-product","3":"status-publish","4":"has-post-thumbnail","6":"product_cat-hydraulisk-planerskovl","7":"pa_max-bredd-1200mm","8":"pa_vikt-204-kg","10":"first","11":"instock","12":"purchasable","13":"product-type-simple"},"yoast_head":"<!-- This site is optimized with the Yoast SEO plugin v27.4 - https:\/\/yoast.com\/product\/yoast-seo-wordpress\/ -->\n<title>Std hydraulisk nivelleringsskovl 200L - 1200mm - S40 - EMA Sverige<\/title>\n<meta name=\"robots\" content=\"index, follow, max-snippet:-1, max-image-preview:large, max-video-preview:-1\" \/>\n<link rel=\"canonical\" href=\"https:\/\/emasweden.com\/da\/produkt\/std-hydraulisk-nivelleringsskovl-200l-1200mm-s40\/\" \/>\n<meta property=\"og:locale\" content=\"da_DK\" \/>\n<meta property=\"og:type\" content=\"article\" \/>\n<meta property=\"og:title\" content=\"Std hydraulisk nivelleringsskovl 200L - 1200mm - S40 - EMA Sverige\" \/>\n<meta property=\"og:description\" content=\"Hyd nivelleringsskovle standard duty. Standard duty (STD) er vores meget prisvenlige del af vores sortiment uden at g\u00e5 p\u00e5 kompromis med kvaliteten. HARDOX bruges p\u00e5 de overflader, hvor der er stor belastning p\u00e5 materialet, hvilket resulterer i et produkt med lang levetid. Dette produkt henvender sig til vores brugere, som stiller h\u00f8je krav til deres [&hellip;]\" \/>\n<meta property=\"og:url\" content=\"https:\/\/emasweden.com\/da\/produkt\/std-hydraulisk-nivelleringsskovl-200l-1200mm-s40\/\" \/>\n<meta property=\"og:site_name\" content=\"EMA Sverige\" \/>\n<meta property=\"article:modified_time\" content=\"2025-10-01T11:10:18+00:00\" \/>\n<meta property=\"og:image\" content=\"https:\/\/emasweden.com\/wp-content\/uploads\/2021\/03\/7295011_1.jpg\" \/>\n\t<meta property=\"og:image:width\" content=\"1000\" \/>\n\t<meta property=\"og:image:height\" content=\"750\" \/>\n\t<meta property=\"og:image:type\" content=\"image\/jpeg\" \/>\n<meta name=\"twitter:card\" content=\"summary_large_image\" \/>\n<meta name=\"twitter:label1\" content=\"Estimeret l\u00e6setid\" \/>\n\t<meta name=\"twitter:data1\" content=\"1 minut\" \/>\n<script type=\"application\/ld+json\" class=\"yoast-schema-graph\">{\"@context\":\"https:\\\/\\\/schema.org\",\"@graph\":[{\"@type\":\"WebPage\",\"@id\":\"https:\\\/\\\/emasweden.com\\\/da\\\/produkt\\\/std-hydraulisk-nivelleringsskovl-200l-1200mm-s40\\\/\",\"url\":\"https:\\\/\\\/emasweden.com\\\/da\\\/produkt\\\/std-hydraulisk-nivelleringsskovl-200l-1200mm-s40\\\/\",\"name\":\"Std hydraulisk nivelleringsskovl 200L - 1200mm - S40 - EMA Sverige\",\"isPartOf\":{\"@id\":\"https:\\\/\\\/emasweden.com\\\/da\\\/#website\"},\"primaryImageOfPage\":{\"@id\":\"https:\\\/\\\/emasweden.com\\\/da\\\/produkt\\\/std-hydraulisk-nivelleringsskovl-200l-1200mm-s40\\\/#primaryimage\"},\"image\":{\"@id\":\"https:\\\/\\\/emasweden.com\\\/da\\\/produkt\\\/std-hydraulisk-nivelleringsskovl-200l-1200mm-s40\\\/#primaryimage\"},\"thumbnailUrl\":\"https:\\\/\\\/emasweden.com\\\/wp-content\\\/uploads\\\/2021\\\/03\\\/7295011_1.jpg\",\"datePublished\":\"2021-03-16T10:13:07+00:00\",\"dateModified\":\"2025-10-01T11:10:18+00:00\",\"breadcrumb\":{\"@id\":\"https:\\\/\\\/emasweden.com\\\/da\\\/produkt\\\/std-hydraulisk-nivelleringsskovl-200l-1200mm-s40\\\/#breadcrumb\"},\"inLanguage\":\"da-DK\",\"potentialAction\":[{\"@type\":\"ReadAction\",\"target\":[\"https:\\\/\\\/emasweden.com\\\/da\\\/produkt\\\/std-hydraulisk-nivelleringsskovl-200l-1200mm-s40\\\/\"]}]},{\"@type\":\"ImageObject\",\"inLanguage\":\"da-DK\",\"@id\":\"https:\\\/\\\/emasweden.com\\\/da\\\/produkt\\\/std-hydraulisk-nivelleringsskovl-200l-1200mm-s40\\\/#primaryimage\",\"url\":\"https:\\\/\\\/emasweden.com\\\/wp-content\\\/uploads\\\/2021\\\/03\\\/7295011_1.jpg\",\"contentUrl\":\"https:\\\/\\\/emasweden.com\\\/wp-content\\\/uploads\\\/2021\\\/03\\\/7295011_1.jpg\",\"width\":1000,\"height\":750},{\"@type\":\"BreadcrumbList\",\"@id\":\"https:\\\/\\\/emasweden.com\\\/da\\\/produkt\\\/std-hydraulisk-nivelleringsskovl-200l-1200mm-s40\\\/#breadcrumb\",\"itemListElement\":[{\"@type\":\"ListItem\",\"position\":1,\"name\":\"Hem\",\"item\":\"https:\\\/\\\/emasweden.com\\\/da\\\/\"},{\"@type\":\"ListItem\",\"position\":2,\"name\":\"Produktsortiment\",\"item\":\"https:\\\/\\\/emasweden.com\\\/da\\\/produktsortiment-2\\\/\"},{\"@type\":\"ListItem\",\"position\":3,\"name\":\"Std hydraulisk nivelleringsskovl 200L &#8211; 1200mm &#8211; S40\"}]},{\"@type\":\"WebSite\",\"@id\":\"https:\\\/\\\/emasweden.com\\\/da\\\/#website\",\"url\":\"https:\\\/\\\/emasweden.com\\\/da\\\/\",\"name\":\"EMA Sverige\",\"description\":\"\",\"potentialAction\":[{\"@type\":\"SearchAction\",\"target\":{\"@type\":\"EntryPoint\",\"urlTemplate\":\"https:\\\/\\\/emasweden.com\\\/da\\\/?s={search_term_string}\"},\"query-input\":{\"@type\":\"PropertyValueSpecification\",\"valueRequired\":true,\"valueName\":\"search_term_string\"}}],\"inLanguage\":\"da-DK\"}]}<\/script>\n<!-- \/ Yoast SEO plugin. -->","yoast_head_json":{"title":"Std hydraulisk nivelleringsskovl 200L - 1200mm - S40 - EMA Sverige","robots":{"index":"index","follow":"follow","max-snippet":"max-snippet:-1","max-image-preview":"max-image-preview:large","max-video-preview":"max-video-preview:-1"},"canonical":"https:\/\/emasweden.com\/da\/produkt\/std-hydraulisk-nivelleringsskovl-200l-1200mm-s40\/","og_locale":"da_DK","og_type":"article","og_title":"Std hydraulisk nivelleringsskovl 200L - 1200mm - S40 - EMA Sverige","og_description":"Hyd nivelleringsskovle standard duty. Standard duty (STD) er vores meget prisvenlige del af vores sortiment uden at g\u00e5 p\u00e5 kompromis med kvaliteten. HARDOX bruges p\u00e5 de overflader, hvor der er stor belastning p\u00e5 materialet, hvilket resulterer i et produkt med lang levetid. Dette produkt henvender sig til vores brugere, som stiller h\u00f8je krav til deres [&hellip;]","og_url":"https:\/\/emasweden.com\/da\/produkt\/std-hydraulisk-nivelleringsskovl-200l-1200mm-s40\/","og_site_name":"EMA Sverige","article_modified_time":"2025-10-01T11:10:18+00:00","og_image":[{"width":1000,"height":750,"url":"https:\/\/emasweden.com\/wp-content\/uploads\/2021\/03\/7295011_1.jpg","type":"image\/jpeg"}],"twitter_card":"summary_large_image","twitter_misc":{"Estimeret l\u00e6setid":"1 minut"},"schema":{"@context":"https:\/\/schema.org","@graph":[{"@type":"WebPage","@id":"https:\/\/emasweden.com\/da\/produkt\/std-hydraulisk-nivelleringsskovl-200l-1200mm-s40\/","url":"https:\/\/emasweden.com\/da\/produkt\/std-hydraulisk-nivelleringsskovl-200l-1200mm-s40\/","name":"Std hydraulisk nivelleringsskovl 200L - 1200mm - S40 - EMA Sverige","isPartOf":{"@id":"https:\/\/emasweden.com\/da\/#website"},"primaryImageOfPage":{"@id":"https:\/\/emasweden.com\/da\/produkt\/std-hydraulisk-nivelleringsskovl-200l-1200mm-s40\/#primaryimage"},"image":{"@id":"https:\/\/emasweden.com\/da\/produkt\/std-hydraulisk-nivelleringsskovl-200l-1200mm-s40\/#primaryimage"},"thumbnailUrl":"https:\/\/emasweden.com\/wp-content\/uploads\/2021\/03\/7295011_1.jpg","datePublished":"2021-03-16T10:13:07+00:00","dateModified":"2025-10-01T11:10:18+00:00","breadcrumb":{"@id":"https:\/\/emasweden.com\/da\/produkt\/std-hydraulisk-nivelleringsskovl-200l-1200mm-s40\/#breadcrumb"},"inLanguage":"da-DK","potentialAction":[{"@type":"ReadAction","target":["https:\/\/emasweden.com\/da\/produkt\/std-hydraulisk-nivelleringsskovl-200l-1200mm-s40\/"]}]},{"@type":"ImageObject","inLanguage":"da-DK","@id":"https:\/\/emasweden.com\/da\/produkt\/std-hydraulisk-nivelleringsskovl-200l-1200mm-s40\/#primaryimage","url":"https:\/\/emasweden.com\/wp-content\/uploads\/2021\/03\/7295011_1.jpg","contentUrl":"https:\/\/emasweden.com\/wp-content\/uploads\/2021\/03\/7295011_1.jpg","width":1000,"height":750},{"@type":"BreadcrumbList","@id":"https:\/\/emasweden.com\/da\/produkt\/std-hydraulisk-nivelleringsskovl-200l-1200mm-s40\/#breadcrumb","itemListElement":[{"@type":"ListItem","position":1,"name":"Hem","item":"https:\/\/emasweden.com\/da\/"},{"@type":"ListItem","position":2,"name":"Produktsortiment","item":"https:\/\/emasweden.com\/da\/produktsortiment-2\/"},{"@type":"ListItem","position":3,"name":"Std hydraulisk nivelleringsskovl 200L &#8211; 1200mm &#8211; S40"}]},{"@type":"WebSite","@id":"https:\/\/emasweden.com\/da\/#website","url":"https:\/\/emasweden.com\/da\/","name":"EMA Sverige","description":"","potentialAction":[{"@type":"SearchAction","target":{"@type":"EntryPoint","urlTemplate":"https:\/\/emasweden.com\/da\/?s={search_term_string}"},"query-input":{"@type":"PropertyValueSpecification","valueRequired":true,"valueName":"search_term_string"}}],"inLanguage":"da-DK"}]}},"_links":{"self":[{"href":"https:\/\/emasweden.com\/da\/wp-json\/wp\/v2\/product\/18244","targetHints":{"allow":["GET"]}}],"collection":[{"href":"https:\/\/emasweden.com\/da\/wp-json\/wp\/v2\/product"}],"about":[{"href":"https:\/\/emasweden.com\/da\/wp-json\/wp\/v2\/types\/product"}],"wp:featuredmedia":[{"embeddable":true,"href":"https:\/\/emasweden.com\/da\/wp-json\/wp\/v2\/media\/22554"}],"wp:attachment":[{"href":"https:\/\/emasweden.com\/da\/wp-json\/wp\/v2\/media?parent=18244"}],"wp:term":[{"taxonomy":"product_brand","embeddable":true,"href":"https:\/\/emasweden.com\/da\/wp-json\/wp\/v2\/product_brand?post=18244"},{"taxonomy":"product_cat","embeddable":true,"href":"https:\/\/emasweden.com\/da\/wp-json\/wp\/v2\/product_cat?post=18244"},{"taxonomy":"product_tag","embeddable":true,"href":"https:\/\/emasweden.com\/da\/wp-json\/wp\/v2\/product_tag?post=18244"},{"taxonomy":"faste-y","embeddable":true,"href":"https:\/\/emasweden.com\/da\/wp-json\/wp\/v2\/faste-y?post=18244"}],"curies":[{"name":"wp","href":"https:\/\/api.w.org\/{rel}","templated":true}]}}