{"id":18350,"date":"2021-03-16T11:15:08","date_gmt":"2021-03-16T10:15:08","guid":{"rendered":"https:\/\/emasweden.com\/produkt\/hd-nivelleringsbjaelke-3000-mm-uden-beslag\/"},"modified":"2025-10-01T13:12:13","modified_gmt":"2025-10-01T11:12:13","slug":"hd-nivelleringsbjaelke-3000-mm-uden-beslag","status":"publish","type":"product","link":"https:\/\/emasweden.com\/da\/produkt\/hd-nivelleringsbjaelke-3000-mm-uden-beslag\/","title":{"rendered":"HD nivelleringsbj\u00e6lke 3000 mm &#8211; uden beslag"},"content":{"rendered":"<p><sup>HD Nivelleringsbj\u00e6lke 3000mm &#8211; Uden beslag<\/sup><br \/>&#8211; Nivelleringsbj\u00e6lken med sin meget stabile konstruktion er en succes i byggebranchen, da man f\u00e5r materiale i bj\u00e6lken, samtidig med at man effektivt kan planl\u00e6gge og justere store omr\u00e5der. P\u00e5 vores Heavy Duty-model har vi \u00f8get Hardox\u00ae 450 i hele den indre og ydre forst\u00e6rkning, ikke kun i enderne som p\u00e5 standardmodellerne. Det betyder, at selv hele siderne nu er i Hardox\u00ae 450, hvilket giver en l\u00e6ngere og mere holdbar total\u00f8konomi.  <\/p>\n<p>&#8211; Borox-sk\u00e6rest\u00e5l<br \/>\n<br \/>&#8211; Hardox\u00ae 450 i slidflader og hele siden<br \/>\n<br \/>&#8211; Indvendige og udvendige forst\u00e6rkninger giver \u00f8get torsionsstivhed<br \/>\n<br \/>&#8211; Meget effektivt v\u00e6rkt\u00f8j til nivellering af store omr\u00e5der<\/p>\n","protected":false},"excerpt":{"rendered":"<p>HD Nivelleringsbj\u00e6lke 3000mm &#8211; Uden beslag&#8211; Nivelleringsbj\u00e6lken med sin meget stabile konstruktion er en succes i byggebranchen, da man f\u00e5r materiale i bj\u00e6lken, samtidig med at man effektivt kan planl\u00e6gge og justere store omr\u00e5der. P\u00e5 vores Heavy Duty-model har vi \u00f8get Hardox\u00ae 450 i hele den indre og ydre forst\u00e6rkning, ikke kun i enderne som [&hellip;]<\/p>\n","protected":false},"featured_media":22684,"template":"","meta":{"_monsterinsights_skip_tracking":false,"_monsterinsights_sitenote_active":false,"_monsterinsights_sitenote_note":"","_monsterinsights_sitenote_category":0},"product_brand":[],"product_cat":[4550],"product_tag":[],"faste-y":[],"class_list":{"0":"post-18350","1":"product","2":"type-product","3":"status-publish","4":"has-post-thumbnail","6":"product_cat-afretterbjaelke","7":"pa_max-bredd-3000mm","8":"pa_skar-25x250mm","9":"pa_vikt-850-kg","11":"first","12":"instock","13":"purchasable","14":"product-type-simple"},"yoast_head":"<!-- This site is optimized with the Yoast SEO plugin v27.4 - https:\/\/yoast.com\/product\/yoast-seo-wordpress\/ -->\n<title>HD nivelleringsbj\u00e6lke 3000 mm - uden beslag - EMA Sverige<\/title>\n<meta name=\"description\" content=\"HD nivelleringsbj\u00e6lke 3000 mm - uden beslag. Borox-sk\u00e6rest\u00e5l, Hardox\u00ae 450 i slidflader og hele siden. Meget effektivt v\u00e6rkt\u00f8j til nivellering af store overflader\" \/>\n<meta name=\"robots\" content=\"index, follow, max-snippet:-1, max-image-preview:large, max-video-preview:-1\" \/>\n<link rel=\"canonical\" href=\"https:\/\/emasweden.com\/da\/produkt\/hd-nivelleringsbjaelke-3000-mm-uden-beslag\/\" \/>\n<meta property=\"og:locale\" content=\"da_DK\" \/>\n<meta property=\"og:type\" content=\"article\" \/>\n<meta property=\"og:title\" content=\"HD nivelleringsbj\u00e6lke 3000 mm - uden beslag - EMA Sverige\" \/>\n<meta property=\"og:description\" content=\"HD nivelleringsbj\u00e6lke 3000 mm - uden beslag. Borox-sk\u00e6rest\u00e5l, Hardox\u00ae 450 i slidflader og hele siden. Meget effektivt v\u00e6rkt\u00f8j til nivellering af store overflader\" \/>\n<meta property=\"og:url\" content=\"https:\/\/emasweden.com\/da\/produkt\/hd-nivelleringsbjaelke-3000-mm-uden-beslag\/\" \/>\n<meta property=\"og:site_name\" content=\"EMA Sverige\" \/>\n<meta property=\"article:modified_time\" content=\"2025-10-01T11:12:13+00:00\" \/>\n<meta property=\"og:image\" content=\"https:\/\/emasweden.com\/wp-content\/uploads\/2021\/03\/7296010_1.jpg\" \/>\n\t<meta property=\"og:image:width\" content=\"1000\" \/>\n\t<meta property=\"og:image:height\" content=\"750\" \/>\n\t<meta property=\"og:image:type\" content=\"image\/jpeg\" \/>\n<meta name=\"twitter:card\" content=\"summary_large_image\" \/>\n<meta name=\"twitter:label1\" content=\"Estimeret l\u00e6setid\" \/>\n\t<meta name=\"twitter:data1\" content=\"1 minut\" \/>\n<script type=\"application\/ld+json\" class=\"yoast-schema-graph\">{\"@context\":\"https:\\\/\\\/schema.org\",\"@graph\":[{\"@type\":\"WebPage\",\"@id\":\"https:\\\/\\\/emasweden.com\\\/da\\\/produkt\\\/hd-nivelleringsbjaelke-3000-mm-uden-beslag\\\/\",\"url\":\"https:\\\/\\\/emasweden.com\\\/da\\\/produkt\\\/hd-nivelleringsbjaelke-3000-mm-uden-beslag\\\/\",\"name\":\"HD nivelleringsbj\u00e6lke 3000 mm - uden beslag - EMA Sverige\",\"isPartOf\":{\"@id\":\"https:\\\/\\\/emasweden.com\\\/da\\\/#website\"},\"primaryImageOfPage\":{\"@id\":\"https:\\\/\\\/emasweden.com\\\/da\\\/produkt\\\/hd-nivelleringsbjaelke-3000-mm-uden-beslag\\\/#primaryimage\"},\"image\":{\"@id\":\"https:\\\/\\\/emasweden.com\\\/da\\\/produkt\\\/hd-nivelleringsbjaelke-3000-mm-uden-beslag\\\/#primaryimage\"},\"thumbnailUrl\":\"https:\\\/\\\/emasweden.com\\\/wp-content\\\/uploads\\\/2021\\\/03\\\/7296010_1.jpg\",\"datePublished\":\"2021-03-16T10:15:08+00:00\",\"dateModified\":\"2025-10-01T11:12:13+00:00\",\"description\":\"HD nivelleringsbj\u00e6lke 3000 mm - uden beslag. Borox-sk\u00e6rest\u00e5l, Hardox\u00ae 450 i slidflader og hele siden. Meget effektivt v\u00e6rkt\u00f8j til nivellering af store overflader\",\"breadcrumb\":{\"@id\":\"https:\\\/\\\/emasweden.com\\\/da\\\/produkt\\\/hd-nivelleringsbjaelke-3000-mm-uden-beslag\\\/#breadcrumb\"},\"inLanguage\":\"da-DK\",\"potentialAction\":[{\"@type\":\"ReadAction\",\"target\":[\"https:\\\/\\\/emasweden.com\\\/da\\\/produkt\\\/hd-nivelleringsbjaelke-3000-mm-uden-beslag\\\/\"]}]},{\"@type\":\"ImageObject\",\"inLanguage\":\"da-DK\",\"@id\":\"https:\\\/\\\/emasweden.com\\\/da\\\/produkt\\\/hd-nivelleringsbjaelke-3000-mm-uden-beslag\\\/#primaryimage\",\"url\":\"https:\\\/\\\/emasweden.com\\\/wp-content\\\/uploads\\\/2021\\\/03\\\/7296010_1.jpg\",\"contentUrl\":\"https:\\\/\\\/emasweden.com\\\/wp-content\\\/uploads\\\/2021\\\/03\\\/7296010_1.jpg\",\"width\":1000,\"height\":750},{\"@type\":\"BreadcrumbList\",\"@id\":\"https:\\\/\\\/emasweden.com\\\/da\\\/produkt\\\/hd-nivelleringsbjaelke-3000-mm-uden-beslag\\\/#breadcrumb\",\"itemListElement\":[{\"@type\":\"ListItem\",\"position\":1,\"name\":\"Hem\",\"item\":\"https:\\\/\\\/emasweden.com\\\/da\\\/\"},{\"@type\":\"ListItem\",\"position\":2,\"name\":\"Produktsortiment\",\"item\":\"https:\\\/\\\/emasweden.com\\\/da\\\/produktsortiment-2\\\/\"},{\"@type\":\"ListItem\",\"position\":3,\"name\":\"HD nivelleringsbj\u00e6lke 3000 mm &#8211; uden beslag\"}]},{\"@type\":\"WebSite\",\"@id\":\"https:\\\/\\\/emasweden.com\\\/da\\\/#website\",\"url\":\"https:\\\/\\\/emasweden.com\\\/da\\\/\",\"name\":\"EMA Sverige\",\"description\":\"\",\"potentialAction\":[{\"@type\":\"SearchAction\",\"target\":{\"@type\":\"EntryPoint\",\"urlTemplate\":\"https:\\\/\\\/emasweden.com\\\/da\\\/?s={search_term_string}\"},\"query-input\":{\"@type\":\"PropertyValueSpecification\",\"valueRequired\":true,\"valueName\":\"search_term_string\"}}],\"inLanguage\":\"da-DK\"}]}<\/script>\n<!-- \/ Yoast SEO plugin. -->","yoast_head_json":{"title":"HD nivelleringsbj\u00e6lke 3000 mm - uden beslag - EMA Sverige","description":"HD nivelleringsbj\u00e6lke 3000 mm - uden beslag. Borox-sk\u00e6rest\u00e5l, Hardox\u00ae 450 i slidflader og hele siden. Meget effektivt v\u00e6rkt\u00f8j til nivellering af store overflader","robots":{"index":"index","follow":"follow","max-snippet":"max-snippet:-1","max-image-preview":"max-image-preview:large","max-video-preview":"max-video-preview:-1"},"canonical":"https:\/\/emasweden.com\/da\/produkt\/hd-nivelleringsbjaelke-3000-mm-uden-beslag\/","og_locale":"da_DK","og_type":"article","og_title":"HD nivelleringsbj\u00e6lke 3000 mm - uden beslag - EMA Sverige","og_description":"HD nivelleringsbj\u00e6lke 3000 mm - uden beslag. Borox-sk\u00e6rest\u00e5l, Hardox\u00ae 450 i slidflader og hele siden. Meget effektivt v\u00e6rkt\u00f8j til nivellering af store overflader","og_url":"https:\/\/emasweden.com\/da\/produkt\/hd-nivelleringsbjaelke-3000-mm-uden-beslag\/","og_site_name":"EMA Sverige","article_modified_time":"2025-10-01T11:12:13+00:00","og_image":[{"width":1000,"height":750,"url":"https:\/\/emasweden.com\/wp-content\/uploads\/2021\/03\/7296010_1.jpg","type":"image\/jpeg"}],"twitter_card":"summary_large_image","twitter_misc":{"Estimeret l\u00e6setid":"1 minut"},"schema":{"@context":"https:\/\/schema.org","@graph":[{"@type":"WebPage","@id":"https:\/\/emasweden.com\/da\/produkt\/hd-nivelleringsbjaelke-3000-mm-uden-beslag\/","url":"https:\/\/emasweden.com\/da\/produkt\/hd-nivelleringsbjaelke-3000-mm-uden-beslag\/","name":"HD nivelleringsbj\u00e6lke 3000 mm - uden beslag - EMA Sverige","isPartOf":{"@id":"https:\/\/emasweden.com\/da\/#website"},"primaryImageOfPage":{"@id":"https:\/\/emasweden.com\/da\/produkt\/hd-nivelleringsbjaelke-3000-mm-uden-beslag\/#primaryimage"},"image":{"@id":"https:\/\/emasweden.com\/da\/produkt\/hd-nivelleringsbjaelke-3000-mm-uden-beslag\/#primaryimage"},"thumbnailUrl":"https:\/\/emasweden.com\/wp-content\/uploads\/2021\/03\/7296010_1.jpg","datePublished":"2021-03-16T10:15:08+00:00","dateModified":"2025-10-01T11:12:13+00:00","description":"HD nivelleringsbj\u00e6lke 3000 mm - uden beslag. Borox-sk\u00e6rest\u00e5l, Hardox\u00ae 450 i slidflader og hele siden. Meget effektivt v\u00e6rkt\u00f8j til nivellering af store overflader","breadcrumb":{"@id":"https:\/\/emasweden.com\/da\/produkt\/hd-nivelleringsbjaelke-3000-mm-uden-beslag\/#breadcrumb"},"inLanguage":"da-DK","potentialAction":[{"@type":"ReadAction","target":["https:\/\/emasweden.com\/da\/produkt\/hd-nivelleringsbjaelke-3000-mm-uden-beslag\/"]}]},{"@type":"ImageObject","inLanguage":"da-DK","@id":"https:\/\/emasweden.com\/da\/produkt\/hd-nivelleringsbjaelke-3000-mm-uden-beslag\/#primaryimage","url":"https:\/\/emasweden.com\/wp-content\/uploads\/2021\/03\/7296010_1.jpg","contentUrl":"https:\/\/emasweden.com\/wp-content\/uploads\/2021\/03\/7296010_1.jpg","width":1000,"height":750},{"@type":"BreadcrumbList","@id":"https:\/\/emasweden.com\/da\/produkt\/hd-nivelleringsbjaelke-3000-mm-uden-beslag\/#breadcrumb","itemListElement":[{"@type":"ListItem","position":1,"name":"Hem","item":"https:\/\/emasweden.com\/da\/"},{"@type":"ListItem","position":2,"name":"Produktsortiment","item":"https:\/\/emasweden.com\/da\/produktsortiment-2\/"},{"@type":"ListItem","position":3,"name":"HD nivelleringsbj\u00e6lke 3000 mm &#8211; uden beslag"}]},{"@type":"WebSite","@id":"https:\/\/emasweden.com\/da\/#website","url":"https:\/\/emasweden.com\/da\/","name":"EMA Sverige","description":"","potentialAction":[{"@type":"SearchAction","target":{"@type":"EntryPoint","urlTemplate":"https:\/\/emasweden.com\/da\/?s={search_term_string}"},"query-input":{"@type":"PropertyValueSpecification","valueRequired":true,"valueName":"search_term_string"}}],"inLanguage":"da-DK"}]}},"_links":{"self":[{"href":"https:\/\/emasweden.com\/da\/wp-json\/wp\/v2\/product\/18350","targetHints":{"allow":["GET"]}}],"collection":[{"href":"https:\/\/emasweden.com\/da\/wp-json\/wp\/v2\/product"}],"about":[{"href":"https:\/\/emasweden.com\/da\/wp-json\/wp\/v2\/types\/product"}],"wp:featuredmedia":[{"embeddable":true,"href":"https:\/\/emasweden.com\/da\/wp-json\/wp\/v2\/media\/22684"}],"wp:attachment":[{"href":"https:\/\/emasweden.com\/da\/wp-json\/wp\/v2\/media?parent=18350"}],"wp:term":[{"taxonomy":"product_brand","embeddable":true,"href":"https:\/\/emasweden.com\/da\/wp-json\/wp\/v2\/product_brand?post=18350"},{"taxonomy":"product_cat","embeddable":true,"href":"https:\/\/emasweden.com\/da\/wp-json\/wp\/v2\/product_cat?post=18350"},{"taxonomy":"product_tag","embeddable":true,"href":"https:\/\/emasweden.com\/da\/wp-json\/wp\/v2\/product_tag?post=18350"},{"taxonomy":"faste-y","embeddable":true,"href":"https:\/\/emasweden.com\/da\/wp-json\/wp\/v2\/faste-y?post=18350"}],"curies":[{"name":"wp","href":"https:\/\/api.w.org\/{rel}","templated":true}]}}