{"id":18421,"date":"2021-01-20T15:38:19","date_gmt":"2021-01-20T14:38:19","guid":{"rendered":"https:\/\/emasweden.com\/produkt\/hdrp-mountain-skovl-armour-3200l-5stk-j550-taender-2040mm-s90\/"},"modified":"2025-10-01T13:32:51","modified_gmt":"2025-10-01T11:32:51","slug":"hdrp-mountain-skovl-armour-3200l-5stk-j550-taender-2040mm-s90","status":"publish","type":"product","link":"https:\/\/emasweden.com\/da\/produkt\/hdrp-mountain-skovl-armour-3200l-5stk-j550-taender-2040mm-s90\/","title":{"rendered":"HDRP Mountain skovl Armour 3200L &#8211; 5stk J550 t\u00e6nder &#8211; 2040mm &#8211; S90"},"content":{"rendered":"<p><sup>HDRP Mountain skovl Armour 3200L &#8211; 5stk J550 t\u00e6nder &#8211; 2040mm &#8211; S90<\/sup><br \/>\n<br \/>&#8211; Kraftig stenpanser<br \/>\n<br \/>Ema 500 PANSAR er hovedsageligt fremstillet af det meget holdbare materiale HARDOX 500, hvilket betyder, at produkterne i denne serie har en meget lang livscyklus, selv i de h\u00e5rdeste milj\u00f8er.<br \/>\n<br \/>  Skovle i PANSAR-serien er udstyret med indvendige og udvendige slidribber, h\u00e6lbeskyttere, m\u00e6lket\u00e6nder, slidpuder og chocko-bars og kan ogs\u00e5 tilpasses.  <br \/>N\u00e5r man v\u00e6lger Hardox 500 som materiale, betyder det ogs\u00e5, at man kan fjerne sliddele som f.eks. endestykker, hvilket betyder lavere v\u00e6gt og reduceret br\u00e6ndstofforbrug. <\/p>\n<p>&#8211; Snit, kanter, slidstriber og ramme i  <a href=\"https:\/\/www.ssab.com\/products\/brands\/hardox\/products\/hardox-500\" target=\"_blank\" rel=\"noopener\">HARDOX 500<\/a><br \/>\n<br \/>&#8211; Bund og sider i <a href=\"https:\/\/www.ssab.com\/products\/brands\/hardox\/products\/hardox-450\" target=\"_blank\" rel=\"noopener\">HARDOX 450<\/a><br \/>\n<br \/>&#8211; Ekstra slidbeskyttelse b\u00e5de over og under tandholderen<br \/>\n<br \/>&#8211; M\u00e6lket\u00e6nder som standard<br \/>\n<br \/>&#8211; Lige eller delt snit\n<\/ul>\n","protected":false},"excerpt":{"rendered":"<p>HDRP Mountain skovl Armour 3200L &#8211; 5stk J550 t\u00e6nder &#8211; 2040mm &#8211; S90 &#8211; Kraftig stenpanser Ema 500 PANSAR er hovedsageligt fremstillet af det meget holdbare materiale HARDOX 500, hvilket betyder, at produkterne i denne serie har en meget lang livscyklus, selv i de h\u00e5rdeste milj\u00f8er. Skovle i PANSAR-serien er udstyret med indvendige og udvendige [&hellip;]<\/p>\n","protected":false},"featured_media":21662,"template":"","meta":{"_monsterinsights_skip_tracking":false,"_monsterinsights_sitenote_active":false,"_monsterinsights_sitenote_note":"","_monsterinsights_sitenote_category":0},"product_brand":[],"product_cat":[4682],"product_tag":[],"faste-y":[],"class_list":{"0":"post-18421","1":"product","2":"type-product","3":"status-publish","4":"has-post-thumbnail","6":"product_cat-stenskovl","7":"pa_antal-tander-5-stk","8":"pa_max-bredd-2040mm","9":"pa_skar-60x570mm","10":"pa_tand-j550","11":"pa_vikt-3685-kg","13":"first","14":"instock","15":"purchasable","16":"product-type-simple"},"yoast_head":"<!-- This site is optimized with the Yoast SEO plugin v27.4 - https:\/\/yoast.com\/product\/yoast-seo-wordpress\/ -->\n<title>HDRP Mountain skovl Armour 3200L - 5stk J550 t\u00e6nder - 2040mm - S90 - EMA Sverige<\/title>\n<meta name=\"description\" content=\"HDRP Rock Bucket Armour 3200L - 5 J550 t\u00e6nder - 2040mm - S90 Udsk\u00e6ringer, kanter, slidribber og ramme i HARDOX 500. Bund og sider i HARDOX 450.\" \/>\n<meta name=\"robots\" content=\"index, follow, max-snippet:-1, max-image-preview:large, max-video-preview:-1\" \/>\n<link rel=\"canonical\" href=\"https:\/\/emasweden.com\/da\/produkt\/hdrp-mountain-skovl-armour-3200l-5stk-j550-taender-2040mm-s90\/\" \/>\n<meta property=\"og:locale\" content=\"da_DK\" \/>\n<meta property=\"og:type\" content=\"article\" \/>\n<meta property=\"og:title\" content=\"HDRP Mountain skovl Armour 3200L - 5stk J550 t\u00e6nder - 2040mm - S90 - EMA Sverige\" \/>\n<meta property=\"og:description\" content=\"HDRP Rock Bucket Armour 3200L - 5 J550 t\u00e6nder - 2040mm - S90 Udsk\u00e6ringer, kanter, slidribber og ramme i HARDOX 500. Bund og sider i HARDOX 450.\" \/>\n<meta property=\"og:url\" content=\"https:\/\/emasweden.com\/da\/produkt\/hdrp-mountain-skovl-armour-3200l-5stk-j550-taender-2040mm-s90\/\" \/>\n<meta property=\"og:site_name\" content=\"EMA Sverige\" \/>\n<meta property=\"article:modified_time\" content=\"2025-10-01T11:32:51+00:00\" \/>\n<meta property=\"og:image\" content=\"https:\/\/emasweden.com\/wp-content\/uploads\/2021\/01\/7291311_1.jpg\" \/>\n\t<meta property=\"og:image:width\" content=\"1000\" \/>\n\t<meta property=\"og:image:height\" content=\"750\" \/>\n\t<meta property=\"og:image:type\" content=\"image\/jpeg\" \/>\n<meta name=\"twitter:card\" content=\"summary_large_image\" \/>\n<meta name=\"twitter:label1\" content=\"Estimeret l\u00e6setid\" \/>\n\t<meta name=\"twitter:data1\" content=\"1 minut\" \/>\n<script type=\"application\/ld+json\" class=\"yoast-schema-graph\">{\"@context\":\"https:\\\/\\\/schema.org\",\"@graph\":[{\"@type\":\"WebPage\",\"@id\":\"https:\\\/\\\/emasweden.com\\\/da\\\/produkt\\\/hdrp-mountain-skovl-armour-3200l-5stk-j550-taender-2040mm-s90\\\/\",\"url\":\"https:\\\/\\\/emasweden.com\\\/da\\\/produkt\\\/hdrp-mountain-skovl-armour-3200l-5stk-j550-taender-2040mm-s90\\\/\",\"name\":\"HDRP Mountain skovl Armour 3200L - 5stk J550 t\u00e6nder - 2040mm - S90 - EMA Sverige\",\"isPartOf\":{\"@id\":\"https:\\\/\\\/emasweden.com\\\/da\\\/#website\"},\"primaryImageOfPage\":{\"@id\":\"https:\\\/\\\/emasweden.com\\\/da\\\/produkt\\\/hdrp-mountain-skovl-armour-3200l-5stk-j550-taender-2040mm-s90\\\/#primaryimage\"},\"image\":{\"@id\":\"https:\\\/\\\/emasweden.com\\\/da\\\/produkt\\\/hdrp-mountain-skovl-armour-3200l-5stk-j550-taender-2040mm-s90\\\/#primaryimage\"},\"thumbnailUrl\":\"https:\\\/\\\/emasweden.com\\\/wp-content\\\/uploads\\\/2021\\\/01\\\/7291311_1.jpg\",\"datePublished\":\"2021-01-20T14:38:19+00:00\",\"dateModified\":\"2025-10-01T11:32:51+00:00\",\"description\":\"HDRP Rock Bucket Armour 3200L - 5 J550 t\u00e6nder - 2040mm - S90 Udsk\u00e6ringer, kanter, slidribber og ramme i HARDOX 500. Bund og sider i HARDOX 450.\",\"breadcrumb\":{\"@id\":\"https:\\\/\\\/emasweden.com\\\/da\\\/produkt\\\/hdrp-mountain-skovl-armour-3200l-5stk-j550-taender-2040mm-s90\\\/#breadcrumb\"},\"inLanguage\":\"da-DK\",\"potentialAction\":[{\"@type\":\"ReadAction\",\"target\":[\"https:\\\/\\\/emasweden.com\\\/da\\\/produkt\\\/hdrp-mountain-skovl-armour-3200l-5stk-j550-taender-2040mm-s90\\\/\"]}]},{\"@type\":\"ImageObject\",\"inLanguage\":\"da-DK\",\"@id\":\"https:\\\/\\\/emasweden.com\\\/da\\\/produkt\\\/hdrp-mountain-skovl-armour-3200l-5stk-j550-taender-2040mm-s90\\\/#primaryimage\",\"url\":\"https:\\\/\\\/emasweden.com\\\/wp-content\\\/uploads\\\/2021\\\/01\\\/7291311_1.jpg\",\"contentUrl\":\"https:\\\/\\\/emasweden.com\\\/wp-content\\\/uploads\\\/2021\\\/01\\\/7291311_1.jpg\",\"width\":1000,\"height\":750},{\"@type\":\"BreadcrumbList\",\"@id\":\"https:\\\/\\\/emasweden.com\\\/da\\\/produkt\\\/hdrp-mountain-skovl-armour-3200l-5stk-j550-taender-2040mm-s90\\\/#breadcrumb\",\"itemListElement\":[{\"@type\":\"ListItem\",\"position\":1,\"name\":\"Hem\",\"item\":\"https:\\\/\\\/emasweden.com\\\/da\\\/\"},{\"@type\":\"ListItem\",\"position\":2,\"name\":\"Produktsortiment\",\"item\":\"https:\\\/\\\/emasweden.com\\\/da\\\/produktsortiment-2\\\/\"},{\"@type\":\"ListItem\",\"position\":3,\"name\":\"HDRP Mountain skovl Armour 3200L &#8211; 5stk J550 t\u00e6nder &#8211; 2040mm &#8211; S90\"}]},{\"@type\":\"WebSite\",\"@id\":\"https:\\\/\\\/emasweden.com\\\/da\\\/#website\",\"url\":\"https:\\\/\\\/emasweden.com\\\/da\\\/\",\"name\":\"EMA Sverige\",\"description\":\"\",\"potentialAction\":[{\"@type\":\"SearchAction\",\"target\":{\"@type\":\"EntryPoint\",\"urlTemplate\":\"https:\\\/\\\/emasweden.com\\\/da\\\/?s={search_term_string}\"},\"query-input\":{\"@type\":\"PropertyValueSpecification\",\"valueRequired\":true,\"valueName\":\"search_term_string\"}}],\"inLanguage\":\"da-DK\"}]}<\/script>\n<!-- \/ Yoast SEO plugin. -->","yoast_head_json":{"title":"HDRP Mountain skovl Armour 3200L - 5stk J550 t\u00e6nder - 2040mm - S90 - EMA Sverige","description":"HDRP Rock Bucket Armour 3200L - 5 J550 t\u00e6nder - 2040mm - S90 Udsk\u00e6ringer, kanter, slidribber og ramme i HARDOX 500. Bund og sider i HARDOX 450.","robots":{"index":"index","follow":"follow","max-snippet":"max-snippet:-1","max-image-preview":"max-image-preview:large","max-video-preview":"max-video-preview:-1"},"canonical":"https:\/\/emasweden.com\/da\/produkt\/hdrp-mountain-skovl-armour-3200l-5stk-j550-taender-2040mm-s90\/","og_locale":"da_DK","og_type":"article","og_title":"HDRP Mountain skovl Armour 3200L - 5stk J550 t\u00e6nder - 2040mm - S90 - EMA Sverige","og_description":"HDRP Rock Bucket Armour 3200L - 5 J550 t\u00e6nder - 2040mm - S90 Udsk\u00e6ringer, kanter, slidribber og ramme i HARDOX 500. Bund og sider i HARDOX 450.","og_url":"https:\/\/emasweden.com\/da\/produkt\/hdrp-mountain-skovl-armour-3200l-5stk-j550-taender-2040mm-s90\/","og_site_name":"EMA Sverige","article_modified_time":"2025-10-01T11:32:51+00:00","og_image":[{"width":1000,"height":750,"url":"https:\/\/emasweden.com\/wp-content\/uploads\/2021\/01\/7291311_1.jpg","type":"image\/jpeg"}],"twitter_card":"summary_large_image","twitter_misc":{"Estimeret l\u00e6setid":"1 minut"},"schema":{"@context":"https:\/\/schema.org","@graph":[{"@type":"WebPage","@id":"https:\/\/emasweden.com\/da\/produkt\/hdrp-mountain-skovl-armour-3200l-5stk-j550-taender-2040mm-s90\/","url":"https:\/\/emasweden.com\/da\/produkt\/hdrp-mountain-skovl-armour-3200l-5stk-j550-taender-2040mm-s90\/","name":"HDRP Mountain skovl Armour 3200L - 5stk J550 t\u00e6nder - 2040mm - S90 - EMA Sverige","isPartOf":{"@id":"https:\/\/emasweden.com\/da\/#website"},"primaryImageOfPage":{"@id":"https:\/\/emasweden.com\/da\/produkt\/hdrp-mountain-skovl-armour-3200l-5stk-j550-taender-2040mm-s90\/#primaryimage"},"image":{"@id":"https:\/\/emasweden.com\/da\/produkt\/hdrp-mountain-skovl-armour-3200l-5stk-j550-taender-2040mm-s90\/#primaryimage"},"thumbnailUrl":"https:\/\/emasweden.com\/wp-content\/uploads\/2021\/01\/7291311_1.jpg","datePublished":"2021-01-20T14:38:19+00:00","dateModified":"2025-10-01T11:32:51+00:00","description":"HDRP Rock Bucket Armour 3200L - 5 J550 t\u00e6nder - 2040mm - S90 Udsk\u00e6ringer, kanter, slidribber og ramme i HARDOX 500. Bund og sider i HARDOX 450.","breadcrumb":{"@id":"https:\/\/emasweden.com\/da\/produkt\/hdrp-mountain-skovl-armour-3200l-5stk-j550-taender-2040mm-s90\/#breadcrumb"},"inLanguage":"da-DK","potentialAction":[{"@type":"ReadAction","target":["https:\/\/emasweden.com\/da\/produkt\/hdrp-mountain-skovl-armour-3200l-5stk-j550-taender-2040mm-s90\/"]}]},{"@type":"ImageObject","inLanguage":"da-DK","@id":"https:\/\/emasweden.com\/da\/produkt\/hdrp-mountain-skovl-armour-3200l-5stk-j550-taender-2040mm-s90\/#primaryimage","url":"https:\/\/emasweden.com\/wp-content\/uploads\/2021\/01\/7291311_1.jpg","contentUrl":"https:\/\/emasweden.com\/wp-content\/uploads\/2021\/01\/7291311_1.jpg","width":1000,"height":750},{"@type":"BreadcrumbList","@id":"https:\/\/emasweden.com\/da\/produkt\/hdrp-mountain-skovl-armour-3200l-5stk-j550-taender-2040mm-s90\/#breadcrumb","itemListElement":[{"@type":"ListItem","position":1,"name":"Hem","item":"https:\/\/emasweden.com\/da\/"},{"@type":"ListItem","position":2,"name":"Produktsortiment","item":"https:\/\/emasweden.com\/da\/produktsortiment-2\/"},{"@type":"ListItem","position":3,"name":"HDRP Mountain skovl Armour 3200L &#8211; 5stk J550 t\u00e6nder &#8211; 2040mm &#8211; S90"}]},{"@type":"WebSite","@id":"https:\/\/emasweden.com\/da\/#website","url":"https:\/\/emasweden.com\/da\/","name":"EMA Sverige","description":"","potentialAction":[{"@type":"SearchAction","target":{"@type":"EntryPoint","urlTemplate":"https:\/\/emasweden.com\/da\/?s={search_term_string}"},"query-input":{"@type":"PropertyValueSpecification","valueRequired":true,"valueName":"search_term_string"}}],"inLanguage":"da-DK"}]}},"_links":{"self":[{"href":"https:\/\/emasweden.com\/da\/wp-json\/wp\/v2\/product\/18421","targetHints":{"allow":["GET"]}}],"collection":[{"href":"https:\/\/emasweden.com\/da\/wp-json\/wp\/v2\/product"}],"about":[{"href":"https:\/\/emasweden.com\/da\/wp-json\/wp\/v2\/types\/product"}],"wp:featuredmedia":[{"embeddable":true,"href":"https:\/\/emasweden.com\/da\/wp-json\/wp\/v2\/media\/21662"}],"wp:attachment":[{"href":"https:\/\/emasweden.com\/da\/wp-json\/wp\/v2\/media?parent=18421"}],"wp:term":[{"taxonomy":"product_brand","embeddable":true,"href":"https:\/\/emasweden.com\/da\/wp-json\/wp\/v2\/product_brand?post=18421"},{"taxonomy":"product_cat","embeddable":true,"href":"https:\/\/emasweden.com\/da\/wp-json\/wp\/v2\/product_cat?post=18421"},{"taxonomy":"product_tag","embeddable":true,"href":"https:\/\/emasweden.com\/da\/wp-json\/wp\/v2\/product_tag?post=18421"},{"taxonomy":"faste-y","embeddable":true,"href":"https:\/\/emasweden.com\/da\/wp-json\/wp\/v2\/faste-y?post=18421"}],"curies":[{"name":"wp","href":"https:\/\/api.w.org\/{rel}","templated":true}]}}