{"id":18450,"date":"2021-01-20T15:38:48","date_gmt":"2021-01-20T14:38:48","guid":{"rendered":"https:\/\/emasweden.com\/produkt\/std-ristespand-500l-med-blad-1400mm-s50\/"},"modified":"2025-12-05T13:43:57","modified_gmt":"2025-12-05T12:43:57","slug":"std-ristespand-500l-med-blad-1400mm-s50","status":"publish","type":"product","link":"https:\/\/emasweden.com\/da\/produkt\/std-ristespand-500l-med-blad-1400mm-s50\/","title":{"rendered":"Std Ribbeskovl 500L med sk\u00e6r &#8211; 1400mm &#8211; S50"},"content":{"rendered":"<p><sup>SD R<\/sup>isteskovl <sup>500L med blad &#8211; 1400mm &#8211; S50<\/sup><br \/>\n&#8211; Vores risteskovle har samme form som vores popul\u00e6re udj\u00e6vningsskovle, dvs. med lang bund. Vi har valgt rundjern for at opn\u00e5 den bedste sigtningskapacitet og levetid.<br \/>\nDet kraftige blad giver stabilitet til hele skovlens design.<\/p>\n<p>&#8211; Robust og unikt design med forl\u00e6nget bund for en effektiv sigteflade.<\/p>\n<p>&#8211; Sk\u00e6res i 500 brinell <a href=\"https:\/\/www.borox.se\/produkter\/skopst%C3%A5l\" target=\"_blank\" rel=\"noopener\">BOROX<\/a>.<\/p>\n<p>&#8211; Slidflader forst\u00e6rket med <a href=\"https:\/\/www.ssab.com\/products\/brands\/hardox\/products\/hardox-450\" target=\"_blank\" rel=\"noopener\">HARDOX 450.<\/a><\/p>\n<p>&#8211; Aksler indbygget i konstruktionen for bedre holdbarhed og stabilitet.<\/p>\n","protected":false},"excerpt":{"rendered":"<p>SD Risteskovl 500L med blad &#8211; 1400mm &#8211; S50 &#8211; Vores risteskovle har samme form som vores popul\u00e6re udj\u00e6vningsskovle, dvs. med lang bund. Vi har valgt rundjern for at opn\u00e5 den bedste sigtningskapacitet og levetid. Det kraftige blad giver stabilitet til hele skovlens design. &#8211; Robust og unikt design med forl\u00e6nget bund for en effektiv [&hellip;]<\/p>\n","protected":false},"featured_media":21856,"template":"","meta":{"_monsterinsights_skip_tracking":false,"_monsterinsights_sitenote_active":false,"_monsterinsights_sitenote_note":"","_monsterinsights_sitenote_category":0},"product_brand":[],"product_cat":[3593],"product_tag":[],"faste-y":[],"class_list":{"0":"post-18450","1":"product","2":"type-product","3":"status-publish","4":"has-post-thumbnail","6":"product_cat-ribbeskovl","7":"pa_max-bredd-1400mm","8":"pa_skar-20x150mm","9":"pa_tand-nej-det-er-det-ikke","10":"pa_vikt-255-kg","12":"first","13":"instock","14":"purchasable","15":"product-type-simple"},"yoast_head":"<!-- This site is optimized with the Yoast SEO plugin v27.5 - https:\/\/yoast.com\/product\/yoast-seo-wordpress\/ -->\n<title>Std Ribbeskovl 500L med sk\u00e6r - 1400mm - S50 - EMA Sverige<\/title>\n<meta name=\"description\" content=\"SD-risteskovl 500L med blad - 1400mm - S50 Robust med unikt design med forl\u00e6nget bund for effektiv risteflade. Indbyggede aksler i konstruktionen giver bedre holdbarhed og stabilitet.\" \/>\n<meta name=\"robots\" content=\"index, follow, max-snippet:-1, max-image-preview:large, max-video-preview:-1\" \/>\n<link rel=\"canonical\" href=\"https:\/\/emasweden.com\/da\/produkt\/std-ristespand-500l-med-blad-1400mm-s50\/\" \/>\n<meta property=\"og:locale\" content=\"da_DK\" \/>\n<meta property=\"og:type\" content=\"article\" \/>\n<meta property=\"og:title\" content=\"Std Ribbeskovl 500L med sk\u00e6r - 1400mm - S50 - EMA Sverige\" \/>\n<meta property=\"og:description\" content=\"SD-risteskovl 500L med blad - 1400mm - S50 Robust med unikt design med forl\u00e6nget bund for effektiv risteflade. Indbyggede aksler i konstruktionen giver bedre holdbarhed og stabilitet.\" \/>\n<meta property=\"og:url\" content=\"https:\/\/emasweden.com\/da\/produkt\/std-ristespand-500l-med-blad-1400mm-s50\/\" \/>\n<meta property=\"og:site_name\" content=\"EMA Sverige\" \/>\n<meta property=\"article:modified_time\" content=\"2025-12-05T12:43:57+00:00\" \/>\n<meta property=\"og:image\" content=\"https:\/\/emasweden.com\/wp-content\/uploads\/2021\/01\/7292032_1-5.jpg\" \/>\n\t<meta property=\"og:image:width\" content=\"1000\" \/>\n\t<meta property=\"og:image:height\" content=\"750\" \/>\n\t<meta property=\"og:image:type\" content=\"image\/jpeg\" \/>\n<meta name=\"twitter:card\" content=\"summary_large_image\" \/>\n<meta name=\"twitter:label1\" content=\"Estimeret l\u00e6setid\" \/>\n\t<meta name=\"twitter:data1\" content=\"1 minut\" \/>\n<script type=\"application\/ld+json\" class=\"yoast-schema-graph\">{\"@context\":\"https:\\\/\\\/schema.org\",\"@graph\":[{\"@type\":\"WebPage\",\"@id\":\"https:\\\/\\\/emasweden.com\\\/da\\\/produkt\\\/std-ristespand-500l-med-blad-1400mm-s50\\\/\",\"url\":\"https:\\\/\\\/emasweden.com\\\/da\\\/produkt\\\/std-ristespand-500l-med-blad-1400mm-s50\\\/\",\"name\":\"Std Ribbeskovl 500L med sk\u00e6r - 1400mm - S50 - EMA Sverige\",\"isPartOf\":{\"@id\":\"https:\\\/\\\/emasweden.com\\\/da\\\/#website\"},\"primaryImageOfPage\":{\"@id\":\"https:\\\/\\\/emasweden.com\\\/da\\\/produkt\\\/std-ristespand-500l-med-blad-1400mm-s50\\\/#primaryimage\"},\"image\":{\"@id\":\"https:\\\/\\\/emasweden.com\\\/da\\\/produkt\\\/std-ristespand-500l-med-blad-1400mm-s50\\\/#primaryimage\"},\"thumbnailUrl\":\"https:\\\/\\\/emasweden.com\\\/wp-content\\\/uploads\\\/2021\\\/01\\\/7292032_1-5.jpg\",\"datePublished\":\"2021-01-20T14:38:48+00:00\",\"dateModified\":\"2025-12-05T12:43:57+00:00\",\"description\":\"SD-risteskovl 500L med blad - 1400mm - S50 Robust med unikt design med forl\u00e6nget bund for effektiv risteflade. Indbyggede aksler i konstruktionen giver bedre holdbarhed og stabilitet.\",\"breadcrumb\":{\"@id\":\"https:\\\/\\\/emasweden.com\\\/da\\\/produkt\\\/std-ristespand-500l-med-blad-1400mm-s50\\\/#breadcrumb\"},\"inLanguage\":\"da-DK\",\"potentialAction\":[{\"@type\":\"ReadAction\",\"target\":[\"https:\\\/\\\/emasweden.com\\\/da\\\/produkt\\\/std-ristespand-500l-med-blad-1400mm-s50\\\/\"]}]},{\"@type\":\"ImageObject\",\"inLanguage\":\"da-DK\",\"@id\":\"https:\\\/\\\/emasweden.com\\\/da\\\/produkt\\\/std-ristespand-500l-med-blad-1400mm-s50\\\/#primaryimage\",\"url\":\"https:\\\/\\\/emasweden.com\\\/wp-content\\\/uploads\\\/2021\\\/01\\\/7292032_1-5.jpg\",\"contentUrl\":\"https:\\\/\\\/emasweden.com\\\/wp-content\\\/uploads\\\/2021\\\/01\\\/7292032_1-5.jpg\",\"width\":1000,\"height\":750,\"caption\":\"SD Gallerskopa 500L med blad - 1400mm - S50\"},{\"@type\":\"BreadcrumbList\",\"@id\":\"https:\\\/\\\/emasweden.com\\\/da\\\/produkt\\\/std-ristespand-500l-med-blad-1400mm-s50\\\/#breadcrumb\",\"itemListElement\":[{\"@type\":\"ListItem\",\"position\":1,\"name\":\"Hem\",\"item\":\"https:\\\/\\\/emasweden.com\\\/da\\\/\"},{\"@type\":\"ListItem\",\"position\":2,\"name\":\"Produktsortiment\",\"item\":\"https:\\\/\\\/emasweden.com\\\/da\\\/produktsortiment-2\\\/\"},{\"@type\":\"ListItem\",\"position\":3,\"name\":\"Std Ribbeskovl 500L med sk\u00e6r &#8211; 1400mm &#8211; S50\"}]},{\"@type\":\"WebSite\",\"@id\":\"https:\\\/\\\/emasweden.com\\\/da\\\/#website\",\"url\":\"https:\\\/\\\/emasweden.com\\\/da\\\/\",\"name\":\"EMA Sverige\",\"description\":\"\",\"potentialAction\":[{\"@type\":\"SearchAction\",\"target\":{\"@type\":\"EntryPoint\",\"urlTemplate\":\"https:\\\/\\\/emasweden.com\\\/da\\\/?s={search_term_string}\"},\"query-input\":{\"@type\":\"PropertyValueSpecification\",\"valueRequired\":true,\"valueName\":\"search_term_string\"}}],\"inLanguage\":\"da-DK\"}]}<\/script>\n<!-- \/ Yoast SEO plugin. -->","yoast_head_json":{"title":"Std Ribbeskovl 500L med sk\u00e6r - 1400mm - S50 - EMA Sverige","description":"SD-risteskovl 500L med blad - 1400mm - S50 Robust med unikt design med forl\u00e6nget bund for effektiv risteflade. Indbyggede aksler i konstruktionen giver bedre holdbarhed og stabilitet.","robots":{"index":"index","follow":"follow","max-snippet":"max-snippet:-1","max-image-preview":"max-image-preview:large","max-video-preview":"max-video-preview:-1"},"canonical":"https:\/\/emasweden.com\/da\/produkt\/std-ristespand-500l-med-blad-1400mm-s50\/","og_locale":"da_DK","og_type":"article","og_title":"Std Ribbeskovl 500L med sk\u00e6r - 1400mm - S50 - EMA Sverige","og_description":"SD-risteskovl 500L med blad - 1400mm - S50 Robust med unikt design med forl\u00e6nget bund for effektiv risteflade. Indbyggede aksler i konstruktionen giver bedre holdbarhed og stabilitet.","og_url":"https:\/\/emasweden.com\/da\/produkt\/std-ristespand-500l-med-blad-1400mm-s50\/","og_site_name":"EMA Sverige","article_modified_time":"2025-12-05T12:43:57+00:00","og_image":[{"width":1000,"height":750,"url":"https:\/\/emasweden.com\/wp-content\/uploads\/2021\/01\/7292032_1-5.jpg","type":"image\/jpeg"}],"twitter_card":"summary_large_image","twitter_misc":{"Estimeret l\u00e6setid":"1 minut"},"schema":{"@context":"https:\/\/schema.org","@graph":[{"@type":"WebPage","@id":"https:\/\/emasweden.com\/da\/produkt\/std-ristespand-500l-med-blad-1400mm-s50\/","url":"https:\/\/emasweden.com\/da\/produkt\/std-ristespand-500l-med-blad-1400mm-s50\/","name":"Std Ribbeskovl 500L med sk\u00e6r - 1400mm - S50 - EMA Sverige","isPartOf":{"@id":"https:\/\/emasweden.com\/da\/#website"},"primaryImageOfPage":{"@id":"https:\/\/emasweden.com\/da\/produkt\/std-ristespand-500l-med-blad-1400mm-s50\/#primaryimage"},"image":{"@id":"https:\/\/emasweden.com\/da\/produkt\/std-ristespand-500l-med-blad-1400mm-s50\/#primaryimage"},"thumbnailUrl":"https:\/\/emasweden.com\/wp-content\/uploads\/2021\/01\/7292032_1-5.jpg","datePublished":"2021-01-20T14:38:48+00:00","dateModified":"2025-12-05T12:43:57+00:00","description":"SD-risteskovl 500L med blad - 1400mm - S50 Robust med unikt design med forl\u00e6nget bund for effektiv risteflade. Indbyggede aksler i konstruktionen giver bedre holdbarhed og stabilitet.","breadcrumb":{"@id":"https:\/\/emasweden.com\/da\/produkt\/std-ristespand-500l-med-blad-1400mm-s50\/#breadcrumb"},"inLanguage":"da-DK","potentialAction":[{"@type":"ReadAction","target":["https:\/\/emasweden.com\/da\/produkt\/std-ristespand-500l-med-blad-1400mm-s50\/"]}]},{"@type":"ImageObject","inLanguage":"da-DK","@id":"https:\/\/emasweden.com\/da\/produkt\/std-ristespand-500l-med-blad-1400mm-s50\/#primaryimage","url":"https:\/\/emasweden.com\/wp-content\/uploads\/2021\/01\/7292032_1-5.jpg","contentUrl":"https:\/\/emasweden.com\/wp-content\/uploads\/2021\/01\/7292032_1-5.jpg","width":1000,"height":750,"caption":"SD Gallerskopa 500L med blad - 1400mm - S50"},{"@type":"BreadcrumbList","@id":"https:\/\/emasweden.com\/da\/produkt\/std-ristespand-500l-med-blad-1400mm-s50\/#breadcrumb","itemListElement":[{"@type":"ListItem","position":1,"name":"Hem","item":"https:\/\/emasweden.com\/da\/"},{"@type":"ListItem","position":2,"name":"Produktsortiment","item":"https:\/\/emasweden.com\/da\/produktsortiment-2\/"},{"@type":"ListItem","position":3,"name":"Std Ribbeskovl 500L med sk\u00e6r &#8211; 1400mm &#8211; S50"}]},{"@type":"WebSite","@id":"https:\/\/emasweden.com\/da\/#website","url":"https:\/\/emasweden.com\/da\/","name":"EMA Sverige","description":"","potentialAction":[{"@type":"SearchAction","target":{"@type":"EntryPoint","urlTemplate":"https:\/\/emasweden.com\/da\/?s={search_term_string}"},"query-input":{"@type":"PropertyValueSpecification","valueRequired":true,"valueName":"search_term_string"}}],"inLanguage":"da-DK"}]}},"_links":{"self":[{"href":"https:\/\/emasweden.com\/da\/wp-json\/wp\/v2\/product\/18450","targetHints":{"allow":["GET"]}}],"collection":[{"href":"https:\/\/emasweden.com\/da\/wp-json\/wp\/v2\/product"}],"about":[{"href":"https:\/\/emasweden.com\/da\/wp-json\/wp\/v2\/types\/product"}],"wp:featuredmedia":[{"embeddable":true,"href":"https:\/\/emasweden.com\/da\/wp-json\/wp\/v2\/media\/21856"}],"wp:attachment":[{"href":"https:\/\/emasweden.com\/da\/wp-json\/wp\/v2\/media?parent=18450"}],"wp:term":[{"taxonomy":"product_brand","embeddable":true,"href":"https:\/\/emasweden.com\/da\/wp-json\/wp\/v2\/product_brand?post=18450"},{"taxonomy":"product_cat","embeddable":true,"href":"https:\/\/emasweden.com\/da\/wp-json\/wp\/v2\/product_cat?post=18450"},{"taxonomy":"product_tag","embeddable":true,"href":"https:\/\/emasweden.com\/da\/wp-json\/wp\/v2\/product_tag?post=18450"},{"taxonomy":"faste-y","embeddable":true,"href":"https:\/\/emasweden.com\/da\/wp-json\/wp\/v2\/faste-y?post=18450"}],"curies":[{"name":"wp","href":"https:\/\/api.w.org\/{rel}","templated":true}]}}