{"id":18483,"date":"2021-01-20T15:39:08","date_gmt":"2021-01-20T14:39:08","guid":{"rendered":"https:\/\/emasweden.com\/produkt\/std-nivelleringsspand-150l-1050mm-s40\/"},"modified":"2025-10-01T13:33:58","modified_gmt":"2025-10-01T11:33:58","slug":"std-nivelleringsspand-150l-1050mm-s40","status":"publish","type":"product","link":"https:\/\/emasweden.com\/da\/produkt\/std-nivelleringsspand-150l-1050mm-s40\/","title":{"rendered":"Std Nivelleringsspand 150L &#8211; 1050mm &#8211; S40"},"content":{"rendered":"<p><sup>Std Nivelleringsskovl 150L &#8211; 1050mm &#8211; S40<\/sup><br \/>Nivelleringsskovle standard duty<br \/>\n<br \/>&#8211; Standard duty (STD) er vores meget prisvenlige del af sortimentet uden at g\u00e5 p\u00e5 kompromis med kvaliteten. HARDOX bruges p\u00e5 overflader, hvor der er stor belastning p\u00e5 materialet, hvilket resulterer i et produkt med lang levetid.  Dette produkt henvender sig til vores brugere, som stiller h\u00f8je krav til deres produkter, hvor h\u00f8j ydeevne v\u00e6rds\u00e6ttes, og som i det lange l\u00f8b bidrager til en bedre total\u00f8konomi.<\/p>\n<p>&#8211; Sk\u00e5ret i 500 Brinell  <a href=\"https:\/\/www.borox.se\/produkter\/skopst%C3%A5l\" target=\"_blank\" rel=\"noopener\">BOROX<\/a><br \/>\n<br \/>&#8211; Beskyttelse mod slid p\u00e5 sider og bund i <a href=\"https:\/\/www.ssab.com\/products\/brands\/hardox\/products\/hardox-450\" target=\"_blank\" rel=\"noopener\">HARDOX 450<\/a><br \/>\n<br \/>&#8211; Tilpasset til tiltrotator<br \/>\n<br \/>&#8211; Skovlen er udviklet sammen med maskinf\u00f8rere<\/p>\n","protected":false},"excerpt":{"rendered":"<p>Std Nivelleringsskovl 150L &#8211; 1050mm &#8211; S40Nivelleringsskovle standard duty &#8211; Standard duty (STD) er vores meget prisvenlige del af sortimentet uden at g\u00e5 p\u00e5 kompromis med kvaliteten. HARDOX bruges p\u00e5 overflader, hvor der er stor belastning p\u00e5 materialet, hvilket resulterer i et produkt med lang levetid. Dette produkt henvender sig til vores brugere, som stiller [&hellip;]<\/p>\n","protected":false},"featured_media":22006,"template":"","meta":{"_monsterinsights_skip_tracking":false,"_monsterinsights_sitenote_active":false,"_monsterinsights_sitenote_note":"","_monsterinsights_sitenote_category":0},"product_brand":[],"product_cat":[3596],"product_tag":[],"faste-y":[],"class_list":{"0":"post-18483","1":"product","2":"type-product","3":"status-publish","4":"has-post-thumbnail","6":"product_cat-planerskovl","7":"pa_max-bredd-1050mm","8":"pa_skar-16x150mm","9":"pa_vikt-105-kg","11":"first","12":"instock","13":"purchasable","14":"product-type-simple"},"yoast_head":"<!-- This site is optimized with the Yoast SEO plugin v27.3 - https:\/\/yoast.com\/product\/yoast-seo-wordpress\/ -->\n<title>Std Nivelleringsspand 150L - 1050mm - S40 - EMA Sverige<\/title>\n<meta name=\"description\" content=\"Std Nivelleringsspand 150L - 1050mm - S40 Sk\u00e5ret i 500 Brinell BOROX. Beskyttelse mod slitage p\u00e5 sweep, side og bund i 450 HARDOX. Til Tiltrotator.\" \/>\n<meta name=\"robots\" content=\"index, follow, max-snippet:-1, max-image-preview:large, max-video-preview:-1\" \/>\n<link rel=\"canonical\" href=\"https:\/\/emasweden.com\/da\/produkt\/std-nivelleringsspand-150l-1050mm-s40\/\" \/>\n<meta property=\"og:locale\" content=\"da_DK\" \/>\n<meta property=\"og:type\" content=\"article\" \/>\n<meta property=\"og:title\" content=\"Std Nivelleringsspand 150L - 1050mm - S40 - EMA Sverige\" \/>\n<meta property=\"og:description\" content=\"Std Nivelleringsspand 150L - 1050mm - S40 Sk\u00e5ret i 500 Brinell BOROX. Beskyttelse mod slitage p\u00e5 sweep, side og bund i 450 HARDOX. Til Tiltrotator.\" \/>\n<meta property=\"og:url\" content=\"https:\/\/emasweden.com\/da\/produkt\/std-nivelleringsspand-150l-1050mm-s40\/\" \/>\n<meta property=\"og:site_name\" content=\"EMA Sverige\" \/>\n<meta property=\"article:modified_time\" content=\"2025-10-01T11:33:58+00:00\" \/>\n<meta property=\"og:image\" content=\"https:\/\/emasweden.com\/wp-content\/uploads\/2021\/01\/7294102_1.jpg\" \/>\n\t<meta property=\"og:image:width\" content=\"1000\" \/>\n\t<meta property=\"og:image:height\" content=\"750\" \/>\n\t<meta property=\"og:image:type\" content=\"image\/jpeg\" \/>\n<meta name=\"twitter:card\" content=\"summary_large_image\" \/>\n<meta name=\"twitter:label1\" content=\"Estimeret l\u00e6setid\" \/>\n\t<meta name=\"twitter:data1\" content=\"1 minut\" \/>\n<script type=\"application\/ld+json\" class=\"yoast-schema-graph\">{\"@context\":\"https:\\\/\\\/schema.org\",\"@graph\":[{\"@type\":\"WebPage\",\"@id\":\"https:\\\/\\\/emasweden.com\\\/da\\\/produkt\\\/std-nivelleringsspand-150l-1050mm-s40\\\/\",\"url\":\"https:\\\/\\\/emasweden.com\\\/da\\\/produkt\\\/std-nivelleringsspand-150l-1050mm-s40\\\/\",\"name\":\"Std Nivelleringsspand 150L - 1050mm - S40 - EMA Sverige\",\"isPartOf\":{\"@id\":\"https:\\\/\\\/emasweden.com\\\/da\\\/#website\"},\"primaryImageOfPage\":{\"@id\":\"https:\\\/\\\/emasweden.com\\\/da\\\/produkt\\\/std-nivelleringsspand-150l-1050mm-s40\\\/#primaryimage\"},\"image\":{\"@id\":\"https:\\\/\\\/emasweden.com\\\/da\\\/produkt\\\/std-nivelleringsspand-150l-1050mm-s40\\\/#primaryimage\"},\"thumbnailUrl\":\"https:\\\/\\\/emasweden.com\\\/wp-content\\\/uploads\\\/2021\\\/01\\\/7294102_1.jpg\",\"datePublished\":\"2021-01-20T14:39:08+00:00\",\"dateModified\":\"2025-10-01T11:33:58+00:00\",\"description\":\"Std Nivelleringsspand 150L - 1050mm - S40 Sk\u00e5ret i 500 Brinell BOROX. Beskyttelse mod slitage p\u00e5 sweep, side og bund i 450 HARDOX. Til Tiltrotator.\",\"breadcrumb\":{\"@id\":\"https:\\\/\\\/emasweden.com\\\/da\\\/produkt\\\/std-nivelleringsspand-150l-1050mm-s40\\\/#breadcrumb\"},\"inLanguage\":\"da-DK\",\"potentialAction\":[{\"@type\":\"ReadAction\",\"target\":[\"https:\\\/\\\/emasweden.com\\\/da\\\/produkt\\\/std-nivelleringsspand-150l-1050mm-s40\\\/\"]}]},{\"@type\":\"ImageObject\",\"inLanguage\":\"da-DK\",\"@id\":\"https:\\\/\\\/emasweden.com\\\/da\\\/produkt\\\/std-nivelleringsspand-150l-1050mm-s40\\\/#primaryimage\",\"url\":\"https:\\\/\\\/emasweden.com\\\/wp-content\\\/uploads\\\/2021\\\/01\\\/7294102_1.jpg\",\"contentUrl\":\"https:\\\/\\\/emasweden.com\\\/wp-content\\\/uploads\\\/2021\\\/01\\\/7294102_1.jpg\",\"width\":1000,\"height\":750,\"caption\":\"Std Planeringsskopa 150L - 1050mm - S40\"},{\"@type\":\"BreadcrumbList\",\"@id\":\"https:\\\/\\\/emasweden.com\\\/da\\\/produkt\\\/std-nivelleringsspand-150l-1050mm-s40\\\/#breadcrumb\",\"itemListElement\":[{\"@type\":\"ListItem\",\"position\":1,\"name\":\"Hem\",\"item\":\"https:\\\/\\\/emasweden.com\\\/da\\\/\"},{\"@type\":\"ListItem\",\"position\":2,\"name\":\"Produktsortiment\",\"item\":\"https:\\\/\\\/emasweden.com\\\/da\\\/produktsortiment-2\\\/\"},{\"@type\":\"ListItem\",\"position\":3,\"name\":\"Std Nivelleringsspand 150L &#8211; 1050mm &#8211; S40\"}]},{\"@type\":\"WebSite\",\"@id\":\"https:\\\/\\\/emasweden.com\\\/da\\\/#website\",\"url\":\"https:\\\/\\\/emasweden.com\\\/da\\\/\",\"name\":\"EMA Sverige\",\"description\":\"\",\"potentialAction\":[{\"@type\":\"SearchAction\",\"target\":{\"@type\":\"EntryPoint\",\"urlTemplate\":\"https:\\\/\\\/emasweden.com\\\/da\\\/?s={search_term_string}\"},\"query-input\":{\"@type\":\"PropertyValueSpecification\",\"valueRequired\":true,\"valueName\":\"search_term_string\"}}],\"inLanguage\":\"da-DK\"}]}<\/script>\n<!-- \/ Yoast SEO plugin. -->","yoast_head_json":{"title":"Std Nivelleringsspand 150L - 1050mm - S40 - EMA Sverige","description":"Std Nivelleringsspand 150L - 1050mm - S40 Sk\u00e5ret i 500 Brinell BOROX. Beskyttelse mod slitage p\u00e5 sweep, side og bund i 450 HARDOX. Til Tiltrotator.","robots":{"index":"index","follow":"follow","max-snippet":"max-snippet:-1","max-image-preview":"max-image-preview:large","max-video-preview":"max-video-preview:-1"},"canonical":"https:\/\/emasweden.com\/da\/produkt\/std-nivelleringsspand-150l-1050mm-s40\/","og_locale":"da_DK","og_type":"article","og_title":"Std Nivelleringsspand 150L - 1050mm - S40 - EMA Sverige","og_description":"Std Nivelleringsspand 150L - 1050mm - S40 Sk\u00e5ret i 500 Brinell BOROX. Beskyttelse mod slitage p\u00e5 sweep, side og bund i 450 HARDOX. Til Tiltrotator.","og_url":"https:\/\/emasweden.com\/da\/produkt\/std-nivelleringsspand-150l-1050mm-s40\/","og_site_name":"EMA Sverige","article_modified_time":"2025-10-01T11:33:58+00:00","og_image":[{"width":1000,"height":750,"url":"https:\/\/emasweden.com\/wp-content\/uploads\/2021\/01\/7294102_1.jpg","type":"image\/jpeg"}],"twitter_card":"summary_large_image","twitter_misc":{"Estimeret l\u00e6setid":"1 minut"},"schema":{"@context":"https:\/\/schema.org","@graph":[{"@type":"WebPage","@id":"https:\/\/emasweden.com\/da\/produkt\/std-nivelleringsspand-150l-1050mm-s40\/","url":"https:\/\/emasweden.com\/da\/produkt\/std-nivelleringsspand-150l-1050mm-s40\/","name":"Std Nivelleringsspand 150L - 1050mm - S40 - EMA Sverige","isPartOf":{"@id":"https:\/\/emasweden.com\/da\/#website"},"primaryImageOfPage":{"@id":"https:\/\/emasweden.com\/da\/produkt\/std-nivelleringsspand-150l-1050mm-s40\/#primaryimage"},"image":{"@id":"https:\/\/emasweden.com\/da\/produkt\/std-nivelleringsspand-150l-1050mm-s40\/#primaryimage"},"thumbnailUrl":"https:\/\/emasweden.com\/wp-content\/uploads\/2021\/01\/7294102_1.jpg","datePublished":"2021-01-20T14:39:08+00:00","dateModified":"2025-10-01T11:33:58+00:00","description":"Std Nivelleringsspand 150L - 1050mm - S40 Sk\u00e5ret i 500 Brinell BOROX. Beskyttelse mod slitage p\u00e5 sweep, side og bund i 450 HARDOX. Til Tiltrotator.","breadcrumb":{"@id":"https:\/\/emasweden.com\/da\/produkt\/std-nivelleringsspand-150l-1050mm-s40\/#breadcrumb"},"inLanguage":"da-DK","potentialAction":[{"@type":"ReadAction","target":["https:\/\/emasweden.com\/da\/produkt\/std-nivelleringsspand-150l-1050mm-s40\/"]}]},{"@type":"ImageObject","inLanguage":"da-DK","@id":"https:\/\/emasweden.com\/da\/produkt\/std-nivelleringsspand-150l-1050mm-s40\/#primaryimage","url":"https:\/\/emasweden.com\/wp-content\/uploads\/2021\/01\/7294102_1.jpg","contentUrl":"https:\/\/emasweden.com\/wp-content\/uploads\/2021\/01\/7294102_1.jpg","width":1000,"height":750,"caption":"Std Planeringsskopa 150L - 1050mm - S40"},{"@type":"BreadcrumbList","@id":"https:\/\/emasweden.com\/da\/produkt\/std-nivelleringsspand-150l-1050mm-s40\/#breadcrumb","itemListElement":[{"@type":"ListItem","position":1,"name":"Hem","item":"https:\/\/emasweden.com\/da\/"},{"@type":"ListItem","position":2,"name":"Produktsortiment","item":"https:\/\/emasweden.com\/da\/produktsortiment-2\/"},{"@type":"ListItem","position":3,"name":"Std Nivelleringsspand 150L &#8211; 1050mm &#8211; S40"}]},{"@type":"WebSite","@id":"https:\/\/emasweden.com\/da\/#website","url":"https:\/\/emasweden.com\/da\/","name":"EMA Sverige","description":"","potentialAction":[{"@type":"SearchAction","target":{"@type":"EntryPoint","urlTemplate":"https:\/\/emasweden.com\/da\/?s={search_term_string}"},"query-input":{"@type":"PropertyValueSpecification","valueRequired":true,"valueName":"search_term_string"}}],"inLanguage":"da-DK"}]}},"_links":{"self":[{"href":"https:\/\/emasweden.com\/da\/wp-json\/wp\/v2\/product\/18483","targetHints":{"allow":["GET"]}}],"collection":[{"href":"https:\/\/emasweden.com\/da\/wp-json\/wp\/v2\/product"}],"about":[{"href":"https:\/\/emasweden.com\/da\/wp-json\/wp\/v2\/types\/product"}],"wp:featuredmedia":[{"embeddable":true,"href":"https:\/\/emasweden.com\/da\/wp-json\/wp\/v2\/media\/22006"}],"wp:attachment":[{"href":"https:\/\/emasweden.com\/da\/wp-json\/wp\/v2\/media?parent=18483"}],"wp:term":[{"taxonomy":"product_brand","embeddable":true,"href":"https:\/\/emasweden.com\/da\/wp-json\/wp\/v2\/product_brand?post=18483"},{"taxonomy":"product_cat","embeddable":true,"href":"https:\/\/emasweden.com\/da\/wp-json\/wp\/v2\/product_cat?post=18483"},{"taxonomy":"product_tag","embeddable":true,"href":"https:\/\/emasweden.com\/da\/wp-json\/wp\/v2\/product_tag?post=18483"},{"taxonomy":"faste-y","embeddable":true,"href":"https:\/\/emasweden.com\/da\/wp-json\/wp\/v2\/faste-y?post=18483"}],"curies":[{"name":"wp","href":"https:\/\/api.w.org\/{rel}","templated":true}]}}