{"id":18591,"date":"2021-03-16T10:58:19","date_gmt":"2021-03-16T09:58:19","guid":{"rendered":"https:\/\/emasweden.com\/produkt\/hd-nivelleringsbjaelke-med-rulle-og-blad-2500-mm-uden-beslag\/"},"modified":"2025-10-01T13:36:06","modified_gmt":"2025-10-01T11:36:06","slug":"hd-nivelleringsbjaelke-med-rulle-og-blad-2500-mm-uden-beslag","status":"publish","type":"product","link":"https:\/\/emasweden.com\/da\/produkt\/hd-nivelleringsbjaelke-med-rulle-og-blad-2500-mm-uden-beslag\/","title":{"rendered":"HD Nivelleringsbj\u00e6lke med rulle og blad 2500 mm &#8211; Uden beslag"},"content":{"rendered":"<p style=\"text-align: left;\"><sup>HD Nivelleringsbj\u00e6lke med rulle &amp; blad 2500mm &#8211; Uden beslag<\/sup><br \/>\n&#8211; Vi har valgt at have afsk\u00e5rne kanter p\u00e5 forsiden af nivelleringsbj\u00e6lken for at skabe en skovldel, der g\u00f8r det muligt nemt at bringe materiale, vi har ogs\u00e5 udviklet en model med en endnu st\u00f8rre skovldel til maskinarbejderen, der \u00f8nsker at bringe endnu mere materiale, l\u00e6s venligst om Nivelleringsbj\u00e6lke med skovl.<\/p>\n<p>Nivelleringsbj\u00e6lken har ogs\u00e5 et stort opsamlingsomr\u00e5de foran, hvilket betyder, at n\u00e5r du arbejder med bj\u00e6lken, har du altid masser af materiale med dig til at udfylde uj\u00e6vnheder i jorden. Fleksibelt produkt til justering og nivellering af materialer. P\u00e5 kort tid kan du justere et meget stort omr\u00e5de.  <\/p>\n<p>Med valsen sikrer du, at du f\u00e5r en glat og fin overflade f\u00f8r f.eks. asfaltering. Vores Heavy Duty nivelleringsbj\u00e6lker med rulle er en meget st\u00e6rkere konstruktion med \u00d8 325 mm rulle og skrabeliste p\u00e5 alle.  <\/p>\n<p><sup>HD Nivelleringsbj\u00e6lke med rulle og blad 2500 mm &#8211; Uden beslag<\/sup><\/p>\n<p>&#8211; Brugervenligt produkt til justering og nivellering af materialer<\/p>\n<p>&#8211; <a href=\"https:\/\/www.ssab.com\/sv-se\/varumarken-och-produkter\/hardox\"><br \/>\n  <strong>Hardox<\/strong><br \/>\n<\/a> p\u00e5 udsatte sliddele<\/p>\n<p>&#8211; Det dybe design betyder, at den ikke dykker ned i materialet, men forbliver flad<\/p>\n<p>&#8211; <a href=\"https:\/\/emasweden.com\/da\/produkt-kategori\/beslag-kabelplov-nivelleringsbjaelke\/\"><br \/>\n  <strong>Boltede fastg\u00f8relseselementer<\/strong><br \/>\n<\/a><\/p>\n<p>&#8211; Justerbar rulle 1 &#8211; 5 mm med skrabestang<\/p>\n","protected":false},"excerpt":{"rendered":"<p>HD Nivelleringsbj\u00e6lke med rulle &amp; blad 2500mm &#8211; Uden beslag &#8211; Vi har valgt at have afsk\u00e5rne kanter p\u00e5 forsiden af nivelleringsbj\u00e6lken for at skabe en skovldel, der g\u00f8r det muligt nemt at bringe materiale, vi har ogs\u00e5 udviklet en model med en endnu st\u00f8rre skovldel til maskinarbejderen, der \u00f8nsker at bringe endnu mere materiale, [&hellip;]<\/p>\n","protected":false},"featured_media":22109,"template":"","meta":{"_monsterinsights_skip_tracking":false,"_monsterinsights_sitenote_active":false,"_monsterinsights_sitenote_note":"","_monsterinsights_sitenote_category":0},"product_brand":[],"product_cat":[5030,3605],"product_tag":[],"faste-y":[],"class_list":{"0":"post-18591","1":"product","2":"type-product","3":"status-publish","4":"has-post-thumbnail","6":"product_cat-nivelleringsbjaelke-med-rulle-og-blad","7":"product_cat-nivelleringsbjaelke-planlaegningsbjaelke","8":"pa_max-bredd-2500mm","9":"pa_skar-20x200mm","10":"pa_vikt-680-kg","12":"first","13":"instock","14":"taxable","15":"shipping-taxable","16":"purchasable","17":"product-type-simple"},"yoast_head":"<!-- This site is optimized with the Yoast SEO plugin v27.4 - https:\/\/yoast.com\/product\/yoast-seo-wordpress\/ -->\n<title>HD Nivelleringsbj\u00e6lke med rulle og blad 2500 mm - Uden beslag - EMA Sverige<\/title>\n<meta name=\"description\" content=\"HD Nivelleringsbj\u00e6lke med rulle og blad 2500 mm - uden beslag Fleksibelt produkt til justering og nivellering af materialer. Hardox p\u00e5 udsatte sliddele.\" \/>\n<meta name=\"robots\" content=\"index, follow, max-snippet:-1, max-image-preview:large, max-video-preview:-1\" \/>\n<link rel=\"canonical\" href=\"https:\/\/emasweden.com\/da\/produkt\/hd-nivelleringsbjaelke-med-rulle-og-blad-2500-mm-uden-beslag\/\" \/>\n<meta property=\"og:locale\" content=\"da_DK\" \/>\n<meta property=\"og:type\" content=\"article\" \/>\n<meta property=\"og:title\" content=\"HD Nivelleringsbj\u00e6lke med rulle og blad 2500 mm - Uden beslag - EMA Sverige\" \/>\n<meta property=\"og:description\" content=\"HD Nivelleringsbj\u00e6lke med rulle og blad 2500 mm - uden beslag Fleksibelt produkt til justering og nivellering af materialer. Hardox p\u00e5 udsatte sliddele.\" \/>\n<meta property=\"og:url\" content=\"https:\/\/emasweden.com\/da\/produkt\/hd-nivelleringsbjaelke-med-rulle-og-blad-2500-mm-uden-beslag\/\" \/>\n<meta property=\"og:site_name\" content=\"EMA Sverige\" \/>\n<meta property=\"article:modified_time\" content=\"2025-10-01T11:36:06+00:00\" \/>\n<meta property=\"og:image\" content=\"https:\/\/emasweden.com\/wp-content\/uploads\/2021\/03\/Gi-250GBR-1-1.jpg\" \/>\n\t<meta property=\"og:image:width\" content=\"1000\" \/>\n\t<meta property=\"og:image:height\" content=\"750\" \/>\n\t<meta property=\"og:image:type\" content=\"image\/jpeg\" \/>\n<meta name=\"twitter:card\" content=\"summary_large_image\" \/>\n<meta name=\"twitter:label1\" content=\"Estimeret l\u00e6setid\" \/>\n\t<meta name=\"twitter:data1\" content=\"1 minut\" \/>\n<script type=\"application\/ld+json\" class=\"yoast-schema-graph\">{\"@context\":\"https:\\\/\\\/schema.org\",\"@graph\":[{\"@type\":\"WebPage\",\"@id\":\"https:\\\/\\\/emasweden.com\\\/da\\\/produkt\\\/hd-nivelleringsbjaelke-med-rulle-og-blad-2500-mm-uden-beslag\\\/\",\"url\":\"https:\\\/\\\/emasweden.com\\\/da\\\/produkt\\\/hd-nivelleringsbjaelke-med-rulle-og-blad-2500-mm-uden-beslag\\\/\",\"name\":\"HD Nivelleringsbj\u00e6lke med rulle og blad 2500 mm - Uden beslag - EMA Sverige\",\"isPartOf\":{\"@id\":\"https:\\\/\\\/emasweden.com\\\/da\\\/#website\"},\"primaryImageOfPage\":{\"@id\":\"https:\\\/\\\/emasweden.com\\\/da\\\/produkt\\\/hd-nivelleringsbjaelke-med-rulle-og-blad-2500-mm-uden-beslag\\\/#primaryimage\"},\"image\":{\"@id\":\"https:\\\/\\\/emasweden.com\\\/da\\\/produkt\\\/hd-nivelleringsbjaelke-med-rulle-og-blad-2500-mm-uden-beslag\\\/#primaryimage\"},\"thumbnailUrl\":\"https:\\\/\\\/emasweden.com\\\/wp-content\\\/uploads\\\/2021\\\/03\\\/Gi-250GBR-1-1.jpg\",\"datePublished\":\"2021-03-16T09:58:19+00:00\",\"dateModified\":\"2025-10-01T11:36:06+00:00\",\"description\":\"HD Nivelleringsbj\u00e6lke med rulle og blad 2500 mm - uden beslag Fleksibelt produkt til justering og nivellering af materialer. Hardox p\u00e5 udsatte sliddele.\",\"breadcrumb\":{\"@id\":\"https:\\\/\\\/emasweden.com\\\/da\\\/produkt\\\/hd-nivelleringsbjaelke-med-rulle-og-blad-2500-mm-uden-beslag\\\/#breadcrumb\"},\"inLanguage\":\"da-DK\",\"potentialAction\":[{\"@type\":\"ReadAction\",\"target\":[\"https:\\\/\\\/emasweden.com\\\/da\\\/produkt\\\/hd-nivelleringsbjaelke-med-rulle-og-blad-2500-mm-uden-beslag\\\/\"]}]},{\"@type\":\"ImageObject\",\"inLanguage\":\"da-DK\",\"@id\":\"https:\\\/\\\/emasweden.com\\\/da\\\/produkt\\\/hd-nivelleringsbjaelke-med-rulle-og-blad-2500-mm-uden-beslag\\\/#primaryimage\",\"url\":\"https:\\\/\\\/emasweden.com\\\/wp-content\\\/uploads\\\/2021\\\/03\\\/Gi-250GBR-1-1.jpg\",\"contentUrl\":\"https:\\\/\\\/emasweden.com\\\/wp-content\\\/uploads\\\/2021\\\/03\\\/Gi-250GBR-1-1.jpg\",\"width\":1000,\"height\":750,\"caption\":\"HD Avj\u00e4mningsbalk med rulle & blad 2500mm - Utan f\u00e4ste\"},{\"@type\":\"BreadcrumbList\",\"@id\":\"https:\\\/\\\/emasweden.com\\\/da\\\/produkt\\\/hd-nivelleringsbjaelke-med-rulle-og-blad-2500-mm-uden-beslag\\\/#breadcrumb\",\"itemListElement\":[{\"@type\":\"ListItem\",\"position\":1,\"name\":\"Hem\",\"item\":\"https:\\\/\\\/emasweden.com\\\/da\\\/\"},{\"@type\":\"ListItem\",\"position\":2,\"name\":\"Produktsortiment\",\"item\":\"https:\\\/\\\/emasweden.com\\\/da\\\/produktsortiment-2\\\/\"},{\"@type\":\"ListItem\",\"position\":3,\"name\":\"HD Nivelleringsbj\u00e6lke med rulle og blad 2500 mm &#8211; Uden beslag\"}]},{\"@type\":\"WebSite\",\"@id\":\"https:\\\/\\\/emasweden.com\\\/da\\\/#website\",\"url\":\"https:\\\/\\\/emasweden.com\\\/da\\\/\",\"name\":\"EMA Sverige\",\"description\":\"\",\"potentialAction\":[{\"@type\":\"SearchAction\",\"target\":{\"@type\":\"EntryPoint\",\"urlTemplate\":\"https:\\\/\\\/emasweden.com\\\/da\\\/?s={search_term_string}\"},\"query-input\":{\"@type\":\"PropertyValueSpecification\",\"valueRequired\":true,\"valueName\":\"search_term_string\"}}],\"inLanguage\":\"da-DK\"}]}<\/script>\n<!-- \/ Yoast SEO plugin. -->","yoast_head_json":{"title":"HD Nivelleringsbj\u00e6lke med rulle og blad 2500 mm - Uden beslag - EMA Sverige","description":"HD Nivelleringsbj\u00e6lke med rulle og blad 2500 mm - uden beslag Fleksibelt produkt til justering og nivellering af materialer. Hardox p\u00e5 udsatte sliddele.","robots":{"index":"index","follow":"follow","max-snippet":"max-snippet:-1","max-image-preview":"max-image-preview:large","max-video-preview":"max-video-preview:-1"},"canonical":"https:\/\/emasweden.com\/da\/produkt\/hd-nivelleringsbjaelke-med-rulle-og-blad-2500-mm-uden-beslag\/","og_locale":"da_DK","og_type":"article","og_title":"HD Nivelleringsbj\u00e6lke med rulle og blad 2500 mm - Uden beslag - EMA Sverige","og_description":"HD Nivelleringsbj\u00e6lke med rulle og blad 2500 mm - uden beslag Fleksibelt produkt til justering og nivellering af materialer. Hardox p\u00e5 udsatte sliddele.","og_url":"https:\/\/emasweden.com\/da\/produkt\/hd-nivelleringsbjaelke-med-rulle-og-blad-2500-mm-uden-beslag\/","og_site_name":"EMA Sverige","article_modified_time":"2025-10-01T11:36:06+00:00","og_image":[{"width":1000,"height":750,"url":"https:\/\/emasweden.com\/wp-content\/uploads\/2021\/03\/Gi-250GBR-1-1.jpg","type":"image\/jpeg"}],"twitter_card":"summary_large_image","twitter_misc":{"Estimeret l\u00e6setid":"1 minut"},"schema":{"@context":"https:\/\/schema.org","@graph":[{"@type":"WebPage","@id":"https:\/\/emasweden.com\/da\/produkt\/hd-nivelleringsbjaelke-med-rulle-og-blad-2500-mm-uden-beslag\/","url":"https:\/\/emasweden.com\/da\/produkt\/hd-nivelleringsbjaelke-med-rulle-og-blad-2500-mm-uden-beslag\/","name":"HD Nivelleringsbj\u00e6lke med rulle og blad 2500 mm - Uden beslag - EMA Sverige","isPartOf":{"@id":"https:\/\/emasweden.com\/da\/#website"},"primaryImageOfPage":{"@id":"https:\/\/emasweden.com\/da\/produkt\/hd-nivelleringsbjaelke-med-rulle-og-blad-2500-mm-uden-beslag\/#primaryimage"},"image":{"@id":"https:\/\/emasweden.com\/da\/produkt\/hd-nivelleringsbjaelke-med-rulle-og-blad-2500-mm-uden-beslag\/#primaryimage"},"thumbnailUrl":"https:\/\/emasweden.com\/wp-content\/uploads\/2021\/03\/Gi-250GBR-1-1.jpg","datePublished":"2021-03-16T09:58:19+00:00","dateModified":"2025-10-01T11:36:06+00:00","description":"HD Nivelleringsbj\u00e6lke med rulle og blad 2500 mm - uden beslag Fleksibelt produkt til justering og nivellering af materialer. Hardox p\u00e5 udsatte sliddele.","breadcrumb":{"@id":"https:\/\/emasweden.com\/da\/produkt\/hd-nivelleringsbjaelke-med-rulle-og-blad-2500-mm-uden-beslag\/#breadcrumb"},"inLanguage":"da-DK","potentialAction":[{"@type":"ReadAction","target":["https:\/\/emasweden.com\/da\/produkt\/hd-nivelleringsbjaelke-med-rulle-og-blad-2500-mm-uden-beslag\/"]}]},{"@type":"ImageObject","inLanguage":"da-DK","@id":"https:\/\/emasweden.com\/da\/produkt\/hd-nivelleringsbjaelke-med-rulle-og-blad-2500-mm-uden-beslag\/#primaryimage","url":"https:\/\/emasweden.com\/wp-content\/uploads\/2021\/03\/Gi-250GBR-1-1.jpg","contentUrl":"https:\/\/emasweden.com\/wp-content\/uploads\/2021\/03\/Gi-250GBR-1-1.jpg","width":1000,"height":750,"caption":"HD Avj\u00e4mningsbalk med rulle & blad 2500mm - Utan f\u00e4ste"},{"@type":"BreadcrumbList","@id":"https:\/\/emasweden.com\/da\/produkt\/hd-nivelleringsbjaelke-med-rulle-og-blad-2500-mm-uden-beslag\/#breadcrumb","itemListElement":[{"@type":"ListItem","position":1,"name":"Hem","item":"https:\/\/emasweden.com\/da\/"},{"@type":"ListItem","position":2,"name":"Produktsortiment","item":"https:\/\/emasweden.com\/da\/produktsortiment-2\/"},{"@type":"ListItem","position":3,"name":"HD Nivelleringsbj\u00e6lke med rulle og blad 2500 mm &#8211; Uden beslag"}]},{"@type":"WebSite","@id":"https:\/\/emasweden.com\/da\/#website","url":"https:\/\/emasweden.com\/da\/","name":"EMA Sverige","description":"","potentialAction":[{"@type":"SearchAction","target":{"@type":"EntryPoint","urlTemplate":"https:\/\/emasweden.com\/da\/?s={search_term_string}"},"query-input":{"@type":"PropertyValueSpecification","valueRequired":true,"valueName":"search_term_string"}}],"inLanguage":"da-DK"}]}},"_links":{"self":[{"href":"https:\/\/emasweden.com\/da\/wp-json\/wp\/v2\/product\/18591","targetHints":{"allow":["GET"]}}],"collection":[{"href":"https:\/\/emasweden.com\/da\/wp-json\/wp\/v2\/product"}],"about":[{"href":"https:\/\/emasweden.com\/da\/wp-json\/wp\/v2\/types\/product"}],"wp:featuredmedia":[{"embeddable":true,"href":"https:\/\/emasweden.com\/da\/wp-json\/wp\/v2\/media\/22109"}],"wp:attachment":[{"href":"https:\/\/emasweden.com\/da\/wp-json\/wp\/v2\/media?parent=18591"}],"wp:term":[{"taxonomy":"product_brand","embeddable":true,"href":"https:\/\/emasweden.com\/da\/wp-json\/wp\/v2\/product_brand?post=18591"},{"taxonomy":"product_cat","embeddable":true,"href":"https:\/\/emasweden.com\/da\/wp-json\/wp\/v2\/product_cat?post=18591"},{"taxonomy":"product_tag","embeddable":true,"href":"https:\/\/emasweden.com\/da\/wp-json\/wp\/v2\/product_tag?post=18591"},{"taxonomy":"faste-y","embeddable":true,"href":"https:\/\/emasweden.com\/da\/wp-json\/wp\/v2\/faste-y?post=18591"}],"curies":[{"name":"wp","href":"https:\/\/api.w.org\/{rel}","templated":true}]}}