{"id":18595,"date":"2021-03-16T10:58:27","date_gmt":"2021-03-16T09:58:27","guid":{"rendered":"https:\/\/emasweden.com\/produkt\/hd-nivelleringsbjaelke-med-klinge-1800-mm-s30-180\/"},"modified":"2025-10-03T10:20:20","modified_gmt":"2025-10-03T08:20:20","slug":"hd-nivelleringsbjaelke-med-klinge-1800-mm-s30-180","status":"publish","type":"product","link":"https:\/\/emasweden.com\/da\/produkt\/hd-nivelleringsbjaelke-med-klinge-1800-mm-s30-180\/","title":{"rendered":"HD Nivelleringsbj\u00e6lke med klinge &#8211; 1800 mm &#8211; S30\/180"},"content":{"rendered":"<p><sup>HD Nivelleringsbj\u00e6lke med klinge &#8211; 1800mm &#8211; S30\/180<\/sup><br \/>\n&#8211; Vi har valgt at have sk\u00e5rne kanter p\u00e5 forsiden af nivelleringsbj\u00e6lken for at skabe<br \/>\nen skovldel, som g\u00f8r det muligt nemt at f\u00e5 materiale, vi har ogs\u00e5 udviklet en<br \/>\nmodel med en endnu st\u00f8rre skovldel til maskinarbejderen, der \u00f8nsker at f\u00e5 endnu mere materiale,<br \/>\nl\u00e6s venligst om Nivelleringsbj\u00e6lke med skovl.<\/p>\n<p>Nivelleringsbj\u00e6lken har ogs\u00e5 et stort opsamlingsomr\u00e5de foran, hvilket betyder, at n\u00e5r<br \/>\ndu arbejder med bj\u00e6lken, har du altid masser af materiale med dig, som kan fylde<br \/>\nuj\u00e6vnheder i jorden ud. Bj\u00e6lken f\u00e5s i to varianter med svejsede beslag eller boltede<br \/>\nbeslag, s\u00e5 du kan montere forskellige beslag og justere beslaget, som du vil have<br \/>\ndet til at sidde. <\/p>\n<p><sup>HD Nivelleringsbj\u00e6lke med klinge &#8211; 1800 mm &#8211; S30\/180<\/sup><\/p>\n<ul>\n<li>Brugervenligt produkt til justering og nivellering af materialer<\/li>\n<li><strong><br \/>\n  <a href=\"https:\/\/www.ssab.com\/sv-se\/varumarken-och-produkter\/hardox\/produktprogram\/450\">Hardox 450<\/a><br \/>\n<\/strong> p\u00e5 udsatte sliddele<\/li>\n<li>Det dybe design betyder, at den ikke dykker ned i<br \/>\nmaterialet, men forbliver flad<\/li>\n<\/ul>\n<p>Se andre nivelleringsbj\u00e6lker <a href=\"\/?product_cat=avjamningsbalk\"><br \/>\n  <strong>her!<\/strong><br \/>\n<\/a><\/p>\n","protected":false},"excerpt":{"rendered":"<p>HD Nivelleringsbj\u00e6lke med klinge &#8211; 1800mm &#8211; S30\/180 &#8211; Vi har valgt at have sk\u00e5rne kanter p\u00e5 forsiden af nivelleringsbj\u00e6lken for at skabe en skovldel, som g\u00f8r det muligt nemt at f\u00e5 materiale, vi har ogs\u00e5 udviklet en model med en endnu st\u00f8rre skovldel til maskinarbejderen, der \u00f8nsker at f\u00e5 endnu mere materiale, l\u00e6s venligst [&hellip;]<\/p>\n","protected":false},"featured_media":22121,"template":"","meta":{"_monsterinsights_skip_tracking":false,"_monsterinsights_sitenote_active":false,"_monsterinsights_sitenote_note":"","_monsterinsights_sitenote_category":0},"product_brand":[],"product_cat":[3606,3605],"product_tag":[],"faste-y":[],"class_list":{"0":"post-18595","1":"product","2":"type-product","3":"status-publish","4":"has-post-thumbnail","6":"product_cat-nivelleringsbjaelke-med-skaer","7":"product_cat-nivelleringsbjaelke-planlaegningsbjaelke","8":"pa_max-bredd-1800mm","10":"first","11":"instock","12":"taxable","13":"shipping-taxable","14":"purchasable","15":"product-type-simple"},"yoast_head":"<!-- This site is optimized with the Yoast SEO plugin v27.4 - https:\/\/yoast.com\/product\/yoast-seo-wordpress\/ -->\n<title>HD Nivelleringsbj\u00e6lke med klinge - 1800 mm - S30\/180 - EMA Sverige<\/title>\n<meta name=\"description\" content=\"HD Nivelleringsbj\u00e6lke med klinge - 1800 mm - S30\/180 Fleksibelt produkt til justering og nivellering af materialer. Hardox p\u00e5 udsatte sliddele.\" \/>\n<meta name=\"robots\" content=\"index, follow, max-snippet:-1, max-image-preview:large, max-video-preview:-1\" \/>\n<link rel=\"canonical\" href=\"https:\/\/emasweden.com\/da\/produkt\/hd-nivelleringsbjaelke-med-klinge-1800-mm-s30-180\/\" \/>\n<meta property=\"og:locale\" content=\"da_DK\" \/>\n<meta property=\"og:type\" content=\"article\" \/>\n<meta property=\"og:title\" content=\"HD Nivelleringsbj\u00e6lke med klinge - 1800 mm - S30\/180 - EMA Sverige\" \/>\n<meta property=\"og:description\" content=\"HD Nivelleringsbj\u00e6lke med klinge - 1800 mm - S30\/180 Fleksibelt produkt til justering og nivellering af materialer. Hardox p\u00e5 udsatte sliddele.\" \/>\n<meta property=\"og:url\" content=\"https:\/\/emasweden.com\/da\/produkt\/hd-nivelleringsbjaelke-med-klinge-1800-mm-s30-180\/\" \/>\n<meta property=\"og:site_name\" content=\"EMA Sverige\" \/>\n<meta property=\"article:modified_time\" content=\"2025-10-03T08:20:20+00:00\" \/>\n<meta property=\"og:image\" content=\"https:\/\/emasweden.com\/wp-content\/uploads\/2021\/03\/Avjamningsbalk.jpg\" \/>\n\t<meta property=\"og:image:width\" content=\"1000\" \/>\n\t<meta property=\"og:image:height\" content=\"750\" \/>\n\t<meta property=\"og:image:type\" content=\"image\/jpeg\" \/>\n<meta name=\"twitter:card\" content=\"summary_large_image\" \/>\n<meta name=\"twitter:label1\" content=\"Estimeret l\u00e6setid\" \/>\n\t<meta name=\"twitter:data1\" content=\"1 minut\" \/>\n<script type=\"application\/ld+json\" class=\"yoast-schema-graph\">{\"@context\":\"https:\\\/\\\/schema.org\",\"@graph\":[{\"@type\":\"WebPage\",\"@id\":\"https:\\\/\\\/emasweden.com\\\/da\\\/produkt\\\/hd-nivelleringsbjaelke-med-klinge-1800-mm-s30-180\\\/\",\"url\":\"https:\\\/\\\/emasweden.com\\\/da\\\/produkt\\\/hd-nivelleringsbjaelke-med-klinge-1800-mm-s30-180\\\/\",\"name\":\"HD Nivelleringsbj\u00e6lke med klinge - 1800 mm - S30\\\/180 - EMA Sverige\",\"isPartOf\":{\"@id\":\"https:\\\/\\\/emasweden.com\\\/da\\\/#website\"},\"primaryImageOfPage\":{\"@id\":\"https:\\\/\\\/emasweden.com\\\/da\\\/produkt\\\/hd-nivelleringsbjaelke-med-klinge-1800-mm-s30-180\\\/#primaryimage\"},\"image\":{\"@id\":\"https:\\\/\\\/emasweden.com\\\/da\\\/produkt\\\/hd-nivelleringsbjaelke-med-klinge-1800-mm-s30-180\\\/#primaryimage\"},\"thumbnailUrl\":\"https:\\\/\\\/emasweden.com\\\/wp-content\\\/uploads\\\/2021\\\/03\\\/Avjamningsbalk.jpg\",\"datePublished\":\"2021-03-16T09:58:27+00:00\",\"dateModified\":\"2025-10-03T08:20:20+00:00\",\"description\":\"HD Nivelleringsbj\u00e6lke med klinge - 1800 mm - S30\\\/180 Fleksibelt produkt til justering og nivellering af materialer. Hardox p\u00e5 udsatte sliddele.\",\"breadcrumb\":{\"@id\":\"https:\\\/\\\/emasweden.com\\\/da\\\/produkt\\\/hd-nivelleringsbjaelke-med-klinge-1800-mm-s30-180\\\/#breadcrumb\"},\"inLanguage\":\"da-DK\",\"potentialAction\":[{\"@type\":\"ReadAction\",\"target\":[\"https:\\\/\\\/emasweden.com\\\/da\\\/produkt\\\/hd-nivelleringsbjaelke-med-klinge-1800-mm-s30-180\\\/\"]}]},{\"@type\":\"ImageObject\",\"inLanguage\":\"da-DK\",\"@id\":\"https:\\\/\\\/emasweden.com\\\/da\\\/produkt\\\/hd-nivelleringsbjaelke-med-klinge-1800-mm-s30-180\\\/#primaryimage\",\"url\":\"https:\\\/\\\/emasweden.com\\\/wp-content\\\/uploads\\\/2021\\\/03\\\/Avjamningsbalk.jpg\",\"contentUrl\":\"https:\\\/\\\/emasweden.com\\\/wp-content\\\/uploads\\\/2021\\\/03\\\/Avjamningsbalk.jpg\",\"width\":1000,\"height\":750,\"caption\":\"HD Avj\u00e4mningsbalk med blad - 1800mm - S30\\\/180\"},{\"@type\":\"BreadcrumbList\",\"@id\":\"https:\\\/\\\/emasweden.com\\\/da\\\/produkt\\\/hd-nivelleringsbjaelke-med-klinge-1800-mm-s30-180\\\/#breadcrumb\",\"itemListElement\":[{\"@type\":\"ListItem\",\"position\":1,\"name\":\"Hem\",\"item\":\"https:\\\/\\\/emasweden.com\\\/da\\\/\"},{\"@type\":\"ListItem\",\"position\":2,\"name\":\"Produktsortiment\",\"item\":\"https:\\\/\\\/emasweden.com\\\/da\\\/produktsortiment-2\\\/\"},{\"@type\":\"ListItem\",\"position\":3,\"name\":\"HD Nivelleringsbj\u00e6lke med klinge &#8211; 1800 mm &#8211; S30\\\/180\"}]},{\"@type\":\"WebSite\",\"@id\":\"https:\\\/\\\/emasweden.com\\\/da\\\/#website\",\"url\":\"https:\\\/\\\/emasweden.com\\\/da\\\/\",\"name\":\"EMA Sverige\",\"description\":\"\",\"potentialAction\":[{\"@type\":\"SearchAction\",\"target\":{\"@type\":\"EntryPoint\",\"urlTemplate\":\"https:\\\/\\\/emasweden.com\\\/da\\\/?s={search_term_string}\"},\"query-input\":{\"@type\":\"PropertyValueSpecification\",\"valueRequired\":true,\"valueName\":\"search_term_string\"}}],\"inLanguage\":\"da-DK\"}]}<\/script>\n<!-- \/ Yoast SEO plugin. -->","yoast_head_json":{"title":"HD Nivelleringsbj\u00e6lke med klinge - 1800 mm - S30\/180 - EMA Sverige","description":"HD Nivelleringsbj\u00e6lke med klinge - 1800 mm - S30\/180 Fleksibelt produkt til justering og nivellering af materialer. Hardox p\u00e5 udsatte sliddele.","robots":{"index":"index","follow":"follow","max-snippet":"max-snippet:-1","max-image-preview":"max-image-preview:large","max-video-preview":"max-video-preview:-1"},"canonical":"https:\/\/emasweden.com\/da\/produkt\/hd-nivelleringsbjaelke-med-klinge-1800-mm-s30-180\/","og_locale":"da_DK","og_type":"article","og_title":"HD Nivelleringsbj\u00e6lke med klinge - 1800 mm - S30\/180 - EMA Sverige","og_description":"HD Nivelleringsbj\u00e6lke med klinge - 1800 mm - S30\/180 Fleksibelt produkt til justering og nivellering af materialer. Hardox p\u00e5 udsatte sliddele.","og_url":"https:\/\/emasweden.com\/da\/produkt\/hd-nivelleringsbjaelke-med-klinge-1800-mm-s30-180\/","og_site_name":"EMA Sverige","article_modified_time":"2025-10-03T08:20:20+00:00","og_image":[{"width":1000,"height":750,"url":"https:\/\/emasweden.com\/wp-content\/uploads\/2021\/03\/Avjamningsbalk.jpg","type":"image\/jpeg"}],"twitter_card":"summary_large_image","twitter_misc":{"Estimeret l\u00e6setid":"1 minut"},"schema":{"@context":"https:\/\/schema.org","@graph":[{"@type":"WebPage","@id":"https:\/\/emasweden.com\/da\/produkt\/hd-nivelleringsbjaelke-med-klinge-1800-mm-s30-180\/","url":"https:\/\/emasweden.com\/da\/produkt\/hd-nivelleringsbjaelke-med-klinge-1800-mm-s30-180\/","name":"HD Nivelleringsbj\u00e6lke med klinge - 1800 mm - S30\/180 - EMA Sverige","isPartOf":{"@id":"https:\/\/emasweden.com\/da\/#website"},"primaryImageOfPage":{"@id":"https:\/\/emasweden.com\/da\/produkt\/hd-nivelleringsbjaelke-med-klinge-1800-mm-s30-180\/#primaryimage"},"image":{"@id":"https:\/\/emasweden.com\/da\/produkt\/hd-nivelleringsbjaelke-med-klinge-1800-mm-s30-180\/#primaryimage"},"thumbnailUrl":"https:\/\/emasweden.com\/wp-content\/uploads\/2021\/03\/Avjamningsbalk.jpg","datePublished":"2021-03-16T09:58:27+00:00","dateModified":"2025-10-03T08:20:20+00:00","description":"HD Nivelleringsbj\u00e6lke med klinge - 1800 mm - S30\/180 Fleksibelt produkt til justering og nivellering af materialer. Hardox p\u00e5 udsatte sliddele.","breadcrumb":{"@id":"https:\/\/emasweden.com\/da\/produkt\/hd-nivelleringsbjaelke-med-klinge-1800-mm-s30-180\/#breadcrumb"},"inLanguage":"da-DK","potentialAction":[{"@type":"ReadAction","target":["https:\/\/emasweden.com\/da\/produkt\/hd-nivelleringsbjaelke-med-klinge-1800-mm-s30-180\/"]}]},{"@type":"ImageObject","inLanguage":"da-DK","@id":"https:\/\/emasweden.com\/da\/produkt\/hd-nivelleringsbjaelke-med-klinge-1800-mm-s30-180\/#primaryimage","url":"https:\/\/emasweden.com\/wp-content\/uploads\/2021\/03\/Avjamningsbalk.jpg","contentUrl":"https:\/\/emasweden.com\/wp-content\/uploads\/2021\/03\/Avjamningsbalk.jpg","width":1000,"height":750,"caption":"HD Avj\u00e4mningsbalk med blad - 1800mm - S30\/180"},{"@type":"BreadcrumbList","@id":"https:\/\/emasweden.com\/da\/produkt\/hd-nivelleringsbjaelke-med-klinge-1800-mm-s30-180\/#breadcrumb","itemListElement":[{"@type":"ListItem","position":1,"name":"Hem","item":"https:\/\/emasweden.com\/da\/"},{"@type":"ListItem","position":2,"name":"Produktsortiment","item":"https:\/\/emasweden.com\/da\/produktsortiment-2\/"},{"@type":"ListItem","position":3,"name":"HD Nivelleringsbj\u00e6lke med klinge &#8211; 1800 mm &#8211; S30\/180"}]},{"@type":"WebSite","@id":"https:\/\/emasweden.com\/da\/#website","url":"https:\/\/emasweden.com\/da\/","name":"EMA Sverige","description":"","potentialAction":[{"@type":"SearchAction","target":{"@type":"EntryPoint","urlTemplate":"https:\/\/emasweden.com\/da\/?s={search_term_string}"},"query-input":{"@type":"PropertyValueSpecification","valueRequired":true,"valueName":"search_term_string"}}],"inLanguage":"da-DK"}]}},"_links":{"self":[{"href":"https:\/\/emasweden.com\/da\/wp-json\/wp\/v2\/product\/18595","targetHints":{"allow":["GET"]}}],"collection":[{"href":"https:\/\/emasweden.com\/da\/wp-json\/wp\/v2\/product"}],"about":[{"href":"https:\/\/emasweden.com\/da\/wp-json\/wp\/v2\/types\/product"}],"wp:featuredmedia":[{"embeddable":true,"href":"https:\/\/emasweden.com\/da\/wp-json\/wp\/v2\/media\/22121"}],"wp:attachment":[{"href":"https:\/\/emasweden.com\/da\/wp-json\/wp\/v2\/media?parent=18595"}],"wp:term":[{"taxonomy":"product_brand","embeddable":true,"href":"https:\/\/emasweden.com\/da\/wp-json\/wp\/v2\/product_brand?post=18595"},{"taxonomy":"product_cat","embeddable":true,"href":"https:\/\/emasweden.com\/da\/wp-json\/wp\/v2\/product_cat?post=18595"},{"taxonomy":"product_tag","embeddable":true,"href":"https:\/\/emasweden.com\/da\/wp-json\/wp\/v2\/product_tag?post=18595"},{"taxonomy":"faste-y","embeddable":true,"href":"https:\/\/emasweden.com\/da\/wp-json\/wp\/v2\/faste-y?post=18595"}],"curies":[{"name":"wp","href":"https:\/\/api.w.org\/{rel}","templated":true}]}}