{"id":18599,"date":"2021-03-16T10:58:37","date_gmt":"2021-03-16T09:58:37","guid":{"rendered":"https:\/\/emasweden.com\/produkt\/hd-nivelleringsbjaelke-med-skovl-2300-mm-uden-beslag-2\/"},"modified":"2025-10-01T13:36:15","modified_gmt":"2025-10-01T11:36:15","slug":"hd-nivelleringsbjaelke-med-skovl-2300-mm-uden-beslag-2","status":"publish","type":"product","link":"https:\/\/emasweden.com\/da\/produkt\/hd-nivelleringsbjaelke-med-skovl-2300-mm-uden-beslag-2\/","title":{"rendered":"HD Nivelleringsbj\u00e6lke med skovl &#8211; 2300 mm &#8211; Uden beslag"},"content":{"rendered":"<p><sup>HD Nivelleringsbj\u00e6lke med skovl &#8211; 2300 mm &#8211; Uden beslag<\/sup><br \/>\n&#8211; Fleksibelt produkt til justering og nivellering af materialer med forh\u00f8jede dele p\u00e5 bagsiden<br \/>\nog forkanten, s\u00e5 bj\u00e6lken kan bruges p\u00e5 den bedste m\u00e5de til at opsamle og<br \/>\nnivelleringsmaterialer. Nivelleringsbj\u00e6lken har en st\u00f8rre skovl for et bedre opsamlingsomr\u00e5de foran, hvilket betyder, at n\u00e5r du arbejder med bj\u00e6lken, har du altid<br \/>\nmasser af materiale med dig til at udfylde uj\u00e6vnheder i jorden.<\/p>\n<p><sup>HD Nivelleringsbj\u00e6lke med skovl &#8211; 2300 mm &#8211; Uden beslag<\/sup><\/p>\n<ul>\n<li><strong><br \/>\n  <a href=\"https:\/\/www.ssab.com\/sv-se\/varumarken-och-produkter\/hardox\/produktprogram\/450\">Hardox 450<\/a><br \/>\n<\/strong> p\u00e5 udsatte sliddele<\/li>\n<li><a href=\"https:\/\/emasweden.com\/da\/produkt-kategori\/gravemaskine\/beslag\/beslag-kabelplov-nivelleringsbjaelke\/\"><br \/>\n  <strong>Beslag med bolte<\/strong><br \/>\n<\/a> til mulig justering og udskiftning af beslaget <\/li>\n<li>Det dybe design betyder, at den ikke dykker ned i<br \/>\nmaterialet, men forbliver flad<\/li>\n<li>Stor skovlsektion og h\u00e6vet bagkant for nem<br \/>\nadgang til materialer<\/li>\n<\/ul>\n<p><strong><a href=\"https:\/\/emasweden.com\/da\/produkt-kategori\/gravemaskine\/beslag\/beslag-kabelplov-nivelleringsbjaelke\/\">Se de forskellige konsoller her!<\/a><\/strong><\/p>\n","protected":false},"excerpt":{"rendered":"<p>HD Nivelleringsbj\u00e6lke med skovl &#8211; 2300 mm &#8211; Uden beslag &#8211; Fleksibelt produkt til justering og nivellering af materialer med forh\u00f8jede dele p\u00e5 bagsiden og forkanten, s\u00e5 bj\u00e6lken kan bruges p\u00e5 den bedste m\u00e5de til at opsamle og nivelleringsmaterialer. Nivelleringsbj\u00e6lken har en st\u00f8rre skovl for et bedre opsamlingsomr\u00e5de foran, hvilket betyder, at n\u00e5r du arbejder [&hellip;]<\/p>\n","protected":false},"featured_media":17939,"template":"","meta":{"_monsterinsights_skip_tracking":false,"_monsterinsights_sitenote_active":false,"_monsterinsights_sitenote_note":"","_monsterinsights_sitenote_category":0},"product_brand":[],"product_cat":[3968,3605],"product_tag":[],"faste-y":[],"class_list":{"0":"post-18599","1":"product","2":"type-product","3":"status-publish","4":"has-post-thumbnail","6":"product_cat-nivelleringsbjaelke-med-skovl","7":"product_cat-nivelleringsbjaelke-planlaegningsbjaelke","8":"pa_max-bredd-2300mm","9":"pa_skar-20x200mm","10":"pa_vikt-680-kg","12":"first","13":"instock","14":"taxable","15":"shipping-taxable","16":"purchasable","17":"product-type-simple"},"yoast_head":"<!-- This site is optimized with the Yoast SEO plugin v27.3 - https:\/\/yoast.com\/product\/yoast-seo-wordpress\/ -->\n<title>HD Nivelleringsbj\u00e6lke med skovl - 2300 mm - Uden beslag - EMA Sverige<\/title>\n<meta name=\"description\" content=\"HD Nivelleringsbj\u00e6lke med skovl - 2300 mm - Uden beslag - EMA Sverige - Hardox 450 p\u00e5 udsatte sliddele - Stor skovlsektion og h\u00e6vet bagkant - Boltet fastg\u00f8relse.\" \/>\n<meta name=\"robots\" content=\"index, follow, max-snippet:-1, max-image-preview:large, max-video-preview:-1\" \/>\n<link rel=\"canonical\" href=\"https:\/\/emasweden.com\/da\/produkt\/hd-nivelleringsbjaelke-med-skovl-2300-mm-uden-beslag-2\/\" \/>\n<meta property=\"og:locale\" content=\"da_DK\" \/>\n<meta property=\"og:type\" content=\"article\" \/>\n<meta property=\"og:title\" content=\"HD Nivelleringsbj\u00e6lke med skovl - 2300 mm - Uden beslag - EMA Sverige\" \/>\n<meta property=\"og:description\" content=\"HD Nivelleringsbj\u00e6lke med skovl - 2300 mm - Uden beslag - EMA Sverige - Hardox 450 p\u00e5 udsatte sliddele - Stor skovlsektion og h\u00e6vet bagkant - Boltet fastg\u00f8relse.\" \/>\n<meta property=\"og:url\" content=\"https:\/\/emasweden.com\/da\/produkt\/hd-nivelleringsbjaelke-med-skovl-2300-mm-uden-beslag-2\/\" \/>\n<meta property=\"og:site_name\" content=\"EMA Sverige\" \/>\n<meta property=\"article:modified_time\" content=\"2025-10-01T11:36:15+00:00\" \/>\n<meta property=\"og:image\" content=\"https:\/\/emasweden.com\/wp-content\/uploads\/2021\/03\/Gi-230GB-S-1.jpg\" \/>\n\t<meta property=\"og:image:width\" content=\"1000\" \/>\n\t<meta property=\"og:image:height\" content=\"750\" \/>\n\t<meta property=\"og:image:type\" content=\"image\/jpeg\" \/>\n<meta name=\"twitter:card\" content=\"summary_large_image\" \/>\n<meta name=\"twitter:label1\" content=\"Estimeret l\u00e6setid\" \/>\n\t<meta name=\"twitter:data1\" content=\"1 minut\" \/>\n<script type=\"application\/ld+json\" class=\"yoast-schema-graph\">{\"@context\":\"https:\\\/\\\/schema.org\",\"@graph\":[{\"@type\":\"WebPage\",\"@id\":\"https:\\\/\\\/emasweden.com\\\/da\\\/produkt\\\/hd-nivelleringsbjaelke-med-skovl-2300-mm-uden-beslag-2\\\/\",\"url\":\"https:\\\/\\\/emasweden.com\\\/da\\\/produkt\\\/hd-nivelleringsbjaelke-med-skovl-2300-mm-uden-beslag-2\\\/\",\"name\":\"HD Nivelleringsbj\u00e6lke med skovl - 2300 mm - Uden beslag - EMA Sverige\",\"isPartOf\":{\"@id\":\"https:\\\/\\\/emasweden.com\\\/da\\\/#website\"},\"primaryImageOfPage\":{\"@id\":\"https:\\\/\\\/emasweden.com\\\/da\\\/produkt\\\/hd-nivelleringsbjaelke-med-skovl-2300-mm-uden-beslag-2\\\/#primaryimage\"},\"image\":{\"@id\":\"https:\\\/\\\/emasweden.com\\\/da\\\/produkt\\\/hd-nivelleringsbjaelke-med-skovl-2300-mm-uden-beslag-2\\\/#primaryimage\"},\"thumbnailUrl\":\"https:\\\/\\\/emasweden.com\\\/wp-content\\\/uploads\\\/2021\\\/03\\\/Gi-230GB-S-1.jpg\",\"datePublished\":\"2021-03-16T09:58:37+00:00\",\"dateModified\":\"2025-10-01T11:36:15+00:00\",\"description\":\"HD Nivelleringsbj\u00e6lke med skovl - 2300 mm - Uden beslag - EMA Sverige - Hardox 450 p\u00e5 udsatte sliddele - Stor skovlsektion og h\u00e6vet bagkant - Boltet fastg\u00f8relse.\",\"breadcrumb\":{\"@id\":\"https:\\\/\\\/emasweden.com\\\/da\\\/produkt\\\/hd-nivelleringsbjaelke-med-skovl-2300-mm-uden-beslag-2\\\/#breadcrumb\"},\"inLanguage\":\"da-DK\",\"potentialAction\":[{\"@type\":\"ReadAction\",\"target\":[\"https:\\\/\\\/emasweden.com\\\/da\\\/produkt\\\/hd-nivelleringsbjaelke-med-skovl-2300-mm-uden-beslag-2\\\/\"]}]},{\"@type\":\"ImageObject\",\"inLanguage\":\"da-DK\",\"@id\":\"https:\\\/\\\/emasweden.com\\\/da\\\/produkt\\\/hd-nivelleringsbjaelke-med-skovl-2300-mm-uden-beslag-2\\\/#primaryimage\",\"url\":\"https:\\\/\\\/emasweden.com\\\/wp-content\\\/uploads\\\/2021\\\/03\\\/Gi-230GB-S-1.jpg\",\"contentUrl\":\"https:\\\/\\\/emasweden.com\\\/wp-content\\\/uploads\\\/2021\\\/03\\\/Gi-230GB-S-1.jpg\",\"width\":1000,\"height\":750,\"caption\":\"HD Avj\u00e4mningsbalk med skopa - 2300mm - Utan f\u00e4ste\"},{\"@type\":\"BreadcrumbList\",\"@id\":\"https:\\\/\\\/emasweden.com\\\/da\\\/produkt\\\/hd-nivelleringsbjaelke-med-skovl-2300-mm-uden-beslag-2\\\/#breadcrumb\",\"itemListElement\":[{\"@type\":\"ListItem\",\"position\":1,\"name\":\"Hem\",\"item\":\"https:\\\/\\\/emasweden.com\\\/da\\\/\"},{\"@type\":\"ListItem\",\"position\":2,\"name\":\"Produktsortiment\",\"item\":\"https:\\\/\\\/emasweden.com\\\/da\\\/produktsortiment-2\\\/\"},{\"@type\":\"ListItem\",\"position\":3,\"name\":\"HD Nivelleringsbj\u00e6lke med skovl &#8211; 2300 mm &#8211; Uden beslag\"}]},{\"@type\":\"WebSite\",\"@id\":\"https:\\\/\\\/emasweden.com\\\/da\\\/#website\",\"url\":\"https:\\\/\\\/emasweden.com\\\/da\\\/\",\"name\":\"EMA Sverige\",\"description\":\"\",\"potentialAction\":[{\"@type\":\"SearchAction\",\"target\":{\"@type\":\"EntryPoint\",\"urlTemplate\":\"https:\\\/\\\/emasweden.com\\\/da\\\/?s={search_term_string}\"},\"query-input\":{\"@type\":\"PropertyValueSpecification\",\"valueRequired\":true,\"valueName\":\"search_term_string\"}}],\"inLanguage\":\"da-DK\"}]}<\/script>\n<!-- \/ Yoast SEO plugin. -->","yoast_head_json":{"title":"HD Nivelleringsbj\u00e6lke med skovl - 2300 mm - Uden beslag - EMA Sverige","description":"HD Nivelleringsbj\u00e6lke med skovl - 2300 mm - Uden beslag - EMA Sverige - Hardox 450 p\u00e5 udsatte sliddele - Stor skovlsektion og h\u00e6vet bagkant - Boltet fastg\u00f8relse.","robots":{"index":"index","follow":"follow","max-snippet":"max-snippet:-1","max-image-preview":"max-image-preview:large","max-video-preview":"max-video-preview:-1"},"canonical":"https:\/\/emasweden.com\/da\/produkt\/hd-nivelleringsbjaelke-med-skovl-2300-mm-uden-beslag-2\/","og_locale":"da_DK","og_type":"article","og_title":"HD Nivelleringsbj\u00e6lke med skovl - 2300 mm - Uden beslag - EMA Sverige","og_description":"HD Nivelleringsbj\u00e6lke med skovl - 2300 mm - Uden beslag - EMA Sverige - Hardox 450 p\u00e5 udsatte sliddele - Stor skovlsektion og h\u00e6vet bagkant - Boltet fastg\u00f8relse.","og_url":"https:\/\/emasweden.com\/da\/produkt\/hd-nivelleringsbjaelke-med-skovl-2300-mm-uden-beslag-2\/","og_site_name":"EMA Sverige","article_modified_time":"2025-10-01T11:36:15+00:00","og_image":[{"width":1000,"height":750,"url":"https:\/\/emasweden.com\/wp-content\/uploads\/2021\/03\/Gi-230GB-S-1.jpg","type":"image\/jpeg"}],"twitter_card":"summary_large_image","twitter_misc":{"Estimeret l\u00e6setid":"1 minut"},"schema":{"@context":"https:\/\/schema.org","@graph":[{"@type":"WebPage","@id":"https:\/\/emasweden.com\/da\/produkt\/hd-nivelleringsbjaelke-med-skovl-2300-mm-uden-beslag-2\/","url":"https:\/\/emasweden.com\/da\/produkt\/hd-nivelleringsbjaelke-med-skovl-2300-mm-uden-beslag-2\/","name":"HD Nivelleringsbj\u00e6lke med skovl - 2300 mm - Uden beslag - EMA Sverige","isPartOf":{"@id":"https:\/\/emasweden.com\/da\/#website"},"primaryImageOfPage":{"@id":"https:\/\/emasweden.com\/da\/produkt\/hd-nivelleringsbjaelke-med-skovl-2300-mm-uden-beslag-2\/#primaryimage"},"image":{"@id":"https:\/\/emasweden.com\/da\/produkt\/hd-nivelleringsbjaelke-med-skovl-2300-mm-uden-beslag-2\/#primaryimage"},"thumbnailUrl":"https:\/\/emasweden.com\/wp-content\/uploads\/2021\/03\/Gi-230GB-S-1.jpg","datePublished":"2021-03-16T09:58:37+00:00","dateModified":"2025-10-01T11:36:15+00:00","description":"HD Nivelleringsbj\u00e6lke med skovl - 2300 mm - Uden beslag - EMA Sverige - Hardox 450 p\u00e5 udsatte sliddele - Stor skovlsektion og h\u00e6vet bagkant - Boltet fastg\u00f8relse.","breadcrumb":{"@id":"https:\/\/emasweden.com\/da\/produkt\/hd-nivelleringsbjaelke-med-skovl-2300-mm-uden-beslag-2\/#breadcrumb"},"inLanguage":"da-DK","potentialAction":[{"@type":"ReadAction","target":["https:\/\/emasweden.com\/da\/produkt\/hd-nivelleringsbjaelke-med-skovl-2300-mm-uden-beslag-2\/"]}]},{"@type":"ImageObject","inLanguage":"da-DK","@id":"https:\/\/emasweden.com\/da\/produkt\/hd-nivelleringsbjaelke-med-skovl-2300-mm-uden-beslag-2\/#primaryimage","url":"https:\/\/emasweden.com\/wp-content\/uploads\/2021\/03\/Gi-230GB-S-1.jpg","contentUrl":"https:\/\/emasweden.com\/wp-content\/uploads\/2021\/03\/Gi-230GB-S-1.jpg","width":1000,"height":750,"caption":"HD Avj\u00e4mningsbalk med skopa - 2300mm - Utan f\u00e4ste"},{"@type":"BreadcrumbList","@id":"https:\/\/emasweden.com\/da\/produkt\/hd-nivelleringsbjaelke-med-skovl-2300-mm-uden-beslag-2\/#breadcrumb","itemListElement":[{"@type":"ListItem","position":1,"name":"Hem","item":"https:\/\/emasweden.com\/da\/"},{"@type":"ListItem","position":2,"name":"Produktsortiment","item":"https:\/\/emasweden.com\/da\/produktsortiment-2\/"},{"@type":"ListItem","position":3,"name":"HD Nivelleringsbj\u00e6lke med skovl &#8211; 2300 mm &#8211; Uden beslag"}]},{"@type":"WebSite","@id":"https:\/\/emasweden.com\/da\/#website","url":"https:\/\/emasweden.com\/da\/","name":"EMA Sverige","description":"","potentialAction":[{"@type":"SearchAction","target":{"@type":"EntryPoint","urlTemplate":"https:\/\/emasweden.com\/da\/?s={search_term_string}"},"query-input":{"@type":"PropertyValueSpecification","valueRequired":true,"valueName":"search_term_string"}}],"inLanguage":"da-DK"}]}},"_links":{"self":[{"href":"https:\/\/emasweden.com\/da\/wp-json\/wp\/v2\/product\/18599","targetHints":{"allow":["GET"]}}],"collection":[{"href":"https:\/\/emasweden.com\/da\/wp-json\/wp\/v2\/product"}],"about":[{"href":"https:\/\/emasweden.com\/da\/wp-json\/wp\/v2\/types\/product"}],"wp:featuredmedia":[{"embeddable":true,"href":"https:\/\/emasweden.com\/da\/wp-json\/wp\/v2\/media\/17939"}],"wp:attachment":[{"href":"https:\/\/emasweden.com\/da\/wp-json\/wp\/v2\/media?parent=18599"}],"wp:term":[{"taxonomy":"product_brand","embeddable":true,"href":"https:\/\/emasweden.com\/da\/wp-json\/wp\/v2\/product_brand?post=18599"},{"taxonomy":"product_cat","embeddable":true,"href":"https:\/\/emasweden.com\/da\/wp-json\/wp\/v2\/product_cat?post=18599"},{"taxonomy":"product_tag","embeddable":true,"href":"https:\/\/emasweden.com\/da\/wp-json\/wp\/v2\/product_tag?post=18599"},{"taxonomy":"faste-y","embeddable":true,"href":"https:\/\/emasweden.com\/da\/wp-json\/wp\/v2\/faste-y?post=18599"}],"curies":[{"name":"wp","href":"https:\/\/api.w.org\/{rel}","templated":true}]}}