{"id":18650,"date":"2021-03-16T11:08:00","date_gmt":"2021-03-16T10:08:00","guid":{"rendered":"https:\/\/emasweden.com\/produkt\/hd-ristespand-1000l-med-blad-1700mm-uden-beslag\/"},"modified":"2025-12-05T13:12:33","modified_gmt":"2025-12-05T12:12:33","slug":"hd-ristespand-1000l-med-blad-1700mm-uden-beslag","status":"publish","type":"product","link":"https:\/\/emasweden.com\/da\/produkt\/hd-ristespand-1000l-med-blad-1700mm-uden-beslag\/","title":{"rendered":"HD Ribbeskovl 1000L med blad &#8211; 1700mm &#8211; Uden beslag"},"content":{"rendered":"<p><sup>HD Risteskovl 1000L med blad &#8211; 1700mm &#8211; Uden tilbeh\u00f8r<\/sup><br \/>\n&#8211; Vores risteskovle har samme form som vores popul\u00e6re udj\u00e6vningsskovle, dvs. med en lang bund. Vi har valgt rundjern for at f\u00e5 den bedste sigtningskapacitet og holdbarhed.<br \/>\nDet kraftige blad giver stabilitet til hele skovlkonstruktionen.<\/p>\n<p>&#8211; Robust og unikt design med forl\u00e6nget bund for en effektiv sigteflade.<\/p>\n<p>&#8211; Sk\u00e6res i 500 brinell <a href=\"https:\/\/www.borox.se\/produkter\/skopst%C3%A5l\" target=\"_blank\" rel=\"noopener\">BOROX<\/a>.<\/p>\n<p>&#8211; Slidflader forst\u00e6rket med <a href=\"https:\/\/www.ssab.com\/products\/brands\/hardox\/products\/hardox-450\" target=\"_blank\" rel=\"noopener\">HARDOX 450.<\/a><\/p>\n<p>&#8211; Aksler indbygget i konstruktionen for bedre holdbarhed og stabilitet.<\/p>\n","protected":false},"excerpt":{"rendered":"<p>HD Risteskovl 1000L med blad &#8211; 1700mm &#8211; Uden tilbeh\u00f8r &#8211; Vores risteskovle har samme form som vores popul\u00e6re udj\u00e6vningsskovle, dvs. med en lang bund. Vi har valgt rundjern for at f\u00e5 den bedste sigtningskapacitet og holdbarhed. Det kraftige blad giver stabilitet til hele skovlkonstruktionen. &#8211; Robust og unikt design med forl\u00e6nget bund for en [&hellip;]<\/p>\n","protected":false},"featured_media":22350,"template":"","meta":{"_monsterinsights_skip_tracking":false,"_monsterinsights_sitenote_active":false,"_monsterinsights_sitenote_note":"","_monsterinsights_sitenote_category":0},"product_brand":[],"product_cat":[3593],"product_tag":[],"faste-y":[],"class_list":{"0":"post-18650","1":"product","2":"type-product","3":"status-publish","4":"has-post-thumbnail","6":"product_cat-ribbeskovl","7":"pa_max-bredd-1700mm","8":"pa_skar-25x200mm","9":"pa_tand-nej-det-er-det-ikke","10":"pa_vikt-525-kg","12":"first","13":"instock","14":"taxable","15":"shipping-taxable","16":"purchasable","17":"product-type-simple"},"yoast_head":"<!-- This site is optimized with the Yoast SEO plugin v27.4 - https:\/\/yoast.com\/product\/yoast-seo-wordpress\/ -->\n<title>HD Ribbeskovl 1000L med blad - 1700mm - Uden beslag - EMA Sverige<\/title>\n<meta name=\"description\" content=\"HD Screen Bucket 1000L med blad - 1700mm - Uden beslag Robust med unikt design med forl\u00e6nget bund, der giver en effektiv sigteflade. Indbyggede aksler i konstruktionen giver bedre holdbarhed og stabilitet.\" \/>\n<meta name=\"robots\" content=\"index, follow, max-snippet:-1, max-image-preview:large, max-video-preview:-1\" \/>\n<link rel=\"canonical\" href=\"https:\/\/emasweden.com\/da\/produkt\/hd-ristespand-1000l-med-blad-1700mm-uden-beslag\/\" \/>\n<meta property=\"og:locale\" content=\"da_DK\" \/>\n<meta property=\"og:type\" content=\"article\" \/>\n<meta property=\"og:title\" content=\"HD Ribbeskovl 1000L med blad - 1700mm - Uden beslag - EMA Sverige\" \/>\n<meta property=\"og:description\" content=\"HD Screen Bucket 1000L med blad - 1700mm - Uden beslag Robust med unikt design med forl\u00e6nget bund, der giver en effektiv sigteflade. Indbyggede aksler i konstruktionen giver bedre holdbarhed og stabilitet.\" \/>\n<meta property=\"og:url\" content=\"https:\/\/emasweden.com\/da\/produkt\/hd-ristespand-1000l-med-blad-1700mm-uden-beslag\/\" \/>\n<meta property=\"og:site_name\" content=\"EMA Sverige\" \/>\n<meta property=\"article:modified_time\" content=\"2025-12-05T12:12:33+00:00\" \/>\n<meta property=\"og:image\" content=\"https:\/\/emasweden.com\/wp-content\/uploads\/2021\/03\/7292155_1-3.jpg\" \/>\n\t<meta property=\"og:image:width\" content=\"1000\" \/>\n\t<meta property=\"og:image:height\" content=\"750\" \/>\n\t<meta property=\"og:image:type\" content=\"image\/jpeg\" \/>\n<meta name=\"twitter:card\" content=\"summary_large_image\" \/>\n<meta name=\"twitter:label1\" content=\"Estimeret l\u00e6setid\" \/>\n\t<meta name=\"twitter:data1\" content=\"1 minut\" \/>\n<script type=\"application\/ld+json\" class=\"yoast-schema-graph\">{\"@context\":\"https:\\\/\\\/schema.org\",\"@graph\":[{\"@type\":\"WebPage\",\"@id\":\"https:\\\/\\\/emasweden.com\\\/da\\\/produkt\\\/hd-ristespand-1000l-med-blad-1700mm-uden-beslag\\\/\",\"url\":\"https:\\\/\\\/emasweden.com\\\/da\\\/produkt\\\/hd-ristespand-1000l-med-blad-1700mm-uden-beslag\\\/\",\"name\":\"HD Ribbeskovl 1000L med blad - 1700mm - Uden beslag - EMA Sverige\",\"isPartOf\":{\"@id\":\"https:\\\/\\\/emasweden.com\\\/da\\\/#website\"},\"primaryImageOfPage\":{\"@id\":\"https:\\\/\\\/emasweden.com\\\/da\\\/produkt\\\/hd-ristespand-1000l-med-blad-1700mm-uden-beslag\\\/#primaryimage\"},\"image\":{\"@id\":\"https:\\\/\\\/emasweden.com\\\/da\\\/produkt\\\/hd-ristespand-1000l-med-blad-1700mm-uden-beslag\\\/#primaryimage\"},\"thumbnailUrl\":\"https:\\\/\\\/emasweden.com\\\/wp-content\\\/uploads\\\/2021\\\/03\\\/7292155_1-3.jpg\",\"datePublished\":\"2021-03-16T10:08:00+00:00\",\"dateModified\":\"2025-12-05T12:12:33+00:00\",\"description\":\"HD Screen Bucket 1000L med blad - 1700mm - Uden beslag Robust med unikt design med forl\u00e6nget bund, der giver en effektiv sigteflade. Indbyggede aksler i konstruktionen giver bedre holdbarhed og stabilitet.\",\"breadcrumb\":{\"@id\":\"https:\\\/\\\/emasweden.com\\\/da\\\/produkt\\\/hd-ristespand-1000l-med-blad-1700mm-uden-beslag\\\/#breadcrumb\"},\"inLanguage\":\"da-DK\",\"potentialAction\":[{\"@type\":\"ReadAction\",\"target\":[\"https:\\\/\\\/emasweden.com\\\/da\\\/produkt\\\/hd-ristespand-1000l-med-blad-1700mm-uden-beslag\\\/\"]}]},{\"@type\":\"ImageObject\",\"inLanguage\":\"da-DK\",\"@id\":\"https:\\\/\\\/emasweden.com\\\/da\\\/produkt\\\/hd-ristespand-1000l-med-blad-1700mm-uden-beslag\\\/#primaryimage\",\"url\":\"https:\\\/\\\/emasweden.com\\\/wp-content\\\/uploads\\\/2021\\\/03\\\/7292155_1-3.jpg\",\"contentUrl\":\"https:\\\/\\\/emasweden.com\\\/wp-content\\\/uploads\\\/2021\\\/03\\\/7292155_1-3.jpg\",\"width\":1000,\"height\":750,\"caption\":\"HD Gallerskopa 1000L med blad - 1700mm - Utan F\u00e4ste\"},{\"@type\":\"BreadcrumbList\",\"@id\":\"https:\\\/\\\/emasweden.com\\\/da\\\/produkt\\\/hd-ristespand-1000l-med-blad-1700mm-uden-beslag\\\/#breadcrumb\",\"itemListElement\":[{\"@type\":\"ListItem\",\"position\":1,\"name\":\"Hem\",\"item\":\"https:\\\/\\\/emasweden.com\\\/da\\\/\"},{\"@type\":\"ListItem\",\"position\":2,\"name\":\"Produktsortiment\",\"item\":\"https:\\\/\\\/emasweden.com\\\/da\\\/produktsortiment-2\\\/\"},{\"@type\":\"ListItem\",\"position\":3,\"name\":\"HD Ribbeskovl 1000L med blad &#8211; 1700mm &#8211; Uden beslag\"}]},{\"@type\":\"WebSite\",\"@id\":\"https:\\\/\\\/emasweden.com\\\/da\\\/#website\",\"url\":\"https:\\\/\\\/emasweden.com\\\/da\\\/\",\"name\":\"EMA Sverige\",\"description\":\"\",\"potentialAction\":[{\"@type\":\"SearchAction\",\"target\":{\"@type\":\"EntryPoint\",\"urlTemplate\":\"https:\\\/\\\/emasweden.com\\\/da\\\/?s={search_term_string}\"},\"query-input\":{\"@type\":\"PropertyValueSpecification\",\"valueRequired\":true,\"valueName\":\"search_term_string\"}}],\"inLanguage\":\"da-DK\"}]}<\/script>\n<!-- \/ Yoast SEO plugin. -->","yoast_head_json":{"title":"HD Ribbeskovl 1000L med blad - 1700mm - Uden beslag - EMA Sverige","description":"HD Screen Bucket 1000L med blad - 1700mm - Uden beslag Robust med unikt design med forl\u00e6nget bund, der giver en effektiv sigteflade. Indbyggede aksler i konstruktionen giver bedre holdbarhed og stabilitet.","robots":{"index":"index","follow":"follow","max-snippet":"max-snippet:-1","max-image-preview":"max-image-preview:large","max-video-preview":"max-video-preview:-1"},"canonical":"https:\/\/emasweden.com\/da\/produkt\/hd-ristespand-1000l-med-blad-1700mm-uden-beslag\/","og_locale":"da_DK","og_type":"article","og_title":"HD Ribbeskovl 1000L med blad - 1700mm - Uden beslag - EMA Sverige","og_description":"HD Screen Bucket 1000L med blad - 1700mm - Uden beslag Robust med unikt design med forl\u00e6nget bund, der giver en effektiv sigteflade. Indbyggede aksler i konstruktionen giver bedre holdbarhed og stabilitet.","og_url":"https:\/\/emasweden.com\/da\/produkt\/hd-ristespand-1000l-med-blad-1700mm-uden-beslag\/","og_site_name":"EMA Sverige","article_modified_time":"2025-12-05T12:12:33+00:00","og_image":[{"width":1000,"height":750,"url":"https:\/\/emasweden.com\/wp-content\/uploads\/2021\/03\/7292155_1-3.jpg","type":"image\/jpeg"}],"twitter_card":"summary_large_image","twitter_misc":{"Estimeret l\u00e6setid":"1 minut"},"schema":{"@context":"https:\/\/schema.org","@graph":[{"@type":"WebPage","@id":"https:\/\/emasweden.com\/da\/produkt\/hd-ristespand-1000l-med-blad-1700mm-uden-beslag\/","url":"https:\/\/emasweden.com\/da\/produkt\/hd-ristespand-1000l-med-blad-1700mm-uden-beslag\/","name":"HD Ribbeskovl 1000L med blad - 1700mm - Uden beslag - EMA Sverige","isPartOf":{"@id":"https:\/\/emasweden.com\/da\/#website"},"primaryImageOfPage":{"@id":"https:\/\/emasweden.com\/da\/produkt\/hd-ristespand-1000l-med-blad-1700mm-uden-beslag\/#primaryimage"},"image":{"@id":"https:\/\/emasweden.com\/da\/produkt\/hd-ristespand-1000l-med-blad-1700mm-uden-beslag\/#primaryimage"},"thumbnailUrl":"https:\/\/emasweden.com\/wp-content\/uploads\/2021\/03\/7292155_1-3.jpg","datePublished":"2021-03-16T10:08:00+00:00","dateModified":"2025-12-05T12:12:33+00:00","description":"HD Screen Bucket 1000L med blad - 1700mm - Uden beslag Robust med unikt design med forl\u00e6nget bund, der giver en effektiv sigteflade. Indbyggede aksler i konstruktionen giver bedre holdbarhed og stabilitet.","breadcrumb":{"@id":"https:\/\/emasweden.com\/da\/produkt\/hd-ristespand-1000l-med-blad-1700mm-uden-beslag\/#breadcrumb"},"inLanguage":"da-DK","potentialAction":[{"@type":"ReadAction","target":["https:\/\/emasweden.com\/da\/produkt\/hd-ristespand-1000l-med-blad-1700mm-uden-beslag\/"]}]},{"@type":"ImageObject","inLanguage":"da-DK","@id":"https:\/\/emasweden.com\/da\/produkt\/hd-ristespand-1000l-med-blad-1700mm-uden-beslag\/#primaryimage","url":"https:\/\/emasweden.com\/wp-content\/uploads\/2021\/03\/7292155_1-3.jpg","contentUrl":"https:\/\/emasweden.com\/wp-content\/uploads\/2021\/03\/7292155_1-3.jpg","width":1000,"height":750,"caption":"HD Gallerskopa 1000L med blad - 1700mm - Utan F\u00e4ste"},{"@type":"BreadcrumbList","@id":"https:\/\/emasweden.com\/da\/produkt\/hd-ristespand-1000l-med-blad-1700mm-uden-beslag\/#breadcrumb","itemListElement":[{"@type":"ListItem","position":1,"name":"Hem","item":"https:\/\/emasweden.com\/da\/"},{"@type":"ListItem","position":2,"name":"Produktsortiment","item":"https:\/\/emasweden.com\/da\/produktsortiment-2\/"},{"@type":"ListItem","position":3,"name":"HD Ribbeskovl 1000L med blad &#8211; 1700mm &#8211; Uden beslag"}]},{"@type":"WebSite","@id":"https:\/\/emasweden.com\/da\/#website","url":"https:\/\/emasweden.com\/da\/","name":"EMA Sverige","description":"","potentialAction":[{"@type":"SearchAction","target":{"@type":"EntryPoint","urlTemplate":"https:\/\/emasweden.com\/da\/?s={search_term_string}"},"query-input":{"@type":"PropertyValueSpecification","valueRequired":true,"valueName":"search_term_string"}}],"inLanguage":"da-DK"}]}},"_links":{"self":[{"href":"https:\/\/emasweden.com\/da\/wp-json\/wp\/v2\/product\/18650","targetHints":{"allow":["GET"]}}],"collection":[{"href":"https:\/\/emasweden.com\/da\/wp-json\/wp\/v2\/product"}],"about":[{"href":"https:\/\/emasweden.com\/da\/wp-json\/wp\/v2\/types\/product"}],"wp:featuredmedia":[{"embeddable":true,"href":"https:\/\/emasweden.com\/da\/wp-json\/wp\/v2\/media\/22350"}],"wp:attachment":[{"href":"https:\/\/emasweden.com\/da\/wp-json\/wp\/v2\/media?parent=18650"}],"wp:term":[{"taxonomy":"product_brand","embeddable":true,"href":"https:\/\/emasweden.com\/da\/wp-json\/wp\/v2\/product_brand?post=18650"},{"taxonomy":"product_cat","embeddable":true,"href":"https:\/\/emasweden.com\/da\/wp-json\/wp\/v2\/product_cat?post=18650"},{"taxonomy":"product_tag","embeddable":true,"href":"https:\/\/emasweden.com\/da\/wp-json\/wp\/v2\/product_tag?post=18650"},{"taxonomy":"faste-y","embeddable":true,"href":"https:\/\/emasweden.com\/da\/wp-json\/wp\/v2\/faste-y?post=18650"}],"curies":[{"name":"wp","href":"https:\/\/api.w.org\/{rel}","templated":true}]}}