{"id":18828,"date":"2021-01-20T15:36:39","date_gmt":"2021-01-20T14:36:39","guid":{"rendered":"https:\/\/emasweden.com\/produkt\/hd-dyb-skovl-240l-med-tand-700mm-s50\/"},"modified":"2025-10-02T13:42:12","modified_gmt":"2025-10-02T11:42:12","slug":"hd-dyb-skovl-240l-med-tand-700mm-s50","status":"publish","type":"product","link":"https:\/\/emasweden.com\/da\/produkt\/hd-dyb-skovl-240l-med-tand-700mm-s50\/","title":{"rendered":"HD Graveskovl 240L med tand &#8211; 700mm &#8211; S50"},"content":{"rendered":"<p>Graveskovlen (HD) er kraftv\u00e6rket i vores produktsortiment. Her er der ikke sparet p\u00e5 noget, n\u00e5r det g\u00e6lder materialer. Produkterne er udstyret med slidribber i bunden, og produkterne har ofte st\u00f8rre dimensioner.   Dette kraftv\u00e6rk bruges mest af brugere, der stiller meget h\u00f8je krav til deres produkter, og hvor de ofte arbejder i materialer og milj\u00f8er, der kr\u00e6ver det lille ekstra, n\u00e5r det g\u00e6lder holdbarhed. Denne kategori af spande er ofte tungere p\u00e5 grund af brugen af ekstra st\u00e5l, men det resulterer i en meget holdbar spand.<\/p>\n<p>&#8211; Sk\u00e5ret i 500 Brinell BOROX<br \/>\n<br \/>&#8211; Slidbeskyttelse p\u00e5 siderne, forenden, bunden og slidribberne i 450 HARDOX<br \/>\n<br \/>&#8211; CAT-tandsystem, det mest almindelige tandsystem til entrepren\u00f8rmaskiner i Sverige<br \/>\n<br \/>&#8211; Skovlen er udviklet sammen med maskinf\u00f8rere<br \/>\n<\/br><\/p>\n","protected":false},"excerpt":{"rendered":"<p>Graveskovlen (HD) er kraftv\u00e6rket i vores produktsortiment. Her er der ikke sparet p\u00e5 noget, n\u00e5r det g\u00e6lder materialer. Produkterne er udstyret med slidribber i bunden, og produkterne har ofte st\u00f8rre dimensioner. Dette kraftv\u00e6rk bruges mest af brugere, der stiller meget h\u00f8je krav til deres produkter, og hvor de ofte arbejder i materialer og milj\u00f8er, der [&hellip;]<\/p>\n","protected":false},"featured_media":18829,"template":"","meta":{"_monsterinsights_skip_tracking":false,"_monsterinsights_sitenote_active":false,"_monsterinsights_sitenote_note":"","_monsterinsights_sitenote_category":0},"product_brand":[],"product_cat":[3320],"product_tag":[],"faste-y":[],"class_list":{"0":"post-18828","1":"product","2":"type-product","3":"status-publish","4":"has-post-thumbnail","6":"product_cat-graveskovl","7":"pa_antal-tander-4-stk","8":"pa_max-bredd-700mm","9":"pa_skar-25x200mm","10":"pa_tand-j250","11":"pa_vikt-205-kg","13":"first","14":"instock","15":"purchasable","16":"product-type-simple"},"yoast_head":"<!-- This site is optimized with the Yoast SEO plugin v27.3 - https:\/\/yoast.com\/product\/yoast-seo-wordpress\/ -->\n<title>HD Graveskovl 240L med tand - 700mm - S50 - EMA Sverige<\/title>\n<meta name=\"description\" content=\"HD Graveskovl 240L med tand - 700mm - S50 Slidbeskyttelse p\u00e5 siden, front, bund og slidribber i 450 HARDOX. Sk\u00e5ret i 500 Brinell BOROX\" \/>\n<meta name=\"robots\" content=\"index, follow, max-snippet:-1, max-image-preview:large, max-video-preview:-1\" \/>\n<link rel=\"canonical\" href=\"https:\/\/emasweden.com\/da\/produkt\/hd-dyb-skovl-240l-med-tand-700mm-s50\/\" \/>\n<meta property=\"og:locale\" content=\"da_DK\" \/>\n<meta property=\"og:type\" content=\"article\" \/>\n<meta property=\"og:title\" content=\"HD Graveskovl 240L med tand - 700mm - S50 - EMA Sverige\" \/>\n<meta property=\"og:description\" content=\"HD Graveskovl 240L med tand - 700mm - S50 Slidbeskyttelse p\u00e5 siden, front, bund og slidribber i 450 HARDOX. Sk\u00e5ret i 500 Brinell BOROX\" \/>\n<meta property=\"og:url\" content=\"https:\/\/emasweden.com\/da\/produkt\/hd-dyb-skovl-240l-med-tand-700mm-s50\/\" \/>\n<meta property=\"og:site_name\" content=\"EMA Sverige\" \/>\n<meta property=\"article:modified_time\" content=\"2025-10-02T11:42:12+00:00\" \/>\n<meta property=\"og:image\" content=\"https:\/\/emasweden.com\/wp-content\/uploads\/2021\/04\/7291068_1-1.jpg\" \/>\n\t<meta property=\"og:image:width\" content=\"1000\" \/>\n\t<meta property=\"og:image:height\" content=\"750\" \/>\n\t<meta property=\"og:image:type\" content=\"image\/jpeg\" \/>\n<meta name=\"twitter:card\" content=\"summary_large_image\" \/>\n<meta name=\"twitter:label1\" content=\"Estimeret l\u00e6setid\" \/>\n\t<meta name=\"twitter:data1\" content=\"1 minut\" \/>\n<script type=\"application\/ld+json\" class=\"yoast-schema-graph\">{\"@context\":\"https:\\\/\\\/schema.org\",\"@graph\":[{\"@type\":\"WebPage\",\"@id\":\"https:\\\/\\\/emasweden.com\\\/da\\\/produkt\\\/hd-dyb-skovl-240l-med-tand-700mm-s50\\\/\",\"url\":\"https:\\\/\\\/emasweden.com\\\/da\\\/produkt\\\/hd-dyb-skovl-240l-med-tand-700mm-s50\\\/\",\"name\":\"HD Graveskovl 240L med tand - 700mm - S50 - EMA Sverige\",\"isPartOf\":{\"@id\":\"https:\\\/\\\/emasweden.com\\\/da\\\/#website\"},\"primaryImageOfPage\":{\"@id\":\"https:\\\/\\\/emasweden.com\\\/da\\\/produkt\\\/hd-dyb-skovl-240l-med-tand-700mm-s50\\\/#primaryimage\"},\"image\":{\"@id\":\"https:\\\/\\\/emasweden.com\\\/da\\\/produkt\\\/hd-dyb-skovl-240l-med-tand-700mm-s50\\\/#primaryimage\"},\"thumbnailUrl\":\"https:\\\/\\\/emasweden.com\\\/wp-content\\\/uploads\\\/2021\\\/04\\\/7291068_1-1.jpg\",\"datePublished\":\"2021-01-20T14:36:39+00:00\",\"dateModified\":\"2025-10-02T11:42:12+00:00\",\"description\":\"HD Graveskovl 240L med tand - 700mm - S50 Slidbeskyttelse p\u00e5 siden, front, bund og slidribber i 450 HARDOX. Sk\u00e5ret i 500 Brinell BOROX\",\"breadcrumb\":{\"@id\":\"https:\\\/\\\/emasweden.com\\\/da\\\/produkt\\\/hd-dyb-skovl-240l-med-tand-700mm-s50\\\/#breadcrumb\"},\"inLanguage\":\"da-DK\",\"potentialAction\":[{\"@type\":\"ReadAction\",\"target\":[\"https:\\\/\\\/emasweden.com\\\/da\\\/produkt\\\/hd-dyb-skovl-240l-med-tand-700mm-s50\\\/\"]}]},{\"@type\":\"ImageObject\",\"inLanguage\":\"da-DK\",\"@id\":\"https:\\\/\\\/emasweden.com\\\/da\\\/produkt\\\/hd-dyb-skovl-240l-med-tand-700mm-s50\\\/#primaryimage\",\"url\":\"https:\\\/\\\/emasweden.com\\\/wp-content\\\/uploads\\\/2021\\\/04\\\/7291068_1-1.jpg\",\"contentUrl\":\"https:\\\/\\\/emasweden.com\\\/wp-content\\\/uploads\\\/2021\\\/04\\\/7291068_1-1.jpg\",\"width\":1000,\"height\":750},{\"@type\":\"BreadcrumbList\",\"@id\":\"https:\\\/\\\/emasweden.com\\\/da\\\/produkt\\\/hd-dyb-skovl-240l-med-tand-700mm-s50\\\/#breadcrumb\",\"itemListElement\":[{\"@type\":\"ListItem\",\"position\":1,\"name\":\"Hem\",\"item\":\"https:\\\/\\\/emasweden.com\\\/da\\\/\"},{\"@type\":\"ListItem\",\"position\":2,\"name\":\"Produktsortiment\",\"item\":\"https:\\\/\\\/emasweden.com\\\/da\\\/produktsortiment-2\\\/\"},{\"@type\":\"ListItem\",\"position\":3,\"name\":\"HD Graveskovl 240L med tand &#8211; 700mm &#8211; S50\"}]},{\"@type\":\"WebSite\",\"@id\":\"https:\\\/\\\/emasweden.com\\\/da\\\/#website\",\"url\":\"https:\\\/\\\/emasweden.com\\\/da\\\/\",\"name\":\"EMA Sverige\",\"description\":\"\",\"potentialAction\":[{\"@type\":\"SearchAction\",\"target\":{\"@type\":\"EntryPoint\",\"urlTemplate\":\"https:\\\/\\\/emasweden.com\\\/da\\\/?s={search_term_string}\"},\"query-input\":{\"@type\":\"PropertyValueSpecification\",\"valueRequired\":true,\"valueName\":\"search_term_string\"}}],\"inLanguage\":\"da-DK\"}]}<\/script>\n<!-- \/ Yoast SEO plugin. -->","yoast_head_json":{"title":"HD Graveskovl 240L med tand - 700mm - S50 - EMA Sverige","description":"HD Graveskovl 240L med tand - 700mm - S50 Slidbeskyttelse p\u00e5 siden, front, bund og slidribber i 450 HARDOX. Sk\u00e5ret i 500 Brinell BOROX","robots":{"index":"index","follow":"follow","max-snippet":"max-snippet:-1","max-image-preview":"max-image-preview:large","max-video-preview":"max-video-preview:-1"},"canonical":"https:\/\/emasweden.com\/da\/produkt\/hd-dyb-skovl-240l-med-tand-700mm-s50\/","og_locale":"da_DK","og_type":"article","og_title":"HD Graveskovl 240L med tand - 700mm - S50 - EMA Sverige","og_description":"HD Graveskovl 240L med tand - 700mm - S50 Slidbeskyttelse p\u00e5 siden, front, bund og slidribber i 450 HARDOX. Sk\u00e5ret i 500 Brinell BOROX","og_url":"https:\/\/emasweden.com\/da\/produkt\/hd-dyb-skovl-240l-med-tand-700mm-s50\/","og_site_name":"EMA Sverige","article_modified_time":"2025-10-02T11:42:12+00:00","og_image":[{"width":1000,"height":750,"url":"https:\/\/emasweden.com\/wp-content\/uploads\/2021\/04\/7291068_1-1.jpg","type":"image\/jpeg"}],"twitter_card":"summary_large_image","twitter_misc":{"Estimeret l\u00e6setid":"1 minut"},"schema":{"@context":"https:\/\/schema.org","@graph":[{"@type":"WebPage","@id":"https:\/\/emasweden.com\/da\/produkt\/hd-dyb-skovl-240l-med-tand-700mm-s50\/","url":"https:\/\/emasweden.com\/da\/produkt\/hd-dyb-skovl-240l-med-tand-700mm-s50\/","name":"HD Graveskovl 240L med tand - 700mm - S50 - EMA Sverige","isPartOf":{"@id":"https:\/\/emasweden.com\/da\/#website"},"primaryImageOfPage":{"@id":"https:\/\/emasweden.com\/da\/produkt\/hd-dyb-skovl-240l-med-tand-700mm-s50\/#primaryimage"},"image":{"@id":"https:\/\/emasweden.com\/da\/produkt\/hd-dyb-skovl-240l-med-tand-700mm-s50\/#primaryimage"},"thumbnailUrl":"https:\/\/emasweden.com\/wp-content\/uploads\/2021\/04\/7291068_1-1.jpg","datePublished":"2021-01-20T14:36:39+00:00","dateModified":"2025-10-02T11:42:12+00:00","description":"HD Graveskovl 240L med tand - 700mm - S50 Slidbeskyttelse p\u00e5 siden, front, bund og slidribber i 450 HARDOX. Sk\u00e5ret i 500 Brinell BOROX","breadcrumb":{"@id":"https:\/\/emasweden.com\/da\/produkt\/hd-dyb-skovl-240l-med-tand-700mm-s50\/#breadcrumb"},"inLanguage":"da-DK","potentialAction":[{"@type":"ReadAction","target":["https:\/\/emasweden.com\/da\/produkt\/hd-dyb-skovl-240l-med-tand-700mm-s50\/"]}]},{"@type":"ImageObject","inLanguage":"da-DK","@id":"https:\/\/emasweden.com\/da\/produkt\/hd-dyb-skovl-240l-med-tand-700mm-s50\/#primaryimage","url":"https:\/\/emasweden.com\/wp-content\/uploads\/2021\/04\/7291068_1-1.jpg","contentUrl":"https:\/\/emasweden.com\/wp-content\/uploads\/2021\/04\/7291068_1-1.jpg","width":1000,"height":750},{"@type":"BreadcrumbList","@id":"https:\/\/emasweden.com\/da\/produkt\/hd-dyb-skovl-240l-med-tand-700mm-s50\/#breadcrumb","itemListElement":[{"@type":"ListItem","position":1,"name":"Hem","item":"https:\/\/emasweden.com\/da\/"},{"@type":"ListItem","position":2,"name":"Produktsortiment","item":"https:\/\/emasweden.com\/da\/produktsortiment-2\/"},{"@type":"ListItem","position":3,"name":"HD Graveskovl 240L med tand &#8211; 700mm &#8211; S50"}]},{"@type":"WebSite","@id":"https:\/\/emasweden.com\/da\/#website","url":"https:\/\/emasweden.com\/da\/","name":"EMA Sverige","description":"","potentialAction":[{"@type":"SearchAction","target":{"@type":"EntryPoint","urlTemplate":"https:\/\/emasweden.com\/da\/?s={search_term_string}"},"query-input":{"@type":"PropertyValueSpecification","valueRequired":true,"valueName":"search_term_string"}}],"inLanguage":"da-DK"}]}},"_links":{"self":[{"href":"https:\/\/emasweden.com\/da\/wp-json\/wp\/v2\/product\/18828","targetHints":{"allow":["GET"]}}],"collection":[{"href":"https:\/\/emasweden.com\/da\/wp-json\/wp\/v2\/product"}],"about":[{"href":"https:\/\/emasweden.com\/da\/wp-json\/wp\/v2\/types\/product"}],"wp:featuredmedia":[{"embeddable":true,"href":"https:\/\/emasweden.com\/da\/wp-json\/wp\/v2\/media\/18829"}],"wp:attachment":[{"href":"https:\/\/emasweden.com\/da\/wp-json\/wp\/v2\/media?parent=18828"}],"wp:term":[{"taxonomy":"product_brand","embeddable":true,"href":"https:\/\/emasweden.com\/da\/wp-json\/wp\/v2\/product_brand?post=18828"},{"taxonomy":"product_cat","embeddable":true,"href":"https:\/\/emasweden.com\/da\/wp-json\/wp\/v2\/product_cat?post=18828"},{"taxonomy":"product_tag","embeddable":true,"href":"https:\/\/emasweden.com\/da\/wp-json\/wp\/v2\/product_tag?post=18828"},{"taxonomy":"faste-y","embeddable":true,"href":"https:\/\/emasweden.com\/da\/wp-json\/wp\/v2\/faste-y?post=18828"}],"curies":[{"name":"wp","href":"https:\/\/api.w.org\/{rel}","templated":true}]}}