{"id":18900,"date":"2021-01-20T15:37:24","date_gmt":"2021-01-20T14:37:24","guid":{"rendered":"https:\/\/emasweden.com\/produkt\/hdr-klippeskovl-4200l-deltablad-5stk-j600-taender-2240mm-smp155\/"},"modified":"2025-10-01T13:41:39","modified_gmt":"2025-10-01T11:41:39","slug":"hdr-klippeskovl-4200l-deltablad-5stk-j600-taender-2240mm-smp155","status":"publish","type":"product","link":"https:\/\/emasweden.com\/da\/produkt\/hdr-klippeskovl-4200l-deltablad-5stk-j600-taender-2240mm-smp155\/","title":{"rendered":"HDR klippeskovl 4200L deltablad &#8211; 5stk J600 t\u00e6nder &#8211; 2240mm &#8211; SMP155"},"content":{"rendered":"<p>HDR klippeskovl 4200L deltablad &#8211; 6 J600 t\u00e6nder &#8211; 2240mm &#8211; SMP155 &#8211; Heavy Duty Rock, skovle i HDR-serien er bygget i de meget holdbare materialer Hardox 450 og 500. Produkterne i denne serie er meget robuste og designet til at arbejde s\u00e5 effektivt som muligt i h\u00e5rde milj\u00f8er. Slidpladerne er placeret p\u00e5 de mest udsatte dele, alt sammen for at beskytte den grundl\u00e6ggende struktur til enhver tid. Skovlene i denne serie kan ogs\u00e5 tilpasses efter individuelle behov.   <\/p>\n<p>&#8211; Sk\u00e5ret i HARDOX 500<br \/>\n<br \/>&#8211; Bund, kanter, ramme og sider i <a href=\"https:\/\/www.ssab.com\/products\/brands\/hardox\/products\/hardox-450\" target=\"_blank\" rel=\"noopener\">HARDOX<\/a> 450<br \/>\n<br \/>&#8211; Ekstra slidbeskyttelse b\u00e5de over og under tandholderen<br \/>\n<br \/>&#8211; M\u00e6lket\u00e6nder som standard<br \/>\n<br \/>&#8211; Indvendige og udvendige slidlister i <a href=\"https:\/\/www.ssab.com\/products\/brands\/hardox\/products\/hardox-500\" target=\"_blank\" rel=\"noopener\">HARDOX<\/a> 500<br \/>\n<br \/>&#8211; Lige eller delt snit\n<\/ul>\n","protected":false},"excerpt":{"rendered":"<p>HDR klippeskovl 4200L deltablad &#8211; 6 J600 t\u00e6nder &#8211; 2240mm &#8211; SMP155 &#8211; Heavy Duty Rock, skovle i HDR-serien er bygget i de meget holdbare materialer Hardox 450 og 500. Produkterne i denne serie er meget robuste og designet til at arbejde s\u00e5 effektivt som muligt i h\u00e5rde milj\u00f8er. Slidpladerne er placeret p\u00e5 de mest [&hellip;]<\/p>\n","protected":false},"featured_media":21600,"template":"","meta":{"_monsterinsights_skip_tracking":false,"_monsterinsights_sitenote_active":false,"_monsterinsights_sitenote_note":"","_monsterinsights_sitenote_category":0},"product_brand":[],"product_cat":[4682],"product_tag":[],"faste-y":[],"class_list":{"0":"post-18900","1":"product","2":"type-product","3":"status-publish","4":"has-post-thumbnail","6":"product_cat-stenskovl","7":"pa_antal-tander-5-stk","8":"pa_max-bredd-2240mm","9":"pa_skar-70x680-500mm","10":"pa_tand-j600","11":"pa_vikt-5360-kg","13":"first","14":"instock","15":"purchasable","16":"product-type-simple"},"yoast_head":"<!-- This site is optimized with the Yoast SEO plugin v27.3 - https:\/\/yoast.com\/product\/yoast-seo-wordpress\/ -->\n<title>HDR klippeskovl 4200L deltablad - 5stk J600 t\u00e6nder - 2240mm - SMP155 - EMA Sverige<\/title>\n<meta name=\"description\" content=\"HDR Klippeskovl 4200L delta - 6 J600 t\u00e6nder - 2240mm - SMP155 Indvendige og udvendige ribber i HARDOX 500, bund, kanter, ramme og sider i HARDOX 450\" \/>\n<meta name=\"robots\" content=\"index, follow, max-snippet:-1, max-image-preview:large, max-video-preview:-1\" \/>\n<link rel=\"canonical\" href=\"https:\/\/emasweden.com\/da\/produkt\/hdr-klippeskovl-4200l-deltablad-5stk-j600-taender-2240mm-smp155\/\" \/>\n<meta property=\"og:locale\" content=\"da_DK\" \/>\n<meta property=\"og:type\" content=\"article\" \/>\n<meta property=\"og:title\" content=\"HDR klippeskovl 4200L deltablad - 5stk J600 t\u00e6nder - 2240mm - SMP155 - EMA Sverige\" \/>\n<meta property=\"og:description\" content=\"HDR Klippeskovl 4200L delta - 6 J600 t\u00e6nder - 2240mm - SMP155 Indvendige og udvendige ribber i HARDOX 500, bund, kanter, ramme og sider i HARDOX 450\" \/>\n<meta property=\"og:url\" content=\"https:\/\/emasweden.com\/da\/produkt\/hdr-klippeskovl-4200l-deltablad-5stk-j600-taender-2240mm-smp155\/\" \/>\n<meta property=\"og:site_name\" content=\"EMA Sverige\" \/>\n<meta property=\"article:modified_time\" content=\"2025-10-01T11:41:39+00:00\" \/>\n<meta property=\"og:image\" content=\"https:\/\/emasweden.com\/wp-content\/uploads\/2021\/01\/7291169_1.jpg\" \/>\n\t<meta property=\"og:image:width\" content=\"1000\" \/>\n\t<meta property=\"og:image:height\" content=\"750\" \/>\n\t<meta property=\"og:image:type\" content=\"image\/jpeg\" \/>\n<meta name=\"twitter:card\" content=\"summary_large_image\" \/>\n<meta name=\"twitter:label1\" content=\"Estimeret l\u00e6setid\" \/>\n\t<meta name=\"twitter:data1\" content=\"1 minut\" \/>\n<script type=\"application\/ld+json\" class=\"yoast-schema-graph\">{\"@context\":\"https:\\\/\\\/schema.org\",\"@graph\":[{\"@type\":\"WebPage\",\"@id\":\"https:\\\/\\\/emasweden.com\\\/da\\\/produkt\\\/hdr-klippeskovl-4200l-deltablad-5stk-j600-taender-2240mm-smp155\\\/\",\"url\":\"https:\\\/\\\/emasweden.com\\\/da\\\/produkt\\\/hdr-klippeskovl-4200l-deltablad-5stk-j600-taender-2240mm-smp155\\\/\",\"name\":\"HDR klippeskovl 4200L deltablad - 5stk J600 t\u00e6nder - 2240mm - SMP155 - EMA Sverige\",\"isPartOf\":{\"@id\":\"https:\\\/\\\/emasweden.com\\\/da\\\/#website\"},\"primaryImageOfPage\":{\"@id\":\"https:\\\/\\\/emasweden.com\\\/da\\\/produkt\\\/hdr-klippeskovl-4200l-deltablad-5stk-j600-taender-2240mm-smp155\\\/#primaryimage\"},\"image\":{\"@id\":\"https:\\\/\\\/emasweden.com\\\/da\\\/produkt\\\/hdr-klippeskovl-4200l-deltablad-5stk-j600-taender-2240mm-smp155\\\/#primaryimage\"},\"thumbnailUrl\":\"https:\\\/\\\/emasweden.com\\\/wp-content\\\/uploads\\\/2021\\\/01\\\/7291169_1.jpg\",\"datePublished\":\"2021-01-20T14:37:24+00:00\",\"dateModified\":\"2025-10-01T11:41:39+00:00\",\"description\":\"HDR Klippeskovl 4200L delta - 6 J600 t\u00e6nder - 2240mm - SMP155 Indvendige og udvendige ribber i HARDOX 500, bund, kanter, ramme og sider i HARDOX 450\",\"breadcrumb\":{\"@id\":\"https:\\\/\\\/emasweden.com\\\/da\\\/produkt\\\/hdr-klippeskovl-4200l-deltablad-5stk-j600-taender-2240mm-smp155\\\/#breadcrumb\"},\"inLanguage\":\"da-DK\",\"potentialAction\":[{\"@type\":\"ReadAction\",\"target\":[\"https:\\\/\\\/emasweden.com\\\/da\\\/produkt\\\/hdr-klippeskovl-4200l-deltablad-5stk-j600-taender-2240mm-smp155\\\/\"]}]},{\"@type\":\"ImageObject\",\"inLanguage\":\"da-DK\",\"@id\":\"https:\\\/\\\/emasweden.com\\\/da\\\/produkt\\\/hdr-klippeskovl-4200l-deltablad-5stk-j600-taender-2240mm-smp155\\\/#primaryimage\",\"url\":\"https:\\\/\\\/emasweden.com\\\/wp-content\\\/uploads\\\/2021\\\/01\\\/7291169_1.jpg\",\"contentUrl\":\"https:\\\/\\\/emasweden.com\\\/wp-content\\\/uploads\\\/2021\\\/01\\\/7291169_1.jpg\",\"width\":1000,\"height\":750,\"caption\":\"HDR Bergskopa 4200L deltask\u00e4r - 6st J600 t\u00e4nder - 2240mm - S120\"},{\"@type\":\"BreadcrumbList\",\"@id\":\"https:\\\/\\\/emasweden.com\\\/da\\\/produkt\\\/hdr-klippeskovl-4200l-deltablad-5stk-j600-taender-2240mm-smp155\\\/#breadcrumb\",\"itemListElement\":[{\"@type\":\"ListItem\",\"position\":1,\"name\":\"Hem\",\"item\":\"https:\\\/\\\/emasweden.com\\\/da\\\/\"},{\"@type\":\"ListItem\",\"position\":2,\"name\":\"Produktsortiment\",\"item\":\"https:\\\/\\\/emasweden.com\\\/da\\\/produktsortiment-2\\\/\"},{\"@type\":\"ListItem\",\"position\":3,\"name\":\"HDR klippeskovl 4200L deltablad &#8211; 5stk J600 t\u00e6nder &#8211; 2240mm &#8211; SMP155\"}]},{\"@type\":\"WebSite\",\"@id\":\"https:\\\/\\\/emasweden.com\\\/da\\\/#website\",\"url\":\"https:\\\/\\\/emasweden.com\\\/da\\\/\",\"name\":\"EMA Sverige\",\"description\":\"\",\"potentialAction\":[{\"@type\":\"SearchAction\",\"target\":{\"@type\":\"EntryPoint\",\"urlTemplate\":\"https:\\\/\\\/emasweden.com\\\/da\\\/?s={search_term_string}\"},\"query-input\":{\"@type\":\"PropertyValueSpecification\",\"valueRequired\":true,\"valueName\":\"search_term_string\"}}],\"inLanguage\":\"da-DK\"}]}<\/script>\n<!-- \/ Yoast SEO plugin. -->","yoast_head_json":{"title":"HDR klippeskovl 4200L deltablad - 5stk J600 t\u00e6nder - 2240mm - SMP155 - EMA Sverige","description":"HDR Klippeskovl 4200L delta - 6 J600 t\u00e6nder - 2240mm - SMP155 Indvendige og udvendige ribber i HARDOX 500, bund, kanter, ramme og sider i HARDOX 450","robots":{"index":"index","follow":"follow","max-snippet":"max-snippet:-1","max-image-preview":"max-image-preview:large","max-video-preview":"max-video-preview:-1"},"canonical":"https:\/\/emasweden.com\/da\/produkt\/hdr-klippeskovl-4200l-deltablad-5stk-j600-taender-2240mm-smp155\/","og_locale":"da_DK","og_type":"article","og_title":"HDR klippeskovl 4200L deltablad - 5stk J600 t\u00e6nder - 2240mm - SMP155 - EMA Sverige","og_description":"HDR Klippeskovl 4200L delta - 6 J600 t\u00e6nder - 2240mm - SMP155 Indvendige og udvendige ribber i HARDOX 500, bund, kanter, ramme og sider i HARDOX 450","og_url":"https:\/\/emasweden.com\/da\/produkt\/hdr-klippeskovl-4200l-deltablad-5stk-j600-taender-2240mm-smp155\/","og_site_name":"EMA Sverige","article_modified_time":"2025-10-01T11:41:39+00:00","og_image":[{"width":1000,"height":750,"url":"https:\/\/emasweden.com\/wp-content\/uploads\/2021\/01\/7291169_1.jpg","type":"image\/jpeg"}],"twitter_card":"summary_large_image","twitter_misc":{"Estimeret l\u00e6setid":"1 minut"},"schema":{"@context":"https:\/\/schema.org","@graph":[{"@type":"WebPage","@id":"https:\/\/emasweden.com\/da\/produkt\/hdr-klippeskovl-4200l-deltablad-5stk-j600-taender-2240mm-smp155\/","url":"https:\/\/emasweden.com\/da\/produkt\/hdr-klippeskovl-4200l-deltablad-5stk-j600-taender-2240mm-smp155\/","name":"HDR klippeskovl 4200L deltablad - 5stk J600 t\u00e6nder - 2240mm - SMP155 - EMA Sverige","isPartOf":{"@id":"https:\/\/emasweden.com\/da\/#website"},"primaryImageOfPage":{"@id":"https:\/\/emasweden.com\/da\/produkt\/hdr-klippeskovl-4200l-deltablad-5stk-j600-taender-2240mm-smp155\/#primaryimage"},"image":{"@id":"https:\/\/emasweden.com\/da\/produkt\/hdr-klippeskovl-4200l-deltablad-5stk-j600-taender-2240mm-smp155\/#primaryimage"},"thumbnailUrl":"https:\/\/emasweden.com\/wp-content\/uploads\/2021\/01\/7291169_1.jpg","datePublished":"2021-01-20T14:37:24+00:00","dateModified":"2025-10-01T11:41:39+00:00","description":"HDR Klippeskovl 4200L delta - 6 J600 t\u00e6nder - 2240mm - SMP155 Indvendige og udvendige ribber i HARDOX 500, bund, kanter, ramme og sider i HARDOX 450","breadcrumb":{"@id":"https:\/\/emasweden.com\/da\/produkt\/hdr-klippeskovl-4200l-deltablad-5stk-j600-taender-2240mm-smp155\/#breadcrumb"},"inLanguage":"da-DK","potentialAction":[{"@type":"ReadAction","target":["https:\/\/emasweden.com\/da\/produkt\/hdr-klippeskovl-4200l-deltablad-5stk-j600-taender-2240mm-smp155\/"]}]},{"@type":"ImageObject","inLanguage":"da-DK","@id":"https:\/\/emasweden.com\/da\/produkt\/hdr-klippeskovl-4200l-deltablad-5stk-j600-taender-2240mm-smp155\/#primaryimage","url":"https:\/\/emasweden.com\/wp-content\/uploads\/2021\/01\/7291169_1.jpg","contentUrl":"https:\/\/emasweden.com\/wp-content\/uploads\/2021\/01\/7291169_1.jpg","width":1000,"height":750,"caption":"HDR Bergskopa 4200L deltask\u00e4r - 6st J600 t\u00e4nder - 2240mm - S120"},{"@type":"BreadcrumbList","@id":"https:\/\/emasweden.com\/da\/produkt\/hdr-klippeskovl-4200l-deltablad-5stk-j600-taender-2240mm-smp155\/#breadcrumb","itemListElement":[{"@type":"ListItem","position":1,"name":"Hem","item":"https:\/\/emasweden.com\/da\/"},{"@type":"ListItem","position":2,"name":"Produktsortiment","item":"https:\/\/emasweden.com\/da\/produktsortiment-2\/"},{"@type":"ListItem","position":3,"name":"HDR klippeskovl 4200L deltablad &#8211; 5stk J600 t\u00e6nder &#8211; 2240mm &#8211; SMP155"}]},{"@type":"WebSite","@id":"https:\/\/emasweden.com\/da\/#website","url":"https:\/\/emasweden.com\/da\/","name":"EMA Sverige","description":"","potentialAction":[{"@type":"SearchAction","target":{"@type":"EntryPoint","urlTemplate":"https:\/\/emasweden.com\/da\/?s={search_term_string}"},"query-input":{"@type":"PropertyValueSpecification","valueRequired":true,"valueName":"search_term_string"}}],"inLanguage":"da-DK"}]}},"_links":{"self":[{"href":"https:\/\/emasweden.com\/da\/wp-json\/wp\/v2\/product\/18900","targetHints":{"allow":["GET"]}}],"collection":[{"href":"https:\/\/emasweden.com\/da\/wp-json\/wp\/v2\/product"}],"about":[{"href":"https:\/\/emasweden.com\/da\/wp-json\/wp\/v2\/types\/product"}],"wp:featuredmedia":[{"embeddable":true,"href":"https:\/\/emasweden.com\/da\/wp-json\/wp\/v2\/media\/21600"}],"wp:attachment":[{"href":"https:\/\/emasweden.com\/da\/wp-json\/wp\/v2\/media?parent=18900"}],"wp:term":[{"taxonomy":"product_brand","embeddable":true,"href":"https:\/\/emasweden.com\/da\/wp-json\/wp\/v2\/product_brand?post=18900"},{"taxonomy":"product_cat","embeddable":true,"href":"https:\/\/emasweden.com\/da\/wp-json\/wp\/v2\/product_cat?post=18900"},{"taxonomy":"product_tag","embeddable":true,"href":"https:\/\/emasweden.com\/da\/wp-json\/wp\/v2\/product_tag?post=18900"},{"taxonomy":"faste-y","embeddable":true,"href":"https:\/\/emasweden.com\/da\/wp-json\/wp\/v2\/faste-y?post=18900"}],"curies":[{"name":"wp","href":"https:\/\/api.w.org\/{rel}","templated":true}]}}