{"id":18929,"date":"2021-01-20T15:37:36","date_gmt":"2021-01-20T14:37:36","guid":{"rendered":"https:\/\/emasweden.com\/produkt\/hdr-mountain-skovl-3200l-5stk-j550-taender-2040mm-s90\/"},"modified":"2025-10-01T13:42:12","modified_gmt":"2025-10-01T11:42:12","slug":"hdr-mountain-skovl-3200l-5stk-j550-taender-2040mm-s90","status":"publish","type":"product","link":"https:\/\/emasweden.com\/da\/produkt\/hdr-mountain-skovl-3200l-5stk-j550-taender-2040mm-s90\/","title":{"rendered":"HDR Mountain skovl 3200L &#8211; 5stk J550 t\u00e6nder &#8211; 2040mm &#8211; S90"},"content":{"rendered":"<p>HDR klippeskovl 3200L &#8211; 5 stk J550 t\u00e6nder &#8211; 2040mm &#8211; S90 &#8211; Heavy Duty Rock, skovle i HDR-serien er bygget i de meget holdbare materialer Hardox 450 og 500. Produkterne i denne serie er meget robuste og designet til at arbejde s\u00e5 effektivt som muligt i h\u00e5rde milj\u00f8er. Slidpladerne er placeret p\u00e5 de mest udsatte dele, alt sammen for at beskytte den grundl\u00e6ggende struktur til enhver tid. Skovlene i denne serie kan ogs\u00e5 tilpasses efter individuelle behov.   <\/p>\n<p>&#8211; Sk\u00e5ret i HARDOX 500<br \/>\n<br \/>&#8211; Bund, kanter, ramme og sider i <a href=\"https:\/\/www.ssab.com\/products\/brands\/hardox\/products\/hardox-450\" target=\"_blank\" rel=\"noopener\">HARDOX<\/a> 450<br \/>\n<br \/>&#8211; Ekstra slidbeskyttelse b\u00e5de over og under tandholderen<br \/>\n<br \/>&#8211; M\u00e6lket\u00e6nder som standard<br \/>\n<br \/>&#8211; Indvendige og udvendige slidlister i <a href=\"https:\/\/www.ssab.com\/products\/brands\/hardox\/products\/hardox-500\" target=\"_blank\" rel=\"noopener\">HARDOX<\/a> 500<br \/>\n<br \/>&#8211; Lige eller delt snit\n<\/ul>\n","protected":false},"excerpt":{"rendered":"<p>HDR klippeskovl 3200L &#8211; 5 stk J550 t\u00e6nder &#8211; 2040mm &#8211; S90 &#8211; Heavy Duty Rock, skovle i HDR-serien er bygget i de meget holdbare materialer Hardox 450 og 500. Produkterne i denne serie er meget robuste og designet til at arbejde s\u00e5 effektivt som muligt i h\u00e5rde milj\u00f8er. Slidpladerne er placeret p\u00e5 de mest [&hellip;]<\/p>\n","protected":false},"featured_media":21553,"template":"","meta":{"_monsterinsights_skip_tracking":false,"_monsterinsights_sitenote_active":false,"_monsterinsights_sitenote_note":"","_monsterinsights_sitenote_category":0},"product_brand":[],"product_cat":[4682],"product_tag":[],"faste-y":[],"class_list":{"0":"post-18929","1":"product","2":"type-product","3":"status-publish","4":"has-post-thumbnail","6":"product_cat-stenskovl","7":"pa_antal-tander-5-stk","8":"pa_max-bredd-2040mm","9":"pa_skar-60x450mm","10":"pa_tand-j550","11":"pa_vikt-3545-kg","13":"first","14":"instock","15":"purchasable","16":"product-type-simple"},"yoast_head":"<!-- This site is optimized with the Yoast SEO plugin v27.3 - https:\/\/yoast.com\/product\/yoast-seo-wordpress\/ -->\n<title>HDR Mountain skovl 3200L - 5stk J550 t\u00e6nder - 2040mm - S90 - EMA Sverige<\/title>\n<meta name=\"description\" content=\"HDR Klippeskovl 3200L - 5 J550 t\u00e6nder - 2040mm - S90 Indvendige og udvendige ribber i HARDOX 500, bund, kanter, ramme og sider i HARDOX 450\" \/>\n<meta name=\"robots\" content=\"index, follow, max-snippet:-1, max-image-preview:large, max-video-preview:-1\" \/>\n<link rel=\"canonical\" href=\"https:\/\/emasweden.com\/da\/produkt\/hdr-mountain-skovl-3200l-5stk-j550-taender-2040mm-s90\/\" \/>\n<meta property=\"og:locale\" content=\"da_DK\" \/>\n<meta property=\"og:type\" content=\"article\" \/>\n<meta property=\"og:title\" content=\"HDR Mountain skovl 3200L - 5stk J550 t\u00e6nder - 2040mm - S90 - EMA Sverige\" \/>\n<meta property=\"og:description\" content=\"HDR Klippeskovl 3200L - 5 J550 t\u00e6nder - 2040mm - S90 Indvendige og udvendige ribber i HARDOX 500, bund, kanter, ramme og sider i HARDOX 450\" \/>\n<meta property=\"og:url\" content=\"https:\/\/emasweden.com\/da\/produkt\/hdr-mountain-skovl-3200l-5stk-j550-taender-2040mm-s90\/\" \/>\n<meta property=\"og:site_name\" content=\"EMA Sverige\" \/>\n<meta property=\"article:modified_time\" content=\"2025-10-01T11:42:12+00:00\" \/>\n<meta property=\"og:image\" content=\"https:\/\/emasweden.com\/wp-content\/uploads\/2021\/01\/7291171_1.jpg\" \/>\n\t<meta property=\"og:image:width\" content=\"1000\" \/>\n\t<meta property=\"og:image:height\" content=\"750\" \/>\n\t<meta property=\"og:image:type\" content=\"image\/jpeg\" \/>\n<meta name=\"twitter:card\" content=\"summary_large_image\" \/>\n<meta name=\"twitter:label1\" content=\"Estimeret l\u00e6setid\" \/>\n\t<meta name=\"twitter:data1\" content=\"1 minut\" \/>\n<script type=\"application\/ld+json\" class=\"yoast-schema-graph\">{\"@context\":\"https:\\\/\\\/schema.org\",\"@graph\":[{\"@type\":\"WebPage\",\"@id\":\"https:\\\/\\\/emasweden.com\\\/da\\\/produkt\\\/hdr-mountain-skovl-3200l-5stk-j550-taender-2040mm-s90\\\/\",\"url\":\"https:\\\/\\\/emasweden.com\\\/da\\\/produkt\\\/hdr-mountain-skovl-3200l-5stk-j550-taender-2040mm-s90\\\/\",\"name\":\"HDR Mountain skovl 3200L - 5stk J550 t\u00e6nder - 2040mm - S90 - EMA Sverige\",\"isPartOf\":{\"@id\":\"https:\\\/\\\/emasweden.com\\\/da\\\/#website\"},\"primaryImageOfPage\":{\"@id\":\"https:\\\/\\\/emasweden.com\\\/da\\\/produkt\\\/hdr-mountain-skovl-3200l-5stk-j550-taender-2040mm-s90\\\/#primaryimage\"},\"image\":{\"@id\":\"https:\\\/\\\/emasweden.com\\\/da\\\/produkt\\\/hdr-mountain-skovl-3200l-5stk-j550-taender-2040mm-s90\\\/#primaryimage\"},\"thumbnailUrl\":\"https:\\\/\\\/emasweden.com\\\/wp-content\\\/uploads\\\/2021\\\/01\\\/7291171_1.jpg\",\"datePublished\":\"2021-01-20T14:37:36+00:00\",\"dateModified\":\"2025-10-01T11:42:12+00:00\",\"description\":\"HDR Klippeskovl 3200L - 5 J550 t\u00e6nder - 2040mm - S90 Indvendige og udvendige ribber i HARDOX 500, bund, kanter, ramme og sider i HARDOX 450\",\"breadcrumb\":{\"@id\":\"https:\\\/\\\/emasweden.com\\\/da\\\/produkt\\\/hdr-mountain-skovl-3200l-5stk-j550-taender-2040mm-s90\\\/#breadcrumb\"},\"inLanguage\":\"da-DK\",\"potentialAction\":[{\"@type\":\"ReadAction\",\"target\":[\"https:\\\/\\\/emasweden.com\\\/da\\\/produkt\\\/hdr-mountain-skovl-3200l-5stk-j550-taender-2040mm-s90\\\/\"]}]},{\"@type\":\"ImageObject\",\"inLanguage\":\"da-DK\",\"@id\":\"https:\\\/\\\/emasweden.com\\\/da\\\/produkt\\\/hdr-mountain-skovl-3200l-5stk-j550-taender-2040mm-s90\\\/#primaryimage\",\"url\":\"https:\\\/\\\/emasweden.com\\\/wp-content\\\/uploads\\\/2021\\\/01\\\/7291171_1.jpg\",\"contentUrl\":\"https:\\\/\\\/emasweden.com\\\/wp-content\\\/uploads\\\/2021\\\/01\\\/7291171_1.jpg\",\"width\":1000,\"height\":750},{\"@type\":\"BreadcrumbList\",\"@id\":\"https:\\\/\\\/emasweden.com\\\/da\\\/produkt\\\/hdr-mountain-skovl-3200l-5stk-j550-taender-2040mm-s90\\\/#breadcrumb\",\"itemListElement\":[{\"@type\":\"ListItem\",\"position\":1,\"name\":\"Hem\",\"item\":\"https:\\\/\\\/emasweden.com\\\/da\\\/\"},{\"@type\":\"ListItem\",\"position\":2,\"name\":\"Produktsortiment\",\"item\":\"https:\\\/\\\/emasweden.com\\\/da\\\/produktsortiment-2\\\/\"},{\"@type\":\"ListItem\",\"position\":3,\"name\":\"HDR Mountain skovl 3200L &#8211; 5stk J550 t\u00e6nder &#8211; 2040mm &#8211; S90\"}]},{\"@type\":\"WebSite\",\"@id\":\"https:\\\/\\\/emasweden.com\\\/da\\\/#website\",\"url\":\"https:\\\/\\\/emasweden.com\\\/da\\\/\",\"name\":\"EMA Sverige\",\"description\":\"\",\"potentialAction\":[{\"@type\":\"SearchAction\",\"target\":{\"@type\":\"EntryPoint\",\"urlTemplate\":\"https:\\\/\\\/emasweden.com\\\/da\\\/?s={search_term_string}\"},\"query-input\":{\"@type\":\"PropertyValueSpecification\",\"valueRequired\":true,\"valueName\":\"search_term_string\"}}],\"inLanguage\":\"da-DK\"}]}<\/script>\n<!-- \/ Yoast SEO plugin. -->","yoast_head_json":{"title":"HDR Mountain skovl 3200L - 5stk J550 t\u00e6nder - 2040mm - S90 - EMA Sverige","description":"HDR Klippeskovl 3200L - 5 J550 t\u00e6nder - 2040mm - S90 Indvendige og udvendige ribber i HARDOX 500, bund, kanter, ramme og sider i HARDOX 450","robots":{"index":"index","follow":"follow","max-snippet":"max-snippet:-1","max-image-preview":"max-image-preview:large","max-video-preview":"max-video-preview:-1"},"canonical":"https:\/\/emasweden.com\/da\/produkt\/hdr-mountain-skovl-3200l-5stk-j550-taender-2040mm-s90\/","og_locale":"da_DK","og_type":"article","og_title":"HDR Mountain skovl 3200L - 5stk J550 t\u00e6nder - 2040mm - S90 - EMA Sverige","og_description":"HDR Klippeskovl 3200L - 5 J550 t\u00e6nder - 2040mm - S90 Indvendige og udvendige ribber i HARDOX 500, bund, kanter, ramme og sider i HARDOX 450","og_url":"https:\/\/emasweden.com\/da\/produkt\/hdr-mountain-skovl-3200l-5stk-j550-taender-2040mm-s90\/","og_site_name":"EMA Sverige","article_modified_time":"2025-10-01T11:42:12+00:00","og_image":[{"width":1000,"height":750,"url":"https:\/\/emasweden.com\/wp-content\/uploads\/2021\/01\/7291171_1.jpg","type":"image\/jpeg"}],"twitter_card":"summary_large_image","twitter_misc":{"Estimeret l\u00e6setid":"1 minut"},"schema":{"@context":"https:\/\/schema.org","@graph":[{"@type":"WebPage","@id":"https:\/\/emasweden.com\/da\/produkt\/hdr-mountain-skovl-3200l-5stk-j550-taender-2040mm-s90\/","url":"https:\/\/emasweden.com\/da\/produkt\/hdr-mountain-skovl-3200l-5stk-j550-taender-2040mm-s90\/","name":"HDR Mountain skovl 3200L - 5stk J550 t\u00e6nder - 2040mm - S90 - EMA Sverige","isPartOf":{"@id":"https:\/\/emasweden.com\/da\/#website"},"primaryImageOfPage":{"@id":"https:\/\/emasweden.com\/da\/produkt\/hdr-mountain-skovl-3200l-5stk-j550-taender-2040mm-s90\/#primaryimage"},"image":{"@id":"https:\/\/emasweden.com\/da\/produkt\/hdr-mountain-skovl-3200l-5stk-j550-taender-2040mm-s90\/#primaryimage"},"thumbnailUrl":"https:\/\/emasweden.com\/wp-content\/uploads\/2021\/01\/7291171_1.jpg","datePublished":"2021-01-20T14:37:36+00:00","dateModified":"2025-10-01T11:42:12+00:00","description":"HDR Klippeskovl 3200L - 5 J550 t\u00e6nder - 2040mm - S90 Indvendige og udvendige ribber i HARDOX 500, bund, kanter, ramme og sider i HARDOX 450","breadcrumb":{"@id":"https:\/\/emasweden.com\/da\/produkt\/hdr-mountain-skovl-3200l-5stk-j550-taender-2040mm-s90\/#breadcrumb"},"inLanguage":"da-DK","potentialAction":[{"@type":"ReadAction","target":["https:\/\/emasweden.com\/da\/produkt\/hdr-mountain-skovl-3200l-5stk-j550-taender-2040mm-s90\/"]}]},{"@type":"ImageObject","inLanguage":"da-DK","@id":"https:\/\/emasweden.com\/da\/produkt\/hdr-mountain-skovl-3200l-5stk-j550-taender-2040mm-s90\/#primaryimage","url":"https:\/\/emasweden.com\/wp-content\/uploads\/2021\/01\/7291171_1.jpg","contentUrl":"https:\/\/emasweden.com\/wp-content\/uploads\/2021\/01\/7291171_1.jpg","width":1000,"height":750},{"@type":"BreadcrumbList","@id":"https:\/\/emasweden.com\/da\/produkt\/hdr-mountain-skovl-3200l-5stk-j550-taender-2040mm-s90\/#breadcrumb","itemListElement":[{"@type":"ListItem","position":1,"name":"Hem","item":"https:\/\/emasweden.com\/da\/"},{"@type":"ListItem","position":2,"name":"Produktsortiment","item":"https:\/\/emasweden.com\/da\/produktsortiment-2\/"},{"@type":"ListItem","position":3,"name":"HDR Mountain skovl 3200L &#8211; 5stk J550 t\u00e6nder &#8211; 2040mm &#8211; S90"}]},{"@type":"WebSite","@id":"https:\/\/emasweden.com\/da\/#website","url":"https:\/\/emasweden.com\/da\/","name":"EMA Sverige","description":"","potentialAction":[{"@type":"SearchAction","target":{"@type":"EntryPoint","urlTemplate":"https:\/\/emasweden.com\/da\/?s={search_term_string}"},"query-input":{"@type":"PropertyValueSpecification","valueRequired":true,"valueName":"search_term_string"}}],"inLanguage":"da-DK"}]}},"_links":{"self":[{"href":"https:\/\/emasweden.com\/da\/wp-json\/wp\/v2\/product\/18929","targetHints":{"allow":["GET"]}}],"collection":[{"href":"https:\/\/emasweden.com\/da\/wp-json\/wp\/v2\/product"}],"about":[{"href":"https:\/\/emasweden.com\/da\/wp-json\/wp\/v2\/types\/product"}],"wp:featuredmedia":[{"embeddable":true,"href":"https:\/\/emasweden.com\/da\/wp-json\/wp\/v2\/media\/21553"}],"wp:attachment":[{"href":"https:\/\/emasweden.com\/da\/wp-json\/wp\/v2\/media?parent=18929"}],"wp:term":[{"taxonomy":"product_brand","embeddable":true,"href":"https:\/\/emasweden.com\/da\/wp-json\/wp\/v2\/product_brand?post=18929"},{"taxonomy":"product_cat","embeddable":true,"href":"https:\/\/emasweden.com\/da\/wp-json\/wp\/v2\/product_cat?post=18929"},{"taxonomy":"product_tag","embeddable":true,"href":"https:\/\/emasweden.com\/da\/wp-json\/wp\/v2\/product_tag?post=18929"},{"taxonomy":"faste-y","embeddable":true,"href":"https:\/\/emasweden.com\/da\/wp-json\/wp\/v2\/faste-y?post=18929"}],"curies":[{"name":"wp","href":"https:\/\/api.w.org\/{rel}","templated":true}]}}