{"id":18961,"date":"2021-01-20T15:37:54","date_gmt":"2021-01-20T14:37:54","guid":{"rendered":"https:\/\/emasweden.com\/produkt\/hd-dyb-skovl-1050l-med-tand-1100mm-b20\/"},"modified":"2025-10-02T13:43:25","modified_gmt":"2025-10-02T11:43:25","slug":"hd-dyb-skovl-1050l-med-tand-1100mm-b20","status":"publish","type":"product","link":"https:\/\/emasweden.com\/da\/produkt\/hd-dyb-skovl-1050l-med-tand-1100mm-b20\/","title":{"rendered":"HD Graveskovl 1050L med tand &#8211; 1100mm &#8211; B20"},"content":{"rendered":"<p>HD Graveskovl 1050L med tand &#8211; 1100mm &#8211; B20<\/p>\n<p>Graveskovlen (HD) er kraftv\u00e6rket i vores produktsortiment. Her er der ikke sparet p\u00e5 noget, n\u00e5r det g\u00e6lder materialer. Produkterne er udstyret med slidribber i bunden, og produkterne er ofte st\u00f8rre i st\u00f8rrelse.   Dette kraftv\u00e6rk bruges mest af brugere, der stiller meget h\u00f8je krav til deres produkter, og hvor de ofte arbejder i materialer og milj\u00f8er, der kr\u00e6ver det lille ekstra, n\u00e5r det g\u00e6lder holdbarhed. Denne kategori af spande er ofte tungere p\u00e5 grund af brugen af ekstra st\u00e5l, men det resulterer i en meget holdbar spand.<\/p>\n<p>&nbsp;<\/p>\n<p>HD Graveskovl 1050L med tand &#8211; 1100mm &#8211; B20<\/p>\n<ul>\n<li>Sk\u00e5ret i <a href=\"https:\/\/www.borox.se\/produkter\/skopst%C3%A5l\"><br \/>\n  <strong>500 Brinell BOROX<\/strong><br \/>\n<\/a><\/li>\n<li>Slidbeskyttelse i siden, forende, bund og slidribber i <a href=\"https:\/\/www.ssab.com\/sv-se\/varumarken-och-produkter\/hardox\/produktprogram\/450\"><br \/>\n  <strong>HARDOX 450<\/strong><br \/>\n<\/a><\/li>\n<li>CAT-tandsystem, det mest almindelige tandsystem til entrepren\u00f8rmaskiner i Sverige<\/li>\n<li>Skovlen er udviklet sammen med maskinf\u00f8rere<\/li>\n<\/ul>\n<p>&nbsp;<\/p>\n<p><a href=\"https:\/\/emasweden.com\/da\/produkt-kategori\/gravemaskine\/dybde-spand\/\"><strong>Se andre Depth scoops!<\/strong><\/a><\/p>\n","protected":false},"excerpt":{"rendered":"<p>HD Graveskovl 1050L med tand &#8211; 1100mm &#8211; B20 Graveskovlen (HD) er kraftv\u00e6rket i vores produktsortiment. Her er der ikke sparet p\u00e5 noget, n\u00e5r det g\u00e6lder materialer. Produkterne er udstyret med slidribber i bunden, og produkterne er ofte st\u00f8rre i st\u00f8rrelse. Dette kraftv\u00e6rk bruges mest af brugere, der stiller meget h\u00f8je krav til deres produkter, [&hellip;]<\/p>\n","protected":false},"featured_media":21626,"template":"","meta":{"_monsterinsights_skip_tracking":false,"_monsterinsights_sitenote_active":false,"_monsterinsights_sitenote_note":"","_monsterinsights_sitenote_category":0},"product_brand":[],"product_cat":[3320],"product_tag":[],"faste-y":[],"class_list":{"0":"post-18961","1":"product","2":"type-product","3":"status-publish","4":"has-post-thumbnail","6":"product_cat-graveskovl","7":"pa_antal-tander-4-stk","8":"pa_max-bredd-1100mm","9":"pa_skar-35x300mm","10":"pa_tand-j450","11":"pa_vikt-955-kg","13":"first","14":"instock","15":"purchasable","16":"product-type-simple"},"yoast_head":"<!-- This site is optimized with the Yoast SEO plugin v27.4 - https:\/\/yoast.com\/product\/yoast-seo-wordpress\/ -->\n<title>HD Graveskovl 1050L med tand - 1100mm - B20 - EMA Sverige<\/title>\n<meta name=\"description\" content=\"HD Graveskovl 1050L med tand - 1100mm - B20 - EMA Sverige - Slidbeskyttelse p\u00e5 siderne, forenden, bunden og slidribberne i HARDOX 450 - Sk\u00e5ret i 500 Brinell BOROX.\" \/>\n<meta name=\"robots\" content=\"index, follow, max-snippet:-1, max-image-preview:large, max-video-preview:-1\" \/>\n<link rel=\"canonical\" href=\"https:\/\/emasweden.com\/da\/produkt\/hd-dyb-skovl-1050l-med-tand-1100mm-b20\/\" \/>\n<meta property=\"og:locale\" content=\"da_DK\" \/>\n<meta property=\"og:type\" content=\"article\" \/>\n<meta property=\"og:title\" content=\"HD Graveskovl 1050L med tand - 1100mm - B20 - EMA Sverige\" \/>\n<meta property=\"og:description\" content=\"HD Graveskovl 1050L med tand - 1100mm - B20 - EMA Sverige - Slidbeskyttelse p\u00e5 siderne, forenden, bunden og slidribberne i HARDOX 450 - Sk\u00e5ret i 500 Brinell BOROX.\" \/>\n<meta property=\"og:url\" content=\"https:\/\/emasweden.com\/da\/produkt\/hd-dyb-skovl-1050l-med-tand-1100mm-b20\/\" \/>\n<meta property=\"og:site_name\" content=\"EMA Sverige\" \/>\n<meta property=\"article:modified_time\" content=\"2025-10-02T11:43:25+00:00\" \/>\n<meta property=\"og:image\" content=\"https:\/\/emasweden.com\/wp-content\/uploads\/2021\/04\/7291255_1-1.jpg\" \/>\n\t<meta property=\"og:image:width\" content=\"1000\" \/>\n\t<meta property=\"og:image:height\" content=\"750\" \/>\n\t<meta property=\"og:image:type\" content=\"image\/jpeg\" \/>\n<meta name=\"twitter:card\" content=\"summary_large_image\" \/>\n<meta name=\"twitter:label1\" content=\"Estimeret l\u00e6setid\" \/>\n\t<meta name=\"twitter:data1\" content=\"1 minut\" \/>\n<script type=\"application\/ld+json\" class=\"yoast-schema-graph\">{\"@context\":\"https:\\\/\\\/schema.org\",\"@graph\":[{\"@type\":\"WebPage\",\"@id\":\"https:\\\/\\\/emasweden.com\\\/da\\\/produkt\\\/hd-dyb-skovl-1050l-med-tand-1100mm-b20\\\/\",\"url\":\"https:\\\/\\\/emasweden.com\\\/da\\\/produkt\\\/hd-dyb-skovl-1050l-med-tand-1100mm-b20\\\/\",\"name\":\"HD Graveskovl 1050L med tand - 1100mm - B20 - EMA Sverige\",\"isPartOf\":{\"@id\":\"https:\\\/\\\/emasweden.com\\\/da\\\/#website\"},\"primaryImageOfPage\":{\"@id\":\"https:\\\/\\\/emasweden.com\\\/da\\\/produkt\\\/hd-dyb-skovl-1050l-med-tand-1100mm-b20\\\/#primaryimage\"},\"image\":{\"@id\":\"https:\\\/\\\/emasweden.com\\\/da\\\/produkt\\\/hd-dyb-skovl-1050l-med-tand-1100mm-b20\\\/#primaryimage\"},\"thumbnailUrl\":\"https:\\\/\\\/emasweden.com\\\/wp-content\\\/uploads\\\/2021\\\/04\\\/7291255_1-1.jpg\",\"datePublished\":\"2021-01-20T14:37:54+00:00\",\"dateModified\":\"2025-10-02T11:43:25+00:00\",\"description\":\"HD Graveskovl 1050L med tand - 1100mm - B20 - EMA Sverige - Slidbeskyttelse p\u00e5 siderne, forenden, bunden og slidribberne i HARDOX 450 - Sk\u00e5ret i 500 Brinell BOROX.\",\"breadcrumb\":{\"@id\":\"https:\\\/\\\/emasweden.com\\\/da\\\/produkt\\\/hd-dyb-skovl-1050l-med-tand-1100mm-b20\\\/#breadcrumb\"},\"inLanguage\":\"da-DK\",\"potentialAction\":[{\"@type\":\"ReadAction\",\"target\":[\"https:\\\/\\\/emasweden.com\\\/da\\\/produkt\\\/hd-dyb-skovl-1050l-med-tand-1100mm-b20\\\/\"]}]},{\"@type\":\"ImageObject\",\"inLanguage\":\"da-DK\",\"@id\":\"https:\\\/\\\/emasweden.com\\\/da\\\/produkt\\\/hd-dyb-skovl-1050l-med-tand-1100mm-b20\\\/#primaryimage\",\"url\":\"https:\\\/\\\/emasweden.com\\\/wp-content\\\/uploads\\\/2021\\\/04\\\/7291255_1-1.jpg\",\"contentUrl\":\"https:\\\/\\\/emasweden.com\\\/wp-content\\\/uploads\\\/2021\\\/04\\\/7291255_1-1.jpg\",\"width\":1000,\"height\":750,\"caption\":\"HD Djupskopa 1050L med tand - 1100mm - B20\"},{\"@type\":\"BreadcrumbList\",\"@id\":\"https:\\\/\\\/emasweden.com\\\/da\\\/produkt\\\/hd-dyb-skovl-1050l-med-tand-1100mm-b20\\\/#breadcrumb\",\"itemListElement\":[{\"@type\":\"ListItem\",\"position\":1,\"name\":\"Hem\",\"item\":\"https:\\\/\\\/emasweden.com\\\/da\\\/\"},{\"@type\":\"ListItem\",\"position\":2,\"name\":\"Produktsortiment\",\"item\":\"https:\\\/\\\/emasweden.com\\\/da\\\/produktsortiment-2\\\/\"},{\"@type\":\"ListItem\",\"position\":3,\"name\":\"HD Graveskovl 1050L med tand &#8211; 1100mm &#8211; B20\"}]},{\"@type\":\"WebSite\",\"@id\":\"https:\\\/\\\/emasweden.com\\\/da\\\/#website\",\"url\":\"https:\\\/\\\/emasweden.com\\\/da\\\/\",\"name\":\"EMA Sverige\",\"description\":\"\",\"potentialAction\":[{\"@type\":\"SearchAction\",\"target\":{\"@type\":\"EntryPoint\",\"urlTemplate\":\"https:\\\/\\\/emasweden.com\\\/da\\\/?s={search_term_string}\"},\"query-input\":{\"@type\":\"PropertyValueSpecification\",\"valueRequired\":true,\"valueName\":\"search_term_string\"}}],\"inLanguage\":\"da-DK\"}]}<\/script>\n<!-- \/ Yoast SEO plugin. -->","yoast_head_json":{"title":"HD Graveskovl 1050L med tand - 1100mm - B20 - EMA Sverige","description":"HD Graveskovl 1050L med tand - 1100mm - B20 - EMA Sverige - Slidbeskyttelse p\u00e5 siderne, forenden, bunden og slidribberne i HARDOX 450 - Sk\u00e5ret i 500 Brinell BOROX.","robots":{"index":"index","follow":"follow","max-snippet":"max-snippet:-1","max-image-preview":"max-image-preview:large","max-video-preview":"max-video-preview:-1"},"canonical":"https:\/\/emasweden.com\/da\/produkt\/hd-dyb-skovl-1050l-med-tand-1100mm-b20\/","og_locale":"da_DK","og_type":"article","og_title":"HD Graveskovl 1050L med tand - 1100mm - B20 - EMA Sverige","og_description":"HD Graveskovl 1050L med tand - 1100mm - B20 - EMA Sverige - Slidbeskyttelse p\u00e5 siderne, forenden, bunden og slidribberne i HARDOX 450 - Sk\u00e5ret i 500 Brinell BOROX.","og_url":"https:\/\/emasweden.com\/da\/produkt\/hd-dyb-skovl-1050l-med-tand-1100mm-b20\/","og_site_name":"EMA Sverige","article_modified_time":"2025-10-02T11:43:25+00:00","og_image":[{"width":1000,"height":750,"url":"https:\/\/emasweden.com\/wp-content\/uploads\/2021\/04\/7291255_1-1.jpg","type":"image\/jpeg"}],"twitter_card":"summary_large_image","twitter_misc":{"Estimeret l\u00e6setid":"1 minut"},"schema":{"@context":"https:\/\/schema.org","@graph":[{"@type":"WebPage","@id":"https:\/\/emasweden.com\/da\/produkt\/hd-dyb-skovl-1050l-med-tand-1100mm-b20\/","url":"https:\/\/emasweden.com\/da\/produkt\/hd-dyb-skovl-1050l-med-tand-1100mm-b20\/","name":"HD Graveskovl 1050L med tand - 1100mm - B20 - EMA Sverige","isPartOf":{"@id":"https:\/\/emasweden.com\/da\/#website"},"primaryImageOfPage":{"@id":"https:\/\/emasweden.com\/da\/produkt\/hd-dyb-skovl-1050l-med-tand-1100mm-b20\/#primaryimage"},"image":{"@id":"https:\/\/emasweden.com\/da\/produkt\/hd-dyb-skovl-1050l-med-tand-1100mm-b20\/#primaryimage"},"thumbnailUrl":"https:\/\/emasweden.com\/wp-content\/uploads\/2021\/04\/7291255_1-1.jpg","datePublished":"2021-01-20T14:37:54+00:00","dateModified":"2025-10-02T11:43:25+00:00","description":"HD Graveskovl 1050L med tand - 1100mm - B20 - EMA Sverige - Slidbeskyttelse p\u00e5 siderne, forenden, bunden og slidribberne i HARDOX 450 - Sk\u00e5ret i 500 Brinell BOROX.","breadcrumb":{"@id":"https:\/\/emasweden.com\/da\/produkt\/hd-dyb-skovl-1050l-med-tand-1100mm-b20\/#breadcrumb"},"inLanguage":"da-DK","potentialAction":[{"@type":"ReadAction","target":["https:\/\/emasweden.com\/da\/produkt\/hd-dyb-skovl-1050l-med-tand-1100mm-b20\/"]}]},{"@type":"ImageObject","inLanguage":"da-DK","@id":"https:\/\/emasweden.com\/da\/produkt\/hd-dyb-skovl-1050l-med-tand-1100mm-b20\/#primaryimage","url":"https:\/\/emasweden.com\/wp-content\/uploads\/2021\/04\/7291255_1-1.jpg","contentUrl":"https:\/\/emasweden.com\/wp-content\/uploads\/2021\/04\/7291255_1-1.jpg","width":1000,"height":750,"caption":"HD Djupskopa 1050L med tand - 1100mm - B20"},{"@type":"BreadcrumbList","@id":"https:\/\/emasweden.com\/da\/produkt\/hd-dyb-skovl-1050l-med-tand-1100mm-b20\/#breadcrumb","itemListElement":[{"@type":"ListItem","position":1,"name":"Hem","item":"https:\/\/emasweden.com\/da\/"},{"@type":"ListItem","position":2,"name":"Produktsortiment","item":"https:\/\/emasweden.com\/da\/produktsortiment-2\/"},{"@type":"ListItem","position":3,"name":"HD Graveskovl 1050L med tand &#8211; 1100mm &#8211; B20"}]},{"@type":"WebSite","@id":"https:\/\/emasweden.com\/da\/#website","url":"https:\/\/emasweden.com\/da\/","name":"EMA Sverige","description":"","potentialAction":[{"@type":"SearchAction","target":{"@type":"EntryPoint","urlTemplate":"https:\/\/emasweden.com\/da\/?s={search_term_string}"},"query-input":{"@type":"PropertyValueSpecification","valueRequired":true,"valueName":"search_term_string"}}],"inLanguage":"da-DK"}]}},"_links":{"self":[{"href":"https:\/\/emasweden.com\/da\/wp-json\/wp\/v2\/product\/18961","targetHints":{"allow":["GET"]}}],"collection":[{"href":"https:\/\/emasweden.com\/da\/wp-json\/wp\/v2\/product"}],"about":[{"href":"https:\/\/emasweden.com\/da\/wp-json\/wp\/v2\/types\/product"}],"wp:featuredmedia":[{"embeddable":true,"href":"https:\/\/emasweden.com\/da\/wp-json\/wp\/v2\/media\/21626"}],"wp:attachment":[{"href":"https:\/\/emasweden.com\/da\/wp-json\/wp\/v2\/media?parent=18961"}],"wp:term":[{"taxonomy":"product_brand","embeddable":true,"href":"https:\/\/emasweden.com\/da\/wp-json\/wp\/v2\/product_brand?post=18961"},{"taxonomy":"product_cat","embeddable":true,"href":"https:\/\/emasweden.com\/da\/wp-json\/wp\/v2\/product_cat?post=18961"},{"taxonomy":"product_tag","embeddable":true,"href":"https:\/\/emasweden.com\/da\/wp-json\/wp\/v2\/product_tag?post=18961"},{"taxonomy":"faste-y","embeddable":true,"href":"https:\/\/emasweden.com\/da\/wp-json\/wp\/v2\/faste-y?post=18961"}],"curies":[{"name":"wp","href":"https:\/\/api.w.org\/{rel}","templated":true}]}}