{"id":19017,"date":"2021-01-20T14:31:21","date_gmt":"2021-01-20T14:31:21","guid":{"rendered":"https:\/\/emasweden.com\/produkt\/std-gravemaskine-rive-2000mm-s45\/"},"modified":"2025-10-01T13:43:57","modified_gmt":"2025-10-01T11:43:57","slug":"std-gravemaskine-rive-2000mm-s45","status":"publish","type":"product","link":"https:\/\/emasweden.com\/da\/produkt\/std-gravemaskine-rive-2000mm-s45\/","title":{"rendered":"Std Gravemaskine rive &#8211; 2000mm &#8211; S45"},"content":{"rendered":"<p>Std Gr\u00e4vmaskins kratta &#8211; 2000mm &#8211; S45<\/p>\n<p><sup>Std Gr\u00e4vmaskins kratta &#8211; 2000mm &#8211; S40<\/sup><br \/>\n\u2013 P\u00e5 v\u00e5ra gr\u00e4vmaskinskrattor \u00e4r t\u00e4nderna i Hardox 450 och f\u00f6rst\u00e4rkt undertill. <\/p>\n","protected":false},"excerpt":{"rendered":"<p>Std Gr\u00e4vmaskins kratta &#8211; 2000mm &#8211; S45 Std Gr\u00e4vmaskins kratta &#8211; 2000mm &#8211; S40 \u2013 P\u00e5 v\u00e5ra gr\u00e4vmaskinskrattor \u00e4r t\u00e4nderna i Hardox 450 och f\u00f6rst\u00e4rkt undertill.<\/p>\n","protected":false},"featured_media":20805,"template":"","meta":{"_monsterinsights_skip_tracking":false,"_monsterinsights_sitenote_active":false,"_monsterinsights_sitenote_note":"","_monsterinsights_sitenote_category":0},"product_brand":[],"product_cat":[3619],"product_tag":[],"faste-y":[],"class_list":{"0":"post-19017","1":"product","2":"type-product","3":"status-publish","4":"has-post-thumbnail","6":"product_cat-rive-gravemaskine","7":"pa_antal-tander-den-24","8":"pa_max-bredd-2000mm","10":"first","11":"instock","12":"purchasable","13":"product-type-simple"},"yoast_head":"<!-- This site is optimized with the Yoast SEO plugin v27.5 - https:\/\/yoast.com\/product\/yoast-seo-wordpress\/ -->\n<title>Std Gravemaskine rive - 2000mm - S45 - EMA Sverige<\/title>\n<meta name=\"description\" content=\"Std Gravemaskine rive - 2000mm - S45 P\u00e5 vores gravemaskine river er t\u00e6nderne i Hardox 450 og forst\u00e6rket i bunden.\" \/>\n<meta name=\"robots\" content=\"index, follow, max-snippet:-1, max-image-preview:large, max-video-preview:-1\" \/>\n<link rel=\"canonical\" href=\"https:\/\/emasweden.com\/da\/produkt\/std-gravemaskine-rive-2000mm-s45\/\" \/>\n<meta property=\"og:locale\" content=\"da_DK\" \/>\n<meta property=\"og:type\" content=\"article\" \/>\n<meta property=\"og:title\" content=\"Std Gravemaskine rive - 2000mm - S45 - EMA Sverige\" \/>\n<meta property=\"og:description\" content=\"Std Gravemaskine rive - 2000mm - S45 P\u00e5 vores gravemaskine river er t\u00e6nderne i Hardox 450 og forst\u00e6rket i bunden.\" \/>\n<meta property=\"og:url\" content=\"https:\/\/emasweden.com\/da\/produkt\/std-gravemaskine-rive-2000mm-s45\/\" \/>\n<meta property=\"og:site_name\" content=\"EMA Sverige\" \/>\n<meta property=\"article:modified_time\" content=\"2025-10-01T11:43:57+00:00\" \/>\n<meta property=\"og:image\" content=\"https:\/\/emasweden.com\/wp-content\/uploads\/2021\/01\/PRO-003808_a-1.jpg\" \/>\n\t<meta property=\"og:image:width\" content=\"1000\" \/>\n\t<meta property=\"og:image:height\" content=\"750\" \/>\n\t<meta property=\"og:image:type\" content=\"image\/jpeg\" \/>\n<meta name=\"twitter:card\" content=\"summary_large_image\" \/>\n<script type=\"application\/ld+json\" class=\"yoast-schema-graph\">{\"@context\":\"https:\\\/\\\/schema.org\",\"@graph\":[{\"@type\":\"WebPage\",\"@id\":\"https:\\\/\\\/emasweden.com\\\/da\\\/produkt\\\/std-gravemaskine-rive-2000mm-s45\\\/\",\"url\":\"https:\\\/\\\/emasweden.com\\\/da\\\/produkt\\\/std-gravemaskine-rive-2000mm-s45\\\/\",\"name\":\"Std Gravemaskine rive - 2000mm - S45 - EMA Sverige\",\"isPartOf\":{\"@id\":\"https:\\\/\\\/emasweden.com\\\/da\\\/#website\"},\"primaryImageOfPage\":{\"@id\":\"https:\\\/\\\/emasweden.com\\\/da\\\/produkt\\\/std-gravemaskine-rive-2000mm-s45\\\/#primaryimage\"},\"image\":{\"@id\":\"https:\\\/\\\/emasweden.com\\\/da\\\/produkt\\\/std-gravemaskine-rive-2000mm-s45\\\/#primaryimage\"},\"thumbnailUrl\":\"https:\\\/\\\/emasweden.com\\\/wp-content\\\/uploads\\\/2021\\\/01\\\/PRO-003808_a-1.jpg\",\"datePublished\":\"2021-01-20T14:31:21+00:00\",\"dateModified\":\"2025-10-01T11:43:57+00:00\",\"description\":\"Std Gravemaskine rive - 2000mm - S45 P\u00e5 vores gravemaskine river er t\u00e6nderne i Hardox 450 og forst\u00e6rket i bunden.\",\"breadcrumb\":{\"@id\":\"https:\\\/\\\/emasweden.com\\\/da\\\/produkt\\\/std-gravemaskine-rive-2000mm-s45\\\/#breadcrumb\"},\"inLanguage\":\"da-DK\",\"potentialAction\":[{\"@type\":\"ReadAction\",\"target\":[\"https:\\\/\\\/emasweden.com\\\/da\\\/produkt\\\/std-gravemaskine-rive-2000mm-s45\\\/\"]}]},{\"@type\":\"ImageObject\",\"inLanguage\":\"da-DK\",\"@id\":\"https:\\\/\\\/emasweden.com\\\/da\\\/produkt\\\/std-gravemaskine-rive-2000mm-s45\\\/#primaryimage\",\"url\":\"https:\\\/\\\/emasweden.com\\\/wp-content\\\/uploads\\\/2021\\\/01\\\/PRO-003808_a-1.jpg\",\"contentUrl\":\"https:\\\/\\\/emasweden.com\\\/wp-content\\\/uploads\\\/2021\\\/01\\\/PRO-003808_a-1.jpg\",\"width\":1000,\"height\":750,\"caption\":\"Std Gr\u00e4vmaskins kratta - 2000mm - S45\"},{\"@type\":\"BreadcrumbList\",\"@id\":\"https:\\\/\\\/emasweden.com\\\/da\\\/produkt\\\/std-gravemaskine-rive-2000mm-s45\\\/#breadcrumb\",\"itemListElement\":[{\"@type\":\"ListItem\",\"position\":1,\"name\":\"Hem\",\"item\":\"https:\\\/\\\/emasweden.com\\\/da\\\/\"},{\"@type\":\"ListItem\",\"position\":2,\"name\":\"Produktsortiment\",\"item\":\"https:\\\/\\\/emasweden.com\\\/da\\\/produktsortiment-2\\\/\"},{\"@type\":\"ListItem\",\"position\":3,\"name\":\"Std Gravemaskine rive &#8211; 2000mm &#8211; S45\"}]},{\"@type\":\"WebSite\",\"@id\":\"https:\\\/\\\/emasweden.com\\\/da\\\/#website\",\"url\":\"https:\\\/\\\/emasweden.com\\\/da\\\/\",\"name\":\"EMA Sverige\",\"description\":\"\",\"potentialAction\":[{\"@type\":\"SearchAction\",\"target\":{\"@type\":\"EntryPoint\",\"urlTemplate\":\"https:\\\/\\\/emasweden.com\\\/da\\\/?s={search_term_string}\"},\"query-input\":{\"@type\":\"PropertyValueSpecification\",\"valueRequired\":true,\"valueName\":\"search_term_string\"}}],\"inLanguage\":\"da-DK\"}]}<\/script>\n<!-- \/ Yoast SEO plugin. -->","yoast_head_json":{"title":"Std Gravemaskine rive - 2000mm - S45 - EMA Sverige","description":"Std Gravemaskine rive - 2000mm - S45 P\u00e5 vores gravemaskine river er t\u00e6nderne i Hardox 450 og forst\u00e6rket i bunden.","robots":{"index":"index","follow":"follow","max-snippet":"max-snippet:-1","max-image-preview":"max-image-preview:large","max-video-preview":"max-video-preview:-1"},"canonical":"https:\/\/emasweden.com\/da\/produkt\/std-gravemaskine-rive-2000mm-s45\/","og_locale":"da_DK","og_type":"article","og_title":"Std Gravemaskine rive - 2000mm - S45 - EMA Sverige","og_description":"Std Gravemaskine rive - 2000mm - S45 P\u00e5 vores gravemaskine river er t\u00e6nderne i Hardox 450 og forst\u00e6rket i bunden.","og_url":"https:\/\/emasweden.com\/da\/produkt\/std-gravemaskine-rive-2000mm-s45\/","og_site_name":"EMA Sverige","article_modified_time":"2025-10-01T11:43:57+00:00","og_image":[{"width":1000,"height":750,"url":"https:\/\/emasweden.com\/wp-content\/uploads\/2021\/01\/PRO-003808_a-1.jpg","type":"image\/jpeg"}],"twitter_card":"summary_large_image","schema":{"@context":"https:\/\/schema.org","@graph":[{"@type":"WebPage","@id":"https:\/\/emasweden.com\/da\/produkt\/std-gravemaskine-rive-2000mm-s45\/","url":"https:\/\/emasweden.com\/da\/produkt\/std-gravemaskine-rive-2000mm-s45\/","name":"Std Gravemaskine rive - 2000mm - S45 - EMA Sverige","isPartOf":{"@id":"https:\/\/emasweden.com\/da\/#website"},"primaryImageOfPage":{"@id":"https:\/\/emasweden.com\/da\/produkt\/std-gravemaskine-rive-2000mm-s45\/#primaryimage"},"image":{"@id":"https:\/\/emasweden.com\/da\/produkt\/std-gravemaskine-rive-2000mm-s45\/#primaryimage"},"thumbnailUrl":"https:\/\/emasweden.com\/wp-content\/uploads\/2021\/01\/PRO-003808_a-1.jpg","datePublished":"2021-01-20T14:31:21+00:00","dateModified":"2025-10-01T11:43:57+00:00","description":"Std Gravemaskine rive - 2000mm - S45 P\u00e5 vores gravemaskine river er t\u00e6nderne i Hardox 450 og forst\u00e6rket i bunden.","breadcrumb":{"@id":"https:\/\/emasweden.com\/da\/produkt\/std-gravemaskine-rive-2000mm-s45\/#breadcrumb"},"inLanguage":"da-DK","potentialAction":[{"@type":"ReadAction","target":["https:\/\/emasweden.com\/da\/produkt\/std-gravemaskine-rive-2000mm-s45\/"]}]},{"@type":"ImageObject","inLanguage":"da-DK","@id":"https:\/\/emasweden.com\/da\/produkt\/std-gravemaskine-rive-2000mm-s45\/#primaryimage","url":"https:\/\/emasweden.com\/wp-content\/uploads\/2021\/01\/PRO-003808_a-1.jpg","contentUrl":"https:\/\/emasweden.com\/wp-content\/uploads\/2021\/01\/PRO-003808_a-1.jpg","width":1000,"height":750,"caption":"Std Gr\u00e4vmaskins kratta - 2000mm - S45"},{"@type":"BreadcrumbList","@id":"https:\/\/emasweden.com\/da\/produkt\/std-gravemaskine-rive-2000mm-s45\/#breadcrumb","itemListElement":[{"@type":"ListItem","position":1,"name":"Hem","item":"https:\/\/emasweden.com\/da\/"},{"@type":"ListItem","position":2,"name":"Produktsortiment","item":"https:\/\/emasweden.com\/da\/produktsortiment-2\/"},{"@type":"ListItem","position":3,"name":"Std Gravemaskine rive &#8211; 2000mm &#8211; S45"}]},{"@type":"WebSite","@id":"https:\/\/emasweden.com\/da\/#website","url":"https:\/\/emasweden.com\/da\/","name":"EMA Sverige","description":"","potentialAction":[{"@type":"SearchAction","target":{"@type":"EntryPoint","urlTemplate":"https:\/\/emasweden.com\/da\/?s={search_term_string}"},"query-input":{"@type":"PropertyValueSpecification","valueRequired":true,"valueName":"search_term_string"}}],"inLanguage":"da-DK"}]}},"_links":{"self":[{"href":"https:\/\/emasweden.com\/da\/wp-json\/wp\/v2\/product\/19017","targetHints":{"allow":["GET"]}}],"collection":[{"href":"https:\/\/emasweden.com\/da\/wp-json\/wp\/v2\/product"}],"about":[{"href":"https:\/\/emasweden.com\/da\/wp-json\/wp\/v2\/types\/product"}],"wp:featuredmedia":[{"embeddable":true,"href":"https:\/\/emasweden.com\/da\/wp-json\/wp\/v2\/media\/20805"}],"wp:attachment":[{"href":"https:\/\/emasweden.com\/da\/wp-json\/wp\/v2\/media?parent=19017"}],"wp:term":[{"taxonomy":"product_brand","embeddable":true,"href":"https:\/\/emasweden.com\/da\/wp-json\/wp\/v2\/product_brand?post=19017"},{"taxonomy":"product_cat","embeddable":true,"href":"https:\/\/emasweden.com\/da\/wp-json\/wp\/v2\/product_cat?post=19017"},{"taxonomy":"product_tag","embeddable":true,"href":"https:\/\/emasweden.com\/da\/wp-json\/wp\/v2\/product_tag?post=19017"},{"taxonomy":"faste-y","embeddable":true,"href":"https:\/\/emasweden.com\/da\/wp-json\/wp\/v2\/faste-y?post=19017"}],"curies":[{"name":"wp","href":"https:\/\/api.w.org\/{rel}","templated":true}]}}