{"id":19035,"date":"2021-01-20T14:31:36","date_gmt":"2021-01-20T13:31:36","guid":{"rendered":"https:\/\/emasweden.com\/produkt\/std-kabelplov-bredde-120mm-dybde-1200mm-uden-beslag\/"},"modified":"2025-10-01T13:44:41","modified_gmt":"2025-10-01T11:44:41","slug":"std-kabelplov-bredde-120mm-dybde-1200mm-uden-beslag","status":"publish","type":"product","link":"https:\/\/emasweden.com\/da\/produkt\/std-kabelplov-bredde-120mm-dybde-1200mm-uden-beslag\/","title":{"rendered":"Std Kabelplov &#8211; Bredde 120mm &#8211; Dybde 1200mm &#8211; Uden beslag"},"content":{"rendered":"<p><sup>HD Kabelplog &#8211; Bredd inv 120mm &#8211; Djup 1200mm &#8211; Utan f\u00e4ste<\/sup><br \/>\n\u2013 V\u00e5r Heavy Duty Kabelplog med sin unika design som g\u00f6r att materialet inte fastnar mellan l\u00e4ggare och f\u00f6rrivare, konstruerad f\u00f6r att enkelt l\u00e4gga kabel eller slang.<\/p>\n<p>\u2022\t\u00d6ppningsbara kanaler; se specifikation f\u00f6r mer info.<\/p>\n<p>\u2022\tBultade f\u00e4sten p\u00e5 samtliga kabelplogar utan f\u00e4ste<\/p>\n<p>\u2022\t<a href=\"https:\/\/www.ssab.com\/products\/brands\/hardox\/products\/hardox-450\" target=\"_blank\" rel=\"noopener\">HARDOX 450<\/a> i hela l\u00e4ggaren samt d\u00e4r slitaget \u00e4r stort p\u00e5 f\u00f6rrivaren<\/p>\n<p>\u2022\tLevereras komplett med m\u00e4rkbandsh\u00e5llare<\/p>\n<p>Till denna kabelplog passar f\u00f6ljande f\u00e4sten:<\/p>\n<p><a href=\"https:\/\/emasweden.com\/da\/produkt\/ema-fastgoerelsesbolt-s70-kabelplov-planeringsbjaelke\/\" target=\"_blank\" rel=\"noopener\">07270015 F\u00e4ste S70<\/a><\/p>\n<p><a href=\"https:\/\/emasweden.com\/da\/produkt\/ema-fastgoerelsesbolt-s80-kabelplov-planerbjaelke\/\" target=\"_blank\" rel=\"noopener\">07270016 F\u00e4ste S80<\/a><\/p>\n<p><a href=\"https:\/\/emasweden.com\/da\/produkt\/ema-beslagsbolt-s2-kabelplov-nivelleringsbjaelke\/\" target=\"_blank\" rel=\"noopener\">07270019 F\u00e4ste S2<\/a><\/p>\n","protected":false},"excerpt":{"rendered":"<p>HD Kabelplog &#8211; Bredd inv 120mm &#8211; Djup 1200mm &#8211; Utan f\u00e4ste \u2013 V\u00e5r Heavy Duty Kabelplog med sin unika design som g\u00f6r att materialet inte fastnar mellan l\u00e4ggare och f\u00f6rrivare, konstruerad f\u00f6r att enkelt l\u00e4gga kabel eller slang. \u2022 \u00d6ppningsbara kanaler; se specifikation f\u00f6r mer info. \u2022 Bultade f\u00e4sten p\u00e5 samtliga kabelplogar utan f\u00e4ste [&hellip;]<\/p>\n","protected":false},"featured_media":20916,"template":"","meta":{"_monsterinsights_skip_tracking":false,"_monsterinsights_sitenote_active":false,"_monsterinsights_sitenote_note":"","_monsterinsights_sitenote_category":0},"product_brand":[],"product_cat":[5017],"product_tag":[],"faste-y":[],"class_list":{"0":"post-19035","1":"product","2":"type-product","3":"status-publish","4":"has-post-thumbnail","6":"product_cat-kabelplov","7":"pa_tand-j350","9":"first","10":"instock","11":"purchasable","12":"product-type-simple"},"yoast_head":"<!-- This site is optimized with the Yoast SEO plugin v27.4 - https:\/\/yoast.com\/product\/yoast-seo-wordpress\/ -->\n<title>Std Kabelplov - Bredde 120mm - Dybde 1200mm - Uden beslag - EMA Sverige<\/title>\n<meta name=\"description\" content=\"HD-kabelplov - Bredde 120 mm - Dybde 1200 mm - Uden beslag. Unikt design, tilpasset til nemt at l\u00e6gge kabler eller slanger.\" \/>\n<meta name=\"robots\" content=\"index, follow, max-snippet:-1, max-image-preview:large, max-video-preview:-1\" \/>\n<link rel=\"canonical\" href=\"https:\/\/emasweden.com\/da\/produkt\/std-kabelplov-bredde-120mm-dybde-1200mm-uden-beslag\/\" \/>\n<meta property=\"og:locale\" content=\"da_DK\" \/>\n<meta property=\"og:type\" content=\"article\" \/>\n<meta property=\"og:title\" content=\"Std Kabelplov - Bredde 120mm - Dybde 1200mm - Uden beslag - EMA Sverige\" \/>\n<meta property=\"og:description\" content=\"HD-kabelplov - Bredde 120 mm - Dybde 1200 mm - Uden beslag. Unikt design, tilpasset til nemt at l\u00e6gge kabler eller slanger.\" \/>\n<meta property=\"og:url\" content=\"https:\/\/emasweden.com\/da\/produkt\/std-kabelplov-bredde-120mm-dybde-1200mm-uden-beslag\/\" \/>\n<meta property=\"og:site_name\" content=\"EMA Sverige\" \/>\n<meta property=\"article:modified_time\" content=\"2025-10-01T11:44:41+00:00\" \/>\n<meta property=\"og:image\" content=\"https:\/\/emasweden.com\/wp-content\/uploads\/2021\/01\/PRO-002847-07290014a.jpg\" \/>\n\t<meta property=\"og:image:width\" content=\"1000\" \/>\n\t<meta property=\"og:image:height\" content=\"750\" \/>\n\t<meta property=\"og:image:type\" content=\"image\/jpeg\" \/>\n<meta name=\"twitter:card\" content=\"summary_large_image\" \/>\n<script type=\"application\/ld+json\" class=\"yoast-schema-graph\">{\"@context\":\"https:\\\/\\\/schema.org\",\"@graph\":[{\"@type\":\"WebPage\",\"@id\":\"https:\\\/\\\/emasweden.com\\\/da\\\/produkt\\\/std-kabelplov-bredde-120mm-dybde-1200mm-uden-beslag\\\/\",\"url\":\"https:\\\/\\\/emasweden.com\\\/da\\\/produkt\\\/std-kabelplov-bredde-120mm-dybde-1200mm-uden-beslag\\\/\",\"name\":\"Std Kabelplov - Bredde 120mm - Dybde 1200mm - Uden beslag - EMA Sverige\",\"isPartOf\":{\"@id\":\"https:\\\/\\\/emasweden.com\\\/da\\\/#website\"},\"primaryImageOfPage\":{\"@id\":\"https:\\\/\\\/emasweden.com\\\/da\\\/produkt\\\/std-kabelplov-bredde-120mm-dybde-1200mm-uden-beslag\\\/#primaryimage\"},\"image\":{\"@id\":\"https:\\\/\\\/emasweden.com\\\/da\\\/produkt\\\/std-kabelplov-bredde-120mm-dybde-1200mm-uden-beslag\\\/#primaryimage\"},\"thumbnailUrl\":\"https:\\\/\\\/emasweden.com\\\/wp-content\\\/uploads\\\/2021\\\/01\\\/PRO-002847-07290014a.jpg\",\"datePublished\":\"2021-01-20T13:31:36+00:00\",\"dateModified\":\"2025-10-01T11:44:41+00:00\",\"description\":\"HD-kabelplov - Bredde 120 mm - Dybde 1200 mm - Uden beslag. Unikt design, tilpasset til nemt at l\u00e6gge kabler eller slanger.\",\"breadcrumb\":{\"@id\":\"https:\\\/\\\/emasweden.com\\\/da\\\/produkt\\\/std-kabelplov-bredde-120mm-dybde-1200mm-uden-beslag\\\/#breadcrumb\"},\"inLanguage\":\"da-DK\",\"potentialAction\":[{\"@type\":\"ReadAction\",\"target\":[\"https:\\\/\\\/emasweden.com\\\/da\\\/produkt\\\/std-kabelplov-bredde-120mm-dybde-1200mm-uden-beslag\\\/\"]}]},{\"@type\":\"ImageObject\",\"inLanguage\":\"da-DK\",\"@id\":\"https:\\\/\\\/emasweden.com\\\/da\\\/produkt\\\/std-kabelplov-bredde-120mm-dybde-1200mm-uden-beslag\\\/#primaryimage\",\"url\":\"https:\\\/\\\/emasweden.com\\\/wp-content\\\/uploads\\\/2021\\\/01\\\/PRO-002847-07290014a.jpg\",\"contentUrl\":\"https:\\\/\\\/emasweden.com\\\/wp-content\\\/uploads\\\/2021\\\/01\\\/PRO-002847-07290014a.jpg\",\"width\":1000,\"height\":750,\"caption\":\"HD Kabelplog - Bredd inv 120mm - Djup 1200mm - Utan f\u00e4ste\"},{\"@type\":\"BreadcrumbList\",\"@id\":\"https:\\\/\\\/emasweden.com\\\/da\\\/produkt\\\/std-kabelplov-bredde-120mm-dybde-1200mm-uden-beslag\\\/#breadcrumb\",\"itemListElement\":[{\"@type\":\"ListItem\",\"position\":1,\"name\":\"Hem\",\"item\":\"https:\\\/\\\/emasweden.com\\\/da\\\/\"},{\"@type\":\"ListItem\",\"position\":2,\"name\":\"Produktsortiment\",\"item\":\"https:\\\/\\\/emasweden.com\\\/da\\\/produktsortiment-2\\\/\"},{\"@type\":\"ListItem\",\"position\":3,\"name\":\"Std Kabelplov &#8211; Bredde 120mm &#8211; Dybde 1200mm &#8211; Uden beslag\"}]},{\"@type\":\"WebSite\",\"@id\":\"https:\\\/\\\/emasweden.com\\\/da\\\/#website\",\"url\":\"https:\\\/\\\/emasweden.com\\\/da\\\/\",\"name\":\"EMA Sverige\",\"description\":\"\",\"potentialAction\":[{\"@type\":\"SearchAction\",\"target\":{\"@type\":\"EntryPoint\",\"urlTemplate\":\"https:\\\/\\\/emasweden.com\\\/da\\\/?s={search_term_string}\"},\"query-input\":{\"@type\":\"PropertyValueSpecification\",\"valueRequired\":true,\"valueName\":\"search_term_string\"}}],\"inLanguage\":\"da-DK\"}]}<\/script>\n<!-- \/ Yoast SEO plugin. -->","yoast_head_json":{"title":"Std Kabelplov - Bredde 120mm - Dybde 1200mm - Uden beslag - EMA Sverige","description":"HD-kabelplov - Bredde 120 mm - Dybde 1200 mm - Uden beslag. Unikt design, tilpasset til nemt at l\u00e6gge kabler eller slanger.","robots":{"index":"index","follow":"follow","max-snippet":"max-snippet:-1","max-image-preview":"max-image-preview:large","max-video-preview":"max-video-preview:-1"},"canonical":"https:\/\/emasweden.com\/da\/produkt\/std-kabelplov-bredde-120mm-dybde-1200mm-uden-beslag\/","og_locale":"da_DK","og_type":"article","og_title":"Std Kabelplov - Bredde 120mm - Dybde 1200mm - Uden beslag - EMA Sverige","og_description":"HD-kabelplov - Bredde 120 mm - Dybde 1200 mm - Uden beslag. Unikt design, tilpasset til nemt at l\u00e6gge kabler eller slanger.","og_url":"https:\/\/emasweden.com\/da\/produkt\/std-kabelplov-bredde-120mm-dybde-1200mm-uden-beslag\/","og_site_name":"EMA Sverige","article_modified_time":"2025-10-01T11:44:41+00:00","og_image":[{"width":1000,"height":750,"url":"https:\/\/emasweden.com\/wp-content\/uploads\/2021\/01\/PRO-002847-07290014a.jpg","type":"image\/jpeg"}],"twitter_card":"summary_large_image","schema":{"@context":"https:\/\/schema.org","@graph":[{"@type":"WebPage","@id":"https:\/\/emasweden.com\/da\/produkt\/std-kabelplov-bredde-120mm-dybde-1200mm-uden-beslag\/","url":"https:\/\/emasweden.com\/da\/produkt\/std-kabelplov-bredde-120mm-dybde-1200mm-uden-beslag\/","name":"Std Kabelplov - Bredde 120mm - Dybde 1200mm - Uden beslag - EMA Sverige","isPartOf":{"@id":"https:\/\/emasweden.com\/da\/#website"},"primaryImageOfPage":{"@id":"https:\/\/emasweden.com\/da\/produkt\/std-kabelplov-bredde-120mm-dybde-1200mm-uden-beslag\/#primaryimage"},"image":{"@id":"https:\/\/emasweden.com\/da\/produkt\/std-kabelplov-bredde-120mm-dybde-1200mm-uden-beslag\/#primaryimage"},"thumbnailUrl":"https:\/\/emasweden.com\/wp-content\/uploads\/2021\/01\/PRO-002847-07290014a.jpg","datePublished":"2021-01-20T13:31:36+00:00","dateModified":"2025-10-01T11:44:41+00:00","description":"HD-kabelplov - Bredde 120 mm - Dybde 1200 mm - Uden beslag. Unikt design, tilpasset til nemt at l\u00e6gge kabler eller slanger.","breadcrumb":{"@id":"https:\/\/emasweden.com\/da\/produkt\/std-kabelplov-bredde-120mm-dybde-1200mm-uden-beslag\/#breadcrumb"},"inLanguage":"da-DK","potentialAction":[{"@type":"ReadAction","target":["https:\/\/emasweden.com\/da\/produkt\/std-kabelplov-bredde-120mm-dybde-1200mm-uden-beslag\/"]}]},{"@type":"ImageObject","inLanguage":"da-DK","@id":"https:\/\/emasweden.com\/da\/produkt\/std-kabelplov-bredde-120mm-dybde-1200mm-uden-beslag\/#primaryimage","url":"https:\/\/emasweden.com\/wp-content\/uploads\/2021\/01\/PRO-002847-07290014a.jpg","contentUrl":"https:\/\/emasweden.com\/wp-content\/uploads\/2021\/01\/PRO-002847-07290014a.jpg","width":1000,"height":750,"caption":"HD Kabelplog - Bredd inv 120mm - Djup 1200mm - Utan f\u00e4ste"},{"@type":"BreadcrumbList","@id":"https:\/\/emasweden.com\/da\/produkt\/std-kabelplov-bredde-120mm-dybde-1200mm-uden-beslag\/#breadcrumb","itemListElement":[{"@type":"ListItem","position":1,"name":"Hem","item":"https:\/\/emasweden.com\/da\/"},{"@type":"ListItem","position":2,"name":"Produktsortiment","item":"https:\/\/emasweden.com\/da\/produktsortiment-2\/"},{"@type":"ListItem","position":3,"name":"Std Kabelplov &#8211; Bredde 120mm &#8211; Dybde 1200mm &#8211; Uden beslag"}]},{"@type":"WebSite","@id":"https:\/\/emasweden.com\/da\/#website","url":"https:\/\/emasweden.com\/da\/","name":"EMA Sverige","description":"","potentialAction":[{"@type":"SearchAction","target":{"@type":"EntryPoint","urlTemplate":"https:\/\/emasweden.com\/da\/?s={search_term_string}"},"query-input":{"@type":"PropertyValueSpecification","valueRequired":true,"valueName":"search_term_string"}}],"inLanguage":"da-DK"}]}},"_links":{"self":[{"href":"https:\/\/emasweden.com\/da\/wp-json\/wp\/v2\/product\/19035","targetHints":{"allow":["GET"]}}],"collection":[{"href":"https:\/\/emasweden.com\/da\/wp-json\/wp\/v2\/product"}],"about":[{"href":"https:\/\/emasweden.com\/da\/wp-json\/wp\/v2\/types\/product"}],"wp:featuredmedia":[{"embeddable":true,"href":"https:\/\/emasweden.com\/da\/wp-json\/wp\/v2\/media\/20916"}],"wp:attachment":[{"href":"https:\/\/emasweden.com\/da\/wp-json\/wp\/v2\/media?parent=19035"}],"wp:term":[{"taxonomy":"product_brand","embeddable":true,"href":"https:\/\/emasweden.com\/da\/wp-json\/wp\/v2\/product_brand?post=19035"},{"taxonomy":"product_cat","embeddable":true,"href":"https:\/\/emasweden.com\/da\/wp-json\/wp\/v2\/product_cat?post=19035"},{"taxonomy":"product_tag","embeddable":true,"href":"https:\/\/emasweden.com\/da\/wp-json\/wp\/v2\/product_tag?post=19035"},{"taxonomy":"faste-y","embeddable":true,"href":"https:\/\/emasweden.com\/da\/wp-json\/wp\/v2\/faste-y?post=19035"}],"curies":[{"name":"wp","href":"https:\/\/api.w.org\/{rel}","templated":true}]}}