{"id":19158,"date":"2021-01-20T14:35:25","date_gmt":"2021-01-20T13:35:25","guid":{"rendered":"https:\/\/emasweden.com\/produkt\/ema-kost-2100-mm-uden-skaft\/"},"modified":"2025-11-11T14:07:02","modified_gmt":"2025-11-11T13:07:02","slug":"ema-kost-2100-mm-uden-ophaeng","status":"publish","type":"product","link":"https:\/\/emasweden.com\/da\/produkt\/ema-kost-2100-mm-uden-ophaeng\/","title":{"rendered":"Ema-kost 2100 mm uden oph\u00e6ng"},"content":{"rendered":"<p><sup>Sopborste 2100mm utan f\u00e4ste<\/sup><\/p>\n<p>\u2013 Utrustad med extra f\u00f6rst\u00e4rkningar p\u00e5 utsatta st\u00e4llen g\u00f6r EMA-borsten antagligen till<br \/>\nmarknadens b\u00e4sta borste f\u00f6r gr\u00e4vmaskiner!<br \/>\nAlla storlekar har 11 utbytbara borstrader som \u00e4r mycket l\u00e4tta att byta.<br \/>\nKraftiga borst som g\u00f6r att du inte beh\u00f6ver vare sig en st\u00e4llning eller en extra rad med<br \/>\nen gummilist.<\/p>\n<p>\u2022 11 utbytbara borst<\/p>\n<p>\u2022 Kraftig borst f\u00f6r stadga utan st\u00e4llning<\/p>\n<p>\u2022 Extra f\u00f6rst\u00e4rkt<\/p>\n<p>Till denna sopborste passar f\u00f6ljande f\u00e4sten:<\/p>\n<p><a href=\"https:\/\/emasweden.com\/da\/produkt\/ema-tilbehoer-til-kost-s40\/\" target=\"_blank\" rel=\"noopener\">7273019 F\u00e4ste S40<\/a><\/p>\n<p><a href=\"https:\/\/emasweden.com\/da\/produkt\/ema-tilbehoer-til-kost-s45\/\" target=\"_blank\" rel=\"noopener\">7270004 F\u00e4ste S45<\/a><\/p>\n<p><a href=\"https:\/\/emasweden.com\/da\/produkt\/ema-tilbehoer-til-kost-s60\/\" target=\"_blank\" rel=\"noopener\">7270006 F\u00e4ste S60<\/a><\/p>\n","protected":false},"excerpt":{"rendered":"<p>Sopborste 2100mm utan f\u00e4ste \u2013 Utrustad med extra f\u00f6rst\u00e4rkningar p\u00e5 utsatta st\u00e4llen g\u00f6r EMA-borsten antagligen till marknadens b\u00e4sta borste f\u00f6r gr\u00e4vmaskiner! Alla storlekar har 11 utbytbara borstrader som \u00e4r mycket l\u00e4tta att byta. Kraftiga borst som g\u00f6r att du inte beh\u00f6ver vare sig en st\u00e4llning eller en extra rad med en gummilist. \u2022 11 utbytbara [&hellip;]<\/p>\n","protected":false},"featured_media":21161,"template":"","meta":{"_monsterinsights_skip_tracking":false,"_monsterinsights_sitenote_active":false,"_monsterinsights_sitenote_note":"","_monsterinsights_sitenote_category":0},"product_brand":[],"product_cat":[3617],"product_tag":[],"faste-y":[],"class_list":{"0":"post-19158","1":"product","2":"type-product","3":"status-publish","4":"has-post-thumbnail","6":"product_cat-kost-gravemaskine","7":"pa_max-bredd-2100mm","8":"pa_vikt-180-kg","10":"first","11":"instock","12":"purchasable","13":"product-type-simple"},"yoast_head":"<!-- This site is optimized with the Yoast SEO plugin v27.3 - https:\/\/yoast.com\/product\/yoast-seo-wordpress\/ -->\n<title>Ema-kost 2100 mm uden oph\u00e6ng - EMA Sverige<\/title>\n<meta name=\"description\" content=\"Fejeb\u00f8rste 2100 mm uden beslag. 11 udskiftelige r\u00e6kker af b\u00f8rsteh\u00e5r, st\u00e6rke b\u00f8rsteh\u00e5r for stabilitet uden stativ, ekstra forst\u00e6rket.\" \/>\n<meta name=\"robots\" content=\"index, follow, max-snippet:-1, max-image-preview:large, max-video-preview:-1\" \/>\n<link rel=\"canonical\" href=\"https:\/\/emasweden.com\/da\/produkt\/ema-kost-2100-mm-uden-ophaeng\/\" \/>\n<meta property=\"og:locale\" content=\"da_DK\" \/>\n<meta property=\"og:type\" content=\"article\" \/>\n<meta property=\"og:title\" content=\"Ema-kost 2100 mm uden oph\u00e6ng - EMA Sverige\" \/>\n<meta property=\"og:description\" content=\"Fejeb\u00f8rste 2100 mm uden beslag. 11 udskiftelige r\u00e6kker af b\u00f8rsteh\u00e5r, st\u00e6rke b\u00f8rsteh\u00e5r for stabilitet uden stativ, ekstra forst\u00e6rket.\" \/>\n<meta property=\"og:url\" content=\"https:\/\/emasweden.com\/da\/produkt\/ema-kost-2100-mm-uden-ophaeng\/\" \/>\n<meta property=\"og:site_name\" content=\"EMA Sverige\" \/>\n<meta property=\"article:modified_time\" content=\"2025-11-11T13:07:02+00:00\" \/>\n<meta property=\"og:image\" content=\"https:\/\/emasweden.com\/wp-content\/uploads\/2021\/01\/EMA-Modulborste.png\" \/>\n\t<meta property=\"og:image:width\" content=\"2560\" \/>\n\t<meta property=\"og:image:height\" content=\"1929\" \/>\n\t<meta property=\"og:image:type\" content=\"image\/png\" \/>\n<meta name=\"twitter:card\" content=\"summary_large_image\" \/>\n<meta name=\"twitter:label1\" content=\"Estimeret l\u00e6setid\" \/>\n\t<meta name=\"twitter:data1\" content=\"1 minut\" \/>\n<script type=\"application\/ld+json\" class=\"yoast-schema-graph\">{\"@context\":\"https:\\\/\\\/schema.org\",\"@graph\":[{\"@type\":\"WebPage\",\"@id\":\"https:\\\/\\\/emasweden.com\\\/da\\\/produkt\\\/ema-kost-2100-mm-uden-ophaeng\\\/\",\"url\":\"https:\\\/\\\/emasweden.com\\\/da\\\/produkt\\\/ema-kost-2100-mm-uden-ophaeng\\\/\",\"name\":\"Ema-kost 2100 mm uden oph\u00e6ng - EMA Sverige\",\"isPartOf\":{\"@id\":\"https:\\\/\\\/emasweden.com\\\/da\\\/#website\"},\"primaryImageOfPage\":{\"@id\":\"https:\\\/\\\/emasweden.com\\\/da\\\/produkt\\\/ema-kost-2100-mm-uden-ophaeng\\\/#primaryimage\"},\"image\":{\"@id\":\"https:\\\/\\\/emasweden.com\\\/da\\\/produkt\\\/ema-kost-2100-mm-uden-ophaeng\\\/#primaryimage\"},\"thumbnailUrl\":\"https:\\\/\\\/emasweden.com\\\/wp-content\\\/uploads\\\/2021\\\/01\\\/EMA-Modulborste.png\",\"datePublished\":\"2021-01-20T13:35:25+00:00\",\"dateModified\":\"2025-11-11T13:07:02+00:00\",\"description\":\"Fejeb\u00f8rste 2100 mm uden beslag. 11 udskiftelige r\u00e6kker af b\u00f8rsteh\u00e5r, st\u00e6rke b\u00f8rsteh\u00e5r for stabilitet uden stativ, ekstra forst\u00e6rket.\",\"breadcrumb\":{\"@id\":\"https:\\\/\\\/emasweden.com\\\/da\\\/produkt\\\/ema-kost-2100-mm-uden-ophaeng\\\/#breadcrumb\"},\"inLanguage\":\"da-DK\",\"potentialAction\":[{\"@type\":\"ReadAction\",\"target\":[\"https:\\\/\\\/emasweden.com\\\/da\\\/produkt\\\/ema-kost-2100-mm-uden-ophaeng\\\/\"]}]},{\"@type\":\"ImageObject\",\"inLanguage\":\"da-DK\",\"@id\":\"https:\\\/\\\/emasweden.com\\\/da\\\/produkt\\\/ema-kost-2100-mm-uden-ophaeng\\\/#primaryimage\",\"url\":\"https:\\\/\\\/emasweden.com\\\/wp-content\\\/uploads\\\/2021\\\/01\\\/EMA-Modulborste.png\",\"contentUrl\":\"https:\\\/\\\/emasweden.com\\\/wp-content\\\/uploads\\\/2021\\\/01\\\/EMA-Modulborste.png\",\"width\":2560,\"height\":1929,\"caption\":\"Sopborste 1500mm\"},{\"@type\":\"BreadcrumbList\",\"@id\":\"https:\\\/\\\/emasweden.com\\\/da\\\/produkt\\\/ema-kost-2100-mm-uden-ophaeng\\\/#breadcrumb\",\"itemListElement\":[{\"@type\":\"ListItem\",\"position\":1,\"name\":\"Hem\",\"item\":\"https:\\\/\\\/emasweden.com\\\/da\\\/\"},{\"@type\":\"ListItem\",\"position\":2,\"name\":\"Produktsortiment\",\"item\":\"https:\\\/\\\/emasweden.com\\\/da\\\/produktsortiment-2\\\/\"},{\"@type\":\"ListItem\",\"position\":3,\"name\":\"Ema-kost 2100 mm uden oph\u00e6ng\"}]},{\"@type\":\"WebSite\",\"@id\":\"https:\\\/\\\/emasweden.com\\\/da\\\/#website\",\"url\":\"https:\\\/\\\/emasweden.com\\\/da\\\/\",\"name\":\"EMA Sverige\",\"description\":\"\",\"potentialAction\":[{\"@type\":\"SearchAction\",\"target\":{\"@type\":\"EntryPoint\",\"urlTemplate\":\"https:\\\/\\\/emasweden.com\\\/da\\\/?s={search_term_string}\"},\"query-input\":{\"@type\":\"PropertyValueSpecification\",\"valueRequired\":true,\"valueName\":\"search_term_string\"}}],\"inLanguage\":\"da-DK\"}]}<\/script>\n<!-- \/ Yoast SEO plugin. -->","yoast_head_json":{"title":"Ema-kost 2100 mm uden oph\u00e6ng - EMA Sverige","description":"Fejeb\u00f8rste 2100 mm uden beslag. 11 udskiftelige r\u00e6kker af b\u00f8rsteh\u00e5r, st\u00e6rke b\u00f8rsteh\u00e5r for stabilitet uden stativ, ekstra forst\u00e6rket.","robots":{"index":"index","follow":"follow","max-snippet":"max-snippet:-1","max-image-preview":"max-image-preview:large","max-video-preview":"max-video-preview:-1"},"canonical":"https:\/\/emasweden.com\/da\/produkt\/ema-kost-2100-mm-uden-ophaeng\/","og_locale":"da_DK","og_type":"article","og_title":"Ema-kost 2100 mm uden oph\u00e6ng - EMA Sverige","og_description":"Fejeb\u00f8rste 2100 mm uden beslag. 11 udskiftelige r\u00e6kker af b\u00f8rsteh\u00e5r, st\u00e6rke b\u00f8rsteh\u00e5r for stabilitet uden stativ, ekstra forst\u00e6rket.","og_url":"https:\/\/emasweden.com\/da\/produkt\/ema-kost-2100-mm-uden-ophaeng\/","og_site_name":"EMA Sverige","article_modified_time":"2025-11-11T13:07:02+00:00","og_image":[{"width":2560,"height":1929,"url":"https:\/\/emasweden.com\/wp-content\/uploads\/2021\/01\/EMA-Modulborste.png","type":"image\/png"}],"twitter_card":"summary_large_image","twitter_misc":{"Estimeret l\u00e6setid":"1 minut"},"schema":{"@context":"https:\/\/schema.org","@graph":[{"@type":"WebPage","@id":"https:\/\/emasweden.com\/da\/produkt\/ema-kost-2100-mm-uden-ophaeng\/","url":"https:\/\/emasweden.com\/da\/produkt\/ema-kost-2100-mm-uden-ophaeng\/","name":"Ema-kost 2100 mm uden oph\u00e6ng - EMA Sverige","isPartOf":{"@id":"https:\/\/emasweden.com\/da\/#website"},"primaryImageOfPage":{"@id":"https:\/\/emasweden.com\/da\/produkt\/ema-kost-2100-mm-uden-ophaeng\/#primaryimage"},"image":{"@id":"https:\/\/emasweden.com\/da\/produkt\/ema-kost-2100-mm-uden-ophaeng\/#primaryimage"},"thumbnailUrl":"https:\/\/emasweden.com\/wp-content\/uploads\/2021\/01\/EMA-Modulborste.png","datePublished":"2021-01-20T13:35:25+00:00","dateModified":"2025-11-11T13:07:02+00:00","description":"Fejeb\u00f8rste 2100 mm uden beslag. 11 udskiftelige r\u00e6kker af b\u00f8rsteh\u00e5r, st\u00e6rke b\u00f8rsteh\u00e5r for stabilitet uden stativ, ekstra forst\u00e6rket.","breadcrumb":{"@id":"https:\/\/emasweden.com\/da\/produkt\/ema-kost-2100-mm-uden-ophaeng\/#breadcrumb"},"inLanguage":"da-DK","potentialAction":[{"@type":"ReadAction","target":["https:\/\/emasweden.com\/da\/produkt\/ema-kost-2100-mm-uden-ophaeng\/"]}]},{"@type":"ImageObject","inLanguage":"da-DK","@id":"https:\/\/emasweden.com\/da\/produkt\/ema-kost-2100-mm-uden-ophaeng\/#primaryimage","url":"https:\/\/emasweden.com\/wp-content\/uploads\/2021\/01\/EMA-Modulborste.png","contentUrl":"https:\/\/emasweden.com\/wp-content\/uploads\/2021\/01\/EMA-Modulborste.png","width":2560,"height":1929,"caption":"Sopborste 1500mm"},{"@type":"BreadcrumbList","@id":"https:\/\/emasweden.com\/da\/produkt\/ema-kost-2100-mm-uden-ophaeng\/#breadcrumb","itemListElement":[{"@type":"ListItem","position":1,"name":"Hem","item":"https:\/\/emasweden.com\/da\/"},{"@type":"ListItem","position":2,"name":"Produktsortiment","item":"https:\/\/emasweden.com\/da\/produktsortiment-2\/"},{"@type":"ListItem","position":3,"name":"Ema-kost 2100 mm uden oph\u00e6ng"}]},{"@type":"WebSite","@id":"https:\/\/emasweden.com\/da\/#website","url":"https:\/\/emasweden.com\/da\/","name":"EMA Sverige","description":"","potentialAction":[{"@type":"SearchAction","target":{"@type":"EntryPoint","urlTemplate":"https:\/\/emasweden.com\/da\/?s={search_term_string}"},"query-input":{"@type":"PropertyValueSpecification","valueRequired":true,"valueName":"search_term_string"}}],"inLanguage":"da-DK"}]}},"_links":{"self":[{"href":"https:\/\/emasweden.com\/da\/wp-json\/wp\/v2\/product\/19158","targetHints":{"allow":["GET"]}}],"collection":[{"href":"https:\/\/emasweden.com\/da\/wp-json\/wp\/v2\/product"}],"about":[{"href":"https:\/\/emasweden.com\/da\/wp-json\/wp\/v2\/types\/product"}],"wp:featuredmedia":[{"embeddable":true,"href":"https:\/\/emasweden.com\/da\/wp-json\/wp\/v2\/media\/21161"}],"wp:attachment":[{"href":"https:\/\/emasweden.com\/da\/wp-json\/wp\/v2\/media?parent=19158"}],"wp:term":[{"taxonomy":"product_brand","embeddable":true,"href":"https:\/\/emasweden.com\/da\/wp-json\/wp\/v2\/product_brand?post=19158"},{"taxonomy":"product_cat","embeddable":true,"href":"https:\/\/emasweden.com\/da\/wp-json\/wp\/v2\/product_cat?post=19158"},{"taxonomy":"product_tag","embeddable":true,"href":"https:\/\/emasweden.com\/da\/wp-json\/wp\/v2\/product_tag?post=19158"},{"taxonomy":"faste-y","embeddable":true,"href":"https:\/\/emasweden.com\/da\/wp-json\/wp\/v2\/faste-y?post=19158"}],"curies":[{"name":"wp","href":"https:\/\/api.w.org\/{rel}","templated":true}]}}