{"id":17422,"date":"2024-10-23T14:05:10","date_gmt":"2024-10-23T12:05:10","guid":{"rendered":"https:\/\/emasweden.com\/produkt\/aderleitungseimer-konisch-150l-300-500mm-s45\/"},"modified":"2025-10-01T12:59:12","modified_gmt":"2025-10-01T10:59:12","slug":"aderleitungseimer-konisch-150l-300-500mm-s45","status":"publish","type":"product","link":"https:\/\/emasweden.com\/de\/produkt\/aderleitungseimer-konisch-150l-300-500mm-s45\/","title":{"rendered":"Aderleitungseimer konisch &#8211; 150L &#8211; 300\/500mm &#8211; S45"},"content":{"rendered":"<p><sup>Kernkabelschaufel konisch 300\/500mm &#8211; S45<\/sup><br \/>&#8211; Optimales Design f\u00fcr effizienten Materialfluss<br \/>\n&#8211; Entwickelt, um das Arbeiten um und unter Kabeln zu vereinfachen.<br \/>\n&#8211; Vielf\u00e4ltiges Sortiment mit vielen verschiedenen Breiten- und Designoptionen<br \/>\n&#8211; Schnitt in HB 500 Material = Lange Lebensdauer<br \/>\n&#8211; Kehr-, Boden- und Verschlei\u00dfschutz in HB450 Material<br \/>\n= Lange Lebensdauer  <\/p>\n<p>LANGLEBIGKEIT MIT DEM RICHTIGEN MATERIAL<br \/>\nDie Haltbarkeit von Produkten ist ein wichtiger Schl\u00fcsselfaktor f\u00fcr die Rentabilit\u00e4t. Deshalb wird EMA Core aus Materialien mit einer Brinell-H\u00e4rte von HB450 hergestellt.   <\/p>\n<p>THE DISCOVERY DIFFERENCE<br \/>\nEntdecken Sie den Unterschied mit dem EMA Core Kabeleimer, der entwickelt wurde, um Ihre Aufgaben zu vereinfachen und die Produktivit\u00e4t zu steigern. Mit dem Fokus auf Agilit\u00e4t und Leistung ist EMA Core die ultimative Wahl, um Ihren Alltag zu rationalisieren und Betriebskosten zu senken. <\/p>\n","protected":false},"excerpt":{"rendered":"<p>Kernkabelschaufel konisch 300\/500mm &#8211; S45&#8211; Optimales Design f\u00fcr effizienten Materialfluss &#8211; Entwickelt, um das Arbeiten um und unter Kabeln zu vereinfachen. &#8211; Vielf\u00e4ltiges Sortiment mit vielen verschiedenen Breiten- und Designoptionen &#8211; Schnitt in HB 500 Material = Lange Lebensdauer &#8211; Kehr-, Boden- und Verschlei\u00dfschutz in HB450 Material = Lange Lebensdauer LANGLEBIGKEIT MIT DEM RICHTIGEN MATERIAL [&hellip;]<\/p>\n","protected":false},"featured_media":17387,"template":"","meta":{"_monsterinsights_skip_tracking":false,"_monsterinsights_sitenote_active":false,"_monsterinsights_sitenote_note":"","_monsterinsights_sitenote_category":0},"product_brand":[],"product_cat":[3421],"product_tag":[3322],"faste-y":[],"class_list":{"0":"post-17422","1":"product","2":"type-product","3":"status-publish","4":"has-post-thumbnail","6":"product_cat-kabelloeffel-schmaler-grabenloeffel-fuer-mobilbagger","7":"product_tag-kern","8":"pa_max-bredd-500mm","9":"pa_min-bredd-300mm","10":"pa_skar-20x250mm","11":"pa_vikt-155kg","13":"first","14":"instock","15":"purchasable","16":"product-type-simple"},"yoast_head":"<!-- This site is optimized with the Yoast SEO plugin v27.3 - https:\/\/yoast.com\/product\/yoast-seo-wordpress\/ -->\n<title>Aderleitungseimer konisch - 150L - 300\/500mm - S45 - EMA Sverige<\/title>\n<meta name=\"robots\" content=\"index, follow, max-snippet:-1, max-image-preview:large, max-video-preview:-1\" \/>\n<link rel=\"canonical\" href=\"https:\/\/emasweden.com\/de\/produkt\/aderleitungseimer-konisch-150l-300-500mm-s45\/\" \/>\n<meta property=\"og:locale\" content=\"de_DE\" \/>\n<meta property=\"og:type\" content=\"article\" \/>\n<meta property=\"og:title\" content=\"Aderleitungseimer konisch - 150L - 300\/500mm - S45 - EMA Sverige\" \/>\n<meta property=\"og:description\" content=\"Kernkabelschaufel konisch 300\/500mm &#8211; S45&#8211; Optimales Design f\u00fcr effizienten Materialfluss &#8211; Entwickelt, um das Arbeiten um und unter Kabeln zu vereinfachen. &#8211; Vielf\u00e4ltiges Sortiment mit vielen verschiedenen Breiten- und Designoptionen &#8211; Schnitt in HB 500 Material = Lange Lebensdauer &#8211; Kehr-, Boden- und Verschlei\u00dfschutz in HB450 Material = Lange Lebensdauer LANGLEBIGKEIT MIT DEM RICHTIGEN MATERIAL [&hellip;]\" \/>\n<meta property=\"og:url\" content=\"https:\/\/emasweden.com\/de\/produkt\/aderleitungseimer-konisch-150l-300-500mm-s45\/\" \/>\n<meta property=\"og:site_name\" content=\"EMA Sverige\" \/>\n<meta property=\"article:modified_time\" content=\"2025-10-01T10:59:12+00:00\" \/>\n<meta property=\"og:image\" content=\"https:\/\/emasweden.com\/wp-content\/uploads\/2024\/10\/CABLE-BUCKET-CONICAL.50.jpg\" \/>\n\t<meta property=\"og:image:width\" content=\"1920\" \/>\n\t<meta property=\"og:image:height\" content=\"1470\" \/>\n\t<meta property=\"og:image:type\" content=\"image\/jpeg\" \/>\n<meta name=\"twitter:card\" content=\"summary_large_image\" \/>\n<meta name=\"twitter:label1\" content=\"Gesch\u00e4tzte Lesezeit\" \/>\n\t<meta name=\"twitter:data1\" content=\"1\u00a0Minute\" \/>\n<script type=\"application\/ld+json\" class=\"yoast-schema-graph\">{\"@context\":\"https:\\\/\\\/schema.org\",\"@graph\":[{\"@type\":\"WebPage\",\"@id\":\"https:\\\/\\\/emasweden.com\\\/de\\\/produkt\\\/aderleitungseimer-konisch-150l-300-500mm-s45\\\/\",\"url\":\"https:\\\/\\\/emasweden.com\\\/de\\\/produkt\\\/aderleitungseimer-konisch-150l-300-500mm-s45\\\/\",\"name\":\"Aderleitungseimer konisch - 150L - 300\\\/500mm - S45 - EMA Sverige\",\"isPartOf\":{\"@id\":\"https:\\\/\\\/emasweden.com\\\/de\\\/#website\"},\"primaryImageOfPage\":{\"@id\":\"https:\\\/\\\/emasweden.com\\\/de\\\/produkt\\\/aderleitungseimer-konisch-150l-300-500mm-s45\\\/#primaryimage\"},\"image\":{\"@id\":\"https:\\\/\\\/emasweden.com\\\/de\\\/produkt\\\/aderleitungseimer-konisch-150l-300-500mm-s45\\\/#primaryimage\"},\"thumbnailUrl\":\"https:\\\/\\\/emasweden.com\\\/wp-content\\\/uploads\\\/2024\\\/10\\\/CABLE-BUCKET-CONICAL.50.jpg\",\"datePublished\":\"2024-10-23T12:05:10+00:00\",\"dateModified\":\"2025-10-01T10:59:12+00:00\",\"breadcrumb\":{\"@id\":\"https:\\\/\\\/emasweden.com\\\/de\\\/produkt\\\/aderleitungseimer-konisch-150l-300-500mm-s45\\\/#breadcrumb\"},\"inLanguage\":\"de\",\"potentialAction\":[{\"@type\":\"ReadAction\",\"target\":[\"https:\\\/\\\/emasweden.com\\\/de\\\/produkt\\\/aderleitungseimer-konisch-150l-300-500mm-s45\\\/\"]}]},{\"@type\":\"ImageObject\",\"inLanguage\":\"de\",\"@id\":\"https:\\\/\\\/emasweden.com\\\/de\\\/produkt\\\/aderleitungseimer-konisch-150l-300-500mm-s45\\\/#primaryimage\",\"url\":\"https:\\\/\\\/emasweden.com\\\/wp-content\\\/uploads\\\/2024\\\/10\\\/CABLE-BUCKET-CONICAL.50.jpg\",\"contentUrl\":\"https:\\\/\\\/emasweden.com\\\/wp-content\\\/uploads\\\/2024\\\/10\\\/CABLE-BUCKET-CONICAL.50.jpg\",\"width\":1920,\"height\":1470},{\"@type\":\"BreadcrumbList\",\"@id\":\"https:\\\/\\\/emasweden.com\\\/de\\\/produkt\\\/aderleitungseimer-konisch-150l-300-500mm-s45\\\/#breadcrumb\",\"itemListElement\":[{\"@type\":\"ListItem\",\"position\":1,\"name\":\"Hem\",\"item\":\"https:\\\/\\\/emasweden.com\\\/de\\\/\"},{\"@type\":\"ListItem\",\"position\":2,\"name\":\"Produktsortiment\",\"item\":\"https:\\\/\\\/emasweden.com\\\/de\\\/produktsortiment-2\\\/\"},{\"@type\":\"ListItem\",\"position\":3,\"name\":\"Aderleitungseimer konisch &#8211; 150L &#8211; 300\\\/500mm &#8211; S45\"}]},{\"@type\":\"WebSite\",\"@id\":\"https:\\\/\\\/emasweden.com\\\/de\\\/#website\",\"url\":\"https:\\\/\\\/emasweden.com\\\/de\\\/\",\"name\":\"EMA Sverige\",\"description\":\"\",\"potentialAction\":[{\"@type\":\"SearchAction\",\"target\":{\"@type\":\"EntryPoint\",\"urlTemplate\":\"https:\\\/\\\/emasweden.com\\\/de\\\/?s={search_term_string}\"},\"query-input\":{\"@type\":\"PropertyValueSpecification\",\"valueRequired\":true,\"valueName\":\"search_term_string\"}}],\"inLanguage\":\"de\"}]}<\/script>\n<!-- \/ Yoast SEO plugin. -->","yoast_head_json":{"title":"Aderleitungseimer konisch - 150L - 300\/500mm - S45 - EMA Sverige","robots":{"index":"index","follow":"follow","max-snippet":"max-snippet:-1","max-image-preview":"max-image-preview:large","max-video-preview":"max-video-preview:-1"},"canonical":"https:\/\/emasweden.com\/de\/produkt\/aderleitungseimer-konisch-150l-300-500mm-s45\/","og_locale":"de_DE","og_type":"article","og_title":"Aderleitungseimer konisch - 150L - 300\/500mm - S45 - EMA Sverige","og_description":"Kernkabelschaufel konisch 300\/500mm &#8211; S45&#8211; Optimales Design f\u00fcr effizienten Materialfluss &#8211; Entwickelt, um das Arbeiten um und unter Kabeln zu vereinfachen. &#8211; Vielf\u00e4ltiges Sortiment mit vielen verschiedenen Breiten- und Designoptionen &#8211; Schnitt in HB 500 Material = Lange Lebensdauer &#8211; Kehr-, Boden- und Verschlei\u00dfschutz in HB450 Material = Lange Lebensdauer LANGLEBIGKEIT MIT DEM RICHTIGEN MATERIAL [&hellip;]","og_url":"https:\/\/emasweden.com\/de\/produkt\/aderleitungseimer-konisch-150l-300-500mm-s45\/","og_site_name":"EMA Sverige","article_modified_time":"2025-10-01T10:59:12+00:00","og_image":[{"width":1920,"height":1470,"url":"https:\/\/emasweden.com\/wp-content\/uploads\/2024\/10\/CABLE-BUCKET-CONICAL.50.jpg","type":"image\/jpeg"}],"twitter_card":"summary_large_image","twitter_misc":{"Gesch\u00e4tzte Lesezeit":"1\u00a0Minute"},"schema":{"@context":"https:\/\/schema.org","@graph":[{"@type":"WebPage","@id":"https:\/\/emasweden.com\/de\/produkt\/aderleitungseimer-konisch-150l-300-500mm-s45\/","url":"https:\/\/emasweden.com\/de\/produkt\/aderleitungseimer-konisch-150l-300-500mm-s45\/","name":"Aderleitungseimer konisch - 150L - 300\/500mm - S45 - EMA Sverige","isPartOf":{"@id":"https:\/\/emasweden.com\/de\/#website"},"primaryImageOfPage":{"@id":"https:\/\/emasweden.com\/de\/produkt\/aderleitungseimer-konisch-150l-300-500mm-s45\/#primaryimage"},"image":{"@id":"https:\/\/emasweden.com\/de\/produkt\/aderleitungseimer-konisch-150l-300-500mm-s45\/#primaryimage"},"thumbnailUrl":"https:\/\/emasweden.com\/wp-content\/uploads\/2024\/10\/CABLE-BUCKET-CONICAL.50.jpg","datePublished":"2024-10-23T12:05:10+00:00","dateModified":"2025-10-01T10:59:12+00:00","breadcrumb":{"@id":"https:\/\/emasweden.com\/de\/produkt\/aderleitungseimer-konisch-150l-300-500mm-s45\/#breadcrumb"},"inLanguage":"de","potentialAction":[{"@type":"ReadAction","target":["https:\/\/emasweden.com\/de\/produkt\/aderleitungseimer-konisch-150l-300-500mm-s45\/"]}]},{"@type":"ImageObject","inLanguage":"de","@id":"https:\/\/emasweden.com\/de\/produkt\/aderleitungseimer-konisch-150l-300-500mm-s45\/#primaryimage","url":"https:\/\/emasweden.com\/wp-content\/uploads\/2024\/10\/CABLE-BUCKET-CONICAL.50.jpg","contentUrl":"https:\/\/emasweden.com\/wp-content\/uploads\/2024\/10\/CABLE-BUCKET-CONICAL.50.jpg","width":1920,"height":1470},{"@type":"BreadcrumbList","@id":"https:\/\/emasweden.com\/de\/produkt\/aderleitungseimer-konisch-150l-300-500mm-s45\/#breadcrumb","itemListElement":[{"@type":"ListItem","position":1,"name":"Hem","item":"https:\/\/emasweden.com\/de\/"},{"@type":"ListItem","position":2,"name":"Produktsortiment","item":"https:\/\/emasweden.com\/de\/produktsortiment-2\/"},{"@type":"ListItem","position":3,"name":"Aderleitungseimer konisch &#8211; 150L &#8211; 300\/500mm &#8211; S45"}]},{"@type":"WebSite","@id":"https:\/\/emasweden.com\/de\/#website","url":"https:\/\/emasweden.com\/de\/","name":"EMA Sverige","description":"","potentialAction":[{"@type":"SearchAction","target":{"@type":"EntryPoint","urlTemplate":"https:\/\/emasweden.com\/de\/?s={search_term_string}"},"query-input":{"@type":"PropertyValueSpecification","valueRequired":true,"valueName":"search_term_string"}}],"inLanguage":"de"}]}},"_links":{"self":[{"href":"https:\/\/emasweden.com\/de\/wp-json\/wp\/v2\/product\/17422","targetHints":{"allow":["GET"]}}],"collection":[{"href":"https:\/\/emasweden.com\/de\/wp-json\/wp\/v2\/product"}],"about":[{"href":"https:\/\/emasweden.com\/de\/wp-json\/wp\/v2\/types\/product"}],"wp:featuredmedia":[{"embeddable":true,"href":"https:\/\/emasweden.com\/de\/wp-json\/wp\/v2\/media\/17387"}],"wp:attachment":[{"href":"https:\/\/emasweden.com\/de\/wp-json\/wp\/v2\/media?parent=17422"}],"wp:term":[{"taxonomy":"product_brand","embeddable":true,"href":"https:\/\/emasweden.com\/de\/wp-json\/wp\/v2\/product_brand?post=17422"},{"taxonomy":"product_cat","embeddable":true,"href":"https:\/\/emasweden.com\/de\/wp-json\/wp\/v2\/product_cat?post=17422"},{"taxonomy":"product_tag","embeddable":true,"href":"https:\/\/emasweden.com\/de\/wp-json\/wp\/v2\/product_tag?post=17422"},{"taxonomy":"faste-y","embeddable":true,"href":"https:\/\/emasweden.com\/de\/wp-json\/wp\/v2\/faste-y?post=17422"}],"curies":[{"name":"wp","href":"https:\/\/api.w.org\/{rel}","templated":true}]}}