{"id":17851,"date":"2021-03-16T11:16:25","date_gmt":"2021-03-16T10:16:25","guid":{"rendered":"https:\/\/emasweden.com\/produkt\/hd-holzhaken-tx350-b20\/"},"modified":"2025-10-01T13:04:07","modified_gmt":"2025-10-01T11:04:07","slug":"hd-holzhaken-tx350-b20","status":"publish","type":"product","link":"https:\/\/emasweden.com\/de\/produkt\/hd-holzhaken-tx350-b20\/","title":{"rendered":"HD-Holzhaken &#8211; TX350 &#8211; B20"},"content":{"rendered":"<p><sup>HD Pinnenhaken &#8211; TX350 &#8211; B20<\/sup><br \/>&#8211; Heavy Duty (HD) ist das Kraftpaket in unserer Produktpalette. Hier wird bei <x id=\"gid_1\"><\/x>an nichts gespart, wenn es um die Materialien geht. Dieses Kraftpaket wird vor allem von Anwendern verwendet, die<br \/>\nsehr hohe Anforderungen an ihre Produkte stellen und in denen Sie h\u00e4ufig in Umgebungen arbeiten, die das gewisse Extra in Sachen Haltbarkeit erfordern (<br \/>\n).    <\/p>\n<p>&#8211; Robustes Design<br \/>\n<br \/>&#8211; Entwickelt f\u00fcr kontinuierliche und anspruchsvolle Arbeit<br \/>\n<br \/>&#8211; Hardox\u00ae 450 in allen Verschlei\u00dffl\u00e4chen<br \/>\n<br \/>&#8211; CAT-Dental-System<br \/>\n<br \/>&#8211; Breiter R\u00fccken f\u00fcr einfaches und sicheres Absteigen &#8211; der breite R\u00fccken sorgt auch f\u00fcr besseren Halt<\/p>\n","protected":false},"excerpt":{"rendered":"<p>HD Pinnenhaken &#8211; TX350 &#8211; B20&#8211; Heavy Duty (HD) ist das Kraftpaket in unserer Produktpalette. Hier wird bei an nichts gespart, wenn es um die Materialien geht. Dieses Kraftpaket wird vor allem von Anwendern verwendet, die sehr hohe Anforderungen an ihre Produkte stellen und in denen Sie h\u00e4ufig in Umgebungen arbeiten, die das gewisse Extra [&hellip;]<\/p>\n","protected":false},"featured_media":22787,"template":"","meta":{"_monsterinsights_skip_tracking":false,"_monsterinsights_sitenote_active":false,"_monsterinsights_sitenote_note":"","_monsterinsights_sitenote_category":0},"product_brand":[],"product_cat":[3719],"product_tag":[],"faste-y":[],"class_list":{"0":"post-17851","1":"product","2":"type-product","3":"status-publish","4":"has-post-thumbnail","6":"product_cat-reisszahn","7":"pa_max-bredd-484mm","8":"pa_tand-j350","9":"pa_vikt-465kg","11":"first","12":"instock","13":"purchasable","14":"product-type-simple"},"yoast_head":"<!-- This site is optimized with the Yoast SEO plugin v27.3 - https:\/\/yoast.com\/product\/yoast-seo-wordpress\/ -->\n<title>HD-Holzhaken - TX350 - B20 - EMA Sverige<\/title>\n<meta name=\"description\" content=\"HD Pinnenhaken - TX350 - B20. Hardox\u00ae 450 in allen Verschlei\u00dffl\u00e4chen, entwickelt f\u00fcr kontinuierliche und anspruchsvolle Arbeit.\" \/>\n<meta name=\"robots\" content=\"index, follow, max-snippet:-1, max-image-preview:large, max-video-preview:-1\" \/>\n<link rel=\"canonical\" href=\"https:\/\/emasweden.com\/de\/produkt\/hd-holzhaken-tx350-b20\/\" \/>\n<meta property=\"og:locale\" content=\"de_DE\" \/>\n<meta property=\"og:type\" content=\"article\" \/>\n<meta property=\"og:title\" content=\"HD-Holzhaken - TX350 - B20 - EMA Sverige\" \/>\n<meta property=\"og:description\" content=\"HD Pinnenhaken - TX350 - B20. Hardox\u00ae 450 in allen Verschlei\u00dffl\u00e4chen, entwickelt f\u00fcr kontinuierliche und anspruchsvolle Arbeit.\" \/>\n<meta property=\"og:url\" content=\"https:\/\/emasweden.com\/de\/produkt\/hd-holzhaken-tx350-b20\/\" \/>\n<meta property=\"og:site_name\" content=\"EMA Sverige\" \/>\n<meta property=\"article:modified_time\" content=\"2025-10-01T11:04:07+00:00\" \/>\n<meta property=\"og:image\" content=\"https:\/\/emasweden.com\/wp-content\/uploads\/2021\/03\/7299005_1.jpg\" \/>\n\t<meta property=\"og:image:width\" content=\"1000\" \/>\n\t<meta property=\"og:image:height\" content=\"750\" \/>\n\t<meta property=\"og:image:type\" content=\"image\/jpeg\" \/>\n<meta name=\"twitter:card\" content=\"summary_large_image\" \/>\n<meta name=\"twitter:label1\" content=\"Gesch\u00e4tzte Lesezeit\" \/>\n\t<meta name=\"twitter:data1\" content=\"1\u00a0Minute\" \/>\n<script type=\"application\/ld+json\" class=\"yoast-schema-graph\">{\"@context\":\"https:\\\/\\\/schema.org\",\"@graph\":[{\"@type\":\"WebPage\",\"@id\":\"https:\\\/\\\/emasweden.com\\\/de\\\/produkt\\\/hd-holzhaken-tx350-b20\\\/\",\"url\":\"https:\\\/\\\/emasweden.com\\\/de\\\/produkt\\\/hd-holzhaken-tx350-b20\\\/\",\"name\":\"HD-Holzhaken - TX350 - B20 - EMA Sverige\",\"isPartOf\":{\"@id\":\"https:\\\/\\\/emasweden.com\\\/de\\\/#website\"},\"primaryImageOfPage\":{\"@id\":\"https:\\\/\\\/emasweden.com\\\/de\\\/produkt\\\/hd-holzhaken-tx350-b20\\\/#primaryimage\"},\"image\":{\"@id\":\"https:\\\/\\\/emasweden.com\\\/de\\\/produkt\\\/hd-holzhaken-tx350-b20\\\/#primaryimage\"},\"thumbnailUrl\":\"https:\\\/\\\/emasweden.com\\\/wp-content\\\/uploads\\\/2021\\\/03\\\/7299005_1.jpg\",\"datePublished\":\"2021-03-16T10:16:25+00:00\",\"dateModified\":\"2025-10-01T11:04:07+00:00\",\"description\":\"HD Pinnenhaken - TX350 - B20. Hardox\u00ae 450 in allen Verschlei\u00dffl\u00e4chen, entwickelt f\u00fcr kontinuierliche und anspruchsvolle Arbeit.\",\"breadcrumb\":{\"@id\":\"https:\\\/\\\/emasweden.com\\\/de\\\/produkt\\\/hd-holzhaken-tx350-b20\\\/#breadcrumb\"},\"inLanguage\":\"de\",\"potentialAction\":[{\"@type\":\"ReadAction\",\"target\":[\"https:\\\/\\\/emasweden.com\\\/de\\\/produkt\\\/hd-holzhaken-tx350-b20\\\/\"]}]},{\"@type\":\"ImageObject\",\"inLanguage\":\"de\",\"@id\":\"https:\\\/\\\/emasweden.com\\\/de\\\/produkt\\\/hd-holzhaken-tx350-b20\\\/#primaryimage\",\"url\":\"https:\\\/\\\/emasweden.com\\\/wp-content\\\/uploads\\\/2021\\\/03\\\/7299005_1.jpg\",\"contentUrl\":\"https:\\\/\\\/emasweden.com\\\/wp-content\\\/uploads\\\/2021\\\/03\\\/7299005_1.jpg\",\"width\":1000,\"height\":750,\"caption\":\"EMA HD Tj\u00e4lkrok\"},{\"@type\":\"BreadcrumbList\",\"@id\":\"https:\\\/\\\/emasweden.com\\\/de\\\/produkt\\\/hd-holzhaken-tx350-b20\\\/#breadcrumb\",\"itemListElement\":[{\"@type\":\"ListItem\",\"position\":1,\"name\":\"Hem\",\"item\":\"https:\\\/\\\/emasweden.com\\\/de\\\/\"},{\"@type\":\"ListItem\",\"position\":2,\"name\":\"Produktsortiment\",\"item\":\"https:\\\/\\\/emasweden.com\\\/de\\\/produktsortiment-2\\\/\"},{\"@type\":\"ListItem\",\"position\":3,\"name\":\"HD-Holzhaken &#8211; TX350 &#8211; B20\"}]},{\"@type\":\"WebSite\",\"@id\":\"https:\\\/\\\/emasweden.com\\\/de\\\/#website\",\"url\":\"https:\\\/\\\/emasweden.com\\\/de\\\/\",\"name\":\"EMA Sverige\",\"description\":\"\",\"potentialAction\":[{\"@type\":\"SearchAction\",\"target\":{\"@type\":\"EntryPoint\",\"urlTemplate\":\"https:\\\/\\\/emasweden.com\\\/de\\\/?s={search_term_string}\"},\"query-input\":{\"@type\":\"PropertyValueSpecification\",\"valueRequired\":true,\"valueName\":\"search_term_string\"}}],\"inLanguage\":\"de\"}]}<\/script>\n<!-- \/ Yoast SEO plugin. -->","yoast_head_json":{"title":"HD-Holzhaken - TX350 - B20 - EMA Sverige","description":"HD Pinnenhaken - TX350 - B20. Hardox\u00ae 450 in allen Verschlei\u00dffl\u00e4chen, entwickelt f\u00fcr kontinuierliche und anspruchsvolle Arbeit.","robots":{"index":"index","follow":"follow","max-snippet":"max-snippet:-1","max-image-preview":"max-image-preview:large","max-video-preview":"max-video-preview:-1"},"canonical":"https:\/\/emasweden.com\/de\/produkt\/hd-holzhaken-tx350-b20\/","og_locale":"de_DE","og_type":"article","og_title":"HD-Holzhaken - TX350 - B20 - EMA Sverige","og_description":"HD Pinnenhaken - TX350 - B20. Hardox\u00ae 450 in allen Verschlei\u00dffl\u00e4chen, entwickelt f\u00fcr kontinuierliche und anspruchsvolle Arbeit.","og_url":"https:\/\/emasweden.com\/de\/produkt\/hd-holzhaken-tx350-b20\/","og_site_name":"EMA Sverige","article_modified_time":"2025-10-01T11:04:07+00:00","og_image":[{"width":1000,"height":750,"url":"https:\/\/emasweden.com\/wp-content\/uploads\/2021\/03\/7299005_1.jpg","type":"image\/jpeg"}],"twitter_card":"summary_large_image","twitter_misc":{"Gesch\u00e4tzte Lesezeit":"1\u00a0Minute"},"schema":{"@context":"https:\/\/schema.org","@graph":[{"@type":"WebPage","@id":"https:\/\/emasweden.com\/de\/produkt\/hd-holzhaken-tx350-b20\/","url":"https:\/\/emasweden.com\/de\/produkt\/hd-holzhaken-tx350-b20\/","name":"HD-Holzhaken - TX350 - B20 - EMA Sverige","isPartOf":{"@id":"https:\/\/emasweden.com\/de\/#website"},"primaryImageOfPage":{"@id":"https:\/\/emasweden.com\/de\/produkt\/hd-holzhaken-tx350-b20\/#primaryimage"},"image":{"@id":"https:\/\/emasweden.com\/de\/produkt\/hd-holzhaken-tx350-b20\/#primaryimage"},"thumbnailUrl":"https:\/\/emasweden.com\/wp-content\/uploads\/2021\/03\/7299005_1.jpg","datePublished":"2021-03-16T10:16:25+00:00","dateModified":"2025-10-01T11:04:07+00:00","description":"HD Pinnenhaken - TX350 - B20. Hardox\u00ae 450 in allen Verschlei\u00dffl\u00e4chen, entwickelt f\u00fcr kontinuierliche und anspruchsvolle Arbeit.","breadcrumb":{"@id":"https:\/\/emasweden.com\/de\/produkt\/hd-holzhaken-tx350-b20\/#breadcrumb"},"inLanguage":"de","potentialAction":[{"@type":"ReadAction","target":["https:\/\/emasweden.com\/de\/produkt\/hd-holzhaken-tx350-b20\/"]}]},{"@type":"ImageObject","inLanguage":"de","@id":"https:\/\/emasweden.com\/de\/produkt\/hd-holzhaken-tx350-b20\/#primaryimage","url":"https:\/\/emasweden.com\/wp-content\/uploads\/2021\/03\/7299005_1.jpg","contentUrl":"https:\/\/emasweden.com\/wp-content\/uploads\/2021\/03\/7299005_1.jpg","width":1000,"height":750,"caption":"EMA HD Tj\u00e4lkrok"},{"@type":"BreadcrumbList","@id":"https:\/\/emasweden.com\/de\/produkt\/hd-holzhaken-tx350-b20\/#breadcrumb","itemListElement":[{"@type":"ListItem","position":1,"name":"Hem","item":"https:\/\/emasweden.com\/de\/"},{"@type":"ListItem","position":2,"name":"Produktsortiment","item":"https:\/\/emasweden.com\/de\/produktsortiment-2\/"},{"@type":"ListItem","position":3,"name":"HD-Holzhaken &#8211; TX350 &#8211; B20"}]},{"@type":"WebSite","@id":"https:\/\/emasweden.com\/de\/#website","url":"https:\/\/emasweden.com\/de\/","name":"EMA Sverige","description":"","potentialAction":[{"@type":"SearchAction","target":{"@type":"EntryPoint","urlTemplate":"https:\/\/emasweden.com\/de\/?s={search_term_string}"},"query-input":{"@type":"PropertyValueSpecification","valueRequired":true,"valueName":"search_term_string"}}],"inLanguage":"de"}]}},"_links":{"self":[{"href":"https:\/\/emasweden.com\/de\/wp-json\/wp\/v2\/product\/17851","targetHints":{"allow":["GET"]}}],"collection":[{"href":"https:\/\/emasweden.com\/de\/wp-json\/wp\/v2\/product"}],"about":[{"href":"https:\/\/emasweden.com\/de\/wp-json\/wp\/v2\/types\/product"}],"wp:featuredmedia":[{"embeddable":true,"href":"https:\/\/emasweden.com\/de\/wp-json\/wp\/v2\/media\/22787"}],"wp:attachment":[{"href":"https:\/\/emasweden.com\/de\/wp-json\/wp\/v2\/media?parent=17851"}],"wp:term":[{"taxonomy":"product_brand","embeddable":true,"href":"https:\/\/emasweden.com\/de\/wp-json\/wp\/v2\/product_brand?post=17851"},{"taxonomy":"product_cat","embeddable":true,"href":"https:\/\/emasweden.com\/de\/wp-json\/wp\/v2\/product_cat?post=17851"},{"taxonomy":"product_tag","embeddable":true,"href":"https:\/\/emasweden.com\/de\/wp-json\/wp\/v2\/product_tag?post=17851"},{"taxonomy":"faste-y","embeddable":true,"href":"https:\/\/emasweden.com\/de\/wp-json\/wp\/v2\/faste-y?post=17851"}],"curies":[{"name":"wp","href":"https:\/\/api.w.org\/{rel}","templated":true}]}}