{"id":17876,"date":"2021-03-16T11:16:53","date_gmt":"2021-03-16T10:16:53","guid":{"rendered":"https:\/\/emasweden.com\/produkt\/hd-pinnenhaken-tx550-s90\/"},"modified":"2025-12-08T10:28:56","modified_gmt":"2025-12-08T09:28:56","slug":"hd-reisszahn-tx550-s90","status":"publish","type":"product","link":"https:\/\/emasweden.com\/de\/produkt\/hd-reisszahn-tx550-s90\/","title":{"rendered":"HD Reisszahn &#8211; TX550 &#8211; S90"},"content":{"rendered":"<p><sup>HD Reisszahn &#8211; TX550 &#8211; S90<\/sup><br \/>\n&#8211; Heavy Duty (HD) ist das Kraftpaket in unserem Sortiment. Hier wird bei an nichts gespart, wenn es um die Materialien geht. Dieses Kraftpaket wird vor allem von Anwendern verwendet, die<br \/>\nsehr hohe Anforderungen an ihre Produkte stellen und in denen Sie h\u00e4ufig in Umgebungen arbeiten, die das gewisse Extra in Sachen Haltbarkeit erfordern (<br \/>\n).<\/p>\n<p>&#8211; Robustes Design<\/p>\n<p>&#8211; Entwickelt f\u00fcr kontinuierliche und anspruchsvolle Arbeit<\/p>\n<p>&#8211; Hardox\u00ae 450 in allen Verschlei\u00dffl\u00e4chen<\/p>\n<p>&#8211; CAT-Dental-System<\/p>\n<p>&#8211; Breiter R\u00fccken f\u00fcr einfaches und sicheres Absteigen &#8211; der breite R\u00fccken sorgt auch f\u00fcr besseren Halt<\/p>\n","protected":false},"excerpt":{"rendered":"<p>HD Reisszahn &#8211; TX550 &#8211; S90 &#8211; Heavy Duty (HD) ist das Kraftpaket in unserem Sortiment. Hier wird bei an nichts gespart, wenn es um die Materialien geht. Dieses Kraftpaket wird vor allem von Anwendern verwendet, die sehr hohe Anforderungen an ihre Produkte stellen und in denen Sie h\u00e4ufig in Umgebungen arbeiten, die das gewisse [&hellip;]<\/p>\n","protected":false},"featured_media":22827,"template":"","meta":{"_monsterinsights_skip_tracking":false,"_monsterinsights_sitenote_active":false,"_monsterinsights_sitenote_note":"","_monsterinsights_sitenote_category":0},"product_brand":[],"product_cat":[3719],"product_tag":[],"faste-y":[],"class_list":{"0":"post-17876","1":"product","2":"type-product","3":"status-publish","4":"has-post-thumbnail","6":"product_cat-reisszahn","7":"pa_max-bredd-882mm","8":"pa_tand-j550","9":"pa_vikt-1225kg","11":"first","12":"instock","13":"purchasable","14":"product-type-simple"},"yoast_head":"<!-- This site is optimized with the Yoast SEO plugin v27.3 - https:\/\/yoast.com\/product\/yoast-seo-wordpress\/ -->\n<title>HD Reisszahn - TX550 - S90 - EMA Sverige<\/title>\n<meta name=\"description\" content=\"EMA HD Reisszahn - TX550 - S90. Hardox\u00ae 450 in allen Verschlei\u00dffl\u00e4chen, entwickelt f\u00fcr kontinuierliche und anspruchsvolle Arbeit.\" \/>\n<meta name=\"robots\" content=\"index, follow, max-snippet:-1, max-image-preview:large, max-video-preview:-1\" \/>\n<link rel=\"canonical\" href=\"https:\/\/emasweden.com\/de\/produkt\/hd-reisszahn-tx550-s90\/\" \/>\n<meta property=\"og:locale\" content=\"de_DE\" \/>\n<meta property=\"og:type\" content=\"article\" \/>\n<meta property=\"og:title\" content=\"HD Reisszahn - TX550 - S90 - EMA Sverige\" \/>\n<meta property=\"og:description\" content=\"EMA HD Reisszahn - TX550 - S90. Hardox\u00ae 450 in allen Verschlei\u00dffl\u00e4chen, entwickelt f\u00fcr kontinuierliche und anspruchsvolle Arbeit.\" \/>\n<meta property=\"og:url\" content=\"https:\/\/emasweden.com\/de\/produkt\/hd-reisszahn-tx550-s90\/\" \/>\n<meta property=\"og:site_name\" content=\"EMA Sverige\" \/>\n<meta property=\"article:modified_time\" content=\"2025-12-08T09:28:56+00:00\" \/>\n<meta property=\"og:image\" content=\"https:\/\/emasweden.com\/wp-content\/uploads\/2021\/03\/7299011_1.jpg\" \/>\n\t<meta property=\"og:image:width\" content=\"1000\" \/>\n\t<meta property=\"og:image:height\" content=\"750\" \/>\n\t<meta property=\"og:image:type\" content=\"image\/jpeg\" \/>\n<meta name=\"twitter:card\" content=\"summary_large_image\" \/>\n<meta name=\"twitter:label1\" content=\"Gesch\u00e4tzte Lesezeit\" \/>\n\t<meta name=\"twitter:data1\" content=\"1\u00a0Minute\" \/>\n<script type=\"application\/ld+json\" class=\"yoast-schema-graph\">{\"@context\":\"https:\\\/\\\/schema.org\",\"@graph\":[{\"@type\":\"WebPage\",\"@id\":\"https:\\\/\\\/emasweden.com\\\/de\\\/produkt\\\/hd-reisszahn-tx550-s90\\\/\",\"url\":\"https:\\\/\\\/emasweden.com\\\/de\\\/produkt\\\/hd-reisszahn-tx550-s90\\\/\",\"name\":\"HD Reisszahn - TX550 - S90 - EMA Sverige\",\"isPartOf\":{\"@id\":\"https:\\\/\\\/emasweden.com\\\/de\\\/#website\"},\"primaryImageOfPage\":{\"@id\":\"https:\\\/\\\/emasweden.com\\\/de\\\/produkt\\\/hd-reisszahn-tx550-s90\\\/#primaryimage\"},\"image\":{\"@id\":\"https:\\\/\\\/emasweden.com\\\/de\\\/produkt\\\/hd-reisszahn-tx550-s90\\\/#primaryimage\"},\"thumbnailUrl\":\"https:\\\/\\\/emasweden.com\\\/wp-content\\\/uploads\\\/2021\\\/03\\\/7299011_1.jpg\",\"datePublished\":\"2021-03-16T10:16:53+00:00\",\"dateModified\":\"2025-12-08T09:28:56+00:00\",\"description\":\"EMA HD Reisszahn - TX550 - S90. Hardox\u00ae 450 in allen Verschlei\u00dffl\u00e4chen, entwickelt f\u00fcr kontinuierliche und anspruchsvolle Arbeit.\",\"breadcrumb\":{\"@id\":\"https:\\\/\\\/emasweden.com\\\/de\\\/produkt\\\/hd-reisszahn-tx550-s90\\\/#breadcrumb\"},\"inLanguage\":\"de\",\"potentialAction\":[{\"@type\":\"ReadAction\",\"target\":[\"https:\\\/\\\/emasweden.com\\\/de\\\/produkt\\\/hd-reisszahn-tx550-s90\\\/\"]}]},{\"@type\":\"ImageObject\",\"inLanguage\":\"de\",\"@id\":\"https:\\\/\\\/emasweden.com\\\/de\\\/produkt\\\/hd-reisszahn-tx550-s90\\\/#primaryimage\",\"url\":\"https:\\\/\\\/emasweden.com\\\/wp-content\\\/uploads\\\/2021\\\/03\\\/7299011_1.jpg\",\"contentUrl\":\"https:\\\/\\\/emasweden.com\\\/wp-content\\\/uploads\\\/2021\\\/03\\\/7299011_1.jpg\",\"width\":1000,\"height\":750,\"caption\":\"EMA HD Tj\u00e4lkrok\"},{\"@type\":\"BreadcrumbList\",\"@id\":\"https:\\\/\\\/emasweden.com\\\/de\\\/produkt\\\/hd-reisszahn-tx550-s90\\\/#breadcrumb\",\"itemListElement\":[{\"@type\":\"ListItem\",\"position\":1,\"name\":\"Hem\",\"item\":\"https:\\\/\\\/emasweden.com\\\/de\\\/\"},{\"@type\":\"ListItem\",\"position\":2,\"name\":\"Produktsortiment\",\"item\":\"https:\\\/\\\/emasweden.com\\\/de\\\/produktsortiment-2\\\/\"},{\"@type\":\"ListItem\",\"position\":3,\"name\":\"HD Reisszahn &#8211; TX550 &#8211; S90\"}]},{\"@type\":\"WebSite\",\"@id\":\"https:\\\/\\\/emasweden.com\\\/de\\\/#website\",\"url\":\"https:\\\/\\\/emasweden.com\\\/de\\\/\",\"name\":\"EMA Sverige\",\"description\":\"\",\"potentialAction\":[{\"@type\":\"SearchAction\",\"target\":{\"@type\":\"EntryPoint\",\"urlTemplate\":\"https:\\\/\\\/emasweden.com\\\/de\\\/?s={search_term_string}\"},\"query-input\":{\"@type\":\"PropertyValueSpecification\",\"valueRequired\":true,\"valueName\":\"search_term_string\"}}],\"inLanguage\":\"de\"}]}<\/script>\n<!-- \/ Yoast SEO plugin. -->","yoast_head_json":{"title":"HD Reisszahn - TX550 - S90 - EMA Sverige","description":"EMA HD Reisszahn - TX550 - S90. Hardox\u00ae 450 in allen Verschlei\u00dffl\u00e4chen, entwickelt f\u00fcr kontinuierliche und anspruchsvolle Arbeit.","robots":{"index":"index","follow":"follow","max-snippet":"max-snippet:-1","max-image-preview":"max-image-preview:large","max-video-preview":"max-video-preview:-1"},"canonical":"https:\/\/emasweden.com\/de\/produkt\/hd-reisszahn-tx550-s90\/","og_locale":"de_DE","og_type":"article","og_title":"HD Reisszahn - TX550 - S90 - EMA Sverige","og_description":"EMA HD Reisszahn - TX550 - S90. Hardox\u00ae 450 in allen Verschlei\u00dffl\u00e4chen, entwickelt f\u00fcr kontinuierliche und anspruchsvolle Arbeit.","og_url":"https:\/\/emasweden.com\/de\/produkt\/hd-reisszahn-tx550-s90\/","og_site_name":"EMA Sverige","article_modified_time":"2025-12-08T09:28:56+00:00","og_image":[{"width":1000,"height":750,"url":"https:\/\/emasweden.com\/wp-content\/uploads\/2021\/03\/7299011_1.jpg","type":"image\/jpeg"}],"twitter_card":"summary_large_image","twitter_misc":{"Gesch\u00e4tzte Lesezeit":"1\u00a0Minute"},"schema":{"@context":"https:\/\/schema.org","@graph":[{"@type":"WebPage","@id":"https:\/\/emasweden.com\/de\/produkt\/hd-reisszahn-tx550-s90\/","url":"https:\/\/emasweden.com\/de\/produkt\/hd-reisszahn-tx550-s90\/","name":"HD Reisszahn - TX550 - S90 - EMA Sverige","isPartOf":{"@id":"https:\/\/emasweden.com\/de\/#website"},"primaryImageOfPage":{"@id":"https:\/\/emasweden.com\/de\/produkt\/hd-reisszahn-tx550-s90\/#primaryimage"},"image":{"@id":"https:\/\/emasweden.com\/de\/produkt\/hd-reisszahn-tx550-s90\/#primaryimage"},"thumbnailUrl":"https:\/\/emasweden.com\/wp-content\/uploads\/2021\/03\/7299011_1.jpg","datePublished":"2021-03-16T10:16:53+00:00","dateModified":"2025-12-08T09:28:56+00:00","description":"EMA HD Reisszahn - TX550 - S90. Hardox\u00ae 450 in allen Verschlei\u00dffl\u00e4chen, entwickelt f\u00fcr kontinuierliche und anspruchsvolle Arbeit.","breadcrumb":{"@id":"https:\/\/emasweden.com\/de\/produkt\/hd-reisszahn-tx550-s90\/#breadcrumb"},"inLanguage":"de","potentialAction":[{"@type":"ReadAction","target":["https:\/\/emasweden.com\/de\/produkt\/hd-reisszahn-tx550-s90\/"]}]},{"@type":"ImageObject","inLanguage":"de","@id":"https:\/\/emasweden.com\/de\/produkt\/hd-reisszahn-tx550-s90\/#primaryimage","url":"https:\/\/emasweden.com\/wp-content\/uploads\/2021\/03\/7299011_1.jpg","contentUrl":"https:\/\/emasweden.com\/wp-content\/uploads\/2021\/03\/7299011_1.jpg","width":1000,"height":750,"caption":"EMA HD Tj\u00e4lkrok"},{"@type":"BreadcrumbList","@id":"https:\/\/emasweden.com\/de\/produkt\/hd-reisszahn-tx550-s90\/#breadcrumb","itemListElement":[{"@type":"ListItem","position":1,"name":"Hem","item":"https:\/\/emasweden.com\/de\/"},{"@type":"ListItem","position":2,"name":"Produktsortiment","item":"https:\/\/emasweden.com\/de\/produktsortiment-2\/"},{"@type":"ListItem","position":3,"name":"HD Reisszahn &#8211; TX550 &#8211; S90"}]},{"@type":"WebSite","@id":"https:\/\/emasweden.com\/de\/#website","url":"https:\/\/emasweden.com\/de\/","name":"EMA Sverige","description":"","potentialAction":[{"@type":"SearchAction","target":{"@type":"EntryPoint","urlTemplate":"https:\/\/emasweden.com\/de\/?s={search_term_string}"},"query-input":{"@type":"PropertyValueSpecification","valueRequired":true,"valueName":"search_term_string"}}],"inLanguage":"de"}]}},"_links":{"self":[{"href":"https:\/\/emasweden.com\/de\/wp-json\/wp\/v2\/product\/17876","targetHints":{"allow":["GET"]}}],"collection":[{"href":"https:\/\/emasweden.com\/de\/wp-json\/wp\/v2\/product"}],"about":[{"href":"https:\/\/emasweden.com\/de\/wp-json\/wp\/v2\/types\/product"}],"wp:featuredmedia":[{"embeddable":true,"href":"https:\/\/emasweden.com\/de\/wp-json\/wp\/v2\/media\/22827"}],"wp:attachment":[{"href":"https:\/\/emasweden.com\/de\/wp-json\/wp\/v2\/media?parent=17876"}],"wp:term":[{"taxonomy":"product_brand","embeddable":true,"href":"https:\/\/emasweden.com\/de\/wp-json\/wp\/v2\/product_brand?post=17876"},{"taxonomy":"product_cat","embeddable":true,"href":"https:\/\/emasweden.com\/de\/wp-json\/wp\/v2\/product_cat?post=17876"},{"taxonomy":"product_tag","embeddable":true,"href":"https:\/\/emasweden.com\/de\/wp-json\/wp\/v2\/product_tag?post=17876"},{"taxonomy":"faste-y","embeddable":true,"href":"https:\/\/emasweden.com\/de\/wp-json\/wp\/v2\/faste-y?post=17876"}],"curies":[{"name":"wp","href":"https:\/\/api.w.org\/{rel}","templated":true}]}}