{"id":17951,"date":"2023-02-13T17:46:44","date_gmt":"2023-02-13T16:46:44","guid":{"rendered":"https:\/\/emasweden.com\/produkt\/ema-aufsatz-fuer-besen-s50\/"},"modified":"2025-10-01T13:05:21","modified_gmt":"2025-10-01T11:05:21","slug":"ema-aufsatz-fuer-besen-s50","status":"publish","type":"product","link":"https:\/\/emasweden.com\/de\/produkt\/ema-aufsatz-fuer-besen-s50\/","title":{"rendered":"Ema Aufsatz f\u00fcr Besen &#8211; S50"},"content":{"rendered":"<p>EMA-Aufsatz f\u00fcr Besen &#8211; S50<\/p>\n<p>&nbsp;<\/p>\n<p>Die Halterung passt auf alle EMA-Besen;<\/p>\n<p>&nbsp;<\/p>\n<ul>\n<li><strong><a href=\"https:\/\/emasweden.com\/de\/produkt\/ema-besen-1200mm-ohne-stiel\/\">Ema Besen 1200mm ohne Stiel<\/a><\/strong><\/li>\n<li><strong><a href=\"https:\/\/emasweden.com\/de\/produkt\/ema-besen-1500mm-ohne-stiel\/\">Ema Besen 1500mm ohne Stiel<\/a><\/strong><\/li>\n<li><strong><a href=\"https:\/\/emasweden.com\/de\/produkt\/ema-besen-1800mm-ohne-stiel\/\">Ema Besen 1800mm ohne Stiel<\/a><\/strong><\/li>\n<li><strong><a href=\"https:\/\/emasweden.com\/de\/produkt\/ema-besen-2100mm-ohne-stiel\/\">Ema Besen 2100mm ohne Stiel<\/a><\/strong><\/li>\n<\/ul>\n<p>&nbsp;<\/p>\n<p>F\u00fcr Beratung kontaktieren Sie uns!<\/p>\n","protected":false},"excerpt":{"rendered":"<p>EMA-Aufsatz f\u00fcr Besen &#8211; S50 &nbsp; Die Halterung passt auf alle EMA-Besen; &nbsp; Ema Besen 1200mm ohne Stiel Ema Besen 1500mm ohne Stiel Ema Besen 1800mm ohne Stiel Ema Besen 2100mm ohne Stiel &nbsp; F\u00fcr Beratung kontaktieren Sie uns!<\/p>\n","protected":false},"featured_media":17952,"template":"","meta":{"_monsterinsights_skip_tracking":false,"_monsterinsights_sitenote_active":false,"_monsterinsights_sitenote_note":"","_monsterinsights_sitenote_category":0},"product_brand":[],"product_cat":[3621],"product_tag":[],"faste-y":[],"class_list":{"0":"post-17951","1":"product","2":"type-product","3":"status-publish","4":"has-post-thumbnail","6":"product_cat-besen-aufnahme-lehnhoff-oq-s-cw","8":"first","9":"instock","10":"purchasable","11":"product-type-simple"},"yoast_head":"<!-- This site is optimized with the Yoast SEO plugin v27.3 - https:\/\/yoast.com\/product\/yoast-seo-wordpress\/ -->\n<title>Ema Aufsatz f\u00fcr Besen - S50 - EMA Sverige<\/title>\n<meta name=\"description\" content=\"EMA Aufsatz f\u00fcr Besen - S50, - Der Aufsatz passt auf alle Besen von EMA: 1200mm, 1500mm, 1800mm, 2100mm. F\u00fcr Beratung kontaktieren Sie uns!\" \/>\n<meta name=\"robots\" content=\"index, follow, max-snippet:-1, max-image-preview:large, max-video-preview:-1\" \/>\n<link rel=\"canonical\" href=\"https:\/\/emasweden.com\/de\/produkt\/ema-aufsatz-fuer-besen-s50\/\" \/>\n<meta property=\"og:locale\" content=\"de_DE\" \/>\n<meta property=\"og:type\" content=\"article\" \/>\n<meta property=\"og:title\" content=\"Ema Aufsatz f\u00fcr Besen - S50 - EMA Sverige\" \/>\n<meta property=\"og:description\" content=\"EMA Aufsatz f\u00fcr Besen - S50, - Der Aufsatz passt auf alle Besen von EMA: 1200mm, 1500mm, 1800mm, 2100mm. F\u00fcr Beratung kontaktieren Sie uns!\" \/>\n<meta property=\"og:url\" content=\"https:\/\/emasweden.com\/de\/produkt\/ema-aufsatz-fuer-besen-s50\/\" \/>\n<meta property=\"og:site_name\" content=\"EMA Sverige\" \/>\n<meta property=\"article:modified_time\" content=\"2025-10-01T11:05:21+00:00\" \/>\n<meta property=\"og:image\" content=\"https:\/\/emasweden.com\/wp-content\/uploads\/2021\/01\/S45-ATTACHMENT.png\" \/>\n\t<meta property=\"og:image:width\" content=\"2351\" \/>\n\t<meta property=\"og:image:height\" content=\"1538\" \/>\n\t<meta property=\"og:image:type\" content=\"image\/png\" \/>\n<meta name=\"twitter:card\" content=\"summary_large_image\" \/>\n<script type=\"application\/ld+json\" class=\"yoast-schema-graph\">{\"@context\":\"https:\\\/\\\/schema.org\",\"@graph\":[{\"@type\":\"WebPage\",\"@id\":\"https:\\\/\\\/emasweden.com\\\/de\\\/produkt\\\/ema-aufsatz-fuer-besen-s50\\\/\",\"url\":\"https:\\\/\\\/emasweden.com\\\/de\\\/produkt\\\/ema-aufsatz-fuer-besen-s50\\\/\",\"name\":\"Ema Aufsatz f\u00fcr Besen - S50 - EMA Sverige\",\"isPartOf\":{\"@id\":\"https:\\\/\\\/emasweden.com\\\/de\\\/#website\"},\"primaryImageOfPage\":{\"@id\":\"https:\\\/\\\/emasweden.com\\\/de\\\/produkt\\\/ema-aufsatz-fuer-besen-s50\\\/#primaryimage\"},\"image\":{\"@id\":\"https:\\\/\\\/emasweden.com\\\/de\\\/produkt\\\/ema-aufsatz-fuer-besen-s50\\\/#primaryimage\"},\"thumbnailUrl\":\"https:\\\/\\\/emasweden.com\\\/wp-content\\\/uploads\\\/2021\\\/01\\\/S45-ATTACHMENT.png\",\"datePublished\":\"2023-02-13T16:46:44+00:00\",\"dateModified\":\"2025-10-01T11:05:21+00:00\",\"description\":\"EMA Aufsatz f\u00fcr Besen - S50, - Der Aufsatz passt auf alle Besen von EMA: 1200mm, 1500mm, 1800mm, 2100mm. F\u00fcr Beratung kontaktieren Sie uns!\",\"breadcrumb\":{\"@id\":\"https:\\\/\\\/emasweden.com\\\/de\\\/produkt\\\/ema-aufsatz-fuer-besen-s50\\\/#breadcrumb\"},\"inLanguage\":\"de\",\"potentialAction\":[{\"@type\":\"ReadAction\",\"target\":[\"https:\\\/\\\/emasweden.com\\\/de\\\/produkt\\\/ema-aufsatz-fuer-besen-s50\\\/\"]}]},{\"@type\":\"ImageObject\",\"inLanguage\":\"de\",\"@id\":\"https:\\\/\\\/emasweden.com\\\/de\\\/produkt\\\/ema-aufsatz-fuer-besen-s50\\\/#primaryimage\",\"url\":\"https:\\\/\\\/emasweden.com\\\/wp-content\\\/uploads\\\/2021\\\/01\\\/S45-ATTACHMENT.png\",\"contentUrl\":\"https:\\\/\\\/emasweden.com\\\/wp-content\\\/uploads\\\/2021\\\/01\\\/S45-ATTACHMENT.png\",\"width\":2351,\"height\":1538,\"caption\":\"F\u00e4ste sopborste\"},{\"@type\":\"BreadcrumbList\",\"@id\":\"https:\\\/\\\/emasweden.com\\\/de\\\/produkt\\\/ema-aufsatz-fuer-besen-s50\\\/#breadcrumb\",\"itemListElement\":[{\"@type\":\"ListItem\",\"position\":1,\"name\":\"Hem\",\"item\":\"https:\\\/\\\/emasweden.com\\\/de\\\/\"},{\"@type\":\"ListItem\",\"position\":2,\"name\":\"Produktsortiment\",\"item\":\"https:\\\/\\\/emasweden.com\\\/de\\\/produktsortiment-2\\\/\"},{\"@type\":\"ListItem\",\"position\":3,\"name\":\"Ema Aufsatz f\u00fcr Besen &#8211; S50\"}]},{\"@type\":\"WebSite\",\"@id\":\"https:\\\/\\\/emasweden.com\\\/de\\\/#website\",\"url\":\"https:\\\/\\\/emasweden.com\\\/de\\\/\",\"name\":\"EMA Sverige\",\"description\":\"\",\"potentialAction\":[{\"@type\":\"SearchAction\",\"target\":{\"@type\":\"EntryPoint\",\"urlTemplate\":\"https:\\\/\\\/emasweden.com\\\/de\\\/?s={search_term_string}\"},\"query-input\":{\"@type\":\"PropertyValueSpecification\",\"valueRequired\":true,\"valueName\":\"search_term_string\"}}],\"inLanguage\":\"de\"}]}<\/script>\n<!-- \/ Yoast SEO plugin. -->","yoast_head_json":{"title":"Ema Aufsatz f\u00fcr Besen - S50 - EMA Sverige","description":"EMA Aufsatz f\u00fcr Besen - S50, - Der Aufsatz passt auf alle Besen von EMA: 1200mm, 1500mm, 1800mm, 2100mm. F\u00fcr Beratung kontaktieren Sie uns!","robots":{"index":"index","follow":"follow","max-snippet":"max-snippet:-1","max-image-preview":"max-image-preview:large","max-video-preview":"max-video-preview:-1"},"canonical":"https:\/\/emasweden.com\/de\/produkt\/ema-aufsatz-fuer-besen-s50\/","og_locale":"de_DE","og_type":"article","og_title":"Ema Aufsatz f\u00fcr Besen - S50 - EMA Sverige","og_description":"EMA Aufsatz f\u00fcr Besen - S50, - Der Aufsatz passt auf alle Besen von EMA: 1200mm, 1500mm, 1800mm, 2100mm. F\u00fcr Beratung kontaktieren Sie uns!","og_url":"https:\/\/emasweden.com\/de\/produkt\/ema-aufsatz-fuer-besen-s50\/","og_site_name":"EMA Sverige","article_modified_time":"2025-10-01T11:05:21+00:00","og_image":[{"width":2351,"height":1538,"url":"https:\/\/emasweden.com\/wp-content\/uploads\/2021\/01\/S45-ATTACHMENT.png","type":"image\/png"}],"twitter_card":"summary_large_image","schema":{"@context":"https:\/\/schema.org","@graph":[{"@type":"WebPage","@id":"https:\/\/emasweden.com\/de\/produkt\/ema-aufsatz-fuer-besen-s50\/","url":"https:\/\/emasweden.com\/de\/produkt\/ema-aufsatz-fuer-besen-s50\/","name":"Ema Aufsatz f\u00fcr Besen - S50 - EMA Sverige","isPartOf":{"@id":"https:\/\/emasweden.com\/de\/#website"},"primaryImageOfPage":{"@id":"https:\/\/emasweden.com\/de\/produkt\/ema-aufsatz-fuer-besen-s50\/#primaryimage"},"image":{"@id":"https:\/\/emasweden.com\/de\/produkt\/ema-aufsatz-fuer-besen-s50\/#primaryimage"},"thumbnailUrl":"https:\/\/emasweden.com\/wp-content\/uploads\/2021\/01\/S45-ATTACHMENT.png","datePublished":"2023-02-13T16:46:44+00:00","dateModified":"2025-10-01T11:05:21+00:00","description":"EMA Aufsatz f\u00fcr Besen - S50, - Der Aufsatz passt auf alle Besen von EMA: 1200mm, 1500mm, 1800mm, 2100mm. F\u00fcr Beratung kontaktieren Sie uns!","breadcrumb":{"@id":"https:\/\/emasweden.com\/de\/produkt\/ema-aufsatz-fuer-besen-s50\/#breadcrumb"},"inLanguage":"de","potentialAction":[{"@type":"ReadAction","target":["https:\/\/emasweden.com\/de\/produkt\/ema-aufsatz-fuer-besen-s50\/"]}]},{"@type":"ImageObject","inLanguage":"de","@id":"https:\/\/emasweden.com\/de\/produkt\/ema-aufsatz-fuer-besen-s50\/#primaryimage","url":"https:\/\/emasweden.com\/wp-content\/uploads\/2021\/01\/S45-ATTACHMENT.png","contentUrl":"https:\/\/emasweden.com\/wp-content\/uploads\/2021\/01\/S45-ATTACHMENT.png","width":2351,"height":1538,"caption":"F\u00e4ste sopborste"},{"@type":"BreadcrumbList","@id":"https:\/\/emasweden.com\/de\/produkt\/ema-aufsatz-fuer-besen-s50\/#breadcrumb","itemListElement":[{"@type":"ListItem","position":1,"name":"Hem","item":"https:\/\/emasweden.com\/de\/"},{"@type":"ListItem","position":2,"name":"Produktsortiment","item":"https:\/\/emasweden.com\/de\/produktsortiment-2\/"},{"@type":"ListItem","position":3,"name":"Ema Aufsatz f\u00fcr Besen &#8211; S50"}]},{"@type":"WebSite","@id":"https:\/\/emasweden.com\/de\/#website","url":"https:\/\/emasweden.com\/de\/","name":"EMA Sverige","description":"","potentialAction":[{"@type":"SearchAction","target":{"@type":"EntryPoint","urlTemplate":"https:\/\/emasweden.com\/de\/?s={search_term_string}"},"query-input":{"@type":"PropertyValueSpecification","valueRequired":true,"valueName":"search_term_string"}}],"inLanguage":"de"}]}},"_links":{"self":[{"href":"https:\/\/emasweden.com\/de\/wp-json\/wp\/v2\/product\/17951","targetHints":{"allow":["GET"]}}],"collection":[{"href":"https:\/\/emasweden.com\/de\/wp-json\/wp\/v2\/product"}],"about":[{"href":"https:\/\/emasweden.com\/de\/wp-json\/wp\/v2\/types\/product"}],"wp:featuredmedia":[{"embeddable":true,"href":"https:\/\/emasweden.com\/de\/wp-json\/wp\/v2\/media\/17952"}],"wp:attachment":[{"href":"https:\/\/emasweden.com\/de\/wp-json\/wp\/v2\/media?parent=17951"}],"wp:term":[{"taxonomy":"product_brand","embeddable":true,"href":"https:\/\/emasweden.com\/de\/wp-json\/wp\/v2\/product_brand?post=17951"},{"taxonomy":"product_cat","embeddable":true,"href":"https:\/\/emasweden.com\/de\/wp-json\/wp\/v2\/product_cat?post=17951"},{"taxonomy":"product_tag","embeddable":true,"href":"https:\/\/emasweden.com\/de\/wp-json\/wp\/v2\/product_tag?post=17951"},{"taxonomy":"faste-y","embeddable":true,"href":"https:\/\/emasweden.com\/de\/wp-json\/wp\/v2\/faste-y?post=17951"}],"curies":[{"name":"wp","href":"https:\/\/api.w.org\/{rel}","templated":true}]}}