{"id":17974,"date":"2023-03-30T14:58:56","date_gmt":"2023-03-30T12:58:56","guid":{"rendered":"https:\/\/emasweden.com\/produkt\/hd-nivellierbalken-mit-schaufel-2300mm-ohne-halterung\/"},"modified":"2025-10-01T13:05:31","modified_gmt":"2025-10-01T11:05:31","slug":"hd-nivellierbalken-mit-schaufel-2300mm-ohne-halterung","status":"publish","type":"product","link":"https:\/\/emasweden.com\/de\/produkt\/hd-nivellierbalken-mit-schaufel-2300mm-ohne-halterung\/","title":{"rendered":"HD Nivellierbalken mit Schaufel &#8211; 2300mm &#8211; Ohne Halterung"},"content":{"rendered":"<p><sup>HD Nivellierbalken mit Schaufel &#8211; 2300mm &#8211; Ohne Halterung<\/sup><br \/>\n&#8211; Flexibles Produkt zum Ausrichten und Nivellieren von Materialien.<\/p>\n<p>Erh\u00f6hte Abschnitte im hinteren und vorderen Bereich, damit der Balken optimal zum Aufnehmen und Planieren von Material genutzt werden kann.<\/p>\n<p>Der Planierbalken hat eine gr\u00f6\u00dfere Schaufel f\u00fcr einen besseren Auffangbereich an der Vorderseite. Das bedeutet, dass Sie bei der Arbeit mit dem Balken immer viel Material dabei haben<br \/>\n, um Bodenunebenheiten auszugleichen.<\/p>\n<p><sup>HD Nivellierbalken mit Schaufel &#8211; 2300mm &#8211; Ohne Halterung<\/sup><\/p>\n<ul>\n<li><strong><br \/>\n  <a href=\"https:\/\/www.ssab.com\/sv-se\/varumarken-och-produkter\/hardox\/produktprogram\/450\">Hardox 450<\/a><br \/>\n<\/strong> f\u00fcr freiliegende Verschlei\u00dfteile<\/li>\n<li><a href=\"https:\/\/emasweden.com\/de\/produkt-kategori\/aushubmaschine\/klammer\/halterung-kabelpflug-nivellierbalken\/\"><br \/>\n  <strong>Geschraubte Halterung<\/strong><br \/>\n<\/a> f\u00fcr eine m\u00f6gliche Anpassung und den Austausch der Halterung <\/li>\n<li>Das tiefe Design bedeutet, dass es nicht in<br \/>\ndas Material eintaucht, sondern flach bleibt.<\/li>\n<li>Gro\u00dfer Schaufelbereich und erh\u00f6hter hinterer Rand f\u00fcr einfachen<br \/>\nZugang zu den Materialien<\/li>\n<\/ul>\n<p><strong><a href=\"https:\/\/emasweden.com\/de\/produkt-kategori\/aushubmaschine\/klammer\/halterung-kabelpflug-nivellierbalken\/\">St\u00f6bern Sie hier in den verschiedenen Klammern!<\/a><\/strong><\/p>\n","protected":false},"excerpt":{"rendered":"<p>HD Nivellierbalken mit Schaufel &#8211; 2300mm &#8211; Ohne Halterung &#8211; Flexibles Produkt zum Ausrichten und Nivellieren von Materialien. Erh\u00f6hte Abschnitte im hinteren und vorderen Bereich, damit der Balken optimal zum Aufnehmen und Planieren von Material genutzt werden kann. Der Planierbalken hat eine gr\u00f6\u00dfere Schaufel f\u00fcr einen besseren Auffangbereich an der Vorderseite. Das bedeutet, dass Sie [&hellip;]<\/p>\n","protected":false},"featured_media":0,"template":"","meta":{"_monsterinsights_skip_tracking":false,"_monsterinsights_sitenote_active":false,"_monsterinsights_sitenote_note":"","_monsterinsights_sitenote_category":0},"product_brand":[],"product_cat":[3963,3603],"product_tag":[],"faste-y":[],"class_list":{"0":"post-17974","1":"product","2":"type-product","3":"status-publish","5":"product_cat-nivellierbalken-mit-schaufel","6":"product_cat-planierbalken-fuer-mobilbagger-hardox-450-ema","7":"pa_max-bredd-2500mm","8":"pa_skar-20x200mm","9":"pa_vikt-700kg","11":"first","12":"instock","13":"taxable","14":"shipping-taxable","15":"purchasable","16":"product-type-simple"},"yoast_head":"<!-- This site is optimized with the Yoast SEO plugin v27.3 - https:\/\/yoast.com\/product\/yoast-seo-wordpress\/ -->\n<title>EMA Sverige<\/title>\n<meta name=\"description\" content=\"HD Nivellierbalken mit Schaufel - 2300mm - Ohne Halterung - Ohne Befestigung. Hardox 450 an exponierten Verschlei\u00dfteilen. Gro\u00dfer Schaufelbereich und erh\u00f6hte Hinterkante. Geschraubte Befestigung.\" \/>\n<meta name=\"robots\" content=\"index, follow, max-snippet:-1, max-image-preview:large, max-video-preview:-1\" \/>\n<link rel=\"canonical\" href=\"https:\/\/emasweden.com\/de\/produkt\/hd-nivellierbalken-mit-schaufel-2300mm-ohne-halterung\/\" \/>\n<meta property=\"og:locale\" content=\"de_DE\" \/>\n<meta property=\"og:type\" content=\"article\" \/>\n<meta property=\"og:description\" content=\"HD Nivellierbalken mit Schaufel - 2300mm - Ohne Halterung - Ohne Befestigung. Hardox 450 an exponierten Verschlei\u00dfteilen. Gro\u00dfer Schaufelbereich und erh\u00f6hte Hinterkante. Geschraubte Befestigung.\" \/>\n<meta property=\"og:url\" content=\"https:\/\/emasweden.com\/de\/produkt\/hd-nivellierbalken-mit-schaufel-2300mm-ohne-halterung\/\" \/>\n<meta property=\"og:site_name\" content=\"EMA Sverige\" \/>\n<meta property=\"article:modified_time\" content=\"2025-10-01T11:05:31+00:00\" \/>\n<meta name=\"twitter:card\" content=\"summary_large_image\" \/>\n<meta name=\"twitter:label1\" content=\"Gesch\u00e4tzte Lesezeit\" \/>\n\t<meta name=\"twitter:data1\" content=\"1\u00a0Minute\" \/>\n<script type=\"application\/ld+json\" class=\"yoast-schema-graph\">{\"@context\":\"https:\\\/\\\/schema.org\",\"@graph\":[{\"@type\":\"WebPage\",\"@id\":\"https:\\\/\\\/emasweden.com\\\/de\\\/produkt\\\/hd-nivellierbalken-mit-schaufel-2300mm-ohne-halterung\\\/\",\"url\":\"https:\\\/\\\/emasweden.com\\\/de\\\/produkt\\\/hd-nivellierbalken-mit-schaufel-2300mm-ohne-halterung\\\/\",\"name\":\"\",\"isPartOf\":{\"@id\":\"https:\\\/\\\/emasweden.com\\\/de\\\/#website\"},\"datePublished\":\"2023-03-30T12:58:56+00:00\",\"dateModified\":\"2025-10-01T11:05:31+00:00\",\"description\":\"HD Nivellierbalken mit Schaufel - 2300mm - Ohne Halterung - Ohne Befestigung. Hardox 450 an exponierten Verschlei\u00dfteilen. Gro\u00dfer Schaufelbereich und erh\u00f6hte Hinterkante. Geschraubte Befestigung.\",\"breadcrumb\":{\"@id\":\"https:\\\/\\\/emasweden.com\\\/de\\\/produkt\\\/hd-nivellierbalken-mit-schaufel-2300mm-ohne-halterung\\\/#breadcrumb\"},\"inLanguage\":\"de\",\"potentialAction\":[{\"@type\":\"ReadAction\",\"target\":[\"https:\\\/\\\/emasweden.com\\\/de\\\/produkt\\\/hd-nivellierbalken-mit-schaufel-2300mm-ohne-halterung\\\/\"]}]},{\"@type\":\"BreadcrumbList\",\"@id\":\"https:\\\/\\\/emasweden.com\\\/de\\\/produkt\\\/hd-nivellierbalken-mit-schaufel-2300mm-ohne-halterung\\\/#breadcrumb\",\"itemListElement\":[{\"@type\":\"ListItem\",\"position\":1,\"name\":\"Hem\",\"item\":\"https:\\\/\\\/emasweden.com\\\/de\\\/\"},{\"@type\":\"ListItem\",\"position\":2,\"name\":\"Produktsortiment\",\"item\":\"https:\\\/\\\/emasweden.com\\\/de\\\/produktsortiment-2\\\/\"},{\"@type\":\"ListItem\",\"position\":3,\"name\":\"HD Nivellierbalken mit Schaufel &#8211; 2300mm &#8211; Ohne Halterung\"}]},{\"@type\":\"WebSite\",\"@id\":\"https:\\\/\\\/emasweden.com\\\/de\\\/#website\",\"url\":\"https:\\\/\\\/emasweden.com\\\/de\\\/\",\"name\":\"EMA Sverige\",\"description\":\"\",\"potentialAction\":[{\"@type\":\"SearchAction\",\"target\":{\"@type\":\"EntryPoint\",\"urlTemplate\":\"https:\\\/\\\/emasweden.com\\\/de\\\/?s={search_term_string}\"},\"query-input\":{\"@type\":\"PropertyValueSpecification\",\"valueRequired\":true,\"valueName\":\"search_term_string\"}}],\"inLanguage\":\"de\"}]}<\/script>\n<!-- \/ Yoast SEO plugin. -->","yoast_head_json":{"title":"EMA Sverige","description":"HD Nivellierbalken mit Schaufel - 2300mm - Ohne Halterung - Ohne Befestigung. Hardox 450 an exponierten Verschlei\u00dfteilen. Gro\u00dfer Schaufelbereich und erh\u00f6hte Hinterkante. Geschraubte Befestigung.","robots":{"index":"index","follow":"follow","max-snippet":"max-snippet:-1","max-image-preview":"max-image-preview:large","max-video-preview":"max-video-preview:-1"},"canonical":"https:\/\/emasweden.com\/de\/produkt\/hd-nivellierbalken-mit-schaufel-2300mm-ohne-halterung\/","og_locale":"de_DE","og_type":"article","og_description":"HD Nivellierbalken mit Schaufel - 2300mm - Ohne Halterung - Ohne Befestigung. Hardox 450 an exponierten Verschlei\u00dfteilen. Gro\u00dfer Schaufelbereich und erh\u00f6hte Hinterkante. Geschraubte Befestigung.","og_url":"https:\/\/emasweden.com\/de\/produkt\/hd-nivellierbalken-mit-schaufel-2300mm-ohne-halterung\/","og_site_name":"EMA Sverige","article_modified_time":"2025-10-01T11:05:31+00:00","twitter_card":"summary_large_image","twitter_misc":{"Gesch\u00e4tzte Lesezeit":"1\u00a0Minute"},"schema":{"@context":"https:\/\/schema.org","@graph":[{"@type":"WebPage","@id":"https:\/\/emasweden.com\/de\/produkt\/hd-nivellierbalken-mit-schaufel-2300mm-ohne-halterung\/","url":"https:\/\/emasweden.com\/de\/produkt\/hd-nivellierbalken-mit-schaufel-2300mm-ohne-halterung\/","name":"","isPartOf":{"@id":"https:\/\/emasweden.com\/de\/#website"},"datePublished":"2023-03-30T12:58:56+00:00","dateModified":"2025-10-01T11:05:31+00:00","description":"HD Nivellierbalken mit Schaufel - 2300mm - Ohne Halterung - Ohne Befestigung. Hardox 450 an exponierten Verschlei\u00dfteilen. Gro\u00dfer Schaufelbereich und erh\u00f6hte Hinterkante. Geschraubte Befestigung.","breadcrumb":{"@id":"https:\/\/emasweden.com\/de\/produkt\/hd-nivellierbalken-mit-schaufel-2300mm-ohne-halterung\/#breadcrumb"},"inLanguage":"de","potentialAction":[{"@type":"ReadAction","target":["https:\/\/emasweden.com\/de\/produkt\/hd-nivellierbalken-mit-schaufel-2300mm-ohne-halterung\/"]}]},{"@type":"BreadcrumbList","@id":"https:\/\/emasweden.com\/de\/produkt\/hd-nivellierbalken-mit-schaufel-2300mm-ohne-halterung\/#breadcrumb","itemListElement":[{"@type":"ListItem","position":1,"name":"Hem","item":"https:\/\/emasweden.com\/de\/"},{"@type":"ListItem","position":2,"name":"Produktsortiment","item":"https:\/\/emasweden.com\/de\/produktsortiment-2\/"},{"@type":"ListItem","position":3,"name":"HD Nivellierbalken mit Schaufel &#8211; 2300mm &#8211; Ohne Halterung"}]},{"@type":"WebSite","@id":"https:\/\/emasweden.com\/de\/#website","url":"https:\/\/emasweden.com\/de\/","name":"EMA Sverige","description":"","potentialAction":[{"@type":"SearchAction","target":{"@type":"EntryPoint","urlTemplate":"https:\/\/emasweden.com\/de\/?s={search_term_string}"},"query-input":{"@type":"PropertyValueSpecification","valueRequired":true,"valueName":"search_term_string"}}],"inLanguage":"de"}]}},"_links":{"self":[{"href":"https:\/\/emasweden.com\/de\/wp-json\/wp\/v2\/product\/17974","targetHints":{"allow":["GET"]}}],"collection":[{"href":"https:\/\/emasweden.com\/de\/wp-json\/wp\/v2\/product"}],"about":[{"href":"https:\/\/emasweden.com\/de\/wp-json\/wp\/v2\/types\/product"}],"wp:attachment":[{"href":"https:\/\/emasweden.com\/de\/wp-json\/wp\/v2\/media?parent=17974"}],"wp:term":[{"taxonomy":"product_brand","embeddable":true,"href":"https:\/\/emasweden.com\/de\/wp-json\/wp\/v2\/product_brand?post=17974"},{"taxonomy":"product_cat","embeddable":true,"href":"https:\/\/emasweden.com\/de\/wp-json\/wp\/v2\/product_cat?post=17974"},{"taxonomy":"product_tag","embeddable":true,"href":"https:\/\/emasweden.com\/de\/wp-json\/wp\/v2\/product_tag?post=17974"},{"taxonomy":"faste-y","embeddable":true,"href":"https:\/\/emasweden.com\/de\/wp-json\/wp\/v2\/faste-y?post=17974"}],"curies":[{"name":"wp","href":"https:\/\/api.w.org\/{rel}","templated":true}]}}