{"id":17990,"date":"2024-10-23T14:03:57","date_gmt":"2024-10-23T12:03:57","guid":{"rendered":"https:\/\/emasweden.com\/produkt\/core-va-schaufel-650l-800mm-s60\/"},"modified":"2025-10-01T13:05:42","modified_gmt":"2025-10-01T11:05:42","slug":"core-va-schaufel-650l-800mm-s60","status":"publish","type":"product","link":"https:\/\/emasweden.com\/de\/produkt\/core-va-schaufel-650l-800mm-s60\/","title":{"rendered":"Core VA Schaufel &#8211; 650L &#8211; 800mm &#8211; S60"},"content":{"rendered":"<p><sup>Kern-VA-Schaufel 800mm &#8211; S60<\/sup><br \/>&#8211; Optimales Design f\u00fcr effizienten Materialfluss<br \/>\n&#8211; Entwickelt, um das Arbeiten um, unter Kabeln und<br \/>\nWasserrohren zu vereinfachen &#8211; Vielf\u00e4ltiges Sortiment mit vielen verschiedenen Breitenoptionen<br \/>\n&#8211; Schneiden in HB 500 Material = Lange Lebensdauer.<br \/>\n&#8211; Kehren, Boden- und Verschlei\u00dfschutz in HB450 Material<br \/>\n= Lange Lebensdauer  <\/p>\n<p>LANGLEBIGKEIT MIT DEM RICHTIGEN MATERIAL<br \/>\nDie Haltbarkeit von Produkten ist ein wichtiger Schl\u00fcsselfaktor f\u00fcr die Rentabilit\u00e4t. Deshalb wird EMA Core aus Materialien mit einer Brinell-H\u00e4rte von HB450 hergestellt.   <\/p>\n<p>ERLEBEN SIE DEN UNTERSCHIED<br \/>\nErleben auch Sie den Unterschied mit der EMA Core VA Schaufel, einer Schaufel, die entwickelt wurde, um Ihnen den Alltag zu erleichtern. Tunnelbau, Graben, Einstellen, Bewegen &#8211; die einzige Grenze ist Ihre Fantasie! Die Produkte von EMA wurden entwickelt, um Ihren Alltag einfacher und effizienter zu gestalten. Mit dem Schwerpunkt auf Flexibilit\u00e4t und Leistung ist EMA Core die ultimative Wahl, um Ihren Betrieb zu rationalisieren und die Betriebskosten zu senken.     <\/p>\n","protected":false},"excerpt":{"rendered":"<p>Kern-VA-Schaufel 800mm &#8211; S60&#8211; Optimales Design f\u00fcr effizienten Materialfluss &#8211; Entwickelt, um das Arbeiten um, unter Kabeln und Wasserrohren zu vereinfachen &#8211; Vielf\u00e4ltiges Sortiment mit vielen verschiedenen Breitenoptionen &#8211; Schneiden in HB 500 Material = Lange Lebensdauer. &#8211; Kehren, Boden- und Verschlei\u00dfschutz in HB450 Material = Lange Lebensdauer LANGLEBIGKEIT MIT DEM RICHTIGEN MATERIAL Die Haltbarkeit [&hellip;]<\/p>\n","protected":false},"featured_media":17980,"template":"","meta":{"_monsterinsights_skip_tracking":false,"_monsterinsights_sitenote_active":false,"_monsterinsights_sitenote_note":"","_monsterinsights_sitenote_category":0},"product_brand":[],"product_cat":[3600],"product_tag":[3322],"faste-y":[],"class_list":{"0":"post-17990","1":"product","2":"type-product","3":"status-publish","4":"has-post-thumbnail","6":"product_cat-tiefloeffel-ohne-zaehne","7":"product_tag-kern","8":"pa_max-bredd-800mm","9":"pa_skar-30x300mm","10":"pa_vikt-400kg","12":"first","13":"instock","14":"purchasable","15":"product-type-simple"},"yoast_head":"<!-- This site is optimized with the Yoast SEO plugin v27.3 - https:\/\/yoast.com\/product\/yoast-seo-wordpress\/ -->\n<title>Core VA Schaufel - 650L - 800mm - S60 - EMA Sverige<\/title>\n<meta name=\"robots\" content=\"index, follow, max-snippet:-1, max-image-preview:large, max-video-preview:-1\" \/>\n<link rel=\"canonical\" href=\"https:\/\/emasweden.com\/de\/produkt\/core-va-schaufel-650l-800mm-s60\/\" \/>\n<meta property=\"og:locale\" content=\"de_DE\" \/>\n<meta property=\"og:type\" content=\"article\" \/>\n<meta property=\"og:title\" content=\"Core VA Schaufel - 650L - 800mm - S60 - EMA Sverige\" \/>\n<meta property=\"og:description\" content=\"Kern-VA-Schaufel 800mm &#8211; S60&#8211; Optimales Design f\u00fcr effizienten Materialfluss &#8211; Entwickelt, um das Arbeiten um, unter Kabeln und Wasserrohren zu vereinfachen &#8211; Vielf\u00e4ltiges Sortiment mit vielen verschiedenen Breitenoptionen &#8211; Schneiden in HB 500 Material = Lange Lebensdauer. &#8211; Kehren, Boden- und Verschlei\u00dfschutz in HB450 Material = Lange Lebensdauer LANGLEBIGKEIT MIT DEM RICHTIGEN MATERIAL Die Haltbarkeit [&hellip;]\" \/>\n<meta property=\"og:url\" content=\"https:\/\/emasweden.com\/de\/produkt\/core-va-schaufel-650l-800mm-s60\/\" \/>\n<meta property=\"og:site_name\" content=\"EMA Sverige\" \/>\n<meta property=\"article:modified_time\" content=\"2025-10-01T11:05:42+00:00\" \/>\n<meta property=\"og:image\" content=\"https:\/\/emasweden.com\/wp-content\/uploads\/2024\/10\/UTILITY-BUCKET.66.jpg\" \/>\n\t<meta property=\"og:image:width\" content=\"1920\" \/>\n\t<meta property=\"og:image:height\" content=\"1470\" \/>\n\t<meta property=\"og:image:type\" content=\"image\/jpeg\" \/>\n<meta name=\"twitter:card\" content=\"summary_large_image\" \/>\n<meta name=\"twitter:label1\" content=\"Gesch\u00e4tzte Lesezeit\" \/>\n\t<meta name=\"twitter:data1\" content=\"1\u00a0Minute\" \/>\n<script type=\"application\/ld+json\" class=\"yoast-schema-graph\">{\"@context\":\"https:\\\/\\\/schema.org\",\"@graph\":[{\"@type\":\"WebPage\",\"@id\":\"https:\\\/\\\/emasweden.com\\\/de\\\/produkt\\\/core-va-schaufel-650l-800mm-s60\\\/\",\"url\":\"https:\\\/\\\/emasweden.com\\\/de\\\/produkt\\\/core-va-schaufel-650l-800mm-s60\\\/\",\"name\":\"Core VA Schaufel - 650L - 800mm - S60 - EMA Sverige\",\"isPartOf\":{\"@id\":\"https:\\\/\\\/emasweden.com\\\/de\\\/#website\"},\"primaryImageOfPage\":{\"@id\":\"https:\\\/\\\/emasweden.com\\\/de\\\/produkt\\\/core-va-schaufel-650l-800mm-s60\\\/#primaryimage\"},\"image\":{\"@id\":\"https:\\\/\\\/emasweden.com\\\/de\\\/produkt\\\/core-va-schaufel-650l-800mm-s60\\\/#primaryimage\"},\"thumbnailUrl\":\"https:\\\/\\\/emasweden.com\\\/wp-content\\\/uploads\\\/2024\\\/10\\\/UTILITY-BUCKET.66.jpg\",\"datePublished\":\"2024-10-23T12:03:57+00:00\",\"dateModified\":\"2025-10-01T11:05:42+00:00\",\"breadcrumb\":{\"@id\":\"https:\\\/\\\/emasweden.com\\\/de\\\/produkt\\\/core-va-schaufel-650l-800mm-s60\\\/#breadcrumb\"},\"inLanguage\":\"de\",\"potentialAction\":[{\"@type\":\"ReadAction\",\"target\":[\"https:\\\/\\\/emasweden.com\\\/de\\\/produkt\\\/core-va-schaufel-650l-800mm-s60\\\/\"]}]},{\"@type\":\"ImageObject\",\"inLanguage\":\"de\",\"@id\":\"https:\\\/\\\/emasweden.com\\\/de\\\/produkt\\\/core-va-schaufel-650l-800mm-s60\\\/#primaryimage\",\"url\":\"https:\\\/\\\/emasweden.com\\\/wp-content\\\/uploads\\\/2024\\\/10\\\/UTILITY-BUCKET.66.jpg\",\"contentUrl\":\"https:\\\/\\\/emasweden.com\\\/wp-content\\\/uploads\\\/2024\\\/10\\\/UTILITY-BUCKET.66.jpg\",\"width\":1920,\"height\":1470},{\"@type\":\"BreadcrumbList\",\"@id\":\"https:\\\/\\\/emasweden.com\\\/de\\\/produkt\\\/core-va-schaufel-650l-800mm-s60\\\/#breadcrumb\",\"itemListElement\":[{\"@type\":\"ListItem\",\"position\":1,\"name\":\"Hem\",\"item\":\"https:\\\/\\\/emasweden.com\\\/de\\\/\"},{\"@type\":\"ListItem\",\"position\":2,\"name\":\"Produktsortiment\",\"item\":\"https:\\\/\\\/emasweden.com\\\/de\\\/produktsortiment-2\\\/\"},{\"@type\":\"ListItem\",\"position\":3,\"name\":\"Core VA Schaufel &#8211; 650L &#8211; 800mm &#8211; S60\"}]},{\"@type\":\"WebSite\",\"@id\":\"https:\\\/\\\/emasweden.com\\\/de\\\/#website\",\"url\":\"https:\\\/\\\/emasweden.com\\\/de\\\/\",\"name\":\"EMA Sverige\",\"description\":\"\",\"potentialAction\":[{\"@type\":\"SearchAction\",\"target\":{\"@type\":\"EntryPoint\",\"urlTemplate\":\"https:\\\/\\\/emasweden.com\\\/de\\\/?s={search_term_string}\"},\"query-input\":{\"@type\":\"PropertyValueSpecification\",\"valueRequired\":true,\"valueName\":\"search_term_string\"}}],\"inLanguage\":\"de\"}]}<\/script>\n<!-- \/ Yoast SEO plugin. -->","yoast_head_json":{"title":"Core VA Schaufel - 650L - 800mm - S60 - EMA Sverige","robots":{"index":"index","follow":"follow","max-snippet":"max-snippet:-1","max-image-preview":"max-image-preview:large","max-video-preview":"max-video-preview:-1"},"canonical":"https:\/\/emasweden.com\/de\/produkt\/core-va-schaufel-650l-800mm-s60\/","og_locale":"de_DE","og_type":"article","og_title":"Core VA Schaufel - 650L - 800mm - S60 - EMA Sverige","og_description":"Kern-VA-Schaufel 800mm &#8211; S60&#8211; Optimales Design f\u00fcr effizienten Materialfluss &#8211; Entwickelt, um das Arbeiten um, unter Kabeln und Wasserrohren zu vereinfachen &#8211; Vielf\u00e4ltiges Sortiment mit vielen verschiedenen Breitenoptionen &#8211; Schneiden in HB 500 Material = Lange Lebensdauer. &#8211; Kehren, Boden- und Verschlei\u00dfschutz in HB450 Material = Lange Lebensdauer LANGLEBIGKEIT MIT DEM RICHTIGEN MATERIAL Die Haltbarkeit [&hellip;]","og_url":"https:\/\/emasweden.com\/de\/produkt\/core-va-schaufel-650l-800mm-s60\/","og_site_name":"EMA Sverige","article_modified_time":"2025-10-01T11:05:42+00:00","og_image":[{"width":1920,"height":1470,"url":"https:\/\/emasweden.com\/wp-content\/uploads\/2024\/10\/UTILITY-BUCKET.66.jpg","type":"image\/jpeg"}],"twitter_card":"summary_large_image","twitter_misc":{"Gesch\u00e4tzte Lesezeit":"1\u00a0Minute"},"schema":{"@context":"https:\/\/schema.org","@graph":[{"@type":"WebPage","@id":"https:\/\/emasweden.com\/de\/produkt\/core-va-schaufel-650l-800mm-s60\/","url":"https:\/\/emasweden.com\/de\/produkt\/core-va-schaufel-650l-800mm-s60\/","name":"Core VA Schaufel - 650L - 800mm - S60 - EMA Sverige","isPartOf":{"@id":"https:\/\/emasweden.com\/de\/#website"},"primaryImageOfPage":{"@id":"https:\/\/emasweden.com\/de\/produkt\/core-va-schaufel-650l-800mm-s60\/#primaryimage"},"image":{"@id":"https:\/\/emasweden.com\/de\/produkt\/core-va-schaufel-650l-800mm-s60\/#primaryimage"},"thumbnailUrl":"https:\/\/emasweden.com\/wp-content\/uploads\/2024\/10\/UTILITY-BUCKET.66.jpg","datePublished":"2024-10-23T12:03:57+00:00","dateModified":"2025-10-01T11:05:42+00:00","breadcrumb":{"@id":"https:\/\/emasweden.com\/de\/produkt\/core-va-schaufel-650l-800mm-s60\/#breadcrumb"},"inLanguage":"de","potentialAction":[{"@type":"ReadAction","target":["https:\/\/emasweden.com\/de\/produkt\/core-va-schaufel-650l-800mm-s60\/"]}]},{"@type":"ImageObject","inLanguage":"de","@id":"https:\/\/emasweden.com\/de\/produkt\/core-va-schaufel-650l-800mm-s60\/#primaryimage","url":"https:\/\/emasweden.com\/wp-content\/uploads\/2024\/10\/UTILITY-BUCKET.66.jpg","contentUrl":"https:\/\/emasweden.com\/wp-content\/uploads\/2024\/10\/UTILITY-BUCKET.66.jpg","width":1920,"height":1470},{"@type":"BreadcrumbList","@id":"https:\/\/emasweden.com\/de\/produkt\/core-va-schaufel-650l-800mm-s60\/#breadcrumb","itemListElement":[{"@type":"ListItem","position":1,"name":"Hem","item":"https:\/\/emasweden.com\/de\/"},{"@type":"ListItem","position":2,"name":"Produktsortiment","item":"https:\/\/emasweden.com\/de\/produktsortiment-2\/"},{"@type":"ListItem","position":3,"name":"Core VA Schaufel &#8211; 650L &#8211; 800mm &#8211; S60"}]},{"@type":"WebSite","@id":"https:\/\/emasweden.com\/de\/#website","url":"https:\/\/emasweden.com\/de\/","name":"EMA Sverige","description":"","potentialAction":[{"@type":"SearchAction","target":{"@type":"EntryPoint","urlTemplate":"https:\/\/emasweden.com\/de\/?s={search_term_string}"},"query-input":{"@type":"PropertyValueSpecification","valueRequired":true,"valueName":"search_term_string"}}],"inLanguage":"de"}]}},"_links":{"self":[{"href":"https:\/\/emasweden.com\/de\/wp-json\/wp\/v2\/product\/17990","targetHints":{"allow":["GET"]}}],"collection":[{"href":"https:\/\/emasweden.com\/de\/wp-json\/wp\/v2\/product"}],"about":[{"href":"https:\/\/emasweden.com\/de\/wp-json\/wp\/v2\/types\/product"}],"wp:featuredmedia":[{"embeddable":true,"href":"https:\/\/emasweden.com\/de\/wp-json\/wp\/v2\/media\/17980"}],"wp:attachment":[{"href":"https:\/\/emasweden.com\/de\/wp-json\/wp\/v2\/media?parent=17990"}],"wp:term":[{"taxonomy":"product_brand","embeddable":true,"href":"https:\/\/emasweden.com\/de\/wp-json\/wp\/v2\/product_brand?post=17990"},{"taxonomy":"product_cat","embeddable":true,"href":"https:\/\/emasweden.com\/de\/wp-json\/wp\/v2\/product_cat?post=17990"},{"taxonomy":"product_tag","embeddable":true,"href":"https:\/\/emasweden.com\/de\/wp-json\/wp\/v2\/product_tag?post=17990"},{"taxonomy":"faste-y","embeddable":true,"href":"https:\/\/emasweden.com\/de\/wp-json\/wp\/v2\/faste-y?post=17990"}],"curies":[{"name":"wp","href":"https:\/\/api.w.org\/{rel}","templated":true}]}}