{"id":18082,"date":"2024-10-23T14:04:25","date_gmt":"2024-10-23T12:04:25","guid":{"rendered":"https:\/\/emasweden.com\/produkt\/kernnivellierloeffel-400l-1400mm-s50\/"},"modified":"2025-10-01T13:07:14","modified_gmt":"2025-10-01T11:07:14","slug":"kernnivellierloeffel-400l-1400mm-s50","status":"publish","type":"product","link":"https:\/\/emasweden.com\/de\/produkt\/kernnivellierloeffel-400l-1400mm-s50\/","title":{"rendered":"Kernnivellierl\u00f6ffel &#8211; 400L &#8211; 1400mm &#8211; S50"},"content":{"rendered":"<p><sup>Kernnivellierl\u00f6ffel 1400mm &#8211; S50<\/sup><br \/>&#8211; Optimales Design f\u00fcr effizienten Materialfluss<br \/>\n&#8211; Leicht und einfach zu handhaben.<br \/>\n&#8211; Langer Boden f\u00fcr besseren Halt beim Nivellieren von Material.<br \/>\n&#8211; Schutzkappe zum Schutz vor Besch\u00e4digung des Tilt-Rotators.<br \/>\n&#8211; Vielf\u00e4ltiges Sortiment mit vielen verschiedenen Breiten<br \/>\n&#8211; Verl\u00e4ngerte Schneide in HB 500 Material = Lange Lebensdauer<br \/>\n&#8211; Wisch, Boden und Verschlei\u00dfschutz in HB450 Material = Lange Lebensdauer<\/p>\n<p>LANGLEBIGKEIT MIT DEM RICHTIGEN MATERIAL<br \/>\nDie Haltbarkeit von Produkten ist ein wichtiger Schl\u00fcsselfaktor f\u00fcr die Rentabilit\u00e4t. Deshalb wird EMA Core aus Materialien mit einer Brinell-H\u00e4rte von HB450 hergestellt.   <\/p>\n<p>DESIGN THAT STANDS OUT<br \/>\nKann 1 + 1 zu 3 werden? JA, mit dem EMA Core Planungseimer!  Entdecken Sie den Unterschied mit der Hobelschaufel von EMA Core. Mit Standardmerkmalen wie einem langen Boden, einem Deckel und einer verl\u00e4ngerten Klinge ist dies ein Design, das sich von anderen Optionen abhebt. Zusammen mit einem Tilt-Rotator wird der EMA Core Nivellierl\u00f6ffel zu einem unverzichtbaren Werkzeug in Ihrem Werkzeugarsenal  <\/p>\n","protected":false},"excerpt":{"rendered":"<p>Kernnivellierl\u00f6ffel 1400mm &#8211; S50&#8211; Optimales Design f\u00fcr effizienten Materialfluss &#8211; Leicht und einfach zu handhaben. &#8211; Langer Boden f\u00fcr besseren Halt beim Nivellieren von Material. &#8211; Schutzkappe zum Schutz vor Besch\u00e4digung des Tilt-Rotators. &#8211; Vielf\u00e4ltiges Sortiment mit vielen verschiedenen Breiten &#8211; Verl\u00e4ngerte Schneide in HB 500 Material = Lange Lebensdauer &#8211; Wisch, Boden und Verschlei\u00dfschutz [&hellip;]<\/p>\n","protected":false},"featured_media":18046,"template":"","meta":{"_monsterinsights_skip_tracking":false,"_monsterinsights_sitenote_active":false,"_monsterinsights_sitenote_note":"","_monsterinsights_sitenote_category":0},"product_brand":[],"product_cat":[3594],"product_tag":[3322],"faste-y":[],"class_list":{"0":"post-18082","1":"product","2":"type-product","3":"status-publish","4":"has-post-thumbnail","6":"product_cat-planierloeffel-grabenraumloeffel-mobilbagger-hardox-450-500","7":"product_tag-kern","8":"pa_max-bredd-1400mm","9":"pa_skar-20x150mm","10":"pa_vikt-263kg","12":"first","13":"instock","14":"purchasable","15":"product-type-simple"},"yoast_head":"<!-- This site is optimized with the Yoast SEO plugin v27.3 - https:\/\/yoast.com\/product\/yoast-seo-wordpress\/ -->\n<title>Kernnivellierl\u00f6ffel - 400L - 1400mm - S50 - EMA Sverige<\/title>\n<meta name=\"robots\" content=\"index, follow, max-snippet:-1, max-image-preview:large, max-video-preview:-1\" \/>\n<link rel=\"canonical\" href=\"https:\/\/emasweden.com\/de\/produkt\/kernnivellierloeffel-400l-1400mm-s50\/\" \/>\n<meta property=\"og:locale\" content=\"de_DE\" \/>\n<meta property=\"og:type\" content=\"article\" \/>\n<meta property=\"og:title\" content=\"Kernnivellierl\u00f6ffel - 400L - 1400mm - S50 - EMA Sverige\" \/>\n<meta property=\"og:description\" content=\"Kernnivellierl\u00f6ffel 1400mm &#8211; S50&#8211; Optimales Design f\u00fcr effizienten Materialfluss &#8211; Leicht und einfach zu handhaben. &#8211; Langer Boden f\u00fcr besseren Halt beim Nivellieren von Material. &#8211; Schutzkappe zum Schutz vor Besch\u00e4digung des Tilt-Rotators. &#8211; Vielf\u00e4ltiges Sortiment mit vielen verschiedenen Breiten &#8211; Verl\u00e4ngerte Schneide in HB 500 Material = Lange Lebensdauer &#8211; Wisch, Boden und Verschlei\u00dfschutz [&hellip;]\" \/>\n<meta property=\"og:url\" content=\"https:\/\/emasweden.com\/de\/produkt\/kernnivellierloeffel-400l-1400mm-s50\/\" \/>\n<meta property=\"og:site_name\" content=\"EMA Sverige\" \/>\n<meta property=\"article:modified_time\" content=\"2025-10-01T11:07:14+00:00\" \/>\n<meta property=\"og:image\" content=\"https:\/\/emasweden.com\/wp-content\/uploads\/2024\/10\/Grading-bucket.60.jpg\" \/>\n\t<meta property=\"og:image:width\" content=\"1920\" \/>\n\t<meta property=\"og:image:height\" content=\"1470\" \/>\n\t<meta property=\"og:image:type\" content=\"image\/jpeg\" \/>\n<meta name=\"twitter:card\" content=\"summary_large_image\" \/>\n<meta name=\"twitter:label1\" content=\"Gesch\u00e4tzte Lesezeit\" \/>\n\t<meta name=\"twitter:data1\" content=\"1\u00a0Minute\" \/>\n<script type=\"application\/ld+json\" class=\"yoast-schema-graph\">{\"@context\":\"https:\\\/\\\/schema.org\",\"@graph\":[{\"@type\":\"WebPage\",\"@id\":\"https:\\\/\\\/emasweden.com\\\/de\\\/produkt\\\/kernnivellierloeffel-400l-1400mm-s50\\\/\",\"url\":\"https:\\\/\\\/emasweden.com\\\/de\\\/produkt\\\/kernnivellierloeffel-400l-1400mm-s50\\\/\",\"name\":\"Kernnivellierl\u00f6ffel - 400L - 1400mm - S50 - EMA Sverige\",\"isPartOf\":{\"@id\":\"https:\\\/\\\/emasweden.com\\\/de\\\/#website\"},\"primaryImageOfPage\":{\"@id\":\"https:\\\/\\\/emasweden.com\\\/de\\\/produkt\\\/kernnivellierloeffel-400l-1400mm-s50\\\/#primaryimage\"},\"image\":{\"@id\":\"https:\\\/\\\/emasweden.com\\\/de\\\/produkt\\\/kernnivellierloeffel-400l-1400mm-s50\\\/#primaryimage\"},\"thumbnailUrl\":\"https:\\\/\\\/emasweden.com\\\/wp-content\\\/uploads\\\/2024\\\/10\\\/Grading-bucket.60.jpg\",\"datePublished\":\"2024-10-23T12:04:25+00:00\",\"dateModified\":\"2025-10-01T11:07:14+00:00\",\"breadcrumb\":{\"@id\":\"https:\\\/\\\/emasweden.com\\\/de\\\/produkt\\\/kernnivellierloeffel-400l-1400mm-s50\\\/#breadcrumb\"},\"inLanguage\":\"de\",\"potentialAction\":[{\"@type\":\"ReadAction\",\"target\":[\"https:\\\/\\\/emasweden.com\\\/de\\\/produkt\\\/kernnivellierloeffel-400l-1400mm-s50\\\/\"]}]},{\"@type\":\"ImageObject\",\"inLanguage\":\"de\",\"@id\":\"https:\\\/\\\/emasweden.com\\\/de\\\/produkt\\\/kernnivellierloeffel-400l-1400mm-s50\\\/#primaryimage\",\"url\":\"https:\\\/\\\/emasweden.com\\\/wp-content\\\/uploads\\\/2024\\\/10\\\/Grading-bucket.60.jpg\",\"contentUrl\":\"https:\\\/\\\/emasweden.com\\\/wp-content\\\/uploads\\\/2024\\\/10\\\/Grading-bucket.60.jpg\",\"width\":1920,\"height\":1470},{\"@type\":\"BreadcrumbList\",\"@id\":\"https:\\\/\\\/emasweden.com\\\/de\\\/produkt\\\/kernnivellierloeffel-400l-1400mm-s50\\\/#breadcrumb\",\"itemListElement\":[{\"@type\":\"ListItem\",\"position\":1,\"name\":\"Hem\",\"item\":\"https:\\\/\\\/emasweden.com\\\/de\\\/\"},{\"@type\":\"ListItem\",\"position\":2,\"name\":\"Produktsortiment\",\"item\":\"https:\\\/\\\/emasweden.com\\\/de\\\/produktsortiment-2\\\/\"},{\"@type\":\"ListItem\",\"position\":3,\"name\":\"Kernnivellierl\u00f6ffel &#8211; 400L &#8211; 1400mm &#8211; S50\"}]},{\"@type\":\"WebSite\",\"@id\":\"https:\\\/\\\/emasweden.com\\\/de\\\/#website\",\"url\":\"https:\\\/\\\/emasweden.com\\\/de\\\/\",\"name\":\"EMA Sverige\",\"description\":\"\",\"potentialAction\":[{\"@type\":\"SearchAction\",\"target\":{\"@type\":\"EntryPoint\",\"urlTemplate\":\"https:\\\/\\\/emasweden.com\\\/de\\\/?s={search_term_string}\"},\"query-input\":{\"@type\":\"PropertyValueSpecification\",\"valueRequired\":true,\"valueName\":\"search_term_string\"}}],\"inLanguage\":\"de\"}]}<\/script>\n<!-- \/ Yoast SEO plugin. -->","yoast_head_json":{"title":"Kernnivellierl\u00f6ffel - 400L - 1400mm - S50 - EMA Sverige","robots":{"index":"index","follow":"follow","max-snippet":"max-snippet:-1","max-image-preview":"max-image-preview:large","max-video-preview":"max-video-preview:-1"},"canonical":"https:\/\/emasweden.com\/de\/produkt\/kernnivellierloeffel-400l-1400mm-s50\/","og_locale":"de_DE","og_type":"article","og_title":"Kernnivellierl\u00f6ffel - 400L - 1400mm - S50 - EMA Sverige","og_description":"Kernnivellierl\u00f6ffel 1400mm &#8211; S50&#8211; Optimales Design f\u00fcr effizienten Materialfluss &#8211; Leicht und einfach zu handhaben. &#8211; Langer Boden f\u00fcr besseren Halt beim Nivellieren von Material. &#8211; Schutzkappe zum Schutz vor Besch\u00e4digung des Tilt-Rotators. &#8211; Vielf\u00e4ltiges Sortiment mit vielen verschiedenen Breiten &#8211; Verl\u00e4ngerte Schneide in HB 500 Material = Lange Lebensdauer &#8211; Wisch, Boden und Verschlei\u00dfschutz [&hellip;]","og_url":"https:\/\/emasweden.com\/de\/produkt\/kernnivellierloeffel-400l-1400mm-s50\/","og_site_name":"EMA Sverige","article_modified_time":"2025-10-01T11:07:14+00:00","og_image":[{"width":1920,"height":1470,"url":"https:\/\/emasweden.com\/wp-content\/uploads\/2024\/10\/Grading-bucket.60.jpg","type":"image\/jpeg"}],"twitter_card":"summary_large_image","twitter_misc":{"Gesch\u00e4tzte Lesezeit":"1\u00a0Minute"},"schema":{"@context":"https:\/\/schema.org","@graph":[{"@type":"WebPage","@id":"https:\/\/emasweden.com\/de\/produkt\/kernnivellierloeffel-400l-1400mm-s50\/","url":"https:\/\/emasweden.com\/de\/produkt\/kernnivellierloeffel-400l-1400mm-s50\/","name":"Kernnivellierl\u00f6ffel - 400L - 1400mm - S50 - EMA Sverige","isPartOf":{"@id":"https:\/\/emasweden.com\/de\/#website"},"primaryImageOfPage":{"@id":"https:\/\/emasweden.com\/de\/produkt\/kernnivellierloeffel-400l-1400mm-s50\/#primaryimage"},"image":{"@id":"https:\/\/emasweden.com\/de\/produkt\/kernnivellierloeffel-400l-1400mm-s50\/#primaryimage"},"thumbnailUrl":"https:\/\/emasweden.com\/wp-content\/uploads\/2024\/10\/Grading-bucket.60.jpg","datePublished":"2024-10-23T12:04:25+00:00","dateModified":"2025-10-01T11:07:14+00:00","breadcrumb":{"@id":"https:\/\/emasweden.com\/de\/produkt\/kernnivellierloeffel-400l-1400mm-s50\/#breadcrumb"},"inLanguage":"de","potentialAction":[{"@type":"ReadAction","target":["https:\/\/emasweden.com\/de\/produkt\/kernnivellierloeffel-400l-1400mm-s50\/"]}]},{"@type":"ImageObject","inLanguage":"de","@id":"https:\/\/emasweden.com\/de\/produkt\/kernnivellierloeffel-400l-1400mm-s50\/#primaryimage","url":"https:\/\/emasweden.com\/wp-content\/uploads\/2024\/10\/Grading-bucket.60.jpg","contentUrl":"https:\/\/emasweden.com\/wp-content\/uploads\/2024\/10\/Grading-bucket.60.jpg","width":1920,"height":1470},{"@type":"BreadcrumbList","@id":"https:\/\/emasweden.com\/de\/produkt\/kernnivellierloeffel-400l-1400mm-s50\/#breadcrumb","itemListElement":[{"@type":"ListItem","position":1,"name":"Hem","item":"https:\/\/emasweden.com\/de\/"},{"@type":"ListItem","position":2,"name":"Produktsortiment","item":"https:\/\/emasweden.com\/de\/produktsortiment-2\/"},{"@type":"ListItem","position":3,"name":"Kernnivellierl\u00f6ffel &#8211; 400L &#8211; 1400mm &#8211; S50"}]},{"@type":"WebSite","@id":"https:\/\/emasweden.com\/de\/#website","url":"https:\/\/emasweden.com\/de\/","name":"EMA Sverige","description":"","potentialAction":[{"@type":"SearchAction","target":{"@type":"EntryPoint","urlTemplate":"https:\/\/emasweden.com\/de\/?s={search_term_string}"},"query-input":{"@type":"PropertyValueSpecification","valueRequired":true,"valueName":"search_term_string"}}],"inLanguage":"de"}]}},"_links":{"self":[{"href":"https:\/\/emasweden.com\/de\/wp-json\/wp\/v2\/product\/18082","targetHints":{"allow":["GET"]}}],"collection":[{"href":"https:\/\/emasweden.com\/de\/wp-json\/wp\/v2\/product"}],"about":[{"href":"https:\/\/emasweden.com\/de\/wp-json\/wp\/v2\/types\/product"}],"wp:featuredmedia":[{"embeddable":true,"href":"https:\/\/emasweden.com\/de\/wp-json\/wp\/v2\/media\/18046"}],"wp:attachment":[{"href":"https:\/\/emasweden.com\/de\/wp-json\/wp\/v2\/media?parent=18082"}],"wp:term":[{"taxonomy":"product_brand","embeddable":true,"href":"https:\/\/emasweden.com\/de\/wp-json\/wp\/v2\/product_brand?post=18082"},{"taxonomy":"product_cat","embeddable":true,"href":"https:\/\/emasweden.com\/de\/wp-json\/wp\/v2\/product_cat?post=18082"},{"taxonomy":"product_tag","embeddable":true,"href":"https:\/\/emasweden.com\/de\/wp-json\/wp\/v2\/product_tag?post=18082"},{"taxonomy":"faste-y","embeddable":true,"href":"https:\/\/emasweden.com\/de\/wp-json\/wp\/v2\/faste-y?post=18082"}],"curies":[{"name":"wp","href":"https:\/\/api.w.org\/{rel}","templated":true}]}}