{"id":18175,"date":"2021-03-16T11:09:29","date_gmt":"2021-03-16T10:09:29","guid":{"rendered":"https:\/\/emasweden.com\/produkt\/hd-kabeleimer-konisch-600l-600-850mm-s70\/"},"modified":"2025-10-01T13:09:01","modified_gmt":"2025-10-01T11:09:01","slug":"hd-kabeleimer-konisch-600l-600-850mm-s70","status":"publish","type":"product","link":"https:\/\/emasweden.com\/de\/produkt\/hd-kabeleimer-konisch-600l-600-850mm-s70\/","title":{"rendered":"HD Kabeleimer konisch 600L &#8211; 600\/850mm &#8211; S70"},"content":{"rendered":"<p><sup>HD Kabeleimer konisch 600L &#8211; 600\/850mm &#8211; S70<\/sup><br \/>Kabeleimer heavy duty<br \/>\n<br \/>&#8211; Heavy Duty (HD) ist das Kraftpaket in unserer Produktpalette. Hier lassen wir keinen Stein auf dem anderen, wenn es um die Materialien geht. Die Produkte sind mit Verschlei\u00dfrippen an der Unterseite ausgestattet und die Produkte haben oft gr\u00f6\u00dfere Abmessungen.   Dieses Kraftpaket wird vor allem von Anwendern eingesetzt, die sehr hohe Anforderungen an ihre Produkte stellen und h\u00e4ufig in Umgebungen arbeiten, die das gewisse Extra an Haltbarkeit erfordern. Diese Kategorie von Schaufeln ist aufgrund der Verwendung von zus\u00e4tzlichem Stahl oft schwerer, aber das Ergebnis ist eine sehr haltbare Schaufel.<\/p>\n<p>&#8211; Schneiden Sie in 500 Brinell <a href=\"https:\/\/www.borox.se\/produkter\/skopst%C3%A5l\" target=\"_blank\" rel=\"noopener\">BOROX<\/a><br \/>\n<br \/>&#8211; Verschlei\u00dfschutz an den Seiten, der Vorderseite, dem Boden und den Verschlei\u00dfrippen aus <a href=\"https:\/\/www.ssab.com\/products\/brands\/hardox\/products\/hardox-450\" target=\"_blank\" rel=\"noopener\">HARDOX 450<\/a><br \/>\n<br \/>&#8211; Die Schaufel wird gemeinsam mit Maschinenf\u00fchrern entwickelt<br \/>\n<br \/>&#8211; Modernes Design mit langem Boden<br \/>\n<br \/>&#8211; Eine konische Kabelschaufel bedeutet, dass das Material nicht so leicht in der Schaufel stecken bleibt. Au\u00dferdem bietet sie einen breiteren und stabileren Schacht. <\/p>\n","protected":false},"excerpt":{"rendered":"<p>HD Kabeleimer konisch 600L &#8211; 600\/850mm &#8211; S70Kabeleimer heavy duty &#8211; Heavy Duty (HD) ist das Kraftpaket in unserer Produktpalette. Hier lassen wir keinen Stein auf dem anderen, wenn es um die Materialien geht. Die Produkte sind mit Verschlei\u00dfrippen an der Unterseite ausgestattet und die Produkte haben oft gr\u00f6\u00dfere Abmessungen. Dieses Kraftpaket wird vor allem [&hellip;]<\/p>\n","protected":false},"featured_media":22545,"template":"","meta":{"_monsterinsights_skip_tracking":false,"_monsterinsights_sitenote_active":false,"_monsterinsights_sitenote_note":"","_monsterinsights_sitenote_category":0},"product_brand":[],"product_cat":[3421],"product_tag":[],"faste-y":[],"class_list":{"0":"post-18175","1":"product","2":"type-product","3":"status-publish","4":"has-post-thumbnail","6":"product_cat-kabelloeffel-schmaler-grabenloeffel-fuer-mobilbagger","7":"pa_max-bredd-850mm","8":"pa_min-bredd-600mm","9":"pa_skar-40x300mm","10":"pa_vikt-680kg","12":"first","13":"instock","14":"purchasable","15":"product-type-simple"},"yoast_head":"<!-- This site is optimized with the Yoast SEO plugin v27.3 - https:\/\/yoast.com\/product\/yoast-seo-wordpress\/ -->\n<title>HD Kabeleimer konisch 600L - 600\/850mm - S70 - EMA Sverige<\/title>\n<meta name=\"description\" content=\"HD-Kabeleimer Konisch 600L - 600\/850mm - S70 Schnitt aus 500 Brinell BOROX. Verschlei\u00dfschutz an den Seiten, am vorderen Ende, am Boden und Verschlei\u00dfrippen aus HARDOX 450\" \/>\n<meta name=\"robots\" content=\"index, follow, max-snippet:-1, max-image-preview:large, max-video-preview:-1\" \/>\n<link rel=\"canonical\" href=\"https:\/\/emasweden.com\/de\/produkt\/hd-kabeleimer-konisch-600l-600-850mm-s70\/\" \/>\n<meta property=\"og:locale\" content=\"de_DE\" \/>\n<meta property=\"og:type\" content=\"article\" \/>\n<meta property=\"og:title\" content=\"HD Kabeleimer konisch 600L - 600\/850mm - S70 - EMA Sverige\" \/>\n<meta property=\"og:description\" content=\"HD-Kabeleimer Konisch 600L - 600\/850mm - S70 Schnitt aus 500 Brinell BOROX. Verschlei\u00dfschutz an den Seiten, am vorderen Ende, am Boden und Verschlei\u00dfrippen aus HARDOX 450\" \/>\n<meta property=\"og:url\" content=\"https:\/\/emasweden.com\/de\/produkt\/hd-kabeleimer-konisch-600l-600-850mm-s70\/\" \/>\n<meta property=\"og:site_name\" content=\"EMA Sverige\" \/>\n<meta property=\"article:modified_time\" content=\"2025-10-01T11:09:01+00:00\" \/>\n<meta property=\"og:image\" content=\"https:\/\/emasweden.com\/wp-content\/uploads\/2021\/01\/7293176_1.jpg\" \/>\n\t<meta property=\"og:image:width\" content=\"1000\" \/>\n\t<meta property=\"og:image:height\" content=\"750\" \/>\n\t<meta property=\"og:image:type\" content=\"image\/jpeg\" \/>\n<meta name=\"twitter:card\" content=\"summary_large_image\" \/>\n<meta name=\"twitter:label1\" content=\"Gesch\u00e4tzte Lesezeit\" \/>\n\t<meta name=\"twitter:data1\" content=\"1\u00a0Minute\" \/>\n<script type=\"application\/ld+json\" class=\"yoast-schema-graph\">{\"@context\":\"https:\\\/\\\/schema.org\",\"@graph\":[{\"@type\":\"WebPage\",\"@id\":\"https:\\\/\\\/emasweden.com\\\/de\\\/produkt\\\/hd-kabeleimer-konisch-600l-600-850mm-s70\\\/\",\"url\":\"https:\\\/\\\/emasweden.com\\\/de\\\/produkt\\\/hd-kabeleimer-konisch-600l-600-850mm-s70\\\/\",\"name\":\"HD Kabeleimer konisch 600L - 600\\\/850mm - S70 - EMA Sverige\",\"isPartOf\":{\"@id\":\"https:\\\/\\\/emasweden.com\\\/de\\\/#website\"},\"primaryImageOfPage\":{\"@id\":\"https:\\\/\\\/emasweden.com\\\/de\\\/produkt\\\/hd-kabeleimer-konisch-600l-600-850mm-s70\\\/#primaryimage\"},\"image\":{\"@id\":\"https:\\\/\\\/emasweden.com\\\/de\\\/produkt\\\/hd-kabeleimer-konisch-600l-600-850mm-s70\\\/#primaryimage\"},\"thumbnailUrl\":\"https:\\\/\\\/emasweden.com\\\/wp-content\\\/uploads\\\/2021\\\/01\\\/7293176_1.jpg\",\"datePublished\":\"2021-03-16T10:09:29+00:00\",\"dateModified\":\"2025-10-01T11:09:01+00:00\",\"description\":\"HD-Kabeleimer Konisch 600L - 600\\\/850mm - S70 Schnitt aus 500 Brinell BOROX. Verschlei\u00dfschutz an den Seiten, am vorderen Ende, am Boden und Verschlei\u00dfrippen aus HARDOX 450\",\"breadcrumb\":{\"@id\":\"https:\\\/\\\/emasweden.com\\\/de\\\/produkt\\\/hd-kabeleimer-konisch-600l-600-850mm-s70\\\/#breadcrumb\"},\"inLanguage\":\"de\",\"potentialAction\":[{\"@type\":\"ReadAction\",\"target\":[\"https:\\\/\\\/emasweden.com\\\/de\\\/produkt\\\/hd-kabeleimer-konisch-600l-600-850mm-s70\\\/\"]}]},{\"@type\":\"ImageObject\",\"inLanguage\":\"de\",\"@id\":\"https:\\\/\\\/emasweden.com\\\/de\\\/produkt\\\/hd-kabeleimer-konisch-600l-600-850mm-s70\\\/#primaryimage\",\"url\":\"https:\\\/\\\/emasweden.com\\\/wp-content\\\/uploads\\\/2021\\\/01\\\/7293176_1.jpg\",\"contentUrl\":\"https:\\\/\\\/emasweden.com\\\/wp-content\\\/uploads\\\/2021\\\/01\\\/7293176_1.jpg\",\"width\":1000,\"height\":750,\"caption\":\"HD Kabelskopa Konisk 600L - 600\\\/850mm - S2\"},{\"@type\":\"BreadcrumbList\",\"@id\":\"https:\\\/\\\/emasweden.com\\\/de\\\/produkt\\\/hd-kabeleimer-konisch-600l-600-850mm-s70\\\/#breadcrumb\",\"itemListElement\":[{\"@type\":\"ListItem\",\"position\":1,\"name\":\"Hem\",\"item\":\"https:\\\/\\\/emasweden.com\\\/de\\\/\"},{\"@type\":\"ListItem\",\"position\":2,\"name\":\"Produktsortiment\",\"item\":\"https:\\\/\\\/emasweden.com\\\/de\\\/produktsortiment-2\\\/\"},{\"@type\":\"ListItem\",\"position\":3,\"name\":\"HD Kabeleimer konisch 600L &#8211; 600\\\/850mm &#8211; S70\"}]},{\"@type\":\"WebSite\",\"@id\":\"https:\\\/\\\/emasweden.com\\\/de\\\/#website\",\"url\":\"https:\\\/\\\/emasweden.com\\\/de\\\/\",\"name\":\"EMA Sverige\",\"description\":\"\",\"potentialAction\":[{\"@type\":\"SearchAction\",\"target\":{\"@type\":\"EntryPoint\",\"urlTemplate\":\"https:\\\/\\\/emasweden.com\\\/de\\\/?s={search_term_string}\"},\"query-input\":{\"@type\":\"PropertyValueSpecification\",\"valueRequired\":true,\"valueName\":\"search_term_string\"}}],\"inLanguage\":\"de\"}]}<\/script>\n<!-- \/ Yoast SEO plugin. -->","yoast_head_json":{"title":"HD Kabeleimer konisch 600L - 600\/850mm - S70 - EMA Sverige","description":"HD-Kabeleimer Konisch 600L - 600\/850mm - S70 Schnitt aus 500 Brinell BOROX. Verschlei\u00dfschutz an den Seiten, am vorderen Ende, am Boden und Verschlei\u00dfrippen aus HARDOX 450","robots":{"index":"index","follow":"follow","max-snippet":"max-snippet:-1","max-image-preview":"max-image-preview:large","max-video-preview":"max-video-preview:-1"},"canonical":"https:\/\/emasweden.com\/de\/produkt\/hd-kabeleimer-konisch-600l-600-850mm-s70\/","og_locale":"de_DE","og_type":"article","og_title":"HD Kabeleimer konisch 600L - 600\/850mm - S70 - EMA Sverige","og_description":"HD-Kabeleimer Konisch 600L - 600\/850mm - S70 Schnitt aus 500 Brinell BOROX. Verschlei\u00dfschutz an den Seiten, am vorderen Ende, am Boden und Verschlei\u00dfrippen aus HARDOX 450","og_url":"https:\/\/emasweden.com\/de\/produkt\/hd-kabeleimer-konisch-600l-600-850mm-s70\/","og_site_name":"EMA Sverige","article_modified_time":"2025-10-01T11:09:01+00:00","og_image":[{"width":1000,"height":750,"url":"https:\/\/emasweden.com\/wp-content\/uploads\/2021\/01\/7293176_1.jpg","type":"image\/jpeg"}],"twitter_card":"summary_large_image","twitter_misc":{"Gesch\u00e4tzte Lesezeit":"1\u00a0Minute"},"schema":{"@context":"https:\/\/schema.org","@graph":[{"@type":"WebPage","@id":"https:\/\/emasweden.com\/de\/produkt\/hd-kabeleimer-konisch-600l-600-850mm-s70\/","url":"https:\/\/emasweden.com\/de\/produkt\/hd-kabeleimer-konisch-600l-600-850mm-s70\/","name":"HD Kabeleimer konisch 600L - 600\/850mm - S70 - EMA Sverige","isPartOf":{"@id":"https:\/\/emasweden.com\/de\/#website"},"primaryImageOfPage":{"@id":"https:\/\/emasweden.com\/de\/produkt\/hd-kabeleimer-konisch-600l-600-850mm-s70\/#primaryimage"},"image":{"@id":"https:\/\/emasweden.com\/de\/produkt\/hd-kabeleimer-konisch-600l-600-850mm-s70\/#primaryimage"},"thumbnailUrl":"https:\/\/emasweden.com\/wp-content\/uploads\/2021\/01\/7293176_1.jpg","datePublished":"2021-03-16T10:09:29+00:00","dateModified":"2025-10-01T11:09:01+00:00","description":"HD-Kabeleimer Konisch 600L - 600\/850mm - S70 Schnitt aus 500 Brinell BOROX. Verschlei\u00dfschutz an den Seiten, am vorderen Ende, am Boden und Verschlei\u00dfrippen aus HARDOX 450","breadcrumb":{"@id":"https:\/\/emasweden.com\/de\/produkt\/hd-kabeleimer-konisch-600l-600-850mm-s70\/#breadcrumb"},"inLanguage":"de","potentialAction":[{"@type":"ReadAction","target":["https:\/\/emasweden.com\/de\/produkt\/hd-kabeleimer-konisch-600l-600-850mm-s70\/"]}]},{"@type":"ImageObject","inLanguage":"de","@id":"https:\/\/emasweden.com\/de\/produkt\/hd-kabeleimer-konisch-600l-600-850mm-s70\/#primaryimage","url":"https:\/\/emasweden.com\/wp-content\/uploads\/2021\/01\/7293176_1.jpg","contentUrl":"https:\/\/emasweden.com\/wp-content\/uploads\/2021\/01\/7293176_1.jpg","width":1000,"height":750,"caption":"HD Kabelskopa Konisk 600L - 600\/850mm - S2"},{"@type":"BreadcrumbList","@id":"https:\/\/emasweden.com\/de\/produkt\/hd-kabeleimer-konisch-600l-600-850mm-s70\/#breadcrumb","itemListElement":[{"@type":"ListItem","position":1,"name":"Hem","item":"https:\/\/emasweden.com\/de\/"},{"@type":"ListItem","position":2,"name":"Produktsortiment","item":"https:\/\/emasweden.com\/de\/produktsortiment-2\/"},{"@type":"ListItem","position":3,"name":"HD Kabeleimer konisch 600L &#8211; 600\/850mm &#8211; S70"}]},{"@type":"WebSite","@id":"https:\/\/emasweden.com\/de\/#website","url":"https:\/\/emasweden.com\/de\/","name":"EMA Sverige","description":"","potentialAction":[{"@type":"SearchAction","target":{"@type":"EntryPoint","urlTemplate":"https:\/\/emasweden.com\/de\/?s={search_term_string}"},"query-input":{"@type":"PropertyValueSpecification","valueRequired":true,"valueName":"search_term_string"}}],"inLanguage":"de"}]}},"_links":{"self":[{"href":"https:\/\/emasweden.com\/de\/wp-json\/wp\/v2\/product\/18175","targetHints":{"allow":["GET"]}}],"collection":[{"href":"https:\/\/emasweden.com\/de\/wp-json\/wp\/v2\/product"}],"about":[{"href":"https:\/\/emasweden.com\/de\/wp-json\/wp\/v2\/types\/product"}],"wp:featuredmedia":[{"embeddable":true,"href":"https:\/\/emasweden.com\/de\/wp-json\/wp\/v2\/media\/22545"}],"wp:attachment":[{"href":"https:\/\/emasweden.com\/de\/wp-json\/wp\/v2\/media?parent=18175"}],"wp:term":[{"taxonomy":"product_brand","embeddable":true,"href":"https:\/\/emasweden.com\/de\/wp-json\/wp\/v2\/product_brand?post=18175"},{"taxonomy":"product_cat","embeddable":true,"href":"https:\/\/emasweden.com\/de\/wp-json\/wp\/v2\/product_cat?post=18175"},{"taxonomy":"product_tag","embeddable":true,"href":"https:\/\/emasweden.com\/de\/wp-json\/wp\/v2\/product_tag?post=18175"},{"taxonomy":"faste-y","embeddable":true,"href":"https:\/\/emasweden.com\/de\/wp-json\/wp\/v2\/faste-y?post=18175"}],"curies":[{"name":"wp","href":"https:\/\/api.w.org\/{rel}","templated":true}]}}