{"id":18178,"date":"2021-03-16T11:11:54","date_gmt":"2021-03-16T10:11:54","guid":{"rendered":"https:\/\/emasweden.com\/produkt\/std-hyd-nivellierloeffel-80l-1000mm-s30-150\/"},"modified":"2025-10-01T13:09:06","modified_gmt":"2025-10-01T11:09:06","slug":"std-hyd-nivellierloeffel-80l-1000mm-s30-150","status":"publish","type":"product","link":"https:\/\/emasweden.com\/de\/produkt\/std-hyd-nivellierloeffel-80l-1000mm-s30-150\/","title":{"rendered":"Std Hyd-Nivellierl\u00f6ffel 80L &#8211; 1000mm &#8211; S30\/150"},"content":{"rendered":"<p>Hydranulierl\u00f6ffel Standard Duty.<br \/>\nStandard Duty (STD) ist der sehr erschwingliche Teil unseres Sortiments, ohne Kompromisse bei der Qualit\u00e4t einzugehen. HARDOX wird dort eingesetzt, wo das Material stark beansprucht wird, was zu einem Produkt mit langer Lebensdauer f\u00fchrt.  Dieses Produkt richtet sich an unsere Anwender, die hohe Anforderungen an ihre Produkte stellen, bei denen eine hohe Leistung gesch\u00e4tzt wird und die langfristig zu einer besseren Gesamtwirtschaftlichkeit beitragen. Schneiden Sie in 500 Brinell BOROX. Kehr-, Seiten- und Bodenverschlei\u00dfschutz aus 450 HARDOX. Starke und gut sitzende Taille. Leicht zug\u00e4ngliche Schmierstellen. Serienm\u00e4\u00dfige Stabilisatoren zum Schutz der Kolben. Bis zu 150 Liter 1 Horizontalkolben, danach 2 Horizontalkolben. Die Schaufel wird gemeinsam mit Maschinenf\u00fchrern entwickelt.<\/p>\n","protected":false},"excerpt":{"rendered":"<p>Hydranulierl\u00f6ffel Standard Duty. Standard Duty (STD) ist der sehr erschwingliche Teil unseres Sortiments, ohne Kompromisse bei der Qualit\u00e4t einzugehen. HARDOX wird dort eingesetzt, wo das Material stark beansprucht wird, was zu einem Produkt mit langer Lebensdauer f\u00fchrt. Dieses Produkt richtet sich an unsere Anwender, die hohe Anforderungen an ihre Produkte stellen, bei denen eine hohe [&hellip;]<\/p>\n","protected":false},"featured_media":22553,"template":"","meta":{"_monsterinsights_skip_tracking":false,"_monsterinsights_sitenote_active":false,"_monsterinsights_sitenote_note":"","_monsterinsights_sitenote_category":0},"product_brand":[],"product_cat":[3591],"product_tag":[],"faste-y":[],"class_list":{"0":"post-18178","1":"product","2":"type-product","3":"status-publish","4":"has-post-thumbnail","6":"product_cat-grabenraeumloeffel","7":"pa_max-bredd-1000mm","8":"pa_vikt-112kg","10":"first","11":"instock","12":"purchasable","13":"product-type-simple"},"yoast_head":"<!-- This site is optimized with the Yoast SEO plugin v27.3 - https:\/\/yoast.com\/product\/yoast-seo-wordpress\/ -->\n<title>Std Hyd-Nivellierl\u00f6ffel 80L - 1000mm - S30\/150 - EMA Sverige<\/title>\n<meta name=\"robots\" content=\"index, follow, max-snippet:-1, max-image-preview:large, max-video-preview:-1\" \/>\n<link rel=\"canonical\" href=\"https:\/\/emasweden.com\/de\/produkt\/std-hyd-nivellierloeffel-80l-1000mm-s30-150\/\" \/>\n<meta property=\"og:locale\" content=\"de_DE\" \/>\n<meta property=\"og:type\" content=\"article\" \/>\n<meta property=\"og:title\" content=\"Std Hyd-Nivellierl\u00f6ffel 80L - 1000mm - S30\/150 - EMA Sverige\" \/>\n<meta property=\"og:description\" content=\"Hydranulierl\u00f6ffel Standard Duty. Standard Duty (STD) ist der sehr erschwingliche Teil unseres Sortiments, ohne Kompromisse bei der Qualit\u00e4t einzugehen. HARDOX wird dort eingesetzt, wo das Material stark beansprucht wird, was zu einem Produkt mit langer Lebensdauer f\u00fchrt. Dieses Produkt richtet sich an unsere Anwender, die hohe Anforderungen an ihre Produkte stellen, bei denen eine hohe [&hellip;]\" \/>\n<meta property=\"og:url\" content=\"https:\/\/emasweden.com\/de\/produkt\/std-hyd-nivellierloeffel-80l-1000mm-s30-150\/\" \/>\n<meta property=\"og:site_name\" content=\"EMA Sverige\" \/>\n<meta property=\"article:modified_time\" content=\"2025-10-01T11:09:06+00:00\" \/>\n<meta property=\"og:image\" content=\"https:\/\/emasweden.com\/wp-content\/uploads\/2021\/03\/7295008_1.jpg\" \/>\n\t<meta property=\"og:image:width\" content=\"1000\" \/>\n\t<meta property=\"og:image:height\" content=\"750\" \/>\n\t<meta property=\"og:image:type\" content=\"image\/jpeg\" \/>\n<meta name=\"twitter:card\" content=\"summary_large_image\" \/>\n<meta name=\"twitter:label1\" content=\"Gesch\u00e4tzte Lesezeit\" \/>\n\t<meta name=\"twitter:data1\" content=\"1\u00a0Minute\" \/>\n<script type=\"application\/ld+json\" class=\"yoast-schema-graph\">{\"@context\":\"https:\\\/\\\/schema.org\",\"@graph\":[{\"@type\":\"WebPage\",\"@id\":\"https:\\\/\\\/emasweden.com\\\/de\\\/produkt\\\/std-hyd-nivellierloeffel-80l-1000mm-s30-150\\\/\",\"url\":\"https:\\\/\\\/emasweden.com\\\/de\\\/produkt\\\/std-hyd-nivellierloeffel-80l-1000mm-s30-150\\\/\",\"name\":\"Std Hyd-Nivellierl\u00f6ffel 80L - 1000mm - S30\\\/150 - EMA Sverige\",\"isPartOf\":{\"@id\":\"https:\\\/\\\/emasweden.com\\\/de\\\/#website\"},\"primaryImageOfPage\":{\"@id\":\"https:\\\/\\\/emasweden.com\\\/de\\\/produkt\\\/std-hyd-nivellierloeffel-80l-1000mm-s30-150\\\/#primaryimage\"},\"image\":{\"@id\":\"https:\\\/\\\/emasweden.com\\\/de\\\/produkt\\\/std-hyd-nivellierloeffel-80l-1000mm-s30-150\\\/#primaryimage\"},\"thumbnailUrl\":\"https:\\\/\\\/emasweden.com\\\/wp-content\\\/uploads\\\/2021\\\/03\\\/7295008_1.jpg\",\"datePublished\":\"2021-03-16T10:11:54+00:00\",\"dateModified\":\"2025-10-01T11:09:06+00:00\",\"breadcrumb\":{\"@id\":\"https:\\\/\\\/emasweden.com\\\/de\\\/produkt\\\/std-hyd-nivellierloeffel-80l-1000mm-s30-150\\\/#breadcrumb\"},\"inLanguage\":\"de\",\"potentialAction\":[{\"@type\":\"ReadAction\",\"target\":[\"https:\\\/\\\/emasweden.com\\\/de\\\/produkt\\\/std-hyd-nivellierloeffel-80l-1000mm-s30-150\\\/\"]}]},{\"@type\":\"ImageObject\",\"inLanguage\":\"de\",\"@id\":\"https:\\\/\\\/emasweden.com\\\/de\\\/produkt\\\/std-hyd-nivellierloeffel-80l-1000mm-s30-150\\\/#primaryimage\",\"url\":\"https:\\\/\\\/emasweden.com\\\/wp-content\\\/uploads\\\/2021\\\/03\\\/7295008_1.jpg\",\"contentUrl\":\"https:\\\/\\\/emasweden.com\\\/wp-content\\\/uploads\\\/2021\\\/03\\\/7295008_1.jpg\",\"width\":1000,\"height\":750},{\"@type\":\"BreadcrumbList\",\"@id\":\"https:\\\/\\\/emasweden.com\\\/de\\\/produkt\\\/std-hyd-nivellierloeffel-80l-1000mm-s30-150\\\/#breadcrumb\",\"itemListElement\":[{\"@type\":\"ListItem\",\"position\":1,\"name\":\"Hem\",\"item\":\"https:\\\/\\\/emasweden.com\\\/de\\\/\"},{\"@type\":\"ListItem\",\"position\":2,\"name\":\"Produktsortiment\",\"item\":\"https:\\\/\\\/emasweden.com\\\/de\\\/produktsortiment-2\\\/\"},{\"@type\":\"ListItem\",\"position\":3,\"name\":\"Std Hyd-Nivellierl\u00f6ffel 80L &#8211; 1000mm &#8211; S30\\\/150\"}]},{\"@type\":\"WebSite\",\"@id\":\"https:\\\/\\\/emasweden.com\\\/de\\\/#website\",\"url\":\"https:\\\/\\\/emasweden.com\\\/de\\\/\",\"name\":\"EMA Sverige\",\"description\":\"\",\"potentialAction\":[{\"@type\":\"SearchAction\",\"target\":{\"@type\":\"EntryPoint\",\"urlTemplate\":\"https:\\\/\\\/emasweden.com\\\/de\\\/?s={search_term_string}\"},\"query-input\":{\"@type\":\"PropertyValueSpecification\",\"valueRequired\":true,\"valueName\":\"search_term_string\"}}],\"inLanguage\":\"de\"}]}<\/script>\n<!-- \/ Yoast SEO plugin. -->","yoast_head_json":{"title":"Std Hyd-Nivellierl\u00f6ffel 80L - 1000mm - S30\/150 - EMA Sverige","robots":{"index":"index","follow":"follow","max-snippet":"max-snippet:-1","max-image-preview":"max-image-preview:large","max-video-preview":"max-video-preview:-1"},"canonical":"https:\/\/emasweden.com\/de\/produkt\/std-hyd-nivellierloeffel-80l-1000mm-s30-150\/","og_locale":"de_DE","og_type":"article","og_title":"Std Hyd-Nivellierl\u00f6ffel 80L - 1000mm - S30\/150 - EMA Sverige","og_description":"Hydranulierl\u00f6ffel Standard Duty. Standard Duty (STD) ist der sehr erschwingliche Teil unseres Sortiments, ohne Kompromisse bei der Qualit\u00e4t einzugehen. HARDOX wird dort eingesetzt, wo das Material stark beansprucht wird, was zu einem Produkt mit langer Lebensdauer f\u00fchrt. Dieses Produkt richtet sich an unsere Anwender, die hohe Anforderungen an ihre Produkte stellen, bei denen eine hohe [&hellip;]","og_url":"https:\/\/emasweden.com\/de\/produkt\/std-hyd-nivellierloeffel-80l-1000mm-s30-150\/","og_site_name":"EMA Sverige","article_modified_time":"2025-10-01T11:09:06+00:00","og_image":[{"width":1000,"height":750,"url":"https:\/\/emasweden.com\/wp-content\/uploads\/2021\/03\/7295008_1.jpg","type":"image\/jpeg"}],"twitter_card":"summary_large_image","twitter_misc":{"Gesch\u00e4tzte Lesezeit":"1\u00a0Minute"},"schema":{"@context":"https:\/\/schema.org","@graph":[{"@type":"WebPage","@id":"https:\/\/emasweden.com\/de\/produkt\/std-hyd-nivellierloeffel-80l-1000mm-s30-150\/","url":"https:\/\/emasweden.com\/de\/produkt\/std-hyd-nivellierloeffel-80l-1000mm-s30-150\/","name":"Std Hyd-Nivellierl\u00f6ffel 80L - 1000mm - S30\/150 - EMA Sverige","isPartOf":{"@id":"https:\/\/emasweden.com\/de\/#website"},"primaryImageOfPage":{"@id":"https:\/\/emasweden.com\/de\/produkt\/std-hyd-nivellierloeffel-80l-1000mm-s30-150\/#primaryimage"},"image":{"@id":"https:\/\/emasweden.com\/de\/produkt\/std-hyd-nivellierloeffel-80l-1000mm-s30-150\/#primaryimage"},"thumbnailUrl":"https:\/\/emasweden.com\/wp-content\/uploads\/2021\/03\/7295008_1.jpg","datePublished":"2021-03-16T10:11:54+00:00","dateModified":"2025-10-01T11:09:06+00:00","breadcrumb":{"@id":"https:\/\/emasweden.com\/de\/produkt\/std-hyd-nivellierloeffel-80l-1000mm-s30-150\/#breadcrumb"},"inLanguage":"de","potentialAction":[{"@type":"ReadAction","target":["https:\/\/emasweden.com\/de\/produkt\/std-hyd-nivellierloeffel-80l-1000mm-s30-150\/"]}]},{"@type":"ImageObject","inLanguage":"de","@id":"https:\/\/emasweden.com\/de\/produkt\/std-hyd-nivellierloeffel-80l-1000mm-s30-150\/#primaryimage","url":"https:\/\/emasweden.com\/wp-content\/uploads\/2021\/03\/7295008_1.jpg","contentUrl":"https:\/\/emasweden.com\/wp-content\/uploads\/2021\/03\/7295008_1.jpg","width":1000,"height":750},{"@type":"BreadcrumbList","@id":"https:\/\/emasweden.com\/de\/produkt\/std-hyd-nivellierloeffel-80l-1000mm-s30-150\/#breadcrumb","itemListElement":[{"@type":"ListItem","position":1,"name":"Hem","item":"https:\/\/emasweden.com\/de\/"},{"@type":"ListItem","position":2,"name":"Produktsortiment","item":"https:\/\/emasweden.com\/de\/produktsortiment-2\/"},{"@type":"ListItem","position":3,"name":"Std Hyd-Nivellierl\u00f6ffel 80L &#8211; 1000mm &#8211; S30\/150"}]},{"@type":"WebSite","@id":"https:\/\/emasweden.com\/de\/#website","url":"https:\/\/emasweden.com\/de\/","name":"EMA Sverige","description":"","potentialAction":[{"@type":"SearchAction","target":{"@type":"EntryPoint","urlTemplate":"https:\/\/emasweden.com\/de\/?s={search_term_string}"},"query-input":{"@type":"PropertyValueSpecification","valueRequired":true,"valueName":"search_term_string"}}],"inLanguage":"de"}]}},"_links":{"self":[{"href":"https:\/\/emasweden.com\/de\/wp-json\/wp\/v2\/product\/18178","targetHints":{"allow":["GET"]}}],"collection":[{"href":"https:\/\/emasweden.com\/de\/wp-json\/wp\/v2\/product"}],"about":[{"href":"https:\/\/emasweden.com\/de\/wp-json\/wp\/v2\/types\/product"}],"wp:featuredmedia":[{"embeddable":true,"href":"https:\/\/emasweden.com\/de\/wp-json\/wp\/v2\/media\/22553"}],"wp:attachment":[{"href":"https:\/\/emasweden.com\/de\/wp-json\/wp\/v2\/media?parent=18178"}],"wp:term":[{"taxonomy":"product_brand","embeddable":true,"href":"https:\/\/emasweden.com\/de\/wp-json\/wp\/v2\/product_brand?post=18178"},{"taxonomy":"product_cat","embeddable":true,"href":"https:\/\/emasweden.com\/de\/wp-json\/wp\/v2\/product_cat?post=18178"},{"taxonomy":"product_tag","embeddable":true,"href":"https:\/\/emasweden.com\/de\/wp-json\/wp\/v2\/product_tag?post=18178"},{"taxonomy":"faste-y","embeddable":true,"href":"https:\/\/emasweden.com\/de\/wp-json\/wp\/v2\/faste-y?post=18178"}],"curies":[{"name":"wp","href":"https:\/\/api.w.org\/{rel}","templated":true}]}}