{"id":18327,"date":"2021-03-16T11:14:49","date_gmt":"2021-03-16T10:14:49","guid":{"rendered":"https:\/\/emasweden.com\/produkt\/std-nivellierbalken-2000mm-s50\/"},"modified":"2025-10-01T13:11:48","modified_gmt":"2025-10-01T11:11:48","slug":"std-nivellierbalken-2000mm-s50","status":"publish","type":"product","link":"https:\/\/emasweden.com\/de\/produkt\/std-nivellierbalken-2000mm-s50\/","title":{"rendered":"Std Nivellierbalken 2000mm &#8211; S50"},"content":{"rendered":"<p><sup>Std Nivellierbalken 2000mm &#8211; S50<\/sup><br \/>Der Nivellierbalken mit seiner sehr stabilen Konstruktion ist ein Erfolg in der Bauindustrie, da Sie Material im Balken erhalten, w\u00e4hrend Sie gro\u00dfe Fl\u00e4chen effektiv nivellieren und ausrichten k\u00f6nnen.<\/p>\n<p>&#8211; Borox-Schneidstahl<br \/>\n<br \/>&#8211; Hardox\u00ae 450 in den Verschlei\u00dffl\u00e4chen<br \/>\n<br \/>&#8211; Interne und externe Verst\u00e4rkungen f\u00fcr erh\u00f6hte Torsionssteifigkeit<br \/>\n<br \/>&#8211; Sehr effektives Werkzeug beim Ausrichten gro\u00dfer Fl\u00e4chen<\/p>\n","protected":false},"excerpt":{"rendered":"<p>Std Nivellierbalken 2000mm &#8211; S50Der Nivellierbalken mit seiner sehr stabilen Konstruktion ist ein Erfolg in der Bauindustrie, da Sie Material im Balken erhalten, w\u00e4hrend Sie gro\u00dfe Fl\u00e4chen effektiv nivellieren und ausrichten k\u00f6nnen. &#8211; Borox-Schneidstahl &#8211; Hardox\u00ae 450 in den Verschlei\u00dffl\u00e4chen &#8211; Interne und externe Verst\u00e4rkungen f\u00fcr erh\u00f6hte Torsionssteifigkeit &#8211; Sehr effektives Werkzeug beim Ausrichten gro\u00dfer [&hellip;]<\/p>\n","protected":false},"featured_media":22667,"template":"","meta":{"_monsterinsights_skip_tracking":false,"_monsterinsights_sitenote_active":false,"_monsterinsights_sitenote_note":"","_monsterinsights_sitenote_category":0},"product_brand":[],"product_cat":[4555],"product_tag":[],"faste-y":[],"class_list":{"0":"post-18327","1":"product","2":"type-product","3":"status-publish","4":"has-post-thumbnail","6":"product_cat-bar-planen","7":"pa_max-bredd-2000mm","8":"pa_skar-20x200mm","9":"pa_vikt-295kg","11":"first","12":"instock","13":"purchasable","14":"product-type-simple"},"yoast_head":"<!-- This site is optimized with the Yoast SEO plugin v27.3 - https:\/\/yoast.com\/product\/yoast-seo-wordpress\/ -->\n<title>Std Nivellierbalken 2000mm - S50 - EMA Sverige<\/title>\n<meta name=\"description\" content=\"Standard-Nivellierbalken 2000mm - S50. Borox-Schneidstahl und Hardox\u00ae 450 in den Verschlei\u00dffl\u00e4chen. Interne und externe Verst\u00e4rkungen f\u00fcr erh\u00f6hte Torsionssteifigkeit\" \/>\n<meta name=\"robots\" content=\"index, follow, max-snippet:-1, max-image-preview:large, max-video-preview:-1\" \/>\n<link rel=\"canonical\" href=\"https:\/\/emasweden.com\/de\/produkt\/std-nivellierbalken-2000mm-s50\/\" \/>\n<meta property=\"og:locale\" content=\"de_DE\" \/>\n<meta property=\"og:type\" content=\"article\" \/>\n<meta property=\"og:title\" content=\"Std Nivellierbalken 2000mm - S50 - EMA Sverige\" \/>\n<meta property=\"og:description\" content=\"Standard-Nivellierbalken 2000mm - S50. Borox-Schneidstahl und Hardox\u00ae 450 in den Verschlei\u00dffl\u00e4chen. Interne und externe Verst\u00e4rkungen f\u00fcr erh\u00f6hte Torsionssteifigkeit\" \/>\n<meta property=\"og:url\" content=\"https:\/\/emasweden.com\/de\/produkt\/std-nivellierbalken-2000mm-s50\/\" \/>\n<meta property=\"og:site_name\" content=\"EMA Sverige\" \/>\n<meta property=\"article:modified_time\" content=\"2025-10-01T11:11:48+00:00\" \/>\n<meta property=\"og:image\" content=\"https:\/\/emasweden.com\/wp-content\/uploads\/2021\/03\/7296002_1.jpg\" \/>\n\t<meta property=\"og:image:width\" content=\"1000\" \/>\n\t<meta property=\"og:image:height\" content=\"750\" \/>\n\t<meta property=\"og:image:type\" content=\"image\/jpeg\" \/>\n<meta name=\"twitter:card\" content=\"summary_large_image\" \/>\n<script type=\"application\/ld+json\" class=\"yoast-schema-graph\">{\"@context\":\"https:\\\/\\\/schema.org\",\"@graph\":[{\"@type\":\"WebPage\",\"@id\":\"https:\\\/\\\/emasweden.com\\\/de\\\/produkt\\\/std-nivellierbalken-2000mm-s50\\\/\",\"url\":\"https:\\\/\\\/emasweden.com\\\/de\\\/produkt\\\/std-nivellierbalken-2000mm-s50\\\/\",\"name\":\"Std Nivellierbalken 2000mm - S50 - EMA Sverige\",\"isPartOf\":{\"@id\":\"https:\\\/\\\/emasweden.com\\\/de\\\/#website\"},\"primaryImageOfPage\":{\"@id\":\"https:\\\/\\\/emasweden.com\\\/de\\\/produkt\\\/std-nivellierbalken-2000mm-s50\\\/#primaryimage\"},\"image\":{\"@id\":\"https:\\\/\\\/emasweden.com\\\/de\\\/produkt\\\/std-nivellierbalken-2000mm-s50\\\/#primaryimage\"},\"thumbnailUrl\":\"https:\\\/\\\/emasweden.com\\\/wp-content\\\/uploads\\\/2021\\\/03\\\/7296002_1.jpg\",\"datePublished\":\"2021-03-16T10:14:49+00:00\",\"dateModified\":\"2025-10-01T11:11:48+00:00\",\"description\":\"Standard-Nivellierbalken 2000mm - S50. Borox-Schneidstahl und Hardox\u00ae 450 in den Verschlei\u00dffl\u00e4chen. Interne und externe Verst\u00e4rkungen f\u00fcr erh\u00f6hte Torsionssteifigkeit\",\"breadcrumb\":{\"@id\":\"https:\\\/\\\/emasweden.com\\\/de\\\/produkt\\\/std-nivellierbalken-2000mm-s50\\\/#breadcrumb\"},\"inLanguage\":\"de\",\"potentialAction\":[{\"@type\":\"ReadAction\",\"target\":[\"https:\\\/\\\/emasweden.com\\\/de\\\/produkt\\\/std-nivellierbalken-2000mm-s50\\\/\"]}]},{\"@type\":\"ImageObject\",\"inLanguage\":\"de\",\"@id\":\"https:\\\/\\\/emasweden.com\\\/de\\\/produkt\\\/std-nivellierbalken-2000mm-s50\\\/#primaryimage\",\"url\":\"https:\\\/\\\/emasweden.com\\\/wp-content\\\/uploads\\\/2021\\\/03\\\/7296002_1.jpg\",\"contentUrl\":\"https:\\\/\\\/emasweden.com\\\/wp-content\\\/uploads\\\/2021\\\/03\\\/7296002_1.jpg\",\"width\":1000,\"height\":750},{\"@type\":\"BreadcrumbList\",\"@id\":\"https:\\\/\\\/emasweden.com\\\/de\\\/produkt\\\/std-nivellierbalken-2000mm-s50\\\/#breadcrumb\",\"itemListElement\":[{\"@type\":\"ListItem\",\"position\":1,\"name\":\"Hem\",\"item\":\"https:\\\/\\\/emasweden.com\\\/de\\\/\"},{\"@type\":\"ListItem\",\"position\":2,\"name\":\"Produktsortiment\",\"item\":\"https:\\\/\\\/emasweden.com\\\/de\\\/produktsortiment-2\\\/\"},{\"@type\":\"ListItem\",\"position\":3,\"name\":\"Std Nivellierbalken 2000mm &#8211; S50\"}]},{\"@type\":\"WebSite\",\"@id\":\"https:\\\/\\\/emasweden.com\\\/de\\\/#website\",\"url\":\"https:\\\/\\\/emasweden.com\\\/de\\\/\",\"name\":\"EMA Sverige\",\"description\":\"\",\"potentialAction\":[{\"@type\":\"SearchAction\",\"target\":{\"@type\":\"EntryPoint\",\"urlTemplate\":\"https:\\\/\\\/emasweden.com\\\/de\\\/?s={search_term_string}\"},\"query-input\":{\"@type\":\"PropertyValueSpecification\",\"valueRequired\":true,\"valueName\":\"search_term_string\"}}],\"inLanguage\":\"de\"}]}<\/script>\n<!-- \/ Yoast SEO plugin. -->","yoast_head_json":{"title":"Std Nivellierbalken 2000mm - S50 - EMA Sverige","description":"Standard-Nivellierbalken 2000mm - S50. Borox-Schneidstahl und Hardox\u00ae 450 in den Verschlei\u00dffl\u00e4chen. Interne und externe Verst\u00e4rkungen f\u00fcr erh\u00f6hte Torsionssteifigkeit","robots":{"index":"index","follow":"follow","max-snippet":"max-snippet:-1","max-image-preview":"max-image-preview:large","max-video-preview":"max-video-preview:-1"},"canonical":"https:\/\/emasweden.com\/de\/produkt\/std-nivellierbalken-2000mm-s50\/","og_locale":"de_DE","og_type":"article","og_title":"Std Nivellierbalken 2000mm - S50 - EMA Sverige","og_description":"Standard-Nivellierbalken 2000mm - S50. Borox-Schneidstahl und Hardox\u00ae 450 in den Verschlei\u00dffl\u00e4chen. Interne und externe Verst\u00e4rkungen f\u00fcr erh\u00f6hte Torsionssteifigkeit","og_url":"https:\/\/emasweden.com\/de\/produkt\/std-nivellierbalken-2000mm-s50\/","og_site_name":"EMA Sverige","article_modified_time":"2025-10-01T11:11:48+00:00","og_image":[{"width":1000,"height":750,"url":"https:\/\/emasweden.com\/wp-content\/uploads\/2021\/03\/7296002_1.jpg","type":"image\/jpeg"}],"twitter_card":"summary_large_image","schema":{"@context":"https:\/\/schema.org","@graph":[{"@type":"WebPage","@id":"https:\/\/emasweden.com\/de\/produkt\/std-nivellierbalken-2000mm-s50\/","url":"https:\/\/emasweden.com\/de\/produkt\/std-nivellierbalken-2000mm-s50\/","name":"Std Nivellierbalken 2000mm - S50 - EMA Sverige","isPartOf":{"@id":"https:\/\/emasweden.com\/de\/#website"},"primaryImageOfPage":{"@id":"https:\/\/emasweden.com\/de\/produkt\/std-nivellierbalken-2000mm-s50\/#primaryimage"},"image":{"@id":"https:\/\/emasweden.com\/de\/produkt\/std-nivellierbalken-2000mm-s50\/#primaryimage"},"thumbnailUrl":"https:\/\/emasweden.com\/wp-content\/uploads\/2021\/03\/7296002_1.jpg","datePublished":"2021-03-16T10:14:49+00:00","dateModified":"2025-10-01T11:11:48+00:00","description":"Standard-Nivellierbalken 2000mm - S50. Borox-Schneidstahl und Hardox\u00ae 450 in den Verschlei\u00dffl\u00e4chen. Interne und externe Verst\u00e4rkungen f\u00fcr erh\u00f6hte Torsionssteifigkeit","breadcrumb":{"@id":"https:\/\/emasweden.com\/de\/produkt\/std-nivellierbalken-2000mm-s50\/#breadcrumb"},"inLanguage":"de","potentialAction":[{"@type":"ReadAction","target":["https:\/\/emasweden.com\/de\/produkt\/std-nivellierbalken-2000mm-s50\/"]}]},{"@type":"ImageObject","inLanguage":"de","@id":"https:\/\/emasweden.com\/de\/produkt\/std-nivellierbalken-2000mm-s50\/#primaryimage","url":"https:\/\/emasweden.com\/wp-content\/uploads\/2021\/03\/7296002_1.jpg","contentUrl":"https:\/\/emasweden.com\/wp-content\/uploads\/2021\/03\/7296002_1.jpg","width":1000,"height":750},{"@type":"BreadcrumbList","@id":"https:\/\/emasweden.com\/de\/produkt\/std-nivellierbalken-2000mm-s50\/#breadcrumb","itemListElement":[{"@type":"ListItem","position":1,"name":"Hem","item":"https:\/\/emasweden.com\/de\/"},{"@type":"ListItem","position":2,"name":"Produktsortiment","item":"https:\/\/emasweden.com\/de\/produktsortiment-2\/"},{"@type":"ListItem","position":3,"name":"Std Nivellierbalken 2000mm &#8211; S50"}]},{"@type":"WebSite","@id":"https:\/\/emasweden.com\/de\/#website","url":"https:\/\/emasweden.com\/de\/","name":"EMA Sverige","description":"","potentialAction":[{"@type":"SearchAction","target":{"@type":"EntryPoint","urlTemplate":"https:\/\/emasweden.com\/de\/?s={search_term_string}"},"query-input":{"@type":"PropertyValueSpecification","valueRequired":true,"valueName":"search_term_string"}}],"inLanguage":"de"}]}},"_links":{"self":[{"href":"https:\/\/emasweden.com\/de\/wp-json\/wp\/v2\/product\/18327","targetHints":{"allow":["GET"]}}],"collection":[{"href":"https:\/\/emasweden.com\/de\/wp-json\/wp\/v2\/product"}],"about":[{"href":"https:\/\/emasweden.com\/de\/wp-json\/wp\/v2\/types\/product"}],"wp:featuredmedia":[{"embeddable":true,"href":"https:\/\/emasweden.com\/de\/wp-json\/wp\/v2\/media\/22667"}],"wp:attachment":[{"href":"https:\/\/emasweden.com\/de\/wp-json\/wp\/v2\/media?parent=18327"}],"wp:term":[{"taxonomy":"product_brand","embeddable":true,"href":"https:\/\/emasweden.com\/de\/wp-json\/wp\/v2\/product_brand?post=18327"},{"taxonomy":"product_cat","embeddable":true,"href":"https:\/\/emasweden.com\/de\/wp-json\/wp\/v2\/product_cat?post=18327"},{"taxonomy":"product_tag","embeddable":true,"href":"https:\/\/emasweden.com\/de\/wp-json\/wp\/v2\/product_tag?post=18327"},{"taxonomy":"faste-y","embeddable":true,"href":"https:\/\/emasweden.com\/de\/wp-json\/wp\/v2\/faste-y?post=18327"}],"curies":[{"name":"wp","href":"https:\/\/api.w.org\/{rel}","templated":true}]}}