{"id":18349,"date":"2021-03-16T11:15:08","date_gmt":"2021-03-16T10:15:08","guid":{"rendered":"https:\/\/emasweden.com\/produkt\/hd-nivellierbalken-3000mm-ohne-halterung\/"},"modified":"2025-10-01T13:12:11","modified_gmt":"2025-10-01T11:12:11","slug":"hd-nivellierbalken-3000mm-ohne-halterung","status":"publish","type":"product","link":"https:\/\/emasweden.com\/de\/produkt\/hd-nivellierbalken-3000mm-ohne-halterung\/","title":{"rendered":"HD Nivellierbalken 3000mm &#8211; Ohne Halterung"},"content":{"rendered":"<p><sup>HD Nivellierbalken 3000mm &#8211; Ohne Halterung<\/sup><br \/>&#8211; Der Nivellierbalken mit seiner sehr stabilen Konstruktion ist ein Erfolg in der Baubranche, da Sie Material im Balken erhalten, w\u00e4hrend Sie gro\u00dfe Fl\u00e4chen effektiv planen und anpassen k\u00f6nnen. Bei unserem Heavy Duty-Modell haben wir die Hardox\u00ae 450-Verst\u00e4rkung in der gesamten inneren und \u00e4u\u00dferen Verst\u00e4rkung erh\u00f6ht, nicht nur an den Enden wie bei den Standardmodellen. Das bedeutet, dass jetzt sogar die gesamten Seiten aus Hardox\u00ae 450 bestehen, was zu einer l\u00e4ngeren und haltbareren Gesamtwirtschaftlichkeit beitr\u00e4gt.  <\/p>\n<p>&#8211; Borox-Schneidstahl<br \/>\n<br \/>&#8211; Hardox\u00ae 450 in Verschlei\u00dffl\u00e4chen und auf der ganzen Seite<br \/>\n<br \/>&#8211; Interne und externe Verst\u00e4rkungen f\u00fcr erh\u00f6hte Torsionssteifigkeit<br \/>\n<br \/>&#8211; Sehr effektives Werkzeug f\u00fcr die Nivellierung gro\u00dfer Fl\u00e4chen<\/p>\n","protected":false},"excerpt":{"rendered":"<p>HD Nivellierbalken 3000mm &#8211; Ohne Halterung&#8211; Der Nivellierbalken mit seiner sehr stabilen Konstruktion ist ein Erfolg in der Baubranche, da Sie Material im Balken erhalten, w\u00e4hrend Sie gro\u00dfe Fl\u00e4chen effektiv planen und anpassen k\u00f6nnen. Bei unserem Heavy Duty-Modell haben wir die Hardox\u00ae 450-Verst\u00e4rkung in der gesamten inneren und \u00e4u\u00dferen Verst\u00e4rkung erh\u00f6ht, nicht nur an den [&hellip;]<\/p>\n","protected":false},"featured_media":22691,"template":"","meta":{"_monsterinsights_skip_tracking":false,"_monsterinsights_sitenote_active":false,"_monsterinsights_sitenote_note":"","_monsterinsights_sitenote_category":0},"product_brand":[],"product_cat":[4555],"product_tag":[],"faste-y":[],"class_list":{"0":"post-18349","1":"product","2":"type-product","3":"status-publish","4":"has-post-thumbnail","6":"product_cat-bar-planen","7":"pa_max-bredd-3000mm","8":"pa_skar-25x250mm","9":"pa_vikt-850kg","11":"first","12":"instock","13":"purchasable","14":"product-type-simple"},"yoast_head":"<!-- This site is optimized with the Yoast SEO plugin v27.4 - https:\/\/yoast.com\/product\/yoast-seo-wordpress\/ -->\n<title>HD Nivellierbalken 3000mm - Ohne Halterung - EMA Sverige<\/title>\n<meta name=\"description\" content=\"HD Nivellierbalken 3000mm - Ohne Halterung. Borox-Schneidstahl, Hardox\u00ae 450 in den Verschlei\u00dffl\u00e4chen und auf der ganzen Seite. Sehr effizientes Werkzeug zum Nivellieren gro\u00dfer Fl\u00e4chen\" \/>\n<meta name=\"robots\" content=\"index, follow, max-snippet:-1, max-image-preview:large, max-video-preview:-1\" \/>\n<link rel=\"canonical\" href=\"https:\/\/emasweden.com\/de\/produkt\/hd-nivellierbalken-3000mm-ohne-halterung\/\" \/>\n<meta property=\"og:locale\" content=\"de_DE\" \/>\n<meta property=\"og:type\" content=\"article\" \/>\n<meta property=\"og:title\" content=\"HD Nivellierbalken 3000mm - Ohne Halterung - EMA Sverige\" \/>\n<meta property=\"og:description\" content=\"HD Nivellierbalken 3000mm - Ohne Halterung. Borox-Schneidstahl, Hardox\u00ae 450 in den Verschlei\u00dffl\u00e4chen und auf der ganzen Seite. Sehr effizientes Werkzeug zum Nivellieren gro\u00dfer Fl\u00e4chen\" \/>\n<meta property=\"og:url\" content=\"https:\/\/emasweden.com\/de\/produkt\/hd-nivellierbalken-3000mm-ohne-halterung\/\" \/>\n<meta property=\"og:site_name\" content=\"EMA Sverige\" \/>\n<meta property=\"article:modified_time\" content=\"2025-10-01T11:12:11+00:00\" \/>\n<meta property=\"og:image\" content=\"https:\/\/emasweden.com\/wp-content\/uploads\/2021\/03\/7296010_1.jpg\" \/>\n\t<meta property=\"og:image:width\" content=\"1000\" \/>\n\t<meta property=\"og:image:height\" content=\"750\" \/>\n\t<meta property=\"og:image:type\" content=\"image\/jpeg\" \/>\n<meta name=\"twitter:card\" content=\"summary_large_image\" \/>\n<meta name=\"twitter:label1\" content=\"Gesch\u00e4tzte Lesezeit\" \/>\n\t<meta name=\"twitter:data1\" content=\"1\u00a0Minute\" \/>\n<script type=\"application\/ld+json\" class=\"yoast-schema-graph\">{\"@context\":\"https:\\\/\\\/schema.org\",\"@graph\":[{\"@type\":\"WebPage\",\"@id\":\"https:\\\/\\\/emasweden.com\\\/de\\\/produkt\\\/hd-nivellierbalken-3000mm-ohne-halterung\\\/\",\"url\":\"https:\\\/\\\/emasweden.com\\\/de\\\/produkt\\\/hd-nivellierbalken-3000mm-ohne-halterung\\\/\",\"name\":\"HD Nivellierbalken 3000mm - Ohne Halterung - EMA Sverige\",\"isPartOf\":{\"@id\":\"https:\\\/\\\/emasweden.com\\\/de\\\/#website\"},\"primaryImageOfPage\":{\"@id\":\"https:\\\/\\\/emasweden.com\\\/de\\\/produkt\\\/hd-nivellierbalken-3000mm-ohne-halterung\\\/#primaryimage\"},\"image\":{\"@id\":\"https:\\\/\\\/emasweden.com\\\/de\\\/produkt\\\/hd-nivellierbalken-3000mm-ohne-halterung\\\/#primaryimage\"},\"thumbnailUrl\":\"https:\\\/\\\/emasweden.com\\\/wp-content\\\/uploads\\\/2021\\\/03\\\/7296010_1.jpg\",\"datePublished\":\"2021-03-16T10:15:08+00:00\",\"dateModified\":\"2025-10-01T11:12:11+00:00\",\"description\":\"HD Nivellierbalken 3000mm - Ohne Halterung. Borox-Schneidstahl, Hardox\u00ae 450 in den Verschlei\u00dffl\u00e4chen und auf der ganzen Seite. Sehr effizientes Werkzeug zum Nivellieren gro\u00dfer Fl\u00e4chen\",\"breadcrumb\":{\"@id\":\"https:\\\/\\\/emasweden.com\\\/de\\\/produkt\\\/hd-nivellierbalken-3000mm-ohne-halterung\\\/#breadcrumb\"},\"inLanguage\":\"de\",\"potentialAction\":[{\"@type\":\"ReadAction\",\"target\":[\"https:\\\/\\\/emasweden.com\\\/de\\\/produkt\\\/hd-nivellierbalken-3000mm-ohne-halterung\\\/\"]}]},{\"@type\":\"ImageObject\",\"inLanguage\":\"de\",\"@id\":\"https:\\\/\\\/emasweden.com\\\/de\\\/produkt\\\/hd-nivellierbalken-3000mm-ohne-halterung\\\/#primaryimage\",\"url\":\"https:\\\/\\\/emasweden.com\\\/wp-content\\\/uploads\\\/2021\\\/03\\\/7296010_1.jpg\",\"contentUrl\":\"https:\\\/\\\/emasweden.com\\\/wp-content\\\/uploads\\\/2021\\\/03\\\/7296010_1.jpg\",\"width\":1000,\"height\":750},{\"@type\":\"BreadcrumbList\",\"@id\":\"https:\\\/\\\/emasweden.com\\\/de\\\/produkt\\\/hd-nivellierbalken-3000mm-ohne-halterung\\\/#breadcrumb\",\"itemListElement\":[{\"@type\":\"ListItem\",\"position\":1,\"name\":\"Hem\",\"item\":\"https:\\\/\\\/emasweden.com\\\/de\\\/\"},{\"@type\":\"ListItem\",\"position\":2,\"name\":\"Produktsortiment\",\"item\":\"https:\\\/\\\/emasweden.com\\\/de\\\/produktsortiment-2\\\/\"},{\"@type\":\"ListItem\",\"position\":3,\"name\":\"HD Nivellierbalken 3000mm &#8211; Ohne Halterung\"}]},{\"@type\":\"WebSite\",\"@id\":\"https:\\\/\\\/emasweden.com\\\/de\\\/#website\",\"url\":\"https:\\\/\\\/emasweden.com\\\/de\\\/\",\"name\":\"EMA Sverige\",\"description\":\"\",\"potentialAction\":[{\"@type\":\"SearchAction\",\"target\":{\"@type\":\"EntryPoint\",\"urlTemplate\":\"https:\\\/\\\/emasweden.com\\\/de\\\/?s={search_term_string}\"},\"query-input\":{\"@type\":\"PropertyValueSpecification\",\"valueRequired\":true,\"valueName\":\"search_term_string\"}}],\"inLanguage\":\"de\"}]}<\/script>\n<!-- \/ Yoast SEO plugin. -->","yoast_head_json":{"title":"HD Nivellierbalken 3000mm - Ohne Halterung - EMA Sverige","description":"HD Nivellierbalken 3000mm - Ohne Halterung. Borox-Schneidstahl, Hardox\u00ae 450 in den Verschlei\u00dffl\u00e4chen und auf der ganzen Seite. Sehr effizientes Werkzeug zum Nivellieren gro\u00dfer Fl\u00e4chen","robots":{"index":"index","follow":"follow","max-snippet":"max-snippet:-1","max-image-preview":"max-image-preview:large","max-video-preview":"max-video-preview:-1"},"canonical":"https:\/\/emasweden.com\/de\/produkt\/hd-nivellierbalken-3000mm-ohne-halterung\/","og_locale":"de_DE","og_type":"article","og_title":"HD Nivellierbalken 3000mm - Ohne Halterung - EMA Sverige","og_description":"HD Nivellierbalken 3000mm - Ohne Halterung. Borox-Schneidstahl, Hardox\u00ae 450 in den Verschlei\u00dffl\u00e4chen und auf der ganzen Seite. Sehr effizientes Werkzeug zum Nivellieren gro\u00dfer Fl\u00e4chen","og_url":"https:\/\/emasweden.com\/de\/produkt\/hd-nivellierbalken-3000mm-ohne-halterung\/","og_site_name":"EMA Sverige","article_modified_time":"2025-10-01T11:12:11+00:00","og_image":[{"width":1000,"height":750,"url":"https:\/\/emasweden.com\/wp-content\/uploads\/2021\/03\/7296010_1.jpg","type":"image\/jpeg"}],"twitter_card":"summary_large_image","twitter_misc":{"Gesch\u00e4tzte Lesezeit":"1\u00a0Minute"},"schema":{"@context":"https:\/\/schema.org","@graph":[{"@type":"WebPage","@id":"https:\/\/emasweden.com\/de\/produkt\/hd-nivellierbalken-3000mm-ohne-halterung\/","url":"https:\/\/emasweden.com\/de\/produkt\/hd-nivellierbalken-3000mm-ohne-halterung\/","name":"HD Nivellierbalken 3000mm - Ohne Halterung - EMA Sverige","isPartOf":{"@id":"https:\/\/emasweden.com\/de\/#website"},"primaryImageOfPage":{"@id":"https:\/\/emasweden.com\/de\/produkt\/hd-nivellierbalken-3000mm-ohne-halterung\/#primaryimage"},"image":{"@id":"https:\/\/emasweden.com\/de\/produkt\/hd-nivellierbalken-3000mm-ohne-halterung\/#primaryimage"},"thumbnailUrl":"https:\/\/emasweden.com\/wp-content\/uploads\/2021\/03\/7296010_1.jpg","datePublished":"2021-03-16T10:15:08+00:00","dateModified":"2025-10-01T11:12:11+00:00","description":"HD Nivellierbalken 3000mm - Ohne Halterung. Borox-Schneidstahl, Hardox\u00ae 450 in den Verschlei\u00dffl\u00e4chen und auf der ganzen Seite. Sehr effizientes Werkzeug zum Nivellieren gro\u00dfer Fl\u00e4chen","breadcrumb":{"@id":"https:\/\/emasweden.com\/de\/produkt\/hd-nivellierbalken-3000mm-ohne-halterung\/#breadcrumb"},"inLanguage":"de","potentialAction":[{"@type":"ReadAction","target":["https:\/\/emasweden.com\/de\/produkt\/hd-nivellierbalken-3000mm-ohne-halterung\/"]}]},{"@type":"ImageObject","inLanguage":"de","@id":"https:\/\/emasweden.com\/de\/produkt\/hd-nivellierbalken-3000mm-ohne-halterung\/#primaryimage","url":"https:\/\/emasweden.com\/wp-content\/uploads\/2021\/03\/7296010_1.jpg","contentUrl":"https:\/\/emasweden.com\/wp-content\/uploads\/2021\/03\/7296010_1.jpg","width":1000,"height":750},{"@type":"BreadcrumbList","@id":"https:\/\/emasweden.com\/de\/produkt\/hd-nivellierbalken-3000mm-ohne-halterung\/#breadcrumb","itemListElement":[{"@type":"ListItem","position":1,"name":"Hem","item":"https:\/\/emasweden.com\/de\/"},{"@type":"ListItem","position":2,"name":"Produktsortiment","item":"https:\/\/emasweden.com\/de\/produktsortiment-2\/"},{"@type":"ListItem","position":3,"name":"HD Nivellierbalken 3000mm &#8211; Ohne Halterung"}]},{"@type":"WebSite","@id":"https:\/\/emasweden.com\/de\/#website","url":"https:\/\/emasweden.com\/de\/","name":"EMA Sverige","description":"","potentialAction":[{"@type":"SearchAction","target":{"@type":"EntryPoint","urlTemplate":"https:\/\/emasweden.com\/de\/?s={search_term_string}"},"query-input":{"@type":"PropertyValueSpecification","valueRequired":true,"valueName":"search_term_string"}}],"inLanguage":"de"}]}},"_links":{"self":[{"href":"https:\/\/emasweden.com\/de\/wp-json\/wp\/v2\/product\/18349","targetHints":{"allow":["GET"]}}],"collection":[{"href":"https:\/\/emasweden.com\/de\/wp-json\/wp\/v2\/product"}],"about":[{"href":"https:\/\/emasweden.com\/de\/wp-json\/wp\/v2\/types\/product"}],"wp:featuredmedia":[{"embeddable":true,"href":"https:\/\/emasweden.com\/de\/wp-json\/wp\/v2\/media\/22691"}],"wp:attachment":[{"href":"https:\/\/emasweden.com\/de\/wp-json\/wp\/v2\/media?parent=18349"}],"wp:term":[{"taxonomy":"product_brand","embeddable":true,"href":"https:\/\/emasweden.com\/de\/wp-json\/wp\/v2\/product_brand?post=18349"},{"taxonomy":"product_cat","embeddable":true,"href":"https:\/\/emasweden.com\/de\/wp-json\/wp\/v2\/product_cat?post=18349"},{"taxonomy":"product_tag","embeddable":true,"href":"https:\/\/emasweden.com\/de\/wp-json\/wp\/v2\/product_tag?post=18349"},{"taxonomy":"faste-y","embeddable":true,"href":"https:\/\/emasweden.com\/de\/wp-json\/wp\/v2\/faste-y?post=18349"}],"curies":[{"name":"wp","href":"https:\/\/api.w.org\/{rel}","templated":true}]}}