{"id":18377,"date":"2021-03-16T11:08:47","date_gmt":"2021-03-16T10:08:47","guid":{"rendered":"https:\/\/emasweden.com\/produkt\/hd-kabeleimer-konisch-155l-300-500mm-s45\/"},"modified":"2025-10-01T13:31:45","modified_gmt":"2025-10-01T11:31:45","slug":"hd-kabeleimer-konisch-155l-300-500mm-s45","status":"publish","type":"product","link":"https:\/\/emasweden.com\/de\/produkt\/hd-kabeleimer-konisch-155l-300-500mm-s45\/","title":{"rendered":"HD Kabeleimer konisch 155L &#8211; 300\/500mm &#8211; S45"},"content":{"rendered":"<p>Schwerlast-Kabeleimer. Heavy Duty (HD) ist das Kraftpaket in unserer Produktpalette. Hier lassen wir keinen Stein auf dem anderen, wenn es um die Materialien geht. Die Produkte sind mit Verschlei\u00dfrippen an der Unterseite ausgestattet und die Produkte haben oft gr\u00f6\u00dfere Abmessungen.    Dieses Kraftpaket wird vor allem von Anwendern eingesetzt, die sehr hohe Anforderungen an ihre Produkte stellen und h\u00e4ufig in Umgebungen arbeiten, die das gewisse Extra an Haltbarkeit erfordern. Diese Kategorie von Schaufeln ist aufgrund der Verwendung von zus\u00e4tzlichem Stahl oft schwerer, aber das Ergebnis ist eine sehr haltbare Schaufel. Schneiden Sie in 500 Brinell BOROX. Abriebschutz an den Seiten, der Vorderseite, dem Boden und den Verschlei\u00dfrippen aus 450 HARDOX. Die Schaufel wird gemeinsam mit Maschinenf\u00fchrern entwickelt. Modernes Design mit langem Boden. Ein konischer Kabeleimer bedeutet, dass das Material nicht so leicht in der Schaufel stecken bleibt. Au\u00dferdem sorgt sie f\u00fcr einen breiteren und stabileren Schacht.  <\/p>\n","protected":false},"excerpt":{"rendered":"<p>Schwerlast-Kabeleimer. Heavy Duty (HD) ist das Kraftpaket in unserer Produktpalette. Hier lassen wir keinen Stein auf dem anderen, wenn es um die Materialien geht. Die Produkte sind mit Verschlei\u00dfrippen an der Unterseite ausgestattet und die Produkte haben oft gr\u00f6\u00dfere Abmessungen. Dieses Kraftpaket wird vor allem von Anwendern eingesetzt, die sehr hohe Anforderungen an ihre Produkte [&hellip;]<\/p>\n","protected":false},"featured_media":22445,"template":"","meta":{"_monsterinsights_skip_tracking":false,"_monsterinsights_sitenote_active":false,"_monsterinsights_sitenote_note":"","_monsterinsights_sitenote_category":0},"product_brand":[],"product_cat":[3421],"product_tag":[],"faste-y":[],"class_list":{"0":"post-18377","1":"product","2":"type-product","3":"status-publish","4":"has-post-thumbnail","6":"product_cat-kabelloeffel-schmaler-grabenloeffel-fuer-mobilbagger","7":"pa_max-bredd-500mm","8":"pa_min-bredd-300mm","9":"pa_vikt-167kg","11":"first","12":"instock","13":"purchasable","14":"product-type-simple"},"yoast_head":"<!-- This site is optimized with the Yoast SEO plugin v27.3 - https:\/\/yoast.com\/product\/yoast-seo-wordpress\/ -->\n<title>HD Kabeleimer konisch 155L - 300\/500mm - S45 - EMA Sverige<\/title>\n<meta name=\"robots\" content=\"index, follow, max-snippet:-1, max-image-preview:large, max-video-preview:-1\" \/>\n<link rel=\"canonical\" href=\"https:\/\/emasweden.com\/de\/produkt\/hd-kabeleimer-konisch-155l-300-500mm-s45\/\" \/>\n<meta property=\"og:locale\" content=\"de_DE\" \/>\n<meta property=\"og:type\" content=\"article\" \/>\n<meta property=\"og:title\" content=\"HD Kabeleimer konisch 155L - 300\/500mm - S45 - EMA Sverige\" \/>\n<meta property=\"og:description\" content=\"Schwerlast-Kabeleimer. Heavy Duty (HD) ist das Kraftpaket in unserer Produktpalette. Hier lassen wir keinen Stein auf dem anderen, wenn es um die Materialien geht. Die Produkte sind mit Verschlei\u00dfrippen an der Unterseite ausgestattet und die Produkte haben oft gr\u00f6\u00dfere Abmessungen. Dieses Kraftpaket wird vor allem von Anwendern eingesetzt, die sehr hohe Anforderungen an ihre Produkte [&hellip;]\" \/>\n<meta property=\"og:url\" content=\"https:\/\/emasweden.com\/de\/produkt\/hd-kabeleimer-konisch-155l-300-500mm-s45\/\" \/>\n<meta property=\"og:site_name\" content=\"EMA Sverige\" \/>\n<meta property=\"article:modified_time\" content=\"2025-10-01T11:31:45+00:00\" \/>\n<meta property=\"og:image\" content=\"https:\/\/emasweden.com\/wp-content\/uploads\/2021\/01\/7293029_1.jpg\" \/>\n\t<meta property=\"og:image:width\" content=\"1000\" \/>\n\t<meta property=\"og:image:height\" content=\"750\" \/>\n\t<meta property=\"og:image:type\" content=\"image\/jpeg\" \/>\n<meta name=\"twitter:card\" content=\"summary_large_image\" \/>\n<meta name=\"twitter:label1\" content=\"Gesch\u00e4tzte Lesezeit\" \/>\n\t<meta name=\"twitter:data1\" content=\"1\u00a0Minute\" \/>\n<script type=\"application\/ld+json\" class=\"yoast-schema-graph\">{\"@context\":\"https:\\\/\\\/schema.org\",\"@graph\":[{\"@type\":\"WebPage\",\"@id\":\"https:\\\/\\\/emasweden.com\\\/de\\\/produkt\\\/hd-kabeleimer-konisch-155l-300-500mm-s45\\\/\",\"url\":\"https:\\\/\\\/emasweden.com\\\/de\\\/produkt\\\/hd-kabeleimer-konisch-155l-300-500mm-s45\\\/\",\"name\":\"HD Kabeleimer konisch 155L - 300\\\/500mm - S45 - EMA Sverige\",\"isPartOf\":{\"@id\":\"https:\\\/\\\/emasweden.com\\\/de\\\/#website\"},\"primaryImageOfPage\":{\"@id\":\"https:\\\/\\\/emasweden.com\\\/de\\\/produkt\\\/hd-kabeleimer-konisch-155l-300-500mm-s45\\\/#primaryimage\"},\"image\":{\"@id\":\"https:\\\/\\\/emasweden.com\\\/de\\\/produkt\\\/hd-kabeleimer-konisch-155l-300-500mm-s45\\\/#primaryimage\"},\"thumbnailUrl\":\"https:\\\/\\\/emasweden.com\\\/wp-content\\\/uploads\\\/2021\\\/01\\\/7293029_1.jpg\",\"datePublished\":\"2021-03-16T10:08:47+00:00\",\"dateModified\":\"2025-10-01T11:31:45+00:00\",\"breadcrumb\":{\"@id\":\"https:\\\/\\\/emasweden.com\\\/de\\\/produkt\\\/hd-kabeleimer-konisch-155l-300-500mm-s45\\\/#breadcrumb\"},\"inLanguage\":\"de\",\"potentialAction\":[{\"@type\":\"ReadAction\",\"target\":[\"https:\\\/\\\/emasweden.com\\\/de\\\/produkt\\\/hd-kabeleimer-konisch-155l-300-500mm-s45\\\/\"]}]},{\"@type\":\"ImageObject\",\"inLanguage\":\"de\",\"@id\":\"https:\\\/\\\/emasweden.com\\\/de\\\/produkt\\\/hd-kabeleimer-konisch-155l-300-500mm-s45\\\/#primaryimage\",\"url\":\"https:\\\/\\\/emasweden.com\\\/wp-content\\\/uploads\\\/2021\\\/01\\\/7293029_1.jpg\",\"contentUrl\":\"https:\\\/\\\/emasweden.com\\\/wp-content\\\/uploads\\\/2021\\\/01\\\/7293029_1.jpg\",\"width\":1000,\"height\":750},{\"@type\":\"BreadcrumbList\",\"@id\":\"https:\\\/\\\/emasweden.com\\\/de\\\/produkt\\\/hd-kabeleimer-konisch-155l-300-500mm-s45\\\/#breadcrumb\",\"itemListElement\":[{\"@type\":\"ListItem\",\"position\":1,\"name\":\"Hem\",\"item\":\"https:\\\/\\\/emasweden.com\\\/de\\\/\"},{\"@type\":\"ListItem\",\"position\":2,\"name\":\"Produktsortiment\",\"item\":\"https:\\\/\\\/emasweden.com\\\/de\\\/produktsortiment-2\\\/\"},{\"@type\":\"ListItem\",\"position\":3,\"name\":\"HD Kabeleimer konisch 155L &#8211; 300\\\/500mm &#8211; S45\"}]},{\"@type\":\"WebSite\",\"@id\":\"https:\\\/\\\/emasweden.com\\\/de\\\/#website\",\"url\":\"https:\\\/\\\/emasweden.com\\\/de\\\/\",\"name\":\"EMA Sverige\",\"description\":\"\",\"potentialAction\":[{\"@type\":\"SearchAction\",\"target\":{\"@type\":\"EntryPoint\",\"urlTemplate\":\"https:\\\/\\\/emasweden.com\\\/de\\\/?s={search_term_string}\"},\"query-input\":{\"@type\":\"PropertyValueSpecification\",\"valueRequired\":true,\"valueName\":\"search_term_string\"}}],\"inLanguage\":\"de\"}]}<\/script>\n<!-- \/ Yoast SEO plugin. -->","yoast_head_json":{"title":"HD Kabeleimer konisch 155L - 300\/500mm - S45 - EMA Sverige","robots":{"index":"index","follow":"follow","max-snippet":"max-snippet:-1","max-image-preview":"max-image-preview:large","max-video-preview":"max-video-preview:-1"},"canonical":"https:\/\/emasweden.com\/de\/produkt\/hd-kabeleimer-konisch-155l-300-500mm-s45\/","og_locale":"de_DE","og_type":"article","og_title":"HD Kabeleimer konisch 155L - 300\/500mm - S45 - EMA Sverige","og_description":"Schwerlast-Kabeleimer. Heavy Duty (HD) ist das Kraftpaket in unserer Produktpalette. Hier lassen wir keinen Stein auf dem anderen, wenn es um die Materialien geht. Die Produkte sind mit Verschlei\u00dfrippen an der Unterseite ausgestattet und die Produkte haben oft gr\u00f6\u00dfere Abmessungen. Dieses Kraftpaket wird vor allem von Anwendern eingesetzt, die sehr hohe Anforderungen an ihre Produkte [&hellip;]","og_url":"https:\/\/emasweden.com\/de\/produkt\/hd-kabeleimer-konisch-155l-300-500mm-s45\/","og_site_name":"EMA Sverige","article_modified_time":"2025-10-01T11:31:45+00:00","og_image":[{"width":1000,"height":750,"url":"https:\/\/emasweden.com\/wp-content\/uploads\/2021\/01\/7293029_1.jpg","type":"image\/jpeg"}],"twitter_card":"summary_large_image","twitter_misc":{"Gesch\u00e4tzte Lesezeit":"1\u00a0Minute"},"schema":{"@context":"https:\/\/schema.org","@graph":[{"@type":"WebPage","@id":"https:\/\/emasweden.com\/de\/produkt\/hd-kabeleimer-konisch-155l-300-500mm-s45\/","url":"https:\/\/emasweden.com\/de\/produkt\/hd-kabeleimer-konisch-155l-300-500mm-s45\/","name":"HD Kabeleimer konisch 155L - 300\/500mm - S45 - EMA Sverige","isPartOf":{"@id":"https:\/\/emasweden.com\/de\/#website"},"primaryImageOfPage":{"@id":"https:\/\/emasweden.com\/de\/produkt\/hd-kabeleimer-konisch-155l-300-500mm-s45\/#primaryimage"},"image":{"@id":"https:\/\/emasweden.com\/de\/produkt\/hd-kabeleimer-konisch-155l-300-500mm-s45\/#primaryimage"},"thumbnailUrl":"https:\/\/emasweden.com\/wp-content\/uploads\/2021\/01\/7293029_1.jpg","datePublished":"2021-03-16T10:08:47+00:00","dateModified":"2025-10-01T11:31:45+00:00","breadcrumb":{"@id":"https:\/\/emasweden.com\/de\/produkt\/hd-kabeleimer-konisch-155l-300-500mm-s45\/#breadcrumb"},"inLanguage":"de","potentialAction":[{"@type":"ReadAction","target":["https:\/\/emasweden.com\/de\/produkt\/hd-kabeleimer-konisch-155l-300-500mm-s45\/"]}]},{"@type":"ImageObject","inLanguage":"de","@id":"https:\/\/emasweden.com\/de\/produkt\/hd-kabeleimer-konisch-155l-300-500mm-s45\/#primaryimage","url":"https:\/\/emasweden.com\/wp-content\/uploads\/2021\/01\/7293029_1.jpg","contentUrl":"https:\/\/emasweden.com\/wp-content\/uploads\/2021\/01\/7293029_1.jpg","width":1000,"height":750},{"@type":"BreadcrumbList","@id":"https:\/\/emasweden.com\/de\/produkt\/hd-kabeleimer-konisch-155l-300-500mm-s45\/#breadcrumb","itemListElement":[{"@type":"ListItem","position":1,"name":"Hem","item":"https:\/\/emasweden.com\/de\/"},{"@type":"ListItem","position":2,"name":"Produktsortiment","item":"https:\/\/emasweden.com\/de\/produktsortiment-2\/"},{"@type":"ListItem","position":3,"name":"HD Kabeleimer konisch 155L &#8211; 300\/500mm &#8211; S45"}]},{"@type":"WebSite","@id":"https:\/\/emasweden.com\/de\/#website","url":"https:\/\/emasweden.com\/de\/","name":"EMA Sverige","description":"","potentialAction":[{"@type":"SearchAction","target":{"@type":"EntryPoint","urlTemplate":"https:\/\/emasweden.com\/de\/?s={search_term_string}"},"query-input":{"@type":"PropertyValueSpecification","valueRequired":true,"valueName":"search_term_string"}}],"inLanguage":"de"}]}},"_links":{"self":[{"href":"https:\/\/emasweden.com\/de\/wp-json\/wp\/v2\/product\/18377","targetHints":{"allow":["GET"]}}],"collection":[{"href":"https:\/\/emasweden.com\/de\/wp-json\/wp\/v2\/product"}],"about":[{"href":"https:\/\/emasweden.com\/de\/wp-json\/wp\/v2\/types\/product"}],"wp:featuredmedia":[{"embeddable":true,"href":"https:\/\/emasweden.com\/de\/wp-json\/wp\/v2\/media\/22445"}],"wp:attachment":[{"href":"https:\/\/emasweden.com\/de\/wp-json\/wp\/v2\/media?parent=18377"}],"wp:term":[{"taxonomy":"product_brand","embeddable":true,"href":"https:\/\/emasweden.com\/de\/wp-json\/wp\/v2\/product_brand?post=18377"},{"taxonomy":"product_cat","embeddable":true,"href":"https:\/\/emasweden.com\/de\/wp-json\/wp\/v2\/product_cat?post=18377"},{"taxonomy":"product_tag","embeddable":true,"href":"https:\/\/emasweden.com\/de\/wp-json\/wp\/v2\/product_tag?post=18377"},{"taxonomy":"faste-y","embeddable":true,"href":"https:\/\/emasweden.com\/de\/wp-json\/wp\/v2\/faste-y?post=18377"}],"curies":[{"name":"wp","href":"https:\/\/api.w.org\/{rel}","templated":true}]}}