{"id":18445,"date":"2021-01-20T15:38:47","date_gmt":"2021-01-20T14:38:47","guid":{"rendered":"https:\/\/emasweden.com\/produkt\/hd-gitterrostschaufel-1750l-mit-schaufel-2000mm-s80\/"},"modified":"2025-10-01T13:33:16","modified_gmt":"2025-10-01T11:33:16","slug":"hd-gitterrostschaufel-1750l-mit-schaufel-2000mm-s80","status":"publish","type":"product","link":"https:\/\/emasweden.com\/de\/produkt\/hd-gitterrostschaufel-1750l-mit-schaufel-2000mm-s80\/","title":{"rendered":"HD Gitterrostschaufel 1750L mit Schaufel &#8211; 2000mm &#8211; S80"},"content":{"rendered":"<p><sup>HD Rostschaufel 1750L mit Messer &#8211; 2000mm &#8211; S80<\/sup><br \/>&#8211; Unsere Rostschaufeln haben die Form unserer beliebten Planierschaufeln, d.h. mit einem langen Boden. Wir haben uns f\u00fcr Rundeisen entschieden, um die beste Siebkapazit\u00e4t und Langlebigkeit zu erzielen.<br \/>\nDie hochbelastbare Klinge verleiht der gesamten Schaufelkonstruktion Stabilit\u00e4t. <\/p>\n<p>&#8211; Robustes und einzigartiges Design mit einem verl\u00e4ngerten Boden f\u00fcr eine effiziente Siebfl\u00e4che.<br \/>\n<br \/>&#8211; Schneiden Sie in 500 Brinell <a href=\"https:\/\/www.borox.se\/produkter\/skopst%C3%A5l\" target=\"_blank\" rel=\"noopener\">BOROX<\/a>.<br \/>\n<br \/>&#8211; Verschlei\u00dffl\u00e4chen mit <a href=\"https:\/\/www.ssab.com\/products\/brands\/hardox\/products\/hardox-450\" target=\"_blank\" rel=\"noopener\">HARDOX 450<\/a> verst\u00e4rkt.<br \/>\n<br \/>&#8211; In die Struktur integrierte Sch\u00e4fte f\u00fcr bessere Haltbarkeit und Stabilit\u00e4t.<\/p>\n","protected":false},"excerpt":{"rendered":"<p>HD Rostschaufel 1750L mit Messer &#8211; 2000mm &#8211; S80&#8211; Unsere Rostschaufeln haben die Form unserer beliebten Planierschaufeln, d.h. mit einem langen Boden. Wir haben uns f\u00fcr Rundeisen entschieden, um die beste Siebkapazit\u00e4t und Langlebigkeit zu erzielen. Die hochbelastbare Klinge verleiht der gesamten Schaufelkonstruktion Stabilit\u00e4t. &#8211; Robustes und einzigartiges Design mit einem verl\u00e4ngerten Boden f\u00fcr eine [&hellip;]<\/p>\n","protected":false},"featured_media":17895,"template":"","meta":{"_monsterinsights_skip_tracking":false,"_monsterinsights_sitenote_active":false,"_monsterinsights_sitenote_note":"","_monsterinsights_sitenote_category":0},"product_brand":[],"product_cat":[3598],"product_tag":[],"faste-y":[],"class_list":{"0":"post-18445","1":"product","2":"type-product","3":"status-publish","4":"has-post-thumbnail","6":"product_cat-siebloeffel","7":"pa_max-bredd-2000mm","8":"pa_skar-40x400mm","9":"pa_tand-nein-ist-es-nicht","10":"pa_vikt-1440kg","12":"first","13":"instock","14":"purchasable","15":"product-type-simple"},"yoast_head":"<!-- This site is optimized with the Yoast SEO plugin v27.5 - https:\/\/yoast.com\/product\/yoast-seo-wordpress\/ -->\n<title>HD Gitterrostschaufel 1750L mit Schaufel - 2000mm - S80 - EMA Sverige<\/title>\n<meta name=\"description\" content=\"HD Siebschaufel 1750L mit Schaufel - 2000mm - S80 Robustes, einzigartiges Design mit verl\u00e4ngertem Boden f\u00fcr eine effiziente Siebfl\u00e4che. Eingebaute Achsen in der Konstruktion f\u00fcr bessere Haltbarkeit und Stabilit\u00e4t.\" \/>\n<meta name=\"robots\" content=\"index, follow, max-snippet:-1, max-image-preview:large, max-video-preview:-1\" \/>\n<link rel=\"canonical\" href=\"https:\/\/emasweden.com\/de\/produkt\/hd-gitterrostschaufel-1750l-mit-schaufel-2000mm-s80\/\" \/>\n<meta property=\"og:locale\" content=\"de_DE\" \/>\n<meta property=\"og:type\" content=\"article\" \/>\n<meta property=\"og:title\" content=\"HD Gitterrostschaufel 1750L mit Schaufel - 2000mm - S80 - EMA Sverige\" \/>\n<meta property=\"og:description\" content=\"HD Siebschaufel 1750L mit Schaufel - 2000mm - S80 Robustes, einzigartiges Design mit verl\u00e4ngertem Boden f\u00fcr eine effiziente Siebfl\u00e4che. Eingebaute Achsen in der Konstruktion f\u00fcr bessere Haltbarkeit und Stabilit\u00e4t.\" \/>\n<meta property=\"og:url\" content=\"https:\/\/emasweden.com\/de\/produkt\/hd-gitterrostschaufel-1750l-mit-schaufel-2000mm-s80\/\" \/>\n<meta property=\"og:site_name\" content=\"EMA Sverige\" \/>\n<meta property=\"article:modified_time\" content=\"2025-10-01T11:33:16+00:00\" \/>\n<meta property=\"og:image\" content=\"https:\/\/emasweden.com\/wp-content\/uploads\/2021\/01\/7292155_1-10.jpg\" \/>\n\t<meta property=\"og:image:width\" content=\"1000\" \/>\n\t<meta property=\"og:image:height\" content=\"750\" \/>\n\t<meta property=\"og:image:type\" content=\"image\/jpeg\" \/>\n<meta name=\"twitter:card\" content=\"summary_large_image\" \/>\n<script type=\"application\/ld+json\" class=\"yoast-schema-graph\">{\"@context\":\"https:\\\/\\\/schema.org\",\"@graph\":[{\"@type\":\"WebPage\",\"@id\":\"https:\\\/\\\/emasweden.com\\\/de\\\/produkt\\\/hd-gitterrostschaufel-1750l-mit-schaufel-2000mm-s80\\\/\",\"url\":\"https:\\\/\\\/emasweden.com\\\/de\\\/produkt\\\/hd-gitterrostschaufel-1750l-mit-schaufel-2000mm-s80\\\/\",\"name\":\"HD Gitterrostschaufel 1750L mit Schaufel - 2000mm - S80 - EMA Sverige\",\"isPartOf\":{\"@id\":\"https:\\\/\\\/emasweden.com\\\/de\\\/#website\"},\"primaryImageOfPage\":{\"@id\":\"https:\\\/\\\/emasweden.com\\\/de\\\/produkt\\\/hd-gitterrostschaufel-1750l-mit-schaufel-2000mm-s80\\\/#primaryimage\"},\"image\":{\"@id\":\"https:\\\/\\\/emasweden.com\\\/de\\\/produkt\\\/hd-gitterrostschaufel-1750l-mit-schaufel-2000mm-s80\\\/#primaryimage\"},\"thumbnailUrl\":\"https:\\\/\\\/emasweden.com\\\/wp-content\\\/uploads\\\/2021\\\/01\\\/7292155_1-10.jpg\",\"datePublished\":\"2021-01-20T14:38:47+00:00\",\"dateModified\":\"2025-10-01T11:33:16+00:00\",\"description\":\"HD Siebschaufel 1750L mit Schaufel - 2000mm - S80 Robustes, einzigartiges Design mit verl\u00e4ngertem Boden f\u00fcr eine effiziente Siebfl\u00e4che. Eingebaute Achsen in der Konstruktion f\u00fcr bessere Haltbarkeit und Stabilit\u00e4t.\",\"breadcrumb\":{\"@id\":\"https:\\\/\\\/emasweden.com\\\/de\\\/produkt\\\/hd-gitterrostschaufel-1750l-mit-schaufel-2000mm-s80\\\/#breadcrumb\"},\"inLanguage\":\"de\",\"potentialAction\":[{\"@type\":\"ReadAction\",\"target\":[\"https:\\\/\\\/emasweden.com\\\/de\\\/produkt\\\/hd-gitterrostschaufel-1750l-mit-schaufel-2000mm-s80\\\/\"]}]},{\"@type\":\"ImageObject\",\"inLanguage\":\"de\",\"@id\":\"https:\\\/\\\/emasweden.com\\\/de\\\/produkt\\\/hd-gitterrostschaufel-1750l-mit-schaufel-2000mm-s80\\\/#primaryimage\",\"url\":\"https:\\\/\\\/emasweden.com\\\/wp-content\\\/uploads\\\/2021\\\/01\\\/7292155_1-10.jpg\",\"contentUrl\":\"https:\\\/\\\/emasweden.com\\\/wp-content\\\/uploads\\\/2021\\\/01\\\/7292155_1-10.jpg\",\"width\":1000,\"height\":750,\"caption\":\"HD Gallerskopa 1750L med blad - 2000mm - S80\"},{\"@type\":\"BreadcrumbList\",\"@id\":\"https:\\\/\\\/emasweden.com\\\/de\\\/produkt\\\/hd-gitterrostschaufel-1750l-mit-schaufel-2000mm-s80\\\/#breadcrumb\",\"itemListElement\":[{\"@type\":\"ListItem\",\"position\":1,\"name\":\"Hem\",\"item\":\"https:\\\/\\\/emasweden.com\\\/de\\\/\"},{\"@type\":\"ListItem\",\"position\":2,\"name\":\"Produktsortiment\",\"item\":\"https:\\\/\\\/emasweden.com\\\/de\\\/produktsortiment-2\\\/\"},{\"@type\":\"ListItem\",\"position\":3,\"name\":\"HD Gitterrostschaufel 1750L mit Schaufel &#8211; 2000mm &#8211; S80\"}]},{\"@type\":\"WebSite\",\"@id\":\"https:\\\/\\\/emasweden.com\\\/de\\\/#website\",\"url\":\"https:\\\/\\\/emasweden.com\\\/de\\\/\",\"name\":\"EMA Sverige\",\"description\":\"\",\"potentialAction\":[{\"@type\":\"SearchAction\",\"target\":{\"@type\":\"EntryPoint\",\"urlTemplate\":\"https:\\\/\\\/emasweden.com\\\/de\\\/?s={search_term_string}\"},\"query-input\":{\"@type\":\"PropertyValueSpecification\",\"valueRequired\":true,\"valueName\":\"search_term_string\"}}],\"inLanguage\":\"de\"}]}<\/script>\n<!-- \/ Yoast SEO plugin. -->","yoast_head_json":{"title":"HD Gitterrostschaufel 1750L mit Schaufel - 2000mm - S80 - EMA Sverige","description":"HD Siebschaufel 1750L mit Schaufel - 2000mm - S80 Robustes, einzigartiges Design mit verl\u00e4ngertem Boden f\u00fcr eine effiziente Siebfl\u00e4che. Eingebaute Achsen in der Konstruktion f\u00fcr bessere Haltbarkeit und Stabilit\u00e4t.","robots":{"index":"index","follow":"follow","max-snippet":"max-snippet:-1","max-image-preview":"max-image-preview:large","max-video-preview":"max-video-preview:-1"},"canonical":"https:\/\/emasweden.com\/de\/produkt\/hd-gitterrostschaufel-1750l-mit-schaufel-2000mm-s80\/","og_locale":"de_DE","og_type":"article","og_title":"HD Gitterrostschaufel 1750L mit Schaufel - 2000mm - S80 - EMA Sverige","og_description":"HD Siebschaufel 1750L mit Schaufel - 2000mm - S80 Robustes, einzigartiges Design mit verl\u00e4ngertem Boden f\u00fcr eine effiziente Siebfl\u00e4che. Eingebaute Achsen in der Konstruktion f\u00fcr bessere Haltbarkeit und Stabilit\u00e4t.","og_url":"https:\/\/emasweden.com\/de\/produkt\/hd-gitterrostschaufel-1750l-mit-schaufel-2000mm-s80\/","og_site_name":"EMA Sverige","article_modified_time":"2025-10-01T11:33:16+00:00","og_image":[{"width":1000,"height":750,"url":"https:\/\/emasweden.com\/wp-content\/uploads\/2021\/01\/7292155_1-10.jpg","type":"image\/jpeg"}],"twitter_card":"summary_large_image","schema":{"@context":"https:\/\/schema.org","@graph":[{"@type":"WebPage","@id":"https:\/\/emasweden.com\/de\/produkt\/hd-gitterrostschaufel-1750l-mit-schaufel-2000mm-s80\/","url":"https:\/\/emasweden.com\/de\/produkt\/hd-gitterrostschaufel-1750l-mit-schaufel-2000mm-s80\/","name":"HD Gitterrostschaufel 1750L mit Schaufel - 2000mm - S80 - EMA Sverige","isPartOf":{"@id":"https:\/\/emasweden.com\/de\/#website"},"primaryImageOfPage":{"@id":"https:\/\/emasweden.com\/de\/produkt\/hd-gitterrostschaufel-1750l-mit-schaufel-2000mm-s80\/#primaryimage"},"image":{"@id":"https:\/\/emasweden.com\/de\/produkt\/hd-gitterrostschaufel-1750l-mit-schaufel-2000mm-s80\/#primaryimage"},"thumbnailUrl":"https:\/\/emasweden.com\/wp-content\/uploads\/2021\/01\/7292155_1-10.jpg","datePublished":"2021-01-20T14:38:47+00:00","dateModified":"2025-10-01T11:33:16+00:00","description":"HD Siebschaufel 1750L mit Schaufel - 2000mm - S80 Robustes, einzigartiges Design mit verl\u00e4ngertem Boden f\u00fcr eine effiziente Siebfl\u00e4che. Eingebaute Achsen in der Konstruktion f\u00fcr bessere Haltbarkeit und Stabilit\u00e4t.","breadcrumb":{"@id":"https:\/\/emasweden.com\/de\/produkt\/hd-gitterrostschaufel-1750l-mit-schaufel-2000mm-s80\/#breadcrumb"},"inLanguage":"de","potentialAction":[{"@type":"ReadAction","target":["https:\/\/emasweden.com\/de\/produkt\/hd-gitterrostschaufel-1750l-mit-schaufel-2000mm-s80\/"]}]},{"@type":"ImageObject","inLanguage":"de","@id":"https:\/\/emasweden.com\/de\/produkt\/hd-gitterrostschaufel-1750l-mit-schaufel-2000mm-s80\/#primaryimage","url":"https:\/\/emasweden.com\/wp-content\/uploads\/2021\/01\/7292155_1-10.jpg","contentUrl":"https:\/\/emasweden.com\/wp-content\/uploads\/2021\/01\/7292155_1-10.jpg","width":1000,"height":750,"caption":"HD Gallerskopa 1750L med blad - 2000mm - S80"},{"@type":"BreadcrumbList","@id":"https:\/\/emasweden.com\/de\/produkt\/hd-gitterrostschaufel-1750l-mit-schaufel-2000mm-s80\/#breadcrumb","itemListElement":[{"@type":"ListItem","position":1,"name":"Hem","item":"https:\/\/emasweden.com\/de\/"},{"@type":"ListItem","position":2,"name":"Produktsortiment","item":"https:\/\/emasweden.com\/de\/produktsortiment-2\/"},{"@type":"ListItem","position":3,"name":"HD Gitterrostschaufel 1750L mit Schaufel &#8211; 2000mm &#8211; S80"}]},{"@type":"WebSite","@id":"https:\/\/emasweden.com\/de\/#website","url":"https:\/\/emasweden.com\/de\/","name":"EMA Sverige","description":"","potentialAction":[{"@type":"SearchAction","target":{"@type":"EntryPoint","urlTemplate":"https:\/\/emasweden.com\/de\/?s={search_term_string}"},"query-input":{"@type":"PropertyValueSpecification","valueRequired":true,"valueName":"search_term_string"}}],"inLanguage":"de"}]}},"_links":{"self":[{"href":"https:\/\/emasweden.com\/de\/wp-json\/wp\/v2\/product\/18445","targetHints":{"allow":["GET"]}}],"collection":[{"href":"https:\/\/emasweden.com\/de\/wp-json\/wp\/v2\/product"}],"about":[{"href":"https:\/\/emasweden.com\/de\/wp-json\/wp\/v2\/types\/product"}],"wp:featuredmedia":[{"embeddable":true,"href":"https:\/\/emasweden.com\/de\/wp-json\/wp\/v2\/media\/17895"}],"wp:attachment":[{"href":"https:\/\/emasweden.com\/de\/wp-json\/wp\/v2\/media?parent=18445"}],"wp:term":[{"taxonomy":"product_brand","embeddable":true,"href":"https:\/\/emasweden.com\/de\/wp-json\/wp\/v2\/product_brand?post=18445"},{"taxonomy":"product_cat","embeddable":true,"href":"https:\/\/emasweden.com\/de\/wp-json\/wp\/v2\/product_cat?post=18445"},{"taxonomy":"product_tag","embeddable":true,"href":"https:\/\/emasweden.com\/de\/wp-json\/wp\/v2\/product_tag?post=18445"},{"taxonomy":"faste-y","embeddable":true,"href":"https:\/\/emasweden.com\/de\/wp-json\/wp\/v2\/faste-y?post=18445"}],"curies":[{"name":"wp","href":"https:\/\/api.w.org\/{rel}","templated":true}]}}