{"id":18536,"date":"2021-01-20T15:39:42","date_gmt":"2021-01-20T14:39:42","guid":{"rendered":"https:\/\/emasweden.com\/produkt\/std-nivellierloeffel-95l-900mm-s30-150\/"},"modified":"2025-10-01T13:35:00","modified_gmt":"2025-10-01T11:35:00","slug":"std-nivellierloeffel-95l-900mm-s30-150","status":"publish","type":"product","link":"https:\/\/emasweden.com\/de\/produkt\/std-nivellierloeffel-95l-900mm-s30-150\/","title":{"rendered":"Std Nivellierl\u00f6ffel 95L &#8211; 900mm &#8211; S30\/150"},"content":{"rendered":"<p><sup>Std Nivellierschaufel 95L &#8211; 900mm &#8211; S30\/150<\/sup><br \/>Nivellierschaufeln f\u00fcr den Standardeinsatz<br \/>\n<br \/>&#8211; Standard Duty (STD) ist der sehr erschwingliche Teil unseres Sortiments, ohne Kompromisse bei der Qualit\u00e4t einzugehen. HARDOX wird auf Oberfl\u00e4chen verwendet, auf denen das Material stark beansprucht wird, was zu einem Produkt mit langer Lebensdauer f\u00fchrt.  Dieses Produkt richtet sich an unsere Anwender, die hohe Anforderungen an ihre Produkte stellen, bei denen eine hohe Leistung gesch\u00e4tzt wird und die langfristig zu einer besseren Gesamtwirtschaftlichkeit beitragen.<\/p>\n<p>&#8211; Schnitt in 500 Brinell  <a href=\"https:\/\/www.borox.se\/produkter\/skopst%C3%A5l\" target=\"_blank\" rel=\"noopener\">BOROX<\/a><br \/>\n<br \/>&#8211; Schwung-, Seiten- und Bodenverschlei\u00dfschutz in <a href=\"https:\/\/www.ssab.com\/products\/brands\/hardox\/products\/hardox-450\" target=\"_blank\" rel=\"noopener\">HARDOX 450<\/a><br \/>\n<br \/>&#8211; Angepasst f\u00fcr Tiltrotator<br \/>\n<br \/>&#8211; Die Schaufel wird gemeinsam mit Maschinenf\u00fchrern entwickelt<\/p>\n","protected":false},"excerpt":{"rendered":"<p>Std Nivellierschaufel 95L &#8211; 900mm &#8211; S30\/150Nivellierschaufeln f\u00fcr den Standardeinsatz &#8211; Standard Duty (STD) ist der sehr erschwingliche Teil unseres Sortiments, ohne Kompromisse bei der Qualit\u00e4t einzugehen. HARDOX wird auf Oberfl\u00e4chen verwendet, auf denen das Material stark beansprucht wird, was zu einem Produkt mit langer Lebensdauer f\u00fchrt. Dieses Produkt richtet sich an unsere Anwender, die [&hellip;]<\/p>\n","protected":false},"featured_media":22013,"template":"","meta":{"_monsterinsights_skip_tracking":false,"_monsterinsights_sitenote_active":false,"_monsterinsights_sitenote_note":"","_monsterinsights_sitenote_category":0},"product_brand":[],"product_cat":[3594],"product_tag":[],"faste-y":[],"class_list":{"0":"post-18536","1":"product","2":"type-product","3":"status-publish","4":"has-post-thumbnail","6":"product_cat-planierloeffel-grabenraumloeffel-mobilbagger-hardox-450-500","7":"pa_max-bredd-900mm","8":"pa_skar-16x110mm","9":"pa_vikt-70kg","11":"first","12":"instock","13":"purchasable","14":"product-type-simple"},"yoast_head":"<!-- This site is optimized with the Yoast SEO plugin v27.3 - https:\/\/yoast.com\/product\/yoast-seo-wordpress\/ -->\n<title>Std Nivellierl\u00f6ffel 95L - 900mm - S30\/150 - EMA Sverige<\/title>\n<meta name=\"description\" content=\"Std Nivellierl\u00f6ffel 95L - 900mm - S30\/150 Schnitt in 500 Brinell BOROX. Kehr-, Seiten- und Bodenverschlei\u00dfschutz aus 450 HARDOX. F\u00fcr Tiltrotator.\" \/>\n<meta name=\"robots\" content=\"index, follow, max-snippet:-1, max-image-preview:large, max-video-preview:-1\" \/>\n<link rel=\"canonical\" href=\"https:\/\/emasweden.com\/de\/produkt\/std-nivellierloeffel-95l-900mm-s30-150\/\" \/>\n<meta property=\"og:locale\" content=\"de_DE\" \/>\n<meta property=\"og:type\" content=\"article\" \/>\n<meta property=\"og:title\" content=\"Std Nivellierl\u00f6ffel 95L - 900mm - S30\/150 - EMA Sverige\" \/>\n<meta property=\"og:description\" content=\"Std Nivellierl\u00f6ffel 95L - 900mm - S30\/150 Schnitt in 500 Brinell BOROX. Kehr-, Seiten- und Bodenverschlei\u00dfschutz aus 450 HARDOX. F\u00fcr Tiltrotator.\" \/>\n<meta property=\"og:url\" content=\"https:\/\/emasweden.com\/de\/produkt\/std-nivellierloeffel-95l-900mm-s30-150\/\" \/>\n<meta property=\"og:site_name\" content=\"EMA Sverige\" \/>\n<meta property=\"article:modified_time\" content=\"2025-10-01T11:35:00+00:00\" \/>\n<meta property=\"og:image\" content=\"https:\/\/emasweden.com\/wp-content\/uploads\/2021\/01\/7294102_1.jpg\" \/>\n\t<meta property=\"og:image:width\" content=\"1000\" \/>\n\t<meta property=\"og:image:height\" content=\"750\" \/>\n\t<meta property=\"og:image:type\" content=\"image\/jpeg\" \/>\n<meta name=\"twitter:card\" content=\"summary_large_image\" \/>\n<meta name=\"twitter:label1\" content=\"Gesch\u00e4tzte Lesezeit\" \/>\n\t<meta name=\"twitter:data1\" content=\"1\u00a0Minute\" \/>\n<script type=\"application\/ld+json\" class=\"yoast-schema-graph\">{\"@context\":\"https:\\\/\\\/schema.org\",\"@graph\":[{\"@type\":\"WebPage\",\"@id\":\"https:\\\/\\\/emasweden.com\\\/de\\\/produkt\\\/std-nivellierloeffel-95l-900mm-s30-150\\\/\",\"url\":\"https:\\\/\\\/emasweden.com\\\/de\\\/produkt\\\/std-nivellierloeffel-95l-900mm-s30-150\\\/\",\"name\":\"Std Nivellierl\u00f6ffel 95L - 900mm - S30\\\/150 - EMA Sverige\",\"isPartOf\":{\"@id\":\"https:\\\/\\\/emasweden.com\\\/de\\\/#website\"},\"primaryImageOfPage\":{\"@id\":\"https:\\\/\\\/emasweden.com\\\/de\\\/produkt\\\/std-nivellierloeffel-95l-900mm-s30-150\\\/#primaryimage\"},\"image\":{\"@id\":\"https:\\\/\\\/emasweden.com\\\/de\\\/produkt\\\/std-nivellierloeffel-95l-900mm-s30-150\\\/#primaryimage\"},\"thumbnailUrl\":\"https:\\\/\\\/emasweden.com\\\/wp-content\\\/uploads\\\/2021\\\/01\\\/7294102_1.jpg\",\"datePublished\":\"2021-01-20T14:39:42+00:00\",\"dateModified\":\"2025-10-01T11:35:00+00:00\",\"description\":\"Std Nivellierl\u00f6ffel 95L - 900mm - S30\\\/150 Schnitt in 500 Brinell BOROX. Kehr-, Seiten- und Bodenverschlei\u00dfschutz aus 450 HARDOX. F\u00fcr Tiltrotator.\",\"breadcrumb\":{\"@id\":\"https:\\\/\\\/emasweden.com\\\/de\\\/produkt\\\/std-nivellierloeffel-95l-900mm-s30-150\\\/#breadcrumb\"},\"inLanguage\":\"de\",\"potentialAction\":[{\"@type\":\"ReadAction\",\"target\":[\"https:\\\/\\\/emasweden.com\\\/de\\\/produkt\\\/std-nivellierloeffel-95l-900mm-s30-150\\\/\"]}]},{\"@type\":\"ImageObject\",\"inLanguage\":\"de\",\"@id\":\"https:\\\/\\\/emasweden.com\\\/de\\\/produkt\\\/std-nivellierloeffel-95l-900mm-s30-150\\\/#primaryimage\",\"url\":\"https:\\\/\\\/emasweden.com\\\/wp-content\\\/uploads\\\/2021\\\/01\\\/7294102_1.jpg\",\"contentUrl\":\"https:\\\/\\\/emasweden.com\\\/wp-content\\\/uploads\\\/2021\\\/01\\\/7294102_1.jpg\",\"width\":1000,\"height\":750,\"caption\":\"Std Planeringsskopa 150L - 1050mm - S40\"},{\"@type\":\"BreadcrumbList\",\"@id\":\"https:\\\/\\\/emasweden.com\\\/de\\\/produkt\\\/std-nivellierloeffel-95l-900mm-s30-150\\\/#breadcrumb\",\"itemListElement\":[{\"@type\":\"ListItem\",\"position\":1,\"name\":\"Hem\",\"item\":\"https:\\\/\\\/emasweden.com\\\/de\\\/\"},{\"@type\":\"ListItem\",\"position\":2,\"name\":\"Produktsortiment\",\"item\":\"https:\\\/\\\/emasweden.com\\\/de\\\/produktsortiment-2\\\/\"},{\"@type\":\"ListItem\",\"position\":3,\"name\":\"Std Nivellierl\u00f6ffel 95L &#8211; 900mm &#8211; S30\\\/150\"}]},{\"@type\":\"WebSite\",\"@id\":\"https:\\\/\\\/emasweden.com\\\/de\\\/#website\",\"url\":\"https:\\\/\\\/emasweden.com\\\/de\\\/\",\"name\":\"EMA Sverige\",\"description\":\"\",\"potentialAction\":[{\"@type\":\"SearchAction\",\"target\":{\"@type\":\"EntryPoint\",\"urlTemplate\":\"https:\\\/\\\/emasweden.com\\\/de\\\/?s={search_term_string}\"},\"query-input\":{\"@type\":\"PropertyValueSpecification\",\"valueRequired\":true,\"valueName\":\"search_term_string\"}}],\"inLanguage\":\"de\"}]}<\/script>\n<!-- \/ Yoast SEO plugin. -->","yoast_head_json":{"title":"Std Nivellierl\u00f6ffel 95L - 900mm - S30\/150 - EMA Sverige","description":"Std Nivellierl\u00f6ffel 95L - 900mm - S30\/150 Schnitt in 500 Brinell BOROX. Kehr-, Seiten- und Bodenverschlei\u00dfschutz aus 450 HARDOX. F\u00fcr Tiltrotator.","robots":{"index":"index","follow":"follow","max-snippet":"max-snippet:-1","max-image-preview":"max-image-preview:large","max-video-preview":"max-video-preview:-1"},"canonical":"https:\/\/emasweden.com\/de\/produkt\/std-nivellierloeffel-95l-900mm-s30-150\/","og_locale":"de_DE","og_type":"article","og_title":"Std Nivellierl\u00f6ffel 95L - 900mm - S30\/150 - EMA Sverige","og_description":"Std Nivellierl\u00f6ffel 95L - 900mm - S30\/150 Schnitt in 500 Brinell BOROX. Kehr-, Seiten- und Bodenverschlei\u00dfschutz aus 450 HARDOX. F\u00fcr Tiltrotator.","og_url":"https:\/\/emasweden.com\/de\/produkt\/std-nivellierloeffel-95l-900mm-s30-150\/","og_site_name":"EMA Sverige","article_modified_time":"2025-10-01T11:35:00+00:00","og_image":[{"width":1000,"height":750,"url":"https:\/\/emasweden.com\/wp-content\/uploads\/2021\/01\/7294102_1.jpg","type":"image\/jpeg"}],"twitter_card":"summary_large_image","twitter_misc":{"Gesch\u00e4tzte Lesezeit":"1\u00a0Minute"},"schema":{"@context":"https:\/\/schema.org","@graph":[{"@type":"WebPage","@id":"https:\/\/emasweden.com\/de\/produkt\/std-nivellierloeffel-95l-900mm-s30-150\/","url":"https:\/\/emasweden.com\/de\/produkt\/std-nivellierloeffel-95l-900mm-s30-150\/","name":"Std Nivellierl\u00f6ffel 95L - 900mm - S30\/150 - EMA Sverige","isPartOf":{"@id":"https:\/\/emasweden.com\/de\/#website"},"primaryImageOfPage":{"@id":"https:\/\/emasweden.com\/de\/produkt\/std-nivellierloeffel-95l-900mm-s30-150\/#primaryimage"},"image":{"@id":"https:\/\/emasweden.com\/de\/produkt\/std-nivellierloeffel-95l-900mm-s30-150\/#primaryimage"},"thumbnailUrl":"https:\/\/emasweden.com\/wp-content\/uploads\/2021\/01\/7294102_1.jpg","datePublished":"2021-01-20T14:39:42+00:00","dateModified":"2025-10-01T11:35:00+00:00","description":"Std Nivellierl\u00f6ffel 95L - 900mm - S30\/150 Schnitt in 500 Brinell BOROX. Kehr-, Seiten- und Bodenverschlei\u00dfschutz aus 450 HARDOX. F\u00fcr Tiltrotator.","breadcrumb":{"@id":"https:\/\/emasweden.com\/de\/produkt\/std-nivellierloeffel-95l-900mm-s30-150\/#breadcrumb"},"inLanguage":"de","potentialAction":[{"@type":"ReadAction","target":["https:\/\/emasweden.com\/de\/produkt\/std-nivellierloeffel-95l-900mm-s30-150\/"]}]},{"@type":"ImageObject","inLanguage":"de","@id":"https:\/\/emasweden.com\/de\/produkt\/std-nivellierloeffel-95l-900mm-s30-150\/#primaryimage","url":"https:\/\/emasweden.com\/wp-content\/uploads\/2021\/01\/7294102_1.jpg","contentUrl":"https:\/\/emasweden.com\/wp-content\/uploads\/2021\/01\/7294102_1.jpg","width":1000,"height":750,"caption":"Std Planeringsskopa 150L - 1050mm - S40"},{"@type":"BreadcrumbList","@id":"https:\/\/emasweden.com\/de\/produkt\/std-nivellierloeffel-95l-900mm-s30-150\/#breadcrumb","itemListElement":[{"@type":"ListItem","position":1,"name":"Hem","item":"https:\/\/emasweden.com\/de\/"},{"@type":"ListItem","position":2,"name":"Produktsortiment","item":"https:\/\/emasweden.com\/de\/produktsortiment-2\/"},{"@type":"ListItem","position":3,"name":"Std Nivellierl\u00f6ffel 95L &#8211; 900mm &#8211; S30\/150"}]},{"@type":"WebSite","@id":"https:\/\/emasweden.com\/de\/#website","url":"https:\/\/emasweden.com\/de\/","name":"EMA Sverige","description":"","potentialAction":[{"@type":"SearchAction","target":{"@type":"EntryPoint","urlTemplate":"https:\/\/emasweden.com\/de\/?s={search_term_string}"},"query-input":{"@type":"PropertyValueSpecification","valueRequired":true,"valueName":"search_term_string"}}],"inLanguage":"de"}]}},"_links":{"self":[{"href":"https:\/\/emasweden.com\/de\/wp-json\/wp\/v2\/product\/18536","targetHints":{"allow":["GET"]}}],"collection":[{"href":"https:\/\/emasweden.com\/de\/wp-json\/wp\/v2\/product"}],"about":[{"href":"https:\/\/emasweden.com\/de\/wp-json\/wp\/v2\/types\/product"}],"wp:featuredmedia":[{"embeddable":true,"href":"https:\/\/emasweden.com\/de\/wp-json\/wp\/v2\/media\/22013"}],"wp:attachment":[{"href":"https:\/\/emasweden.com\/de\/wp-json\/wp\/v2\/media?parent=18536"}],"wp:term":[{"taxonomy":"product_brand","embeddable":true,"href":"https:\/\/emasweden.com\/de\/wp-json\/wp\/v2\/product_brand?post=18536"},{"taxonomy":"product_cat","embeddable":true,"href":"https:\/\/emasweden.com\/de\/wp-json\/wp\/v2\/product_cat?post=18536"},{"taxonomy":"product_tag","embeddable":true,"href":"https:\/\/emasweden.com\/de\/wp-json\/wp\/v2\/product_tag?post=18536"},{"taxonomy":"faste-y","embeddable":true,"href":"https:\/\/emasweden.com\/de\/wp-json\/wp\/v2\/faste-y?post=18536"}],"curies":[{"name":"wp","href":"https:\/\/api.w.org\/{rel}","templated":true}]}}