{"id":18580,"date":"2021-03-16T10:52:22","date_gmt":"2021-03-16T09:52:22","guid":{"rendered":"https:\/\/emasweden.com\/produkt\/ema-halterungsbolzen-s70-kleines-lochbild\/"},"modified":"2025-10-01T13:35:54","modified_gmt":"2025-10-01T11:35:54","slug":"ema-halterungsbolzen-s70-kleines-lochbild","status":"publish","type":"product","link":"https:\/\/emasweden.com\/de\/produkt\/ema-halterungsbolzen-s70-kleines-lochbild\/","title":{"rendered":"Ema Halterungsbolzen S70 &#8211; Kleines Lochbild"},"content":{"rendered":"<p>Ema Halterungsbolzen S70 &#8211; Kleines Lochbild<\/p>\n<p>&nbsp;<\/p>\n<p>Die Klammer bezieht sich auf den Kabelpflug und den Nivellierbalken.<\/p>\n<p>&nbsp;<\/p>\n<ul>\n<li><strong><a href=\"\/?product_cat=avjamningsbalk\">St\u00f6bern Sie hier in den verschiedenen Planierbalken!<\/a><\/strong><\/li>\n<li><strong><a href=\"https:\/\/emasweden.com\/de\/produkt-kategori\/kabelpflug\/\">St\u00f6bern Sie hier in den verschiedenen Kabelpfl\u00fcgen!<\/a><\/strong><\/li>\n<\/ul>\n<p>&nbsp;<\/p>\n<p>&nbsp;<\/p>\n","protected":false},"excerpt":{"rendered":"<p>Ema Halterungsbolzen S70 &#8211; Kleines Lochbild &nbsp; Die Klammer bezieht sich auf den Kabelpflug und den Nivellierbalken. &nbsp; St\u00f6bern Sie hier in den verschiedenen Planierbalken! St\u00f6bern Sie hier in den verschiedenen Kabelpfl\u00fcgen! &nbsp; &nbsp;<\/p>\n","protected":false},"featured_media":20933,"template":"","meta":{"_monsterinsights_skip_tracking":false,"_monsterinsights_sitenote_active":false,"_monsterinsights_sitenote_note":"","_monsterinsights_sitenote_category":0},"product_brand":[],"product_cat":[4997],"product_tag":[],"faste-y":[],"class_list":{"0":"post-18580","1":"product","2":"type-product","3":"status-publish","4":"has-post-thumbnail","6":"product_cat-nivelierbalken-aufnahme-schnellwechsler-systeme","8":"first","9":"instock","10":"taxable","11":"shipping-taxable","12":"purchasable","13":"product-type-simple"},"yoast_head":"<!-- This site is optimized with the Yoast SEO plugin v27.4 - https:\/\/yoast.com\/product\/yoast-seo-wordpress\/ -->\n<title>Ema Halterungsbolzen S70 - Kleines Lochbild - EMA Sverige<\/title>\n<meta name=\"description\" content=\"Ema Halterungsbolzen S70 - Kleines Lochbild - EMA Sverige - Halterung f\u00fcr Kabelpflug und Nivellierbalken. Geeignet f\u00fcr viele verschiedene\" \/>\n<meta name=\"robots\" content=\"index, follow, max-snippet:-1, max-image-preview:large, max-video-preview:-1\" \/>\n<link rel=\"canonical\" href=\"https:\/\/emasweden.com\/de\/produkt\/ema-halterungsbolzen-s70-kleines-lochbild\/\" \/>\n<meta property=\"og:locale\" content=\"de_DE\" \/>\n<meta property=\"og:type\" content=\"article\" \/>\n<meta property=\"og:title\" content=\"Ema Halterungsbolzen S70 - Kleines Lochbild - EMA Sverige\" \/>\n<meta property=\"og:description\" content=\"Ema Halterungsbolzen S70 - Kleines Lochbild - EMA Sverige - Halterung f\u00fcr Kabelpflug und Nivellierbalken. Geeignet f\u00fcr viele verschiedene\" \/>\n<meta property=\"og:url\" content=\"https:\/\/emasweden.com\/de\/produkt\/ema-halterungsbolzen-s70-kleines-lochbild\/\" \/>\n<meta property=\"og:site_name\" content=\"EMA Sverige\" \/>\n<meta property=\"article:modified_time\" content=\"2025-10-01T11:35:54+00:00\" \/>\n<meta property=\"og:image\" content=\"https:\/\/emasweden.com\/wp-content\/uploads\/2021\/01\/PRO-002869-07270015a.jpg\" \/>\n\t<meta property=\"og:image:width\" content=\"1000\" \/>\n\t<meta property=\"og:image:height\" content=\"750\" \/>\n\t<meta property=\"og:image:type\" content=\"image\/jpeg\" \/>\n<meta name=\"twitter:card\" content=\"summary_large_image\" \/>\n<script type=\"application\/ld+json\" class=\"yoast-schema-graph\">{\"@context\":\"https:\\\/\\\/schema.org\",\"@graph\":[{\"@type\":\"WebPage\",\"@id\":\"https:\\\/\\\/emasweden.com\\\/de\\\/produkt\\\/ema-halterungsbolzen-s70-kleines-lochbild\\\/\",\"url\":\"https:\\\/\\\/emasweden.com\\\/de\\\/produkt\\\/ema-halterungsbolzen-s70-kleines-lochbild\\\/\",\"name\":\"Ema Halterungsbolzen S70 - Kleines Lochbild - EMA Sverige\",\"isPartOf\":{\"@id\":\"https:\\\/\\\/emasweden.com\\\/de\\\/#website\"},\"primaryImageOfPage\":{\"@id\":\"https:\\\/\\\/emasweden.com\\\/de\\\/produkt\\\/ema-halterungsbolzen-s70-kleines-lochbild\\\/#primaryimage\"},\"image\":{\"@id\":\"https:\\\/\\\/emasweden.com\\\/de\\\/produkt\\\/ema-halterungsbolzen-s70-kleines-lochbild\\\/#primaryimage\"},\"thumbnailUrl\":\"https:\\\/\\\/emasweden.com\\\/wp-content\\\/uploads\\\/2021\\\/01\\\/PRO-002869-07270015a.jpg\",\"datePublished\":\"2021-03-16T09:52:22+00:00\",\"dateModified\":\"2025-10-01T11:35:54+00:00\",\"description\":\"Ema Halterungsbolzen S70 - Kleines Lochbild - EMA Sverige - Halterung f\u00fcr Kabelpflug und Nivellierbalken. Geeignet f\u00fcr viele verschiedene\",\"breadcrumb\":{\"@id\":\"https:\\\/\\\/emasweden.com\\\/de\\\/produkt\\\/ema-halterungsbolzen-s70-kleines-lochbild\\\/#breadcrumb\"},\"inLanguage\":\"de\",\"potentialAction\":[{\"@type\":\"ReadAction\",\"target\":[\"https:\\\/\\\/emasweden.com\\\/de\\\/produkt\\\/ema-halterungsbolzen-s70-kleines-lochbild\\\/\"]}]},{\"@type\":\"ImageObject\",\"inLanguage\":\"de\",\"@id\":\"https:\\\/\\\/emasweden.com\\\/de\\\/produkt\\\/ema-halterungsbolzen-s70-kleines-lochbild\\\/#primaryimage\",\"url\":\"https:\\\/\\\/emasweden.com\\\/wp-content\\\/uploads\\\/2021\\\/01\\\/PRO-002869-07270015a.jpg\",\"contentUrl\":\"https:\\\/\\\/emasweden.com\\\/wp-content\\\/uploads\\\/2021\\\/01\\\/PRO-002869-07270015a.jpg\",\"width\":1000,\"height\":750,\"caption\":\"EMA F\u00e4ste-Bultat S70 (Kabelplog\\\/Planeringsbalk)\"},{\"@type\":\"BreadcrumbList\",\"@id\":\"https:\\\/\\\/emasweden.com\\\/de\\\/produkt\\\/ema-halterungsbolzen-s70-kleines-lochbild\\\/#breadcrumb\",\"itemListElement\":[{\"@type\":\"ListItem\",\"position\":1,\"name\":\"Hem\",\"item\":\"https:\\\/\\\/emasweden.com\\\/de\\\/\"},{\"@type\":\"ListItem\",\"position\":2,\"name\":\"Produktsortiment\",\"item\":\"https:\\\/\\\/emasweden.com\\\/de\\\/produktsortiment-2\\\/\"},{\"@type\":\"ListItem\",\"position\":3,\"name\":\"Ema Halterungsbolzen S70 &#8211; Kleines Lochbild\"}]},{\"@type\":\"WebSite\",\"@id\":\"https:\\\/\\\/emasweden.com\\\/de\\\/#website\",\"url\":\"https:\\\/\\\/emasweden.com\\\/de\\\/\",\"name\":\"EMA Sverige\",\"description\":\"\",\"potentialAction\":[{\"@type\":\"SearchAction\",\"target\":{\"@type\":\"EntryPoint\",\"urlTemplate\":\"https:\\\/\\\/emasweden.com\\\/de\\\/?s={search_term_string}\"},\"query-input\":{\"@type\":\"PropertyValueSpecification\",\"valueRequired\":true,\"valueName\":\"search_term_string\"}}],\"inLanguage\":\"de\"}]}<\/script>\n<!-- \/ Yoast SEO plugin. -->","yoast_head_json":{"title":"Ema Halterungsbolzen S70 - Kleines Lochbild - EMA Sverige","description":"Ema Halterungsbolzen S70 - Kleines Lochbild - EMA Sverige - Halterung f\u00fcr Kabelpflug und Nivellierbalken. Geeignet f\u00fcr viele verschiedene","robots":{"index":"index","follow":"follow","max-snippet":"max-snippet:-1","max-image-preview":"max-image-preview:large","max-video-preview":"max-video-preview:-1"},"canonical":"https:\/\/emasweden.com\/de\/produkt\/ema-halterungsbolzen-s70-kleines-lochbild\/","og_locale":"de_DE","og_type":"article","og_title":"Ema Halterungsbolzen S70 - Kleines Lochbild - EMA Sverige","og_description":"Ema Halterungsbolzen S70 - Kleines Lochbild - EMA Sverige - Halterung f\u00fcr Kabelpflug und Nivellierbalken. Geeignet f\u00fcr viele verschiedene","og_url":"https:\/\/emasweden.com\/de\/produkt\/ema-halterungsbolzen-s70-kleines-lochbild\/","og_site_name":"EMA Sverige","article_modified_time":"2025-10-01T11:35:54+00:00","og_image":[{"width":1000,"height":750,"url":"https:\/\/emasweden.com\/wp-content\/uploads\/2021\/01\/PRO-002869-07270015a.jpg","type":"image\/jpeg"}],"twitter_card":"summary_large_image","schema":{"@context":"https:\/\/schema.org","@graph":[{"@type":"WebPage","@id":"https:\/\/emasweden.com\/de\/produkt\/ema-halterungsbolzen-s70-kleines-lochbild\/","url":"https:\/\/emasweden.com\/de\/produkt\/ema-halterungsbolzen-s70-kleines-lochbild\/","name":"Ema Halterungsbolzen S70 - Kleines Lochbild - EMA Sverige","isPartOf":{"@id":"https:\/\/emasweden.com\/de\/#website"},"primaryImageOfPage":{"@id":"https:\/\/emasweden.com\/de\/produkt\/ema-halterungsbolzen-s70-kleines-lochbild\/#primaryimage"},"image":{"@id":"https:\/\/emasweden.com\/de\/produkt\/ema-halterungsbolzen-s70-kleines-lochbild\/#primaryimage"},"thumbnailUrl":"https:\/\/emasweden.com\/wp-content\/uploads\/2021\/01\/PRO-002869-07270015a.jpg","datePublished":"2021-03-16T09:52:22+00:00","dateModified":"2025-10-01T11:35:54+00:00","description":"Ema Halterungsbolzen S70 - Kleines Lochbild - EMA Sverige - Halterung f\u00fcr Kabelpflug und Nivellierbalken. Geeignet f\u00fcr viele verschiedene","breadcrumb":{"@id":"https:\/\/emasweden.com\/de\/produkt\/ema-halterungsbolzen-s70-kleines-lochbild\/#breadcrumb"},"inLanguage":"de","potentialAction":[{"@type":"ReadAction","target":["https:\/\/emasweden.com\/de\/produkt\/ema-halterungsbolzen-s70-kleines-lochbild\/"]}]},{"@type":"ImageObject","inLanguage":"de","@id":"https:\/\/emasweden.com\/de\/produkt\/ema-halterungsbolzen-s70-kleines-lochbild\/#primaryimage","url":"https:\/\/emasweden.com\/wp-content\/uploads\/2021\/01\/PRO-002869-07270015a.jpg","contentUrl":"https:\/\/emasweden.com\/wp-content\/uploads\/2021\/01\/PRO-002869-07270015a.jpg","width":1000,"height":750,"caption":"EMA F\u00e4ste-Bultat S70 (Kabelplog\/Planeringsbalk)"},{"@type":"BreadcrumbList","@id":"https:\/\/emasweden.com\/de\/produkt\/ema-halterungsbolzen-s70-kleines-lochbild\/#breadcrumb","itemListElement":[{"@type":"ListItem","position":1,"name":"Hem","item":"https:\/\/emasweden.com\/de\/"},{"@type":"ListItem","position":2,"name":"Produktsortiment","item":"https:\/\/emasweden.com\/de\/produktsortiment-2\/"},{"@type":"ListItem","position":3,"name":"Ema Halterungsbolzen S70 &#8211; Kleines Lochbild"}]},{"@type":"WebSite","@id":"https:\/\/emasweden.com\/de\/#website","url":"https:\/\/emasweden.com\/de\/","name":"EMA Sverige","description":"","potentialAction":[{"@type":"SearchAction","target":{"@type":"EntryPoint","urlTemplate":"https:\/\/emasweden.com\/de\/?s={search_term_string}"},"query-input":{"@type":"PropertyValueSpecification","valueRequired":true,"valueName":"search_term_string"}}],"inLanguage":"de"}]}},"_links":{"self":[{"href":"https:\/\/emasweden.com\/de\/wp-json\/wp\/v2\/product\/18580","targetHints":{"allow":["GET"]}}],"collection":[{"href":"https:\/\/emasweden.com\/de\/wp-json\/wp\/v2\/product"}],"about":[{"href":"https:\/\/emasweden.com\/de\/wp-json\/wp\/v2\/types\/product"}],"wp:featuredmedia":[{"embeddable":true,"href":"https:\/\/emasweden.com\/de\/wp-json\/wp\/v2\/media\/20933"}],"wp:attachment":[{"href":"https:\/\/emasweden.com\/de\/wp-json\/wp\/v2\/media?parent=18580"}],"wp:term":[{"taxonomy":"product_brand","embeddable":true,"href":"https:\/\/emasweden.com\/de\/wp-json\/wp\/v2\/product_brand?post=18580"},{"taxonomy":"product_cat","embeddable":true,"href":"https:\/\/emasweden.com\/de\/wp-json\/wp\/v2\/product_cat?post=18580"},{"taxonomy":"product_tag","embeddable":true,"href":"https:\/\/emasweden.com\/de\/wp-json\/wp\/v2\/product_tag?post=18580"},{"taxonomy":"faste-y","embeddable":true,"href":"https:\/\/emasweden.com\/de\/wp-json\/wp\/v2\/faste-y?post=18580"}],"curies":[{"name":"wp","href":"https:\/\/api.w.org\/{rel}","templated":true}]}}