{"id":18593,"date":"2021-03-16T10:58:17","date_gmt":"2021-03-16T09:58:17","guid":{"rendered":"https:\/\/emasweden.com\/produkt\/hd-nivellierbalken-mit-rolle-blatt-2000mm-ohne-halterung\/"},"modified":"2025-10-01T13:36:08","modified_gmt":"2025-10-01T11:36:08","slug":"hd-nivellierbalken-mit-rolle-blatt-2000mm-ohne-halterung","status":"publish","type":"product","link":"https:\/\/emasweden.com\/de\/produkt\/hd-nivellierbalken-mit-rolle-blatt-2000mm-ohne-halterung\/","title":{"rendered":"HD Nivellierbalken mit Rolle &amp; Blatt 2000mm &#8211; Ohne Halterung"},"content":{"rendered":"<p><sup>HD Nivellierbalken mit Walze &amp; Messer 2000mm &#8211; Ohne Halterung<\/sup><br \/>\n&#8211; Wir haben uns f\u00fcr geschnittene Kanten an der Vorderseite des Nivellierbalkens entschieden, um einen Schaufelteil zu schaffen, der es erm\u00f6glicht, Material leicht zu transportieren. Wir haben auch ein Modell mit einem noch gr\u00f6\u00dferen Schaufelteil f\u00fcr den Maschinisten entwickelt, der noch mehr Material transportieren m\u00f6chte, lesen Sie bitte \u00fcber Nivellierbalken mit Schaufel.<\/p>\n<p>Der Nivellierbalken verf\u00fcgt au\u00dferdem \u00fcber eine gro\u00dfe Auffangfl\u00e4che an der Vorderseite, so dass Sie bei der Arbeit mit dem Balken immer gen\u00fcgend Material dabei haben, um Bodenunebenheiten auszugleichen. Flexibles Produkt zum Ausrichten und Nivellieren von Materialien. In k\u00fcrzester Zeit k\u00f6nnen Sie eine sehr gro\u00dfe Fl\u00e4che ausgleichen. Mit der Walze stellen Sie sicher, dass Sie eine glatte und feine Oberfl\u00e4che erhalten, bevor Sie z.B. asphaltieren. Unsere Heavy Duty Nivellierbalken mit Walze sind eine viel st\u00e4rkere Konstruktion mit einer \u00d8 325 mm gro\u00dfen Walze und einem zus\u00e4tzlichen Abstreifstreifen.     <\/p>\n<p><sup>HD Nivellierbalken mit Rolle &amp; Blatt 2000mm &#8211; Ohne Halterung<\/sup><br \/>\n&#8211; Flexibles Produkt zum Einstellen und Nivellieren von Materialien<\/p>\n<p>&#8211; <a href=\"https:\/\/www.ssab.com\/sv-se\/varumarken-och-produkter\/hardox\"><br \/>\n  <strong>Hardox<\/strong><br \/>\n<\/a> f\u00fcr freiliegende Verschlei\u00dfteile<\/p>\n<p>&#8211; Das tiefe Design bedeutet, dass es nicht in das Material eintaucht, sondern flach bleibt.<\/p>\n<p>&#8211; <a href=\"https:\/\/emasweden.com\/de\/produkt-kategori\/aushubmaschine\/klammer\/halterung-kabelpflug-nivellierbalken\/\"><br \/>\n  <strong>Verschraubte Verbindungselemente<\/strong><br \/>\n<\/a><\/p>\n<p>&#8211; Einstellbare Walze 1 &#8211; 5 mm mit Abstreifleiste<\/p>\n","protected":false},"excerpt":{"rendered":"<p>HD Nivellierbalken mit Walze &amp; Messer 2000mm &#8211; Ohne Halterung &#8211; Wir haben uns f\u00fcr geschnittene Kanten an der Vorderseite des Nivellierbalkens entschieden, um einen Schaufelteil zu schaffen, der es erm\u00f6glicht, Material leicht zu transportieren. Wir haben auch ein Modell mit einem noch gr\u00f6\u00dferen Schaufelteil f\u00fcr den Maschinisten entwickelt, der noch mehr Material transportieren m\u00f6chte, [&hellip;]<\/p>\n","protected":false},"featured_media":22098,"template":"","meta":{"_monsterinsights_skip_tracking":false,"_monsterinsights_sitenote_active":false,"_monsterinsights_sitenote_note":"","_monsterinsights_sitenote_category":0},"product_brand":[],"product_cat":[5035,3603],"product_tag":[],"faste-y":[],"class_list":{"0":"post-18593","1":"product","2":"type-product","3":"status-publish","4":"has-post-thumbnail","6":"product_cat-nivellierbalken-mit-rolle-und-messer","7":"product_cat-planierbalken-fuer-mobilbagger-hardox-450-ema","8":"pa_max-bredd-2000mm","9":"pa_skar-20x200mm","10":"pa_vikt-600kg","12":"first","13":"instock","14":"taxable","15":"shipping-taxable","16":"purchasable","17":"product-type-simple"},"yoast_head":"<!-- This site is optimized with the Yoast SEO plugin v27.3 - https:\/\/yoast.com\/product\/yoast-seo-wordpress\/ -->\n<title>HD Nivellierbalken mit Rolle &amp; Blatt 2000mm - Ohne Halterung -<\/title>\n<meta name=\"description\" content=\"HD Nivellierbalken mit Rolle &amp; Blatt 2000mm - Ohne Halterung Flexibles Produkt zum Einstellen und Nivellieren von Materialien. Hardox auf freiliegenden Verschlei\u00dfteilen.\" \/>\n<meta name=\"robots\" content=\"index, follow, max-snippet:-1, max-image-preview:large, max-video-preview:-1\" \/>\n<link rel=\"canonical\" href=\"https:\/\/emasweden.com\/de\/produkt\/hd-nivellierbalken-mit-rolle-blatt-2000mm-ohne-halterung\/\" \/>\n<meta property=\"og:locale\" content=\"de_DE\" \/>\n<meta property=\"og:type\" content=\"article\" \/>\n<meta property=\"og:title\" content=\"HD Nivellierbalken mit Rolle &amp; Blatt 2000mm - Ohne Halterung -\" \/>\n<meta property=\"og:description\" content=\"HD Nivellierbalken mit Rolle &amp; Blatt 2000mm - Ohne Halterung Flexibles Produkt zum Einstellen und Nivellieren von Materialien. Hardox auf freiliegenden Verschlei\u00dfteilen.\" \/>\n<meta property=\"og:url\" content=\"https:\/\/emasweden.com\/de\/produkt\/hd-nivellierbalken-mit-rolle-blatt-2000mm-ohne-halterung\/\" \/>\n<meta property=\"og:site_name\" content=\"EMA Sverige\" \/>\n<meta property=\"article:modified_time\" content=\"2025-10-01T11:36:08+00:00\" \/>\n<meta property=\"og:image\" content=\"https:\/\/emasweden.com\/wp-content\/uploads\/2021\/03\/Gi-250GBR-1.jpg\" \/>\n\t<meta property=\"og:image:width\" content=\"1000\" \/>\n\t<meta property=\"og:image:height\" content=\"750\" \/>\n\t<meta property=\"og:image:type\" content=\"image\/jpeg\" \/>\n<meta name=\"twitter:card\" content=\"summary_large_image\" \/>\n<meta name=\"twitter:label1\" content=\"Gesch\u00e4tzte Lesezeit\" \/>\n\t<meta name=\"twitter:data1\" content=\"1\u00a0Minute\" \/>\n<script type=\"application\/ld+json\" class=\"yoast-schema-graph\">{\"@context\":\"https:\\\/\\\/schema.org\",\"@graph\":[{\"@type\":\"WebPage\",\"@id\":\"https:\\\/\\\/emasweden.com\\\/de\\\/produkt\\\/hd-nivellierbalken-mit-rolle-blatt-2000mm-ohne-halterung\\\/\",\"url\":\"https:\\\/\\\/emasweden.com\\\/de\\\/produkt\\\/hd-nivellierbalken-mit-rolle-blatt-2000mm-ohne-halterung\\\/\",\"name\":\"HD Nivellierbalken mit Rolle &amp; Blatt 2000mm - Ohne Halterung -\",\"isPartOf\":{\"@id\":\"https:\\\/\\\/emasweden.com\\\/de\\\/#website\"},\"primaryImageOfPage\":{\"@id\":\"https:\\\/\\\/emasweden.com\\\/de\\\/produkt\\\/hd-nivellierbalken-mit-rolle-blatt-2000mm-ohne-halterung\\\/#primaryimage\"},\"image\":{\"@id\":\"https:\\\/\\\/emasweden.com\\\/de\\\/produkt\\\/hd-nivellierbalken-mit-rolle-blatt-2000mm-ohne-halterung\\\/#primaryimage\"},\"thumbnailUrl\":\"https:\\\/\\\/emasweden.com\\\/wp-content\\\/uploads\\\/2021\\\/03\\\/Gi-250GBR-1.jpg\",\"datePublished\":\"2021-03-16T09:58:17+00:00\",\"dateModified\":\"2025-10-01T11:36:08+00:00\",\"description\":\"HD Nivellierbalken mit Rolle & Blatt 2000mm - Ohne Halterung Flexibles Produkt zum Einstellen und Nivellieren von Materialien. Hardox auf freiliegenden Verschlei\u00dfteilen.\",\"breadcrumb\":{\"@id\":\"https:\\\/\\\/emasweden.com\\\/de\\\/produkt\\\/hd-nivellierbalken-mit-rolle-blatt-2000mm-ohne-halterung\\\/#breadcrumb\"},\"inLanguage\":\"de\",\"potentialAction\":[{\"@type\":\"ReadAction\",\"target\":[\"https:\\\/\\\/emasweden.com\\\/de\\\/produkt\\\/hd-nivellierbalken-mit-rolle-blatt-2000mm-ohne-halterung\\\/\"]}]},{\"@type\":\"ImageObject\",\"inLanguage\":\"de\",\"@id\":\"https:\\\/\\\/emasweden.com\\\/de\\\/produkt\\\/hd-nivellierbalken-mit-rolle-blatt-2000mm-ohne-halterung\\\/#primaryimage\",\"url\":\"https:\\\/\\\/emasweden.com\\\/wp-content\\\/uploads\\\/2021\\\/03\\\/Gi-250GBR-1.jpg\",\"contentUrl\":\"https:\\\/\\\/emasweden.com\\\/wp-content\\\/uploads\\\/2021\\\/03\\\/Gi-250GBR-1.jpg\",\"width\":1000,\"height\":750,\"caption\":\"HD Avj\u00e4mningsbalk med rulle & blad 2000mm - Utan f\u00e4ste\"},{\"@type\":\"BreadcrumbList\",\"@id\":\"https:\\\/\\\/emasweden.com\\\/de\\\/produkt\\\/hd-nivellierbalken-mit-rolle-blatt-2000mm-ohne-halterung\\\/#breadcrumb\",\"itemListElement\":[{\"@type\":\"ListItem\",\"position\":1,\"name\":\"Hem\",\"item\":\"https:\\\/\\\/emasweden.com\\\/de\\\/\"},{\"@type\":\"ListItem\",\"position\":2,\"name\":\"Produktsortiment\",\"item\":\"https:\\\/\\\/emasweden.com\\\/de\\\/produktsortiment-2\\\/\"},{\"@type\":\"ListItem\",\"position\":3,\"name\":\"HD Nivellierbalken mit Rolle &amp; Blatt 2000mm &#8211; Ohne Halterung\"}]},{\"@type\":\"WebSite\",\"@id\":\"https:\\\/\\\/emasweden.com\\\/de\\\/#website\",\"url\":\"https:\\\/\\\/emasweden.com\\\/de\\\/\",\"name\":\"EMA Sverige\",\"description\":\"\",\"potentialAction\":[{\"@type\":\"SearchAction\",\"target\":{\"@type\":\"EntryPoint\",\"urlTemplate\":\"https:\\\/\\\/emasweden.com\\\/de\\\/?s={search_term_string}\"},\"query-input\":{\"@type\":\"PropertyValueSpecification\",\"valueRequired\":true,\"valueName\":\"search_term_string\"}}],\"inLanguage\":\"de\"}]}<\/script>\n<!-- \/ Yoast SEO plugin. -->","yoast_head_json":{"title":"HD Nivellierbalken mit Rolle &amp; Blatt 2000mm - Ohne Halterung -","description":"HD Nivellierbalken mit Rolle & Blatt 2000mm - Ohne Halterung Flexibles Produkt zum Einstellen und Nivellieren von Materialien. Hardox auf freiliegenden Verschlei\u00dfteilen.","robots":{"index":"index","follow":"follow","max-snippet":"max-snippet:-1","max-image-preview":"max-image-preview:large","max-video-preview":"max-video-preview:-1"},"canonical":"https:\/\/emasweden.com\/de\/produkt\/hd-nivellierbalken-mit-rolle-blatt-2000mm-ohne-halterung\/","og_locale":"de_DE","og_type":"article","og_title":"HD Nivellierbalken mit Rolle &amp; Blatt 2000mm - Ohne Halterung -","og_description":"HD Nivellierbalken mit Rolle & Blatt 2000mm - Ohne Halterung Flexibles Produkt zum Einstellen und Nivellieren von Materialien. Hardox auf freiliegenden Verschlei\u00dfteilen.","og_url":"https:\/\/emasweden.com\/de\/produkt\/hd-nivellierbalken-mit-rolle-blatt-2000mm-ohne-halterung\/","og_site_name":"EMA Sverige","article_modified_time":"2025-10-01T11:36:08+00:00","og_image":[{"width":1000,"height":750,"url":"https:\/\/emasweden.com\/wp-content\/uploads\/2021\/03\/Gi-250GBR-1.jpg","type":"image\/jpeg"}],"twitter_card":"summary_large_image","twitter_misc":{"Gesch\u00e4tzte Lesezeit":"1\u00a0Minute"},"schema":{"@context":"https:\/\/schema.org","@graph":[{"@type":"WebPage","@id":"https:\/\/emasweden.com\/de\/produkt\/hd-nivellierbalken-mit-rolle-blatt-2000mm-ohne-halterung\/","url":"https:\/\/emasweden.com\/de\/produkt\/hd-nivellierbalken-mit-rolle-blatt-2000mm-ohne-halterung\/","name":"HD Nivellierbalken mit Rolle &amp; Blatt 2000mm - Ohne Halterung -","isPartOf":{"@id":"https:\/\/emasweden.com\/de\/#website"},"primaryImageOfPage":{"@id":"https:\/\/emasweden.com\/de\/produkt\/hd-nivellierbalken-mit-rolle-blatt-2000mm-ohne-halterung\/#primaryimage"},"image":{"@id":"https:\/\/emasweden.com\/de\/produkt\/hd-nivellierbalken-mit-rolle-blatt-2000mm-ohne-halterung\/#primaryimage"},"thumbnailUrl":"https:\/\/emasweden.com\/wp-content\/uploads\/2021\/03\/Gi-250GBR-1.jpg","datePublished":"2021-03-16T09:58:17+00:00","dateModified":"2025-10-01T11:36:08+00:00","description":"HD Nivellierbalken mit Rolle & Blatt 2000mm - Ohne Halterung Flexibles Produkt zum Einstellen und Nivellieren von Materialien. Hardox auf freiliegenden Verschlei\u00dfteilen.","breadcrumb":{"@id":"https:\/\/emasweden.com\/de\/produkt\/hd-nivellierbalken-mit-rolle-blatt-2000mm-ohne-halterung\/#breadcrumb"},"inLanguage":"de","potentialAction":[{"@type":"ReadAction","target":["https:\/\/emasweden.com\/de\/produkt\/hd-nivellierbalken-mit-rolle-blatt-2000mm-ohne-halterung\/"]}]},{"@type":"ImageObject","inLanguage":"de","@id":"https:\/\/emasweden.com\/de\/produkt\/hd-nivellierbalken-mit-rolle-blatt-2000mm-ohne-halterung\/#primaryimage","url":"https:\/\/emasweden.com\/wp-content\/uploads\/2021\/03\/Gi-250GBR-1.jpg","contentUrl":"https:\/\/emasweden.com\/wp-content\/uploads\/2021\/03\/Gi-250GBR-1.jpg","width":1000,"height":750,"caption":"HD Avj\u00e4mningsbalk med rulle & blad 2000mm - Utan f\u00e4ste"},{"@type":"BreadcrumbList","@id":"https:\/\/emasweden.com\/de\/produkt\/hd-nivellierbalken-mit-rolle-blatt-2000mm-ohne-halterung\/#breadcrumb","itemListElement":[{"@type":"ListItem","position":1,"name":"Hem","item":"https:\/\/emasweden.com\/de\/"},{"@type":"ListItem","position":2,"name":"Produktsortiment","item":"https:\/\/emasweden.com\/de\/produktsortiment-2\/"},{"@type":"ListItem","position":3,"name":"HD Nivellierbalken mit Rolle &amp; Blatt 2000mm &#8211; Ohne Halterung"}]},{"@type":"WebSite","@id":"https:\/\/emasweden.com\/de\/#website","url":"https:\/\/emasweden.com\/de\/","name":"EMA Sverige","description":"","potentialAction":[{"@type":"SearchAction","target":{"@type":"EntryPoint","urlTemplate":"https:\/\/emasweden.com\/de\/?s={search_term_string}"},"query-input":{"@type":"PropertyValueSpecification","valueRequired":true,"valueName":"search_term_string"}}],"inLanguage":"de"}]}},"_links":{"self":[{"href":"https:\/\/emasweden.com\/de\/wp-json\/wp\/v2\/product\/18593","targetHints":{"allow":["GET"]}}],"collection":[{"href":"https:\/\/emasweden.com\/de\/wp-json\/wp\/v2\/product"}],"about":[{"href":"https:\/\/emasweden.com\/de\/wp-json\/wp\/v2\/types\/product"}],"wp:featuredmedia":[{"embeddable":true,"href":"https:\/\/emasweden.com\/de\/wp-json\/wp\/v2\/media\/22098"}],"wp:attachment":[{"href":"https:\/\/emasweden.com\/de\/wp-json\/wp\/v2\/media?parent=18593"}],"wp:term":[{"taxonomy":"product_brand","embeddable":true,"href":"https:\/\/emasweden.com\/de\/wp-json\/wp\/v2\/product_brand?post=18593"},{"taxonomy":"product_cat","embeddable":true,"href":"https:\/\/emasweden.com\/de\/wp-json\/wp\/v2\/product_cat?post=18593"},{"taxonomy":"product_tag","embeddable":true,"href":"https:\/\/emasweden.com\/de\/wp-json\/wp\/v2\/product_tag?post=18593"},{"taxonomy":"faste-y","embeddable":true,"href":"https:\/\/emasweden.com\/de\/wp-json\/wp\/v2\/faste-y?post=18593"}],"curies":[{"name":"wp","href":"https:\/\/api.w.org\/{rel}","templated":true}]}}