{"id":18594,"date":"2021-03-16T10:58:27","date_gmt":"2021-03-16T09:58:27","guid":{"rendered":"https:\/\/emasweden.com\/produkt\/hd-nivellierbalken-mit-blatt-1800mm-s30-180\/"},"modified":"2025-10-01T13:36:08","modified_gmt":"2025-10-01T11:36:08","slug":"hd-nivellierbalken-mit-blatt-1800mm-s30-180","status":"publish","type":"product","link":"https:\/\/emasweden.com\/de\/produkt\/hd-nivellierbalken-mit-blatt-1800mm-s30-180\/","title":{"rendered":"HD Nivellierbalken mit Blatt &#8211; 1800mm &#8211; S30\/180"},"content":{"rendered":"<p><sup>HD Nivellierbalken mit Schaufel &#8211; 1800mm &#8211; S30\/180<\/sup><br \/>\n&#8211; Wir haben uns f\u00fcr geschnittene Kanten an der Vorderseite des Nivellierbalkens entschieden, um<br \/>\neinen Schaufelteil zu schaffen, der es erm\u00f6glicht, leicht an Material zu gelangen. Wir haben auch ein<br \/>\nModell mit einem noch gr\u00f6\u00dferen Schaufelteil f\u00fcr den Maschinisten entwickelt, der noch mehr Material bekommen m\u00f6chte,<br \/>\nlesen Sie bitte \u00fcber Nivellierbalken mit Schaufel.<\/p>\n<p>Der Nivellierbalken verf\u00fcgt au\u00dferdem \u00fcber eine gro\u00dfe Auffangfl\u00e4che an der Vorderseite, so dass Sie bei der<br \/>\nArbeit mit dem Balken immer gen\u00fcgend Material dabei haben, mit dem Sie<br \/>\nUnebenheiten im Boden ausgleichen k\u00f6nnen. Den Balken gibt es in zwei Varianten mit geschwei\u00dften oder verschraubten<br \/>\nHalterungen. So k\u00f6nnen Sie verschiedene Halterungen montieren und die Halterung so einstellen, wie Sie<br \/>\nes w\u00fcnschen. <\/p>\n<p><sup>HD Nivellierbalken mit Blatt &#8211; 1800mm &#8211; S30\/180<\/sup><\/p>\n<ul>\n<li>Einfach zu verwendendes Produkt zum Ausrichten und Nivellieren von Materialien<\/li>\n<li><strong><br \/>\n  <a href=\"https:\/\/www.ssab.com\/sv-se\/varumarken-och-produkter\/hardox\/produktprogram\/450\">Hardox 450<\/a><br \/>\n<\/strong> f\u00fcr freiliegende Verschlei\u00dfteile<\/li>\n<li>Das tiefe Design bedeutet, dass es nicht in<br \/>\ndas Material eintaucht, sondern flach bleibt.<\/li>\n<\/ul>\n<p>Andere Nivellierbalken ansehen <a href=\"\/?product_cat=avjamningsbalk\"><br \/>\n  <strong>hier!<\/strong><br \/>\n<\/a><\/p>\n","protected":false},"excerpt":{"rendered":"<p>HD Nivellierbalken mit Schaufel &#8211; 1800mm &#8211; S30\/180 &#8211; Wir haben uns f\u00fcr geschnittene Kanten an der Vorderseite des Nivellierbalkens entschieden, um einen Schaufelteil zu schaffen, der es erm\u00f6glicht, leicht an Material zu gelangen. Wir haben auch ein Modell mit einem noch gr\u00f6\u00dferen Schaufelteil f\u00fcr den Maschinisten entwickelt, der noch mehr Material bekommen m\u00f6chte, lesen [&hellip;]<\/p>\n","protected":false},"featured_media":22122,"template":"","meta":{"_monsterinsights_skip_tracking":false,"_monsterinsights_sitenote_active":false,"_monsterinsights_sitenote_note":"","_monsterinsights_sitenote_category":0},"product_brand":[],"product_cat":[3604,3603],"product_tag":[],"faste-y":[],"class_list":{"0":"post-18594","1":"product","2":"type-product","3":"status-publish","4":"has-post-thumbnail","6":"product_cat-nivellierbalken-mit-klinge","7":"product_cat-planierbalken-fuer-mobilbagger-hardox-450-ema","8":"pa_max-bredd-1800mm","10":"first","11":"instock","12":"taxable","13":"shipping-taxable","14":"purchasable","15":"product-type-simple"},"yoast_head":"<!-- This site is optimized with the Yoast SEO plugin v27.4 - https:\/\/yoast.com\/product\/yoast-seo-wordpress\/ -->\n<title>HD Nivellierbalken mit Blatt - 1800mm - S30\/180 - EMA Sverige<\/title>\n<meta name=\"description\" content=\"HD Nivellierbalken mit Klinge - 1800mm - S30\/180 Flexibles Produkt zum Einstellen und Nivellieren von Materialien. Hardox auf freiliegenden Verschlei\u00dfteilen.\" \/>\n<meta name=\"robots\" content=\"index, follow, max-snippet:-1, max-image-preview:large, max-video-preview:-1\" \/>\n<link rel=\"canonical\" href=\"https:\/\/emasweden.com\/de\/produkt\/hd-nivellierbalken-mit-blatt-1800mm-s30-180\/\" \/>\n<meta property=\"og:locale\" content=\"de_DE\" \/>\n<meta property=\"og:type\" content=\"article\" \/>\n<meta property=\"og:title\" content=\"HD Nivellierbalken mit Blatt - 1800mm - S30\/180 - EMA Sverige\" \/>\n<meta property=\"og:description\" content=\"HD Nivellierbalken mit Klinge - 1800mm - S30\/180 Flexibles Produkt zum Einstellen und Nivellieren von Materialien. Hardox auf freiliegenden Verschlei\u00dfteilen.\" \/>\n<meta property=\"og:url\" content=\"https:\/\/emasweden.com\/de\/produkt\/hd-nivellierbalken-mit-blatt-1800mm-s30-180\/\" \/>\n<meta property=\"og:site_name\" content=\"EMA Sverige\" \/>\n<meta property=\"article:modified_time\" content=\"2025-10-01T11:36:08+00:00\" \/>\n<meta property=\"og:image\" content=\"https:\/\/emasweden.com\/wp-content\/uploads\/2021\/03\/Avjamningsbalk.jpg\" \/>\n\t<meta property=\"og:image:width\" content=\"1000\" \/>\n\t<meta property=\"og:image:height\" content=\"750\" \/>\n\t<meta property=\"og:image:type\" content=\"image\/jpeg\" \/>\n<meta name=\"twitter:card\" content=\"summary_large_image\" \/>\n<meta name=\"twitter:label1\" content=\"Gesch\u00e4tzte Lesezeit\" \/>\n\t<meta name=\"twitter:data1\" content=\"1\u00a0Minute\" \/>\n<script type=\"application\/ld+json\" class=\"yoast-schema-graph\">{\"@context\":\"https:\\\/\\\/schema.org\",\"@graph\":[{\"@type\":\"WebPage\",\"@id\":\"https:\\\/\\\/emasweden.com\\\/de\\\/produkt\\\/hd-nivellierbalken-mit-blatt-1800mm-s30-180\\\/\",\"url\":\"https:\\\/\\\/emasweden.com\\\/de\\\/produkt\\\/hd-nivellierbalken-mit-blatt-1800mm-s30-180\\\/\",\"name\":\"HD Nivellierbalken mit Blatt - 1800mm - S30\\\/180 - EMA Sverige\",\"isPartOf\":{\"@id\":\"https:\\\/\\\/emasweden.com\\\/de\\\/#website\"},\"primaryImageOfPage\":{\"@id\":\"https:\\\/\\\/emasweden.com\\\/de\\\/produkt\\\/hd-nivellierbalken-mit-blatt-1800mm-s30-180\\\/#primaryimage\"},\"image\":{\"@id\":\"https:\\\/\\\/emasweden.com\\\/de\\\/produkt\\\/hd-nivellierbalken-mit-blatt-1800mm-s30-180\\\/#primaryimage\"},\"thumbnailUrl\":\"https:\\\/\\\/emasweden.com\\\/wp-content\\\/uploads\\\/2021\\\/03\\\/Avjamningsbalk.jpg\",\"datePublished\":\"2021-03-16T09:58:27+00:00\",\"dateModified\":\"2025-10-01T11:36:08+00:00\",\"description\":\"HD Nivellierbalken mit Klinge - 1800mm - S30\\\/180 Flexibles Produkt zum Einstellen und Nivellieren von Materialien. Hardox auf freiliegenden Verschlei\u00dfteilen.\",\"breadcrumb\":{\"@id\":\"https:\\\/\\\/emasweden.com\\\/de\\\/produkt\\\/hd-nivellierbalken-mit-blatt-1800mm-s30-180\\\/#breadcrumb\"},\"inLanguage\":\"de\",\"potentialAction\":[{\"@type\":\"ReadAction\",\"target\":[\"https:\\\/\\\/emasweden.com\\\/de\\\/produkt\\\/hd-nivellierbalken-mit-blatt-1800mm-s30-180\\\/\"]}]},{\"@type\":\"ImageObject\",\"inLanguage\":\"de\",\"@id\":\"https:\\\/\\\/emasweden.com\\\/de\\\/produkt\\\/hd-nivellierbalken-mit-blatt-1800mm-s30-180\\\/#primaryimage\",\"url\":\"https:\\\/\\\/emasweden.com\\\/wp-content\\\/uploads\\\/2021\\\/03\\\/Avjamningsbalk.jpg\",\"contentUrl\":\"https:\\\/\\\/emasweden.com\\\/wp-content\\\/uploads\\\/2021\\\/03\\\/Avjamningsbalk.jpg\",\"width\":1000,\"height\":750,\"caption\":\"HD Avj\u00e4mningsbalk med blad - 1800mm - S30\\\/180\"},{\"@type\":\"BreadcrumbList\",\"@id\":\"https:\\\/\\\/emasweden.com\\\/de\\\/produkt\\\/hd-nivellierbalken-mit-blatt-1800mm-s30-180\\\/#breadcrumb\",\"itemListElement\":[{\"@type\":\"ListItem\",\"position\":1,\"name\":\"Hem\",\"item\":\"https:\\\/\\\/emasweden.com\\\/de\\\/\"},{\"@type\":\"ListItem\",\"position\":2,\"name\":\"Produktsortiment\",\"item\":\"https:\\\/\\\/emasweden.com\\\/de\\\/produktsortiment-2\\\/\"},{\"@type\":\"ListItem\",\"position\":3,\"name\":\"HD Nivellierbalken mit Blatt &#8211; 1800mm &#8211; S30\\\/180\"}]},{\"@type\":\"WebSite\",\"@id\":\"https:\\\/\\\/emasweden.com\\\/de\\\/#website\",\"url\":\"https:\\\/\\\/emasweden.com\\\/de\\\/\",\"name\":\"EMA Sverige\",\"description\":\"\",\"potentialAction\":[{\"@type\":\"SearchAction\",\"target\":{\"@type\":\"EntryPoint\",\"urlTemplate\":\"https:\\\/\\\/emasweden.com\\\/de\\\/?s={search_term_string}\"},\"query-input\":{\"@type\":\"PropertyValueSpecification\",\"valueRequired\":true,\"valueName\":\"search_term_string\"}}],\"inLanguage\":\"de\"}]}<\/script>\n<!-- \/ Yoast SEO plugin. -->","yoast_head_json":{"title":"HD Nivellierbalken mit Blatt - 1800mm - S30\/180 - EMA Sverige","description":"HD Nivellierbalken mit Klinge - 1800mm - S30\/180 Flexibles Produkt zum Einstellen und Nivellieren von Materialien. Hardox auf freiliegenden Verschlei\u00dfteilen.","robots":{"index":"index","follow":"follow","max-snippet":"max-snippet:-1","max-image-preview":"max-image-preview:large","max-video-preview":"max-video-preview:-1"},"canonical":"https:\/\/emasweden.com\/de\/produkt\/hd-nivellierbalken-mit-blatt-1800mm-s30-180\/","og_locale":"de_DE","og_type":"article","og_title":"HD Nivellierbalken mit Blatt - 1800mm - S30\/180 - EMA Sverige","og_description":"HD Nivellierbalken mit Klinge - 1800mm - S30\/180 Flexibles Produkt zum Einstellen und Nivellieren von Materialien. Hardox auf freiliegenden Verschlei\u00dfteilen.","og_url":"https:\/\/emasweden.com\/de\/produkt\/hd-nivellierbalken-mit-blatt-1800mm-s30-180\/","og_site_name":"EMA Sverige","article_modified_time":"2025-10-01T11:36:08+00:00","og_image":[{"width":1000,"height":750,"url":"https:\/\/emasweden.com\/wp-content\/uploads\/2021\/03\/Avjamningsbalk.jpg","type":"image\/jpeg"}],"twitter_card":"summary_large_image","twitter_misc":{"Gesch\u00e4tzte Lesezeit":"1\u00a0Minute"},"schema":{"@context":"https:\/\/schema.org","@graph":[{"@type":"WebPage","@id":"https:\/\/emasweden.com\/de\/produkt\/hd-nivellierbalken-mit-blatt-1800mm-s30-180\/","url":"https:\/\/emasweden.com\/de\/produkt\/hd-nivellierbalken-mit-blatt-1800mm-s30-180\/","name":"HD Nivellierbalken mit Blatt - 1800mm - S30\/180 - EMA Sverige","isPartOf":{"@id":"https:\/\/emasweden.com\/de\/#website"},"primaryImageOfPage":{"@id":"https:\/\/emasweden.com\/de\/produkt\/hd-nivellierbalken-mit-blatt-1800mm-s30-180\/#primaryimage"},"image":{"@id":"https:\/\/emasweden.com\/de\/produkt\/hd-nivellierbalken-mit-blatt-1800mm-s30-180\/#primaryimage"},"thumbnailUrl":"https:\/\/emasweden.com\/wp-content\/uploads\/2021\/03\/Avjamningsbalk.jpg","datePublished":"2021-03-16T09:58:27+00:00","dateModified":"2025-10-01T11:36:08+00:00","description":"HD Nivellierbalken mit Klinge - 1800mm - S30\/180 Flexibles Produkt zum Einstellen und Nivellieren von Materialien. Hardox auf freiliegenden Verschlei\u00dfteilen.","breadcrumb":{"@id":"https:\/\/emasweden.com\/de\/produkt\/hd-nivellierbalken-mit-blatt-1800mm-s30-180\/#breadcrumb"},"inLanguage":"de","potentialAction":[{"@type":"ReadAction","target":["https:\/\/emasweden.com\/de\/produkt\/hd-nivellierbalken-mit-blatt-1800mm-s30-180\/"]}]},{"@type":"ImageObject","inLanguage":"de","@id":"https:\/\/emasweden.com\/de\/produkt\/hd-nivellierbalken-mit-blatt-1800mm-s30-180\/#primaryimage","url":"https:\/\/emasweden.com\/wp-content\/uploads\/2021\/03\/Avjamningsbalk.jpg","contentUrl":"https:\/\/emasweden.com\/wp-content\/uploads\/2021\/03\/Avjamningsbalk.jpg","width":1000,"height":750,"caption":"HD Avj\u00e4mningsbalk med blad - 1800mm - S30\/180"},{"@type":"BreadcrumbList","@id":"https:\/\/emasweden.com\/de\/produkt\/hd-nivellierbalken-mit-blatt-1800mm-s30-180\/#breadcrumb","itemListElement":[{"@type":"ListItem","position":1,"name":"Hem","item":"https:\/\/emasweden.com\/de\/"},{"@type":"ListItem","position":2,"name":"Produktsortiment","item":"https:\/\/emasweden.com\/de\/produktsortiment-2\/"},{"@type":"ListItem","position":3,"name":"HD Nivellierbalken mit Blatt &#8211; 1800mm &#8211; S30\/180"}]},{"@type":"WebSite","@id":"https:\/\/emasweden.com\/de\/#website","url":"https:\/\/emasweden.com\/de\/","name":"EMA Sverige","description":"","potentialAction":[{"@type":"SearchAction","target":{"@type":"EntryPoint","urlTemplate":"https:\/\/emasweden.com\/de\/?s={search_term_string}"},"query-input":{"@type":"PropertyValueSpecification","valueRequired":true,"valueName":"search_term_string"}}],"inLanguage":"de"}]}},"_links":{"self":[{"href":"https:\/\/emasweden.com\/de\/wp-json\/wp\/v2\/product\/18594","targetHints":{"allow":["GET"]}}],"collection":[{"href":"https:\/\/emasweden.com\/de\/wp-json\/wp\/v2\/product"}],"about":[{"href":"https:\/\/emasweden.com\/de\/wp-json\/wp\/v2\/types\/product"}],"wp:featuredmedia":[{"embeddable":true,"href":"https:\/\/emasweden.com\/de\/wp-json\/wp\/v2\/media\/22122"}],"wp:attachment":[{"href":"https:\/\/emasweden.com\/de\/wp-json\/wp\/v2\/media?parent=18594"}],"wp:term":[{"taxonomy":"product_brand","embeddable":true,"href":"https:\/\/emasweden.com\/de\/wp-json\/wp\/v2\/product_brand?post=18594"},{"taxonomy":"product_cat","embeddable":true,"href":"https:\/\/emasweden.com\/de\/wp-json\/wp\/v2\/product_cat?post=18594"},{"taxonomy":"product_tag","embeddable":true,"href":"https:\/\/emasweden.com\/de\/wp-json\/wp\/v2\/product_tag?post=18594"},{"taxonomy":"faste-y","embeddable":true,"href":"https:\/\/emasweden.com\/de\/wp-json\/wp\/v2\/faste-y?post=18594"}],"curies":[{"name":"wp","href":"https:\/\/api.w.org\/{rel}","templated":true}]}}