{"id":18681,"date":"2021-01-20T15:35:24","date_gmt":"2021-01-20T14:35:24","guid":{"rendered":"https:\/\/emasweden.com\/produkt\/ema-besen-1800mm-ohne-stiel\/"},"modified":"2025-10-01T13:38:01","modified_gmt":"2025-10-01T11:38:01","slug":"ema-besen-1800mm-ohne-stiel","status":"publish","type":"product","link":"https:\/\/emasweden.com\/de\/produkt\/ema-besen-1800mm-ohne-stiel\/","title":{"rendered":"Ema Besen 1800mm ohne Stiel"},"content":{"rendered":"<p><sup>Kehrb\u00fcrste 1800mm ohne Halterung<\/sup><br \/>\n<br \/>&#8211; Ausgestattet mit zus\u00e4tzlichen Verst\u00e4rkungen in gef\u00e4hrdeten Bereichen ist die EMA-B\u00fcrste wahrscheinlich<br \/>\ndie beste B\u00fcrste auf dem Markt f\u00fcr Bagger!<br \/>\nAlle Gr\u00f6\u00dfen haben 11 austauschbare Borstenreihen, die sehr einfach zu wechseln sind.<br \/>\nStarke Borsten, die weder ein Ger\u00fcst noch eine zus\u00e4tzliche Reihe<br \/>\neinen Gummistreifen ben\u00f6tigen.<\/p>\n<p>&#8211; 11 austauschbare Borsten<br \/>\n<br \/>&#8211; Starke Borsten f\u00fcr Stabilit\u00e4t ohne Ger\u00fcst<br \/>\n<br \/>&#8211; Extra verst\u00e4rkt<\/p>\n","protected":false},"excerpt":{"rendered":"<p>Kehrb\u00fcrste 1800mm ohne Halterung &#8211; Ausgestattet mit zus\u00e4tzlichen Verst\u00e4rkungen in gef\u00e4hrdeten Bereichen ist die EMA-B\u00fcrste wahrscheinlich die beste B\u00fcrste auf dem Markt f\u00fcr Bagger! Alle Gr\u00f6\u00dfen haben 11 austauschbare Borstenreihen, die sehr einfach zu wechseln sind. Starke Borsten, die weder ein Ger\u00fcst noch eine zus\u00e4tzliche Reihe einen Gummistreifen ben\u00f6tigen. &#8211; 11 austauschbare Borsten &#8211; Starke [&hellip;]<\/p>\n","protected":false},"featured_media":21164,"template":"","meta":{"_monsterinsights_skip_tracking":false,"_monsterinsights_sitenote_active":false,"_monsterinsights_sitenote_note":"","_monsterinsights_sitenote_category":0},"product_brand":[],"product_cat":[3620],"product_tag":[],"faste-y":[],"class_list":{"0":"post-18681","1":"product","2":"type-product","3":"status-publish","4":"has-post-thumbnail","6":"product_cat-besen-fuer-bagger","7":"pa_vikt-155kg","9":"first","10":"instock","11":"purchasable","12":"product-type-simple"},"yoast_head":"<!-- This site is optimized with the Yoast SEO plugin v27.5 - https:\/\/yoast.com\/product\/yoast-seo-wordpress\/ -->\n<title>Ema Besen 1800mm ohne Stiel - EMA Sverige<\/title>\n<meta name=\"description\" content=\"Kehrb\u00fcrste 1800mm ohne Halterung. 11 auswechselbare Borstenreihen, starke Borsten f\u00fcr Stabilit\u00e4t ohne St\u00e4nder, extra verst\u00e4rkt.\" \/>\n<meta name=\"robots\" content=\"index, follow, max-snippet:-1, max-image-preview:large, max-video-preview:-1\" \/>\n<link rel=\"canonical\" href=\"https:\/\/emasweden.com\/de\/produkt\/ema-besen-1800mm-ohne-stiel\/\" \/>\n<meta property=\"og:locale\" content=\"de_DE\" \/>\n<meta property=\"og:type\" content=\"article\" \/>\n<meta property=\"og:title\" content=\"Ema Besen 1800mm ohne Stiel - EMA Sverige\" \/>\n<meta property=\"og:description\" content=\"Kehrb\u00fcrste 1800mm ohne Halterung. 11 auswechselbare Borstenreihen, starke Borsten f\u00fcr Stabilit\u00e4t ohne St\u00e4nder, extra verst\u00e4rkt.\" \/>\n<meta property=\"og:url\" content=\"https:\/\/emasweden.com\/de\/produkt\/ema-besen-1800mm-ohne-stiel\/\" \/>\n<meta property=\"og:site_name\" content=\"EMA Sverige\" \/>\n<meta property=\"article:modified_time\" content=\"2025-10-01T11:38:01+00:00\" \/>\n<meta property=\"og:image\" content=\"https:\/\/emasweden.com\/wp-content\/uploads\/2021\/01\/EMA-Modulborste-1.png\" \/>\n\t<meta property=\"og:image:width\" content=\"2560\" \/>\n\t<meta property=\"og:image:height\" content=\"1929\" \/>\n\t<meta property=\"og:image:type\" content=\"image\/png\" \/>\n<meta name=\"twitter:card\" content=\"summary_large_image\" \/>\n<script type=\"application\/ld+json\" class=\"yoast-schema-graph\">{\"@context\":\"https:\\\/\\\/schema.org\",\"@graph\":[{\"@type\":\"WebPage\",\"@id\":\"https:\\\/\\\/emasweden.com\\\/de\\\/produkt\\\/ema-besen-1800mm-ohne-stiel\\\/\",\"url\":\"https:\\\/\\\/emasweden.com\\\/de\\\/produkt\\\/ema-besen-1800mm-ohne-stiel\\\/\",\"name\":\"Ema Besen 1800mm ohne Stiel - EMA Sverige\",\"isPartOf\":{\"@id\":\"https:\\\/\\\/emasweden.com\\\/de\\\/#website\"},\"primaryImageOfPage\":{\"@id\":\"https:\\\/\\\/emasweden.com\\\/de\\\/produkt\\\/ema-besen-1800mm-ohne-stiel\\\/#primaryimage\"},\"image\":{\"@id\":\"https:\\\/\\\/emasweden.com\\\/de\\\/produkt\\\/ema-besen-1800mm-ohne-stiel\\\/#primaryimage\"},\"thumbnailUrl\":\"https:\\\/\\\/emasweden.com\\\/wp-content\\\/uploads\\\/2021\\\/01\\\/EMA-Modulborste-1.png\",\"datePublished\":\"2021-01-20T14:35:24+00:00\",\"dateModified\":\"2025-10-01T11:38:01+00:00\",\"description\":\"Kehrb\u00fcrste 1800mm ohne Halterung. 11 auswechselbare Borstenreihen, starke Borsten f\u00fcr Stabilit\u00e4t ohne St\u00e4nder, extra verst\u00e4rkt.\",\"breadcrumb\":{\"@id\":\"https:\\\/\\\/emasweden.com\\\/de\\\/produkt\\\/ema-besen-1800mm-ohne-stiel\\\/#breadcrumb\"},\"inLanguage\":\"de\",\"potentialAction\":[{\"@type\":\"ReadAction\",\"target\":[\"https:\\\/\\\/emasweden.com\\\/de\\\/produkt\\\/ema-besen-1800mm-ohne-stiel\\\/\"]}]},{\"@type\":\"ImageObject\",\"inLanguage\":\"de\",\"@id\":\"https:\\\/\\\/emasweden.com\\\/de\\\/produkt\\\/ema-besen-1800mm-ohne-stiel\\\/#primaryimage\",\"url\":\"https:\\\/\\\/emasweden.com\\\/wp-content\\\/uploads\\\/2021\\\/01\\\/EMA-Modulborste-1.png\",\"contentUrl\":\"https:\\\/\\\/emasweden.com\\\/wp-content\\\/uploads\\\/2021\\\/01\\\/EMA-Modulborste-1.png\",\"width\":2560,\"height\":1929,\"caption\":\"Sopborste 1800mm utan f\u00e4ste\"},{\"@type\":\"BreadcrumbList\",\"@id\":\"https:\\\/\\\/emasweden.com\\\/de\\\/produkt\\\/ema-besen-1800mm-ohne-stiel\\\/#breadcrumb\",\"itemListElement\":[{\"@type\":\"ListItem\",\"position\":1,\"name\":\"Hem\",\"item\":\"https:\\\/\\\/emasweden.com\\\/de\\\/\"},{\"@type\":\"ListItem\",\"position\":2,\"name\":\"Produktsortiment\",\"item\":\"https:\\\/\\\/emasweden.com\\\/de\\\/produktsortiment-2\\\/\"},{\"@type\":\"ListItem\",\"position\":3,\"name\":\"Ema Besen 1800mm ohne Stiel\"}]},{\"@type\":\"WebSite\",\"@id\":\"https:\\\/\\\/emasweden.com\\\/de\\\/#website\",\"url\":\"https:\\\/\\\/emasweden.com\\\/de\\\/\",\"name\":\"EMA Sverige\",\"description\":\"\",\"potentialAction\":[{\"@type\":\"SearchAction\",\"target\":{\"@type\":\"EntryPoint\",\"urlTemplate\":\"https:\\\/\\\/emasweden.com\\\/de\\\/?s={search_term_string}\"},\"query-input\":{\"@type\":\"PropertyValueSpecification\",\"valueRequired\":true,\"valueName\":\"search_term_string\"}}],\"inLanguage\":\"de\"}]}<\/script>\n<!-- \/ Yoast SEO plugin. -->","yoast_head_json":{"title":"Ema Besen 1800mm ohne Stiel - EMA Sverige","description":"Kehrb\u00fcrste 1800mm ohne Halterung. 11 auswechselbare Borstenreihen, starke Borsten f\u00fcr Stabilit\u00e4t ohne St\u00e4nder, extra verst\u00e4rkt.","robots":{"index":"index","follow":"follow","max-snippet":"max-snippet:-1","max-image-preview":"max-image-preview:large","max-video-preview":"max-video-preview:-1"},"canonical":"https:\/\/emasweden.com\/de\/produkt\/ema-besen-1800mm-ohne-stiel\/","og_locale":"de_DE","og_type":"article","og_title":"Ema Besen 1800mm ohne Stiel - EMA Sverige","og_description":"Kehrb\u00fcrste 1800mm ohne Halterung. 11 auswechselbare Borstenreihen, starke Borsten f\u00fcr Stabilit\u00e4t ohne St\u00e4nder, extra verst\u00e4rkt.","og_url":"https:\/\/emasweden.com\/de\/produkt\/ema-besen-1800mm-ohne-stiel\/","og_site_name":"EMA Sverige","article_modified_time":"2025-10-01T11:38:01+00:00","og_image":[{"width":2560,"height":1929,"url":"https:\/\/emasweden.com\/wp-content\/uploads\/2021\/01\/EMA-Modulborste-1.png","type":"image\/png"}],"twitter_card":"summary_large_image","schema":{"@context":"https:\/\/schema.org","@graph":[{"@type":"WebPage","@id":"https:\/\/emasweden.com\/de\/produkt\/ema-besen-1800mm-ohne-stiel\/","url":"https:\/\/emasweden.com\/de\/produkt\/ema-besen-1800mm-ohne-stiel\/","name":"Ema Besen 1800mm ohne Stiel - EMA Sverige","isPartOf":{"@id":"https:\/\/emasweden.com\/de\/#website"},"primaryImageOfPage":{"@id":"https:\/\/emasweden.com\/de\/produkt\/ema-besen-1800mm-ohne-stiel\/#primaryimage"},"image":{"@id":"https:\/\/emasweden.com\/de\/produkt\/ema-besen-1800mm-ohne-stiel\/#primaryimage"},"thumbnailUrl":"https:\/\/emasweden.com\/wp-content\/uploads\/2021\/01\/EMA-Modulborste-1.png","datePublished":"2021-01-20T14:35:24+00:00","dateModified":"2025-10-01T11:38:01+00:00","description":"Kehrb\u00fcrste 1800mm ohne Halterung. 11 auswechselbare Borstenreihen, starke Borsten f\u00fcr Stabilit\u00e4t ohne St\u00e4nder, extra verst\u00e4rkt.","breadcrumb":{"@id":"https:\/\/emasweden.com\/de\/produkt\/ema-besen-1800mm-ohne-stiel\/#breadcrumb"},"inLanguage":"de","potentialAction":[{"@type":"ReadAction","target":["https:\/\/emasweden.com\/de\/produkt\/ema-besen-1800mm-ohne-stiel\/"]}]},{"@type":"ImageObject","inLanguage":"de","@id":"https:\/\/emasweden.com\/de\/produkt\/ema-besen-1800mm-ohne-stiel\/#primaryimage","url":"https:\/\/emasweden.com\/wp-content\/uploads\/2021\/01\/EMA-Modulborste-1.png","contentUrl":"https:\/\/emasweden.com\/wp-content\/uploads\/2021\/01\/EMA-Modulborste-1.png","width":2560,"height":1929,"caption":"Sopborste 1800mm utan f\u00e4ste"},{"@type":"BreadcrumbList","@id":"https:\/\/emasweden.com\/de\/produkt\/ema-besen-1800mm-ohne-stiel\/#breadcrumb","itemListElement":[{"@type":"ListItem","position":1,"name":"Hem","item":"https:\/\/emasweden.com\/de\/"},{"@type":"ListItem","position":2,"name":"Produktsortiment","item":"https:\/\/emasweden.com\/de\/produktsortiment-2\/"},{"@type":"ListItem","position":3,"name":"Ema Besen 1800mm ohne Stiel"}]},{"@type":"WebSite","@id":"https:\/\/emasweden.com\/de\/#website","url":"https:\/\/emasweden.com\/de\/","name":"EMA Sverige","description":"","potentialAction":[{"@type":"SearchAction","target":{"@type":"EntryPoint","urlTemplate":"https:\/\/emasweden.com\/de\/?s={search_term_string}"},"query-input":{"@type":"PropertyValueSpecification","valueRequired":true,"valueName":"search_term_string"}}],"inLanguage":"de"}]}},"_links":{"self":[{"href":"https:\/\/emasweden.com\/de\/wp-json\/wp\/v2\/product\/18681","targetHints":{"allow":["GET"]}}],"collection":[{"href":"https:\/\/emasweden.com\/de\/wp-json\/wp\/v2\/product"}],"about":[{"href":"https:\/\/emasweden.com\/de\/wp-json\/wp\/v2\/types\/product"}],"wp:featuredmedia":[{"embeddable":true,"href":"https:\/\/emasweden.com\/de\/wp-json\/wp\/v2\/media\/21164"}],"wp:attachment":[{"href":"https:\/\/emasweden.com\/de\/wp-json\/wp\/v2\/media?parent=18681"}],"wp:term":[{"taxonomy":"product_brand","embeddable":true,"href":"https:\/\/emasweden.com\/de\/wp-json\/wp\/v2\/product_brand?post=18681"},{"taxonomy":"product_cat","embeddable":true,"href":"https:\/\/emasweden.com\/de\/wp-json\/wp\/v2\/product_cat?post=18681"},{"taxonomy":"product_tag","embeddable":true,"href":"https:\/\/emasweden.com\/de\/wp-json\/wp\/v2\/product_tag?post=18681"},{"taxonomy":"faste-y","embeddable":true,"href":"https:\/\/emasweden.com\/de\/wp-json\/wp\/v2\/faste-y?post=18681"}],"curies":[{"name":"wp","href":"https:\/\/api.w.org\/{rel}","templated":true}]}}