{"id":18687,"date":"2021-01-20T15:35:38","date_gmt":"2021-01-20T14:35:38","guid":{"rendered":"https:\/\/emasweden.com\/produkt\/hd-nivellierbalken-mit-rolle-3000mm-ohne-halterung\/"},"modified":"2025-10-01T13:38:22","modified_gmt":"2025-10-01T11:38:22","slug":"hd-nivellierbalken-mit-rolle-3000mm-ohne-halterung","status":"publish","type":"product","link":"https:\/\/emasweden.com\/de\/produkt\/hd-nivellierbalken-mit-rolle-3000mm-ohne-halterung\/","title":{"rendered":"HD Nivellierbalken mit Rolle 3000mm &#8211; Ohne Halterung"},"content":{"rendered":"<p>HD Avj\u00e4mningsbalk med rulle 3000mm &#8211; Utan f\u00e4ste<\/p>\n<p><sup>HD Avj\u00e4mningsbalk med rulle 3000mm &#8211; Utan f\u00e4ste<\/sup><br \/>\n\u2013 Smidig produkt f\u00f6r justering och planering av material. P\u00e5 liten tid kan du justera en mycket stor yta. Med rullen s\u00e4kerst\u00e4ller du att f\u00e5 en j\u00e4mn och fin yta innan t.ex. asfaltering<\/p>\n<p>V\u00e5ra Heavy Duty Avj\u00e4mningsbalkar med rulle \u00e4r en mycket kraftigare konstruktion med 325mm rulle och skraplist tillkommer p\u00e5 samtliga.<\/p>\n<p>&#8211; Justerbar rulle 1 \u2013 5 mm<\/p>\n<p>&#8211; <a href=\"https:\/\/www.ssab.com\/sv-se\/varumarken-och-produkter\/hardox\"><strong>Hardox<\/strong><\/a> p\u00e5 utsatta slitdelar<\/p>\n<p>&#8211; <a href=\"https:\/\/emasweden.com\/de\/produkt-kategori\/aushubmaschine\/klammer\/halterung-kabelpflug-nivellierbalken\/\"><strong>Bultade f\u00e4sten<\/strong><\/a><\/p>\n<p>&#8211; Skraplist p\u00e5 samtliga HD med rulle<\/p>\n","protected":false},"excerpt":{"rendered":"<p>HD Avj\u00e4mningsbalk med rulle 3000mm &#8211; Utan f\u00e4ste HD Avj\u00e4mningsbalk med rulle 3000mm &#8211; Utan f\u00e4ste \u2013 Smidig produkt f\u00f6r justering och planering av material. P\u00e5 liten tid kan du justera en mycket stor yta. Med rullen s\u00e4kerst\u00e4ller du att f\u00e5 en j\u00e4mn och fin yta innan t.ex. asfaltering V\u00e5ra Heavy Duty Avj\u00e4mningsbalkar med rulle [&hellip;]<\/p>\n","protected":false},"featured_media":21218,"template":"","meta":{"_monsterinsights_skip_tracking":false,"_monsterinsights_sitenote_active":false,"_monsterinsights_sitenote_note":"","_monsterinsights_sitenote_category":0},"product_brand":[],"product_cat":[3610,3603],"product_tag":[],"faste-y":[],"class_list":{"0":"post-18687","1":"product","2":"type-product","3":"status-publish","4":"has-post-thumbnail","6":"product_cat-nivellierbalken-mit-rolle","7":"product_cat-planierbalken-fuer-mobilbagger-hardox-450-ema","8":"pa_max-bredd-3000mm","9":"pa_vikt-600kg","11":"first","12":"instock","13":"purchasable","14":"product-type-simple"},"yoast_head":"<!-- This site is optimized with the Yoast SEO plugin v27.3 - https:\/\/yoast.com\/product\/yoast-seo-wordpress\/ -->\n<title>HD Nivellierbalken mit Rolle 3000mm - Ohne Halterung - EMA Sverige<\/title>\n<meta name=\"description\" content=\"HD Nivellierbalken mit Walze 3000mm - ohne Halterung Verstellbare Walze 1 - 5 mm mit Abstreifleiste, Hardox an exponierten Verschlei\u00dfteilen und verschraubten Halterungen.\" \/>\n<meta name=\"robots\" content=\"index, follow, max-snippet:-1, max-image-preview:large, max-video-preview:-1\" \/>\n<link rel=\"canonical\" href=\"https:\/\/emasweden.com\/de\/produkt\/hd-nivellierbalken-mit-rolle-3000mm-ohne-halterung\/\" \/>\n<meta property=\"og:locale\" content=\"de_DE\" \/>\n<meta property=\"og:type\" content=\"article\" \/>\n<meta property=\"og:title\" content=\"HD Nivellierbalken mit Rolle 3000mm - Ohne Halterung - EMA Sverige\" \/>\n<meta property=\"og:description\" content=\"HD Nivellierbalken mit Walze 3000mm - ohne Halterung Verstellbare Walze 1 - 5 mm mit Abstreifleiste, Hardox an exponierten Verschlei\u00dfteilen und verschraubten Halterungen.\" \/>\n<meta property=\"og:url\" content=\"https:\/\/emasweden.com\/de\/produkt\/hd-nivellierbalken-mit-rolle-3000mm-ohne-halterung\/\" \/>\n<meta property=\"og:site_name\" content=\"EMA Sverige\" \/>\n<meta property=\"article:modified_time\" content=\"2025-10-01T11:38:22+00:00\" \/>\n<meta property=\"og:image\" content=\"https:\/\/emasweden.com\/wp-content\/uploads\/2021\/01\/Gi-GB-3000-1-1.jpg\" \/>\n\t<meta property=\"og:image:width\" content=\"1000\" \/>\n\t<meta property=\"og:image:height\" content=\"750\" \/>\n\t<meta property=\"og:image:type\" content=\"image\/jpeg\" \/>\n<meta name=\"twitter:card\" content=\"summary_large_image\" \/>\n<script type=\"application\/ld+json\" class=\"yoast-schema-graph\">{\"@context\":\"https:\\\/\\\/schema.org\",\"@graph\":[{\"@type\":\"WebPage\",\"@id\":\"https:\\\/\\\/emasweden.com\\\/de\\\/produkt\\\/hd-nivellierbalken-mit-rolle-3000mm-ohne-halterung\\\/\",\"url\":\"https:\\\/\\\/emasweden.com\\\/de\\\/produkt\\\/hd-nivellierbalken-mit-rolle-3000mm-ohne-halterung\\\/\",\"name\":\"HD Nivellierbalken mit Rolle 3000mm - Ohne Halterung - EMA Sverige\",\"isPartOf\":{\"@id\":\"https:\\\/\\\/emasweden.com\\\/de\\\/#website\"},\"primaryImageOfPage\":{\"@id\":\"https:\\\/\\\/emasweden.com\\\/de\\\/produkt\\\/hd-nivellierbalken-mit-rolle-3000mm-ohne-halterung\\\/#primaryimage\"},\"image\":{\"@id\":\"https:\\\/\\\/emasweden.com\\\/de\\\/produkt\\\/hd-nivellierbalken-mit-rolle-3000mm-ohne-halterung\\\/#primaryimage\"},\"thumbnailUrl\":\"https:\\\/\\\/emasweden.com\\\/wp-content\\\/uploads\\\/2021\\\/01\\\/Gi-GB-3000-1-1.jpg\",\"datePublished\":\"2021-01-20T14:35:38+00:00\",\"dateModified\":\"2025-10-01T11:38:22+00:00\",\"description\":\"HD Nivellierbalken mit Walze 3000mm - ohne Halterung Verstellbare Walze 1 - 5 mm mit Abstreifleiste, Hardox an exponierten Verschlei\u00dfteilen und verschraubten Halterungen.\",\"breadcrumb\":{\"@id\":\"https:\\\/\\\/emasweden.com\\\/de\\\/produkt\\\/hd-nivellierbalken-mit-rolle-3000mm-ohne-halterung\\\/#breadcrumb\"},\"inLanguage\":\"de\",\"potentialAction\":[{\"@type\":\"ReadAction\",\"target\":[\"https:\\\/\\\/emasweden.com\\\/de\\\/produkt\\\/hd-nivellierbalken-mit-rolle-3000mm-ohne-halterung\\\/\"]}]},{\"@type\":\"ImageObject\",\"inLanguage\":\"de\",\"@id\":\"https:\\\/\\\/emasweden.com\\\/de\\\/produkt\\\/hd-nivellierbalken-mit-rolle-3000mm-ohne-halterung\\\/#primaryimage\",\"url\":\"https:\\\/\\\/emasweden.com\\\/wp-content\\\/uploads\\\/2021\\\/01\\\/Gi-GB-3000-1-1.jpg\",\"contentUrl\":\"https:\\\/\\\/emasweden.com\\\/wp-content\\\/uploads\\\/2021\\\/01\\\/Gi-GB-3000-1-1.jpg\",\"width\":1000,\"height\":750,\"caption\":\"HD Avj\u00e4mningsbalk med rulle 3000mm - Utan f\u00e4ste\"},{\"@type\":\"BreadcrumbList\",\"@id\":\"https:\\\/\\\/emasweden.com\\\/de\\\/produkt\\\/hd-nivellierbalken-mit-rolle-3000mm-ohne-halterung\\\/#breadcrumb\",\"itemListElement\":[{\"@type\":\"ListItem\",\"position\":1,\"name\":\"Hem\",\"item\":\"https:\\\/\\\/emasweden.com\\\/de\\\/\"},{\"@type\":\"ListItem\",\"position\":2,\"name\":\"Produktsortiment\",\"item\":\"https:\\\/\\\/emasweden.com\\\/de\\\/produktsortiment-2\\\/\"},{\"@type\":\"ListItem\",\"position\":3,\"name\":\"HD Nivellierbalken mit Rolle 3000mm &#8211; Ohne Halterung\"}]},{\"@type\":\"WebSite\",\"@id\":\"https:\\\/\\\/emasweden.com\\\/de\\\/#website\",\"url\":\"https:\\\/\\\/emasweden.com\\\/de\\\/\",\"name\":\"EMA Sverige\",\"description\":\"\",\"potentialAction\":[{\"@type\":\"SearchAction\",\"target\":{\"@type\":\"EntryPoint\",\"urlTemplate\":\"https:\\\/\\\/emasweden.com\\\/de\\\/?s={search_term_string}\"},\"query-input\":{\"@type\":\"PropertyValueSpecification\",\"valueRequired\":true,\"valueName\":\"search_term_string\"}}],\"inLanguage\":\"de\"}]}<\/script>\n<!-- \/ Yoast SEO plugin. -->","yoast_head_json":{"title":"HD Nivellierbalken mit Rolle 3000mm - Ohne Halterung - EMA Sverige","description":"HD Nivellierbalken mit Walze 3000mm - ohne Halterung Verstellbare Walze 1 - 5 mm mit Abstreifleiste, Hardox an exponierten Verschlei\u00dfteilen und verschraubten Halterungen.","robots":{"index":"index","follow":"follow","max-snippet":"max-snippet:-1","max-image-preview":"max-image-preview:large","max-video-preview":"max-video-preview:-1"},"canonical":"https:\/\/emasweden.com\/de\/produkt\/hd-nivellierbalken-mit-rolle-3000mm-ohne-halterung\/","og_locale":"de_DE","og_type":"article","og_title":"HD Nivellierbalken mit Rolle 3000mm - Ohne Halterung - EMA Sverige","og_description":"HD Nivellierbalken mit Walze 3000mm - ohne Halterung Verstellbare Walze 1 - 5 mm mit Abstreifleiste, Hardox an exponierten Verschlei\u00dfteilen und verschraubten Halterungen.","og_url":"https:\/\/emasweden.com\/de\/produkt\/hd-nivellierbalken-mit-rolle-3000mm-ohne-halterung\/","og_site_name":"EMA Sverige","article_modified_time":"2025-10-01T11:38:22+00:00","og_image":[{"width":1000,"height":750,"url":"https:\/\/emasweden.com\/wp-content\/uploads\/2021\/01\/Gi-GB-3000-1-1.jpg","type":"image\/jpeg"}],"twitter_card":"summary_large_image","schema":{"@context":"https:\/\/schema.org","@graph":[{"@type":"WebPage","@id":"https:\/\/emasweden.com\/de\/produkt\/hd-nivellierbalken-mit-rolle-3000mm-ohne-halterung\/","url":"https:\/\/emasweden.com\/de\/produkt\/hd-nivellierbalken-mit-rolle-3000mm-ohne-halterung\/","name":"HD Nivellierbalken mit Rolle 3000mm - Ohne Halterung - EMA Sverige","isPartOf":{"@id":"https:\/\/emasweden.com\/de\/#website"},"primaryImageOfPage":{"@id":"https:\/\/emasweden.com\/de\/produkt\/hd-nivellierbalken-mit-rolle-3000mm-ohne-halterung\/#primaryimage"},"image":{"@id":"https:\/\/emasweden.com\/de\/produkt\/hd-nivellierbalken-mit-rolle-3000mm-ohne-halterung\/#primaryimage"},"thumbnailUrl":"https:\/\/emasweden.com\/wp-content\/uploads\/2021\/01\/Gi-GB-3000-1-1.jpg","datePublished":"2021-01-20T14:35:38+00:00","dateModified":"2025-10-01T11:38:22+00:00","description":"HD Nivellierbalken mit Walze 3000mm - ohne Halterung Verstellbare Walze 1 - 5 mm mit Abstreifleiste, Hardox an exponierten Verschlei\u00dfteilen und verschraubten Halterungen.","breadcrumb":{"@id":"https:\/\/emasweden.com\/de\/produkt\/hd-nivellierbalken-mit-rolle-3000mm-ohne-halterung\/#breadcrumb"},"inLanguage":"de","potentialAction":[{"@type":"ReadAction","target":["https:\/\/emasweden.com\/de\/produkt\/hd-nivellierbalken-mit-rolle-3000mm-ohne-halterung\/"]}]},{"@type":"ImageObject","inLanguage":"de","@id":"https:\/\/emasweden.com\/de\/produkt\/hd-nivellierbalken-mit-rolle-3000mm-ohne-halterung\/#primaryimage","url":"https:\/\/emasweden.com\/wp-content\/uploads\/2021\/01\/Gi-GB-3000-1-1.jpg","contentUrl":"https:\/\/emasweden.com\/wp-content\/uploads\/2021\/01\/Gi-GB-3000-1-1.jpg","width":1000,"height":750,"caption":"HD Avj\u00e4mningsbalk med rulle 3000mm - Utan f\u00e4ste"},{"@type":"BreadcrumbList","@id":"https:\/\/emasweden.com\/de\/produkt\/hd-nivellierbalken-mit-rolle-3000mm-ohne-halterung\/#breadcrumb","itemListElement":[{"@type":"ListItem","position":1,"name":"Hem","item":"https:\/\/emasweden.com\/de\/"},{"@type":"ListItem","position":2,"name":"Produktsortiment","item":"https:\/\/emasweden.com\/de\/produktsortiment-2\/"},{"@type":"ListItem","position":3,"name":"HD Nivellierbalken mit Rolle 3000mm &#8211; Ohne Halterung"}]},{"@type":"WebSite","@id":"https:\/\/emasweden.com\/de\/#website","url":"https:\/\/emasweden.com\/de\/","name":"EMA Sverige","description":"","potentialAction":[{"@type":"SearchAction","target":{"@type":"EntryPoint","urlTemplate":"https:\/\/emasweden.com\/de\/?s={search_term_string}"},"query-input":{"@type":"PropertyValueSpecification","valueRequired":true,"valueName":"search_term_string"}}],"inLanguage":"de"}]}},"_links":{"self":[{"href":"https:\/\/emasweden.com\/de\/wp-json\/wp\/v2\/product\/18687","targetHints":{"allow":["GET"]}}],"collection":[{"href":"https:\/\/emasweden.com\/de\/wp-json\/wp\/v2\/product"}],"about":[{"href":"https:\/\/emasweden.com\/de\/wp-json\/wp\/v2\/types\/product"}],"wp:featuredmedia":[{"embeddable":true,"href":"https:\/\/emasweden.com\/de\/wp-json\/wp\/v2\/media\/21218"}],"wp:attachment":[{"href":"https:\/\/emasweden.com\/de\/wp-json\/wp\/v2\/media?parent=18687"}],"wp:term":[{"taxonomy":"product_brand","embeddable":true,"href":"https:\/\/emasweden.com\/de\/wp-json\/wp\/v2\/product_brand?post=18687"},{"taxonomy":"product_cat","embeddable":true,"href":"https:\/\/emasweden.com\/de\/wp-json\/wp\/v2\/product_cat?post=18687"},{"taxonomy":"product_tag","embeddable":true,"href":"https:\/\/emasweden.com\/de\/wp-json\/wp\/v2\/product_tag?post=18687"},{"taxonomy":"faste-y","embeddable":true,"href":"https:\/\/emasweden.com\/de\/wp-json\/wp\/v2\/faste-y?post=18687"}],"curies":[{"name":"wp","href":"https:\/\/api.w.org\/{rel}","templated":true}]}}