{"id":18825,"date":"2021-01-20T15:36:39","date_gmt":"2021-01-20T14:36:39","guid":{"rendered":"https:\/\/emasweden.com\/produkt\/hd-tiefloeffel-240l-mit-zahn-700mm-s50\/"},"modified":"2025-10-02T13:42:08","modified_gmt":"2025-10-02T11:42:08","slug":"hd-tiefloeffel-240l-mit-zahn-700mm-s50","status":"publish","type":"product","link":"https:\/\/emasweden.com\/de\/produkt\/hd-tiefloeffel-240l-mit-zahn-700mm-s50\/","title":{"rendered":"HD Baggerlader 240L mit Zahn &#8211; 700mm &#8211; S50"},"content":{"rendered":"<p>Die Heavy Duty (HD) Schaufel ist das Kraftpaket unserer Produktpalette. Hier wird an nichts gespart, wenn es um die Materialien geht. Die Produkte sind mit Verschlei\u00dfrippen im Boden ausgestattet und die Produkte haben oft gr\u00f6\u00dfere Abmessungen.   Dieses Kraftpaket wird vor allem von Anwendern eingesetzt, die sehr hohe Anforderungen an ihre Produkte stellen und h\u00e4ufig in Umgebungen arbeiten, die das gewisse Extra an Haltbarkeit erfordern. Diese Kategorie von Schaufeln ist aufgrund der Verwendung von zus\u00e4tzlichem Stahl oft schwerer, aber das Ergebnis ist eine sehr haltbare Schaufel.<\/p>\n<p>&#8211; Schneiden Sie in 500 Brinell BOROX<br \/>\n<br \/>&#8211; Abriebschutz an den Seiten, der Vorderseite, dem Boden und den Verschlei\u00dfrippen aus 450 HARDOX<br \/>\n<br \/>&#8211; CAT-Zinkensystem, das in Schweden am weitesten verbreitete Zinken-System f\u00fcr Baumaschinen<br \/>\n<br \/>&#8211; Die Schaufel wird gemeinsam mit Maschinenf\u00fchrern entwickelt<br \/>\n<\/br><\/p>\n","protected":false},"excerpt":{"rendered":"<p>Die Heavy Duty (HD) Schaufel ist das Kraftpaket unserer Produktpalette. Hier wird an nichts gespart, wenn es um die Materialien geht. Die Produkte sind mit Verschlei\u00dfrippen im Boden ausgestattet und die Produkte haben oft gr\u00f6\u00dfere Abmessungen. Dieses Kraftpaket wird vor allem von Anwendern eingesetzt, die sehr hohe Anforderungen an ihre Produkte stellen und h\u00e4ufig in [&hellip;]<\/p>\n","protected":false},"featured_media":18826,"template":"","meta":{"_monsterinsights_skip_tracking":false,"_monsterinsights_sitenote_active":false,"_monsterinsights_sitenote_note":"","_monsterinsights_sitenote_category":0},"product_brand":[],"product_cat":[3321],"product_tag":[],"faste-y":[],"class_list":{"0":"post-18825","1":"product","2":"type-product","3":"status-publish","4":"has-post-thumbnail","6":"product_cat-tiefloeffel","7":"pa_antal-tander-4stuck","8":"pa_max-bredd-700mm","9":"pa_skar-25x200mm","10":"pa_tand-j250","11":"pa_vikt-205kg","13":"first","14":"instock","15":"purchasable","16":"product-type-simple"},"yoast_head":"<!-- This site is optimized with the Yoast SEO plugin v27.3 - https:\/\/yoast.com\/product\/yoast-seo-wordpress\/ -->\n<title>HD Baggerlader 240L mit Zahn - 700mm - S50 - EMA Sverige<\/title>\n<meta name=\"description\" content=\"HD Baggerlader 240L mit Zahn - 700mm - S50 Seitenverschlei\u00dfschutz, Vorderteil, Boden und Verschlei\u00dfrippen aus 450 HARDOX. Schneiden Sie in 500 Brinell BOROX\" \/>\n<meta name=\"robots\" content=\"index, follow, max-snippet:-1, max-image-preview:large, max-video-preview:-1\" \/>\n<link rel=\"canonical\" href=\"https:\/\/emasweden.com\/de\/produkt\/hd-tiefloeffel-240l-mit-zahn-700mm-s50\/\" \/>\n<meta property=\"og:locale\" content=\"de_DE\" \/>\n<meta property=\"og:type\" content=\"article\" \/>\n<meta property=\"og:title\" content=\"HD Baggerlader 240L mit Zahn - 700mm - S50 - EMA Sverige\" \/>\n<meta property=\"og:description\" content=\"HD Baggerlader 240L mit Zahn - 700mm - S50 Seitenverschlei\u00dfschutz, Vorderteil, Boden und Verschlei\u00dfrippen aus 450 HARDOX. Schneiden Sie in 500 Brinell BOROX\" \/>\n<meta property=\"og:url\" content=\"https:\/\/emasweden.com\/de\/produkt\/hd-tiefloeffel-240l-mit-zahn-700mm-s50\/\" \/>\n<meta property=\"og:site_name\" content=\"EMA Sverige\" \/>\n<meta property=\"article:modified_time\" content=\"2025-10-02T11:42:08+00:00\" \/>\n<meta property=\"og:image\" content=\"https:\/\/emasweden.com\/wp-content\/uploads\/2021\/04\/7291068_1-1.jpg\" \/>\n\t<meta property=\"og:image:width\" content=\"1000\" \/>\n\t<meta property=\"og:image:height\" content=\"750\" \/>\n\t<meta property=\"og:image:type\" content=\"image\/jpeg\" \/>\n<meta name=\"twitter:card\" content=\"summary_large_image\" \/>\n<meta name=\"twitter:label1\" content=\"Gesch\u00e4tzte Lesezeit\" \/>\n\t<meta name=\"twitter:data1\" content=\"1\u00a0Minute\" \/>\n<script type=\"application\/ld+json\" class=\"yoast-schema-graph\">{\"@context\":\"https:\\\/\\\/schema.org\",\"@graph\":[{\"@type\":\"WebPage\",\"@id\":\"https:\\\/\\\/emasweden.com\\\/de\\\/produkt\\\/hd-tiefloeffel-240l-mit-zahn-700mm-s50\\\/\",\"url\":\"https:\\\/\\\/emasweden.com\\\/de\\\/produkt\\\/hd-tiefloeffel-240l-mit-zahn-700mm-s50\\\/\",\"name\":\"HD Baggerlader 240L mit Zahn - 700mm - S50 - EMA Sverige\",\"isPartOf\":{\"@id\":\"https:\\\/\\\/emasweden.com\\\/de\\\/#website\"},\"primaryImageOfPage\":{\"@id\":\"https:\\\/\\\/emasweden.com\\\/de\\\/produkt\\\/hd-tiefloeffel-240l-mit-zahn-700mm-s50\\\/#primaryimage\"},\"image\":{\"@id\":\"https:\\\/\\\/emasweden.com\\\/de\\\/produkt\\\/hd-tiefloeffel-240l-mit-zahn-700mm-s50\\\/#primaryimage\"},\"thumbnailUrl\":\"https:\\\/\\\/emasweden.com\\\/wp-content\\\/uploads\\\/2021\\\/04\\\/7291068_1-1.jpg\",\"datePublished\":\"2021-01-20T14:36:39+00:00\",\"dateModified\":\"2025-10-02T11:42:08+00:00\",\"description\":\"HD Baggerlader 240L mit Zahn - 700mm - S50 Seitenverschlei\u00dfschutz, Vorderteil, Boden und Verschlei\u00dfrippen aus 450 HARDOX. Schneiden Sie in 500 Brinell BOROX\",\"breadcrumb\":{\"@id\":\"https:\\\/\\\/emasweden.com\\\/de\\\/produkt\\\/hd-tiefloeffel-240l-mit-zahn-700mm-s50\\\/#breadcrumb\"},\"inLanguage\":\"de\",\"potentialAction\":[{\"@type\":\"ReadAction\",\"target\":[\"https:\\\/\\\/emasweden.com\\\/de\\\/produkt\\\/hd-tiefloeffel-240l-mit-zahn-700mm-s50\\\/\"]}]},{\"@type\":\"ImageObject\",\"inLanguage\":\"de\",\"@id\":\"https:\\\/\\\/emasweden.com\\\/de\\\/produkt\\\/hd-tiefloeffel-240l-mit-zahn-700mm-s50\\\/#primaryimage\",\"url\":\"https:\\\/\\\/emasweden.com\\\/wp-content\\\/uploads\\\/2021\\\/04\\\/7291068_1-1.jpg\",\"contentUrl\":\"https:\\\/\\\/emasweden.com\\\/wp-content\\\/uploads\\\/2021\\\/04\\\/7291068_1-1.jpg\",\"width\":1000,\"height\":750},{\"@type\":\"BreadcrumbList\",\"@id\":\"https:\\\/\\\/emasweden.com\\\/de\\\/produkt\\\/hd-tiefloeffel-240l-mit-zahn-700mm-s50\\\/#breadcrumb\",\"itemListElement\":[{\"@type\":\"ListItem\",\"position\":1,\"name\":\"Hem\",\"item\":\"https:\\\/\\\/emasweden.com\\\/de\\\/\"},{\"@type\":\"ListItem\",\"position\":2,\"name\":\"Produktsortiment\",\"item\":\"https:\\\/\\\/emasweden.com\\\/de\\\/produktsortiment-2\\\/\"},{\"@type\":\"ListItem\",\"position\":3,\"name\":\"HD Baggerlader 240L mit Zahn &#8211; 700mm &#8211; S50\"}]},{\"@type\":\"WebSite\",\"@id\":\"https:\\\/\\\/emasweden.com\\\/de\\\/#website\",\"url\":\"https:\\\/\\\/emasweden.com\\\/de\\\/\",\"name\":\"EMA Sverige\",\"description\":\"\",\"potentialAction\":[{\"@type\":\"SearchAction\",\"target\":{\"@type\":\"EntryPoint\",\"urlTemplate\":\"https:\\\/\\\/emasweden.com\\\/de\\\/?s={search_term_string}\"},\"query-input\":{\"@type\":\"PropertyValueSpecification\",\"valueRequired\":true,\"valueName\":\"search_term_string\"}}],\"inLanguage\":\"de\"}]}<\/script>\n<!-- \/ Yoast SEO plugin. -->","yoast_head_json":{"title":"HD Baggerlader 240L mit Zahn - 700mm - S50 - EMA Sverige","description":"HD Baggerlader 240L mit Zahn - 700mm - S50 Seitenverschlei\u00dfschutz, Vorderteil, Boden und Verschlei\u00dfrippen aus 450 HARDOX. Schneiden Sie in 500 Brinell BOROX","robots":{"index":"index","follow":"follow","max-snippet":"max-snippet:-1","max-image-preview":"max-image-preview:large","max-video-preview":"max-video-preview:-1"},"canonical":"https:\/\/emasweden.com\/de\/produkt\/hd-tiefloeffel-240l-mit-zahn-700mm-s50\/","og_locale":"de_DE","og_type":"article","og_title":"HD Baggerlader 240L mit Zahn - 700mm - S50 - EMA Sverige","og_description":"HD Baggerlader 240L mit Zahn - 700mm - S50 Seitenverschlei\u00dfschutz, Vorderteil, Boden und Verschlei\u00dfrippen aus 450 HARDOX. Schneiden Sie in 500 Brinell BOROX","og_url":"https:\/\/emasweden.com\/de\/produkt\/hd-tiefloeffel-240l-mit-zahn-700mm-s50\/","og_site_name":"EMA Sverige","article_modified_time":"2025-10-02T11:42:08+00:00","og_image":[{"width":1000,"height":750,"url":"https:\/\/emasweden.com\/wp-content\/uploads\/2021\/04\/7291068_1-1.jpg","type":"image\/jpeg"}],"twitter_card":"summary_large_image","twitter_misc":{"Gesch\u00e4tzte Lesezeit":"1\u00a0Minute"},"schema":{"@context":"https:\/\/schema.org","@graph":[{"@type":"WebPage","@id":"https:\/\/emasweden.com\/de\/produkt\/hd-tiefloeffel-240l-mit-zahn-700mm-s50\/","url":"https:\/\/emasweden.com\/de\/produkt\/hd-tiefloeffel-240l-mit-zahn-700mm-s50\/","name":"HD Baggerlader 240L mit Zahn - 700mm - S50 - EMA Sverige","isPartOf":{"@id":"https:\/\/emasweden.com\/de\/#website"},"primaryImageOfPage":{"@id":"https:\/\/emasweden.com\/de\/produkt\/hd-tiefloeffel-240l-mit-zahn-700mm-s50\/#primaryimage"},"image":{"@id":"https:\/\/emasweden.com\/de\/produkt\/hd-tiefloeffel-240l-mit-zahn-700mm-s50\/#primaryimage"},"thumbnailUrl":"https:\/\/emasweden.com\/wp-content\/uploads\/2021\/04\/7291068_1-1.jpg","datePublished":"2021-01-20T14:36:39+00:00","dateModified":"2025-10-02T11:42:08+00:00","description":"HD Baggerlader 240L mit Zahn - 700mm - S50 Seitenverschlei\u00dfschutz, Vorderteil, Boden und Verschlei\u00dfrippen aus 450 HARDOX. Schneiden Sie in 500 Brinell BOROX","breadcrumb":{"@id":"https:\/\/emasweden.com\/de\/produkt\/hd-tiefloeffel-240l-mit-zahn-700mm-s50\/#breadcrumb"},"inLanguage":"de","potentialAction":[{"@type":"ReadAction","target":["https:\/\/emasweden.com\/de\/produkt\/hd-tiefloeffel-240l-mit-zahn-700mm-s50\/"]}]},{"@type":"ImageObject","inLanguage":"de","@id":"https:\/\/emasweden.com\/de\/produkt\/hd-tiefloeffel-240l-mit-zahn-700mm-s50\/#primaryimage","url":"https:\/\/emasweden.com\/wp-content\/uploads\/2021\/04\/7291068_1-1.jpg","contentUrl":"https:\/\/emasweden.com\/wp-content\/uploads\/2021\/04\/7291068_1-1.jpg","width":1000,"height":750},{"@type":"BreadcrumbList","@id":"https:\/\/emasweden.com\/de\/produkt\/hd-tiefloeffel-240l-mit-zahn-700mm-s50\/#breadcrumb","itemListElement":[{"@type":"ListItem","position":1,"name":"Hem","item":"https:\/\/emasweden.com\/de\/"},{"@type":"ListItem","position":2,"name":"Produktsortiment","item":"https:\/\/emasweden.com\/de\/produktsortiment-2\/"},{"@type":"ListItem","position":3,"name":"HD Baggerlader 240L mit Zahn &#8211; 700mm &#8211; S50"}]},{"@type":"WebSite","@id":"https:\/\/emasweden.com\/de\/#website","url":"https:\/\/emasweden.com\/de\/","name":"EMA Sverige","description":"","potentialAction":[{"@type":"SearchAction","target":{"@type":"EntryPoint","urlTemplate":"https:\/\/emasweden.com\/de\/?s={search_term_string}"},"query-input":{"@type":"PropertyValueSpecification","valueRequired":true,"valueName":"search_term_string"}}],"inLanguage":"de"}]}},"_links":{"self":[{"href":"https:\/\/emasweden.com\/de\/wp-json\/wp\/v2\/product\/18825","targetHints":{"allow":["GET"]}}],"collection":[{"href":"https:\/\/emasweden.com\/de\/wp-json\/wp\/v2\/product"}],"about":[{"href":"https:\/\/emasweden.com\/de\/wp-json\/wp\/v2\/types\/product"}],"wp:featuredmedia":[{"embeddable":true,"href":"https:\/\/emasweden.com\/de\/wp-json\/wp\/v2\/media\/18826"}],"wp:attachment":[{"href":"https:\/\/emasweden.com\/de\/wp-json\/wp\/v2\/media?parent=18825"}],"wp:term":[{"taxonomy":"product_brand","embeddable":true,"href":"https:\/\/emasweden.com\/de\/wp-json\/wp\/v2\/product_brand?post=18825"},{"taxonomy":"product_cat","embeddable":true,"href":"https:\/\/emasweden.com\/de\/wp-json\/wp\/v2\/product_cat?post=18825"},{"taxonomy":"product_tag","embeddable":true,"href":"https:\/\/emasweden.com\/de\/wp-json\/wp\/v2\/product_tag?post=18825"},{"taxonomy":"faste-y","embeddable":true,"href":"https:\/\/emasweden.com\/de\/wp-json\/wp\/v2\/faste-y?post=18825"}],"curies":[{"name":"wp","href":"https:\/\/api.w.org\/{rel}","templated":true}]}}