{"id":18883,"date":"2021-01-20T15:37:10","date_gmt":"2021-01-20T14:37:10","guid":{"rendered":"https:\/\/emasweden.com\/produkt\/hdr-felsloeffel-2500l-deltablatt-4-j550-zaehne-1840mm-smp105\/"},"modified":"2025-10-01T13:41:16","modified_gmt":"2025-10-01T11:41:16","slug":"hdr-felsloeffel-2500l-deltablatt-4-j550-zaehne-1840mm-smp105","status":"publish","type":"product","link":"https:\/\/emasweden.com\/de\/produkt\/hdr-felsloeffel-2500l-deltablatt-4-j550-zaehne-1840mm-smp105\/","title":{"rendered":"HDR Felsl\u00f6ffel 2500L Deltablatt &#8211; 4 J550 Z\u00e4hne &#8211; 1840mm &#8211; SMP105"},"content":{"rendered":"<p>HDR Felsl\u00f6ffel 2500L Deltaschaufel &#8211; 4 J550 Z\u00e4hne &#8211; 1840mm &#8211; SMP105 &#8211; Heavy Duty Rock, die L\u00f6ffel der HDR-Serie werden aus den sehr haltbaren Materialien Hardox 450 und 500 hergestellt. Die Produkte dieser Serie sind sehr robust und wurden entwickelt, um in schwierigen Umgebungen so effizient wie m\u00f6glich zu arbeiten. Die Verschlei\u00dfplatten sind an den am st\u00e4rksten beanspruchten Teilen angebracht, um die Grundstruktur jederzeit zu sch\u00fctzen. Die Schaufeln dieser Serie k\u00f6nnen auch nach individuellen Anforderungen angepasst werden.   <\/p>\n<p>&#8211; Schnitt in HARDOX 500<br \/>\n<br \/>&#8211; Boden, Kanten, Rahmen und Seiten aus <a href=\"https:\/\/www.ssab.com\/products\/brands\/hardox\/products\/hardox-450\" target=\"_blank\" rel=\"noopener\">HARDOX<\/a> 450<br \/>\n<br \/>&#8211; Zus\u00e4tzlicher Verschlei\u00dfschutz oberhalb und unterhalb des Zinkenhalters<br \/>\n<br \/>&#8211; Milchz\u00e4hne als Standard<br \/>\n<br \/>&#8211; Interne und externe Verschlei\u00dfstreifen aus <a href=\"https:\/\/www.ssab.com\/products\/brands\/hardox\/products\/hardox-500\" target=\"_blank\" rel=\"noopener\">HARDOX<\/a> 500<br \/>\n<br \/>&#8211; Gerader oder deltaf\u00f6rmiger Schnitt\n<\/ul>\n","protected":false},"excerpt":{"rendered":"<p>HDR Felsl\u00f6ffel 2500L Deltaschaufel &#8211; 4 J550 Z\u00e4hne &#8211; 1840mm &#8211; SMP105 &#8211; Heavy Duty Rock, die L\u00f6ffel der HDR-Serie werden aus den sehr haltbaren Materialien Hardox 450 und 500 hergestellt. Die Produkte dieser Serie sind sehr robust und wurden entwickelt, um in schwierigen Umgebungen so effizient wie m\u00f6glich zu arbeiten. Die Verschlei\u00dfplatten sind an [&hellip;]<\/p>\n","protected":false},"featured_media":21557,"template":"","meta":{"_monsterinsights_skip_tracking":false,"_monsterinsights_sitenote_active":false,"_monsterinsights_sitenote_note":"","_monsterinsights_sitenote_category":0},"product_brand":[],"product_cat":[4694],"product_tag":[],"faste-y":[],"class_list":{"0":"post-18883","1":"product","2":"type-product","3":"status-publish","4":"has-post-thumbnail","6":"product_cat-felsloeffel-steinloeffel-hardox-450-500","7":"pa_antal-tander-4stuck","8":"pa_max-bredd-1840mm","9":"pa_skar-60x580-400mm","10":"pa_tand-j550","11":"pa_vikt-3040kg","13":"first","14":"instock","15":"purchasable","16":"product-type-simple"},"yoast_head":"<!-- This site is optimized with the Yoast SEO plugin v27.4 - https:\/\/yoast.com\/product\/yoast-seo-wordpress\/ -->\n<title>HDR Felsl\u00f6ffel 2500L Deltablatt - 4 J550 Z\u00e4hne - 1840mm - SMP105 - EMA Sverige<\/title>\n<meta name=\"description\" content=\"HDR Felsl\u00f6ffel 2500L Deltaschaufel - 4 J550 Z\u00e4hne - 1840mm - SMP105 Innen- und Au\u00dfenrippen aus HARDOX 500, Boden, Kanten, Rahmen und Seiten aus HARDOX 450\" \/>\n<meta name=\"robots\" content=\"index, follow, max-snippet:-1, max-image-preview:large, max-video-preview:-1\" \/>\n<link rel=\"canonical\" href=\"https:\/\/emasweden.com\/de\/produkt\/hdr-felsloeffel-2500l-deltablatt-4-j550-zaehne-1840mm-smp105\/\" \/>\n<meta property=\"og:locale\" content=\"de_DE\" \/>\n<meta property=\"og:type\" content=\"article\" \/>\n<meta property=\"og:title\" content=\"HDR Felsl\u00f6ffel 2500L Deltablatt - 4 J550 Z\u00e4hne - 1840mm - SMP105 - EMA Sverige\" \/>\n<meta property=\"og:description\" content=\"HDR Felsl\u00f6ffel 2500L Deltaschaufel - 4 J550 Z\u00e4hne - 1840mm - SMP105 Innen- und Au\u00dfenrippen aus HARDOX 500, Boden, Kanten, Rahmen und Seiten aus HARDOX 450\" \/>\n<meta property=\"og:url\" content=\"https:\/\/emasweden.com\/de\/produkt\/hdr-felsloeffel-2500l-deltablatt-4-j550-zaehne-1840mm-smp105\/\" \/>\n<meta property=\"og:site_name\" content=\"EMA Sverige\" \/>\n<meta property=\"article:modified_time\" content=\"2025-10-01T11:41:16+00:00\" \/>\n<meta property=\"og:image\" content=\"https:\/\/emasweden.com\/wp-content\/uploads\/2021\/01\/7291172_1.jpg\" \/>\n\t<meta property=\"og:image:width\" content=\"1000\" \/>\n\t<meta property=\"og:image:height\" content=\"750\" \/>\n\t<meta property=\"og:image:type\" content=\"image\/jpeg\" \/>\n<meta name=\"twitter:card\" content=\"summary_large_image\" \/>\n<meta name=\"twitter:label1\" content=\"Gesch\u00e4tzte Lesezeit\" \/>\n\t<meta name=\"twitter:data1\" content=\"1\u00a0Minute\" \/>\n<script type=\"application\/ld+json\" class=\"yoast-schema-graph\">{\"@context\":\"https:\\\/\\\/schema.org\",\"@graph\":[{\"@type\":\"WebPage\",\"@id\":\"https:\\\/\\\/emasweden.com\\\/de\\\/produkt\\\/hdr-felsloeffel-2500l-deltablatt-4-j550-zaehne-1840mm-smp105\\\/\",\"url\":\"https:\\\/\\\/emasweden.com\\\/de\\\/produkt\\\/hdr-felsloeffel-2500l-deltablatt-4-j550-zaehne-1840mm-smp105\\\/\",\"name\":\"HDR Felsl\u00f6ffel 2500L Deltablatt - 4 J550 Z\u00e4hne - 1840mm - SMP105 - EMA Sverige\",\"isPartOf\":{\"@id\":\"https:\\\/\\\/emasweden.com\\\/de\\\/#website\"},\"primaryImageOfPage\":{\"@id\":\"https:\\\/\\\/emasweden.com\\\/de\\\/produkt\\\/hdr-felsloeffel-2500l-deltablatt-4-j550-zaehne-1840mm-smp105\\\/#primaryimage\"},\"image\":{\"@id\":\"https:\\\/\\\/emasweden.com\\\/de\\\/produkt\\\/hdr-felsloeffel-2500l-deltablatt-4-j550-zaehne-1840mm-smp105\\\/#primaryimage\"},\"thumbnailUrl\":\"https:\\\/\\\/emasweden.com\\\/wp-content\\\/uploads\\\/2021\\\/01\\\/7291172_1.jpg\",\"datePublished\":\"2021-01-20T14:37:10+00:00\",\"dateModified\":\"2025-10-01T11:41:16+00:00\",\"description\":\"HDR Felsl\u00f6ffel 2500L Deltaschaufel - 4 J550 Z\u00e4hne - 1840mm - SMP105 Innen- und Au\u00dfenrippen aus HARDOX 500, Boden, Kanten, Rahmen und Seiten aus HARDOX 450\",\"breadcrumb\":{\"@id\":\"https:\\\/\\\/emasweden.com\\\/de\\\/produkt\\\/hdr-felsloeffel-2500l-deltablatt-4-j550-zaehne-1840mm-smp105\\\/#breadcrumb\"},\"inLanguage\":\"de\",\"potentialAction\":[{\"@type\":\"ReadAction\",\"target\":[\"https:\\\/\\\/emasweden.com\\\/de\\\/produkt\\\/hdr-felsloeffel-2500l-deltablatt-4-j550-zaehne-1840mm-smp105\\\/\"]}]},{\"@type\":\"ImageObject\",\"inLanguage\":\"de\",\"@id\":\"https:\\\/\\\/emasweden.com\\\/de\\\/produkt\\\/hdr-felsloeffel-2500l-deltablatt-4-j550-zaehne-1840mm-smp105\\\/#primaryimage\",\"url\":\"https:\\\/\\\/emasweden.com\\\/wp-content\\\/uploads\\\/2021\\\/01\\\/7291172_1.jpg\",\"contentUrl\":\"https:\\\/\\\/emasweden.com\\\/wp-content\\\/uploads\\\/2021\\\/01\\\/7291172_1.jpg\",\"width\":1000,\"height\":750},{\"@type\":\"BreadcrumbList\",\"@id\":\"https:\\\/\\\/emasweden.com\\\/de\\\/produkt\\\/hdr-felsloeffel-2500l-deltablatt-4-j550-zaehne-1840mm-smp105\\\/#breadcrumb\",\"itemListElement\":[{\"@type\":\"ListItem\",\"position\":1,\"name\":\"Hem\",\"item\":\"https:\\\/\\\/emasweden.com\\\/de\\\/\"},{\"@type\":\"ListItem\",\"position\":2,\"name\":\"Produktsortiment\",\"item\":\"https:\\\/\\\/emasweden.com\\\/de\\\/produktsortiment-2\\\/\"},{\"@type\":\"ListItem\",\"position\":3,\"name\":\"HDR Felsl\u00f6ffel 2500L Deltablatt &#8211; 4 J550 Z\u00e4hne &#8211; 1840mm &#8211; SMP105\"}]},{\"@type\":\"WebSite\",\"@id\":\"https:\\\/\\\/emasweden.com\\\/de\\\/#website\",\"url\":\"https:\\\/\\\/emasweden.com\\\/de\\\/\",\"name\":\"EMA Sverige\",\"description\":\"\",\"potentialAction\":[{\"@type\":\"SearchAction\",\"target\":{\"@type\":\"EntryPoint\",\"urlTemplate\":\"https:\\\/\\\/emasweden.com\\\/de\\\/?s={search_term_string}\"},\"query-input\":{\"@type\":\"PropertyValueSpecification\",\"valueRequired\":true,\"valueName\":\"search_term_string\"}}],\"inLanguage\":\"de\"}]}<\/script>\n<!-- \/ Yoast SEO plugin. -->","yoast_head_json":{"title":"HDR Felsl\u00f6ffel 2500L Deltablatt - 4 J550 Z\u00e4hne - 1840mm - SMP105 - EMA Sverige","description":"HDR Felsl\u00f6ffel 2500L Deltaschaufel - 4 J550 Z\u00e4hne - 1840mm - SMP105 Innen- und Au\u00dfenrippen aus HARDOX 500, Boden, Kanten, Rahmen und Seiten aus HARDOX 450","robots":{"index":"index","follow":"follow","max-snippet":"max-snippet:-1","max-image-preview":"max-image-preview:large","max-video-preview":"max-video-preview:-1"},"canonical":"https:\/\/emasweden.com\/de\/produkt\/hdr-felsloeffel-2500l-deltablatt-4-j550-zaehne-1840mm-smp105\/","og_locale":"de_DE","og_type":"article","og_title":"HDR Felsl\u00f6ffel 2500L Deltablatt - 4 J550 Z\u00e4hne - 1840mm - SMP105 - EMA Sverige","og_description":"HDR Felsl\u00f6ffel 2500L Deltaschaufel - 4 J550 Z\u00e4hne - 1840mm - SMP105 Innen- und Au\u00dfenrippen aus HARDOX 500, Boden, Kanten, Rahmen und Seiten aus HARDOX 450","og_url":"https:\/\/emasweden.com\/de\/produkt\/hdr-felsloeffel-2500l-deltablatt-4-j550-zaehne-1840mm-smp105\/","og_site_name":"EMA Sverige","article_modified_time":"2025-10-01T11:41:16+00:00","og_image":[{"width":1000,"height":750,"url":"https:\/\/emasweden.com\/wp-content\/uploads\/2021\/01\/7291172_1.jpg","type":"image\/jpeg"}],"twitter_card":"summary_large_image","twitter_misc":{"Gesch\u00e4tzte Lesezeit":"1\u00a0Minute"},"schema":{"@context":"https:\/\/schema.org","@graph":[{"@type":"WebPage","@id":"https:\/\/emasweden.com\/de\/produkt\/hdr-felsloeffel-2500l-deltablatt-4-j550-zaehne-1840mm-smp105\/","url":"https:\/\/emasweden.com\/de\/produkt\/hdr-felsloeffel-2500l-deltablatt-4-j550-zaehne-1840mm-smp105\/","name":"HDR Felsl\u00f6ffel 2500L Deltablatt - 4 J550 Z\u00e4hne - 1840mm - SMP105 - EMA Sverige","isPartOf":{"@id":"https:\/\/emasweden.com\/de\/#website"},"primaryImageOfPage":{"@id":"https:\/\/emasweden.com\/de\/produkt\/hdr-felsloeffel-2500l-deltablatt-4-j550-zaehne-1840mm-smp105\/#primaryimage"},"image":{"@id":"https:\/\/emasweden.com\/de\/produkt\/hdr-felsloeffel-2500l-deltablatt-4-j550-zaehne-1840mm-smp105\/#primaryimage"},"thumbnailUrl":"https:\/\/emasweden.com\/wp-content\/uploads\/2021\/01\/7291172_1.jpg","datePublished":"2021-01-20T14:37:10+00:00","dateModified":"2025-10-01T11:41:16+00:00","description":"HDR Felsl\u00f6ffel 2500L Deltaschaufel - 4 J550 Z\u00e4hne - 1840mm - SMP105 Innen- und Au\u00dfenrippen aus HARDOX 500, Boden, Kanten, Rahmen und Seiten aus HARDOX 450","breadcrumb":{"@id":"https:\/\/emasweden.com\/de\/produkt\/hdr-felsloeffel-2500l-deltablatt-4-j550-zaehne-1840mm-smp105\/#breadcrumb"},"inLanguage":"de","potentialAction":[{"@type":"ReadAction","target":["https:\/\/emasweden.com\/de\/produkt\/hdr-felsloeffel-2500l-deltablatt-4-j550-zaehne-1840mm-smp105\/"]}]},{"@type":"ImageObject","inLanguage":"de","@id":"https:\/\/emasweden.com\/de\/produkt\/hdr-felsloeffel-2500l-deltablatt-4-j550-zaehne-1840mm-smp105\/#primaryimage","url":"https:\/\/emasweden.com\/wp-content\/uploads\/2021\/01\/7291172_1.jpg","contentUrl":"https:\/\/emasweden.com\/wp-content\/uploads\/2021\/01\/7291172_1.jpg","width":1000,"height":750},{"@type":"BreadcrumbList","@id":"https:\/\/emasweden.com\/de\/produkt\/hdr-felsloeffel-2500l-deltablatt-4-j550-zaehne-1840mm-smp105\/#breadcrumb","itemListElement":[{"@type":"ListItem","position":1,"name":"Hem","item":"https:\/\/emasweden.com\/de\/"},{"@type":"ListItem","position":2,"name":"Produktsortiment","item":"https:\/\/emasweden.com\/de\/produktsortiment-2\/"},{"@type":"ListItem","position":3,"name":"HDR Felsl\u00f6ffel 2500L Deltablatt &#8211; 4 J550 Z\u00e4hne &#8211; 1840mm &#8211; SMP105"}]},{"@type":"WebSite","@id":"https:\/\/emasweden.com\/de\/#website","url":"https:\/\/emasweden.com\/de\/","name":"EMA Sverige","description":"","potentialAction":[{"@type":"SearchAction","target":{"@type":"EntryPoint","urlTemplate":"https:\/\/emasweden.com\/de\/?s={search_term_string}"},"query-input":{"@type":"PropertyValueSpecification","valueRequired":true,"valueName":"search_term_string"}}],"inLanguage":"de"}]}},"_links":{"self":[{"href":"https:\/\/emasweden.com\/de\/wp-json\/wp\/v2\/product\/18883","targetHints":{"allow":["GET"]}}],"collection":[{"href":"https:\/\/emasweden.com\/de\/wp-json\/wp\/v2\/product"}],"about":[{"href":"https:\/\/emasweden.com\/de\/wp-json\/wp\/v2\/types\/product"}],"wp:featuredmedia":[{"embeddable":true,"href":"https:\/\/emasweden.com\/de\/wp-json\/wp\/v2\/media\/21557"}],"wp:attachment":[{"href":"https:\/\/emasweden.com\/de\/wp-json\/wp\/v2\/media?parent=18883"}],"wp:term":[{"taxonomy":"product_brand","embeddable":true,"href":"https:\/\/emasweden.com\/de\/wp-json\/wp\/v2\/product_brand?post=18883"},{"taxonomy":"product_cat","embeddable":true,"href":"https:\/\/emasweden.com\/de\/wp-json\/wp\/v2\/product_cat?post=18883"},{"taxonomy":"product_tag","embeddable":true,"href":"https:\/\/emasweden.com\/de\/wp-json\/wp\/v2\/product_tag?post=18883"},{"taxonomy":"faste-y","embeddable":true,"href":"https:\/\/emasweden.com\/de\/wp-json\/wp\/v2\/faste-y?post=18883"}],"curies":[{"name":"wp","href":"https:\/\/api.w.org\/{rel}","templated":true}]}}