{"id":18978,"date":"2021-01-20T15:38:09","date_gmt":"2021-01-20T14:38:09","guid":{"rendered":"https:\/\/emasweden.com\/produkt\/hdrp-felsloeffel-pansar-2800l-deltablatt-5stk-j550-zaehne-2040mm-s3\/"},"modified":"2025-10-01T13:43:07","modified_gmt":"2025-10-01T11:43:07","slug":"hdrp-felsloeffel-pansar-2800l-deltablatt-5stk-j550-zaehne-2040mm-s3","status":"publish","type":"product","link":"https:\/\/emasweden.com\/de\/produkt\/hdrp-felsloeffel-pansar-2800l-deltablatt-5stk-j550-zaehne-2040mm-s3\/","title":{"rendered":"HDRP Felsl\u00f6ffel Pansar 2800L Deltablatt &#8211; 5Stk J550 Z\u00e4hne &#8211; 2040mm &#8211; S3"},"content":{"rendered":"<p><sup>HDRP Felsl\u00f6ffel Pansar 2800L Deltablatt &#8211; 5Stk J550 Z\u00e4hne &#8211; 2040mm &#8211; S3<\/sup><br \/>\n<br \/>&#8211; Heavy Duty Rock Armour<br \/>\n<br \/>Ema 500 PANSAR wird gr\u00f6\u00dftenteils aus dem sehr widerstandsf\u00e4higen Material HARDOX 500 hergestellt. Das bedeutet, dass die Produkte dieser Serie eine sehr lange Lebensdauer haben, selbst unter h\u00e4rtesten Bedingungen.<br \/>\n<br \/>  Die Schaufeln der PANSAR-Serie sind mit internen und externen Verschlei\u00dfrippen, Fersenschutz, Milchz\u00e4hnen, Verschlei\u00dfpucks und Chocko-Bars ausgestattet und k\u00f6nnen auch individuell angepasst werden.  <br \/>Die Wahl von Hardox 500 als Material bedeutet auch, dass Sie Verschlei\u00dfteile, wie z.B. Endkappen, entfernen k\u00f6nnen, was ein geringeres Gewicht und einen niedrigeren Kraftstoffverbrauch bedeutet. <\/p>\n<p>&#8211; Schnitte, Kanten, Verschlei\u00dfstreifen und Rahmen in  <a href=\"https:\/\/www.ssab.com\/products\/brands\/hardox\/products\/hardox-500\" target=\"_blank\" rel=\"noopener\">HARDOX 500<\/a><br \/>\n<br \/>&#8211; Boden und Seiten aus <a href=\"https:\/\/www.ssab.com\/products\/brands\/hardox\/products\/hardox-450\" target=\"_blank\" rel=\"noopener\">HARDOX 450<\/a><br \/>\n<br \/>&#8211; Zus\u00e4tzlicher Verschlei\u00dfschutz oberhalb und unterhalb des Zinkenhalters<br \/>\n<br \/>&#8211; Milchz\u00e4hne als Standard<br \/>\n<br \/>&#8211; Gerader oder deltaf\u00f6rmiger Schnitt\n<\/ul>\n","protected":false},"excerpt":{"rendered":"<p>HDRP Felsl\u00f6ffel Pansar 2800L Deltablatt &#8211; 5Stk J550 Z\u00e4hne &#8211; 2040mm &#8211; S3 &#8211; Heavy Duty Rock Armour Ema 500 PANSAR wird gr\u00f6\u00dftenteils aus dem sehr widerstandsf\u00e4higen Material HARDOX 500 hergestellt. Das bedeutet, dass die Produkte dieser Serie eine sehr lange Lebensdauer haben, selbst unter h\u00e4rtesten Bedingungen. Die Schaufeln der PANSAR-Serie sind mit internen und [&hellip;]<\/p>\n","protected":false},"featured_media":21675,"template":"","meta":{"_monsterinsights_skip_tracking":false,"_monsterinsights_sitenote_active":false,"_monsterinsights_sitenote_note":"","_monsterinsights_sitenote_category":0},"product_brand":[],"product_cat":[4694],"product_tag":[],"faste-y":[],"class_list":{"0":"post-18978","1":"product","2":"type-product","3":"status-publish","4":"has-post-thumbnail","6":"product_cat-felsloeffel-steinloeffel-hardox-450-500","7":"pa_antal-tander-5stueck","8":"pa_max-bredd-2040mm","9":"pa_skar-60x750-570mm","10":"pa_tand-j550","11":"pa_vikt-3625kg","13":"first","14":"instock","15":"purchasable","16":"product-type-simple"},"yoast_head":"<!-- This site is optimized with the Yoast SEO plugin v27.4 - https:\/\/yoast.com\/product\/yoast-seo-wordpress\/ -->\n<title>HDRP Felsl\u00f6ffel Pansar 2800L Deltablatt - 5Stk J550 Z\u00e4hne - 2040mm - S3 - EMA Sverige<\/title>\n<meta name=\"description\" content=\"HDRP Felsl\u00f6ffel Pansar 2800L Deltaschaufel - 5 Stck. J550 Z\u00e4hne - 2040mm - S3 Schaufel, Kanten, Verschlei\u00dfrippen und Rahmen aus HARDOX 500. Boden und Seiten aus HARDOX 450.\" \/>\n<meta name=\"robots\" content=\"index, follow, max-snippet:-1, max-image-preview:large, max-video-preview:-1\" \/>\n<link rel=\"canonical\" href=\"https:\/\/emasweden.com\/de\/produkt\/hdrp-felsloeffel-pansar-2800l-deltablatt-5stk-j550-zaehne-2040mm-s3\/\" \/>\n<meta property=\"og:locale\" content=\"de_DE\" \/>\n<meta property=\"og:type\" content=\"article\" \/>\n<meta property=\"og:title\" content=\"HDRP Felsl\u00f6ffel Pansar 2800L Deltablatt - 5Stk J550 Z\u00e4hne - 2040mm - S3 - EMA Sverige\" \/>\n<meta property=\"og:description\" content=\"HDRP Felsl\u00f6ffel Pansar 2800L Deltaschaufel - 5 Stck. J550 Z\u00e4hne - 2040mm - S3 Schaufel, Kanten, Verschlei\u00dfrippen und Rahmen aus HARDOX 500. Boden und Seiten aus HARDOX 450.\" \/>\n<meta property=\"og:url\" content=\"https:\/\/emasweden.com\/de\/produkt\/hdrp-felsloeffel-pansar-2800l-deltablatt-5stk-j550-zaehne-2040mm-s3\/\" \/>\n<meta property=\"og:site_name\" content=\"EMA Sverige\" \/>\n<meta property=\"article:modified_time\" content=\"2025-10-01T11:43:07+00:00\" \/>\n<meta property=\"og:image\" content=\"https:\/\/emasweden.com\/wp-content\/uploads\/2021\/01\/7291303_1.jpg\" \/>\n\t<meta property=\"og:image:width\" content=\"1000\" \/>\n\t<meta property=\"og:image:height\" content=\"750\" \/>\n\t<meta property=\"og:image:type\" content=\"image\/jpeg\" \/>\n<meta name=\"twitter:card\" content=\"summary_large_image\" \/>\n<meta name=\"twitter:label1\" content=\"Gesch\u00e4tzte Lesezeit\" \/>\n\t<meta name=\"twitter:data1\" content=\"1\u00a0Minute\" \/>\n<script type=\"application\/ld+json\" class=\"yoast-schema-graph\">{\"@context\":\"https:\\\/\\\/schema.org\",\"@graph\":[{\"@type\":\"WebPage\",\"@id\":\"https:\\\/\\\/emasweden.com\\\/de\\\/produkt\\\/hdrp-felsloeffel-pansar-2800l-deltablatt-5stk-j550-zaehne-2040mm-s3\\\/\",\"url\":\"https:\\\/\\\/emasweden.com\\\/de\\\/produkt\\\/hdrp-felsloeffel-pansar-2800l-deltablatt-5stk-j550-zaehne-2040mm-s3\\\/\",\"name\":\"HDRP Felsl\u00f6ffel Pansar 2800L Deltablatt - 5Stk J550 Z\u00e4hne - 2040mm - S3 - EMA Sverige\",\"isPartOf\":{\"@id\":\"https:\\\/\\\/emasweden.com\\\/de\\\/#website\"},\"primaryImageOfPage\":{\"@id\":\"https:\\\/\\\/emasweden.com\\\/de\\\/produkt\\\/hdrp-felsloeffel-pansar-2800l-deltablatt-5stk-j550-zaehne-2040mm-s3\\\/#primaryimage\"},\"image\":{\"@id\":\"https:\\\/\\\/emasweden.com\\\/de\\\/produkt\\\/hdrp-felsloeffel-pansar-2800l-deltablatt-5stk-j550-zaehne-2040mm-s3\\\/#primaryimage\"},\"thumbnailUrl\":\"https:\\\/\\\/emasweden.com\\\/wp-content\\\/uploads\\\/2021\\\/01\\\/7291303_1.jpg\",\"datePublished\":\"2021-01-20T14:38:09+00:00\",\"dateModified\":\"2025-10-01T11:43:07+00:00\",\"description\":\"HDRP Felsl\u00f6ffel Pansar 2800L Deltaschaufel - 5 Stck. J550 Z\u00e4hne - 2040mm - S3 Schaufel, Kanten, Verschlei\u00dfrippen und Rahmen aus HARDOX 500. Boden und Seiten aus HARDOX 450.\",\"breadcrumb\":{\"@id\":\"https:\\\/\\\/emasweden.com\\\/de\\\/produkt\\\/hdrp-felsloeffel-pansar-2800l-deltablatt-5stk-j550-zaehne-2040mm-s3\\\/#breadcrumb\"},\"inLanguage\":\"de\",\"potentialAction\":[{\"@type\":\"ReadAction\",\"target\":[\"https:\\\/\\\/emasweden.com\\\/de\\\/produkt\\\/hdrp-felsloeffel-pansar-2800l-deltablatt-5stk-j550-zaehne-2040mm-s3\\\/\"]}]},{\"@type\":\"ImageObject\",\"inLanguage\":\"de\",\"@id\":\"https:\\\/\\\/emasweden.com\\\/de\\\/produkt\\\/hdrp-felsloeffel-pansar-2800l-deltablatt-5stk-j550-zaehne-2040mm-s3\\\/#primaryimage\",\"url\":\"https:\\\/\\\/emasweden.com\\\/wp-content\\\/uploads\\\/2021\\\/01\\\/7291303_1.jpg\",\"contentUrl\":\"https:\\\/\\\/emasweden.com\\\/wp-content\\\/uploads\\\/2021\\\/01\\\/7291303_1.jpg\",\"width\":1000,\"height\":750},{\"@type\":\"BreadcrumbList\",\"@id\":\"https:\\\/\\\/emasweden.com\\\/de\\\/produkt\\\/hdrp-felsloeffel-pansar-2800l-deltablatt-5stk-j550-zaehne-2040mm-s3\\\/#breadcrumb\",\"itemListElement\":[{\"@type\":\"ListItem\",\"position\":1,\"name\":\"Hem\",\"item\":\"https:\\\/\\\/emasweden.com\\\/de\\\/\"},{\"@type\":\"ListItem\",\"position\":2,\"name\":\"Produktsortiment\",\"item\":\"https:\\\/\\\/emasweden.com\\\/de\\\/produktsortiment-2\\\/\"},{\"@type\":\"ListItem\",\"position\":3,\"name\":\"HDRP Felsl\u00f6ffel Pansar 2800L Deltablatt &#8211; 5Stk J550 Z\u00e4hne &#8211; 2040mm &#8211; S3\"}]},{\"@type\":\"WebSite\",\"@id\":\"https:\\\/\\\/emasweden.com\\\/de\\\/#website\",\"url\":\"https:\\\/\\\/emasweden.com\\\/de\\\/\",\"name\":\"EMA Sverige\",\"description\":\"\",\"potentialAction\":[{\"@type\":\"SearchAction\",\"target\":{\"@type\":\"EntryPoint\",\"urlTemplate\":\"https:\\\/\\\/emasweden.com\\\/de\\\/?s={search_term_string}\"},\"query-input\":{\"@type\":\"PropertyValueSpecification\",\"valueRequired\":true,\"valueName\":\"search_term_string\"}}],\"inLanguage\":\"de\"}]}<\/script>\n<!-- \/ Yoast SEO plugin. -->","yoast_head_json":{"title":"HDRP Felsl\u00f6ffel Pansar 2800L Deltablatt - 5Stk J550 Z\u00e4hne - 2040mm - S3 - EMA Sverige","description":"HDRP Felsl\u00f6ffel Pansar 2800L Deltaschaufel - 5 Stck. J550 Z\u00e4hne - 2040mm - S3 Schaufel, Kanten, Verschlei\u00dfrippen und Rahmen aus HARDOX 500. Boden und Seiten aus HARDOX 450.","robots":{"index":"index","follow":"follow","max-snippet":"max-snippet:-1","max-image-preview":"max-image-preview:large","max-video-preview":"max-video-preview:-1"},"canonical":"https:\/\/emasweden.com\/de\/produkt\/hdrp-felsloeffel-pansar-2800l-deltablatt-5stk-j550-zaehne-2040mm-s3\/","og_locale":"de_DE","og_type":"article","og_title":"HDRP Felsl\u00f6ffel Pansar 2800L Deltablatt - 5Stk J550 Z\u00e4hne - 2040mm - S3 - EMA Sverige","og_description":"HDRP Felsl\u00f6ffel Pansar 2800L Deltaschaufel - 5 Stck. J550 Z\u00e4hne - 2040mm - S3 Schaufel, Kanten, Verschlei\u00dfrippen und Rahmen aus HARDOX 500. Boden und Seiten aus HARDOX 450.","og_url":"https:\/\/emasweden.com\/de\/produkt\/hdrp-felsloeffel-pansar-2800l-deltablatt-5stk-j550-zaehne-2040mm-s3\/","og_site_name":"EMA Sverige","article_modified_time":"2025-10-01T11:43:07+00:00","og_image":[{"width":1000,"height":750,"url":"https:\/\/emasweden.com\/wp-content\/uploads\/2021\/01\/7291303_1.jpg","type":"image\/jpeg"}],"twitter_card":"summary_large_image","twitter_misc":{"Gesch\u00e4tzte Lesezeit":"1\u00a0Minute"},"schema":{"@context":"https:\/\/schema.org","@graph":[{"@type":"WebPage","@id":"https:\/\/emasweden.com\/de\/produkt\/hdrp-felsloeffel-pansar-2800l-deltablatt-5stk-j550-zaehne-2040mm-s3\/","url":"https:\/\/emasweden.com\/de\/produkt\/hdrp-felsloeffel-pansar-2800l-deltablatt-5stk-j550-zaehne-2040mm-s3\/","name":"HDRP Felsl\u00f6ffel Pansar 2800L Deltablatt - 5Stk J550 Z\u00e4hne - 2040mm - S3 - EMA Sverige","isPartOf":{"@id":"https:\/\/emasweden.com\/de\/#website"},"primaryImageOfPage":{"@id":"https:\/\/emasweden.com\/de\/produkt\/hdrp-felsloeffel-pansar-2800l-deltablatt-5stk-j550-zaehne-2040mm-s3\/#primaryimage"},"image":{"@id":"https:\/\/emasweden.com\/de\/produkt\/hdrp-felsloeffel-pansar-2800l-deltablatt-5stk-j550-zaehne-2040mm-s3\/#primaryimage"},"thumbnailUrl":"https:\/\/emasweden.com\/wp-content\/uploads\/2021\/01\/7291303_1.jpg","datePublished":"2021-01-20T14:38:09+00:00","dateModified":"2025-10-01T11:43:07+00:00","description":"HDRP Felsl\u00f6ffel Pansar 2800L Deltaschaufel - 5 Stck. J550 Z\u00e4hne - 2040mm - S3 Schaufel, Kanten, Verschlei\u00dfrippen und Rahmen aus HARDOX 500. Boden und Seiten aus HARDOX 450.","breadcrumb":{"@id":"https:\/\/emasweden.com\/de\/produkt\/hdrp-felsloeffel-pansar-2800l-deltablatt-5stk-j550-zaehne-2040mm-s3\/#breadcrumb"},"inLanguage":"de","potentialAction":[{"@type":"ReadAction","target":["https:\/\/emasweden.com\/de\/produkt\/hdrp-felsloeffel-pansar-2800l-deltablatt-5stk-j550-zaehne-2040mm-s3\/"]}]},{"@type":"ImageObject","inLanguage":"de","@id":"https:\/\/emasweden.com\/de\/produkt\/hdrp-felsloeffel-pansar-2800l-deltablatt-5stk-j550-zaehne-2040mm-s3\/#primaryimage","url":"https:\/\/emasweden.com\/wp-content\/uploads\/2021\/01\/7291303_1.jpg","contentUrl":"https:\/\/emasweden.com\/wp-content\/uploads\/2021\/01\/7291303_1.jpg","width":1000,"height":750},{"@type":"BreadcrumbList","@id":"https:\/\/emasweden.com\/de\/produkt\/hdrp-felsloeffel-pansar-2800l-deltablatt-5stk-j550-zaehne-2040mm-s3\/#breadcrumb","itemListElement":[{"@type":"ListItem","position":1,"name":"Hem","item":"https:\/\/emasweden.com\/de\/"},{"@type":"ListItem","position":2,"name":"Produktsortiment","item":"https:\/\/emasweden.com\/de\/produktsortiment-2\/"},{"@type":"ListItem","position":3,"name":"HDRP Felsl\u00f6ffel Pansar 2800L Deltablatt &#8211; 5Stk J550 Z\u00e4hne &#8211; 2040mm &#8211; S3"}]},{"@type":"WebSite","@id":"https:\/\/emasweden.com\/de\/#website","url":"https:\/\/emasweden.com\/de\/","name":"EMA Sverige","description":"","potentialAction":[{"@type":"SearchAction","target":{"@type":"EntryPoint","urlTemplate":"https:\/\/emasweden.com\/de\/?s={search_term_string}"},"query-input":{"@type":"PropertyValueSpecification","valueRequired":true,"valueName":"search_term_string"}}],"inLanguage":"de"}]}},"_links":{"self":[{"href":"https:\/\/emasweden.com\/de\/wp-json\/wp\/v2\/product\/18978","targetHints":{"allow":["GET"]}}],"collection":[{"href":"https:\/\/emasweden.com\/de\/wp-json\/wp\/v2\/product"}],"about":[{"href":"https:\/\/emasweden.com\/de\/wp-json\/wp\/v2\/types\/product"}],"wp:featuredmedia":[{"embeddable":true,"href":"https:\/\/emasweden.com\/de\/wp-json\/wp\/v2\/media\/21675"}],"wp:attachment":[{"href":"https:\/\/emasweden.com\/de\/wp-json\/wp\/v2\/media?parent=18978"}],"wp:term":[{"taxonomy":"product_brand","embeddable":true,"href":"https:\/\/emasweden.com\/de\/wp-json\/wp\/v2\/product_brand?post=18978"},{"taxonomy":"product_cat","embeddable":true,"href":"https:\/\/emasweden.com\/de\/wp-json\/wp\/v2\/product_cat?post=18978"},{"taxonomy":"product_tag","embeddable":true,"href":"https:\/\/emasweden.com\/de\/wp-json\/wp\/v2\/product_tag?post=18978"},{"taxonomy":"faste-y","embeddable":true,"href":"https:\/\/emasweden.com\/de\/wp-json\/wp\/v2\/faste-y?post=18978"}],"curies":[{"name":"wp","href":"https:\/\/api.w.org\/{rel}","templated":true}]}}