{"id":19038,"date":"2021-01-20T14:31:35","date_gmt":"2021-01-20T13:31:35","guid":{"rendered":"https:\/\/emasweden.com\/produkt\/std-kabelpflug-breite-55mm-tiefe-800mm-s40\/"},"modified":"2025-10-01T13:44:25","modified_gmt":"2025-10-01T11:44:25","slug":"std-kabelpflug-breite-55mm-tiefe-800mm-s40","status":"publish","type":"product","link":"https:\/\/emasweden.com\/de\/produkt\/std-kabelpflug-breite-55mm-tiefe-800mm-s40\/","title":{"rendered":"Std Kabelpflug &#8211; Breite 55mm &#8211; Tiefe 800mm &#8211; S40"},"content":{"rendered":"<p><sup>Std Kabelplog &#8211; Bredd inv 55mm &#8211; Djup 800mm &#8211; S40<\/sup><br \/>\n\u2013 V\u00e5r Standard Duty Kabelplog med sin unika design som g\u00f6r att materialet inte fastnar mellan l\u00e4ggare och f\u00f6rrivare, konstruerad f\u00f6r att enkelt l\u00e4gga kabel eller slang.<\/p>\n<p>\u2022\t\u00d6ppningsbara kanaler; se specifikation f\u00f6r mer info.<\/p>\n<p>\u2022\tBultade f\u00e4sten p\u00e5 samtliga kabelplogar utan f\u00e4ste<\/p>\n<p>\u2022\t<a href=\"https:\/\/www.ssab.com\/products\/brands\/hardox\/products\/hardox-450\" target=\"_blank\" rel=\"noopener\">HARDOX 450<\/a> i hela l\u00e4ggaren samt d\u00e4r slitaget \u00e4r stort p\u00e5 f\u00f6rrivaren<\/p>\n<p>\u2022\tLevereras komplett med m\u00e4rkbandsh\u00e5llare<\/p>\n","protected":false},"excerpt":{"rendered":"<p>Std Kabelplog &#8211; Bredd inv 55mm &#8211; Djup 800mm &#8211; S40 \u2013 V\u00e5r Standard Duty Kabelplog med sin unika design som g\u00f6r att materialet inte fastnar mellan l\u00e4ggare och f\u00f6rrivare, konstruerad f\u00f6r att enkelt l\u00e4gga kabel eller slang. \u2022 \u00d6ppningsbara kanaler; se specifikation f\u00f6r mer info. \u2022 Bultade f\u00e4sten p\u00e5 samtliga kabelplogar utan f\u00e4ste \u2022 [&hellip;]<\/p>\n","protected":false},"featured_media":20915,"template":"","meta":{"_monsterinsights_skip_tracking":false,"_monsterinsights_sitenote_active":false,"_monsterinsights_sitenote_note":"","_monsterinsights_sitenote_category":0},"product_brand":[],"product_cat":[5008],"product_tag":[],"faste-y":[],"class_list":{"0":"post-19038","1":"product","2":"type-product","3":"status-publish","4":"has-post-thumbnail","6":"product_cat-kabelpflug","7":"pa_tand-j250","9":"first","10":"instock","11":"purchasable","12":"product-type-simple"},"yoast_head":"<!-- This site is optimized with the Yoast SEO plugin v27.4 - https:\/\/yoast.com\/product\/yoast-seo-wordpress\/ -->\n<title>Std Kabelpflug - Breite 55mm - Tiefe 800mm - S40 - EMA Sverige<\/title>\n<meta name=\"description\" content=\"Std Kabelpflug - Breite 55mm - Tiefe 800mm - S40. Einzigartiges Design, geeignet zum einfachen Verlegen von Kabeln oder Schl\u00e4uchen.\" \/>\n<meta name=\"robots\" content=\"index, follow, max-snippet:-1, max-image-preview:large, max-video-preview:-1\" \/>\n<link rel=\"canonical\" href=\"https:\/\/emasweden.com\/de\/produkt\/std-kabelpflug-breite-55mm-tiefe-800mm-s40\/\" \/>\n<meta property=\"og:locale\" content=\"de_DE\" \/>\n<meta property=\"og:type\" content=\"article\" \/>\n<meta property=\"og:title\" content=\"Std Kabelpflug - Breite 55mm - Tiefe 800mm - S40 - EMA Sverige\" \/>\n<meta property=\"og:description\" content=\"Std Kabelpflug - Breite 55mm - Tiefe 800mm - S40. Einzigartiges Design, geeignet zum einfachen Verlegen von Kabeln oder Schl\u00e4uchen.\" \/>\n<meta property=\"og:url\" content=\"https:\/\/emasweden.com\/de\/produkt\/std-kabelpflug-breite-55mm-tiefe-800mm-s40\/\" \/>\n<meta property=\"og:site_name\" content=\"EMA Sverige\" \/>\n<meta property=\"article:modified_time\" content=\"2025-10-01T11:44:25+00:00\" \/>\n<meta property=\"og:image\" content=\"https:\/\/emasweden.com\/wp-content\/uploads\/2021\/01\/PRO-001285-07270011a-4.jpg\" \/>\n\t<meta property=\"og:image:width\" content=\"1000\" \/>\n\t<meta property=\"og:image:height\" content=\"750\" \/>\n\t<meta property=\"og:image:type\" content=\"image\/jpeg\" \/>\n<meta name=\"twitter:card\" content=\"summary_large_image\" \/>\n<script type=\"application\/ld+json\" class=\"yoast-schema-graph\">{\"@context\":\"https:\\\/\\\/schema.org\",\"@graph\":[{\"@type\":\"WebPage\",\"@id\":\"https:\\\/\\\/emasweden.com\\\/de\\\/produkt\\\/std-kabelpflug-breite-55mm-tiefe-800mm-s40\\\/\",\"url\":\"https:\\\/\\\/emasweden.com\\\/de\\\/produkt\\\/std-kabelpflug-breite-55mm-tiefe-800mm-s40\\\/\",\"name\":\"Std Kabelpflug - Breite 55mm - Tiefe 800mm - S40 - EMA Sverige\",\"isPartOf\":{\"@id\":\"https:\\\/\\\/emasweden.com\\\/de\\\/#website\"},\"primaryImageOfPage\":{\"@id\":\"https:\\\/\\\/emasweden.com\\\/de\\\/produkt\\\/std-kabelpflug-breite-55mm-tiefe-800mm-s40\\\/#primaryimage\"},\"image\":{\"@id\":\"https:\\\/\\\/emasweden.com\\\/de\\\/produkt\\\/std-kabelpflug-breite-55mm-tiefe-800mm-s40\\\/#primaryimage\"},\"thumbnailUrl\":\"https:\\\/\\\/emasweden.com\\\/wp-content\\\/uploads\\\/2021\\\/01\\\/PRO-001285-07270011a-4.jpg\",\"datePublished\":\"2021-01-20T13:31:35+00:00\",\"dateModified\":\"2025-10-01T11:44:25+00:00\",\"description\":\"Std Kabelpflug - Breite 55mm - Tiefe 800mm - S40. Einzigartiges Design, geeignet zum einfachen Verlegen von Kabeln oder Schl\u00e4uchen.\",\"breadcrumb\":{\"@id\":\"https:\\\/\\\/emasweden.com\\\/de\\\/produkt\\\/std-kabelpflug-breite-55mm-tiefe-800mm-s40\\\/#breadcrumb\"},\"inLanguage\":\"de\",\"potentialAction\":[{\"@type\":\"ReadAction\",\"target\":[\"https:\\\/\\\/emasweden.com\\\/de\\\/produkt\\\/std-kabelpflug-breite-55mm-tiefe-800mm-s40\\\/\"]}]},{\"@type\":\"ImageObject\",\"inLanguage\":\"de\",\"@id\":\"https:\\\/\\\/emasweden.com\\\/de\\\/produkt\\\/std-kabelpflug-breite-55mm-tiefe-800mm-s40\\\/#primaryimage\",\"url\":\"https:\\\/\\\/emasweden.com\\\/wp-content\\\/uploads\\\/2021\\\/01\\\/PRO-001285-07270011a-4.jpg\",\"contentUrl\":\"https:\\\/\\\/emasweden.com\\\/wp-content\\\/uploads\\\/2021\\\/01\\\/PRO-001285-07270011a-4.jpg\",\"width\":1000,\"height\":750,\"caption\":\"Std Kabelplog - Bredd inv 55mm - Djup 800mm - S40\"},{\"@type\":\"BreadcrumbList\",\"@id\":\"https:\\\/\\\/emasweden.com\\\/de\\\/produkt\\\/std-kabelpflug-breite-55mm-tiefe-800mm-s40\\\/#breadcrumb\",\"itemListElement\":[{\"@type\":\"ListItem\",\"position\":1,\"name\":\"Hem\",\"item\":\"https:\\\/\\\/emasweden.com\\\/de\\\/\"},{\"@type\":\"ListItem\",\"position\":2,\"name\":\"Produktsortiment\",\"item\":\"https:\\\/\\\/emasweden.com\\\/de\\\/produktsortiment-2\\\/\"},{\"@type\":\"ListItem\",\"position\":3,\"name\":\"Std Kabelpflug &#8211; Breite 55mm &#8211; Tiefe 800mm &#8211; S40\"}]},{\"@type\":\"WebSite\",\"@id\":\"https:\\\/\\\/emasweden.com\\\/de\\\/#website\",\"url\":\"https:\\\/\\\/emasweden.com\\\/de\\\/\",\"name\":\"EMA Sverige\",\"description\":\"\",\"potentialAction\":[{\"@type\":\"SearchAction\",\"target\":{\"@type\":\"EntryPoint\",\"urlTemplate\":\"https:\\\/\\\/emasweden.com\\\/de\\\/?s={search_term_string}\"},\"query-input\":{\"@type\":\"PropertyValueSpecification\",\"valueRequired\":true,\"valueName\":\"search_term_string\"}}],\"inLanguage\":\"de\"}]}<\/script>\n<!-- \/ Yoast SEO plugin. -->","yoast_head_json":{"title":"Std Kabelpflug - Breite 55mm - Tiefe 800mm - S40 - EMA Sverige","description":"Std Kabelpflug - Breite 55mm - Tiefe 800mm - S40. Einzigartiges Design, geeignet zum einfachen Verlegen von Kabeln oder Schl\u00e4uchen.","robots":{"index":"index","follow":"follow","max-snippet":"max-snippet:-1","max-image-preview":"max-image-preview:large","max-video-preview":"max-video-preview:-1"},"canonical":"https:\/\/emasweden.com\/de\/produkt\/std-kabelpflug-breite-55mm-tiefe-800mm-s40\/","og_locale":"de_DE","og_type":"article","og_title":"Std Kabelpflug - Breite 55mm - Tiefe 800mm - S40 - EMA Sverige","og_description":"Std Kabelpflug - Breite 55mm - Tiefe 800mm - S40. Einzigartiges Design, geeignet zum einfachen Verlegen von Kabeln oder Schl\u00e4uchen.","og_url":"https:\/\/emasweden.com\/de\/produkt\/std-kabelpflug-breite-55mm-tiefe-800mm-s40\/","og_site_name":"EMA Sverige","article_modified_time":"2025-10-01T11:44:25+00:00","og_image":[{"width":1000,"height":750,"url":"https:\/\/emasweden.com\/wp-content\/uploads\/2021\/01\/PRO-001285-07270011a-4.jpg","type":"image\/jpeg"}],"twitter_card":"summary_large_image","schema":{"@context":"https:\/\/schema.org","@graph":[{"@type":"WebPage","@id":"https:\/\/emasweden.com\/de\/produkt\/std-kabelpflug-breite-55mm-tiefe-800mm-s40\/","url":"https:\/\/emasweden.com\/de\/produkt\/std-kabelpflug-breite-55mm-tiefe-800mm-s40\/","name":"Std Kabelpflug - Breite 55mm - Tiefe 800mm - S40 - EMA Sverige","isPartOf":{"@id":"https:\/\/emasweden.com\/de\/#website"},"primaryImageOfPage":{"@id":"https:\/\/emasweden.com\/de\/produkt\/std-kabelpflug-breite-55mm-tiefe-800mm-s40\/#primaryimage"},"image":{"@id":"https:\/\/emasweden.com\/de\/produkt\/std-kabelpflug-breite-55mm-tiefe-800mm-s40\/#primaryimage"},"thumbnailUrl":"https:\/\/emasweden.com\/wp-content\/uploads\/2021\/01\/PRO-001285-07270011a-4.jpg","datePublished":"2021-01-20T13:31:35+00:00","dateModified":"2025-10-01T11:44:25+00:00","description":"Std Kabelpflug - Breite 55mm - Tiefe 800mm - S40. Einzigartiges Design, geeignet zum einfachen Verlegen von Kabeln oder Schl\u00e4uchen.","breadcrumb":{"@id":"https:\/\/emasweden.com\/de\/produkt\/std-kabelpflug-breite-55mm-tiefe-800mm-s40\/#breadcrumb"},"inLanguage":"de","potentialAction":[{"@type":"ReadAction","target":["https:\/\/emasweden.com\/de\/produkt\/std-kabelpflug-breite-55mm-tiefe-800mm-s40\/"]}]},{"@type":"ImageObject","inLanguage":"de","@id":"https:\/\/emasweden.com\/de\/produkt\/std-kabelpflug-breite-55mm-tiefe-800mm-s40\/#primaryimage","url":"https:\/\/emasweden.com\/wp-content\/uploads\/2021\/01\/PRO-001285-07270011a-4.jpg","contentUrl":"https:\/\/emasweden.com\/wp-content\/uploads\/2021\/01\/PRO-001285-07270011a-4.jpg","width":1000,"height":750,"caption":"Std Kabelplog - Bredd inv 55mm - Djup 800mm - S40"},{"@type":"BreadcrumbList","@id":"https:\/\/emasweden.com\/de\/produkt\/std-kabelpflug-breite-55mm-tiefe-800mm-s40\/#breadcrumb","itemListElement":[{"@type":"ListItem","position":1,"name":"Hem","item":"https:\/\/emasweden.com\/de\/"},{"@type":"ListItem","position":2,"name":"Produktsortiment","item":"https:\/\/emasweden.com\/de\/produktsortiment-2\/"},{"@type":"ListItem","position":3,"name":"Std Kabelpflug &#8211; Breite 55mm &#8211; Tiefe 800mm &#8211; S40"}]},{"@type":"WebSite","@id":"https:\/\/emasweden.com\/de\/#website","url":"https:\/\/emasweden.com\/de\/","name":"EMA Sverige","description":"","potentialAction":[{"@type":"SearchAction","target":{"@type":"EntryPoint","urlTemplate":"https:\/\/emasweden.com\/de\/?s={search_term_string}"},"query-input":{"@type":"PropertyValueSpecification","valueRequired":true,"valueName":"search_term_string"}}],"inLanguage":"de"}]}},"_links":{"self":[{"href":"https:\/\/emasweden.com\/de\/wp-json\/wp\/v2\/product\/19038","targetHints":{"allow":["GET"]}}],"collection":[{"href":"https:\/\/emasweden.com\/de\/wp-json\/wp\/v2\/product"}],"about":[{"href":"https:\/\/emasweden.com\/de\/wp-json\/wp\/v2\/types\/product"}],"wp:featuredmedia":[{"embeddable":true,"href":"https:\/\/emasweden.com\/de\/wp-json\/wp\/v2\/media\/20915"}],"wp:attachment":[{"href":"https:\/\/emasweden.com\/de\/wp-json\/wp\/v2\/media?parent=19038"}],"wp:term":[{"taxonomy":"product_brand","embeddable":true,"href":"https:\/\/emasweden.com\/de\/wp-json\/wp\/v2\/product_brand?post=19038"},{"taxonomy":"product_cat","embeddable":true,"href":"https:\/\/emasweden.com\/de\/wp-json\/wp\/v2\/product_cat?post=19038"},{"taxonomy":"product_tag","embeddable":true,"href":"https:\/\/emasweden.com\/de\/wp-json\/wp\/v2\/product_tag?post=19038"},{"taxonomy":"faste-y","embeddable":true,"href":"https:\/\/emasweden.com\/de\/wp-json\/wp\/v2\/faste-y?post=19038"}],"curies":[{"name":"wp","href":"https:\/\/api.w.org\/{rel}","templated":true}]}}